{"id":24258,"date":"2021-05-21T13:03:29","date_gmt":"2021-05-21T11:03:29","guid":{"rendered":"https:\/\/tisvol.com\/activacion-de-la-garantia-de-5-anos-tisvol\/"},"modified":"2021-05-28T12:33:06","modified_gmt":"2021-05-28T10:33:06","slug":"ativacao-da-garantia-de-5-anos","status":"publish","type":"page","link":"https:\/\/tisvol.com\/pt-pt\/ativacao-da-garantia-de-5-anos\/","title":{"rendered":"Ativa\u00e7\u00e3o da garantia de 5 anos"},"content":{"rendered":"<form action=\"https:\/\/webto.salesforce.com\/servlet\/servlet.WebToLead?encoding=UTF-8\" method=\"POST\" id=\"actgarform\">\n<div><input name=\"oid\" type=\"hidden\" value=\"00D24000000inSF\" \/><\/div>\n<div><input name=\"retURL\" type=\"hidden\" value=\"https:\/\/tisvol.com\/pt-pt\/obrigado-garantia-5-anos\/\" \/><\/div>\n<p><!--NOTA: Estos campos son elementos de depuraci\u00f3n opcionales. Elimine los comentarios de estas l\u00edneas si desea realizar una prueba en el modo de depuraci\u00f3n.--><br \/>\n<!--<input type=\"hidden\" name=\"debug\" value=1>--><br \/>\n<!--<input type=\"hidden\" name=\"debugEmail\" value=\"soporte@konozca.com\">--><\/p>\n<div class=\"clear\">\n<h3><strong>Ativa\u00e7\u00e3o da garantia de 5 anos<\/strong><\/h3>\n<\/div>\n<div>\n<p>&nbsp;<\/p>\n<\/div>\n<div class=\"agf_50_col\">\n<p>N\u00ba de bastidor:<input id=\"00N1o00000JfHeA\" name=\"00N1o00000JfHeA\" size=\"20\" type=\"text\" required\/><\/p>\n<\/div>\n<div class=\"agf_50_col\">\n<p><label for=\"email\">Email 1:<\/label><input id=\"email\" maxlength=\"80\" name=\"email\" size=\"20\" type=\"text\" required\/><\/p>\n<\/div>\n<div class=\"agf_50_col\">\n<p>Email 2:<input id=\"00N1o00000JfHac\" maxlength=\"80\" name=\"00N1o00000JfHac\" size=\"20\" type=\"text\" \/><\/p>\n<\/div>\n<div class=\"agf_50_col\">\n<p>Email 3:<input id=\"00N1o00000JfHah\" maxlength=\"80\" name=\"00N1o00000JfHah\" size=\"20\" type=\"text\" \/><\/p>\n<\/div>\n<div class=\"agf_50_col\">\n<p><label for=\"first_name\">Nome:<\/label><br \/><input id=\"first_name\" maxlength=\"40\" name=\"first_name\" size=\"20\" type=\"text\" required\/><\/p>\n<\/div>\n<div class=\"agf_50_col\">\n<p><label for=\"last_name\">Apelidos:<\/label><br \/><input id=\"last_name\" maxlength=\"80\" name=\"last_name\" size=\"20\" type=\"text\" required\/><\/p>\n<\/div>\n<div class=\"agf_50_col\">\n<p><label for=\"company\">Nome de empresa:<\/label><input id=\"company\" maxlength=\"40\" name=\"company\" size=\"20\" type=\"text\" required\/><\/p>\n<\/div>\n<div class=\"agf_50_col\">\n<p>Fun\u00e7\u00e3o do registador:<select id=\"00N1o00000JfHam\" title=\"Rol del registrador\" name=\"00N1o00000JfHam\" required><option value=\"\">&#8211;Nenhum&#8211;<\/option><option value=\"Decisor\">Decisor<\/option><option value=\"Influenciador\">Influenciador<\/option><option value=\"Conductor\">Condutor<\/option><option value=\"T\u00e9cnico\">T\u00e9cnico<\/option><option value=\"Administrativo\">Administrativo<\/option><\/select><\/p>\n<\/div>\n<div class=\"agf_50_col\">\n<p><label for=\"industry\">Sector:<\/label><br \/>\n<select id=\"industry\" name=\"industry\" required><option value=\"\">&#8211;Nenhum&#8211;<\/option><option value=\"Construcci\u00f3n\">Constru\u00e7\u00e3o<\/option><option value=\"Carb\u00f3n\">Carv\u00e3o<\/option><option value=\"Portuario\">Portu\u00e1rio<\/option><option value=\"Cereal\">Cereal<\/option><option value=\"Residuos\">Res\u00edduos<\/option><option value=\"Palets\">Palets<\/option><option value=\"Otros\">Outros<\/option><option value=\"Multiple\">Multiplo<\/option><\/select><\/p>\n<\/div>\n<div class=\"agf_50_col\">\n<p>N\u00famero de semirreboques basculantes atuais:<input id=\"00N1o00000JfHbQ\" name=\"00N1o00000JfHbQ\" size=\"20\" type=\"text\" required\/><\/p>\n<\/div>\n<div class=\"agf_50_col\">\n<p>Endere\u00e7o Postal:<input id=\"00N1o00000JfHf8\" maxlength=\"255\" name=\"00N1o00000JfHf8\" size=\"20\" type=\"text\" required\/><\/p>\n<\/div>\n<div class=\"agf_50_col\">\n<p>Prov\u00edncia \/ Departamento:<input id=\"00N1o00000JfHfD\" maxlength=\"255\" name=\"00N1o00000JfHfD\" size=\"20\" type=\"text\" required\/><\/p>\n<\/div>\n<div class=\"agf_50_col\">\n<p>Pa\u00eds:<br \/>\n<input id=\"00N1o00000JfHf3\" maxlength=\"255\" name=\"00N1o00000JfHf3\" size=\"20\" type=\"text\" required\/><\/p>\n<\/div>\n<div class=\"agf_50_col\">\n<p>N.\u00ba de Telefone:<input id=\"00N1o00000JfHfI\" maxlength=\"255\" name=\"00N1o00000JfHfI\" size=\"20\" type=\"text\" required\/><\/p>\n<\/div>\n<div class=\"agf_50_col\">\n<p>CIF\/NIF:<input id=\"00N1o00000JfHba\" maxlength=\"15\" name=\"00N1o00000JfHba\" size=\"20\" type=\"text\" required\/><\/p>\n<\/div>\n<div class=\"clear\"><\/div>\n<div class=\"clear\">\n<h3>Preguntas:<\/h3>\n<\/div>\n<div class=\"clear\">\n<p>1.Como conheceu a Tisvol?<\/p>\n<\/div>\n<div class=\"agf_33_col\">\n<p><select id=\"00N1o00000JfHbp\" title=\"C\u00f3mo conociste Tisvol?\" name=\"00N1o00000JfHbp\" required><option value=\"\">&#8211;Ninguno&#8211;<\/option><option value=\"Por medio de otro cliente\">Por meio de outro cliente<\/option><option value=\"Vi un vehiculo Tisvol trabajando\/circulandodo\">Eu vi um ve\u00edculo Tisvol funcionando\/circulando<\/option><option value=\"Por el vendedor\/distribuidor\">Pelo vendedor\/distribuidor<\/option><option value=\"Publicidad\">Publicidade<\/option><option value=\"Google\">Google<\/option><option value=\"Revistas\">Revistas<\/option><option value=\"Facebook\">Facebook<\/option><option value=\"Linkedin\">Linkedin<\/option><option value=\"Exhibiciones\/Ferias\">Exibi\u00e7\u00f5es\/Feiras<\/option><\/select><\/p>\n<\/div>\n<div class=\"clear\"><\/div>\n<div class=\"clear\">\n<p>2. Puntue de 1 al 10 os seguintes aspetos:<\/p>\n<\/div>\n<div class=\"agf_33_col\">\n<p>\u00a0 a. Satisfa\u00e7\u00e3o com o seu vendedor\/distribuidor:<br \/>\n<select id=\"00N1o00000JfHbz\" title=\"Satisfacci\u00f3n con su vendedor\/distrib.\" name=\"00N1o00000JfHbz\" required><option value=\"\">&#8211;Nenhum&#8211;<\/option><option value=\"1\">1<\/option><option value=\"2\">2<\/option><option value=\"3\">3<\/option><option value=\"4\">4<\/option><option value=\"5\">5<\/option><option value=\"6\">6<\/option><option value=\"7\">7<\/option><option value=\"8\">8<\/option><option value=\"9\">9<\/option><option value=\"10\">10<\/option><\/select><\/p>\n<\/div>\n<div class=\"agf_33_col\">\n<p>\u00a0 b. Satisfa\u00e7\u00e3o com a entrega do ve\u00edculo:<br \/>\n<select id=\"00N1o00000JfHcn\" title=\"Satisfacci\u00f3n con la entrega del veh\u00edculo\" name=\"00N1o00000JfHcn\" required><option value=\"\">&#8211;Nenhum&#8211;<\/option><option value=\"1\">1<\/option><option value=\"2\">2<\/option><option value=\"3\">3<\/option><option value=\"4\">4<\/option><option value=\"5\">5<\/option><option value=\"6\">6<\/option><option value=\"7\">7<\/option><option value=\"8\">8<\/option><option value=\"9\">9<\/option><option value=\"10\">10<\/option><\/select><\/p>\n<\/div>\n<div class=\"agf_33_col\">\n<p>\u00a0 c. Satisfa\u00e7\u00e3o com a qualidade do ve\u00edculo:<br \/>\n<select id=\"00N1o00000JfHcs\" title=\"Satisfacci\u00f3n con la calidad del veh\u00edculo\" name=\"00N1o00000JfHcs\" required><option value=\"\">&#8211;Nenhum&#8211;<\/option><option value=\"1\">1<\/option><option value=\"2\">2<\/option><option value=\"3\">3<\/option><option value=\"4\">4<\/option><option value=\"5\">5<\/option><option value=\"6\">6<\/option><option value=\"7\">7<\/option><option value=\"8\">8<\/option><option value=\"9\">9<\/option><option value=\"10\">10<\/option><\/select><\/p>\n<\/div>\n<div class=\"clear\"><\/div>\n<div class=\"clear\">\n<p>3. De 1 a 10, recomendaria a um amigo (NPS):<\/p>\n<\/div>\n<div class=\"agf_33_col\">\n<p><select id=\"00N1o00000JfHd7\" title=\"Del 1 al 10 recomendaci\u00f3n a un amigo\" name=\"00N1o00000JfHd7\" required><option value=\"\">&#8211;Nenhum&#8211;<\/option><option value=\"1\">1<\/option><option value=\"2\">2<\/option><option value=\"3\">3<\/option><option value=\"4\">4<\/option><option value=\"5\">5<\/option><option value=\"6\">6<\/option><option value=\"7\">7<\/option><option value=\"8\">8<\/option><option value=\"9\">9<\/option><option value=\"10\">10<\/option><\/select><\/p>\n<\/div>\n<div class=\"clear\"><\/div>\n<div class=\"clear\">\n<p>4. Qual dos seguintes motivos foi o principal para escolher a Tisvol:<\/p>\n<\/div>\n<div class=\"agf_33_col\">\n<p><select id=\"00N1o00000JfHdv\" title=\"Motivos principales para elegir a Tisvol\" name=\"00N1o00000JfHdv\" required><option value=\"\">&#8211;Nenhum&#8211;<\/option><option value=\"i. Unidad de entrega inmediata\">i. Unidade de entrega imediata<\/option><option value=\"ii. Posibilidad de personalizaci\u00f3n\">ii. Possibilidade de personaliza\u00e7\u00e3o<\/option><option value=\"iii. Precio ajustado\">iii. Pre\u00e7o adequado<\/option><option value=\"iv. Calidad superior\">iv. Qualidade superior<\/option><option value=\"v. Acabados excelentes\">v. Acabamentos excelentes<\/option><option value=\"vi. Confianza en la marca\">vi. Confian\u00e7a na marca<\/option><option value=\"vii. Confianza en el vendedor\/distribuidor\">vii. Confian\u00e7a no vendedor\/distribuidor<\/option><\/select><\/p>\n<\/div>\n<div class=\"clear\"><\/div>\n<div class=\"clear\">\n<p>5. E qual escolheria em segundo lugar?:<\/p>\n<\/div>\n<div class=\"agf_33_col\">\n<p><select id=\"00N1o00000JfHe5\" title=\"Cual elegir\u00eda en segundo lugar?\" name=\"00N1o00000JfHe5\" required><option value=\"\">&#8211;Nenhum&#8211;<\/option><option value=\"i. Unidad de entrega inmediata\">i. Unidade de entrega imediata<\/option><option value=\"ii. Posibilidad de personalizaci\u00f3n\">ii. Possibilidade de personaliza\u00e7\u00e3o<\/option><option value=\"iii. Precio ajustado\">iii. Pre\u00e7o adequado<\/option><option value=\"iv. Calidad superior\">iv. Qualidade superior<\/option><option value=\"v. Acabados excelentes\">v. Acabamentos excelentes<\/option><option value=\"vi. Confianza en la marca\">vi. Confian\u00e7a na marca<\/option><option value=\"vii. Confianza en el vendedor\/distribuidor\">vii. Confian\u00e7a no vendedor\/distribuidor<\/option><\/select><\/p>\n<\/div>\n<div class=\"agf_100_col\">\n<p><input name=\"lead_source\" type=\"hidden\" value=\"Web\" \/><br \/>\n<input id=\"00N1o00000JfHfS\" checked=\"checked\" name=\"00N1o00000JfHfS\" type=\"hidden\" value=\"1\" \/><br \/>\n<input name=\"submit\" type=\"submit\" value=\"Enviar\"><\/p>\n<\/div>\n<\/form>\n","protected":false},"excerpt":{"rendered":"<p>Ativa\u00e7\u00e3o da garantia de 5 anos &nbsp; N\u00ba de bastidor: Email 1: Email 2: Email 3: Nome: Apelidos: Nome de empresa: Fun\u00e7\u00e3o do registador:&#8211;Nenhum&#8211;DecisorInfluenciadorCondutorT\u00e9cnicoAdministrativo Sector: &#8211;Nenhum&#8211;Constru\u00e7\u00e3oCarv\u00e3oPortu\u00e1rioCerealRes\u00edduosPaletsOutrosMultiplo N\u00famero de semirreboques basculantes atuais: Endere\u00e7o Postal: Prov\u00edncia \/ Departamento: Pa\u00eds: N.\u00ba de Telefone: CIF\/NIF: Preguntas: 1.Como conheceu a Tisvol? &#8211;Ninguno&#8211;Por meio de outro clienteEu vi um ve\u00edculo Tisvol [&hellip;]<\/p>\n","protected":false},"author":1,"featured_media":24047,"parent":0,"menu_order":0,"comment_status":"closed","ping_status":"closed","template":"activacion.php","meta":{"_acf_changed":false,"footnotes":""},"class_list":["post-24258","page","type-page","status-publish","has-post-thumbnail","hentry"],"acf":[],"_links":{"self":[{"href":"https:\/\/tisvol.com\/pt-pt\/wp-json\/wp\/v2\/pages\/24258","targetHints":{"allow":["GET"]}}],"collection":[{"href":"https:\/\/tisvol.com\/pt-pt\/wp-json\/wp\/v2\/pages"}],"about":[{"href":"https:\/\/tisvol.com\/pt-pt\/wp-json\/wp\/v2\/types\/page"}],"author":[{"embeddable":true,"href":"https:\/\/tisvol.com\/pt-pt\/wp-json\/wp\/v2\/users\/1"}],"replies":[{"embeddable":true,"href":"https:\/\/tisvol.com\/pt-pt\/wp-json\/wp\/v2\/comments?post=24258"}],"version-history":[{"count":0,"href":"https:\/\/tisvol.com\/pt-pt\/wp-json\/wp\/v2\/pages\/24258\/revisions"}],"wp:featuredmedia":[{"embeddable":true,"href":"https:\/\/tisvol.com\/pt-pt\/wp-json\/wp\/v2\/media\/24047"}],"wp:attachment":[{"href":"https:\/\/tisvol.com\/pt-pt\/wp-json\/wp\/v2\/media?parent=24258"}],"curies":[{"name":"wp","href":"https:\/\/api.w.org\/{rel}","templated":true}]}}