{"id":17611,"date":"2018-07-26T08:35:14","date_gmt":"2018-07-26T08:35:14","guid":{"rendered":"https:\/\/tisvol.com\/exclusividad\/"},"modified":"2019-11-21T09:30:52","modified_gmt":"2019-11-21T09:30:52","slug":"exclusividade","status":"publish","type":"page","link":"https:\/\/tisvol.com\/pt-pt\/como-se-faz\/exclusividade\/","title":{"rendered":"Exclusividade"},"content":{"rendered":"\n<style type=\"text\/css\" data-created_by=\"avia_inline_auto\" id=\"style-css-av-33yw-fe4ace012c6b9c696b8bb8b31f28441a\">\n.avia-section.av-33yw-fe4ace012c6b9c696b8bb8b31f28441a{\nbackground-color:#ffffff;\nbackground-image:unset;\n}\n<\/style>\n<div id='tisvol-tagline'  class='avia-section av-33yw-fe4ace012c6b9c696b8bb8b31f28441a main_color avia-section-default avia-no-border-styling  avia-builder-el-0  el_before_av_section  avia-builder-el-first  avia-bg-style-scroll container_wrap sidebar_right'  ><div class='container av-section-cont-open' ><main  role=\"main\" itemprop=\"mainContentOfPage\"  class='template-page content  av-content-small alpha units'><div class='post-entry post-entry-type-page post-entry-17611'><div class='entry-content-wrapper clearfix'>\n<section  class='av_textblock_section av-jj8pzx7e-f58ee2657ad4a3ea48b2f1ff7d628b0b '   itemscope=\"itemscope\" itemtype=\"https:\/\/schema.org\/CreativeWork\" ><div class='avia_textblock'  itemprop=\"text\" ><h3 style=\"text-align: center;\">Powered by Superior Quality<\/h3>\n<\/div><\/section>\n\n<\/div><\/div><\/main><!-- close content main element --><\/div><\/div>\n<style type=\"text\/css\" data-created_by=\"avia_inline_auto\" id=\"style-css-av-jjtt0w9i-923c8563fa211c8c13fec4480dd34108\">\n.avia-section.av-jjtt0w9i-923c8563fa211c8c13fec4480dd34108 .av-parallax .av-parallax-inner{\nbackground-repeat:no-repeat;\nbackground-image:url(https:\/\/tisvol.com\/wp-content\/uploads\/2019\/05\/dise\u00f1o.jpg);\nbackground-position:50% 0%;\nbackground-attachment:scroll;\n}\n.avia-section.av-jjtt0w9i-923c8563fa211c8c13fec4480dd34108 .av-section-color-overlay{\nopacity:0.7;\nbackground-color:#ffffff;\n}\n<\/style>\n<div id='av_section_2'  class='avia-section av-jjtt0w9i-923c8563fa211c8c13fec4480dd34108 main_color avia-section-default avia-no-border-styling  avia-builder-el-2  el_after_av_section  el_before_av_section  animation-element avia-full-stretch av-parallax-section avia-bg-style-parallax av-section-color-overlay-active av-minimum-height av-minimum-height-50 av-height-50  container_wrap sidebar_right'  data-section-bg-repeat='stretch' data-av_minimum_height_pc='50' data-av_min_height_opt='50'><div class='av-parallax' data-avia-parallax-ratio='0.3' ><div class='av-parallax-inner main_color avia-full-stretch'><\/div><\/div><div class=\"av-section-color-overlay-wrap\"><div class=\"av-section-color-overlay\"><\/div><div class='container av-section-cont-open' ><div class='template-page content  av-content-small alpha units'><div class='post-entry post-entry-type-page post-entry-17611'><div class='entry-content-wrapper clearfix'>\n\n<style type=\"text\/css\" data-created_by=\"avia_inline_auto\" id=\"style-css-av-6dptzv-7dfefcbb0a815d82fab84ae68ec74643\">\n.flex_column.av-6dptzv-7dfefcbb0a815d82fab84ae68ec74643{\nborder-radius:0px 0px 0px 0px;\npadding:0px 0px 0px 0px;\n}\n<\/style>\n<div  class='flex_column av-6dptzv-7dfefcbb0a815d82fab84ae68ec74643 av_one_fourth  avia-builder-el-3  el_before_av_one_half  avia-builder-el-first  first flex_column_div av-zero-column-padding  '     ><\/div>\n<style type=\"text\/css\" data-created_by=\"avia_inline_auto\" id=\"style-css-av-3ji4uz-74a3275799a6b3767de99ee31caf72a2\">\n.flex_column.av-3ji4uz-74a3275799a6b3767de99ee31caf72a2{\nborder-radius:0px 0px 0px 0px;\npadding:0px 0px 0px 0px;\n}\n<\/style>\n<div  class='flex_column av-3ji4uz-74a3275799a6b3767de99ee31caf72a2 av_one_half  avia-builder-el-4  el_after_av_one_fourth  el_before_av_one_fourth  flex_column_div av-zero-column-padding  '     ><section  class='av_textblock_section av-jj8rms6q-e378de6f514244f1a118e0085a2fbc7d '   itemscope=\"itemscope\" itemtype=\"https:\/\/schema.org\/CreativeWork\" ><div class='avia_textblock'  itemprop=\"text\" ><div class=\"tisvol-diagonal\">\n<div><\/div>\n<\/div>\n<h2 class=\"titular-principal\" style=\"text-align: center;\">EXCLUSIVIDADE<\/h2>\n<h4 class=\"subtitular-principal\" style=\"text-align: center;\">&#8211; A NOSSA MANEIRA DE MARCAR A DIFEREN\u00c7A &#8211;<\/h4>\n<div class=\"tisvol-diagonal\">\n<div><\/div>\n<\/div>\n<\/div><\/section><br \/>\n<section  class='av_textblock_section av-jk2a2ljs-4eac413447efd74cd923542fbc3ef9fe '   itemscope=\"itemscope\" itemtype=\"https:\/\/schema.org\/CreativeWork\" ><div class='avia_textblock'  itemprop=\"text\" ><p style=\"text-align: center;\"><span style=\"font-weight: 400;\">Sabemos que a confiabilidade, leveza e rentabilidade s\u00e3o conceitos fundamentais para aqueles que compram os nossos basculantes, e por isso quisemos os fazer \u00e0 prova de falhas, minimizar a tara e permitir aproveitar ao m\u00e1ximo cada viagem com eles.<\/span><\/p>\n<\/div><\/section><\/p><\/div>\n<style type=\"text\/css\" data-created_by=\"avia_inline_auto\" id=\"style-css-av-38697v-7afed35e48f3212abe71b0b6d2d78051\">\n.flex_column.av-38697v-7afed35e48f3212abe71b0b6d2d78051{\nborder-radius:0px 0px 0px 0px;\npadding:0px 0px 0px 0px;\n}\n<\/style>\n<div  class='flex_column av-38697v-7afed35e48f3212abe71b0b6d2d78051 av_one_fourth  avia-builder-el-7  el_after_av_one_half  avia-builder-el-last  flex_column_div av-zero-column-padding  '     ><\/div>\n\n<\/div><\/div><\/div><!-- close content main div --><\/div><\/div><\/div><div id='renovandonos'  class='avia-section av-jjgvfjza-d7029a59e2af802d8b04a24c6923a36a main_color avia-section-default avia-no-border-styling  avia-builder-el-8  el_after_av_section  el_before_av_submenu  gradient-grana border-top-fillet avia-bg-style-scroll av-minimum-height av-minimum-height-custom av-height-custom  container_wrap sidebar_right'   data-av_minimum_height_px='420'><div class='container av-section-cont-open' style='height:420px'><div class='template-page content  av-content-small alpha units'><div class='post-entry post-entry-type-page post-entry-17611'><div class='entry-content-wrapper clearfix'>\n\n<style type=\"text\/css\" data-created_by=\"avia_inline_auto\" id=\"style-css-av-5fsy-4f428072adb752bd4df234841250c4e6\">\n.flex_column.av-5fsy-4f428072adb752bd4df234841250c4e6{\nborder-radius:0px 0px 0px 0px;\npadding:0px 0px 0px 0px;\n}\n<\/style>\n<div  class='flex_column av-5fsy-4f428072adb752bd4df234841250c4e6 av_one_full  avia-builder-el-9  avia-builder-el-no-sibling  first flex_column_div av-zero-column-padding  '     ><section  class='av_textblock_section av-jj8rms6q-bd76de550ec01b29325c9bd44a0927a3 '   itemscope=\"itemscope\" itemtype=\"https:\/\/schema.org\/CreativeWork\" ><div class='avia_textblock somos-capaces'  itemprop=\"text\" ><p style=\"text-align: center;\">Apenas capazes<br \/>\ndo melhor<\/p>\n<\/div><\/section><\/div>\n\n<\/div><\/div><\/div><!-- close content main div --><\/div><\/div><div id='sub_menu1'  class='av-submenu-container av-jqz6x91q-d7622458eff02305cba2ea0313b5a133 socket_color  avia-builder-el-11  el_after_av_section  el_before_av_section  submenu-not-first container_wrap sidebar_right' style='z-index:301' ><div class='container av-menu-mobile-disabled av-submenu-pos-center'><ul id='av-custom-submenu-1' class='av-subnav-menu' role='menu'>\n<li class='menu-item av-av_submenu_item-1c7f45cd732641f5661eb9672953957d menu-item-top-level menu-item-top-level-1' role='menuitem'><a href='#entrega'  ><span class='avia-bullet'><\/span><span class='avia-menu-text'>ENTREGA PERSONALIZADA<\/span><\/a><\/li>\n<li class='menu-item av-av_submenu_item-e6b859527f08ffbeb711b6922d5ab54b menu-item-top-level menu-item-top-level-2' role='menuitem'><a href='#rentabilidad'  ><span class='avia-bullet'><\/span><span class='avia-menu-text'>RENTABILIDADE DOS VE\u00cdCULOS<\/span><\/a><\/li>\n<\/ul><\/div><\/div>\n<div id='entrega'  class='avia-section av-5n1ed8-b9aab9c05beeb92bfbb2e0ce81fde6c9 main_color avia-section-default avia-no-border-styling  avia-builder-el-12  el_after_av_submenu  el_before_av_section  gradient-half-grey-to-white animation-element avia-bg-style-scroll container_wrap sidebar_right'  ><div class='container av-section-cont-open' ><div class='template-page content  av-content-small alpha units'><div class='post-entry post-entry-type-page post-entry-17611'><div class='entry-content-wrapper clearfix'>\n\n<style type=\"text\/css\" data-created_by=\"avia_inline_auto\" id=\"style-css-av-3ngo0s-d4d3ecade494bb31e0cf95ff0cbfbcb8\">\n.flex_column.av-3ngo0s-d4d3ecade494bb31e0cf95ff0cbfbcb8{\nborder-radius:0px 0px 0px 0px;\npadding:0px 0px 0px 0px;\n}\n<\/style>\n<div  class='flex_column av-3ngo0s-d4d3ecade494bb31e0cf95ff0cbfbcb8 av_one_fifth  avia-builder-el-13  el_before_av_three_fifth  avia-builder-el-first  first flex_column_div av-zero-column-padding  '     ><\/div>\n<style type=\"text\/css\" data-created_by=\"avia_inline_auto\" id=\"style-css-av-204e5o-7ccdd0d5b429fb843522f13a3101a4f9\">\n.flex_column.av-204e5o-7ccdd0d5b429fb843522f13a3101a4f9{\nborder-radius:0px 0px 0px 0px;\npadding:0px 0px 0px 0px;\n}\n<\/style>\n<div  class='flex_column av-204e5o-7ccdd0d5b429fb843522f13a3101a4f9 av_three_fifth  avia-builder-el-14  el_after_av_one_fifth  el_before_av_one_fifth  flex_column_div av-zero-column-padding  '     ><section  class='av_textblock_section av-jj8rms6q-e378de6f514244f1a118e0085a2fbc7d '   itemscope=\"itemscope\" itemtype=\"https:\/\/schema.org\/CreativeWork\" ><div class='avia_textblock'  itemprop=\"text\" ><div class=\"tisvol-diagonal\">\n<div><\/div>\n<\/div>\n<h2 class=\"titular-principal\" style=\"text-align: center;\">ENTREGA PERSONALIZADA<\/h2>\n<h4 class=\"subtitular-principal\" style=\"text-align: center;\">&#8211; VE\u00cdCULOS PRONTOS PARA TRABALHAR &#8211;<\/h4>\n<div class=\"tisvol-diagonal\">\n<div><\/div>\n<\/div>\n<\/div><\/section><br \/>\n\n<style type=\"text\/css\" data-created_by=\"avia_inline_auto\" id=\"style-css-av-jk2a4832-c25b0ddef510354a7412e1cd9f41e8ba\">\n#top .hr.hr-invisible.av-jk2a4832-c25b0ddef510354a7412e1cd9f41e8ba{\nheight:30px;\n}\n<\/style>\n<div  class='hr av-jk2a4832-c25b0ddef510354a7412e1cd9f41e8ba hr-invisible  avia-builder-el-16  el_after_av_textblock  el_before_av_textblock '><span class='hr-inner '><span class=\"hr-inner-style\"><\/span><\/span><\/div><br \/>\n<section  class='av_textblock_section av-jk2a2ljs-5c0ae2f2e2a6ecc82f76207dc105127b '   itemscope=\"itemscope\" itemtype=\"https:\/\/schema.org\/CreativeWork\" ><div class='avia_textblock racional'  itemprop=\"text\" ><p style=\"text-align: center;\">Na Tisvol, damos por terminado um ve\u00edculo quando \u00e9 <strong>entregue ao cliente nas nossas instala\u00e7\u00f5es de forma personalizada.<\/strong><\/p>\n<\/div><\/section><br \/>\n<section  class='av_textblock_section av-jk2a2ljs-4eac413447efd74cd923542fbc3ef9fe '   itemscope=\"itemscope\" itemtype=\"https:\/\/schema.org\/CreativeWork\" ><div class='avia_textblock'  itemprop=\"text\" ><p style=\"text-align: center;\">Os nossos respons\u00e1veis da entrega realizam as verifica\u00e7\u00f5es de nivelamento, basculamento e adaptabilidade do seu novo ve\u00edculo ao cami\u00e3o para que tudo corra bem. Desta forma, certificamo-nos de que quando o ve\u00edculo sai da porta, pode funcionar a plena capacidade. Explicamos as caracter\u00edsticas do seu semi-reboque basculante ao cliente, cuidando de todas as poss\u00edveis d\u00favidas operacionais. Por fim, entregamos o manual de manuten\u00e7\u00e3o, documenta\u00e7\u00e3o e certificados necess\u00e1rios.<\/p>\n<\/div><\/section><\/p><\/div>\n<style type=\"text\/css\" data-created_by=\"avia_inline_auto\" id=\"style-css-av-3ngo0s-c9d5b2ae7ab2a01cc4e04ecda23dd78e\">\n.flex_column.av-3ngo0s-c9d5b2ae7ab2a01cc4e04ecda23dd78e{\nborder-radius:0px 0px 0px 0px;\npadding:0px 0px 0px 0px;\n}\n<\/style>\n<div  class='flex_column av-3ngo0s-c9d5b2ae7ab2a01cc4e04ecda23dd78e av_one_fifth  avia-builder-el-19  el_after_av_three_fifth  avia-builder-el-last  flex_column_div av-zero-column-padding  '     ><\/div>\n\n<\/div><\/div><\/div><!-- close content main div --><\/div><\/div>\n<style type=\"text\/css\" data-created_by=\"avia_inline_auto\" id=\"style-css-av-5n1ed8-a9e831acf32b030034ba50b9f2a10ec0\">\n.avia-section.av-5n1ed8-a9e831acf32b030034ba50b9f2a10ec0{\nbackground-repeat:no-repeat;\nbackground-image:url(https:\/\/tisvol.com\/wp-content\/uploads\/2019\/05\/rentabilidad.jpg);\nbackground-position:100% 50%;\nbackground-attachment:scroll;\n}\n.avia-section.av-5n1ed8-a9e831acf32b030034ba50b9f2a10ec0 .av-section-color-overlay{\nopacity:0.9;\nbackground-color:#ffffff;\n}\n<\/style>\n<div id='rentabilidad'  class='avia-section av-5n1ed8-a9e831acf32b030034ba50b9f2a10ec0 main_color avia-section-default avia-no-border-styling  avia-builder-el-20  el_after_av_section  el_before_av_section  border-top-fillet animation-element avia-full-stretch avia-bg-style-scroll av-section-color-overlay-active container_wrap sidebar_right'  data-section-bg-repeat='stretch'><div class=\"av-section-color-overlay-wrap\"><div class=\"av-section-color-overlay\"><\/div><div class='container av-section-cont-open' ><div class='template-page content  av-content-small alpha units'><div class='post-entry post-entry-type-page post-entry-17611'><div class='entry-content-wrapper clearfix'>\n\n<style type=\"text\/css\" data-created_by=\"avia_inline_auto\" id=\"style-css-av-3ngo0s-d4d3ecade494bb31e0cf95ff0cbfbcb8\">\n.flex_column.av-3ngo0s-d4d3ecade494bb31e0cf95ff0cbfbcb8{\nborder-radius:0px 0px 0px 0px;\npadding:0px 0px 0px 0px;\n}\n<\/style>\n<div  class='flex_column av-3ngo0s-d4d3ecade494bb31e0cf95ff0cbfbcb8 av_one_fifth  avia-builder-el-21  el_before_av_three_fifth  avia-builder-el-first  first flex_column_div av-zero-column-padding  '     ><\/div>\n<style type=\"text\/css\" data-created_by=\"avia_inline_auto\" id=\"style-css-av-204e5o-7ccdd0d5b429fb843522f13a3101a4f9\">\n.flex_column.av-204e5o-7ccdd0d5b429fb843522f13a3101a4f9{\nborder-radius:0px 0px 0px 0px;\npadding:0px 0px 0px 0px;\n}\n<\/style>\n<div  class='flex_column av-204e5o-7ccdd0d5b429fb843522f13a3101a4f9 av_three_fifth  avia-builder-el-22  el_after_av_one_fifth  el_before_av_one_fifth  flex_column_div av-zero-column-padding  '     ><section  class='av_textblock_section av-jj8rms6q-e378de6f514244f1a118e0085a2fbc7d '   itemscope=\"itemscope\" itemtype=\"https:\/\/schema.org\/CreativeWork\" ><div class='avia_textblock'  itemprop=\"text\" ><div class=\"tisvol-diagonal\">\n<div><\/div>\n<\/div>\n<h2 class=\"titular-principal\" style=\"text-align: center;\">RENTABILIDADE DOS VE\u00cdCULOS<\/h2>\n<h4 class=\"subtitular-principal\" style=\"text-align: center;\">&#8211; RENTABILIDADE ASSEGURADA PELA MARCA MAIS LEVE DO MERCADO &#8211;<\/h4>\n<div class=\"tisvol-diagonal\">\n<div><\/div>\n<\/div>\n<\/div><\/section><br \/>\n\n<style type=\"text\/css\" data-created_by=\"avia_inline_auto\" id=\"style-css-av-jk2a4832-c25b0ddef510354a7412e1cd9f41e8ba\">\n#top .hr.hr-invisible.av-jk2a4832-c25b0ddef510354a7412e1cd9f41e8ba{\nheight:30px;\n}\n<\/style>\n<div  class='hr av-jk2a4832-c25b0ddef510354a7412e1cd9f41e8ba hr-invisible  avia-builder-el-24  el_after_av_textblock  el_before_av_textblock '><span class='hr-inner '><span class=\"hr-inner-style\"><\/span><\/span><\/div><br \/>\n<section  class='av_textblock_section av-jk2a2ljs-4eac413447efd74cd923542fbc3ef9fe '   itemscope=\"itemscope\" itemtype=\"https:\/\/schema.org\/CreativeWork\" ><div class='avia_textblock'  itemprop=\"text\" ><ul>\n<li><strong>A Tisvol \u00e9 a marca mais ligeira do mercado<\/strong>, por isso melhora a efici\u00eancia de cada transporte para ser capaz de otimizar a carga de cada viagem.<\/li>\n<li><strong>Uma poupan\u00e7a de 250 kg em tara<\/strong>, 2 transportes por dia e 22 dias de trabalho por m\u00eas. Com base nessa suposi\u00e7\u00e3o, a carga transportada aumenta em mais 11.000 kg. E tudo com os mesmos recursos.<\/li>\n<li><strong>Os nossos ve\u00edculos permitir\u00e3o que n\u00e3o pare de cobrar por causa das avarias.<\/strong> Num estudo realizado em 2012, em que foram analisados ve\u00edculos usados de v\u00e1rias marcas e anos de fabrico, podemos objetivamente verificar que:\n<ul>\n<li><strong>A Tisvol \u00e9 a marca mais confi\u00e1vel e representa o maior \u00edndice de rentabilidade<\/strong>. Os ve\u00edculos Tisvol analisados \u200b\u200bn\u00e3o tiveram que parar na oficina devido a causas estruturais ou defeitos de fabrica\u00e7\u00e3o.<\/li>\n<li>No estudo pode-se verificar que <strong>as outras marcas t\u00eam mais problemas mais estruturais<\/strong> do que os nossos ve\u00edculos, alguns deles muito graves, que os tem for\u00e7ado a parar por muito tempo.<\/li>\n<li>Segundo o nosso estudo em que analisamos um per\u00edodo de uma d\u00e9cada, o tempo de inatividade m\u00e9dia para erros de fabrico de outras marcas \u00e9 de 4 a 6 dias superior do que os ve\u00edculos Tisvol.<\/li>\n<li>Muitos dos nossos clientes s\u00e3o trabalhadores independentes e <strong>faturam pelo trabalho feito<\/strong>, assim como algumas das empresas que tamb\u00e9m s\u00e3o clientes da Tisvol. <strong>Um dia de paragem pode causar pesadas perdas<\/strong>, bem como o risco de que outra empresa lhes tire o trabalho, n\u00e3o s\u00f3 nesse dia, mas para sempre.<\/li>\n<li><strong>Um atributo fundamental de um semi-reboque \u00e9 a confiabilidade.<\/strong> Deve ser a ferramenta que torna o seu trabalho rent\u00e1vel, por isso deve estar sempre nas melhores condi\u00e7\u00f5es, n\u00e3o apenas quando \u00e9 estreado.<\/li>\n<li>De acordo com o estudo realizado sobre venda de ve\u00edculos usados, verificou-se que os semi-reboques Tisvol usados vendem-se, em m\u00e9dia, 18% mais r\u00e1pido do que outras marcas. Al\u00e9m disso, a revenda de um Tisvol \u00e9 16% maior que a de outros ve\u00edculos com as mesmas caracter\u00edsticas. Desta forma, <strong>se comprar Tisvol, o pre\u00e7o de revenda ser\u00e1 maior.<\/strong><\/li>\n<\/ul>\n<\/li>\n<\/ul>\n<\/div><\/section><\/p><\/div>\n<style type=\"text\/css\" data-created_by=\"avia_inline_auto\" id=\"style-css-av-3ngo0s-c9d5b2ae7ab2a01cc4e04ecda23dd78e\">\n.flex_column.av-3ngo0s-c9d5b2ae7ab2a01cc4e04ecda23dd78e{\nborder-radius:0px 0px 0px 0px;\npadding:0px 0px 0px 0px;\n}\n<\/style>\n<div  class='flex_column av-3ngo0s-c9d5b2ae7ab2a01cc4e04ecda23dd78e av_one_fifth  avia-builder-el-26  el_after_av_three_fifth  avia-builder-el-last  flex_column_div av-zero-column-padding  '     ><\/div>\n\n<\/div><\/div><\/div><!-- close content main div --><\/div><\/div><\/div>\n<style type=\"text\/css\" data-created_by=\"avia_inline_auto\" id=\"style-css-av-9o9nuz-d97c1009a53cbe3478006872926e8872\">\n.avia-section.av-9o9nuz-d97c1009a53cbe3478006872926e8872{\nbackground-repeat:no-repeat;\nbackground-image:url(https:\/\/tisvol.com\/wp-content\/uploads\/2018\/07\/tisvol-como-se-hace-bg.jpg);\nbackground-position:50% 50%;\nbackground-attachment:scroll;\n}\n.avia-section.av-9o9nuz-d97c1009a53cbe3478006872926e8872 .av-section-color-overlay{\nopacity:0.9;\nbackground-color:#ffffff;\n}\n<\/style>\n<div id='av_section_6'  class='avia-section av-9o9nuz-d97c1009a53cbe3478006872926e8872 main_color avia-section-default avia-no-border-styling  avia-builder-el-27  el_after_av_section  avia-builder-el-last  gradient-overlay avia-full-stretch avia-bg-style-scroll av-section-color-overlay-active container_wrap sidebar_right'  data-section-bg-repeat='stretch'><div class=\"av-section-color-overlay-wrap\"><div class=\"av-section-color-overlay\"><\/div><div class='container av-section-cont-open' ><div class='template-page content  av-content-small alpha units'><div class='post-entry post-entry-type-page post-entry-17611'><div class='entry-content-wrapper clearfix'>\n\n<style type=\"text\/css\" data-created_by=\"avia_inline_auto\" id=\"style-css-av-1uwf2z-2cc67e0256f80101e4014eae9c62c7c5\">\n.flex_column.av-1uwf2z-2cc67e0256f80101e4014eae9c62c7c5{\nborder-radius:0px 0px 0px 0px;\npadding:0px 0px 0px 0px;\n}\n<\/style>\n<div  class='flex_column av-1uwf2z-2cc67e0256f80101e4014eae9c62c7c5 av_one_fifth  avia-builder-el-28  el_before_av_three_fifth  avia-builder-el-first  first flex_column_div av-zero-column-padding  '     ><\/div>\n<style type=\"text\/css\" data-created_by=\"avia_inline_auto\" id=\"style-css-av-6tq6cb-898d1a5c296f34510c04e41945908418\">\n.flex_column.av-6tq6cb-898d1a5c296f34510c04e41945908418{\nborder-radius:0px 0px 0px 0px;\npadding:0px 0px 0px 0px;\n}\n<\/style>\n<div  class='flex_column av-6tq6cb-898d1a5c296f34510c04e41945908418 av_three_fifth  avia-builder-el-29  el_after_av_one_fifth  avia-builder-el-last  flex_column_div av-zero-column-padding  '     ><section  class='av_textblock_section av-jk0tw2iq-c9a83e4542c117f1c04fa5974a1634f8 '   itemscope=\"itemscope\" itemtype=\"https:\/\/schema.org\/CreativeWork\" ><div class='avia_textblock'  itemprop=\"text\" ><div class=\"tisvol-diagonal\">\n<div><\/div>\n<\/div>\n<h3 class=\"titular-estandar\" style=\"text-align: center;\">COMO UM TISVOL \u00c9 CONSTRU\u00cdDO<\/h3>\n<div class=\"tisvol-diagonal\">\n<div><\/div>\n<\/div>\n<\/div><\/section><br \/>\n<section  class='av_textblock_section av-jk0tw2iq-c9a83e4542c117f1c04fa5974a1634f8 '   itemscope=\"itemscope\" itemtype=\"https:\/\/schema.org\/CreativeWork\" ><div class='avia_textblock'  itemprop=\"text\" ><p style=\"text-align: center;\">O processo de constru\u00e7\u00e3o de um Tisvol inclui mais de 40 rob\u00f4s que fazem parte do processo de produ\u00e7\u00e3o, mais de 4km de soldagem por unidade e mais de 1.000 parafusos.<\/p>\n<p style=\"text-align: center;\">Uma automatiza\u00e7\u00e3o de mais de 85% do processo de soldagem em todas as suas juntas para obter um n\u00edvel m\u00e1ximo de qualidade e uma garantia que o processo manual n\u00e3o pode sustentar ao longo do tempo. As esta\u00e7\u00f5es de soldagem est\u00e3o automatizadas com rob\u00f4s de 3 ou 5 eixos, equipados com a mais alta tecnologia em CNC.<\/p>\n<p style=\"text-align: center;\">Toda essa montagem automatizada nasce do sonho dos fundadores, da vis\u00e3o da dire\u00e7\u00e3o e da execu\u00e7\u00e3o de toda a equipa humana que forma a Tisvol, e n\u00e3o se deve esquecer esse toque artesanal, o saber fazer do nosso pessoal, com muitos anos de experi\u00eancia, aplicados em cada ve\u00edculo. Surpreenda-se sabendo como um Tisvol \u00e9 constru\u00eddo:<\/p>\n<p style=\"text-align: center;\">[<a style=\"color: #fff; text-decoration: underline;\" href=\"https:\/\/tisvol.com\/pt-pt\/como-se-faz\/\">[+ Info sobre o sistema de constru\u00e7\u00e3o na Tisvol]<\/a>]<\/p>\n<\/div><\/section><\/p><\/div>\n<\/div><\/div><\/div><!-- close content main div --><\/div><\/div><\/div><div id='after_section_6'  class='main_color av_default_container_wrap container_wrap sidebar_right'  ><div class='container av-section-cont-open' ><div class='template-page content  av-content-small alpha units'><div class='post-entry post-entry-type-page post-entry-17611'><div class='entry-content-wrapper clearfix'>\n","protected":false},"excerpt":{"rendered":"","protected":false},"author":1,"featured_media":0,"parent":17645,"menu_order":0,"comment_status":"closed","ping_status":"closed","template":"","meta":{"_acf_changed":false,"footnotes":""},"class_list":["post-17611","page","type-page","status-publish","hentry"],"acf":[],"_links":{"self":[{"href":"https:\/\/tisvol.com\/pt-pt\/wp-json\/wp\/v2\/pages\/17611","targetHints":{"allow":["GET"]}}],"collection":[{"href":"https:\/\/tisvol.com\/pt-pt\/wp-json\/wp\/v2\/pages"}],"about":[{"href":"https:\/\/tisvol.com\/pt-pt\/wp-json\/wp\/v2\/types\/page"}],"author":[{"embeddable":true,"href":"https:\/\/tisvol.com\/pt-pt\/wp-json\/wp\/v2\/users\/1"}],"replies":[{"embeddable":true,"href":"https:\/\/tisvol.com\/pt-pt\/wp-json\/wp\/v2\/comments?post=17611"}],"version-history":[{"count":0,"href":"https:\/\/tisvol.com\/pt-pt\/wp-json\/wp\/v2\/pages\/17611\/revisions"}],"up":[{"embeddable":true,"href":"https:\/\/tisvol.com\/pt-pt\/wp-json\/wp\/v2\/pages\/17645"}],"wp:attachment":[{"href":"https:\/\/tisvol.com\/pt-pt\/wp-json\/wp\/v2\/media?parent=17611"}],"curies":[{"name":"wp","href":"https:\/\/api.w.org\/{rel}","templated":true}]}}