{"id":24257,"date":"2021-05-21T13:03:29","date_gmt":"2021-05-21T11:03:29","guid":{"rendered":"https:\/\/tisvol.com\/activacion-de-la-garantia-de-5-anos-tisvol\/"},"modified":"2021-05-28T12:32:15","modified_gmt":"2021-05-28T10:32:15","slug":"aktywacja-5-letniej-gwarancji","status":"publish","type":"page","link":"https:\/\/tisvol.com\/pl\/aktywacja-5-letniej-gwarancji\/","title":{"rendered":"Aktywacja 5-letniej gwarancji"},"content":{"rendered":"<form action=\"https:\/\/webto.salesforce.com\/servlet\/servlet.WebToLead?encoding=UTF-8\" method=\"POST\" id=\"actgarform\">\n<div><input name=\"oid\" type=\"hidden\" value=\"00D24000000inSF\" \/><\/div>\n<div><input name=\"retURL\" type=\"hidden\" value=\"https:\/\/tisvol.com\/pl\/dzieki-gwarancja-x5\/\" \/><\/div>\n<p><!--NOTA: Estos campos son elementos de depuraci\u00f3n opcionales. Elimine los comentarios de estas l\u00edneas si desea realizar una prueba en el modo de depuraci\u00f3n.--><br \/>\n<!--<input type=\"hidden\" name=\"debug\" value=1>--><br \/>\n<!--<input type=\"hidden\" name=\"debugEmail\" value=\"soporte@konozca.com\">--><\/p>\n<div class=\"clear\">\n<h3><strong>Aktywacja 5-letniej gwarancji<\/strong><\/h3>\n<\/div>\n<div>\n<p>&nbsp;<\/p>\n<\/div>\n<div class=\"agf_50_col\">\n<p>Nr identyfikacyjny pojazdu:<input id=\"00N1o00000JfHeA\" name=\"00N1o00000JfHeA\" size=\"20\" type=\"text\" required\/><\/p>\n<\/div>\n<div class=\"agf_50_col\">\n<p><label for=\"email\">Email 1:<\/label><input id=\"email\" maxlength=\"80\" name=\"email\" size=\"20\" type=\"text\" required\/><\/p>\n<\/div>\n<div class=\"agf_50_col\">\n<p>Email 2:<input id=\"00N1o00000JfHac\" maxlength=\"80\" name=\"00N1o00000JfHac\" size=\"20\" type=\"text\" \/><\/p>\n<\/div>\n<div class=\"agf_50_col\">\n<p>Email 3:<input id=\"00N1o00000JfHah\" maxlength=\"80\" name=\"00N1o00000JfHah\" size=\"20\" type=\"text\" \/><\/p>\n<\/div>\n<div class=\"agf_50_col\">\n<p><label for=\"first_name\">Imi\u0119:<\/label><br \/><input id=\"first_name\" maxlength=\"40\" name=\"first_name\" size=\"20\" type=\"text\" required\/><\/p>\n<\/div>\n<div class=\"agf_50_col\">\n<p><label for=\"last_name\">Nazwisko:<\/label><input id=\"last_name\" maxlength=\"80\" name=\"last_name\" size=\"20\" type=\"text\" required\/><\/p>\n<\/div>\n<div class=\"agf_50_col\">\n<p><label for=\"company\">Nazwa firmy:<\/label><input id=\"company\" maxlength=\"40\" name=\"company\" size=\"20\" type=\"text\" required\/><\/p>\n<\/div>\n<div class=\"agf_50_col\">\n<p>Rola rejestratora:<select id=\"00N1o00000JfHam\" title=\"Rol del registrador\" name=\"00N1o00000JfHam\" required><option value=\"\">&#8211;\u017baden&#8211;<\/option><option value=\"Decisor\">Decydent<\/option><option value=\"Influenciador\">Influencer<\/option><option value=\"Conductor\">Kierowca<\/option><option value=\"T\u00e9cnico\">Personel techniczny<\/option><option value=\"Administrativo\">Personel administracyjny<\/option><\/select><\/p>\n<\/div>\n<div class=\"agf_50_col\">\n<p><label for=\"industry\">Sektor:<\/label><br \/>\n<select id=\"industry\" name=\"industry\" required><option value=\"\">&#8211;\u017baden&#8211;<\/option><option value=\"Construcci\u00f3n\">Budownictwo<\/option><option value=\"Carb\u00f3n\">W\u0119glowy<\/option><option value=\"Portuario\">Portowy<\/option><option value=\"Cereal\">Zb\u00f3\u017c<\/option><option value=\"Residuos\">Odpad\u00f3w<\/option><option value=\"Palets\">Palet<\/option><option value=\"Otros\">Inne<\/option><option value=\"Multiple\">Wieloraki<\/option><\/select><\/p>\n<\/div>\n<div class=\"agf_50_col\">\n<p>Numer aktualnych naczep wywrotek:<input id=\"00N1o00000JfHbQ\" name=\"00N1o00000JfHbQ\" size=\"20\" type=\"text\" required\/><\/p>\n<\/div>\n<div class=\"agf_50_col\">\n<p>Adres:<br \/><input id=\"00N1o00000JfHf8\" maxlength=\"255\" name=\"00N1o00000JfHf8\" size=\"20\" type=\"text\" required\/><\/p>\n<\/div>\n<div class=\"agf_50_col\">\n<p>Prowincja \/ Departament:<input id=\"00N1o00000JfHfD\" maxlength=\"255\" name=\"00N1o00000JfHfD\" size=\"20\" type=\"text\" required\/><\/p>\n<\/div>\n<div class=\"agf_50_col\">\n<p>Kraj:<br \/><input id=\"00N1o00000JfHf3\" maxlength=\"255\" name=\"00N1o00000JfHf3\" size=\"20\" type=\"text\" required\/><\/p>\n<\/div>\n<div class=\"agf_50_col\">\n<p>Nr telefonu:<input id=\"00N1o00000JfHfI\" maxlength=\"255\" name=\"00N1o00000JfHfI\" size=\"20\" type=\"text\" required\/><\/p>\n<\/div>\n<div class=\"agf_50_col\">\n<p>NIP:<BR \/><input id=\"00N1o00000JfHba\" maxlength=\"15\" name=\"00N1o00000JfHba\" size=\"20\" type=\"text\" required\/><\/p>\n<\/div>\n<div class=\"clear\"><\/div>\n<div class=\"clear\">\n<h3>Pytania:<\/h3>\n<\/div>\n<div class=\"clear\">\n<p>1. Jak pozna\u0142e\u015b Tisvol?:<\/p>\n<\/div>\n<div class=\"agf_33_col\">\n<p><select id=\"00N1o00000JfHbp\" title=\"C\u00f3mo conociste Tisvol?\" name=\"00N1o00000JfHbp\" required><option value=\"\">&#8211;\u017baden&#8211;<\/option><option value=\"Por medio de otro cliente\">Za pomoc\u0105 innego klienta<\/option><option value=\"Vi un vehiculo Tisvol trabajando\/circulandodo\">Widzia\u0142em pojazd Tisvol pracuj\u0105cy\/kr\u0105\u017c\u0105cy<\/option><option value=\"Por el vendedor\/distribuidor\">Przez sprzedawc\u0119\/dystrybutora<\/option><option value=\"Publicidad\">Reklama<\/option><option value=\"Google\">Google<\/option><option value=\"Revistas\">Czasopisma<\/option><option value=\"Facebook\">Facebook<\/option><option value=\"Linkedin\">Linkedin<\/option><option value=\"Exhibiciones\/Ferias\">Wystawy\/targi<\/option><\/select><\/p>\n<\/div>\n<div class=\"clear\"><\/div>\n<div class=\"clear\">\n<p>2. Nast\u0119puj\u0105ce aspekty:<\/p>\n<\/div>\n<div class=\"agf_33_col\">\n<p>\u00a0 a. Zadowolenie ze sprzedawcy\/dystrybutora:<br \/>\n<select id=\"00N1o00000JfHbz\" title=\"Satisfacci\u00f3n con su vendedor\/distrib.\" name=\"00N1o00000JfHbz\" required><option value=\"\">&#8211;\u017baden&#8211;<\/option><option value=\"1\">1<\/option><option value=\"2\">2<\/option><option value=\"3\">3<\/option><option value=\"4\">4<\/option><option value=\"5\">5<\/option><option value=\"6\">6<\/option><option value=\"7\">7<\/option><option value=\"8\">8<\/option><option value=\"9\">9<\/option><option value=\"10\">10<\/option><\/select><\/p>\n<\/div>\n<div class=\"agf_33_col\">\n<p>\u00a0 b. Zadowolenie z dostarczenia pojazdu:<br \/>\n<select id=\"00N1o00000JfHcn\" title=\"Satisfacci\u00f3n con la entrega del veh\u00edculo\" name=\"00N1o00000JfHcn\" required><option value=\"\">&#8211;\u017baden&#8211;<\/option><option value=\"1\">1<\/option><option value=\"2\">2<\/option><option value=\"3\">3<\/option><option value=\"4\">4<\/option><option value=\"5\">5<\/option><option value=\"6\">6<\/option><option value=\"7\">7<\/option><option value=\"8\">8<\/option><option value=\"9\">9<\/option><option value=\"10\">10<\/option><\/select><\/p>\n<\/div>\n<div class=\"agf_33_col\">\n<p>\u00a0 c. Zadowolenie z jako\u015bci pojazdu:<br \/>\n<select id=\"00N1o00000JfHcs\" title=\"Satisfacci\u00f3n con la calidad del veh\u00edculo\" name=\"00N1o00000JfHcs\" required><option value=\"\">&#8211;\u017baden&#8211;<\/option><option value=\"1\">1<\/option><option value=\"2\">2<\/option><option value=\"3\">3<\/option><option value=\"4\">4<\/option><option value=\"5\">5<\/option><option value=\"6\">6<\/option><option value=\"7\">7<\/option><option value=\"8\">8<\/option><option value=\"9\">9<\/option><option value=\"10\">10<\/option><\/select><\/p>\n<\/div>\n<div class=\"clear\"><\/div>\n<div class=\"clear\">\n<p>3. Od 1 do 10 na ile prawdopodobne jest, \u017ce polecisz nas swoim znajomym?:<\/p>\n<\/div>\n<div class=\"agf_33_col\">\n<p><select id=\"00N1o00000JfHd7\" title=\"Del 1 al 10 recomendaci\u00f3n a un amigo\" name=\"00N1o00000JfHd7\" required><option value=\"\">&#8211;\u017baden&#8211;<\/option><option value=\"1\">1<\/option><option value=\"2\">2<\/option><option value=\"3\">3<\/option><option value=\"4\">4<\/option><option value=\"5\">5<\/option><option value=\"6\">6<\/option><option value=\"7\">7<\/option><option value=\"8\">8<\/option><option value=\"9\">9<\/option><option value=\"10\">10<\/option><\/select><\/p>\n<\/div>\n<div class=\"clear\"><\/div>\n<div class=\"clear\">\n<p>4. Jaki by\u0142 g\u0142\u00f3wny pow\u00f3d wybrania Tisvol?:<\/p>\n<\/div>\n<div class=\"agf_33_col\">\n<p><select id=\"00N1o00000JfHdv\" title=\"Motivos principales para elegir a Tisvol\" name=\"00N1o00000JfHdv\" required><option value=\"\">&#8211;\u017baden&#8211;<\/option><option value=\"i. Unidad de entrega inmediata\">i. Natychmiastowa dostawa jednostki<\/option><option value=\"ii. Posibilidad de personalizaci\u00f3n\">ii. Mo\u017cliwo\u015b\u0107 personalizacji<\/option><option value=\"iii. Precio ajustado\">iii. Obni\u017cona cena<\/option><option value=\"iv. Calidad superior\">iv. Wysoka jako\u015b\u0107<\/option><option value=\"v. Acabados excelentes\">v. Doskona\u0142e wyko\u0144czenia<\/option><option value=\"vi. Confianza en la marca\">vi. Zaufanie do marki<\/option><option value=\"vii. Confianza en el vendedor\/distribuidor\">vii. Zaufanie do sprzedawcy\/dystrybutora<\/option><\/select><\/p>\n<\/div>\n<div class=\"clear\"><\/div>\n<div class=\"clear\">\n<p>5. I kt\u00f3ry wybra\u0142by\u015b jako drugi pow\u00f3d?:<\/p>\n<\/div>\n<div class=\"agf_33_col\">\n<p><select id=\"00N1o00000JfHe5\" title=\"Cual elegir\u00eda en segundo lugar?\" name=\"00N1o00000JfHe5\" required><option value=\"\">&#8211;\u017baden&#8211;<\/option><option value=\"i. Unidad de entrega inmediata\">i. Natychmiastowa dostawa jednostki<\/option><option value=\"ii. Posibilidad de personalizaci\u00f3n\">ii. Mo\u017cliwo\u015b\u0107 personalizacji<\/option><option value=\"iii. Precio ajustado\">iii. Obni\u017cona cena<\/option><option value=\"iv. Calidad superior\">iv. Wysoka jako\u015b\u0107<\/option><option value=\"v. Acabados excelentes\">v. Doskona\u0142e wyko\u0144czenia<\/option><option value=\"vi. Confianza en la marca\">vi. Zaufanie do marki<\/option><option value=\"vii. Confianza en el vendedor\/distribuidor\">vii. Zaufanie do sprzedawcy\/dystrybutora<\/option><\/select><\/p>\n<\/div>\n<div class=\"agf_100_col\">\n<p><input name=\"lead_source\" type=\"hidden\" value=\"Web\" \/><br \/>\n<input id=\"00N1o00000JfHfS\" checked=\"checked\" name=\"00N1o00000JfHfS\" type=\"hidden\" value=\"1\" \/><br \/>\n<input name=\"submit\" type=\"submit\" value=\"Wys\u0142a\u0107\"><\/p>\n<\/div>\n<\/form>\n","protected":false},"excerpt":{"rendered":"<p>Aktywacja 5-letniej gwarancji &nbsp; Nr identyfikacyjny pojazdu: Email 1: Email 2: Email 3: Imi\u0119: Nazwisko: Nazwa firmy: Rola rejestratora:&#8211;\u017baden&#8211;DecydentInfluencerKierowcaPersonel technicznyPersonel administracyjny Sektor: &#8211;\u017baden&#8211;BudownictwoW\u0119glowyPortowyZb\u00f3\u017cOdpad\u00f3wPaletInneWieloraki Numer aktualnych naczep wywrotek: Adres: Prowincja \/ Departament: Kraj: Nr telefonu: NIP: Pytania: 1. Jak pozna\u0142e\u015b Tisvol?: &#8211;\u017baden&#8211;Za pomoc\u0105 innego klientaWidzia\u0142em pojazd Tisvol pracuj\u0105cy\/kr\u0105\u017c\u0105cyPrzez sprzedawc\u0119\/dystrybutoraReklamaGoogleCzasopismaFacebookLinkedinWystawy\/targi 2. Nast\u0119puj\u0105ce aspekty: \u00a0 a. Zadowolenie ze [&hellip;]<\/p>\n","protected":false},"author":1,"featured_media":24046,"parent":0,"menu_order":0,"comment_status":"closed","ping_status":"closed","template":"activacion.php","meta":{"_acf_changed":false,"footnotes":""},"class_list":["post-24257","page","type-page","status-publish","has-post-thumbnail","hentry"],"acf":[],"_links":{"self":[{"href":"https:\/\/tisvol.com\/pl\/wp-json\/wp\/v2\/pages\/24257","targetHints":{"allow":["GET"]}}],"collection":[{"href":"https:\/\/tisvol.com\/pl\/wp-json\/wp\/v2\/pages"}],"about":[{"href":"https:\/\/tisvol.com\/pl\/wp-json\/wp\/v2\/types\/page"}],"author":[{"embeddable":true,"href":"https:\/\/tisvol.com\/pl\/wp-json\/wp\/v2\/users\/1"}],"replies":[{"embeddable":true,"href":"https:\/\/tisvol.com\/pl\/wp-json\/wp\/v2\/comments?post=24257"}],"version-history":[{"count":0,"href":"https:\/\/tisvol.com\/pl\/wp-json\/wp\/v2\/pages\/24257\/revisions"}],"wp:featuredmedia":[{"embeddable":true,"href":"https:\/\/tisvol.com\/pl\/wp-json\/wp\/v2\/media\/24046"}],"wp:attachment":[{"href":"https:\/\/tisvol.com\/pl\/wp-json\/wp\/v2\/media?parent=24257"}],"curies":[{"name":"wp","href":"https:\/\/api.w.org\/{rel}","templated":true}]}}