{"id":16909,"date":"2018-07-24T10:39:10","date_gmt":"2018-07-24T10:39:10","guid":{"rendered":"https:\/\/tisvol.com\/tecnologia-de-basculacion\/"},"modified":"2019-10-14T11:35:11","modified_gmt":"2019-10-14T11:35:11","slug":"technologia-wywrotu","status":"publish","type":"page","link":"https:\/\/tisvol.com\/pl\/jak-to-sie-robi\/technologia-wywrotu\/","title":{"rendered":"Technologia Wywrotu"},"content":{"rendered":"\n<style type=\"text\/css\" data-created_by=\"avia_inline_auto\" id=\"style-css-av-33yw-fe4ace012c6b9c696b8bb8b31f28441a\">\n.avia-section.av-33yw-fe4ace012c6b9c696b8bb8b31f28441a{\nbackground-color:#ffffff;\nbackground-image:unset;\n}\n<\/style>\n<div id='tisvol-tagline'  class='avia-section av-33yw-fe4ace012c6b9c696b8bb8b31f28441a main_color avia-section-default avia-no-border-styling  avia-builder-el-0  el_before_av_layout_row  avia-builder-el-first  avia-bg-style-scroll container_wrap sidebar_right'  ><div class='container av-section-cont-open' ><main  role=\"main\" itemprop=\"mainContentOfPage\"  class='template-page content  av-content-small alpha units'><div class='post-entry post-entry-type-page post-entry-16909'><div class='entry-content-wrapper clearfix'>\n<section  class='av_textblock_section av-jj8pzx7e-f58ee2657ad4a3ea48b2f1ff7d628b0b '   itemscope=\"itemscope\" itemtype=\"https:\/\/schema.org\/CreativeWork\" ><div class='avia_textblock'  itemprop=\"text\" ><h3 style=\"text-align: center;\">Powered by Superior Quality<\/h3>\n<\/div><\/section>\n\n<\/div><\/div><\/main><!-- close content main element --><\/div><\/div><div id='single-content-page-header'  class='av-layout-grid-container av-jtitiy8i-cb8224d08fbce2acdbc5f32c5bf0df2e entry-content-wrapper main_color av-flex-cells  avia-builder-el-2  el_after_av_section  el_before_av_section  gradient-half-grey-to-white animation-element grid-row-not-first  container_wrap sidebar_right'  >\n\n<style type=\"text\/css\" data-created_by=\"avia_inline_auto\" id=\"style-css-av-jtitklia-003a38b7a28449caea4e2c8d204017e2\">\n.flex_cell.av-jtitklia-003a38b7a28449caea4e2c8d204017e2{\nvertical-align:middle;\nheight:480px;\nmin-height:480px;\n}\n.responsive #top #wrap_all .flex_cell.av-jtitklia-003a38b7a28449caea4e2c8d204017e2{\npadding:0px 0px 0px 0px !important;\n}\n<\/style>\n<div class='flex_cell av-jtitklia-003a38b7a28449caea4e2c8d204017e2 av-gridrow-cell av_one_half no_margin  avia-builder-el-3  el_before_av_cell_one_half  avia-builder-el-first  content-align-middle av-zero-padding avia-full-contain'  ><div class='flex_cell_inner'><p>\n<style type=\"text\/css\" data-created_by=\"avia_inline_auto\" id=\"style-css-av-jvnpr5es-f5be4f9126da9405d604a68434a92ed0\">\n#top .hr.hr-invisible.av-jvnpr5es-f5be4f9126da9405d604a68434a92ed0{\nheight:30px;\n}\n<\/style>\n<div  class='hr av-jvnpr5es-f5be4f9126da9405d604a68434a92ed0 hr-invisible  avia-builder-el-4  el_before_av_one_full  avia-builder-el-first '><span class='hr-inner '><span class=\"hr-inner-style\"><\/span><\/span><\/div><br \/>\n\n<style type=\"text\/css\" data-created_by=\"avia_inline_auto\" id=\"style-css-av-1y9y0p-659967d3e94ffbd9c96fa4453fc050c6\">\n.flex_column.av-1y9y0p-659967d3e94ffbd9c96fa4453fc050c6{\nborder-radius:0px 0px 0px 0px;\npadding:0px 0px 0px 0px;\n}\n<\/style>\n<div  class='flex_column av-1y9y0p-659967d3e94ffbd9c96fa4453fc050c6 av_one_full  avia-builder-el-5  el_after_av_hr  el_before_av_hr  first flex_column_div av-zero-column-padding  '     ><section  class='av_textblock_section av-jj8rms6q-e378de6f514244f1a118e0085a2fbc7d '   itemscope=\"itemscope\" itemtype=\"https:\/\/schema.org\/CreativeWork\" ><div class='avia_textblock'  itemprop=\"text\" ><div class=\"tisvol-diagonal\">\n<div><\/div>\n<\/div>\n<h2 class=\"titular-principal\" style=\"text-align: center;\">TECHNOLOGIA WYWROTU<\/h2>\n<h4 class=\"subtitular-principal\" style=\"text-align: center;\">&#8211; NAJLEPSZA TECHNOLOGIA ZAPEWNIAJ\u0104CA WSPANIA\u0141E DO\u015aWIADCZENIA &#8211;<\/h4>\n<div class=\"tisvol-diagonal\">\n<div><\/div>\n<\/div>\n<\/div><\/section><\/div>\n<style type=\"text\/css\" data-created_by=\"avia_inline_auto\" id=\"style-css-av-jvnpr5es-f5be4f9126da9405d604a68434a92ed0\">\n#top .hr.hr-invisible.av-jvnpr5es-f5be4f9126da9405d604a68434a92ed0{\nheight:30px;\n}\n<\/style>\n<div  class='hr av-jvnpr5es-f5be4f9126da9405d604a68434a92ed0 hr-invisible  avia-builder-el-7  el_after_av_one_full  avia-builder-el-last '><span class='hr-inner '><span class=\"hr-inner-style\"><\/span><\/span><\/div><\/p>\n<\/div><\/div>\n<style type=\"text\/css\" data-created_by=\"avia_inline_auto\" id=\"style-css-av-jtitmk5z-df3a7ee46944d34a21805ecfc4b86057\">\n.flex_cell.av-jtitmk5z-df3a7ee46944d34a21805ecfc4b86057{\nvertical-align:middle;\nheight:480px;\nmin-height:480px;\nbackground:url(https:\/\/tisvol.com\/wp-content\/uploads\/2019\/05\/basculacion.jpg) 100% 50% no-repeat scroll ;\n}\n.responsive #top #wrap_all .flex_cell.av-jtitmk5z-df3a7ee46944d34a21805ecfc4b86057{\npadding:0px 0px 0px 0px !important;\n}\n<\/style>\n<div class='flex_cell av-jtitmk5z-df3a7ee46944d34a21805ecfc4b86057 av-gridrow-cell av_one_half no_margin  avia-builder-el-8  el_after_av_cell_one_half  avia-builder-el-last  content-align-middle av-zero-padding avia-full-contain'  ><div class='flex_cell_inner'><\/div><\/div><\/div><div id='av_section_2'  class='avia-section av-jjgvfjza-c5bc987cde34257f1f917bacf71ab137 main_color avia-section-default avia-no-border-styling  avia-builder-el-9  el_after_av_layout_row  el_before_av_section  gradient-grana border-top-fillet avia-bg-style-scroll av-minimum-height av-minimum-height-custom av-height-custom  container_wrap sidebar_right'   data-av_minimum_height_px='420'><div class='container av-section-cont-open' style='height:420px'><div class='template-page content  av-content-small alpha units'><div class='post-entry post-entry-type-page post-entry-16909'><div class='entry-content-wrapper clearfix'>\n\n<style type=\"text\/css\" data-created_by=\"avia_inline_auto\" id=\"style-css-av-5fsy-4f428072adb752bd4df234841250c4e6\">\n.flex_column.av-5fsy-4f428072adb752bd4df234841250c4e6{\nborder-radius:0px 0px 0px 0px;\npadding:0px 0px 0px 0px;\n}\n<\/style>\n<div  class='flex_column av-5fsy-4f428072adb752bd4df234841250c4e6 av_one_fifth  avia-builder-el-10  el_before_av_three_fifth  avia-builder-el-first  first flex_column_div av-zero-column-padding  '     ><\/div>\n<style type=\"text\/css\" data-created_by=\"avia_inline_auto\" id=\"style-css-av-5fsy-f3c4f10f742777c86419bf6e7430934f\">\n.flex_column.av-5fsy-f3c4f10f742777c86419bf6e7430934f{\nborder-radius:0px 0px 0px 0px;\npadding:0px 0px 0px 0px;\n}\n<\/style>\n<div  class='flex_column av-5fsy-f3c4f10f742777c86419bf6e7430934f av_three_fifth  avia-builder-el-11  el_after_av_one_fifth  el_before_av_one_fifth  flex_column_div av-zero-column-padding  '     ><section  class='av_textblock_section av-jj8rms6q-bd76de550ec01b29325c9bd44a0927a3 '   itemscope=\"itemscope\" itemtype=\"https:\/\/schema.org\/CreativeWork\" ><div class='avia_textblock somos-capaces'  itemprop=\"text\" ><p style=\"text-align: center;\">Gwarantujemy maksymalne<br \/>\nbezpiecze\u0144stwo<\/p>\n<\/div><\/section><\/div>\n<style type=\"text\/css\" data-created_by=\"avia_inline_auto\" id=\"style-css-av-5fsy-f3c4f10f742777c86419bf6e7430934f\">\n.flex_column.av-5fsy-f3c4f10f742777c86419bf6e7430934f{\nborder-radius:0px 0px 0px 0px;\npadding:0px 0px 0px 0px;\n}\n<\/style>\n<div  class='flex_column av-5fsy-f3c4f10f742777c86419bf6e7430934f av_one_fifth  avia-builder-el-13  el_after_av_three_fifth  avia-builder-el-last  flex_column_div av-zero-column-padding  '     ><\/div><\/div><\/div><\/div><!-- close content main div --><\/div><\/div>\n<style type=\"text\/css\" data-created_by=\"avia_inline_auto\" id=\"style-css-av-jrusewh6-3db8473777437d94731f0b831bf02ece\">\n.avia-section.av-jrusewh6-3db8473777437d94731f0b831bf02ece{\nbackground-repeat:no-repeat;\nbackground-image:url(https:\/\/tisvol.com\/wp-content\/uploads\/2019\/03\/tisvol-solid_basculacion-1.jpg);\nbackground-position:100% 50%;\nbackground-attachment:scroll;\n}\n#top .avia-section.av-jrusewh6-3db8473777437d94731f0b831bf02ece .scroll-down-link{\ncolor:#6b6b6b;\n}\n#top .avia-section.av-jrusewh6-3db8473777437d94731f0b831bf02ece .scroll-down-link.avia-svg-icon svg:first-child{\nstroke:#6b6b6b;\nfill:#6b6b6b;\n}\n<\/style>\n<div id='carrocerias-tisvol'  class='avia-section av-jrusewh6-3db8473777437d94731f0b831bf02ece main_color avia-section-large avia-no-shadow  avia-builder-el-14  el_after_av_section  el_before_av_section  animation-element image-from-right border-top-fillet avia-full-contain avia-bg-style-scroll av-minimum-height av-minimum-height-100 av-height-100  container_wrap sidebar_right'  data-section-bg-repeat='contain' data-av_minimum_height_pc='100' data-av_min_height_opt='100'><div class=\"av-section-color-overlay-wrap\"><a href='#next-section' title='' class='scroll-down-link av-custom-scroll-down-color avia-svg-icon avia-font-svg_entypo-fontello' data-av_svg_icon='down-open-mini' data-av_iconset='svg_entypo-fontello'><svg version=\"1.1\" xmlns=\"http:\/\/www.w3.org\/2000\/svg\" width=\"15\" height=\"32\" viewBox=\"0 0 15 32\" preserveAspectRatio=\"xMidYMid meet\" aria-labelledby='av-svg-title-1' aria-describedby='av-svg-desc-1' role=\"graphics-symbol\" aria-hidden=\"true\">\n<title id='av-svg-title-1'>Scroll to next section<\/title>\n<desc id='av-svg-desc-1'>Scroll to next section<\/desc>\n<path d=\"M12.96 12.16q0.704-0.832 1.536 0 0.832 0.704 0 1.536l-6.272 6.144q-0.704 0.704-1.536 0l-6.272-6.144q-0.832-0.832 0-1.536 0.768-0.768 1.6 0l5.44 4.992z\"><\/path>\n<\/svg><\/a><div class='container av-section-cont-open' ><div class='template-page content  av-content-small alpha units'><div class='post-entry post-entry-type-page post-entry-16909'><div class='entry-content-wrapper clearfix'>\n<div class='flex_column_table av-3zju-04915b3049bc889a3b8bd879afbb6a15 sc-av_one_half av-equal-height-column-flextable'>\n<style type=\"text\/css\" data-created_by=\"avia_inline_auto\" id=\"style-css-av-3zju-04915b3049bc889a3b8bd879afbb6a15\">\n.flex_column.av-3zju-04915b3049bc889a3b8bd879afbb6a15{\nborder-radius:0px 0px 0px 0px;\npadding:30px 30px 30px 30px;\nbackground-color:rgba(255,255,255,0.85);\n}\n<\/style>\n<div  class='flex_column av-3zju-04915b3049bc889a3b8bd879afbb6a15 av_one_half  avia-builder-el-15  el_before_av_one_half  avia-builder-el-first  animation-element first no_margin flex_column_table_cell av-equal-height-column av-align-top  '     ><section  class='av_textblock_section av-jjzijvlr-8fd12ab25be9521be479acde33e03210 '   itemscope=\"itemscope\" itemtype=\"https:\/\/schema.org\/CreativeWork\" ><div class='avia_textblock especificaciones appear-from-left'  itemprop=\"text\" ><h4>Zawieszenie z niezale\u017cnymi obwodami<\/h4>\n<p>Instalacja zawieszenia z niezale\u017cnymi obwodami jest jedyn\u0105, kt\u00f3ra gwarantuje maksymalne bezpiecze\u0144stwo w momencie pochylenia.<br \/>\nJako eksperci w dziedzinie wywrotek wiemy, \u017ce jest to najlepszy spos\u00f3b na rozwijanie naszych produkt\u00f3w.<\/p>\n<h4>Podczas roz\u0142adunku, im ni\u017cej, tym bezpieczniej<\/h4>\n<p>Dlatego nasi in\u017cynierowie pomy\u015bleli o usuni\u0119ciu powietrza z poduszek i stworzyli system TSV: Obni\u017cenie \u015brodka ci\u0119\u017cko\u015bci zwi\u0119ksza stabilno\u015b\u0107 i maksymalizuje bezpiecze\u0144stwo roz\u0142adunku.<\/p>\n<h4>Wymagamy od siebie zapewnienia bezpiecze\u0144stwa<\/h4>\n<p>Dlatego u\u017cywamy wy\u0142\u0105cznie cylindra Hyva179. Standardowo o zwi\u0119kszonej \u015brednicy we wszystkich jednostkach Tisvol powy\u017cej 9.500 mm.<\/p>\n<h4>Maksymalna niezawodno\u015b\u0107<\/h4>\n<p>Nie potrzebuj\u0105c konserwacji, nasze wsporniki cylindr\u00f3w Hyva bez smarownic zwi\u0119kszaj\u0105 swoj\u0105 niezawodno\u015b\u0107.<\/p>\n<h4>Nowy projekt uk\u0142adu wy\u0142\u0105cznika kra\u0144cowego<\/h4>\n<p>My\u015bl\u0105c o najbardziej wymagaj\u0105cych \u015brodowiskach pracy, przeprojektowali\u015bmy nasz system wy\u0142\u0105cznika kra\u0144cowego i zwi\u0119kszyli\u015bmy jego skuteczno\u015b\u0107.<\/p>\n<h4>Ci\u015bnienie<\/h4>\n<p>Poprzez dystrybutor lub bezpo\u015brednio z cylindra do zespo\u0142u hydraulicznego, wed\u0142ug \u017cyczenia klienta.<\/p>\n<h4>Niezale\u017cny zesp\u00f3\u0142 wywrotki<\/h4>\n<p>B\u0119dziesz m\u00f3g\u0142 dokona\u0107 roz\u0142adunku, gdy zesp\u00f3\u0142 hydrauliczny ci\u0105gnika nie dzia\u0142a dzi\u0119ki autonomicznemu wyposa\u017ceniu zainstalowanemu wywrotce.<\/p>\n<\/div><\/section><\/div>\n<style type=\"text\/css\" data-created_by=\"avia_inline_auto\" id=\"style-css-av-3zju-c251d8e853e7b6ccb0b729e92df5784a\">\n.flex_column.av-3zju-c251d8e853e7b6ccb0b729e92df5784a{\nborder-radius:0px 0px 0px 0px;\npadding:30px 30px 30px 30px;\n}\n<\/style>\n<div  class='flex_column av-3zju-c251d8e853e7b6ccb0b729e92df5784a av_one_half  avia-builder-el-17  el_after_av_one_half  avia-builder-el-last  animation-element no_margin flex_column_table_cell av-equal-height-column av-align-top  '     ><\/div><\/div><!--close column table wrapper. Autoclose: 1 --><\/div><\/div><\/div><!-- close content main div --><\/div><\/div><\/div>\n<style type=\"text\/css\" data-created_by=\"avia_inline_auto\" id=\"style-css-av-9o9nuz-592bd37fc9ed85f16e28c2603f514aea\">\n.avia-section.av-9o9nuz-592bd37fc9ed85f16e28c2603f514aea{\nbackground-repeat:no-repeat;\nbackground-image:url(https:\/\/tisvol.com\/wp-content\/uploads\/2018\/07\/tisvol-como-se-hace-bg.jpg);\nbackground-position:50% 50%;\nbackground-attachment:scroll;\n}\n.avia-section.av-9o9nuz-592bd37fc9ed85f16e28c2603f514aea .av-section-color-overlay{\nopacity:0.9;\nbackground-color:#ffffff;\n}\n<\/style>\n<div id='av_section_4'  class='avia-section av-9o9nuz-592bd37fc9ed85f16e28c2603f514aea main_color avia-section-default avia-no-border-styling  avia-builder-el-18  el_after_av_section  avia-builder-el-last  gradient-overlay border-top-fillet avia-full-stretch avia-bg-style-scroll av-section-color-overlay-active container_wrap sidebar_right'  data-section-bg-repeat='stretch'><div class=\"av-section-color-overlay-wrap\"><div class=\"av-section-color-overlay\"><\/div><div class='container av-section-cont-open' ><div class='template-page content  av-content-small alpha units'><div class='post-entry post-entry-type-page post-entry-16909'><div class='entry-content-wrapper clearfix'>\n\n<style type=\"text\/css\" data-created_by=\"avia_inline_auto\" id=\"style-css-av-1uwf2z-2cc67e0256f80101e4014eae9c62c7c5\">\n.flex_column.av-1uwf2z-2cc67e0256f80101e4014eae9c62c7c5{\nborder-radius:0px 0px 0px 0px;\npadding:0px 0px 0px 0px;\n}\n<\/style>\n<div  class='flex_column av-1uwf2z-2cc67e0256f80101e4014eae9c62c7c5 av_one_fifth  avia-builder-el-19  el_before_av_three_fifth  avia-builder-el-first  first flex_column_div av-zero-column-padding  '     ><\/div>\n<style type=\"text\/css\" data-created_by=\"avia_inline_auto\" id=\"style-css-av-6tq6cb-898d1a5c296f34510c04e41945908418\">\n.flex_column.av-6tq6cb-898d1a5c296f34510c04e41945908418{\nborder-radius:0px 0px 0px 0px;\npadding:0px 0px 0px 0px;\n}\n<\/style>\n<div  class='flex_column av-6tq6cb-898d1a5c296f34510c04e41945908418 av_three_fifth  avia-builder-el-20  el_after_av_one_fifth  avia-builder-el-last  flex_column_div av-zero-column-padding  '     ><section  class='av_textblock_section av-jk0tw2iq-c9a83e4542c117f1c04fa5974a1634f8 '   itemscope=\"itemscope\" itemtype=\"https:\/\/schema.org\/CreativeWork\" ><div class='avia_textblock'  itemprop=\"text\" ><div class=\"tisvol-diagonal\">\n<div><\/div>\n<\/div>\n<h3 class=\"titular-estandar\" style=\"text-align: center;\">JAK POWSTAJE TISVOL<\/h3>\n<div class=\"tisvol-diagonal\">\n<div><\/div>\n<\/div>\n<\/div><\/section><br \/>\n<section  class='av_textblock_section av-jk0tw2iq-c9a83e4542c117f1c04fa5974a1634f8 '   itemscope=\"itemscope\" itemtype=\"https:\/\/schema.org\/CreativeWork\" ><div class='avia_textblock'  itemprop=\"text\" ><p style=\"text-align: center;\"><strong>W procesie konstrukcji pojazdu Tisvol uczestniczy ponad 40 robot\u00f3w, kt\u00f3re s\u0105 cz\u0119\u015bci\u0105 procesu produkcji, ponad 4 km zgrzew\u00f3w na sztuk\u0119 i ponad 1.000 \u015brub.<\/strong><\/p>\n<p style=\"text-align: center;\">Automatyzacja procesu spawania powy\u017cej 85% we wszystkich po\u0142\u0105czeniach, aby uzyska\u0107 maksymalny poziom jako\u015bci oraz tempo, kt\u00f3rego nie zapewni proces r\u0119czny. Stacje spawalnicze s\u0105 zautomatyzowane, posiadaj\u0105 3 lub 5-osiowe roboty wyposa\u017cone w najwy\u017csz\u0105 technologi\u0119 CNC.<\/p>\n<p style=\"text-align: center;\">Zautomatyzowany monta\u017c narodzi\u0142 si\u0119 z marze\u0144 za\u0142o\u017cycieli, z wizji dyrekcji oraz z zaanga\u017cowania ca\u0142ego zespo\u0142u ludzkiego firmy Tisvol, ale nie nale\u017cy zapomina\u0107 o duchu rzemios\u0142a, wiedzy naszego personelu, wielu latach do\u015bwiadcze\u0144, kt\u00f3re wykorzystujemy produkuj\u0105c ka\u017cdy pojazd. <strong>Daj si\u0119 zaskoczy\u0107 i zobacz, jak powstaje pojazd marki Tisvol:<\/strong><\/p>\n<p style=\"text-align: center;\">[<a style=\"color: #fff; text-decoration: underline;\" href=\"https:\/\/tisvol.com\/pl\/como-se-hace\/\">Wi\u0119cej informacji o systemie konstrukcyjnym w Tisvol<\/a>]<\/p>\n<\/div><\/section><\/p><\/div>\n<\/div><\/div><\/div><!-- close content main div --><\/div><\/div><\/div><div id='after_section_4'  class='main_color av_default_container_wrap container_wrap sidebar_right'  ><div class='container av-section-cont-open' ><div class='template-page content  av-content-small alpha units'><div class='post-entry post-entry-type-page post-entry-16909'><div class='entry-content-wrapper clearfix'><\/p>\n","protected":false},"excerpt":{"rendered":"","protected":false},"author":1,"featured_media":0,"parent":16917,"menu_order":0,"comment_status":"closed","ping_status":"closed","template":"","meta":{"_acf_changed":false,"footnotes":""},"class_list":["post-16909","page","type-page","status-publish","hentry"],"acf":[],"_links":{"self":[{"href":"https:\/\/tisvol.com\/pl\/wp-json\/wp\/v2\/pages\/16909","targetHints":{"allow":["GET"]}}],"collection":[{"href":"https:\/\/tisvol.com\/pl\/wp-json\/wp\/v2\/pages"}],"about":[{"href":"https:\/\/tisvol.com\/pl\/wp-json\/wp\/v2\/types\/page"}],"author":[{"embeddable":true,"href":"https:\/\/tisvol.com\/pl\/wp-json\/wp\/v2\/users\/1"}],"replies":[{"embeddable":true,"href":"https:\/\/tisvol.com\/pl\/wp-json\/wp\/v2\/comments?post=16909"}],"version-history":[{"count":0,"href":"https:\/\/tisvol.com\/pl\/wp-json\/wp\/v2\/pages\/16909\/revisions"}],"up":[{"embeddable":true,"href":"https:\/\/tisvol.com\/pl\/wp-json\/wp\/v2\/pages\/16917"}],"wp:attachment":[{"href":"https:\/\/tisvol.com\/pl\/wp-json\/wp\/v2\/media?parent=16909"}],"curies":[{"name":"wp","href":"https:\/\/api.w.org\/{rel}","templated":true}]}}