{"id":16901,"date":"2018-07-24T11:27:23","date_gmt":"2018-07-24T11:27:23","guid":{"rendered":"https:\/\/tisvol.com\/calidad-superior\/"},"modified":"2019-10-08T10:46:44","modified_gmt":"2019-10-08T10:46:44","slug":"najwyzsza-jakosc","status":"publish","type":"page","link":"https:\/\/tisvol.com\/pl\/jak-to-sie-robi\/najwyzsza-jakosc\/","title":{"rendered":"Najwy\u017csza jako\u015b\u0107"},"content":{"rendered":"\n<style type=\"text\/css\" data-created_by=\"avia_inline_auto\" id=\"style-css-av-33yw-fe4ace012c6b9c696b8bb8b31f28441a\">\n.avia-section.av-33yw-fe4ace012c6b9c696b8bb8b31f28441a{\nbackground-color:#ffffff;\nbackground-image:unset;\n}\n<\/style>\n<div id='tisvol-tagline'  class='avia-section av-33yw-fe4ace012c6b9c696b8bb8b31f28441a main_color avia-section-default avia-no-border-styling  avia-builder-el-0  el_before_av_section  avia-builder-el-first  avia-bg-style-scroll container_wrap sidebar_right'  ><div class='container av-section-cont-open' ><main  role=\"main\" itemprop=\"mainContentOfPage\"  class='template-page content  av-content-small alpha units'><div class='post-entry post-entry-type-page post-entry-16901'><div class='entry-content-wrapper clearfix'>\n<section  class='av_textblock_section av-jj8pzx7e-f58ee2657ad4a3ea48b2f1ff7d628b0b '   itemscope=\"itemscope\" itemtype=\"https:\/\/schema.org\/CreativeWork\" ><div class='avia_textblock'  itemprop=\"text\" ><h3 style=\"text-align: center;\">Powered by Superior Quality<\/h3>\n<\/div><\/section>\n\n<\/div><\/div><\/main><!-- close content main element --><\/div><\/div><div id='renovandonos'  class='avia-section av-jjgvfjza-d7029a59e2af802d8b04a24c6923a36a main_color avia-section-default avia-no-border-styling  avia-builder-el-2  el_after_av_section  el_before_av_submenu  gradient-grana border-top-fillet avia-bg-style-scroll av-minimum-height av-minimum-height-custom av-height-custom  container_wrap sidebar_right'   data-av_minimum_height_px='420'><div class='container av-section-cont-open' style='height:420px'><div class='template-page content  av-content-small alpha units'><div class='post-entry post-entry-type-page post-entry-16901'><div class='entry-content-wrapper clearfix'>\n\n<style type=\"text\/css\" data-created_by=\"avia_inline_auto\" id=\"style-css-av-5fsy-4f428072adb752bd4df234841250c4e6\">\n.flex_column.av-5fsy-4f428072adb752bd4df234841250c4e6{\nborder-radius:0px 0px 0px 0px;\npadding:0px 0px 0px 0px;\n}\n<\/style>\n<div  class='flex_column av-5fsy-4f428072adb752bd4df234841250c4e6 av_one_fifth  avia-builder-el-3  el_before_av_three_fifth  avia-builder-el-first  first flex_column_div av-zero-column-padding  '     ><\/div>\n<style type=\"text\/css\" data-created_by=\"avia_inline_auto\" id=\"style-css-av-5fsy-f3c4f10f742777c86419bf6e7430934f\">\n.flex_column.av-5fsy-f3c4f10f742777c86419bf6e7430934f{\nborder-radius:0px 0px 0px 0px;\npadding:0px 0px 0px 0px;\n}\n<\/style>\n<div  class='flex_column av-5fsy-f3c4f10f742777c86419bf6e7430934f av_three_fifth  avia-builder-el-4  el_after_av_one_fifth  el_before_av_one_fifth  flex_column_div av-zero-column-padding  '     ><section  class='av_textblock_section av-jj8rms6q-bd76de550ec01b29325c9bd44a0927a3 '   itemscope=\"itemscope\" itemtype=\"https:\/\/schema.org\/CreativeWork\" ><div class='avia_textblock somos-capaces'  itemprop=\"text\" ><p style=\"text-align: center;\">Oferujemy tylko<br \/>\nnajwy\u017csz\u0105 jako\u015b\u0107<\/p>\n<\/div><\/section><\/div>\n<style type=\"text\/css\" data-created_by=\"avia_inline_auto\" id=\"style-css-av-5fsy-f3c4f10f742777c86419bf6e7430934f\">\n.flex_column.av-5fsy-f3c4f10f742777c86419bf6e7430934f{\nborder-radius:0px 0px 0px 0px;\npadding:0px 0px 0px 0px;\n}\n<\/style>\n<div  class='flex_column av-5fsy-f3c4f10f742777c86419bf6e7430934f av_one_fifth  avia-builder-el-6  el_after_av_three_fifth  avia-builder-el-last  flex_column_div av-zero-column-padding  '     ><\/div><\/div><\/div><\/div><!-- close content main div --><\/div><\/div><div id='sub_menu1'  class='av-submenu-container av-jqz6x91q-d7622458eff02305cba2ea0313b5a133 socket_color  avia-builder-el-7  el_after_av_section  el_before_av_layout_row  submenu-not-first container_wrap sidebar_right' style='z-index:301' ><div class='container av-menu-mobile-disabled av-submenu-pos-center'><ul id='av-custom-submenu-1' class='av-subnav-menu' role='menu'>\n<li class='menu-item av-av_submenu_item-6623c191f1fd97bc3b522616f28eda67 menu-item-top-level menu-item-top-level-1' role='menuitem'><a href='#calidad'  ><span class='avia-bullet'><\/span><span class='avia-menu-text'>KONTROLA JAKO\u015aCI<\/span><\/a><\/li>\n<li class='menu-item av-av_submenu_item-53e5ce565dd21daca89a1299311d5141 menu-item-top-level menu-item-top-level-2' role='menuitem'><a href='#seguridad'  ><span class='avia-bullet'><\/span><span class='avia-menu-text'>BEZPIECZE\u0143STWO<\/span><\/a><\/li>\n<li class='menu-item av-av_submenu_item-685039b04d28f4741b2dfc6150c5b0d2 menu-item-top-level menu-item-top-level-3' role='menuitem'><a href='#certificados'  ><span class='avia-bullet'><\/span><span class='avia-menu-text'>OFICJALNE CERTYFIKATY<\/span><\/a><\/li>\n<\/ul><\/div><\/div><\/p>\n<div id='calidad'  class='av-layout-grid-container av-jqz6ck3d-2524b752947f442e8b5adf9527edbbdf entry-content-wrapper main_color av-flex-cells  avia-builder-el-8  el_after_av_submenu  el_before_av_layout_row  av-cell-min-height av-cell-min-height-75 grid-row-not-first  container_wrap sidebar_right'   data-av_minimum_height_pc='75'>\n\n<style type=\"text\/css\" data-created_by=\"avia_inline_auto\" id=\"style-css-av-jqz6bste-531d8a0c6335ff39d09839ebab47b6fa\">\n.flex_cell.av-jqz6bste-531d8a0c6335ff39d09839ebab47b6fa{\nvertical-align:middle;\n}\n.responsive #top #wrap_all .flex_cell.av-jqz6bste-531d8a0c6335ff39d09839ebab47b6fa{\npadding:5% 10% 5% 10% !important;\n}\n<\/style>\n<div class='flex_cell av-jqz6bste-531d8a0c6335ff39d09839ebab47b6fa av-gridrow-cell av_one_half no_margin  avia-builder-el-9  el_before_av_cell_one_half  avia-builder-el-first  tisvol-tagline gradient-half-grey-to-white content-align-middle avia-full-contain'  ><div class='flex_cell_inner'><div class='flex_column_table av-204e5o-62ece2bab4d4c10234440ac7a833fa6e sc-av_one_full av-equal-height-column-flextable'>\n<style type=\"text\/css\" data-created_by=\"avia_inline_auto\" id=\"style-css-av-204e5o-62ece2bab4d4c10234440ac7a833fa6e\">\n.flex_column.av-204e5o-62ece2bab4d4c10234440ac7a833fa6e{\nborder-radius:0px 0px 0px 0px;\npadding:0px 0px 0px 0px;\n}\n<\/style>\n<div  class='flex_column av-204e5o-62ece2bab4d4c10234440ac7a833fa6e av_one_full  avia-builder-el-10  avia-builder-el-no-sibling  animation-element first flex_column_table_cell av-equal-height-column av-align-middle av-zero-column-padding  '     ><section  class='av_textblock_section av-jj8rms6q-e378de6f514244f1a118e0085a2fbc7d '   itemscope=\"itemscope\" itemtype=\"https:\/\/schema.org\/CreativeWork\" ><div class='avia_textblock'  itemprop=\"text\" ><div class=\"tisvol-diagonal\">\n<div><\/div>\n<\/div>\n<h2 class=\"titular-principal\" style=\"text-align: center;\">KONTROLA JAKO\u015aCI<\/h2>\n<h4 class=\"subtitular-principal\" style=\"text-align: center;\">&#8211; GWARANTOWANA KONTROLA JAKO\u015aCI 52 PUNKT\u00d3W KO\u0143COWYCH &#8211;<\/h4>\n<div class=\"tisvol-diagonal\">\n<div><\/div>\n<\/div>\n<\/div><\/section><br \/>\n\n<style type=\"text\/css\" data-created_by=\"avia_inline_auto\" id=\"style-css-av-jk2a4832-c25b0ddef510354a7412e1cd9f41e8ba\">\n#top .hr.hr-invisible.av-jk2a4832-c25b0ddef510354a7412e1cd9f41e8ba{\nheight:30px;\n}\n<\/style>\n<div  class='hr av-jk2a4832-c25b0ddef510354a7412e1cd9f41e8ba hr-invisible  avia-builder-el-12  el_after_av_textblock  el_before_av_textblock '><span class='hr-inner '><span class=\"hr-inner-style\"><\/span><\/span><\/div><br \/>\n<section  class='av_textblock_section av-jk2a2ljs-4eac413447efd74cd923542fbc3ef9fe '   itemscope=\"itemscope\" itemtype=\"https:\/\/schema.org\/CreativeWork\" ><div class='avia_textblock'  itemprop=\"text\" ><p style=\"text-align: center;\"><strong>Przed dostaw\u0105 nasi in\u017cynierowie poddaj\u0105 ka\u017cdy pojazd rygorystycznej kontroli jako\u015bci<\/strong>.<\/p>\n<\/div><\/section><br \/>\n<section  class='av_textblock_section av-jk2a2ljs-4eac413447efd74cd923542fbc3ef9fe '   itemscope=\"itemscope\" itemtype=\"https:\/\/schema.org\/CreativeWork\" ><div class='avia_textblock'  itemprop=\"text\" ><p style=\"text-align: center;\">Sprawdzaj\u0105 kart\u0119 produkcji, weryfikuj\u0105 og\u00f3ln\u0105 charakterystyk\u0119, zastosowane materia\u0142y i komponenty. Nast\u0119pnie smarowane s\u0105 punkty przegubowe; sprawdzane jest prawid\u0142owe dzia\u0142anie drzwi, plandeki, zderzaka i wywrotu; sprawdza si\u0119, czy obw\u00f3d pneumatyczny nie ma nieszczelno\u015bci; i wreszcie przeprowadzana jest kontrola wzrokowa wszystkich spoin.<\/p>\n<p style=\"text-align: center;\"><strong>Wszystko musi by\u0107 w idealnym stanie!<\/strong><\/p>\n<\/div><\/section><\/p><\/div><\/div><!--close column table wrapper. Autoclose: 1 -->\n<\/div><\/div>\n<style type=\"text\/css\" data-created_by=\"avia_inline_auto\" id=\"style-css-av-jqz6bste-8b9408e6ef0c806cb1444679c46003ff\">\n.flex_cell.av-jqz6bste-8b9408e6ef0c806cb1444679c46003ff{\nvertical-align:middle;\nbackground:url(https:\/\/tisvol.com\/wp-content\/uploads\/2019\/05\/control-calidad.jpg) 50% 50% no-repeat scroll ;\n}\n.responsive #top #wrap_all .flex_cell.av-jqz6bste-8b9408e6ef0c806cb1444679c46003ff{\npadding:10% 5% 10% 5% !important;\n}\n<\/style>\n<div class='flex_cell av-jqz6bste-8b9408e6ef0c806cb1444679c46003ff av-gridrow-cell av_one_half no_margin  avia-builder-el-15  el_after_av_cell_one_half  avia-builder-el-last  content-align-middle avia-full-stretch'  ><div class='flex_cell_inner'><\/div><\/div><\/div><div id='seguridad'  class='av-layout-grid-container av-jqz6ck3d-51176747f62a01d0253ccbe5d4f26940 entry-content-wrapper main_color av-flex-cells  avia-builder-el-16  el_after_av_layout_row  el_before_av_section  av-cell-min-height av-cell-min-height-75 grid-row-not-first  container_wrap sidebar_right'   data-av_minimum_height_pc='75'>\n\n<style type=\"text\/css\" data-created_by=\"avia_inline_auto\" id=\"style-css-av-jqz6bste-d8c02384cb5f2ddcee2022c68e88e9cb\">\n.flex_cell.av-jqz6bste-d8c02384cb5f2ddcee2022c68e88e9cb{\nvertical-align:middle;\nbackground:url(https:\/\/tisvol.com\/wp-content\/uploads\/2019\/05\/seguridad.jpg) 50% 50% no-repeat scroll ;\n}\n.responsive #top #wrap_all .flex_cell.av-jqz6bste-d8c02384cb5f2ddcee2022c68e88e9cb{\npadding:5% 10% 5% 10% !important;\n}\n<\/style>\n<div class='flex_cell av-jqz6bste-d8c02384cb5f2ddcee2022c68e88e9cb av-gridrow-cell av_one_half no_margin  avia-builder-el-17  el_before_av_cell_one_half  avia-builder-el-first  content-align-middle avia-full-stretch'  ><div class='flex_cell_inner'><\/div><\/div>\n<style type=\"text\/css\" data-created_by=\"avia_inline_auto\" id=\"style-css-av-jqz6bste-52e9b26234c835204a53d7b2145aace2\">\n.flex_cell.av-jqz6bste-52e9b26234c835204a53d7b2145aace2{\nvertical-align:middle;\n}\n.responsive #top #wrap_all .flex_cell.av-jqz6bste-52e9b26234c835204a53d7b2145aace2{\npadding:5% 10% 5% 10% !important;\n}\n<\/style>\n<div class='flex_cell av-jqz6bste-52e9b26234c835204a53d7b2145aace2 av-gridrow-cell av_one_half no_margin  avia-builder-el-18  el_after_av_cell_one_half  avia-builder-el-last  tisvol-tagline gradient-half-white-to-grey content-align-middle avia-full-contain'  ><div class='flex_cell_inner'>\n<style type=\"text\/css\" data-created_by=\"avia_inline_auto\" id=\"style-css-av-204e5o-7a6fbaf0f034d23b85a395cfae7b50e2\">\n.flex_column.av-204e5o-7a6fbaf0f034d23b85a395cfae7b50e2{\nborder-radius:0px 0px 0px 0px;\npadding:0px 0px 0px 0px;\n}\n<\/style>\n<div  class='flex_column av-204e5o-7a6fbaf0f034d23b85a395cfae7b50e2 av_one_full  avia-builder-el-19  avia-builder-el-no-sibling  animation-element first flex_column_div av-zero-column-padding  '     ><section  class='av_textblock_section av-jj8rms6q-e378de6f514244f1a118e0085a2fbc7d '   itemscope=\"itemscope\" itemtype=\"https:\/\/schema.org\/CreativeWork\" ><div class='avia_textblock'  itemprop=\"text\" ><div class=\"tisvol-diagonal\">\n<div><\/div>\n<\/div>\n<h2 class=\"titular-principal\" style=\"text-align: center;\">BEZPIECZE\u0143STWO<\/h2>\n<h4 class=\"subtitular-principal\" style=\"text-align: center;\">&#8211; PODCZAS JAZDY, ZA\u0141ADUNKU I ROZ\u0141ADUNKU &#8211;<\/h4>\n<div class=\"tisvol-diagonal\">\n<div><\/div>\n<\/div>\n<\/div><\/section><br \/>\n\n<style type=\"text\/css\" data-created_by=\"avia_inline_auto\" id=\"style-css-av-jk2a4832-c25b0ddef510354a7412e1cd9f41e8ba\">\n#top .hr.hr-invisible.av-jk2a4832-c25b0ddef510354a7412e1cd9f41e8ba{\nheight:30px;\n}\n<\/style>\n<div  class='hr av-jk2a4832-c25b0ddef510354a7412e1cd9f41e8ba hr-invisible  avia-builder-el-21  el_after_av_textblock  el_before_av_textblock '><span class='hr-inner '><span class=\"hr-inner-style\"><\/span><\/span><\/div><br \/>\n<section  class='av_textblock_section av-jk2a2ljs-5c0ae2f2e2a6ecc82f76207dc105127b '   itemscope=\"itemscope\" itemtype=\"https:\/\/schema.org\/CreativeWork\" ><div class='avia_textblock racional'  itemprop=\"text\" ><p style=\"text-align: center;\"><strong>Poniewa\u017c jednym z filar\u00f3w Tisvol jest bezpiecze\u0144stwo.<\/strong><\/p>\n<\/div><\/section><br \/>\n<section  class='av_textblock_section av-jk2a2ljs-4eac413447efd74cd923542fbc3ef9fe '   itemscope=\"itemscope\" itemtype=\"https:\/\/schema.org\/CreativeWork\" ><div class='avia_textblock'  itemprop=\"text\" ><p style=\"text-align: center;\">Wszystko ma swoj\u0105 przyczyn\u0119, a bezpiecze\u0144stwo pozwala zapobiega\u0107.<\/p>\n<p style=\"text-align: center;\">Szeroko\u015b\u0107 1.400 mm gwarantuje doskona\u0142\u0105 stabilno\u015b\u0107. I tak nasze pojazdy s\u0105 mniej wra\u017cliwe na ruch \u0142adunku podczas jazdy i wywrotu, co sprawia, \u017ce oba procesy s\u0105 wygodniejsze i bezpieczniejsze.<\/p>\n<\/div><\/section><\/p><\/div>\n<\/div><\/div><\/div><div id='certificados'  class='avia-section av-2948zl-72c0b6f8b823b5885148becd83c88d7c main_color avia-section-large avia-no-border-styling  avia-builder-el-24  el_after_av_layout_row  avia-builder-el-last  avia-bg-style-scroll av-minimum-height av-minimum-height-75 av-height-75  container_wrap sidebar_right'   data-av_minimum_height_pc='75' data-av_min_height_opt='75'><div class='container av-section-cont-open' ><div class='template-page content  av-content-small alpha units'><div class='post-entry post-entry-type-page post-entry-16901'><div class='entry-content-wrapper clearfix'>\n\n<style type=\"text\/css\" data-created_by=\"avia_inline_auto\" id=\"style-css-av-3ngo0s-d4d3ecade494bb31e0cf95ff0cbfbcb8\">\n.flex_column.av-3ngo0s-d4d3ecade494bb31e0cf95ff0cbfbcb8{\nborder-radius:0px 0px 0px 0px;\npadding:0px 0px 0px 0px;\n}\n<\/style>\n<div  class='flex_column av-3ngo0s-d4d3ecade494bb31e0cf95ff0cbfbcb8 av_one_fifth  avia-builder-el-25  el_before_av_three_fifth  avia-builder-el-first  first flex_column_div av-zero-column-padding  '     ><\/div>\n<style type=\"text\/css\" data-created_by=\"avia_inline_auto\" id=\"style-css-av-204e5o-b46930294d2d19f29b813ef7e1e2400b\">\n.flex_column.av-204e5o-b46930294d2d19f29b813ef7e1e2400b{\nborder-radius:0px 0px 0px 0px;\npadding:0px 0px 0px 0px;\n}\n<\/style>\n<div  class='flex_column av-204e5o-b46930294d2d19f29b813ef7e1e2400b av_three_fifth  avia-builder-el-26  el_after_av_one_fifth  el_before_av_one_fifth  animation-element flex_column_div av-zero-column-padding  '     ><section  class='av_textblock_section av-jj8rms6q-e378de6f514244f1a118e0085a2fbc7d '   itemscope=\"itemscope\" itemtype=\"https:\/\/schema.org\/CreativeWork\" ><div class='avia_textblock'  itemprop=\"text\" ><div class=\"tisvol-diagonal\">\n<div><\/div>\n<\/div>\n<h2 class=\"titular-principal\" style=\"text-align: center;\">OFICJALNE CERTYFIKATY<\/h2>\n<h4 class=\"subtitular-principal\" style=\"text-align: center;\">&#8211; JAKO\u015a\u0106 Z GWARANCJAMI &#8211;<\/h4>\n<div class=\"tisvol-diagonal\">\n<div><\/div>\n<\/div>\n<\/div><\/section><\/div>\n<style type=\"text\/css\" data-created_by=\"avia_inline_auto\" id=\"style-css-av-3ngo0s-c9d5b2ae7ab2a01cc4e04ecda23dd78e\">\n.flex_column.av-3ngo0s-c9d5b2ae7ab2a01cc4e04ecda23dd78e{\nborder-radius:0px 0px 0px 0px;\npadding:0px 0px 0px 0px;\n}\n<\/style>\n<div  class='flex_column av-3ngo0s-c9d5b2ae7ab2a01cc4e04ecda23dd78e av_one_fifth  avia-builder-el-28  el_after_av_three_fifth  el_before_av_one_half  flex_column_div av-zero-column-padding  '     ><\/div>\n<style type=\"text\/css\" data-created_by=\"avia_inline_auto\" id=\"style-css-av-3ngo0s-d4d3ecade494bb31e0cf95ff0cbfbcb8\">\n.flex_column.av-3ngo0s-d4d3ecade494bb31e0cf95ff0cbfbcb8{\nborder-radius:0px 0px 0px 0px;\npadding:0px 0px 0px 0px;\n}\n<\/style>\n<div  class='flex_column av-3ngo0s-d4d3ecade494bb31e0cf95ff0cbfbcb8 av_one_half  avia-builder-el-29  el_after_av_one_fifth  el_before_av_one_half  first flex_column_div av-zero-column-padding  column-top-margin'     ><section  class='av_textblock_section av-2otvro-333a45e6a85e7d585781e8340e3e16b1 '   itemscope=\"itemscope\" itemtype=\"https:\/\/schema.org\/CreativeWork\" ><div class='avia_textblock'  itemprop=\"text\" ><h3>Znaki jako\u015bci<\/h3>\n<p>Wszystkie pojazdy s\u0105 zaprojektowane i zbudowane zgodnie z przepisami europejskimi i s\u0105 zgodne z przepisami dyrektyw Wsp\u00f3lnoty Europejskiej. Europejska homologacja typu CE (unijny system homologacji jako jedyny gwarantuje sta\u0142\u0105 kontrol\u0119 zgodno\u015bci produkcji).<\/p>\n\n<style type=\"text\/css\" data-created_by=\"avia_inline_auto\" id=\"style-css-av-2ia3zl-8257b09c067293e2f88227d5661299d1\">\n#top .hr.hr-invisible.av-2ia3zl-8257b09c067293e2f88227d5661299d1{\nheight:20px;\n}\n<\/style>\n<div  class='hr av-2ia3zl-8257b09c067293e2f88227d5661299d1 hr-invisible  avia-builder-el-31  avia-builder-el-no-sibling '><span class='hr-inner '><span class=\"hr-inner-style\"><\/span><\/span><\/div>\n<p><img decoding=\"async\" class=\"alignnone wp-image-10924\" src=\"https:\/\/tisvol.com\/wp-content\/uploads\/2019\/05\/marcadoce.png\" alt=\"\" width=\"71\" height=\"50\" srcset=\"https:\/\/tisvol.com\/wp-content\/uploads\/2019\/05\/marcadoce.png 450w, https:\/\/tisvol.com\/wp-content\/uploads\/2019\/05\/marcadoce-300x211.png 300w, https:\/\/tisvol.com\/wp-content\/uploads\/2019\/05\/marcadoce-260x185.png 260w\" sizes=\"(max-width: 71px) 100vw, 71px\" \/><\/p>\n<\/div><\/section><\/div>\n<style type=\"text\/css\" data-created_by=\"avia_inline_auto\" id=\"style-css-av-3ngo0s-c9d5b2ae7ab2a01cc4e04ecda23dd78e\">\n.flex_column.av-3ngo0s-c9d5b2ae7ab2a01cc4e04ecda23dd78e{\nborder-radius:0px 0px 0px 0px;\npadding:0px 0px 0px 0px;\n}\n<\/style>\n<div  class='flex_column av-3ngo0s-c9d5b2ae7ab2a01cc4e04ecda23dd78e av_one_half  avia-builder-el-32  el_after_av_one_half  avia-builder-el-last  flex_column_div av-zero-column-padding  column-top-margin'     ><section  class='av_textblock_section av-2otvro-333a45e6a85e7d585781e8340e3e16b1 '   itemscope=\"itemscope\" itemtype=\"https:\/\/schema.org\/CreativeWork\" ><div class='avia_textblock'  itemprop=\"text\" ><h3>Certyfikat UCA (Samochodowa Jednostka Certyfikuj\u0105ca)<\/h3>\n<p>Fundacja Promocji Innowacji Przemys\u0142owych jest s\u0142u\u017cb\u0105 techniczn\u0105 wyznaczon\u0105 przez Ministerstwo Przemys\u0142u, Energii i Turystyki do wykonywania wst\u0119pnych ocen, zgodno\u015bci produkcji i ci\u0105g\u0142ej weryfikacji homologacji pojazd\u00f3w przemys\u0142owych.<\/p>\n\n<style type=\"text\/css\" data-created_by=\"avia_inline_auto\" id=\"style-css-av-2ia3zl-8257b09c067293e2f88227d5661299d1\">\n#top .hr.hr-invisible.av-2ia3zl-8257b09c067293e2f88227d5661299d1{\nheight:20px;\n}\n<\/style>\n<div  class='hr av-2ia3zl-8257b09c067293e2f88227d5661299d1 hr-invisible  avia-builder-el-34  avia-builder-el-no-sibling '><span class='hr-inner '><span class=\"hr-inner-style\"><\/span><\/span><\/div>\n<p><a href=\"http:\/\/www.ucanet.es\/\"><img decoding=\"async\" class=\"alignnone wp-image-10921\" src=\"https:\/\/tisvol.com\/wp-content\/uploads\/2019\/05\/uca.jpg\" alt=\"\" width=\"102\" height=\"60\" \/><\/a><\/p>\n<\/div><\/section><\/div><\/div><\/div><\/div><!-- close content main div --><\/div><\/div><div id='after_section_3'  class='main_color av_default_container_wrap container_wrap sidebar_right'  ><div class='container av-section-cont-open' ><div class='template-page content  av-content-small alpha units'><div class='post-entry post-entry-type-page post-entry-16901'><div class='entry-content-wrapper clearfix'><\/p>\n","protected":false},"excerpt":{"rendered":"","protected":false},"author":1,"featured_media":0,"parent":16917,"menu_order":0,"comment_status":"closed","ping_status":"closed","template":"","meta":{"_acf_changed":false,"footnotes":""},"class_list":["post-16901","page","type-page","status-publish","hentry"],"acf":[],"_links":{"self":[{"href":"https:\/\/tisvol.com\/pl\/wp-json\/wp\/v2\/pages\/16901","targetHints":{"allow":["GET"]}}],"collection":[{"href":"https:\/\/tisvol.com\/pl\/wp-json\/wp\/v2\/pages"}],"about":[{"href":"https:\/\/tisvol.com\/pl\/wp-json\/wp\/v2\/types\/page"}],"author":[{"embeddable":true,"href":"https:\/\/tisvol.com\/pl\/wp-json\/wp\/v2\/users\/1"}],"replies":[{"embeddable":true,"href":"https:\/\/tisvol.com\/pl\/wp-json\/wp\/v2\/comments?post=16901"}],"version-history":[{"count":0,"href":"https:\/\/tisvol.com\/pl\/wp-json\/wp\/v2\/pages\/16901\/revisions"}],"up":[{"embeddable":true,"href":"https:\/\/tisvol.com\/pl\/wp-json\/wp\/v2\/pages\/16917"}],"wp:attachment":[{"href":"https:\/\/tisvol.com\/pl\/wp-json\/wp\/v2\/media?parent=16901"}],"curies":[{"name":"wp","href":"https:\/\/api.w.org\/{rel}","templated":true}]}}