{"id":16898,"date":"2018-07-24T11:35:24","date_gmt":"2018-07-24T09:35:24","guid":{"rendered":"https:\/\/tisvol.com\/contacto\/"},"modified":"2019-10-08T11:44:42","modified_gmt":"2019-10-08T11:44:42","slug":"kontakt","status":"publish","type":"page","link":"https:\/\/tisvol.com\/pl\/kontakt\/","title":{"rendered":"Kontakt"},"content":{"rendered":"\n<style type=\"text\/css\" data-created_by=\"avia_inline_auto\" id=\"style-css-av-33yw-fe4ace012c6b9c696b8bb8b31f28441a\">\n.avia-section.av-33yw-fe4ace012c6b9c696b8bb8b31f28441a{\nbackground-color:#ffffff;\nbackground-image:unset;\n}\n<\/style>\n<div id='tisvol-tagline'  class='avia-section av-33yw-fe4ace012c6b9c696b8bb8b31f28441a main_color avia-section-default avia-no-border-styling  avia-builder-el-0  el_before_av_layout_row  avia-builder-el-first  avia-bg-style-scroll container_wrap sidebar_right'  ><div class='container av-section-cont-open' ><main  role=\"main\" itemprop=\"mainContentOfPage\"  class='template-page content  av-content-small alpha units'><div class='post-entry post-entry-type-page post-entry-16898'><div class='entry-content-wrapper clearfix'>\n<section  class='av_textblock_section av-jj8pzx7e-f58ee2657ad4a3ea48b2f1ff7d628b0b '   itemscope=\"itemscope\" itemtype=\"https:\/\/schema.org\/CreativeWork\" ><div class='avia_textblock'  itemprop=\"text\" ><h3 style=\"text-align: center;\">Powered by Superior Quality<\/h3>\n<\/div><\/section>\n\n<\/div><\/div><\/main><!-- close content main element --><\/div><\/div><div id='mapa-mymaps'  class='av-layout-grid-container av-jwlstgmb-f1043707e56a6d222c04c57077b07aa5 entry-content-wrapper main_color av-flex-cells  avia-builder-el-2  el_after_av_section  el_before_av_section  grid-row-not-first  container_wrap sidebar_right'  >\n\n<style type=\"text\/css\" data-created_by=\"avia_inline_auto\" id=\"style-css-av-jwlstb8w-74a12f9097edda8598235d7b91d10081\">\n.flex_cell.av-jwlstb8w-74a12f9097edda8598235d7b91d10081{\nvertical-align:middle;\nheight:400px;\nmin-height:400px;\n}\n.responsive #top #wrap_all .flex_cell.av-jwlstb8w-74a12f9097edda8598235d7b91d10081{\npadding:0px 0px 0px 0px !important;\n}\n<\/style>\n<div class='flex_cell av-jwlstb8w-74a12f9097edda8598235d7b91d10081 av-gridrow-cell av_one_full no_margin  avia-builder-el-3  avia-builder-el-no-sibling  content-align-middle av-zero-padding'  ><div class='flex_cell_inner'>\n<\/div><\/div>\n<\/div>\n<div id='av_section_2'  class='avia-section av-judux6sw-193d181fb18029744308638671b5bd2e main_color avia-section-default avia-no-border-styling  avia-builder-el-5  el_after_av_layout_row  el_before_av_one_fourth  gradient-half-grey-to-white animation-element avia-bg-style-scroll container_wrap sidebar_right'  ><div class='container av-section-cont-open' ><div class='template-page content  av-content-small alpha units'><div class='post-entry post-entry-type-page post-entry-16898'><div class='entry-content-wrapper clearfix'>\n<section  class='av_textblock_section av-jj8rms6q-e378de6f514244f1a118e0085a2fbc7d '   itemscope=\"itemscope\" itemtype=\"https:\/\/schema.org\/CreativeWork\" ><div class='avia_textblock'  itemprop=\"text\" ><div class=\"tisvol-diagonal\">\n<div><\/div>\n<\/div>\n<h2 class=\"titular-principal\" style=\"text-align: center;\">Kontakt<\/h2>\n<h4 class=\"subtitular-principal\" style=\"text-align: center;\">&#8211; POWIEDZ NAM, CZEGO POTRZEBUJESZ, Z PRZYJEMNO\u015a\u0106I\u0104 CI POMO\u017bEMY &#8211;<\/h4>\n<div class=\"tisvol-diagonal\" style=\"text-align: center;\">\n<div><\/div>\n<\/div>\n<h5 style=\"text-align: center;\">Pol\u00edgono Industrial Campo Anibal<\/h5>\n<p style=\"text-align: center;\">Avenida Progres, 17<br \/>\n46530 Puzol<br \/>\nValencia<\/p>\n<p style=\"text-align: center;\"><a href=\"https:\/\/www.google.es\/maps\/place\/Tisvol\/@39.6117585,-0.3214528,17z\/data=!4m5!1m2!3m1!2sTisvol!3m1!1s0x0000000000000000:0xe635482ed34aec19\" target=\"_blank\" rel=\"noopener noreferrer\"><em>Jak dojecha\u0107<\/em><\/a><\/p>\n<\/div><\/section>\n<\/div><\/div><\/div><!-- close content main div --><\/div><\/div><div id='after_section_2'  class='main_color av_default_container_wrap container_wrap sidebar_right'  ><div class='container av-section-cont-open' ><div class='template-page content  av-content-small alpha units'><div class='post-entry post-entry-type-page post-entry-16898'><div class='entry-content-wrapper clearfix'>\n<style type=\"text\/css\" data-created_by=\"avia_inline_auto\" id=\"style-css-av-22s720-5706746f312e808cb9748d19e2fdcaf8\">\n.flex_column.av-22s720-5706746f312e808cb9748d19e2fdcaf8{\nborder-radius:0px 0px 0px 0px;\npadding:0px 0px 0px 0px;\n}\n<\/style>\n<div  class='flex_column av-22s720-5706746f312e808cb9748d19e2fdcaf8 av_one_fourth  avia-builder-el-7  el_after_av_section  el_before_av_one_half  avia-builder-el-first  first flex_column_div av-zero-column-padding  '     ><\/div><\/p>\n\n<style type=\"text\/css\" data-created_by=\"avia_inline_auto\" id=\"style-css-av-4p5m5k-9cd8f21d26a981bd9fa0f595dde73571\">\n.flex_column.av-4p5m5k-9cd8f21d26a981bd9fa0f595dde73571{\nborder-radius:0px 0px 0px 0px;\npadding:0px 0px 0px 0px;\n}\n<\/style>\n<div  class='flex_column av-4p5m5k-9cd8f21d26a981bd9fa0f595dde73571 av_one_half  avia-builder-el-8  el_after_av_one_fourth  el_before_av_one_fourth  flex_column_div av-zero-column-padding  '     ><section  class='av_textblock_section av-jk8dls48-b5cc739488b783f6acca55885226624a '   itemscope=\"itemscope\" itemtype=\"https:\/\/schema.org\/CreativeWork\" ><div class='avia_textblock racional'  itemprop=\"text\" ><h4 style=\"text-align: center;\">ZADZWO\u0143 POD NUMER<\/h4>\n<h2 style=\"text-align: center;\">+34 961 465 211<\/h2>\n<p style=\"text-align: center;\">Je\u015bli wolisz, napisz na <a href=\"mailto:info@tisvol.com\">info@tisvol.com<\/a> lub skorzystaj z tego formularza, a my odpowiemy tak szybko, jak to mo\u017cliwe.<\/p>\n<\/div><\/section><\/div>\n\n<style type=\"text\/css\" data-created_by=\"avia_inline_auto\" id=\"style-css-av-22s720-79292b08e6c340448b51653641dd66d5\">\n.flex_column.av-22s720-79292b08e6c340448b51653641dd66d5{\nborder-radius:0px 0px 0px 0px;\npadding:0px 0px 0px 0px;\n}\n<\/style>\n<div  class='flex_column av-22s720-79292b08e6c340448b51653641dd66d5 av_one_fourth  avia-builder-el-10  el_after_av_one_half  el_before_av_one_fifth  flex_column_div av-zero-column-padding  '     ><\/div>\n\n<style type=\"text\/css\" data-created_by=\"avia_inline_auto\" id=\"style-css-av-22s720-5706746f312e808cb9748d19e2fdcaf8\">\n.flex_column.av-22s720-5706746f312e808cb9748d19e2fdcaf8{\nborder-radius:0px 0px 0px 0px;\npadding:0px 0px 0px 0px;\n}\n<\/style>\n<div  class='flex_column av-22s720-5706746f312e808cb9748d19e2fdcaf8 av_one_fifth  avia-builder-el-11  el_after_av_one_fourth  el_before_av_three_fifth  first flex_column_div av-zero-column-padding  column-top-margin'     ><\/div>\n\n<style type=\"text\/css\" data-created_by=\"avia_inline_auto\" id=\"style-css-av-22s720-79292b08e6c340448b51653641dd66d5\">\n.flex_column.av-22s720-79292b08e6c340448b51653641dd66d5{\nborder-radius:0px 0px 0px 0px;\npadding:0px 0px 0px 0px;\n}\n<\/style>\n<div  class='flex_column av-22s720-79292b08e6c340448b51653641dd66d5 av_three_fifth  avia-builder-el-12  el_after_av_one_fifth  el_before_av_one_fifth  flex_column_div av-zero-column-padding  column-top-margin'     ><section  class='av_textblock_section av-jk8e0mwu-5972bd4e391bde9dc5fb04811b114741 '   itemscope=\"itemscope\" itemtype=\"https:\/\/schema.org\/CreativeWork\" ><div class='avia_textblock'  itemprop=\"text\" >\n<div class=\"wpcf7 no-js\" id=\"wpcf7-f17256-o1\" lang=\"\" dir=\"ltr\" data-wpcf7-id=\"17256\">\n<div class=\"screen-reader-response\"><p role=\"status\" aria-live=\"polite\" aria-atomic=\"true\"><\/p> <ul><\/ul><\/div>\n<form action=\"\/pl\/wp-json\/wp\/v2\/pages\/16898#wpcf7-f17256-o1\" method=\"post\" class=\"wpcf7-form init wpcf7-acceptance-as-validation\" aria-label=\"Formularz kontaktowy\" novalidate=\"novalidate\" data-status=\"init\">\n<fieldset class=\"hidden-fields-container\"><input type=\"hidden\" name=\"_wpcf7\" value=\"17256\" \/><input type=\"hidden\" name=\"_wpcf7_version\" value=\"6.1.5\" \/><input type=\"hidden\" name=\"_wpcf7_locale\" value=\"\" \/><input type=\"hidden\" name=\"_wpcf7_unit_tag\" value=\"wpcf7-f17256-o1\" \/><input type=\"hidden\" name=\"_wpcf7_container_post\" value=\"0\" \/><input type=\"hidden\" name=\"_wpcf7_posted_data_hash\" value=\"\" \/><input type=\"hidden\" name=\"_wpcf7cf_hidden_group_fields\" value=\"[]\" \/><input type=\"hidden\" name=\"_wpcf7cf_hidden_groups\" value=\"[]\" \/><input type=\"hidden\" name=\"_wpcf7cf_visible_groups\" value=\"[]\" \/><input type=\"hidden\" name=\"_wpcf7cf_repeaters\" value=\"[]\" \/><input type=\"hidden\" name=\"_wpcf7cf_steps\" value=\"{}\" \/><input type=\"hidden\" name=\"_wpcf7cf_options\" value=\"{&quot;form_id&quot;:17256,&quot;conditions&quot;:[],&quot;settings&quot;:{&quot;animation&quot;:&quot;yes&quot;,&quot;animation_intime&quot;:200,&quot;animation_outtime&quot;:200,&quot;conditions_ui&quot;:&quot;normal&quot;,&quot;notice_dismissed&quot;:false,&quot;notice_dismissed_rollback-cf7-5.9.5&quot;:true,&quot;notice_dismissed_rollback-cf7-5.9.7&quot;:true,&quot;notice_dismissed_rollback-cf7-6.0.2&quot;:true}}\" \/><input type=\"hidden\" name=\"_wpcf7dtx_version\" value=\"5.0.5\" \/><input type=\"hidden\" name=\"_wpcf7_recaptcha_response\" value=\"\" \/>\n<\/fieldset>\n<div class=\"form-row\">\n\t<div class=\"form-col-50 form-col-first\">\n\t\t<p><label>Imi\u0119 i nazwisko*<br \/>\n<span class=\"wpcf7-form-control-wrap\" data-name=\"your-name\"><input size=\"40\" maxlength=\"400\" class=\"wpcf7-form-control wpcf7-text wpcf7-validates-as-required\" aria-required=\"true\" aria-invalid=\"false\" value=\"\" type=\"text\" name=\"your-name\" \/><\/span><\/label>\n\t\t<\/p>\n\t<\/div>\n\t<div class=\"form-col-50 form-col-last\">\n\t\t<p><label>Email*<br \/>\n<span class=\"wpcf7-form-control-wrap\" data-name=\"your-email\"><input size=\"40\" maxlength=\"400\" class=\"wpcf7-form-control wpcf7-email wpcf7-validates-as-required wpcf7-text wpcf7-validates-as-email\" aria-required=\"true\" aria-invalid=\"false\" value=\"\" type=\"email\" name=\"your-email\" \/><\/span><\/label>\n\t\t<\/p>\n\t<\/div>\n<\/div>\n<div class=\"form-row\">\n\t<div class=\"form-col-50 form-col-first\">\n\t\t<p><label>Telefon<br \/>\n<span class=\"wpcf7-form-control-wrap\" data-name=\"telefono\"><input size=\"40\" maxlength=\"400\" class=\"wpcf7-form-control wpcf7-text\" aria-invalid=\"false\" value=\"\" type=\"text\" name=\"telefono\" \/><\/span><\/label>\n\t\t<\/p>\n\t<\/div>\n\t<div class=\"form-col-50 form-col-last\">\n\t\t<p><label>Miasto \/ Prowincja *<br \/>\n<span class=\"wpcf7-form-control-wrap\" data-name=\"ciudad-provincia\"><input size=\"40\" maxlength=\"400\" class=\"wpcf7-form-control wpcf7-text wpcf7-validates-as-required\" aria-required=\"true\" aria-invalid=\"false\" value=\"\" type=\"text\" name=\"ciudad-provincia\" \/><\/span><\/label>\n\t\t<\/p>\n\t<\/div>\n<\/div>\n<div class=\"form-row\">\n\t<div class=\"form-col-50 form-col-first\">\n\t\t<p><label>Kod pocztowy *<br \/>\n<span class=\"wpcf7-form-control-wrap\" data-name=\"zipcode\"><input size=\"40\" maxlength=\"400\" class=\"wpcf7-form-control wpcf7-text wpcf7-validates-as-required\" aria-required=\"true\" aria-invalid=\"false\" value=\"\" type=\"text\" name=\"zipcode\" \/><\/span><\/label>\n\t\t<\/p>\n\t<\/div>\n\t<div class=\"form-col-50 form-col-last\">\n\t\t<p><label>Kraj<br \/>\n<span class=\"wpcf7-form-control-wrap\" data-name=\"pais\"><input size=\"40\" maxlength=\"400\" class=\"wpcf7-form-control wpcf7-text\" aria-invalid=\"false\" value=\"\" type=\"text\" name=\"pais\" \/><\/span><\/label>\n\t\t<\/p>\n\t<\/div>\n<\/div>\n<div class=\"form-row\">\n\t<p><label>Komentarze<br \/>\n<span class=\"wpcf7-form-control-wrap\" data-name=\"your-message\"><textarea cols=\"40\" rows=\"4\" maxlength=\"2000\" class=\"wpcf7-form-control wpcf7-textarea\" aria-invalid=\"false\" name=\"your-message\"><\/textarea><\/span><\/label>\n\t<\/p>\n<\/div>\n<p><label><span class=\"wpcf7-form-control-wrap\" data-name=\"quiz-830\"><label><span class=\"wpcf7-quiz-label\">Odpowiedz na nast\u0119puj\u0105ce pytanie* 4+9?<\/span> <input size=\"40\" class=\"wpcf7-form-control wpcf7-quiz\" autocomplete=\"off\" aria-required=\"true\" aria-invalid=\"false\" type=\"text\" name=\"quiz-830\" \/><\/label><input type=\"hidden\" name=\"_wpcf7_quiz_answer_quiz-830\" value=\"480a9cdf19c93aa72cedbeed4a6dda29\" \/><\/span><\/label>\n<\/p>\n<p class=\"legal-checks\"><span class=\"wpcf7-form-control-wrap\" data-name=\"acceptance-156\"><span class=\"wpcf7-form-control wpcf7-acceptance\"><span class=\"wpcf7-list-item\"><label><input type=\"checkbox\" name=\"acceptance-156\" value=\"1\" aria-invalid=\"false\" \/><span class=\"wpcf7-list-item-label\">Przeczyta\u0142em i akceptuj\u0119 <a href=\"https:\/\/tisvol.com\/en\/legal-notice\/\" target=\"_blank\">polityk\u0119 prywatno\u015bci<\/a> oraz warunki przetwarzania moich danych osobowych.<\/span><\/label><\/span><\/span><\/span>\n<\/p>\n<p class=\"legal-checks\"><span class=\"wpcf7-form-control-wrap\" data-name=\"checkbox-370\"><span class=\"wpcf7-form-control wpcf7-checkbox\"><span class=\"wpcf7-list-item first last\"><input type=\"checkbox\" name=\"checkbox-370[]\" value=\"Akceptuj\u0119 wysy\u0142anie powiadomie\u0144 handlowych.\" \/><span class=\"wpcf7-list-item-label\">Akceptuj\u0119 wysy\u0142anie powiadomie\u0144 handlowych.<\/span><\/span><\/span><\/span>\n<\/p>\n<span class=\"wpcf7-form-control-wrap comercial\" data-name=\"comercial\"><input type=\"hidden\" name=\"comercial\" class=\"wpcf7-form-control wpcf7-hidden wpcf7dtx wpcf7dtx-hidden\" aria-invalid=\"false\"><\/span>\n<span class=\"wpcf7-form-control-wrap dynamichidden-140\" data-name=\"dynamichidden-140\"><input type=\"hidden\" name=\"dynamichidden-140\" class=\"wpcf7-form-control wpcf7-hidden wpcf7dtx wpcf7dtx-hidden\" aria-invalid=\"false\" value=\"https:\/\/tisvol.com\/pl\/wp-json\/wp\/v2\/pages\/16898\"><\/span>\n<p><input class=\"wpcf7-form-control wpcf7-submit has-spinner tisvol-form-enviar\" id=\"tisvol-form-enviar\" type=\"submit\" value=\"Wy\u015blij\" \/>\n<\/p>\n<p style=\"margin-top:24px;display: block;clear: both;float: none;\">\n<span class=\"wpcf7-form-control-wrap recaptcha\" data-name=\"recaptcha\"><span data-sitekey=\"6LfQd3EqAAAAAEpm4ONDVuqWN1ekdOu3MG6WPWwS\" class=\"wpcf7-form-control wpcf7-recaptcha g-recaptcha\"><\/span>\r\n<noscript>\r\n\t<div class=\"grecaptcha-noscript\">\r\n\t\t<iframe loading=\"lazy\" src=\"https:\/\/www.google.com\/recaptcha\/api\/fallback?k=6LfQd3EqAAAAAEpm4ONDVuqWN1ekdOu3MG6WPWwS\" frameborder=\"0\" scrolling=\"no\" width=\"310\" height=\"430\">\r\n\t\t<\/iframe>\r\n\t\t<textarea name=\"g-recaptcha-response\" rows=\"3\" cols=\"40\" placeholder=\"reCaptcha Response Here\">\r\n\t\t<\/textarea>\r\n\t<\/div>\r\n<\/noscript>\r\n<\/span>\n<\/p><div class=\"wpcf7-response-output\" aria-hidden=\"true\"><\/div>\n<\/form>\n<\/div>\n\n<\/div><\/section><\/div>\n\n<style type=\"text\/css\" data-created_by=\"avia_inline_auto\" id=\"style-css-av-22s720-79292b08e6c340448b51653641dd66d5\">\n.flex_column.av-22s720-79292b08e6c340448b51653641dd66d5{\nborder-radius:0px 0px 0px 0px;\npadding:0px 0px 0px 0px;\n}\n<\/style>\n<div  class='flex_column av-22s720-79292b08e6c340448b51653641dd66d5 av_one_fifth  avia-builder-el-14  el_after_av_three_fifth  el_before_av_hr  flex_column_div av-zero-column-padding  column-top-margin'     ><\/div>\n<div  class='hr av-8axpm-ae232ed848aede20c6489c6962562505 hr-default  avia-builder-el-15  el_after_av_one_fifth  el_before_av_layout_row  avia-builder-el-last '><span class='hr-inner '><span class=\"hr-inner-style\"><\/span><\/span><\/div>\n<\/div><\/div><\/div><!-- close content main div --><\/div><\/div><div id='footer-tisvol'  class='av-layout-grid-container av-toe-3c3ce1844a362f02ca2b0826139e6924 entry-content-wrapper main_color av-flex-cells  avia-builder-el-16  el_after_av_hr  avia-builder-el-last  grid-row-not-first  container_wrap sidebar_right'  >\n\n<style type=\"text\/css\" data-created_by=\"avia_inline_auto\" id=\"style-css-av-5y4o-4e8b0635f7b79c945563f54ae9731e44\">\n.flex_cell.av-5y4o-4e8b0635f7b79c945563f54ae9731e44{\nvertical-align:top;\nbackground-color:#eaeaea;\n}\n.responsive #top #wrap_all .flex_cell.av-5y4o-4e8b0635f7b79c945563f54ae9731e44{\npadding:60px 60px 60px 60px !important;\n}\n<\/style>\n<div class='flex_cell av-5y4o-4e8b0635f7b79c945563f54ae9731e44 av-gridrow-cell av_one_half no_margin  avia-builder-el-17  el_before_av_cell_one_half  avia-builder-el-first  content-align-top'  ><div class='flex_cell_inner'><p>\n<style type=\"text\/css\" data-created_by=\"avia_inline_auto\" id=\"style-css-av-3zju-025110f1caabe8e5714204edc172fb50\">\n.flex_column.av-3zju-025110f1caabe8e5714204edc172fb50{\nborder-radius:0px 0px 0px 0px;\npadding:0px 0px 0px 0px;\n}\n<\/style>\n<div  class='flex_column av-3zju-025110f1caabe8e5714204edc172fb50 av_one_fifth  avia-builder-el-18  el_before_av_three_fourth  avia-builder-el-first  light-text-block first flex_column_div av-zero-column-padding  '     ><\/div>\n<style type=\"text\/css\" data-created_by=\"avia_inline_auto\" id=\"style-css-av-3zju-47719717c351c86f25d43ebc9661ae81\">\n.flex_column.av-3zju-47719717c351c86f25d43ebc9661ae81{\nborder-radius:0px 0px 0px 0px;\npadding:0px 0px 0px 0px;\n}\n<\/style>\n<div  class='flex_column av-3zju-47719717c351c86f25d43ebc9661ae81 av_three_fourth  avia-builder-el-19  el_after_av_one_fifth  avia-builder-el-last  flex_column_div av-zero-column-padding  '     ><section  class='av_textblock_section av-jji9rpio-fe64490182def06bfce411204c780e50 '   itemscope=\"itemscope\" itemtype=\"https:\/\/schema.org\/CreativeWork\" ><div class='avia_textblock'  itemprop=\"text\" ><h3 class=\"titular-estandar\"><strong>CHCESZ WIEDZIE\u0106 WI\u0118CEJ?<\/strong><\/h3>\n<h3 class=\"titular-estandar\"><strong>ZAPISZ SI\u0118 NA NASZ NEWSLETTER<\/strong>, ABY OTRZYMYWA\u0106 SPECJALNE OFERTY, WIADOMO\u015aCI I POWIADOMIENIA O WYDARZENIACH.<\/h3>\n<\/div><\/section><br \/>\n<section  class='av_textblock_section av-jji9rpio-fe64490182def06bfce411204c780e50 '   itemscope=\"itemscope\" itemtype=\"https:\/\/schema.org\/CreativeWork\" ><div class='avia_textblock'  itemprop=\"text\" >\n<div class=\"wpcf7 no-js\" id=\"wpcf7-f17041-o2\" lang=\"\" dir=\"ltr\" data-wpcf7-id=\"17041\">\n<div class=\"screen-reader-response\"><p role=\"status\" aria-live=\"polite\" aria-atomic=\"true\"><\/p> <ul><\/ul><\/div>\n<form action=\"\/pl\/wp-json\/wp\/v2\/pages\/16898#wpcf7-f17041-o2\" method=\"post\" class=\"wpcf7-form init wpcf7-acceptance-as-validation\" aria-label=\"Formularz kontaktowy\" novalidate=\"novalidate\" data-status=\"init\">\n<fieldset class=\"hidden-fields-container\"><input type=\"hidden\" name=\"_wpcf7\" value=\"17041\" \/><input type=\"hidden\" name=\"_wpcf7_version\" value=\"6.1.5\" \/><input type=\"hidden\" name=\"_wpcf7_locale\" value=\"\" \/><input type=\"hidden\" name=\"_wpcf7_unit_tag\" value=\"wpcf7-f17041-o2\" \/><input type=\"hidden\" name=\"_wpcf7_container_post\" value=\"0\" \/><input type=\"hidden\" name=\"_wpcf7_posted_data_hash\" value=\"\" \/><input type=\"hidden\" name=\"_wpcf7cf_hidden_group_fields\" value=\"[]\" \/><input type=\"hidden\" name=\"_wpcf7cf_hidden_groups\" value=\"[]\" \/><input type=\"hidden\" name=\"_wpcf7cf_visible_groups\" value=\"[]\" \/><input type=\"hidden\" name=\"_wpcf7cf_repeaters\" value=\"[]\" \/><input type=\"hidden\" name=\"_wpcf7cf_steps\" value=\"{}\" \/><input type=\"hidden\" name=\"_wpcf7cf_options\" value=\"{&quot;form_id&quot;:17041,&quot;conditions&quot;:[],&quot;settings&quot;:{&quot;animation&quot;:&quot;yes&quot;,&quot;animation_intime&quot;:200,&quot;animation_outtime&quot;:200,&quot;conditions_ui&quot;:&quot;normal&quot;,&quot;notice_dismissed&quot;:false,&quot;notice_dismissed_rollback-cf7-5.9.5&quot;:true,&quot;notice_dismissed_rollback-cf7-5.9.7&quot;:true,&quot;notice_dismissed_rollback-cf7-6.0.2&quot;:true}}\" \/><input type=\"hidden\" name=\"_wpcf7dtx_version\" value=\"5.0.5\" \/><input type=\"hidden\" name=\"_wpcf7_recaptcha_response\" value=\"\" \/>\n<\/fieldset>\n<p><span class=\"wpcf7-form-control-wrap\" data-name=\"email-311\"><input size=\"40\" maxlength=\"400\" class=\"wpcf7-form-control wpcf7-email wpcf7-validates-as-required wpcf7-text wpcf7-validates-as-email tisvol-form-email\" id=\"tisvol-form-email\" aria-required=\"true\" aria-invalid=\"false\" placeholder=\"Wpisz sw\u00f3j adres e-mail\" value=\"\" type=\"email\" name=\"email-311\" \/><\/span>\n<\/p>\n<p class=\"legal-checks\"><span class=\"wpcf7-form-control-wrap\" data-name=\"acceptance-156\"><span class=\"wpcf7-form-control wpcf7-acceptance\"><span class=\"wpcf7-list-item\"><label><input type=\"checkbox\" name=\"acceptance-156\" value=\"1\" aria-invalid=\"false\" \/><span class=\"wpcf7-list-item-label\">Przeczyta\u0142em i akceptuj\u0119 <a href=\"https:\/\/tisvol.com\/en\/legal-notice\/\" target=\"_blank\">polityk\u0119 prywatno\u015bci<\/a> oraz warunki przetwarzania moich danych osobowych.<\/span><\/label><\/span><\/span><\/span>\n<\/p>\n<p class=\"legal-checks\"><span class=\"wpcf7-form-control-wrap\" data-name=\"checkbox-370\"><span class=\"wpcf7-form-control wpcf7-checkbox\"><span class=\"wpcf7-list-item first last\"><input type=\"checkbox\" name=\"checkbox-370[]\" value=\"Akceptuj\u0119 wysy\u0142anie powiadomie\u0144 handlowych.\" \/><span class=\"wpcf7-list-item-label\">Akceptuj\u0119 wysy\u0142anie powiadomie\u0144 handlowych.<\/span><\/span><\/span><\/span>\n<\/p>\n<p><input class=\"wpcf7-form-control wpcf7-submit has-spinner tisvol-form-enviar\" type=\"submit\" value=\"Wy\u015blij\" \/><br \/>\n<span class=\"wpcf7-form-control-wrap dynamichidden-140\" data-name=\"dynamichidden-140\"><input type=\"hidden\" name=\"dynamichidden-140\" class=\"wpcf7-form-control wpcf7-hidden wpcf7dtx wpcf7dtx-hidden\" aria-invalid=\"false\" value=\"https:\/\/tisvol.com\/pl\/wp-json\/wp\/v2\/pages\/16898\"><\/span>\n<\/p>\n<p style=\"margin-top:24px;display: block;clear: both;float: none;\">\n<span class=\"wpcf7-form-control-wrap recaptcha\" data-name=\"recaptcha\"><span data-sitekey=\"6LfQd3EqAAAAAEpm4ONDVuqWN1ekdOu3MG6WPWwS\" class=\"wpcf7-form-control wpcf7-recaptcha g-recaptcha\"><\/span>\r\n<noscript>\r\n\t<div class=\"grecaptcha-noscript\">\r\n\t\t<iframe loading=\"lazy\" src=\"https:\/\/www.google.com\/recaptcha\/api\/fallback?k=6LfQd3EqAAAAAEpm4ONDVuqWN1ekdOu3MG6WPWwS\" frameborder=\"0\" scrolling=\"no\" width=\"310\" height=\"430\">\r\n\t\t<\/iframe>\r\n\t\t<textarea name=\"g-recaptcha-response\" rows=\"3\" cols=\"40\" placeholder=\"reCaptcha Response Here\">\r\n\t\t<\/textarea>\r\n\t<\/div>\r\n<\/noscript>\r\n<\/span>\n<\/p><div class=\"wpcf7-response-output\" aria-hidden=\"true\"><\/div>\n<\/form>\n<\/div>\n\n<\/div><\/section><\/p><\/div><\/p>\n<\/div><\/div>\n<style type=\"text\/css\" data-created_by=\"avia_inline_auto\" id=\"style-css-av-456w-5b275820a298d2d2ff80a6dcc40d0e1d\">\n.flex_cell.av-456w-5b275820a298d2d2ff80a6dcc40d0e1d{\nvertical-align:top;\nbackground-color:#eaeaea;\n}\n.responsive #top #wrap_all .flex_cell.av-456w-5b275820a298d2d2ff80a6dcc40d0e1d{\npadding:60px 60px 60px 60px !important;\n}\n<\/style>\n<div class='flex_cell av-456w-5b275820a298d2d2ff80a6dcc40d0e1d av-gridrow-cell av_one_half no_margin  avia-builder-el-22  el_after_av_cell_one_half  avia-builder-el-last  content-align-top'  ><div class='flex_cell_inner'><p>\n<style type=\"text\/css\" data-created_by=\"avia_inline_auto\" id=\"style-css-av-3zju-f5819245718ac9cde2af1aa2e7651ab6\">\n.flex_column.av-3zju-f5819245718ac9cde2af1aa2e7651ab6{\nborder-radius:0px 0px 0px 0px;\npadding:0px 0px 0px 0px;\n}\n<\/style>\n<div  class='flex_column av-3zju-f5819245718ac9cde2af1aa2e7651ab6 av_three_fourth  avia-builder-el-23  el_before_av_one_fourth  avia-builder-el-first  first flex_column_div av-zero-column-padding  '     ><section  class='av_textblock_section av-jji9rpio-fe64490182def06bfce411204c780e50 '   itemscope=\"itemscope\" itemtype=\"https:\/\/schema.org\/CreativeWork\" ><div class='avia_textblock'  itemprop=\"text\" ><div class=\"new-shortcodes-row\"><\/p>\n<p><div class=\"new-shortcodes-column new-shortcodes-one-third new-first\"><\/p>\n<ul>\n<li><a href=\"\/pl\/empresa\/\">Jeste\u015bmy<\/a><\/li>\n<li><a href=\"https:\/\/tisvol.com\/corp\/pl\/siec-sprzedazowa\/\">Sie\u0107 handlowa<\/a><\/li>\n<li><a href=\"\/pl\/zaklad\/\">Zak\u0142ad<\/a><\/li>\n<li><a href=\"\/pl\/contacto\/\">Kontakt<\/a><\/li>\n<\/ul>\n<p><\/div><br \/>\n<div class=\"new-shortcodes-column new-shortcodes-one-third\"><\/p>\n<ul>\n<li><a href=\"\/pl\/basculantes\/\">Wywrotki<\/a><\/li>\n<li><a href=\"\/pl\/chasis\/\">Podwozie<\/a><\/li>\n<li><a href=\"https:\/\/vo.tisvol.com\">Pojazdy u\u017cywane<\/a><\/li>\n<li><a href=\"\/pl\/donde-estamos\/\">Gdzie jeste\u015bmy?<\/a><\/li>\n<\/ul>\n<p><\/div><br \/>\n<div class=\"new-shortcodes-column new-shortcodes-one-third new-last\"><\/p>\n<ul>\n<li><a href=\"\/pl\/como-se-hace\/\">Jak to si\u0119 robi?<\/a><\/li>\n<li><a href=\"\/pl\/como-se-hace\/compromiso\/\">Zaanga\u017cowanie<\/a><\/li>\n<li><a href=\"\/pl\/como-se-hace\/exclusividad\/\">Wy\u0142\u0105czno\u015b\u0107<\/a><\/li>\n<li><a href=\"\/pl\/como-se-hace\/calidad-superior\/\">Najwy\u017csza jako\u015b\u0107<\/a><\/li>\n<\/ul>\n<p><\/div><\/p>\n<p><\/div>\n\n<style type=\"text\/css\" data-created_by=\"avia_inline_auto\" id=\"style-css-av-3riy-7f630cb37a13882ce2e9a4d1a5bb81de\">\n#top .hr.av-3riy-7f630cb37a13882ce2e9a4d1a5bb81de{\nmargin-top:0px;\nmargin-bottom:16px;\n}\n.hr.av-3riy-7f630cb37a13882ce2e9a4d1a5bb81de .hr-inner{\nwidth:100%;\nborder-color:#cccccc;\n}\n<\/style>\n<div  class='hr av-3riy-7f630cb37a13882ce2e9a4d1a5bb81de hr-custom  avia-builder-el-25  avia-builder-el-no-sibling  hr-center hr-icon-no'><span class='hr-inner inner-border-av-border-thin'><span class=\"hr-inner-style\"><\/span><\/span><\/div>\n<p>Av. Progres, 17 Pol. Ind. Campo An\u00edbal<br \/>\n46530, Puzol &#8211; Valencia (Spain)<br \/>\nTel.: +34 961 465 211<br \/>\nMail: <a href=\"mailto:info@tisvol.com\">info@tisvol.com<\/a><\/p>\n<\/div><\/section><\/div>\n<style type=\"text\/css\" data-created_by=\"avia_inline_auto\" id=\"style-css-av-3zju-476eb52bc8e7cda163953059839deac7\">\n.flex_column.av-3zju-476eb52bc8e7cda163953059839deac7{\nborder-radius:0px 0px 0px 0px;\npadding:0px 0px 0px 0px;\n}\n<\/style>\n<div  class='flex_column av-3zju-476eb52bc8e7cda163953059839deac7 av_one_fourth  avia-builder-el-26  el_after_av_three_fourth  avia-builder-el-last  light-text-block flex_column_div av-zero-column-padding  '     ><\/div><\/p>\n<\/div><\/div>\n<\/div>\n","protected":false},"excerpt":{"rendered":"","protected":false},"author":1,"featured_media":18873,"parent":0,"menu_order":0,"comment_status":"closed","ping_status":"closed","template":"","meta":{"_acf_changed":false,"footnotes":""},"class_list":["post-16898","page","type-page","status-publish","has-post-thumbnail","hentry"],"acf":[],"_links":{"self":[{"href":"https:\/\/tisvol.com\/pl\/wp-json\/wp\/v2\/pages\/16898","targetHints":{"allow":["GET"]}}],"collection":[{"href":"https:\/\/tisvol.com\/pl\/wp-json\/wp\/v2\/pages"}],"about":[{"href":"https:\/\/tisvol.com\/pl\/wp-json\/wp\/v2\/types\/page"}],"author":[{"embeddable":true,"href":"https:\/\/tisvol.com\/pl\/wp-json\/wp\/v2\/users\/1"}],"replies":[{"embeddable":true,"href":"https:\/\/tisvol.com\/pl\/wp-json\/wp\/v2\/comments?post=16898"}],"version-history":[{"count":0,"href":"https:\/\/tisvol.com\/pl\/wp-json\/wp\/v2\/pages\/16898\/revisions"}],"wp:featuredmedia":[{"embeddable":true,"href":"https:\/\/tisvol.com\/pl\/wp-json\/wp\/v2\/media\/18873"}],"wp:attachment":[{"href":"https:\/\/tisvol.com\/pl\/wp-json\/wp\/v2\/media?parent=16898"}],"curies":[{"name":"wp","href":"https:\/\/api.w.org\/{rel}","templated":true}]}}