{"id":16896,"date":"2018-07-25T08:44:38","date_gmt":"2018-07-25T08:44:38","guid":{"rendered":"https:\/\/tisvol.com\/sistemas-de-potencia-tecnologia\/"},"modified":"2019-11-06T10:12:51","modified_gmt":"2019-11-06T10:12:51","slug":"systemy-zasilania","status":"publish","type":"page","link":"https:\/\/tisvol.com\/pl\/jak-to-sie-robi\/systemy-zasilania\/","title":{"rendered":"Systemy zasilania"},"content":{"rendered":"\n<style type=\"text\/css\" data-created_by=\"avia_inline_auto\" id=\"style-css-av-33yw-fe4ace012c6b9c696b8bb8b31f28441a\">\n.avia-section.av-33yw-fe4ace012c6b9c696b8bb8b31f28441a{\nbackground-color:#ffffff;\nbackground-image:unset;\n}\n<\/style>\n<div id='tisvol-tagline'  class='avia-section av-33yw-fe4ace012c6b9c696b8bb8b31f28441a main_color avia-section-default avia-no-border-styling  avia-builder-el-0  el_before_av_section  avia-builder-el-first  avia-bg-style-scroll container_wrap sidebar_right'  ><div class='container av-section-cont-open' ><main  role=\"main\" itemprop=\"mainContentOfPage\"  class='template-page content  av-content-small alpha units'><div class='post-entry post-entry-type-page post-entry-16896'><div class='entry-content-wrapper clearfix'>\n<section  class='av_textblock_section av-jj8pzx7e-f58ee2657ad4a3ea48b2f1ff7d628b0b '   itemscope=\"itemscope\" itemtype=\"https:\/\/schema.org\/CreativeWork\" ><div class='avia_textblock'  itemprop=\"text\" ><h3 style=\"text-align: center;\">Powered by Superior Quality<\/h3>\n<\/div><\/section>\n\n<\/div><\/div><\/main><!-- close content main element --><\/div><\/div>\n<style type=\"text\/css\" data-created_by=\"avia_inline_auto\" id=\"style-css-av-jsei95pk-4de8cb2051bbb907c9c685e4cba9faee\">\n.avia-section.av-jsei95pk-4de8cb2051bbb907c9c685e4cba9faee{\nbackground-color:#232323;\nbackground-repeat:no-repeat;\nbackground-image:url(https:\/\/tisvol.com\/wp-content\/uploads\/2019\/05\/sistemasdepotencia.jpg), linear-gradient( to right, #232323, #6d6d6d );\nbackground-position:0% 0%;\nbackground-attachment:scroll;\n}\n.avia-section.av-jsei95pk-4de8cb2051bbb907c9c685e4cba9faee .av-section-color-overlay{\nopacity:0.5;\nbackground-color:#777777;\n}\n<\/style>\n<div id='sistemas-de-potencia'  class='avia-section av-jsei95pk-4de8cb2051bbb907c9c685e4cba9faee main_color avia-section-large avia-no-border-styling  avia-builder-el-2  el_after_av_section  el_before_av_section  avia-full-stretch avia-bg-style-scroll av-section-color-overlay-active av-minimum-height av-minimum-height-75 av-height-75  container_wrap sidebar_right'  data-section-bg-repeat='stretch' data-av_minimum_height_pc='75' data-av_min_height_opt='75'><div class=\"av-section-color-overlay-wrap\"><div class=\"av-section-color-overlay\"><\/div><div class='container av-section-cont-open' ><div class='template-page content  av-content-small alpha units'><div class='post-entry post-entry-type-page post-entry-16896'><div class='entry-content-wrapper clearfix'>\n\n<style type=\"text\/css\" data-created_by=\"avia_inline_auto\" id=\"style-css-av-4p5m5k-3dbd6fe4d6ef4273dc2cfefe28d50e32\">\n.flex_column.av-4p5m5k-3dbd6fe4d6ef4273dc2cfefe28d50e32{\nborder-radius:0px 0px 0px 0px;\npadding:0px 0px 0px 0px;\n}\n<\/style>\n<div  class='flex_column av-4p5m5k-3dbd6fe4d6ef4273dc2cfefe28d50e32 av_four_fifth  avia-builder-el-3  el_before_av_one_fifth  avia-builder-el-first  animation-element first flex_column_div av-zero-column-padding  '     ><style type=\"text\/css\" data-created_by=\"avia_inline_auto\" id=\"style-css-av-jj8rms6q-0ace5a6ff95aee75cbff9e9923c598c9\">\n#top .av_textblock_section.av-jj8rms6q-0ace5a6ff95aee75cbff9e9923c598c9 .avia_textblock{\nfont-size:20px;\ncolor:#ffffff;\n}\n<\/style>\n<section  class='av_textblock_section av-jj8rms6q-0ace5a6ff95aee75cbff9e9923c598c9 '   itemscope=\"itemscope\" itemtype=\"https:\/\/schema.org\/CreativeWork\" ><div class='avia_textblock av_inherit_color'  itemprop=\"text\" ><h2 class=\"titular-principal\">SYSTEMY ZASILANIA<\/h2>\n<h4><span class=\"gradient-text-white\">Idealne uzupe\u0142nienie Twojej wywrotki Tisvol<\/span><\/h4>\n<\/div><\/section><br \/>\n\n<style type=\"text\/css\" data-created_by=\"avia_inline_auto\" id=\"style-css-av-jseinx9j-f1d16525a1dd5ee02b777298b51b00ab\">\n#top .hr.hr-invisible.av-jseinx9j-f1d16525a1dd5ee02b777298b51b00ab{\nheight:30px;\n}\n<\/style>\n<div  class='hr av-jseinx9j-f1d16525a1dd5ee02b777298b51b00ab hr-invisible  avia-builder-el-5  el_after_av_textblock  el_before_av_textblock '><span class='hr-inner '><span class=\"hr-inner-style\"><\/span><\/span><\/div><br \/>\n\n<style type=\"text\/css\" data-created_by=\"avia_inline_auto\" id=\"style-css-av-jk29c4n6-f38e6b98d07269e92411984733972f48\">\n#top .av_textblock_section.av-jk29c4n6-f38e6b98d07269e92411984733972f48 .avia_textblock{\ncolor:#e8e8e8;\n}\n<\/style>\n<section  class='av_textblock_section av-jk29c4n6-f38e6b98d07269e92411984733972f48 '   itemscope=\"itemscope\" itemtype=\"https:\/\/schema.org\/CreativeWork\" ><div class='avia_textblock av_inherit_color'  itemprop=\"text\" ><h3 class=\"gradient-text\">Uk\u0142ad elektryczny<\/h3>\n<ul>\n<li><strong>Uk\u0142ad elektryczny ekranowany:<\/strong> uk\u0142ad elektryczny marki Asp\u00f6ck z przedni\u0105 skrzynk\u0105 przy\u0142\u0105czeniow\u0105, z przy\u0142\u0105czem z dwoma wtyczkami 7- pinowymi (ISO1185 \/ ISO3731) i 1 \u00d7 15 pin\u00f3w (ISO72570), szczelno\u015b\u0107 IP 67 i homologowany dla ADR. Sk\u0142ada si\u0119 z nast\u0119puj\u0105cych element\u00f3w: boczne i przednie \u015bwiat\u0142a pozycyjne LED zamocowane na podwoziu, z cz\u0119stotliwo\u015bci\u0105 migania zgodnie z rozporz\u0105dzeniem 48R.06; dwa wielofunkcyjne \u015bwiat\u0142a tylne ze zintegrowanym tr\u00f3jk\u0105tem EUROPOINT III FULL LED; sygna\u0142 akustyczny podnoszenia i cofania; i trzecie \u015bwiat\u0142o hamowania LED.<\/li>\n<li><strong>Zawieszenie elektroniczne ECAS:<\/strong> elektroniczny system zawieszenia ECAS firmy Wabco. Zarz\u0105dzanie zawieszeniem pneumatycznym odbywa si\u0119 z modu\u0142u elektronicznego umieszczonego w EBS. System reguluje wysoko\u015b\u0107 zawieszenia w zale\u017cno\u015bci od pr\u0119dko\u015bci, oszcz\u0119dzaj\u0105c paliwo.<\/li>\n<li><strong>Reflektory o\u015bwietlenia roboczego:<\/strong> jeden, dwa lub cztery w wybranym miejscu, z o\u015bwietleniem LED.<\/li>\n<li><strong>\u015awiat\u0142a boczne:<\/strong> Standardowo przymocowane do nadwozia i opcjonalnie z boku nadwozia. Pomagaj\u0105 manewrowa\u0107 w czasie s\u0142abej widoczno\u015bci. Migaj\u0105 wraz z kierunkowskazem i spe\u0142niaj\u0105 wymagania rozporz\u0105dzenia 48R.06 dotycz\u0105cego o\u015bwietlenia i sygnalizacji.<\/li>\n<li><strong>Obrotowy sygnalizator maksymalnego nachylenia:<\/strong> Aktywuje si\u0119 jako sygna\u0142 \u015bwietlny, gdy wykryje, \u017ce wywrotka jest zbyt podniesiona, aby podj\u0105\u0107 pr\u00f3b\u0119 roz\u0142adunku. Standardowo w Coroa.<\/li>\n<\/ul>\n<\/div><\/section><br \/>\n\n<style type=\"text\/css\" data-created_by=\"avia_inline_auto\" id=\"style-css-av-jk29c4n6-f38e6b98d07269e92411984733972f48\">\n#top .av_textblock_section.av-jk29c4n6-f38e6b98d07269e92411984733972f48 .avia_textblock{\ncolor:#e8e8e8;\n}\n<\/style>\n<section  class='av_textblock_section av-jk29c4n6-f38e6b98d07269e92411984733972f48 '   itemscope=\"itemscope\" itemtype=\"https:\/\/schema.org\/CreativeWork\" ><div class='avia_textblock av_inherit_color'  itemprop=\"text\" ><h3 class=\"gradient-text\">Uk\u0142ad pneumatyczny<\/h3>\n<ul>\n<li><strong> Kod kolor\u00f3w<\/strong> uk\u0142adu pneumatycznego, \u0142atwy do zidentyfikowania.<\/li>\n<li>S<strong>tatyczny uk\u0142ad stabilno\u015bci TSV:<\/strong> Podczas roz\u0142adunku system wykrywa, \u017ce skrzynia odrywa si\u0119 od podwozia i poduszki zawieszenia s\u0105 opr\u00f3\u017cniane. \u015arodek ci\u0119\u017cko\u015bci zestawu obni\u017ca si\u0119 i mo\u017cna wykona\u0107 roz\u0142adunek z bardziej stabilnym podparciem.<\/li>\n<li><strong>Uk\u0142ad hamulcowy EBS (Electronic Brake System) 2S\/2M z dwoma czujnikami i dwoma modulatorami:<\/strong> Kategoria A zgodna z przepisami ADR i zainstalowany system stabilizacji dynamicznej typu RSS. Wyposa\u017cony w kamery i si\u0142owniki z funkcj\u0105 parkowania na dw\u00f3ch tylnych osiach oraz z prostymi kamerami na pierwszej osi. Standardowo zainstalowany zaw\u00f3r ci\u015bnieniowy, kt\u00f3ry umo\u017cliwia przej\u015bcie badania technicznego bez \u0142adunku. Przy\u0142\u0105cze znajduje si\u0119 w bocznym panelu sterowania.<\/li>\n<\/ul>\n<\/div><\/section><br \/>\n\n<style type=\"text\/css\" data-created_by=\"avia_inline_auto\" id=\"style-css-av-jk29c4n6-f38e6b98d07269e92411984733972f48\">\n#top .av_textblock_section.av-jk29c4n6-f38e6b98d07269e92411984733972f48 .avia_textblock{\ncolor:#e8e8e8;\n}\n<\/style>\n<section  class='av_textblock_section av-jk29c4n6-f38e6b98d07269e92411984733972f48 '   itemscope=\"itemscope\" itemtype=\"https:\/\/schema.org\/CreativeWork\" ><div class='avia_textblock av_inherit_color'  itemprop=\"text\" ><h3 class=\"gradient-text\">Uk\u0142ad hydrauliczny<\/h3>\n<ul>\n<li><strong>Centralnie umieszczone i podwy\u017cszone<\/strong> przy\u0142\u0105cza u\u0142atwiaj\u0105 pod\u0142\u0105czanie i od\u0142\u0105czanie, utrudniaj\u0105c tworzenie si\u0119 w\u0119z\u0142\u00f3w na w\u0119\u017cach.<\/li>\n<li><strong>1 lub 2 przewody:<\/strong> z jednym przewodem po\u0142\u0105czenie jest bezpo\u015brednie; z dwoma wstawiamy dystrybutor i montujemy system ochrony cylindra przy maksymalnym nachyleniu. Dostosowujemy si\u0119 do rozwi\u0105zania, kt\u00f3re najlepiej spe\u0142nia Twoje potrzeby.<\/li>\n<li><strong>Szeroka gama przy\u0142\u0105czy hydraulicznych:<\/strong> Dostosowujemy si\u0119 do wi\u0119kszo\u015bci standardowych po\u0142\u0105cze\u0144.<\/li>\n<li><strong>Autonomiczny uk\u0142ad wywrotu:<\/strong> W razie potrzeby mo\u017cemy wyposa\u017cy\u0107 w ca\u0142y uk\u0142ad hydrauliczny do obs\u0142ugi cylindra niezale\u017cnie od ci\u0105gnika. System ten jest idealny we flotach niespecjalizuj\u0105cych si\u0119 w wywrotkach z du\u017c\u0105 rotacj\u0105 ci\u0105gnik\u00f3w.<\/li>\n<\/ul>\n<\/div><\/section><br \/>\n\n<style type=\"text\/css\" data-created_by=\"avia_inline_auto\" id=\"style-css-av-jk29c4n6-f38e6b98d07269e92411984733972f48\">\n#top .av_textblock_section.av-jk29c4n6-f38e6b98d07269e92411984733972f48 .avia_textblock{\ncolor:#e8e8e8;\n}\n<\/style>\n<section  class='av_textblock_section av-jk29c4n6-f38e6b98d07269e92411984733972f48 '   itemscope=\"itemscope\" itemtype=\"https:\/\/schema.org\/CreativeWork\" ><div class='avia_textblock av_inherit_color'  itemprop=\"text\" ><h3 class=\"gradient-text\">Akcesoria technologiczne<\/h3>\n<ul>\n<li><strong>System samonape\u0142niaj\u0105cy SAF Tire Pilot:<\/strong> spos\u00f3b na utrzymanie optymalnego ci\u015bnienia na wszystkich oponach, a tym samym na oszcz\u0119dno\u015b\u0107 paliwa.<\/li>\n<li><em><strong>Smartboard:<\/strong><\/em> Jest to system kontroli danych Wabco, kt\u00f3ry standardowo oferuje nast\u0119puj\u0105ce funkcje:\n<ul>\n<li>Licznik przebiegu.<\/li>\n<li>Ostrze\u017cenia i wy\u015bwietlanie awarii.<\/li>\n<li>Warto\u015bci pomiarowe uk\u0142adu hamulcowego i zawieszenia, bardzo przydatne podczas przygotowywania historii b\u0142\u0119d\u00f3w.<\/li>\n<li>Wy\u015bwietlanie obci\u0105\u017cenia na ka\u017cdej osi.<\/li>\n<\/ul>\n<\/li>\n<li><strong>Popraw funkcje <em>Smartboard:<\/em><\/strong>\n<ul>\n<li>Kontrola ci\u015bnienia w oponach. Dzi\u0119ki systemowi OptiTire mo\u017cesz monitorowa\u0107 ci\u015bnienie opon w czasie rzeczywistym.<\/li>\n<li>Kamery podgl\u0105du za\u0142adunku umo\u017cliwiaj\u0105 wizualizacj\u0119 wn\u0119trza nadwozia podczas \u0142adowania.<\/li>\n<li>Elektroniczne unieruchomienie naczepy.<\/li>\n<li>Wska\u017anik zu\u017cycia klock\u00f3w. Smartboard wy\u015bwietli ostrze\u017cenie, \u017ce ich \u017cywotno\u015b\u0107 zbli\u017ca si\u0119 do ko\u0144ca i mo\u017cesz zaplanowa\u0107 wizyt\u0119 w warsztacie.<\/li>\n<li>Po\u0142\u0105czone pojazdy. Za pomoc\u0105 Optilink lub iTap mo\u017cesz synchronizowa\u0107 naczepy ze swoim tabletem lub smartfonem i monitorowa\u0107 du\u017c\u0105 ilo\u015b\u0107 informacji.<\/li>\n<\/ul>\n<\/li>\n<li><strong>Zaw\u00f3r COLAS.<\/strong> Mechanizm ten jest odpowiedzialny za regulacj\u0119 wysoko\u015bci zawieszenia do optymalnej pozycji roboczej, niezale\u017cnie od po\u0142o\u017cenia, w kt\u00f3rym pozostawiono zaw\u00f3r.<\/li>\n<li><strong>Elektronika i <em>big data<\/em> oferuj\u0105 nam mo\u017cliwo\u015b\u0107 zmniejszenia promienia skr\u0119tu.<\/strong> Naczepa wykrywa przed\u0142u\u017caj\u0105cy si\u0119 skr\u0119t i uwalnia trzeci\u0105 o\u015b od obci\u0105\u017cenia, przez co skr\u0119t odbywa si\u0119 na mniejszej przestrzeni. Rozwi\u0105zanie dostarczone przez Optiturn firmy Wabco.<\/li>\n<\/ul>\n<\/div><\/section><\/p><\/div>\n<style type=\"text\/css\" data-created_by=\"avia_inline_auto\" id=\"style-css-av-22s720-79292b08e6c340448b51653641dd66d5\">\n.flex_column.av-22s720-79292b08e6c340448b51653641dd66d5{\nborder-radius:0px 0px 0px 0px;\npadding:0px 0px 0px 0px;\n}\n<\/style>\n<div  class='flex_column av-22s720-79292b08e6c340448b51653641dd66d5 av_one_fifth  avia-builder-el-10  el_after_av_four_fifth  avia-builder-el-last  flex_column_div av-zero-column-padding  '     ><\/div>\n\n<\/div><\/div><\/div><!-- close content main div --><\/div><\/div><\/div>\n<style type=\"text\/css\" data-created_by=\"avia_inline_auto\" id=\"style-css-av-9o9nuz-592bd37fc9ed85f16e28c2603f514aea\">\n.avia-section.av-9o9nuz-592bd37fc9ed85f16e28c2603f514aea{\nbackground-repeat:no-repeat;\nbackground-image:url(https:\/\/tisvol.com\/wp-content\/uploads\/2018\/07\/tisvol-como-se-hace-bg.jpg);\nbackground-position:50% 50%;\nbackground-attachment:scroll;\n}\n.avia-section.av-9o9nuz-592bd37fc9ed85f16e28c2603f514aea .av-section-color-overlay{\nopacity:0.9;\nbackground-color:#ffffff;\n}\n<\/style>\n<div id='av_section_3'  class='avia-section av-9o9nuz-592bd37fc9ed85f16e28c2603f514aea main_color avia-section-default avia-no-border-styling  avia-builder-el-11  el_after_av_section  el_before_av_section  gradient-overlay border-top-fillet avia-full-stretch avia-bg-style-scroll av-section-color-overlay-active container_wrap sidebar_right'  data-section-bg-repeat='stretch'><div class=\"av-section-color-overlay-wrap\"><div class=\"av-section-color-overlay\"><\/div><div class='container av-section-cont-open' ><div class='template-page content  av-content-small alpha units'><div class='post-entry post-entry-type-page post-entry-16896'><div class='entry-content-wrapper clearfix'>\n\n<style type=\"text\/css\" data-created_by=\"avia_inline_auto\" id=\"style-css-av-1uwf2z-2cc67e0256f80101e4014eae9c62c7c5\">\n.flex_column.av-1uwf2z-2cc67e0256f80101e4014eae9c62c7c5{\nborder-radius:0px 0px 0px 0px;\npadding:0px 0px 0px 0px;\n}\n<\/style>\n<div  class='flex_column av-1uwf2z-2cc67e0256f80101e4014eae9c62c7c5 av_one_fifth  avia-builder-el-12  el_before_av_three_fifth  avia-builder-el-first  first flex_column_div av-zero-column-padding  '     ><\/div>\n<style type=\"text\/css\" data-created_by=\"avia_inline_auto\" id=\"style-css-av-6tq6cb-898d1a5c296f34510c04e41945908418\">\n.flex_column.av-6tq6cb-898d1a5c296f34510c04e41945908418{\nborder-radius:0px 0px 0px 0px;\npadding:0px 0px 0px 0px;\n}\n<\/style>\n<div  class='flex_column av-6tq6cb-898d1a5c296f34510c04e41945908418 av_three_fifth  avia-builder-el-13  el_after_av_one_fifth  avia-builder-el-last  flex_column_div av-zero-column-padding  '     ><section  class='av_textblock_section av-jk0tw2iq-c9a83e4542c117f1c04fa5974a1634f8 '   itemscope=\"itemscope\" itemtype=\"https:\/\/schema.org\/CreativeWork\" ><div class='avia_textblock'  itemprop=\"text\" ><div class=\"tisvol-diagonal\">\n<div><\/div>\n<\/div>\n<h3 class=\"titular-estandar\" style=\"text-align: center;\">JAK POWSTAJE TISVOL<\/h3>\n<div class=\"tisvol-diagonal\">\n<div><\/div>\n<\/div>\n<\/div><\/section><br \/>\n<section  class='av_textblock_section av-jk0tw2iq-c9a83e4542c117f1c04fa5974a1634f8 '   itemscope=\"itemscope\" itemtype=\"https:\/\/schema.org\/CreativeWork\" ><div class='avia_textblock'  itemprop=\"text\" ><p style=\"text-align: center;\"><strong>W procesie konstrukcji pojazdu Tisvol uczestniczy ponad 40 robot\u00f3w, kt\u00f3re s\u0105 cz\u0119\u015bci\u0105 procesu produkcji, ponad 4 km zgrzew\u00f3w na sztuk\u0119 i ponad 1.000 \u015brub.<\/strong><\/p>\n<p style=\"text-align: center;\">Automatyzacja procesu spawania powy\u017cej 85% we wszystkich po\u0142\u0105czeniach, aby uzyska\u0107 maksymalny poziom jako\u015bci oraz tempo, kt\u00f3rego nie zapewni proces r\u0119czny. Stacje spawalnicze s\u0105 zautomatyzowane, posiadaj\u0105 3 lub 5-osiowe roboty wyposa\u017cone w najwy\u017csz\u0105 technologi\u0119 CNC.<\/p>\n<p style=\"text-align: center;\">Zautomatyzowany monta\u017c narodzi\u0142 si\u0119 z marze\u0144 za\u0142o\u017cycieli, z wizji dyrekcji oraz z zaanga\u017cowania ca\u0142ego zespo\u0142u ludzkiego firmy Tisvol, ale nie nale\u017cy zapomina\u0107 o duchu rzemios\u0142a, wiedzy naszego personelu, wielu latach do\u015bwiadcze\u0144, kt\u00f3re wykorzystujemy produkuj\u0105c ka\u017cdy pojazd. <strong>Daj si\u0119 zaskoczy\u0107 i zobacz, jak powstaje pojazd marki Tisvol:<\/strong><\/p>\n<p style=\"text-align: center;\">[<a style=\"color: #fff; text-decoration: underline;\" href=\"https:\/\/tisvol.com\/pl\/como-se-hace\/\">Wi\u0119cej informacji o systemie konstrukcyjnym w Tisvol<\/a>]<\/p>\n<\/div><\/section><\/p><\/div>\n\n<\/div><\/div><\/div><!-- close content main div --><\/div><\/div><\/div>\n<style type=\"text\/css\" data-created_by=\"avia_inline_auto\" id=\"style-css-av-9o9nuz-160e269624ae7b761652ba28b723b710\">\n.avia-section.av-9o9nuz-160e269624ae7b761652ba28b723b710{\nbackground-color:#d8d8d8;\nbackground-image:unset;\n}\n<\/style>\n<div id='av_section_4'  class='avia-section av-9o9nuz-160e269624ae7b761652ba28b723b710 main_color avia-section-large avia-no-border-styling  avia-builder-el-16  el_after_av_section  avia-builder-el-last  avia-bg-style-scroll container_wrap sidebar_right'  ><div class='container av-section-cont-open' ><div class='template-page content  av-content-small alpha units'><div class='post-entry post-entry-type-page post-entry-16896'><div class='entry-content-wrapper clearfix'>\n<div class='flex_column_table av-57fmi3-092815821eaaee3182dc6f1c6f92c697 sc-av_one_third av-equal-height-column-flextable'>\n<style type=\"text\/css\" data-created_by=\"avia_inline_auto\" id=\"style-css-av-57fmi3-092815821eaaee3182dc6f1c6f92c697\">\n.flex_column.av-57fmi3-092815821eaaee3182dc6f1c6f92c697{\nborder-radius:0px 0px 0px 0px;\npadding:0px 0px 0px 0px;\n}\n<\/style>\n<div  class='flex_column av-57fmi3-092815821eaaee3182dc6f1c6f92c697 av_one_third  avia-builder-el-17  el_before_av_one_third  avia-builder-el-first  first flex_column_table_cell av-equal-height-column av-align-top av-zero-column-padding  '     ><section  class='av_textblock_section av-jk0tw2iq-c9a83e4542c117f1c04fa5974a1634f8 '   itemscope=\"itemscope\" itemtype=\"https:\/\/schema.org\/CreativeWork\" ><div class='avia_textblock'  itemprop=\"text\" ><h3 style=\"text-align: center;\">Aluminium w Tisvol<\/h3>\n<p style=\"text-align: center;\">Tisvol od dawna stosuje aluminium jako o\u015b swojej dzia\u0142alno\u015bci. Przez te wszystkie lata, a min\u0119\u0142o ich ponad 40, nasz surowiec sta\u0142 si\u0119 nasz\u0105 dusz\u0105 i cz\u0119\u015bci\u0105 naszego DNA.<\/p>\n<p style=\"text-align: center;\">[<a href=\"https:\/\/tisvol.com\/pl\/como-se-hace\/aluminio\/\">Wi\u0119cej informacji o aluminium w Tisvol<\/a>]<\/p>\n<\/div><\/section><\/div><div class='av-flex-placeholder'><\/div>\n<style type=\"text\/css\" data-created_by=\"avia_inline_auto\" id=\"style-css-av-3kos8r-355d274a76e6708e3617908638d3f2c0\">\n.flex_column.av-3kos8r-355d274a76e6708e3617908638d3f2c0{\nborder-radius:0px 0px 0px 0px;\npadding:0px 0px 0px 0px;\n}\n<\/style>\n<div  class='flex_column av-3kos8r-355d274a76e6708e3617908638d3f2c0 av_one_third  avia-builder-el-19  el_after_av_one_third  el_before_av_one_third  flex_column_table_cell av-equal-height-column av-align-top av-zero-column-padding  '     ><section  class='av_textblock_section av-jk0tw2iq-c9a83e4542c117f1c04fa5974a1634f8 '   itemscope=\"itemscope\" itemtype=\"https:\/\/schema.org\/CreativeWork\" ><div class='avia_textblock'  itemprop=\"text\" ><h3 style=\"text-align: center;\">Systemy zasilania w Tisvol<\/h3>\n<p style=\"text-align: center;\">Ekranowany uk\u0142ad elektryczny jest dopuszczony do transportu towar\u00f3w niebezpiecznych; system pneumatyczny wed\u0142ug kolor\u00f3w do szybkiej identyfikacji usterek; prosty i mieszany system przewod\u00f3w hydraulicznych z wy\u0142\u0105cznikami kra\u0144cowymi bezpiecze\u0144stwa.<\/p>\n<p style=\"text-align: center;\">[<a href=\"https:\/\/tisvol.com\/pl\/como-se-hace\/sistemas-de-potencia\/\">Wi\u0119cej informacji o systemach zasilania Tisvol<\/a>]<\/p>\n<\/div><\/section><\/div><div class='av-flex-placeholder'><\/div>\n<style type=\"text\/css\" data-created_by=\"avia_inline_auto\" id=\"style-css-av-2zilyz-71f7a28451342a07790eec49a1bb3d31\">\n.flex_column.av-2zilyz-71f7a28451342a07790eec49a1bb3d31{\nborder-radius:0px 0px 0px 0px;\npadding:0px 0px 0px 0px;\n}\n<\/style>\n<div  class='flex_column av-2zilyz-71f7a28451342a07790eec49a1bb3d31 av_one_third  avia-builder-el-21  el_after_av_one_third  avia-builder-el-last  flex_column_table_cell av-equal-height-column av-align-top av-zero-column-padding  '     ><section  class='av_textblock_section av-jk0tw2iq-c9a83e4542c117f1c04fa5974a1634f8 '   itemscope=\"itemscope\" itemtype=\"https:\/\/schema.org\/CreativeWork\" ><div class='avia_textblock'  itemprop=\"text\" ><h3 style=\"text-align: center;\">Znaczenie masy w\u0142asnej w Tisvol<\/h3>\n<p style=\"text-align: center;\">We wszystkich gamach, w ka\u017cdym z naszych pojazd\u00f3w, masa w\u0142asna jest jedn\u0105 z g\u0142\u00f3wnych warto\u015bci, kt\u00f3re podkre\u015blaj\u0105 nasi klienci po ich wypr\u00f3bowaniu. <strong>Wybieraj\u0105c Tisvol, wybierasz wi\u0119ksz\u0105 \u0142adowno\u015b\u0107, lepsz\u0105 optymalizacj\u0119.<\/strong> Masa w\u0142asna pojazdu jest podstaw\u0105 rentowno\u015bci naszych klient\u00f3w, a w Tisvol jeste\u015bmy tego \u015bwiadomi, dlatego przeznaczamy znaczn\u0105 cz\u0119\u015b\u0107 naszych zasob\u00f3w na rozw\u00f3j l\u017cejszych pojazd\u00f3w o maksymalnej trwa\u0142o\u015bci.<\/p>\n<\/div><\/section><\/div><\/div><!--close column table wrapper. Autoclose: 1 -->\n<\/div><\/div><\/div><!-- close content main div --><\/div><\/div><div id='after_section_4'  class='main_color av_default_container_wrap container_wrap sidebar_right'  ><div class='container av-section-cont-open' ><div class='template-page content  av-content-small alpha units'><div class='post-entry post-entry-type-page post-entry-16896'><div class='entry-content-wrapper clearfix'>\n","protected":false},"excerpt":{"rendered":"","protected":false},"author":1,"featured_media":0,"parent":16917,"menu_order":0,"comment_status":"closed","ping_status":"closed","template":"","meta":{"_acf_changed":false,"footnotes":""},"class_list":["post-16896","page","type-page","status-publish","hentry"],"acf":[],"_links":{"self":[{"href":"https:\/\/tisvol.com\/pl\/wp-json\/wp\/v2\/pages\/16896","targetHints":{"allow":["GET"]}}],"collection":[{"href":"https:\/\/tisvol.com\/pl\/wp-json\/wp\/v2\/pages"}],"about":[{"href":"https:\/\/tisvol.com\/pl\/wp-json\/wp\/v2\/types\/page"}],"author":[{"embeddable":true,"href":"https:\/\/tisvol.com\/pl\/wp-json\/wp\/v2\/users\/1"}],"replies":[{"embeddable":true,"href":"https:\/\/tisvol.com\/pl\/wp-json\/wp\/v2\/comments?post=16896"}],"version-history":[{"count":0,"href":"https:\/\/tisvol.com\/pl\/wp-json\/wp\/v2\/pages\/16896\/revisions"}],"up":[{"embeddable":true,"href":"https:\/\/tisvol.com\/pl\/wp-json\/wp\/v2\/pages\/16917"}],"wp:attachment":[{"href":"https:\/\/tisvol.com\/pl\/wp-json\/wp\/v2\/media?parent=16896"}],"curies":[{"name":"wp","href":"https:\/\/api.w.org\/{rel}","templated":true}]}}