{"id":16887,"date":"2018-07-25T09:39:01","date_gmt":"2018-07-25T09:39:01","guid":{"rendered":"https:\/\/tisvol.com\/powered-by-superior-quality\/"},"modified":"2018-07-25T09:39:01","modified_gmt":"2018-07-25T09:39:01","slug":"powered-by-superior-quality","status":"publish","type":"page","link":"https:\/\/tisvol.com\/pl\/powered-by-superior-quality\/","title":{"rendered":"Powered by Superior Quality"},"content":{"rendered":"\n<style type=\"text\/css\" data-created_by=\"avia_inline_auto\" id=\"style-css-av-33yw-fe4ace012c6b9c696b8bb8b31f28441a\">\n.avia-section.av-33yw-fe4ace012c6b9c696b8bb8b31f28441a{\nbackground-color:#ffffff;\nbackground-image:unset;\n}\n<\/style>\n<div id='tisvol-tagline'  class='avia-section av-33yw-fe4ace012c6b9c696b8bb8b31f28441a main_color avia-section-default avia-no-border-styling  avia-builder-el-0  el_before_av_section  avia-builder-el-first  avia-bg-style-scroll container_wrap sidebar_right'  ><div class='container av-section-cont-open' ><main  role=\"main\" itemprop=\"mainContentOfPage\"  class='template-page content  av-content-small alpha units'><div class='post-entry post-entry-type-page post-entry-16887'><div class='entry-content-wrapper clearfix'>\n<section  class='av_textblock_section av-jj8pzx7e-f58ee2657ad4a3ea48b2f1ff7d628b0b '   itemscope=\"itemscope\" itemtype=\"https:\/\/schema.org\/CreativeWork\" ><div class='avia_textblock'  itemprop=\"text\" ><h3 style=\"text-align: center;\">Powered by Superior Quality<\/h3>\n<\/div><\/section>\n\n<\/div><\/div><\/main><!-- close content main element --><\/div><\/div><div id='av_section_2'  class='avia-section av-84mx59-6e9221186d7501332e198ae43691a6cb main_color avia-section-default avia-no-border-styling  avia-builder-el-2  el_after_av_section  el_before_av_section  avia-bg-style-scroll container_wrap sidebar_right'  ><div class='container av-section-cont-open' ><div class='template-page content  av-content-small alpha units'><div class='post-entry post-entry-type-page post-entry-16887'><div class='entry-content-wrapper clearfix'>\n\n<style type=\"text\/css\" data-created_by=\"avia_inline_auto\" id=\"style-css-av-5lno71-9dc4546f5f1037e0f4b4061445bf6c98\">\n.flex_column.av-5lno71-9dc4546f5f1037e0f4b4061445bf6c98{\nborder-radius:0px 0px 0px 0px;\npadding:0px 0px 0px 0px;\n}\n<\/style>\n<div  class='flex_column av-5lno71-9dc4546f5f1037e0f4b4061445bf6c98 av_one_fifth  avia-builder-el-3  el_before_av_three_fifth  avia-builder-el-first  first flex_column_div av-zero-column-padding  '     ><\/div>\n<style type=\"text\/css\" data-created_by=\"avia_inline_auto\" id=\"style-css-av-4jx05p-2ed967471d0f7c52c60f27d564731e47\">\n.flex_column.av-4jx05p-2ed967471d0f7c52c60f27d564731e47{\nborder-radius:0px 0px 0px 0px;\npadding:0px 0px 0px 0px;\n}\n<\/style>\n<div  class='flex_column av-4jx05p-2ed967471d0f7c52c60f27d564731e47 av_three_fifth  avia-builder-el-4  el_after_av_one_fifth  el_before_av_one_fifth  flex_column_div av-zero-column-padding  '     ><section  class='av_textblock_section av-jj8rms6q-e378de6f514244f1a118e0085a2fbc7d '   itemscope=\"itemscope\" itemtype=\"https:\/\/schema.org\/CreativeWork\" ><div class='avia_textblock'  itemprop=\"text\" ><div class=\"tisvol-diagonal\">\n<div><\/div>\n<\/div>\n<h2 class=\"titular-principal\" style=\"text-align: center;\">POWERED BY SUPERIOR QUALITY<\/h2>\n<h4 class=\"subtitular-principal\" style=\"text-align: center;\">&#8211; Subt\u00edtulo de Powered by Superior Quality &#8211;<\/h4>\n<div class=\"tisvol-diagonal\">\n<div><\/div>\n<\/div>\n<\/div><\/section><\/div>\n<style type=\"text\/css\" data-created_by=\"avia_inline_auto\" id=\"style-css-av-2v22p9-842f49a6aac5e0a377906e1bebd4e79a\">\n.flex_column.av-2v22p9-842f49a6aac5e0a377906e1bebd4e79a{\nborder-radius:0px 0px 0px 0px;\npadding:0px 0px 0px 0px;\n}\n<\/style>\n<div  class='flex_column av-2v22p9-842f49a6aac5e0a377906e1bebd4e79a av_one_fifth  avia-builder-el-6  el_after_av_three_fifth  avia-builder-el-last  flex_column_div av-zero-column-padding  '     ><\/div>\n\n<\/div><\/div><\/div><!-- close content main div --><\/div><\/div>\n<style type=\"text\/css\" data-created_by=\"avia_inline_auto\" id=\"style-css-av-9o9nuz-c965604ee3a4a88024c611eb904213e6\">\n.avia-section.av-9o9nuz-c965604ee3a4a88024c611eb904213e6{\nbackground-repeat:no-repeat;\nbackground-image:url(https:\/\/tisvol.com\/wp-content\/uploads\/2018\/07\/tisvol-como-se-hace-bg.jpg);\nbackground-position:50% 50%;\nbackground-attachment:scroll;\n}\n.avia-section.av-9o9nuz-c965604ee3a4a88024c611eb904213e6 .av-section-color-overlay{\nopacity:0.9;\nbackground-color:#ffffff;\n}\n<\/style>\n<div id='como-se-construye'  class='avia-section av-9o9nuz-c965604ee3a4a88024c611eb904213e6 main_color avia-section-default avia-no-border-styling  avia-builder-el-7  el_after_av_section  el_before_av_section  gradient-overlay avia-full-stretch avia-bg-style-scroll av-section-color-overlay-active container_wrap sidebar_right'  data-section-bg-repeat='stretch'><div class=\"av-section-color-overlay-wrap\"><div class=\"av-section-color-overlay\"><\/div><div class='container av-section-cont-open' ><div class='template-page content  av-content-small alpha units'><div class='post-entry post-entry-type-page post-entry-16887'><div class='entry-content-wrapper clearfix'>\n\n<style type=\"text\/css\" data-created_by=\"avia_inline_auto\" id=\"style-css-av-1uwf2z-2cc67e0256f80101e4014eae9c62c7c5\">\n.flex_column.av-1uwf2z-2cc67e0256f80101e4014eae9c62c7c5{\nborder-radius:0px 0px 0px 0px;\npadding:0px 0px 0px 0px;\n}\n<\/style>\n<div  class='flex_column av-1uwf2z-2cc67e0256f80101e4014eae9c62c7c5 av_one_fifth  avia-builder-el-8  el_before_av_three_fifth  avia-builder-el-first  first flex_column_div av-zero-column-padding  '     ><\/div>\n<style type=\"text\/css\" data-created_by=\"avia_inline_auto\" id=\"style-css-av-6tq6cb-898d1a5c296f34510c04e41945908418\">\n.flex_column.av-6tq6cb-898d1a5c296f34510c04e41945908418{\nborder-radius:0px 0px 0px 0px;\npadding:0px 0px 0px 0px;\n}\n<\/style>\n<div  class='flex_column av-6tq6cb-898d1a5c296f34510c04e41945908418 av_three_fifth  avia-builder-el-9  el_after_av_one_fifth  avia-builder-el-last  flex_column_div av-zero-column-padding  '     ><section  class='av_textblock_section av-jk0tw2iq-c9a83e4542c117f1c04fa5974a1634f8 '   itemscope=\"itemscope\" itemtype=\"https:\/\/schema.org\/CreativeWork\" ><div class='avia_textblock'  itemprop=\"text\" ><div class=\"tisvol-diagonal\">\n<div><\/div>\n<\/div>\n<h3 class=\"titular-estandar\" style=\"text-align: center;\">C\u00f3mo se construye un Tisvol<\/h3>\n<div class=\"tisvol-diagonal\">\n<div><\/div>\n<\/div>\n<\/div><\/section><br \/>\n<section  class='av_textblock_section av-jk0tw2iq-c9a83e4542c117f1c04fa5974a1634f8 '   itemscope=\"itemscope\" itemtype=\"https:\/\/schema.org\/CreativeWork\" ><div class='avia_textblock'  itemprop=\"text\" ><p style=\"text-align: center;\">El proceso de construcci\u00f3n de un Tisvol incluye m\u00e1s de 40 robots que forman parte del proceso de producci\u00f3n, m\u00e1s de 4 km de soldadura por unidad y m\u00e1s de 1.000 tornillos.<\/p>\n<p style=\"text-align: center;\">Una automatizaci\u00f3n superior al 85% del proceso de soldadura en todas sus uniones para obtener un nivel de calidad m\u00e1ximo y una garant\u00eda que el proceso manual no puede sostener en el tiempo. Las estaciones de soldadura est\u00e1n automatizadas con robots de 3 \u00f3 5 ejes equipados con la m\u00e1s alta tecnolog\u00eda en CNC.<\/p>\n<p style=\"text-align: center;\">Todo este montaje automatizado nace del sue\u00f1o de los fundadores, de la visi\u00f3n de la direcci\u00f3n y de la ejecuci\u00f3n de todo el equipo humano que forma Tisvol, y es que no hay que olvidar ese toque de artesan\u00eda, el saber hacer de nuestro personal, con muchos a\u00f1os de experiencia, aplicados a cada veh\u00edculo. Sorpr\u00e9ndete sabiendo c\u00f3mo se construye un Tisvol:<\/p>\n<p style=\"text-align: center;\">[<a style=\"color: #fff; text-decoration: underline;\" href=\"\/?page_id=7096\">+info sobre el sistema constructivo en Tisvol<\/a>]<\/p>\n<\/div><\/section><\/p><\/div>\n\n<\/div><\/div><\/div><!-- close content main div --><\/div><\/div><\/div>\n<style type=\"text\/css\" data-created_by=\"avia_inline_auto\" id=\"style-css-av-9o9nuz-515654f63757043cfeaf4c7ce71daeee\">\n.avia-section.av-9o9nuz-515654f63757043cfeaf4c7ce71daeee{\nbackground-color:#d8d8d8;\nbackground-image:unset;\n}\n<\/style>\n<div id='aluminio-tisvol'  class='avia-section av-9o9nuz-515654f63757043cfeaf4c7ce71daeee main_color avia-section-large avia-no-border-styling  avia-builder-el-12  el_after_av_section  el_before_av_layout_row  avia-bg-style-scroll container_wrap sidebar_right'  ><div class='container av-section-cont-open' ><div class='template-page content  av-content-small alpha units'><div class='post-entry post-entry-type-page post-entry-16887'><div class='entry-content-wrapper clearfix'>\n<div class='flex_column_table av-57fmi3-092815821eaaee3182dc6f1c6f92c697 sc-av_one_third av-equal-height-column-flextable'>\n<style type=\"text\/css\" data-created_by=\"avia_inline_auto\" id=\"style-css-av-57fmi3-092815821eaaee3182dc6f1c6f92c697\">\n.flex_column.av-57fmi3-092815821eaaee3182dc6f1c6f92c697{\nborder-radius:0px 0px 0px 0px;\npadding:0px 0px 0px 0px;\n}\n<\/style>\n<div  class='flex_column av-57fmi3-092815821eaaee3182dc6f1c6f92c697 av_one_third  avia-builder-el-13  el_before_av_one_third  avia-builder-el-first  first flex_column_table_cell av-equal-height-column av-align-top av-zero-column-padding  '     ><section  class='av_textblock_section av-jk0tw2iq-c9a83e4542c117f1c04fa5974a1634f8 '   itemscope=\"itemscope\" itemtype=\"https:\/\/schema.org\/CreativeWork\" ><div class='avia_textblock'  itemprop=\"text\" ><h3 style=\"text-align: center;\">El Aluminio en Tisvol<\/h3>\n<p style=\"text-align: center;\">Hace mucho tiempo que Tisvol adopt\u00f3 el aluminio como el centro de su negocio. En todos estos a\u00f1os, ya m\u00e1s de 40, nuestra materia prima se ha convertido en nuestro alma y se ha integrado en nuestro ADN.<\/p>\n<p style=\"text-align: center;\">[<a href=\"\/?page_id=7172\">+Info sobre aluminio en Tisvol<\/a>]<\/p>\n<\/div><\/section><\/div><div class='av-flex-placeholder'><\/div>\n<style type=\"text\/css\" data-created_by=\"avia_inline_auto\" id=\"style-css-av-3kos8r-355d274a76e6708e3617908638d3f2c0\">\n.flex_column.av-3kos8r-355d274a76e6708e3617908638d3f2c0{\nborder-radius:0px 0px 0px 0px;\npadding:0px 0px 0px 0px;\n}\n<\/style>\n<div  class='flex_column av-3kos8r-355d274a76e6708e3617908638d3f2c0 av_one_third  avia-builder-el-15  el_after_av_one_third  el_before_av_one_third  flex_column_table_cell av-equal-height-column av-align-top av-zero-column-padding  '     ><section  class='av_textblock_section av-jk0tw2iq-c9a83e4542c117f1c04fa5974a1634f8 '   itemscope=\"itemscope\" itemtype=\"https:\/\/schema.org\/CreativeWork\" ><div class='avia_textblock'  itemprop=\"text\" ><h3 style=\"text-align: center;\">Sistemas de potencia en Tisvol<\/h3>\n<p style=\"text-align: center;\">El sistema el\u00e9ctrico blindado est\u00e1 autorizado para el transporte de mercanc\u00edas peligrosas; sistema neum\u00e1tico por colores para una r\u00e1pida identificaci\u00f3n de aver\u00edas; sistema de conexi\u00f3n de latiguillos hidr\u00e1ulicos simple y mixto con final de carrera de seguridad.<\/p>\n<p style=\"text-align: center;\">[<a href=\"https:\/\/tisvol.com\/como-se-hace\/sistemas-de-potencia\/\">+Info sobre sistemas de potencia Tisvol<\/a>]<\/p>\n<\/div><\/section><\/div><div class='av-flex-placeholder'><\/div>\n<style type=\"text\/css\" data-created_by=\"avia_inline_auto\" id=\"style-css-av-2zilyz-71f7a28451342a07790eec49a1bb3d31\">\n.flex_column.av-2zilyz-71f7a28451342a07790eec49a1bb3d31{\nborder-radius:0px 0px 0px 0px;\npadding:0px 0px 0px 0px;\n}\n<\/style>\n<div  class='flex_column av-2zilyz-71f7a28451342a07790eec49a1bb3d31 av_one_third  avia-builder-el-17  el_after_av_one_third  avia-builder-el-last  flex_column_table_cell av-equal-height-column av-align-top av-zero-column-padding  '     ><section  class='av_textblock_section av-jk0tw2iq-c9a83e4542c117f1c04fa5974a1634f8 '   itemscope=\"itemscope\" itemtype=\"https:\/\/schema.org\/CreativeWork\" ><div class='avia_textblock'  itemprop=\"text\" ><h3 style=\"text-align: center;\">La importancia de la tara en Tisvol<\/h3>\n<p style=\"text-align: center;\">En todas las gamas, en cualquiera de nuestros veh\u00edculos, la tara es uno de los principales valores que nuestros clientes destacan tras probarlos. <strong>Elegir Tisvol es elegir mayor carga \u00fatil, mejor optimizaci\u00f3n<\/strong>. La tara es la base de la rentabilidad para nuestros clientes, y en Tisvol somos conscientes de ello, por lo que destinamos gran parte de nuestros recursos al desarrollo de los veh\u00edculos m\u00e1s ligeros con m\u00e1xima durabilidad.<\/p>\n<\/div><\/section><\/div><\/div><!--close column table wrapper. Autoclose: 1 -->\n\n<\/div><\/div><\/div><!-- close content main div --><\/div><\/div><div id='footer-tisvol'  class='av-layout-grid-container av-toe-3c3ce1844a362f02ca2b0826139e6924 entry-content-wrapper main_color av-flex-cells  avia-builder-el-19  el_after_av_section  avia-builder-el-last  grid-row-not-first  container_wrap sidebar_right'  >\n\n<style type=\"text\/css\" data-created_by=\"avia_inline_auto\" id=\"style-css-av-5y4o-4e8b0635f7b79c945563f54ae9731e44\">\n.flex_cell.av-5y4o-4e8b0635f7b79c945563f54ae9731e44{\nvertical-align:top;\nbackground-color:#eaeaea;\n}\n.responsive #top #wrap_all .flex_cell.av-5y4o-4e8b0635f7b79c945563f54ae9731e44{\npadding:60px 60px 60px 60px !important;\n}\n<\/style>\n<div class='flex_cell av-5y4o-4e8b0635f7b79c945563f54ae9731e44 av-gridrow-cell av_one_half no_margin  avia-builder-el-20  el_before_av_cell_one_half  avia-builder-el-first  content-align-top'  ><div class='flex_cell_inner'><p>\n<style type=\"text\/css\" data-created_by=\"avia_inline_auto\" id=\"style-css-av-3zju-025110f1caabe8e5714204edc172fb50\">\n.flex_column.av-3zju-025110f1caabe8e5714204edc172fb50{\nborder-radius:0px 0px 0px 0px;\npadding:0px 0px 0px 0px;\n}\n<\/style>\n<div  class='flex_column av-3zju-025110f1caabe8e5714204edc172fb50 av_one_fifth  avia-builder-el-21  el_before_av_two_third  avia-builder-el-first  light-text-block first flex_column_div av-zero-column-padding  '     ><\/div>\n<style type=\"text\/css\" data-created_by=\"avia_inline_auto\" id=\"style-css-av-3zju-47719717c351c86f25d43ebc9661ae81\">\n.flex_column.av-3zju-47719717c351c86f25d43ebc9661ae81{\nborder-radius:0px 0px 0px 0px;\npadding:0px 0px 0px 0px;\n}\n<\/style>\n<div  class='flex_column av-3zju-47719717c351c86f25d43ebc9661ae81 av_two_third  avia-builder-el-22  el_after_av_one_fifth  avia-builder-el-last  flex_column_div av-zero-column-padding  '     ><section  class='av_textblock_section av-jji9rpio-fe64490182def06bfce411204c780e50 '   itemscope=\"itemscope\" itemtype=\"https:\/\/schema.org\/CreativeWork\" ><div class='avia_textblock'  itemprop=\"text\" ><h3 class=\"titular-estandar\"><strong>Suscr\u00edbete a nuestro Bolet\u00edn<\/strong> para recibir ofertas especiales, noticias y notificaciones de eventos.<\/h3>\n<\/div><\/section><br \/>\n<section  class='av_textblock_section av-jji9rpio-fe64490182def06bfce411204c780e50 '   itemscope=\"itemscope\" itemtype=\"https:\/\/schema.org\/CreativeWork\" ><div class='avia_textblock'  itemprop=\"text\" >\n<div class=\"wpcf7 no-js\" id=\"wpcf7-f6934-o1\" lang=\"es-ES\" dir=\"ltr\" data-wpcf7-id=\"6934\">\n<div class=\"screen-reader-response\"><p role=\"status\" aria-live=\"polite\" aria-atomic=\"true\"><\/p> <ul><\/ul><\/div>\n<form action=\"\/pl\/wp-json\/wp\/v2\/pages\/16887#wpcf7-f6934-o1\" method=\"post\" class=\"wpcf7-form init news-contact-form wpcf7-acceptance-as-validation\" aria-label=\"Formulario de contacto\" novalidate=\"novalidate\" data-status=\"init\">\n<fieldset class=\"hidden-fields-container\"><input type=\"hidden\" name=\"_wpcf7\" value=\"6934\" \/><input type=\"hidden\" name=\"_wpcf7_version\" value=\"6.1.5\" \/><input type=\"hidden\" name=\"_wpcf7_locale\" value=\"es_ES\" \/><input type=\"hidden\" name=\"_wpcf7_unit_tag\" value=\"wpcf7-f6934-o1\" \/><input type=\"hidden\" name=\"_wpcf7_container_post\" value=\"0\" \/><input type=\"hidden\" name=\"_wpcf7_posted_data_hash\" value=\"\" \/><input type=\"hidden\" name=\"_wpcf7cf_hidden_group_fields\" value=\"[]\" \/><input type=\"hidden\" name=\"_wpcf7cf_hidden_groups\" value=\"[]\" \/><input type=\"hidden\" name=\"_wpcf7cf_visible_groups\" value=\"[]\" \/><input type=\"hidden\" name=\"_wpcf7cf_repeaters\" value=\"[]\" \/><input type=\"hidden\" name=\"_wpcf7cf_steps\" value=\"{}\" \/><input type=\"hidden\" name=\"_wpcf7cf_options\" value=\"{&quot;form_id&quot;:6934,&quot;conditions&quot;:[],&quot;settings&quot;:{&quot;animation&quot;:&quot;yes&quot;,&quot;animation_intime&quot;:200,&quot;animation_outtime&quot;:200,&quot;conditions_ui&quot;:&quot;normal&quot;,&quot;notice_dismissed&quot;:false,&quot;notice_dismissed_rollback-cf7-5.9.5&quot;:true,&quot;notice_dismissed_rollback-cf7-5.9.7&quot;:true,&quot;notice_dismissed_rollback-cf7-6.0.2&quot;:true}}\" \/><input type=\"hidden\" name=\"_wpcf7dtx_version\" value=\"5.0.5\" \/><input type=\"hidden\" name=\"_wpcf7_recaptcha_response\" value=\"\" \/>\n<\/fieldset>\n<p><span class=\"wpcf7-form-control-wrap\" data-name=\"email-311\"><input size=\"40\" maxlength=\"400\" class=\"wpcf7-form-control wpcf7-email wpcf7-validates-as-required wpcf7-text wpcf7-validates-as-email tisvol-form-email\" id=\"tisvol-form-email\" aria-required=\"true\" aria-invalid=\"false\" placeholder=\"Escribe tu email\" value=\"\" type=\"email\" name=\"email-311\" \/><\/span>\n<\/p>\n<p class=\"legal-checks\"><span class=\"wpcf7-form-control-wrap\" data-name=\"acceptance-156\"><span class=\"wpcf7-form-control wpcf7-acceptance\"><span class=\"wpcf7-list-item\"><label><input type=\"checkbox\" name=\"acceptance-156\" value=\"1\" aria-invalid=\"false\" \/><span class=\"wpcf7-list-item-label\">He le\u00eddo y acepto la <a href=\"https:\/\/tisvol.com\/privacidad\/\" target=\"_blank\">pol\u00edtica de privacidad<\/a> y las condiciones del tratamiento de mis datos personales.<\/span><\/label><\/span><\/span><\/span>\n<\/p>\n<p class=\"legal-checks\"><span class=\"wpcf7-form-control-wrap\" data-name=\"checkbox-370\"><span class=\"wpcf7-form-control wpcf7-checkbox\"><span class=\"wpcf7-list-item first last\"><input type=\"checkbox\" name=\"checkbox-370[]\" value=\"Acepto el env\u00edo de comunicaciones comerciales.\" \/><span class=\"wpcf7-list-item-label\">Acepto el env\u00edo de comunicaciones comerciales.<\/span><\/span><\/span><\/span>\n<\/p>\n<p><input class=\"wpcf7-form-control wpcf7-submit has-spinner tisvol-form-enviar\" id=\"tisvol-form-enviar\" type=\"submit\" value=\"Enviar\" \/><br \/>\n<span class=\"wpcf7-form-control-wrap dynamichidden-140\" data-name=\"dynamichidden-140\"><input type=\"hidden\" name=\"dynamichidden-140\" class=\"wpcf7-form-control wpcf7-hidden wpcf7dtx wpcf7dtx-hidden\" aria-invalid=\"false\" value=\"https:\/\/tisvol.com\/pl\/wp-json\/wp\/v2\/pages\/16887\"><\/span>\n<\/p>\n<p style=\"margin-top:16px;clear:both;float:none;display:block;\">\n<span class=\"wpcf7-form-control-wrap recaptcha\" data-name=\"recaptcha\"><span data-sitekey=\"6LfQd3EqAAAAAEpm4ONDVuqWN1ekdOu3MG6WPWwS\" class=\"wpcf7-form-control wpcf7-recaptcha g-recaptcha\"><\/span>\r\n<noscript>\r\n\t<div class=\"grecaptcha-noscript\">\r\n\t\t<iframe loading=\"lazy\" src=\"https:\/\/www.google.com\/recaptcha\/api\/fallback?k=6LfQd3EqAAAAAEpm4ONDVuqWN1ekdOu3MG6WPWwS\" frameborder=\"0\" scrolling=\"no\" width=\"310\" height=\"430\">\r\n\t\t<\/iframe>\r\n\t\t<textarea name=\"g-recaptcha-response\" rows=\"3\" cols=\"40\" placeholder=\"Aqu\u00ed la respuesta de reCAPTCHA\">\r\n\t\t<\/textarea>\r\n\t<\/div>\r\n<\/noscript>\r\n<\/span>\n<\/p><div class=\"wpcf7-response-output\" aria-hidden=\"true\"><\/div>\n<\/form>\n<\/div>\n\n<\/div><\/section><\/p><\/div><\/p>\n<\/div><\/div>\n<style type=\"text\/css\" data-created_by=\"avia_inline_auto\" id=\"style-css-av-456w-5b275820a298d2d2ff80a6dcc40d0e1d\">\n.flex_cell.av-456w-5b275820a298d2d2ff80a6dcc40d0e1d{\nvertical-align:top;\nbackground-color:#eaeaea;\n}\n.responsive #top #wrap_all .flex_cell.av-456w-5b275820a298d2d2ff80a6dcc40d0e1d{\npadding:60px 60px 60px 60px !important;\n}\n<\/style>\n<div class='flex_cell av-456w-5b275820a298d2d2ff80a6dcc40d0e1d av-gridrow-cell av_one_half no_margin  avia-builder-el-25  el_after_av_cell_one_half  avia-builder-el-last  content-align-top'  ><div class='flex_cell_inner'><p>\n<style type=\"text\/css\" data-created_by=\"avia_inline_auto\" id=\"style-css-av-3zju-f5819245718ac9cde2af1aa2e7651ab6\">\n.flex_column.av-3zju-f5819245718ac9cde2af1aa2e7651ab6{\nborder-radius:0px 0px 0px 0px;\npadding:0px 0px 0px 0px;\n}\n<\/style>\n<div  class='flex_column av-3zju-f5819245718ac9cde2af1aa2e7651ab6 av_three_fourth  avia-builder-el-26  el_before_av_one_fourth  avia-builder-el-first  first flex_column_div av-zero-column-padding  '     ><section  class='av_textblock_section av-jji9rpio-fe64490182def06bfce411204c780e50 '   itemscope=\"itemscope\" itemtype=\"https:\/\/schema.org\/CreativeWork\" ><div class='avia_textblock'  itemprop=\"text\" ><div class=\"new-shortcodes-row\"><\/p>\n<p><div class=\"new-shortcodes-column new-shortcodes-one-third new-first\"><\/p>\n<ul>\n<li><a href=\"#\">Somos<\/a><\/li>\n<li><a href=\"#\">Red comercial<\/a><\/li>\n<li><a href=\"#\">Productos<\/a><\/li>\n<\/ul>\n<p><\/div><br \/>\n<div class=\"new-shortcodes-column new-shortcodes-one-third\"><\/p>\n<ul>\n<li><a href=\"#\">Basculantes<\/a><\/li>\n<li><a href=\"#\">Piso m\u00f3vil<\/a><\/li>\n<li><a href=\"#\">Chasis<\/a><\/li>\n<li><a href=\"#\">Ocasi\u00f3n VO<\/a><\/li>\n<\/ul>\n<p><\/div><br \/>\n<div class=\"new-shortcodes-column new-shortcodes-one-third new-last\"><\/p>\n<ul>\n<li><a href=\"#\">I+D+i<\/a><\/li>\n<li><a href=\"#\">Procesos<\/a><\/li>\n<li><a href=\"#\">Calidad<\/a><\/li>\n<li><a href=\"#\">A medida<\/a><\/li>\n<\/ul>\n<p><\/div><\/p>\n<p><\/div>\n\n<style type=\"text\/css\" data-created_by=\"avia_inline_auto\" id=\"style-css-av-3riy-7f630cb37a13882ce2e9a4d1a5bb81de\">\n#top .hr.av-3riy-7f630cb37a13882ce2e9a4d1a5bb81de{\nmargin-top:0px;\nmargin-bottom:16px;\n}\n.hr.av-3riy-7f630cb37a13882ce2e9a4d1a5bb81de .hr-inner{\nwidth:100%;\nborder-color:#cccccc;\n}\n<\/style>\n<div  class='hr av-3riy-7f630cb37a13882ce2e9a4d1a5bb81de hr-custom  avia-builder-el-28  avia-builder-el-no-sibling  hr-center hr-icon-no'><span class='hr-inner inner-border-av-border-thin'><span class=\"hr-inner-style\"><\/span><\/span><\/div>\n<p>Av. Progres, 17 Pol. Ind. Campo An\u00edbal<br \/>\n46530, Puzol &#8211; Valencia (Spain)<br \/>\nTel.: +34 961 465 211<br \/>\nMail: <a href=\"mailto:info@tisvol.com\">info@tisvol.com<\/a><\/p>\n<\/div><\/section><\/div>\n<style type=\"text\/css\" data-created_by=\"avia_inline_auto\" id=\"style-css-av-3zju-476eb52bc8e7cda163953059839deac7\">\n.flex_column.av-3zju-476eb52bc8e7cda163953059839deac7{\nborder-radius:0px 0px 0px 0px;\npadding:0px 0px 0px 0px;\n}\n<\/style>\n<div  class='flex_column av-3zju-476eb52bc8e7cda163953059839deac7 av_one_fourth  avia-builder-el-29  el_after_av_three_fourth  avia-builder-el-last  light-text-block flex_column_div av-zero-column-padding  '     ><\/div><\/p>\n<\/div><\/div>\n<\/div>\n","protected":false},"excerpt":{"rendered":"","protected":false},"author":1,"featured_media":0,"parent":0,"menu_order":0,"comment_status":"closed","ping_status":"closed","template":"","meta":{"_acf_changed":false,"footnotes":""},"class_list":["post-16887","page","type-page","status-publish","hentry"],"acf":[],"_links":{"self":[{"href":"https:\/\/tisvol.com\/pl\/wp-json\/wp\/v2\/pages\/16887","targetHints":{"allow":["GET"]}}],"collection":[{"href":"https:\/\/tisvol.com\/pl\/wp-json\/wp\/v2\/pages"}],"about":[{"href":"https:\/\/tisvol.com\/pl\/wp-json\/wp\/v2\/types\/page"}],"author":[{"embeddable":true,"href":"https:\/\/tisvol.com\/pl\/wp-json\/wp\/v2\/users\/1"}],"replies":[{"embeddable":true,"href":"https:\/\/tisvol.com\/pl\/wp-json\/wp\/v2\/comments?post=16887"}],"version-history":[{"count":0,"href":"https:\/\/tisvol.com\/pl\/wp-json\/wp\/v2\/pages\/16887\/revisions"}],"wp:attachment":[{"href":"https:\/\/tisvol.com\/pl\/wp-json\/wp\/v2\/media?parent=16887"}],"curies":[{"name":"wp","href":"https:\/\/api.w.org\/{rel}","templated":true}]}}