{"id":16876,"date":"2018-07-31T08:27:21","date_gmt":"2018-07-31T06:27:21","guid":{"rendered":"https:\/\/tisvol.com\/acabados-superficiales\/"},"modified":"2024-12-19T16:07:21","modified_gmt":"2024-12-19T15:07:21","slug":"wykonczenia-powierzchni","status":"publish","type":"page","link":"https:\/\/tisvol.com\/pl\/wykonczenia-powierzchni\/","title":{"rendered":"Wyko\u0144czenia powierzchni"},"content":{"rendered":"\n<style type=\"text\/css\" data-created_by=\"avia_inline_auto\" id=\"style-css-av-33yw-fe4ace012c6b9c696b8bb8b31f28441a\">\n.avia-section.av-33yw-fe4ace012c6b9c696b8bb8b31f28441a{\nbackground-color:#ffffff;\nbackground-image:unset;\n}\n<\/style>\n<div id='tisvol-tagline'  class='avia-section av-33yw-fe4ace012c6b9c696b8bb8b31f28441a main_color avia-section-default avia-no-border-styling  avia-builder-el-0  el_before_av_section  avia-builder-el-first  avia-bg-style-scroll container_wrap sidebar_right'  ><div class='container av-section-cont-open' ><main  role=\"main\" itemprop=\"mainContentOfPage\"  class='template-page content  av-content-small alpha units'><div class='post-entry post-entry-type-page post-entry-16876'><div class='entry-content-wrapper clearfix'>\n<section  class='av_textblock_section av-jj8pzx7e-f58ee2657ad4a3ea48b2f1ff7d628b0b '   itemscope=\"itemscope\" itemtype=\"https:\/\/schema.org\/CreativeWork\" ><div class='avia_textblock'  itemprop=\"text\" ><h3 style=\"text-align: center;\">Powered by Superior Quality<\/h3>\n<\/div><\/section>\n\n<\/div><\/div><\/main><!-- close content main element --><\/div><\/div>\n<style type=\"text\/css\" data-created_by=\"avia_inline_auto\" id=\"style-css-av-jsei95pk-c178d08238b6dc278e37a7129240780c\">\n.avia-section.av-jsei95pk-c178d08238b6dc278e37a7129240780c{\nbackground-color:#232323;\nbackground-repeat:no-repeat;\nbackground-image:url(https:\/\/tisvol.com\/wp-content\/uploads\/2019\/05\/pintura.jpg), linear-gradient( to right, #232323, #515151 );\nbackground-position:50% 50%;\nbackground-attachment:scroll;\n}\n.avia-section.av-jsei95pk-c178d08238b6dc278e37a7129240780c .av-section-color-overlay{\nopacity:0.5;\nbackground-color:#777777;\n}\n<\/style>\n<div id='av_section_2'  class='avia-section av-jsei95pk-c178d08238b6dc278e37a7129240780c main_color avia-section-large avia-no-border-styling  avia-builder-el-2  el_after_av_section  el_before_av_section  avia-full-stretch avia-bg-style-scroll av-section-color-overlay-active av-minimum-height av-minimum-height-75 av-height-75  container_wrap sidebar_right'  data-section-bg-repeat='stretch' data-av_minimum_height_pc='75' data-av_min_height_opt='75'><div class=\"av-section-color-overlay-wrap\"><div class=\"av-section-color-overlay\"><\/div><div class='container av-section-cont-open' ><div class='template-page content  av-content-small alpha units'><div class='post-entry post-entry-type-page post-entry-16876'><div class='entry-content-wrapper clearfix'>\n\n<style type=\"text\/css\" data-created_by=\"avia_inline_auto\" id=\"style-css-av-4p5m5k-3dbd6fe4d6ef4273dc2cfefe28d50e32\">\n.flex_column.av-4p5m5k-3dbd6fe4d6ef4273dc2cfefe28d50e32{\nborder-radius:0px 0px 0px 0px;\npadding:0px 0px 0px 0px;\n}\n<\/style>\n<div  class='flex_column av-4p5m5k-3dbd6fe4d6ef4273dc2cfefe28d50e32 av_three_fourth  avia-builder-el-3  el_before_av_one_fourth  avia-builder-el-first  animation-element first flex_column_div av-zero-column-padding  '     ><style type=\"text\/css\" data-created_by=\"avia_inline_auto\" id=\"style-css-av-jj8rms6q-0ace5a6ff95aee75cbff9e9923c598c9\">\n#top .av_textblock_section.av-jj8rms6q-0ace5a6ff95aee75cbff9e9923c598c9 .avia_textblock{\nfont-size:20px;\ncolor:#ffffff;\n}\n<\/style>\n<section  class='av_textblock_section av-jj8rms6q-0ace5a6ff95aee75cbff9e9923c598c9 '   itemscope=\"itemscope\" itemtype=\"https:\/\/schema.org\/CreativeWork\" ><div class='avia_textblock av_inherit_color'  itemprop=\"text\" ><h2 class=\"titular-principal\">WYKO\u0143CZENIA POWIERZCHNI<\/h2>\n<h4><span class=\"gradient-text-white\">Aby dzia\u0142a\u0142a i przyci\u0105ga\u0142a wzrok<\/span><\/h4>\n<\/div><\/section><br \/>\n\n<style type=\"text\/css\" data-created_by=\"avia_inline_auto\" id=\"style-css-av-jseinx9j-f1d16525a1dd5ee02b777298b51b00ab\">\n#top .hr.hr-invisible.av-jseinx9j-f1d16525a1dd5ee02b777298b51b00ab{\nheight:30px;\n}\n<\/style>\n<div  class='hr av-jseinx9j-f1d16525a1dd5ee02b777298b51b00ab hr-invisible  avia-builder-el-5  el_after_av_textblock  el_before_av_textblock '><span class='hr-inner '><span class=\"hr-inner-style\"><\/span><\/span><\/div><br \/>\n\n<style type=\"text\/css\" data-created_by=\"avia_inline_auto\" id=\"style-css-av-jk9frtdu-9ae77c773d0c819d7e9a28aa79cfde65\">\n#top .av_textblock_section.av-jk9frtdu-9ae77c773d0c819d7e9a28aa79cfde65 .avia_textblock{\ncolor:#e8e8e8;\n}\n<\/style>\n<section  class='av_textblock_section av-jk9frtdu-9ae77c773d0c819d7e9a28aa79cfde65 '   itemscope=\"itemscope\" itemtype=\"https:\/\/schema.org\/CreativeWork\" ><div class='avia_textblock av_inherit_color'  itemprop=\"text\" ><h3 class=\"gradient-text\" style=\"text-align: left;\">Anodowana belka zderzaka<\/h3>\n<p>Lakierowanie zderzak\u00f3w nie jest dobrym rozwi\u0105zaniem, poniewa\u017c wraz ze zu\u017cyciem i roz\u0142adunkami farba w ko\u0144cu odpryskuje.<\/p>\n<p>Seryjne wyko\u0144czenie we wszystkich naszych belkach zderzakowych polega na obr\u00f3bce anoduj\u0105cej, kt\u00f3ra poprawia trwa\u0142o\u015b\u0107 aluminium. Jest to standardowa obr\u00f3bka aluminium przy komponentach morskich.<\/p>\n<h3 class=\"gradient-text\" style=\"text-align: left;\">Wyko\u0144czenia<\/h3>\n<p><strong>Dost\u0119pne zar\u00f3wno wyko\u0144czenie lakierem,<\/strong> jak i wyko\u0144czenie z naturalnego aluminium, pomimo trudno\u015bci zwi\u0105zanych z jego uzyskaniem.<\/p>\n<\/div><\/section><br \/>\n\n<style type=\"text\/css\" data-created_by=\"avia_inline_auto\" id=\"style-css-av-jjzijvlr-a360d04029b4ce372b0774c95bcefcf5\">\n#top .av_textblock_section.av-jjzijvlr-a360d04029b4ce372b0774c95bcefcf5 .avia_textblock{\ncolor:#e8e8e8;\n}\n<\/style>\n<section  class='av_textblock_section av-jjzijvlr-a360d04029b4ce372b0774c95bcefcf5 '   itemscope=\"itemscope\" itemtype=\"https:\/\/schema.org\/CreativeWork\" ><div class='avia_textblock av_inherit_color'  itemprop=\"text\" ><h3 class=\"gradient-text\" style=\"text-align: left;\">Proces lakierowania w Tisvol<\/h3>\n<p style=\"text-align: left;\"><strong>Proces lakierowania w Tisvol gwarantuje minimum 85 mikron\u00f3w na ca\u0142ym poje\u017adzie.<\/strong> We wszystkich pojazdach wykonujemy test kontrolny punkt\u00f3w odczytu rozmieszczonych na ca\u0142ej powierzchni, za pomoc\u0105 kt\u00f3rego sprawdzamy, czy lakierowanie odby\u0142o si\u0119 bez zarzutu.<\/p>\n<p style=\"text-align: left;\">Podczas procesu lakierowania zwracamy uwag\u0119 na takie aspekty, jak:<\/p>\n<ul>\n<li><strong>Minimum 85 mikron\u00f3w<\/strong> na ca\u0142ej powierzchni.<\/li>\n<li>Malowanie podwozia oddzielnie od pud\u0142a i przed jak\u0105kolwiek instalacj\u0105. <strong>Tak zachowuje si\u0119 kod kolor\u00f3w.<\/strong><\/li>\n<li>Punkty kontrolne we wszystkich lakierowanych pojazdach.<\/li>\n<li><strong>Lakier elektrostatyczny.<\/strong><\/li>\n<li><strong>Suszenie w piecu.<\/strong><\/li>\n<li><strong>Obr\u00f3bka powierzchni przez \u015brutowanie lub szlifowanie<\/strong>, dzi\u0119ki kt\u00f3rej pory si\u0119 otwieraj\u0105 i uzyskuje si\u0119 doskona\u0142y wynik.<\/li>\n<li>U\u017cywamy innowacyjnego, wysokiej jako\u015bci produktu, kt\u00f3ry jest nak\u0142adany w kilku warstwach. Pierwsza warstwa dzia\u0142a jako podk\u0142ad zapewniaj\u0105cy doskona\u0142\u0105 przyczepno\u015b\u0107, natomiast kolejne warstwy stanowi\u0105 estetyczne wyko\u0144czenie o wysokim po\u0142ysku i idealnym rozprowadzeniu. Produkt zawiera wysokie st\u0119\u017cenie \u015brodk\u00f3w antykorozyjnych, a niezb\u0119dne kontrole jako\u015bci s\u0105 przeprowadzane, aby spe\u0142nia\u0107 obowi\u0105zuj\u0105ce normy dotycz\u0105ce farb i lakier\u00f3w (ISO 2409-2808-2813-4628-12944).<\/li>\n<\/ul>\n<\/div><\/section><br \/>\n\n<style type=\"text\/css\" data-created_by=\"avia_inline_auto\" id=\"style-css-av-jvnju9en-778045358ddb148d0b52a01cfc6267ea\">\n#top .hr.hr-invisible.av-jvnju9en-778045358ddb148d0b52a01cfc6267ea{\nheight:30px;\n}\n<\/style>\n<div  class='hr av-jvnju9en-778045358ddb148d0b52a01cfc6267ea hr-invisible  avia-builder-el-8  el_after_av_textblock  el_before_av_textblock '><span class='hr-inner '><span class=\"hr-inner-style\"><\/span><\/span><\/div><br \/>\n\n<style type=\"text\/css\" data-created_by=\"avia_inline_auto\" id=\"style-css-av-jjzijvlr-666cf31055e7f7bfceb532d629f45ff1\">\n#top .av_textblock_section.av-jjzijvlr-666cf31055e7f7bfceb532d629f45ff1 .avia_textblock{\ncolor:#e8e8e8;\n}\n<\/style>\n<section  class='av_textblock_section av-jjzijvlr-666cf31055e7f7bfceb532d629f45ff1 '   itemscope=\"itemscope\" itemtype=\"https:\/\/schema.org\/CreativeWork\" ><div class='avia_textblock av_inherit_color'  itemprop=\"text\" ><h3 class=\"gradient-text\">\u015aruby<em> Dacromet<\/em><\/h3>\n<p>Bardzo powa\u017cnie traktujemy zapobieganie korozji. Gromadzimy najlepsze \u015bruby, aby zapewni\u0107 absolutn\u0105 niezawodno\u015b\u0107.<\/p>\n<\/div><\/section><br \/>\n\n<style type=\"text\/css\" data-created_by=\"avia_inline_auto\" id=\"style-css-av-jjzijvlr-666cf31055e7f7bfceb532d629f45ff1\">\n#top .av_textblock_section.av-jjzijvlr-666cf31055e7f7bfceb532d629f45ff1 .avia_textblock{\ncolor:#e8e8e8;\n}\n<\/style>\n<section  class='av_textblock_section av-jjzijvlr-666cf31055e7f7bfceb532d629f45ff1 '   itemscope=\"itemscope\" itemtype=\"https:\/\/schema.org\/CreativeWork\" ><div class='avia_textblock av_inherit_color'  itemprop=\"text\" ><h3 class=\"gradient-text\">Test w komorze solnej<\/h3>\n<p>Sprawdzamy jako\u015b\u0107 naszego procesu lakierowania i mocowania \u015brubami w obszarach po\u0142\u0105czenia mi\u0119dzy metalami o r\u00f3\u017cnych momentach galwanicznych. Wykonujemy coroczne testy odporno\u015bci na korozj\u0119 w komorze solnej (zgodnie z norm\u0105 <strong>UNE-EN ISO 9227<\/strong>), z symulacjami w skali podwozia i skrzy\u0144 (do 1.000 godzin). Wyniki s\u0105 niezmiernie zadowalaj\u0105ce: nie wyst\u0119puj\u0105 odpryski farby (norma <strong>UNE 48258-2-ISO 4628-2:1982<\/strong>) i wykazuje wyj\u0105tkowo dobre zachowanie na korozj\u0119 na lakierowanej powierzchni (norma <strong>UNE 48258-3-ISO 4628-3:1982<\/strong>).<\/p>\n<\/div><\/section><\/p><\/div>\n<style type=\"text\/css\" data-created_by=\"avia_inline_auto\" id=\"style-css-av-22s720-79292b08e6c340448b51653641dd66d5\">\n.flex_column.av-22s720-79292b08e6c340448b51653641dd66d5{\nborder-radius:0px 0px 0px 0px;\npadding:0px 0px 0px 0px;\n}\n<\/style>\n<div  class='flex_column av-22s720-79292b08e6c340448b51653641dd66d5 av_one_fourth  avia-builder-el-11  el_after_av_three_fourth  avia-builder-el-last  flex_column_div av-zero-column-padding  '     ><\/div><\/div><\/div><\/div><!-- close content main div --><\/div><\/div><\/div>\n<style type=\"text\/css\" data-created_by=\"avia_inline_auto\" id=\"style-css-av-9o9nuz-592bd37fc9ed85f16e28c2603f514aea\">\n.avia-section.av-9o9nuz-592bd37fc9ed85f16e28c2603f514aea{\nbackground-repeat:no-repeat;\nbackground-image:url(https:\/\/tisvol.com\/wp-content\/uploads\/2018\/07\/tisvol-como-se-hace-bg.jpg);\nbackground-position:50% 50%;\nbackground-attachment:scroll;\n}\n.avia-section.av-9o9nuz-592bd37fc9ed85f16e28c2603f514aea .av-section-color-overlay{\nopacity:0.9;\nbackground-color:#ffffff;\n}\n<\/style>\n<div id='av_section_3'  class='avia-section av-9o9nuz-592bd37fc9ed85f16e28c2603f514aea main_color avia-section-default avia-no-border-styling  avia-builder-el-12  el_after_av_section  el_before_av_section  gradient-overlay border-top-fillet avia-full-stretch avia-bg-style-scroll av-section-color-overlay-active container_wrap sidebar_right'  data-section-bg-repeat='stretch'><div class=\"av-section-color-overlay-wrap\"><div class=\"av-section-color-overlay\"><\/div><div class='container av-section-cont-open' ><div class='template-page content  av-content-small alpha units'><div class='post-entry post-entry-type-page post-entry-16876'><div class='entry-content-wrapper clearfix'>\n\n<style type=\"text\/css\" data-created_by=\"avia_inline_auto\" id=\"style-css-av-1uwf2z-2cc67e0256f80101e4014eae9c62c7c5\">\n.flex_column.av-1uwf2z-2cc67e0256f80101e4014eae9c62c7c5{\nborder-radius:0px 0px 0px 0px;\npadding:0px 0px 0px 0px;\n}\n<\/style>\n<div  class='flex_column av-1uwf2z-2cc67e0256f80101e4014eae9c62c7c5 av_one_fifth  avia-builder-el-13  el_before_av_three_fifth  avia-builder-el-first  first flex_column_div av-zero-column-padding  '     ><\/div>\n<style type=\"text\/css\" data-created_by=\"avia_inline_auto\" id=\"style-css-av-6tq6cb-898d1a5c296f34510c04e41945908418\">\n.flex_column.av-6tq6cb-898d1a5c296f34510c04e41945908418{\nborder-radius:0px 0px 0px 0px;\npadding:0px 0px 0px 0px;\n}\n<\/style>\n<div  class='flex_column av-6tq6cb-898d1a5c296f34510c04e41945908418 av_three_fifth  avia-builder-el-14  el_after_av_one_fifth  avia-builder-el-last  flex_column_div av-zero-column-padding  '     ><section  class='av_textblock_section av-jk0tw2iq-c9a83e4542c117f1c04fa5974a1634f8 '   itemscope=\"itemscope\" itemtype=\"https:\/\/schema.org\/CreativeWork\" ><div class='avia_textblock'  itemprop=\"text\" ><div class=\"tisvol-diagonal\">\n<div><\/div>\n<\/div>\n<h3 class=\"titular-estandar\" style=\"text-align: center;\">JAK POWSTAJE TISVOL<\/h3>\n<div class=\"tisvol-diagonal\">\n<div><\/div>\n<\/div>\n<\/div><\/section><br \/>\n<section  class='av_textblock_section av-jk0tw2iq-c9a83e4542c117f1c04fa5974a1634f8 '   itemscope=\"itemscope\" itemtype=\"https:\/\/schema.org\/CreativeWork\" ><div class='avia_textblock'  itemprop=\"text\" ><p style=\"text-align: center;\"><strong>W procesie konstrukcji pojazdu Tisvol uczestniczy ponad 40 robot\u00f3w, kt\u00f3re s\u0105 cz\u0119\u015bci\u0105 procesu produkcji, ponad 4 km zgrzew\u00f3w na sztuk\u0119 i ponad 1.000 \u015brub.<\/strong><\/p>\n<p style=\"text-align: center;\">Automatyzacja procesu spawania powy\u017cej 85% we wszystkich po\u0142\u0105czeniach, aby uzyska\u0107 maksymalny poziom jako\u015bci oraz tempo, kt\u00f3rego nie zapewni proces r\u0119czny. Stacje spawalnicze s\u0105 zautomatyzowane, posiadaj\u0105 3 lub 5-osiowe roboty wyposa\u017cone w najwy\u017csz\u0105 technologi\u0119 CNC.<\/p>\n<p style=\"text-align: center;\">Zautomatyzowany monta\u017c narodzi\u0142 si\u0119 z marze\u0144 za\u0142o\u017cycieli, z wizji dyrekcji oraz z zaanga\u017cowania ca\u0142ego zespo\u0142u ludzkiego firmy Tisvol, ale nie nale\u017cy zapomina\u0107 o duchu rzemios\u0142a, wiedzy naszego personelu, wielu latach do\u015bwiadcze\u0144, kt\u00f3re wykorzystujemy produkuj\u0105c ka\u017cdy pojazd. <strong>Daj si\u0119 zaskoczy\u0107 i zobacz, jak powstaje pojazd marki Tisvol:<\/strong><\/p>\n<p style=\"text-align: center;\">[<a style=\"color: #fff; text-decoration: underline;\" href=\"https:\/\/tisvol.com\/pl\/como-se-hace\/\">Wi\u0119cej informacji o systemie konstrukcyjnym w Tisvol<\/a>]<\/p>\n<\/div><\/section><\/p><\/div>\n<\/p>\n<\/div><\/div><\/div><!-- close content main div --><\/div><\/div><\/div>\n<style type=\"text\/css\" data-created_by=\"avia_inline_auto\" id=\"style-css-av-9o9nuz-160e269624ae7b761652ba28b723b710\">\n.avia-section.av-9o9nuz-160e269624ae7b761652ba28b723b710{\nbackground-color:#d8d8d8;\nbackground-image:unset;\n}\n<\/style>\n<div id='av_section_4'  class='avia-section av-9o9nuz-160e269624ae7b761652ba28b723b710 main_color avia-section-large avia-no-border-styling  avia-builder-el-17  el_after_av_section  avia-builder-el-last  avia-bg-style-scroll container_wrap sidebar_right'  ><div class='container av-section-cont-open' ><div class='template-page content  av-content-small alpha units'><div class='post-entry post-entry-type-page post-entry-16876'><div class='entry-content-wrapper clearfix'>\n<div class='flex_column_table av-57fmi3-092815821eaaee3182dc6f1c6f92c697 sc-av_one_third av-equal-height-column-flextable'>\n<style type=\"text\/css\" data-created_by=\"avia_inline_auto\" id=\"style-css-av-57fmi3-092815821eaaee3182dc6f1c6f92c697\">\n.flex_column.av-57fmi3-092815821eaaee3182dc6f1c6f92c697{\nborder-radius:0px 0px 0px 0px;\npadding:0px 0px 0px 0px;\n}\n<\/style>\n<div  class='flex_column av-57fmi3-092815821eaaee3182dc6f1c6f92c697 av_one_third  avia-builder-el-18  el_before_av_one_third  avia-builder-el-first  first flex_column_table_cell av-equal-height-column av-align-top av-zero-column-padding  '     ><section  class='av_textblock_section av-jk0tw2iq-c9a83e4542c117f1c04fa5974a1634f8 '   itemscope=\"itemscope\" itemtype=\"https:\/\/schema.org\/CreativeWork\" ><div class='avia_textblock'  itemprop=\"text\" ><h3 style=\"text-align: center;\">Aluminium w Tisvol<\/h3>\n<p style=\"text-align: center;\">Tisvol od dawna stosuje aluminium jako o\u015b swojej dzia\u0142alno\u015bci. Przez te wszystkie lata, a min\u0119\u0142o ich ponad 40, nasz surowiec sta\u0142 si\u0119 nasz\u0105 dusz\u0105 i cz\u0119\u015bci\u0105 naszego DNA.<\/p>\n<p style=\"text-align: center;\">[<a href=\"https:\/\/tisvol.com\/pl\/como-se-hace\/aluminio\/\">Wi\u0119cej informacji o aluminium w Tisvol<\/a>]<\/p>\n<\/div><\/section><\/div><div class='av-flex-placeholder'><\/div>\n<style type=\"text\/css\" data-created_by=\"avia_inline_auto\" id=\"style-css-av-3kos8r-355d274a76e6708e3617908638d3f2c0\">\n.flex_column.av-3kos8r-355d274a76e6708e3617908638d3f2c0{\nborder-radius:0px 0px 0px 0px;\npadding:0px 0px 0px 0px;\n}\n<\/style>\n<div  class='flex_column av-3kos8r-355d274a76e6708e3617908638d3f2c0 av_one_third  avia-builder-el-20  el_after_av_one_third  el_before_av_one_third  flex_column_table_cell av-equal-height-column av-align-top av-zero-column-padding  '     ><section  class='av_textblock_section av-jk0tw2iq-c9a83e4542c117f1c04fa5974a1634f8 '   itemscope=\"itemscope\" itemtype=\"https:\/\/schema.org\/CreativeWork\" ><div class='avia_textblock'  itemprop=\"text\" ><h3 style=\"text-align: center;\">Systemy zasilania w Tisvol<\/h3>\n<p style=\"text-align: center;\">Ekranowany uk\u0142ad elektryczny jest dopuszczony do transportu towar\u00f3w niebezpiecznych; system pneumatyczny wed\u0142ug kolor\u00f3w do szybkiej identyfikacji usterek; prosty i mieszany system przewod\u00f3w hydraulicznych z wy\u0142\u0105cznikami kra\u0144cowymi bezpiecze\u0144stwa.<\/p>\n<p style=\"text-align: center;\">[<a href=\"https:\/\/tisvol.com\/pl\/como-se-hace\/sistemas-de-potencia\/\">Wi\u0119cej informacji o systemach zasilania Tisvol<\/a>]<\/p>\n<\/div><\/section><\/div><div class='av-flex-placeholder'><\/div>\n<style type=\"text\/css\" data-created_by=\"avia_inline_auto\" id=\"style-css-av-2zilyz-71f7a28451342a07790eec49a1bb3d31\">\n.flex_column.av-2zilyz-71f7a28451342a07790eec49a1bb3d31{\nborder-radius:0px 0px 0px 0px;\npadding:0px 0px 0px 0px;\n}\n<\/style>\n<div  class='flex_column av-2zilyz-71f7a28451342a07790eec49a1bb3d31 av_one_third  avia-builder-el-22  el_after_av_one_third  avia-builder-el-last  flex_column_table_cell av-equal-height-column av-align-top av-zero-column-padding  '     ><section  class='av_textblock_section av-jk0tw2iq-c9a83e4542c117f1c04fa5974a1634f8 '   itemscope=\"itemscope\" itemtype=\"https:\/\/schema.org\/CreativeWork\" ><div class='avia_textblock'  itemprop=\"text\" ><h3 style=\"text-align: center;\">Znaczenie masy w\u0142asnej w Tisvol<\/h3>\n<p style=\"text-align: center;\">We wszystkich gamach, w ka\u017cdym z naszych pojazd\u00f3w, masa w\u0142asna jest jedn\u0105 z g\u0142\u00f3wnych warto\u015bci, kt\u00f3re podkre\u015blaj\u0105 nasi klienci po ich wypr\u00f3bowaniu. <strong>Wybieraj\u0105c Tisvol, wybierasz wi\u0119ksz\u0105 \u0142adowno\u015b\u0107, lepsz\u0105 optymalizacj\u0119.<\/strong> Masa w\u0142asna pojazdu jest podstaw\u0105 rentowno\u015bci naszych klient\u00f3w, a w Tisvol jeste\u015bmy tego \u015bwiadomi, dlatego przeznaczamy znaczn\u0105 cz\u0119\u015b\u0107 naszych zasob\u00f3w na rozw\u00f3j l\u017cejszych pojazd\u00f3w o maksymalnej trwa\u0142o\u015bci.<\/p>\n<\/div><\/section><\/div><\/div><!--close column table wrapper. Autoclose: 1 -->\n<\/div><\/div><\/div><!-- close content main div --><\/div><\/div><div id='after_section_4'  class='main_color av_default_container_wrap container_wrap sidebar_right'  ><div class='container av-section-cont-open' ><div class='template-page content  av-content-small alpha units'><div class='post-entry post-entry-type-page post-entry-16876'><div class='entry-content-wrapper clearfix'>\n","protected":false},"excerpt":{"rendered":"","protected":false},"author":1,"featured_media":0,"parent":0,"menu_order":0,"comment_status":"closed","ping_status":"closed","template":"","meta":{"_acf_changed":false,"footnotes":""},"class_list":["post-16876","page","type-page","status-publish","hentry"],"acf":[],"_links":{"self":[{"href":"https:\/\/tisvol.com\/pl\/wp-json\/wp\/v2\/pages\/16876","targetHints":{"allow":["GET"]}}],"collection":[{"href":"https:\/\/tisvol.com\/pl\/wp-json\/wp\/v2\/pages"}],"about":[{"href":"https:\/\/tisvol.com\/pl\/wp-json\/wp\/v2\/types\/page"}],"author":[{"embeddable":true,"href":"https:\/\/tisvol.com\/pl\/wp-json\/wp\/v2\/users\/1"}],"replies":[{"embeddable":true,"href":"https:\/\/tisvol.com\/pl\/wp-json\/wp\/v2\/comments?post=16876"}],"version-history":[{"count":0,"href":"https:\/\/tisvol.com\/pl\/wp-json\/wp\/v2\/pages\/16876\/revisions"}],"wp:attachment":[{"href":"https:\/\/tisvol.com\/pl\/wp-json\/wp\/v2\/media?parent=16876"}],"curies":[{"name":"wp","href":"https:\/\/api.w.org\/{rel}","templated":true}]}}