{"id":24256,"date":"2021-05-21T13:03:29","date_gmt":"2021-05-21T11:03:29","guid":{"rendered":"https:\/\/tisvol.com\/activacion-de-la-garantia-de-5-anos-tisvol\/"},"modified":"2021-05-28T12:30:35","modified_gmt":"2021-05-28T10:30:35","slug":"attivazione-della-garanzia-di-5-anni","status":"publish","type":"page","link":"https:\/\/tisvol.com\/it\/attivazione-della-garanzia-di-5-anni\/","title":{"rendered":"Attivazione della garanzia di 5 anni"},"content":{"rendered":"<form action=\"https:\/\/webto.salesforce.com\/servlet\/servlet.WebToLead?encoding=UTF-8\" method=\"POST\" id=\"actgarform\">\n<div><input name=\"oid\" type=\"hidden\" value=\"00D24000000inSF\" \/><\/div>\n<div><input name=\"retURL\" type=\"hidden\" value=\"https:\/\/tisvol.com\/it\/ringraziamento-di-garanzia-x5\/\" \/><\/div>\n<p><!--NOTA: Estos campos son elementos de depuraci\u00f3n opcionales. Elimine los comentarios de estas l\u00edneas si desea realizar una prueba en el modo de depuraci\u00f3n.--><br \/>\n<!--<input type=\"hidden\" name=\"debug\" value=1>--><br \/>\n<!--<input type=\"hidden\" name=\"debugEmail\" value=\"soporte@konozca.com\">--><\/p>\n<div class=\"clear\">\n<h3><strong>Attivazione della garanzia di 5 anni<\/strong><\/h3>\n<\/div>\n<div>\n<p>&nbsp;<\/p>\n<\/div>\n<div class=\"agf_50_col\">\n<p>Chasis No.:<input id=\"00N1o00000JfHeA\" name=\"00N1o00000JfHeA\" size=\"20\" type=\"text\" required\/><\/p>\n<\/div>\n<div class=\"agf_50_col\">\n<p><label for=\"email\">Email 1:<\/label><input id=\"email\" maxlength=\"80\" name=\"email\" size=\"20\" type=\"text\" required\/><\/p>\n<\/div>\n<div class=\"agf_50_col\">\n<p>Email 2:<input id=\"00N1o00000JfHac\" maxlength=\"80\" name=\"00N1o00000JfHac\" size=\"20\" type=\"text\" \/><\/p>\n<\/div>\n<div class=\"agf_50_col\">\n<p>Email 3:<input id=\"00N1o00000JfHah\" maxlength=\"80\" name=\"00N1o00000JfHah\" size=\"20\" type=\"text\" \/><\/p>\n<\/div>\n<div class=\"agf_50_col\">\n<p><label for=\"first_name\">Nome:<\/label><br \/>\n<input id=\"first_name\" maxlength=\"40\" name=\"first_name\" size=\"20\" type=\"text\" required\/><\/p>\n<\/div>\n<div class=\"agf_50_col\">\n<p><label for=\"last_name\">Cognomi:<\/label><input id=\"last_name\" maxlength=\"80\" name=\"last_name\" size=\"20\" type=\"text\" required\/><\/p>\n<\/div>\n<div class=\"agf_50_col\">\n<p><label for=\"company\">Nome della societ\u00e0:<\/label><input id=\"company\" maxlength=\"40\" name=\"company\" size=\"20\" type=\"text\" required\/><\/p>\n<\/div>\n<div class=\"agf_50_col\">\n<p>Ruolo del cancelliere:<select id=\"00N1o00000JfHam\" title=\"Rol del registrador\" name=\"00N1o00000JfHam\" required><option value=\"\">&#8211;Nesuno&#8211;<\/option><option value=\"Decisor\">Colui che prende decisioni<\/option><option value=\"Influenciador\">Influencer<\/option><option value=\"Conductor\">Conduttore<\/option><option value=\"T\u00e9cnico\">Tecnico<\/option><option value=\"Administrativo\">Amministrativo<\/option><\/select><\/p>\n<\/div>\n<div class=\"agf_50_col\">\n<p><label for=\"industry\">Settore:<\/label><br \/>\n<select id=\"industry\" name=\"industry\" required><option value=\"\">&#8211;Ninguno&#8211;<\/option><option value=\"Construcci\u00f3n\">Construzione<\/option><option value=\"Carb\u00f3n\">Carbone<\/option><option value=\"Portuario\">Porto<\/option><option value=\"Cereal\">Cereale<\/option><option value=\"Residuos\">Spreco<\/option><option value=\"Palets\">Pallet<\/option><option value=\"Otros\">Altrui<\/option><option value=\"Multiple\">Multiplo<\/option><\/select><\/p>\n<\/div>\n<div class=\"agf_50_col\">\n<p>Numero di semirimorchi ribaltabili attualmente:<input id=\"00N1o00000JfHbQ\" name=\"00N1o00000JfHbQ\" size=\"20\" type=\"text\" required\/><\/p>\n<\/div>\n<div class=\"agf_50_col\">\n<p>Indirizzo postale:<input id=\"00N1o00000JfHf8\" maxlength=\"255\" name=\"00N1o00000JfHf8\" size=\"20\" type=\"text\" required\/><\/p>\n<\/div>\n<div class=\"agf_50_col\">\n<p>Provincia \/ Dipartimento:<input id=\"00N1o00000JfHfD\" maxlength=\"255\" name=\"00N1o00000JfHfD\" size=\"20\" type=\"text\" required\/><\/p>\n<\/div>\n<div class=\"agf_50_col\">\n<p>Paese:<br \/>\n<input id=\"00N1o00000JfHf3\" maxlength=\"255\" name=\"00N1o00000JfHf3\" size=\"20\" type=\"text\" required\/><\/p>\n<\/div>\n<div class=\"agf_50_col\">\n<p>Numero di telefono:<input id=\"00N1o00000JfHfI\" maxlength=\"255\" name=\"00N1o00000JfHfI\" size=\"20\" type=\"text\" required\/><\/p>\n<\/div>\n<div class=\"agf_50_col\">\n<p>Partita IVA:<input id=\"00N1o00000JfHba\" maxlength=\"15\" name=\"00N1o00000JfHba\" size=\"20\" type=\"text\" required\/><\/p>\n<\/div>\n<div class=\"clear\"><\/div>\n<div class=\"clear\">\n<h3>Domande:<\/h3>\n<\/div>\n<div class=\"clear\">\n<p>1. Come hai conosciuto Tisvol?:<\/p>\n<\/div>\n<div class=\"agf_33_col\">\n<p><select id=\"00N1o00000JfHbp\" title=\"C\u00f3mo conociste Tisvol?\" name=\"00N1o00000JfHbp\" required><option value=\"\">&#8211;Nesuno&#8211;<\/option><option value=\"Por medio de otro cliente\">Attraverso un altro cliente<\/option><option value=\"Vi un vehiculo Tisvol trabajando\/circulandodo\">Ho visto un veicolo Tisvol funzionante\/in circolazione<\/option><option value=\"Por el vendedor\/distribuidor\">Dal venditore \/ distributore<\/option><option value=\"Publicidad\">Pubblicit\u00e0<\/option><option value=\"Google\">Google<\/option><option value=\"Revistas\">Riviste<\/option><option value=\"Facebook\">Facebook<\/option><option value=\"Linkedin\">Linkedin<\/option><option value=\"Exhibiciones\/Ferias\">Mostre \/ Fiere<\/option><\/select><\/p>\n<\/div>\n<div class=\"clear\"><\/div>\n<div class=\"clear\">\n<p>2. Valuta i seguenti aspetti da 1 a 10:<\/p>\n<\/div>\n<div class=\"agf_33_col\">\n<p>\u00a0 a. Soddisfazione con il tuo venditore \/ distributore:<br \/>\n<select id=\"00N1o00000JfHbz\" title=\"Satisfacci\u00f3n con su vendedor\/distrib.\" name=\"00N1o00000JfHbz\" required><option value=\"\">&#8211;Nesuno&#8211;<\/option><option value=\"1\">1<\/option><option value=\"2\">2<\/option><option value=\"3\">3<\/option><option value=\"4\">4<\/option><option value=\"5\">5<\/option><option value=\"6\">6<\/option><option value=\"7\">7<\/option><option value=\"8\">8<\/option><option value=\"9\">9<\/option><option value=\"10\">10<\/option><\/select><\/p>\n<\/div>\n<div class=\"agf_33_col\">\n<p>\u00a0 b. Soddisfazione per la consegna del veicolo:<br \/>\n<select id=\"00N1o00000JfHcn\" title=\"Satisfacci\u00f3n con la entrega del veh\u00edculo\" name=\"00N1o00000JfHcn\" required><option value=\"\">&#8211;Nesuno&#8211;<\/option><option value=\"1\">1<\/option><option value=\"2\">2<\/option><option value=\"3\">3<\/option><option value=\"4\">4<\/option><option value=\"5\">5<\/option><option value=\"6\">6<\/option><option value=\"7\">7<\/option><option value=\"8\">8<\/option><option value=\"9\">9<\/option><option value=\"10\">10<\/option><\/select><\/p>\n<\/div>\n<div class=\"agf_33_col\">\n<p>\u00a0 c. Soddisfazione per la qualit\u00e0 del veicolo:<br \/>\n<select id=\"00N1o00000JfHcs\" title=\"Satisfacci\u00f3n con la calidad del veh\u00edculo\" name=\"00N1o00000JfHcs\" required><option value=\"\">&#8211;Nesuno&#8211;<\/option><option value=\"1\">1<\/option><option value=\"2\">2<\/option><option value=\"3\">3<\/option><option value=\"4\">4<\/option><option value=\"5\">5<\/option><option value=\"6\">6<\/option><option value=\"7\">7<\/option><option value=\"8\">8<\/option><option value=\"9\">9<\/option><option value=\"10\">10<\/option><\/select><\/p>\n<\/div>\n<div class=\"clear\"><\/div>\n<div class=\"clear\">\n<p>3. Da 1 a 10 consigli ad un amico (NPS):<\/p>\n<\/div>\n<div class=\"agf_33_col\">\n<p><select id=\"00N1o00000JfHd7\" title=\"Del 1 al 10 recomendaci\u00f3n a un amigo\" name=\"00N1o00000JfHd7\" required><option value=\"\">&#8211;Nesuno&#8211;<\/option><option value=\"1\">1<\/option><option value=\"2\">2<\/option><option value=\"3\">3<\/option><option value=\"4\">4<\/option><option value=\"5\">5<\/option><option value=\"6\">6<\/option><option value=\"7\">7<\/option><option value=\"8\">8<\/option><option value=\"9\">9<\/option><option value=\"10\">10<\/option><\/select><\/p>\n<\/div>\n<div class=\"clear\"><\/div>\n<div class=\"clear\">\n<p>4. Quale dei seguenti motivi \u00e8 stato il principale a scegliere Tisvol?:<\/p>\n<\/div>\n<div class=\"agf_33_col\">\n<p><select id=\"00N1o00000JfHdv\" title=\"Motivos principales para elegir a Tisvol\" name=\"00N1o00000JfHdv\" required><option value=\"\">&#8211;Nesuno&#8211;<\/option><option value=\"i. Unidad de entrega inmediata\">i. Immediata unit\u00e0 di consegna<\/option><option value=\"ii. Posibilidad de personalizaci\u00f3n\">ii. Possibilit\u00e0 di personalizzazione<\/option><option value=\"iii. Precio ajustado\">iii. Prezzo adeguato<\/option><option value=\"iv. Calidad superior\">iv. Qualit\u00e0 superiore<\/option><option value=\"v. Acabados excelentes\">v. Ottime finiture<\/option><option value=\"vi. Confianza en la marca\">VI. Fidati del marchio<\/option><option value=\"vii. Confianza en el vendedor\/distribuidor\">vii. Fiducia nel venditore \/ distributore<\/option><\/select><\/p>\n<\/div>\n<div class=\"clear\"><\/div>\n<div class=\"clear\">\n<p>5. E quale sceglieresti secondo?:<\/p>\n<\/div>\n<div class=\"agf_33_col\">\n<p><select id=\"00N1o00000JfHe5\" title=\"Cual elegir\u00eda en segundo lugar?\" name=\"00N1o00000JfHe5\" required><option value=\"\">&#8211;Nesuno&#8211;<\/option><option value=\"i. Unidad de entrega inmediata\">i. Immediata unit\u00e0 di consegna<\/option><option value=\"ii. Posibilidad de personalizaci\u00f3n\">ii. Possibilit\u00e0 di personalizzazione<\/option><option value=\"iii. Precio ajustado\">iii. Prezzo adeguato<\/option><option value=\"iv. Calidad superior\">iv. Qualit\u00e0 superiore<\/option><option value=\"v. Acabados excelentes\">v. Ottime finiture<\/option><option value=\"vi. Confianza en la marca\">VI. Fidati del marchio<\/option><option value=\"vii. Confianza en el vendedor\/distribuidor\">vii. Fiducia nel venditore \/ distributore<\/option><\/select><\/p>\n<\/div>\n<div class=\"agf_100_col\">\n<p><input name=\"lead_source\" type=\"hidden\" value=\"Web\" \/><br \/>\n<input id=\"00N1o00000JfHfS\" checked=\"checked\" name=\"00N1o00000JfHfS\" type=\"hidden\" value=\"1\" \/><br \/>\n<input name=\"submit\" type=\"submit\" value=\"Inviare\"><\/p>\n<\/div>\n<\/form>\n","protected":false},"excerpt":{"rendered":"<p>Attivazione della garanzia di 5 anni &nbsp; Chasis No.: Email 1: Email 2: Email 3: Nome: Cognomi: Nome della societ\u00e0: Ruolo del cancelliere:&#8211;Nesuno&#8211;Colui che prende decisioniInfluencerConduttoreTecnicoAmministrativo Settore: &#8211;Ninguno&#8211;ConstruzioneCarbonePortoCerealeSprecoPalletAltruiMultiplo Numero di semirimorchi ribaltabili attualmente: Indirizzo postale: Provincia \/ Dipartimento: Paese: Numero di telefono: Partita IVA: Domande: 1. Come hai conosciuto Tisvol?: &#8211;Nesuno&#8211;Attraverso un altro clienteHo visto [&hellip;]<\/p>\n","protected":false},"author":1,"featured_media":24045,"parent":0,"menu_order":0,"comment_status":"closed","ping_status":"closed","template":"activacion.php","meta":{"_acf_changed":false,"footnotes":""},"class_list":["post-24256","page","type-page","status-publish","has-post-thumbnail","hentry"],"acf":[],"_links":{"self":[{"href":"https:\/\/tisvol.com\/it\/wp-json\/wp\/v2\/pages\/24256","targetHints":{"allow":["GET"]}}],"collection":[{"href":"https:\/\/tisvol.com\/it\/wp-json\/wp\/v2\/pages"}],"about":[{"href":"https:\/\/tisvol.com\/it\/wp-json\/wp\/v2\/types\/page"}],"author":[{"embeddable":true,"href":"https:\/\/tisvol.com\/it\/wp-json\/wp\/v2\/users\/1"}],"replies":[{"embeddable":true,"href":"https:\/\/tisvol.com\/it\/wp-json\/wp\/v2\/comments?post=24256"}],"version-history":[{"count":0,"href":"https:\/\/tisvol.com\/it\/wp-json\/wp\/v2\/pages\/24256\/revisions"}],"wp:featuredmedia":[{"embeddable":true,"href":"https:\/\/tisvol.com\/it\/wp-json\/wp\/v2\/media\/24045"}],"wp:attachment":[{"href":"https:\/\/tisvol.com\/it\/wp-json\/wp\/v2\/media?parent=24256"}],"curies":[{"name":"wp","href":"https:\/\/api.w.org\/{rel}","templated":true}]}}