{"id":15998,"date":"2018-07-24T11:27:50","date_gmt":"2018-07-24T11:27:50","guid":{"rendered":"https:\/\/tisvol.com\/aluminio\/"},"modified":"2019-10-02T11:03:33","modified_gmt":"2019-10-02T11:03:33","slug":"alluminio","status":"publish","type":"page","link":"https:\/\/tisvol.com\/it\/come-si-fa\/alluminio\/","title":{"rendered":"Alluminio"},"content":{"rendered":"\n<style type=\"text\/css\" data-created_by=\"avia_inline_auto\" id=\"style-css-av-33yw-fe4ace012c6b9c696b8bb8b31f28441a\">\n.avia-section.av-33yw-fe4ace012c6b9c696b8bb8b31f28441a{\nbackground-color:#ffffff;\nbackground-image:unset;\n}\n<\/style>\n<div id='tisvol-tagline'  class='avia-section av-33yw-fe4ace012c6b9c696b8bb8b31f28441a main_color avia-section-default avia-no-border-styling  avia-builder-el-0  el_before_av_section  avia-builder-el-first  avia-bg-style-scroll container_wrap sidebar_right'  ><div class='container av-section-cont-open' ><main  role=\"main\" itemprop=\"mainContentOfPage\"  class='template-page content  av-content-small alpha units'><div class='post-entry post-entry-type-page post-entry-15998'><div class='entry-content-wrapper clearfix'>\n<section  class='av_textblock_section av-jj8pzx7e-f58ee2657ad4a3ea48b2f1ff7d628b0b '   itemscope=\"itemscope\" itemtype=\"https:\/\/schema.org\/CreativeWork\" ><div class='avia_textblock'  itemprop=\"text\" ><h3 style=\"text-align: center;\">Powered by Superior Quality<\/h3>\n<\/div><\/section>\n\n<\/div><\/div><\/main><!-- close content main element --><\/div><\/div>\n<style type=\"text\/css\" data-created_by=\"avia_inline_auto\" id=\"style-css-av-jsei95pk-16453e14d02669cd74440f030554466c\">\n.avia-section.av-jsei95pk-16453e14d02669cd74440f030554466c{\nbackground-color:rgba(0,0,0,0.76);\nbackground-image:url(https:\/\/tisvol.com\/wp-content\/uploads\/2019\/05\/FONDO-ALU-1.jpg);\nbackground-repeat:no-repeat;\nbackground-position:50% 50%;\nbackground-attachment:scroll;\n}\n.avia-section.av-jsei95pk-16453e14d02669cd74440f030554466c .av-section-color-overlay{\nopacity:0.5;\nbackground-color:#777777;\n}\n<\/style>\n<div id='av_section_2'  class='avia-section av-jsei95pk-16453e14d02669cd74440f030554466c main_color avia-section-large avia-no-border-styling  avia-builder-el-2  el_after_av_section  el_before_av_section  avia-full-stretch avia-bg-style-scroll av-section-color-overlay-active av-minimum-height av-minimum-height-75 av-height-75  container_wrap sidebar_right'  data-section-bg-repeat='stretch' data-av_minimum_height_pc='75' data-av_min_height_opt='75'><div class=\"av-section-color-overlay-wrap\"><div class=\"av-section-color-overlay\"><\/div><div class='container av-section-cont-open' ><div class='template-page content  av-content-small alpha units'><div class='post-entry post-entry-type-page post-entry-15998'><div class='entry-content-wrapper clearfix'>\n\n<style type=\"text\/css\" data-created_by=\"avia_inline_auto\" id=\"style-css-av-4p5m5k-3dbd6fe4d6ef4273dc2cfefe28d50e32\">\n.flex_column.av-4p5m5k-3dbd6fe4d6ef4273dc2cfefe28d50e32{\nborder-radius:0px 0px 0px 0px;\npadding:0px 0px 0px 0px;\n}\n<\/style>\n<div  class='flex_column av-4p5m5k-3dbd6fe4d6ef4273dc2cfefe28d50e32 av_three_fourth  avia-builder-el-3  el_before_av_one_fourth  avia-builder-el-first  animation-element first flex_column_div av-zero-column-padding  '     ><style type=\"text\/css\" data-created_by=\"avia_inline_auto\" id=\"style-css-av-jj8rms6q-0ace5a6ff95aee75cbff9e9923c598c9\">\n#top .av_textblock_section.av-jj8rms6q-0ace5a6ff95aee75cbff9e9923c598c9 .avia_textblock{\nfont-size:20px;\ncolor:#ffffff;\n}\n<\/style>\n<section  class='av_textblock_section av-jj8rms6q-0ace5a6ff95aee75cbff9e9923c598c9 '   itemscope=\"itemscope\" itemtype=\"https:\/\/schema.org\/CreativeWork\" ><div class='avia_textblock av_inherit_color'  itemprop=\"text\" ><h2 class=\"titular-principal\">ALLUMINIO<\/h2>\n<h4><span class=\"gradient-text-white\">Una parte della nostra essenza<\/span><\/h4>\n<\/div><\/section><br \/>\n\n<style type=\"text\/css\" data-created_by=\"avia_inline_auto\" id=\"style-css-av-jseinx9j-f1d16525a1dd5ee02b777298b51b00ab\">\n#top .hr.hr-invisible.av-jseinx9j-f1d16525a1dd5ee02b777298b51b00ab{\nheight:30px;\n}\n<\/style>\n<div  class='hr av-jseinx9j-f1d16525a1dd5ee02b777298b51b00ab hr-invisible  avia-builder-el-5  el_after_av_textblock  el_before_av_textblock '><span class='hr-inner '><span class=\"hr-inner-style\"><\/span><\/span><\/div><br \/>\n\n<style type=\"text\/css\" data-created_by=\"avia_inline_auto\" id=\"style-css-av-jjzijvlr-c7fa8bfb5aca74b19a8db2535c7d7034\">\n#top .av_textblock_section.av-jjzijvlr-c7fa8bfb5aca74b19a8db2535c7d7034 .avia_textblock{\ncolor:#e8e8e8;\n}\n<\/style>\n<section  class='av_textblock_section av-jjzijvlr-c7fa8bfb5aca74b19a8db2535c7d7034 '   itemscope=\"itemscope\" itemtype=\"https:\/\/schema.org\/CreativeWork\" ><div class='avia_textblock especificaciones appear-from-bottom av_inherit_color'  itemprop=\"text\" ><h3 class=\"gradient-text\">Alluminio un 22% pi\u00f9 duro<\/h3>\n<p>Il materiale utilizzato per la fabbricare i basculanti Tisvol \u00e8 sempre quello che possiede la massima qualit\u00e0 del mercato.<\/p>\n<h3 class=\"gradient-text\">Verifiche di durezza su tutte le consegne di alluminio<\/h3>\n<p>Dobbiamo assicurarci che soddisfino le qualit\u00e0 di durezza ottimali.<\/p>\n<h3 class=\"gradient-text\">La tracciabilit\u00e0 e il processo di elaborazione dei documenti<\/h3>\n<p>Essere un fabbricante di veicoli \u00e8 molto pi\u00f9 complesso della semplice produzione e Tisvol ne \u00e8 pienamente cosciente. Per questo la tracciabilit\u00e0 di tutti i materiali \u00e8 fondamentale per noi: sapere quali materiali, persone e robot hanno costruito ogni unit\u00e0 ci fornisce la sicurezza di poter anticipare qualsiasi azione di correzione. Dal momento in cui si approva un nuovo ordine fino alla consegna del veicolo, Tisvol documenta ogni passo, in modo da poter supportare tutti i processi necessari.<\/p>\n<h3 class=\"gradient-text\">Senza saldature<\/h3>\n<p>Lamiere per il fondo a un pezzo, con misure inferiori a 11.500 mm.<\/p>\n<h3 class=\"gradient-text\">Le migliori materie prime per i nostri basculanti<\/h3>\n<p>Garantiamo il miglior alluminio sia per le lamiere che per i cerchioni. Costellium, Hydro, Alcoa\u2026 Tutti i materiali impiegati da Tisvol sono certificati e possiedo sempre valori superiori a quelli richiesti dalla normativa. La selezione di fornitori strategici \u00e8 di vitale importanza, giacch\u00e9 parte del nostro successo dipende da loro. Per questo li selezioniamo in base ai nostri valori: affidabilit\u00e0, qualit\u00e0, durevolezza, esperienza, copertura internazionale e prestigio.<\/p>\n<\/div><\/section><\/p><\/div>\n<style type=\"text\/css\" data-created_by=\"avia_inline_auto\" id=\"style-css-av-22s720-79292b08e6c340448b51653641dd66d5\">\n.flex_column.av-22s720-79292b08e6c340448b51653641dd66d5{\nborder-radius:0px 0px 0px 0px;\npadding:0px 0px 0px 0px;\n}\n<\/style>\n<div  class='flex_column av-22s720-79292b08e6c340448b51653641dd66d5 av_one_fourth  avia-builder-el-7  el_after_av_three_fourth  avia-builder-el-last  flex_column_div av-zero-column-padding  '     ><\/div><\/div><\/div><\/div><!-- close content main div --><\/div><\/div><\/div>\n<style type=\"text\/css\" data-created_by=\"avia_inline_auto\" id=\"style-css-av-9o9nuz-592bd37fc9ed85f16e28c2603f514aea\">\n.avia-section.av-9o9nuz-592bd37fc9ed85f16e28c2603f514aea{\nbackground-repeat:no-repeat;\nbackground-image:url(https:\/\/tisvol.com\/wp-content\/uploads\/2018\/07\/tisvol-como-se-hace-bg.jpg);\nbackground-position:50% 50%;\nbackground-attachment:scroll;\n}\n.avia-section.av-9o9nuz-592bd37fc9ed85f16e28c2603f514aea .av-section-color-overlay{\nopacity:0.9;\nbackground-color:#ffffff;\n}\n<\/style>\n<div id='av_section_3'  class='avia-section av-9o9nuz-592bd37fc9ed85f16e28c2603f514aea main_color avia-section-default avia-no-border-styling  avia-builder-el-8  el_after_av_section  avia-builder-el-last  gradient-overlay border-top-fillet avia-full-stretch avia-bg-style-scroll av-section-color-overlay-active container_wrap sidebar_right'  data-section-bg-repeat='stretch'><div class=\"av-section-color-overlay-wrap\"><div class=\"av-section-color-overlay\"><\/div><div class='container av-section-cont-open' ><div class='template-page content  av-content-small alpha units'><div class='post-entry post-entry-type-page post-entry-15998'><div class='entry-content-wrapper clearfix'>\n\n<style type=\"text\/css\" data-created_by=\"avia_inline_auto\" id=\"style-css-av-1uwf2z-2cc67e0256f80101e4014eae9c62c7c5\">\n.flex_column.av-1uwf2z-2cc67e0256f80101e4014eae9c62c7c5{\nborder-radius:0px 0px 0px 0px;\npadding:0px 0px 0px 0px;\n}\n<\/style>\n<div  class='flex_column av-1uwf2z-2cc67e0256f80101e4014eae9c62c7c5 av_one_fifth  avia-builder-el-9  el_before_av_three_fifth  avia-builder-el-first  first flex_column_div av-zero-column-padding  '     ><\/div>\n<style type=\"text\/css\" data-created_by=\"avia_inline_auto\" id=\"style-css-av-6tq6cb-898d1a5c296f34510c04e41945908418\">\n.flex_column.av-6tq6cb-898d1a5c296f34510c04e41945908418{\nborder-radius:0px 0px 0px 0px;\npadding:0px 0px 0px 0px;\n}\n<\/style>\n<div  class='flex_column av-6tq6cb-898d1a5c296f34510c04e41945908418 av_three_fifth  avia-builder-el-10  el_after_av_one_fifth  avia-builder-el-last  flex_column_div av-zero-column-padding  '     ><section  class='av_textblock_section av-jk0tw2iq-c9a83e4542c117f1c04fa5974a1634f8 '   itemscope=\"itemscope\" itemtype=\"https:\/\/schema.org\/CreativeWork\" ><div class='avia_textblock'  itemprop=\"text\" ><div class=\"tisvol-diagonal\">\n<div><\/div>\n<\/div>\n<h3 class=\"titular-estandar\" style=\"text-align: center;\">COME SI COSTRUISCE UN TISVOL<\/h3>\n<div class=\"tisvol-diagonal\">\n<div><\/div>\n<\/div>\n<\/div><\/section><br \/>\n<section  class='av_textblock_section av-jk0tw2iq-c9a83e4542c117f1c04fa5974a1634f8 '   itemscope=\"itemscope\" itemtype=\"https:\/\/schema.org\/CreativeWork\" ><div class='avia_textblock'  itemprop=\"text\" ><p style=\"text-align: center;\">Il processo di costruzione di un Tisvol impiega oltre 40 robot come parte del processo di produzione, oltre 4 km di saldatura per unit\u00e0 e pi\u00f9 di 1.000 viti.<\/p>\n<p style=\"text-align: center;\">Un\u2019automatizzazione superiore al 85% del processo di saldatura per tutte le unioni, al fine di ottenere il massimo livello di qualit\u00e0 e una garanzia che il processo manuale non pu\u00f2 supportare nel tempo. Le postazioni di saldatura sono automatizzate con robot a 3 o 5 assi, dotati della pi\u00f9 alta tecnologia in CNC.<\/p>\n<p style=\"text-align: center;\">L\u2019intero montaggio automatizzato nasce dal sogno dei fondatori, dalla visione della direzione e dall\u2019esecuzione di tutto il personale che costituisce Tisvol, e non bisogna dimenticare quel tocco artigianale, il saper fare del nostro personale, il quale possiede molti anni di esperienza, che applica ad ogni veicolo. Sorprenditi scoprendo come si costruisce un Tisvol:<\/p>\n<p style=\"text-align: center;\">[<a style=\"color: #fff; text-decoration: underline;\" href=\"https:\/\/tisvol.com\/it\/come-si-fa\/\">+Info riguardo il sistema di costruzione di Tisvol<\/a>]<\/p>\n<\/div><\/section><\/p><\/div>\n<\/div><\/div><\/div><!-- close content main div --><\/div><\/div><\/div><div id='after_section_3'  class='main_color av_default_container_wrap container_wrap sidebar_right'  ><div class='container av-section-cont-open' ><div class='template-page content  av-content-small alpha units'><div class='post-entry post-entry-type-page post-entry-15998'><div class='entry-content-wrapper clearfix'><\/p>\n","protected":false},"excerpt":{"rendered":"","protected":false},"author":1,"featured_media":0,"parent":16017,"menu_order":0,"comment_status":"closed","ping_status":"closed","template":"","meta":{"_acf_changed":false,"footnotes":""},"class_list":["post-15998","page","type-page","status-publish","hentry"],"acf":[],"_links":{"self":[{"href":"https:\/\/tisvol.com\/it\/wp-json\/wp\/v2\/pages\/15998","targetHints":{"allow":["GET"]}}],"collection":[{"href":"https:\/\/tisvol.com\/it\/wp-json\/wp\/v2\/pages"}],"about":[{"href":"https:\/\/tisvol.com\/it\/wp-json\/wp\/v2\/types\/page"}],"author":[{"embeddable":true,"href":"https:\/\/tisvol.com\/it\/wp-json\/wp\/v2\/users\/1"}],"replies":[{"embeddable":true,"href":"https:\/\/tisvol.com\/it\/wp-json\/wp\/v2\/comments?post=15998"}],"version-history":[{"count":0,"href":"https:\/\/tisvol.com\/it\/wp-json\/wp\/v2\/pages\/15998\/revisions"}],"up":[{"embeddable":true,"href":"https:\/\/tisvol.com\/it\/wp-json\/wp\/v2\/pages\/16017"}],"wp:attachment":[{"href":"https:\/\/tisvol.com\/it\/wp-json\/wp\/v2\/media?parent=15998"}],"curies":[{"name":"wp","href":"https:\/\/api.w.org\/{rel}","templated":true}]}}