{"id":15995,"date":"2018-07-25T08:44:38","date_gmt":"2018-07-25T08:44:38","guid":{"rendered":"https:\/\/tisvol.com\/sistemas-de-potencia-tecnologia\/"},"modified":"2019-10-02T11:18:46","modified_gmt":"2019-10-02T11:18:46","slug":"sistemi-di-potenza-tecnologia","status":"publish","type":"page","link":"https:\/\/tisvol.com\/it\/come-si-fa\/sistemi-di-potenza-tecnologia\/","title":{"rendered":"Sistemi di potenza"},"content":{"rendered":"\n<style type=\"text\/css\" data-created_by=\"avia_inline_auto\" id=\"style-css-av-33yw-fe4ace012c6b9c696b8bb8b31f28441a\">\n.avia-section.av-33yw-fe4ace012c6b9c696b8bb8b31f28441a{\nbackground-color:#ffffff;\nbackground-image:unset;\n}\n<\/style>\n<div id='tisvol-tagline'  class='avia-section av-33yw-fe4ace012c6b9c696b8bb8b31f28441a main_color avia-section-default avia-no-border-styling  avia-builder-el-0  el_before_av_section  avia-builder-el-first  avia-bg-style-scroll container_wrap sidebar_right'  ><div class='container av-section-cont-open' ><main  role=\"main\" itemprop=\"mainContentOfPage\"  class='template-page content  av-content-small alpha units'><div class='post-entry post-entry-type-page post-entry-15995'><div class='entry-content-wrapper clearfix'>\n<section  class='av_textblock_section av-jj8pzx7e-f58ee2657ad4a3ea48b2f1ff7d628b0b '   itemscope=\"itemscope\" itemtype=\"https:\/\/schema.org\/CreativeWork\" ><div class='avia_textblock'  itemprop=\"text\" ><h3 style=\"text-align: center;\">Powered by Superior Quality<\/h3>\n<\/div><\/section>\n\n<\/div><\/div><\/main><!-- close content main element --><\/div><\/div>\n<style type=\"text\/css\" data-created_by=\"avia_inline_auto\" id=\"style-css-av-jsei95pk-4de8cb2051bbb907c9c685e4cba9faee\">\n.avia-section.av-jsei95pk-4de8cb2051bbb907c9c685e4cba9faee{\nbackground-color:#232323;\nbackground-repeat:no-repeat;\nbackground-image:url(https:\/\/tisvol.com\/wp-content\/uploads\/2019\/05\/sistemasdepotencia.jpg), linear-gradient( to right, #232323, #6d6d6d );\nbackground-position:0% 0%;\nbackground-attachment:scroll;\n}\n.avia-section.av-jsei95pk-4de8cb2051bbb907c9c685e4cba9faee .av-section-color-overlay{\nopacity:0.5;\nbackground-color:#777777;\n}\n<\/style>\n<div id='sistemas-de-potencia'  class='avia-section av-jsei95pk-4de8cb2051bbb907c9c685e4cba9faee main_color avia-section-large avia-no-border-styling  avia-builder-el-2  el_after_av_section  el_before_av_section  avia-full-stretch avia-bg-style-scroll av-section-color-overlay-active av-minimum-height av-minimum-height-75 av-height-75  container_wrap sidebar_right'  data-section-bg-repeat='stretch' data-av_minimum_height_pc='75' data-av_min_height_opt='75'><div class=\"av-section-color-overlay-wrap\"><div class=\"av-section-color-overlay\"><\/div><div class='container av-section-cont-open' ><div class='template-page content  av-content-small alpha units'><div class='post-entry post-entry-type-page post-entry-15995'><div class='entry-content-wrapper clearfix'>\n\n<style type=\"text\/css\" data-created_by=\"avia_inline_auto\" id=\"style-css-av-4p5m5k-3dbd6fe4d6ef4273dc2cfefe28d50e32\">\n.flex_column.av-4p5m5k-3dbd6fe4d6ef4273dc2cfefe28d50e32{\nborder-radius:0px 0px 0px 0px;\npadding:0px 0px 0px 0px;\n}\n<\/style>\n<div  class='flex_column av-4p5m5k-3dbd6fe4d6ef4273dc2cfefe28d50e32 av_four_fifth  avia-builder-el-3  el_before_av_one_fifth  avia-builder-el-first  animation-element first flex_column_div av-zero-column-padding  '     ><style type=\"text\/css\" data-created_by=\"avia_inline_auto\" id=\"style-css-av-jj8rms6q-0ace5a6ff95aee75cbff9e9923c598c9\">\n#top .av_textblock_section.av-jj8rms6q-0ace5a6ff95aee75cbff9e9923c598c9 .avia_textblock{\nfont-size:20px;\ncolor:#ffffff;\n}\n<\/style>\n<section  class='av_textblock_section av-jj8rms6q-0ace5a6ff95aee75cbff9e9923c598c9 '   itemscope=\"itemscope\" itemtype=\"https:\/\/schema.org\/CreativeWork\" ><div class='avia_textblock av_inherit_color'  itemprop=\"text\" ><h2 class=\"titular-principal\">SISTEMI DI POTENZA<\/h2>\n<h4><span class=\"gradient-text-white\">Il complemento perfetto per il tuo Tisvol<\/span><\/h4>\n<\/div><\/section><br \/>\n\n<style type=\"text\/css\" data-created_by=\"avia_inline_auto\" id=\"style-css-av-jseinx9j-f1d16525a1dd5ee02b777298b51b00ab\">\n#top .hr.hr-invisible.av-jseinx9j-f1d16525a1dd5ee02b777298b51b00ab{\nheight:30px;\n}\n<\/style>\n<div  class='hr av-jseinx9j-f1d16525a1dd5ee02b777298b51b00ab hr-invisible  avia-builder-el-5  el_after_av_textblock  el_before_av_textblock '><span class='hr-inner '><span class=\"hr-inner-style\"><\/span><\/span><\/div><br \/>\n\n<style type=\"text\/css\" data-created_by=\"avia_inline_auto\" id=\"style-css-av-jk29c4n6-f38e6b98d07269e92411984733972f48\">\n#top .av_textblock_section.av-jk29c4n6-f38e6b98d07269e92411984733972f48 .avia_textblock{\ncolor:#e8e8e8;\n}\n<\/style>\n<section  class='av_textblock_section av-jk29c4n6-f38e6b98d07269e92411984733972f48 '   itemscope=\"itemscope\" itemtype=\"https:\/\/schema.org\/CreativeWork\" ><div class='avia_textblock av_inherit_color'  itemprop=\"text\" ><h3 class=\"gradient-text\">Sistema elettrico<\/h3>\n<ul>\n<li><strong> Sistema elettrico blindato:<\/strong> Sistema elettrico marca Asp\u00f6ck con scatola delle connessioni anteriore, con giunzione a due connettori da sette pin (ISO1185 \/ ISO3731) e 1&#215;15 pin (ISO72570), tenuta IP 67 e omologati per ADR. Composto da: spie LED di posizione laterali e anteriori, fissate sul telaio, con intermittenza conforme al regolamento 48R.06; due spie posteriori multifunzione, con triangolo integrato EUROPOINT III FULL LED; segnale acustico di sollevamento e retromarcia e terza luce freno LED.<\/li>\n<li><strong>Sospensione elettronica ECAS:<\/strong> Sistema di sospensione elettronica ECAS di Wabco. La gestione della sospensione pneumatica si realizza da un modulo elettronico sito nel EBS. Il sistema regola l\u2019altezza della sospensione in base alla velocit\u00e0, ottenendo un risparmio di carburante.<\/li>\n<li><strong>Luci operative:<\/strong> Una, due o quattro, site dove preferisci, con illuminazione LED.<\/li>\n<li><strong>Luci laterali:<\/strong> Di serie, fissate alla carrozzeria e, opzionalmente, sul laterale della stessa. Aiutano durante le manovre nei giorni di scarsa visibilit\u00e0. Lampeggiano quando si aziona la freccia di posizione ed ottemperano i requisiti del regolamento 48R.06 sull\u2019illuminazione e la segnalazione.<\/li>\n<li><strong>Rotativa per avviso di inclinazione massima:<\/strong> Si attiva come segnale luminoso quando rileva che il basculante \u00e8 troppo inclinato per poter scaricare. Di serie su Coroa.<\/li>\n<\/ul>\n<\/div><\/section><br \/>\n\n<style type=\"text\/css\" data-created_by=\"avia_inline_auto\" id=\"style-css-av-jk29c4n6-f38e6b98d07269e92411984733972f48\">\n#top .av_textblock_section.av-jk29c4n6-f38e6b98d07269e92411984733972f48 .avia_textblock{\ncolor:#e8e8e8;\n}\n<\/style>\n<section  class='av_textblock_section av-jk29c4n6-f38e6b98d07269e92411984733972f48 '   itemscope=\"itemscope\" itemtype=\"https:\/\/schema.org\/CreativeWork\" ><div class='avia_textblock av_inherit_color'  itemprop=\"text\" ><h3 class=\"gradient-text\">Sistema pneumatico<\/h3>\n<ul>\n<li><strong>Codice colorato<\/strong> del sistema pneumatico, di facile identificazione.<\/li>\n<li><strong>Sistema di stabilit\u00e0 statico TSV:<\/strong> Durante lo scarico, il sistema rileva che la cassa si sta separando dal telaio e si sgonfiano le molle ad aria Diapress della sospensione. Il centro di gravit\u00e0 dell\u2019insieme si abbassa e puoi eseguire lo scarico da dei supporti pi\u00f9 stabili.<\/li>\n<li><strong>Dispositivo di frenata EBS (Electronic Brake System) 2S\/2M, con due sensori e due modulatori:<\/strong> Categoria A, ai sensi della normativa ADR, e con sistema di stabilit\u00e0 dinamica tipo RSS installato. Dotato di telecamere e attuatori con funzione parcheggio sui due assi posteriori e con telecamere singole sul primo asse. Una presa di pressione installata di serie, che consente di passare l\u2019ITV a vuoto. Raccordo di connessione, sito sul quadro di comando laterale.<\/li>\n<\/ul>\n<\/div><\/section><br \/>\n\n<style type=\"text\/css\" data-created_by=\"avia_inline_auto\" id=\"style-css-av-jk29c4n6-f38e6b98d07269e92411984733972f48\">\n#top .av_textblock_section.av-jk29c4n6-f38e6b98d07269e92411984733972f48 .avia_textblock{\ncolor:#e8e8e8;\n}\n<\/style>\n<section  class='av_textblock_section av-jk29c4n6-f38e6b98d07269e92411984733972f48 '   itemscope=\"itemscope\" itemtype=\"https:\/\/schema.org\/CreativeWork\" ><div class='avia_textblock av_inherit_color'  itemprop=\"text\" ><h3><\/h3>\n<h3 class=\"gradient-text\">Sistema idraulico<\/h3>\n<ul>\n<li><strong>Le prese idrauliche, centrate e sollevate<\/strong>, rendono pi\u00f9 semplice il loro collegamento e scollegamento, evitando che si formino nodi fra le manichette.<\/li>\n<li><strong>1 o 2 tubi flessibili:<\/strong> con un tubo flessibile, il collegamento \u00e8 diretto; con due, inseriamo un distributore e montiamo un sistema di protezione del cilindro quando si trova in massima estensione. Ci adattiamo alla soluzione che possa risolvere tutte le tue necessit\u00e0.<\/li>\n<li><strong>Gran variet\u00e0 di raccordi idraulici:<\/strong> Ci adattiamo alla maggior parte delle connessioni standard.<\/li>\n<li><strong>Dispositivo autonomo basculante:<\/strong> Se necessario, possiamo adattare tutto il sistema idraulico affinch\u00e9 si possa azionare il cilindro indipendentemente dalla motrice. Questo sistema \u00e8 ideale per le flotte non specializzate in basculanti con un\u2019ampia rotazione delle motrici.<\/li>\n<\/ul>\n<\/div><\/section><br \/>\n\n<style type=\"text\/css\" data-created_by=\"avia_inline_auto\" id=\"style-css-av-jk29c4n6-f38e6b98d07269e92411984733972f48\">\n#top .av_textblock_section.av-jk29c4n6-f38e6b98d07269e92411984733972f48 .avia_textblock{\ncolor:#e8e8e8;\n}\n<\/style>\n<section  class='av_textblock_section av-jk29c4n6-f38e6b98d07269e92411984733972f48 '   itemscope=\"itemscope\" itemtype=\"https:\/\/schema.org\/CreativeWork\" ><div class='avia_textblock av_inherit_color'  itemprop=\"text\" ><h3 class=\"gradient-text\">Accessori tecnologici<\/h3>\n<ul>\n<li><strong>Sistema di gonfiaggio automatica SAF Tire Pilot:<\/strong> Consente di conservare la pressione ottimale in tutti gli pneumatici e, di conseguenza, di risparmiare carburante.<\/li>\n<li><em><strong>Smartboard:<\/strong><\/em> \u00c8 un sistema di controllo di dati di Wabco che, di serie, offre le seguenti funzioni:\n<ul>\n<li>Contatore di chilometraggio.<\/li>\n<li>Avviso e visualizzazione delle avarie.<\/li>\n<li>Valori di misurazione del sistema di freni e sospensioni, molto utile al momento di stilare una cronologia delle avarie<\/li>\n<li>Visualizzazione del carico su ogni asse.<\/li>\n<\/ul>\n<\/li>\n<li><strong>Migliora le prestazioni dello <em>Smartboard:<\/em><\/strong>\n<ul>\n<li>Controllo della pressione degli pneumatici. Grazie al sistema OpriTire, potrai monitorare la pressione degli pneumatici in tempo reale.<\/li>\n<li>Telecamere per la visione del carico, che consentono di visualizzare l\u2019interno della carrozzeria durante il caricamento.<\/li>\n<li>Immobilizzazione elettronica del semirimorchio.<\/li>\n<li>Indicatore d\u2019usura delle pastiglie. Riceverai l\u2019allerta visiva sullo Smartboard, indicando che la vita utile delle pastiglie sta arrivando alla fine e potrai programmare quando portare il veicoli in officina.<\/li>\n<li>Veicoli collegati. Tramite Optilink o iTap, puoi sincronizzare i semirimorchi con la tua tablet o il tuo smartphone e monitorare una gran quantit\u00e0 di informazioni.&#8221;<\/li>\n<\/ul>\n<\/li>\n<li><strong>Valvola COLAS.<\/strong> Questo meccanismo si occupa di regolare l\u2019altezza della sospensione secondo la posizione di marcia ottimale, indipendentemente dalla posizione in cui sia stata lasciata la valvola.<\/li>\n<li><strong>L\u2019elettronica e il big data ci offrono la possibilit\u00e0 di ridurre il raggio di rotazione.<\/strong> Il semirimorchio rileva quando sta eseguendo una rotazione prolungata e libera dal carico il terzo asse, pertanto effettua la rotazione in uno spazio pi\u00f9 ridotto. Soluzione fornita dal Optiturn di Wabco.<\/li>\n<\/ul>\n<\/div><\/section><\/p><\/div>\n<style type=\"text\/css\" data-created_by=\"avia_inline_auto\" id=\"style-css-av-22s720-79292b08e6c340448b51653641dd66d5\">\n.flex_column.av-22s720-79292b08e6c340448b51653641dd66d5{\nborder-radius:0px 0px 0px 0px;\npadding:0px 0px 0px 0px;\n}\n<\/style>\n<div  class='flex_column av-22s720-79292b08e6c340448b51653641dd66d5 av_one_fifth  avia-builder-el-10  el_after_av_four_fifth  avia-builder-el-last  flex_column_div av-zero-column-padding  '     ><\/div><\/div><\/div><\/div><!-- close content main div --><\/div><\/div><\/div>\n<style type=\"text\/css\" data-created_by=\"avia_inline_auto\" id=\"style-css-av-9o9nuz-592bd37fc9ed85f16e28c2603f514aea\">\n.avia-section.av-9o9nuz-592bd37fc9ed85f16e28c2603f514aea{\nbackground-repeat:no-repeat;\nbackground-image:url(https:\/\/tisvol.com\/wp-content\/uploads\/2018\/07\/tisvol-como-se-hace-bg.jpg);\nbackground-position:50% 50%;\nbackground-attachment:scroll;\n}\n.avia-section.av-9o9nuz-592bd37fc9ed85f16e28c2603f514aea .av-section-color-overlay{\nopacity:0.9;\nbackground-color:#ffffff;\n}\n<\/style>\n<div id='av_section_3'  class='avia-section av-9o9nuz-592bd37fc9ed85f16e28c2603f514aea main_color avia-section-default avia-no-border-styling  avia-builder-el-11  el_after_av_section  el_before_av_section  gradient-overlay border-top-fillet avia-full-stretch avia-bg-style-scroll av-section-color-overlay-active container_wrap sidebar_right'  data-section-bg-repeat='stretch'><div class=\"av-section-color-overlay-wrap\"><div class=\"av-section-color-overlay\"><\/div><div class='container av-section-cont-open' ><div class='template-page content  av-content-small alpha units'><div class='post-entry post-entry-type-page post-entry-15995'><div class='entry-content-wrapper clearfix'>\n\n<style type=\"text\/css\" data-created_by=\"avia_inline_auto\" id=\"style-css-av-1uwf2z-2cc67e0256f80101e4014eae9c62c7c5\">\n.flex_column.av-1uwf2z-2cc67e0256f80101e4014eae9c62c7c5{\nborder-radius:0px 0px 0px 0px;\npadding:0px 0px 0px 0px;\n}\n<\/style>\n<div  class='flex_column av-1uwf2z-2cc67e0256f80101e4014eae9c62c7c5 av_one_fifth  avia-builder-el-12  el_before_av_three_fifth  avia-builder-el-first  first flex_column_div av-zero-column-padding  '     ><\/div>\n<style type=\"text\/css\" data-created_by=\"avia_inline_auto\" id=\"style-css-av-6tq6cb-898d1a5c296f34510c04e41945908418\">\n.flex_column.av-6tq6cb-898d1a5c296f34510c04e41945908418{\nborder-radius:0px 0px 0px 0px;\npadding:0px 0px 0px 0px;\n}\n<\/style>\n<div  class='flex_column av-6tq6cb-898d1a5c296f34510c04e41945908418 av_three_fifth  avia-builder-el-13  el_after_av_one_fifth  avia-builder-el-last  flex_column_div av-zero-column-padding  '     ><section  class='av_textblock_section av-jk0tw2iq-c9a83e4542c117f1c04fa5974a1634f8 '   itemscope=\"itemscope\" itemtype=\"https:\/\/schema.org\/CreativeWork\" ><div class='avia_textblock'  itemprop=\"text\" ><div class=\"tisvol-diagonal\">\n<div><\/div>\n<\/div>\n<h3 class=\"titular-estandar\" style=\"text-align: center;\">COME SI COSTRUISCE UN TISVOL<\/h3>\n<div class=\"tisvol-diagonal\">\n<div><\/div>\n<\/div>\n<\/div><\/section><br \/>\n<section  class='av_textblock_section av-jk0tw2iq-c9a83e4542c117f1c04fa5974a1634f8 '   itemscope=\"itemscope\" itemtype=\"https:\/\/schema.org\/CreativeWork\" ><div class='avia_textblock'  itemprop=\"text\" ><p style=\"text-align: center;\">Il processo di costruzione di un Tisvol impiega oltre 40 robot come parte del processo di produzione, oltre 4 km di saldatura per unit\u00e0 e pi\u00f9 di 1.000 viti.<\/p>\n<p style=\"text-align: center;\">Un\u2019automatizzazione superiore al 85% del processo di saldatura per tutte le unioni, al fine di ottenere il massimo livello di qualit\u00e0 e una garanzia che il processo manuale non pu\u00f2 supportare nel tempo. Le postazioni di saldatura sono automatizzate con robot a 3 o 5 assi, dotati della pi\u00f9 alta tecnologia in CNC.<\/p>\n<p style=\"text-align: center;\">L\u2019intero montaggio automatizzato nasce dal sogno dei fondatori, dalla visione della direzione e dall\u2019esecuzione di tutto il personale che costituisce Tisvol, e non bisogna dimenticare quel tocco artigianale, il saper fare del nostro personale, il quale possiede molti anni di esperienza, che applica ad ogni veicolo. Sorprenditi scoprendo come si costruisce un Tisvol:<\/p>\n<p style=\"text-align: center;\">[<a style=\"color: #fff; text-decoration: underline;\" href=\"https:\/\/tisvol.com\/it\/come-si-fa\/\">+Info riguardo il sistema di costruzione di Tisvol<\/a>]<\/p>\n<\/div><\/section><\/p><\/div>\n<\/p>\n<\/div><\/div><\/div><!-- close content main div --><\/div><\/div><\/div>\n<style type=\"text\/css\" data-created_by=\"avia_inline_auto\" id=\"style-css-av-9o9nuz-160e269624ae7b761652ba28b723b710\">\n.avia-section.av-9o9nuz-160e269624ae7b761652ba28b723b710{\nbackground-color:#d8d8d8;\nbackground-image:unset;\n}\n<\/style>\n<div id='av_section_4'  class='avia-section av-9o9nuz-160e269624ae7b761652ba28b723b710 main_color avia-section-large avia-no-border-styling  avia-builder-el-16  el_after_av_section  avia-builder-el-last  avia-bg-style-scroll container_wrap sidebar_right'  ><div class='container av-section-cont-open' ><div class='template-page content  av-content-small alpha units'><div class='post-entry post-entry-type-page post-entry-15995'><div class='entry-content-wrapper clearfix'>\n<div class='flex_column_table av-57fmi3-092815821eaaee3182dc6f1c6f92c697 sc-av_one_third av-equal-height-column-flextable'>\n<style type=\"text\/css\" data-created_by=\"avia_inline_auto\" id=\"style-css-av-57fmi3-092815821eaaee3182dc6f1c6f92c697\">\n.flex_column.av-57fmi3-092815821eaaee3182dc6f1c6f92c697{\nborder-radius:0px 0px 0px 0px;\npadding:0px 0px 0px 0px;\n}\n<\/style>\n<div  class='flex_column av-57fmi3-092815821eaaee3182dc6f1c6f92c697 av_one_third  avia-builder-el-17  el_before_av_one_third  avia-builder-el-first  first flex_column_table_cell av-equal-height-column av-align-top av-zero-column-padding  '     ><section  class='av_textblock_section av-jk0tw2iq-c9a83e4542c117f1c04fa5974a1634f8 '   itemscope=\"itemscope\" itemtype=\"https:\/\/schema.org\/CreativeWork\" ><div class='avia_textblock'  itemprop=\"text\" ><h3 style=\"text-align: center;\">L\u2019Alluminio di Tisvol<\/h3>\n<p style=\"text-align: center;\">\u00c8 da molto tempo che Tisvol ha adottato l\u2019alluminio come asse portante dei suoi affari. In tutti questi anni, ormai pi\u00f9 di 40, la nostra materia prima \u00e8 diventata la nostra anima e si \u00e8 integrata nel nostro DNA.<\/p>\n<p style=\"text-align: center;\">[<a href=\"https:\/\/tisvol.com\/it\/come-si-fa\/alluminio\/\">+Info riguardo l\u2019alluminio di Tisvol<\/a>]<\/p>\n<\/div><\/section><\/div><div class='av-flex-placeholder'><\/div>\n<style type=\"text\/css\" data-created_by=\"avia_inline_auto\" id=\"style-css-av-3kos8r-355d274a76e6708e3617908638d3f2c0\">\n.flex_column.av-3kos8r-355d274a76e6708e3617908638d3f2c0{\nborder-radius:0px 0px 0px 0px;\npadding:0px 0px 0px 0px;\n}\n<\/style>\n<div  class='flex_column av-3kos8r-355d274a76e6708e3617908638d3f2c0 av_one_third  avia-builder-el-19  el_after_av_one_third  el_before_av_one_third  flex_column_table_cell av-equal-height-column av-align-top av-zero-column-padding  '     ><section  class='av_textblock_section av-jk0tw2iq-c9a83e4542c117f1c04fa5974a1634f8 '   itemscope=\"itemscope\" itemtype=\"https:\/\/schema.org\/CreativeWork\" ><div class='avia_textblock'  itemprop=\"text\" ><h3 style=\"text-align: center;\">Sistemi di potenza di Tisvol<\/h3>\n<p style=\"text-align: center;\">Il sistema elettrico blindato \u00e8 autorizzato al trasporto di merci pericolose; sistema pneumatico a colori, per un\u2019identificazione pi\u00f9 veloce delle avarie; sistema di collegamento dei raccordi idraulici semplici e misti, con finecorsa di sicurezza.<\/p>\n<p style=\"text-align: center;\">[<a href=\"https:\/\/tisvol.com\/it\/come-si-fa\/sistemi-di-potenza-tecnologia\/\">+Info riguardo i sistemi di potenza di Tisvol<\/a>]<\/p>\n<\/div><\/section><\/div><div class='av-flex-placeholder'><\/div>\n<style type=\"text\/css\" data-created_by=\"avia_inline_auto\" id=\"style-css-av-2zilyz-71f7a28451342a07790eec49a1bb3d31\">\n.flex_column.av-2zilyz-71f7a28451342a07790eec49a1bb3d31{\nborder-radius:0px 0px 0px 0px;\npadding:0px 0px 0px 0px;\n}\n<\/style>\n<div  class='flex_column av-2zilyz-71f7a28451342a07790eec49a1bb3d31 av_one_third  avia-builder-el-21  el_after_av_one_third  avia-builder-el-last  flex_column_table_cell av-equal-height-column av-align-top av-zero-column-padding  '     ><section  class='av_textblock_section av-jk0tw2iq-c9a83e4542c117f1c04fa5974a1634f8 '   itemscope=\"itemscope\" itemtype=\"https:\/\/schema.org\/CreativeWork\" ><div class='avia_textblock'  itemprop=\"text\" ><h3 style=\"text-align: center;\">L\u2019importanza della tara per Tisvol<\/h3>\n<p style=\"text-align: center;\">In tutte le gamme, su tutti i nostri veicoli, la tara \u00e8 uno dei principali valori evidenziati dai nostri clienti dopo averli provati. <strong>Scegliere Tisvol significa scegliere un maggior carico utile, una miglior ottimizzazione.<\/strong> La tara \u00e8 la base della redditivit\u00e0 per i nostri clienti e Tisvol ne \u00e8 cosciente, pertanto destiniamo gran parte delle nostre risorse allo sviluppo dei veicoli pi\u00f9 leggeri e con la massima durevolezza.<\/p>\n<\/div><\/section><\/div><\/div><!--close column table wrapper. Autoclose: 1 -->\n<\/div><\/div><\/div><!-- close content main div --><\/div><\/div><div id='after_section_4'  class='main_color av_default_container_wrap container_wrap sidebar_right'  ><div class='container av-section-cont-open' ><div class='template-page content  av-content-small alpha units'><div class='post-entry post-entry-type-page post-entry-15995'><div class='entry-content-wrapper clearfix'>\n","protected":false},"excerpt":{"rendered":"","protected":false},"author":1,"featured_media":0,"parent":16017,"menu_order":0,"comment_status":"closed","ping_status":"closed","template":"","meta":{"_acf_changed":false,"footnotes":""},"class_list":["post-15995","page","type-page","status-publish","hentry"],"acf":[],"_links":{"self":[{"href":"https:\/\/tisvol.com\/it\/wp-json\/wp\/v2\/pages\/15995","targetHints":{"allow":["GET"]}}],"collection":[{"href":"https:\/\/tisvol.com\/it\/wp-json\/wp\/v2\/pages"}],"about":[{"href":"https:\/\/tisvol.com\/it\/wp-json\/wp\/v2\/types\/page"}],"author":[{"embeddable":true,"href":"https:\/\/tisvol.com\/it\/wp-json\/wp\/v2\/users\/1"}],"replies":[{"embeddable":true,"href":"https:\/\/tisvol.com\/it\/wp-json\/wp\/v2\/comments?post=15995"}],"version-history":[{"count":0,"href":"https:\/\/tisvol.com\/it\/wp-json\/wp\/v2\/pages\/15995\/revisions"}],"up":[{"embeddable":true,"href":"https:\/\/tisvol.com\/it\/wp-json\/wp\/v2\/pages\/16017"}],"wp:attachment":[{"href":"https:\/\/tisvol.com\/it\/wp-json\/wp\/v2\/media?parent=15995"}],"curies":[{"name":"wp","href":"https:\/\/api.w.org\/{rel}","templated":true}]}}