{"id":15980,"date":"2018-07-26T08:41:13","date_gmt":"2018-07-26T06:41:13","guid":{"rendered":"https:\/\/tisvol.com\/vehiculos-de-entrega-inmediata\/"},"modified":"2019-10-02T14:28:29","modified_gmt":"2019-10-02T14:28:29","slug":"veicoli-con-cosegna-immediata","status":"publish","type":"page","link":"https:\/\/tisvol.com\/it\/veicoli-con-cosegna-immediata\/","title":{"rendered":"Veicoli con cosegna immediata"},"content":{"rendered":"\n<style type=\"text\/css\" data-created_by=\"avia_inline_auto\" id=\"style-css-av-33yw-fe4ace012c6b9c696b8bb8b31f28441a\">\n.avia-section.av-33yw-fe4ace012c6b9c696b8bb8b31f28441a{\nbackground-color:#ffffff;\nbackground-image:unset;\n}\n<\/style>\n<div id='tisvol-tagline'  class='avia-section av-33yw-fe4ace012c6b9c696b8bb8b31f28441a main_color avia-section-default avia-no-border-styling  avia-builder-el-0  el_before_av_section  avia-builder-el-first  avia-bg-style-scroll container_wrap sidebar_right'  ><div class='container av-section-cont-open' ><main  role=\"main\" itemprop=\"mainContentOfPage\"  class='template-page content  av-content-small alpha units'><div class='post-entry post-entry-type-page post-entry-15980'><div class='entry-content-wrapper clearfix'>\n<section  class='av_textblock_section av-jj8pzx7e-f58ee2657ad4a3ea48b2f1ff7d628b0b '   itemscope=\"itemscope\" itemtype=\"https:\/\/schema.org\/CreativeWork\" ><div class='avia_textblock'  itemprop=\"text\" ><h3 style=\"text-align: center;\">Powered by Superior Quality<\/h3>\n<\/div><\/section>\n\n<\/div><\/div><\/main><!-- close content main element --><\/div><\/div><div id='vehiculos-entrega-inmediata'  class='avia-section av-5n1ed8-3c50de9a6abf2cae7d6a0e5b306ff649 main_color avia-section-default avia-no-border-styling  avia-builder-el-2  el_after_av_section  el_before_av_section  gradient-half-grey-to-white animation-element avia-bg-style-scroll container_wrap sidebar_right'  ><div class='container av-section-cont-open' ><div class='template-page content  av-content-small alpha units'><div class='post-entry post-entry-type-page post-entry-15980'><div class='entry-content-wrapper clearfix'>\n\n<style type=\"text\/css\" data-created_by=\"avia_inline_auto\" id=\"style-css-av-3ngo0s-d4d3ecade494bb31e0cf95ff0cbfbcb8\">\n.flex_column.av-3ngo0s-d4d3ecade494bb31e0cf95ff0cbfbcb8{\nborder-radius:0px 0px 0px 0px;\npadding:0px 0px 0px 0px;\n}\n<\/style>\n<div  class='flex_column av-3ngo0s-d4d3ecade494bb31e0cf95ff0cbfbcb8 av_one_fifth  avia-builder-el-3  el_before_av_three_fifth  avia-builder-el-first  first flex_column_div av-zero-column-padding  '     ><\/div>\n<style type=\"text\/css\" data-created_by=\"avia_inline_auto\" id=\"style-css-av-204e5o-7ccdd0d5b429fb843522f13a3101a4f9\">\n.flex_column.av-204e5o-7ccdd0d5b429fb843522f13a3101a4f9{\nborder-radius:0px 0px 0px 0px;\npadding:0px 0px 0px 0px;\n}\n<\/style>\n<div  class='flex_column av-204e5o-7ccdd0d5b429fb843522f13a3101a4f9 av_three_fifth  avia-builder-el-4  el_after_av_one_fifth  el_before_av_one_fifth  flex_column_div av-zero-column-padding  '     ><section  class='av_textblock_section av-jj8rms6q-e378de6f514244f1a118e0085a2fbc7d '   itemscope=\"itemscope\" itemtype=\"https:\/\/schema.org\/CreativeWork\" ><div class='avia_textblock'  itemprop=\"text\" ><div class=\"tisvol-diagonal\">\n<div><\/div>\n<\/div>\n<h2 class=\"titular-principal\" style=\"text-align: center;\">VEICOLI CON COSEGNA IMMEDIATA<\/h2>\n<h4 class=\"subtitular-principal\" style=\"text-align: center;\">&#8211; SEMPRE PRONTI &#8211;<\/h4>\n<div class=\"tisvol-diagonal\">\n<div><\/div>\n<\/div>\n<\/div><\/section><br \/>\n\n<style type=\"text\/css\" data-created_by=\"avia_inline_auto\" id=\"style-css-av-jk2a4832-c25b0ddef510354a7412e1cd9f41e8ba\">\n#top .hr.hr-invisible.av-jk2a4832-c25b0ddef510354a7412e1cd9f41e8ba{\nheight:30px;\n}\n<\/style>\n<div  class='hr av-jk2a4832-c25b0ddef510354a7412e1cd9f41e8ba hr-invisible  avia-builder-el-6  el_after_av_textblock  el_before_av_textblock '><span class='hr-inner '><span class=\"hr-inner-style\"><\/span><\/span><\/div><br \/>\n<section  class='av_textblock_section av-jk2a2ljs-4eac413447efd74cd923542fbc3ef9fe '   itemscope=\"itemscope\" itemtype=\"https:\/\/schema.org\/CreativeWork\" ><div class='avia_textblock'  itemprop=\"text\" ><p style=\"text-align: center;\">A volte, sebbene scegliere un Tisvol sia una decisione importante, che necessita tempo, l\u2019urgenza di eseguire un lavoro non consente di prendersi tutto il dovuto tempo.<br \/>\nPer risolvere queste situazioni specifiche, abbiamo sempre disponibili dei veicolo con consegna immediata, che potranno adattarsi senza problemi alle tue necessit\u00e0.<\/p>\n<p style=\"text-align: center;\"><strong>Aggiorniamo costantemente questo <em>stock<\/em> e riusciamo sempre ad essere preparati per qualsiasi richiesta.<\/strong><\/p>\n<h3 style=\"text-align: center;\"><a href=\"https:\/\/tisvol.com\/it\/contatto\/\">Contatta il nostro Ufficio Commerciale per sapere la disponibilit\u00e0 attuale. <\/a><\/h3>\n<\/div><\/section><\/p><\/div>\n<style type=\"text\/css\" data-created_by=\"avia_inline_auto\" id=\"style-css-av-3ngo0s-c9d5b2ae7ab2a01cc4e04ecda23dd78e\">\n.flex_column.av-3ngo0s-c9d5b2ae7ab2a01cc4e04ecda23dd78e{\nborder-radius:0px 0px 0px 0px;\npadding:0px 0px 0px 0px;\n}\n<\/style>\n<div  class='flex_column av-3ngo0s-c9d5b2ae7ab2a01cc4e04ecda23dd78e av_one_fifth  avia-builder-el-8  el_after_av_three_fifth  avia-builder-el-last  flex_column_div av-zero-column-padding  '     ><\/div><\/div><\/div><\/div><!-- close content main div --><\/div><\/div>\n<style type=\"text\/css\" data-created_by=\"avia_inline_auto\" id=\"style-css-av-jty901tr-7456f6464050c2dd75e0711e5bbeb4f9\">\n.avia-section.av-jty901tr-7456f6464050c2dd75e0711e5bbeb4f9 .av-parallax .av-parallax-inner{\nbackground-repeat:no-repeat;\nbackground-image:url(https:\/\/tisvol.com\/wp-content\/uploads\/2019\/05\/MG_9432.jpg);\nbackground-position:50% 50%;\nbackground-attachment:scroll;\n}\n.avia-section.av-jty901tr-7456f6464050c2dd75e0711e5bbeb4f9 .av-section-color-overlay{\nopacity:1;\n}\n<\/style>\n<div id='empresa-home'  class='avia-section av-jty901tr-7456f6464050c2dd75e0711e5bbeb4f9 main_color avia-section-large avia-no-border-styling  avia-builder-el-9  el_after_av_section  el_before_av_section  border-top-fillet animation-element avia-full-stretch av-parallax-section avia-bg-style-parallax av-section-color-overlay-active av-minimum-height av-minimum-height-custom av-height-custom  container_wrap sidebar_right'  data-section-bg-repeat='stretch' data-av_minimum_height_px='380'><div class='av-parallax' data-avia-parallax-ratio='0.3' ><div class='av-parallax-inner main_color avia-full-stretch'><\/div><\/div><div class=\"av-section-color-overlay-wrap\"><div class=\"av-section-color-overlay\"><\/div><div class='container av-section-cont-open' style='height:380px'><div class='template-page content  av-content-small alpha units'><div class='post-entry post-entry-type-page post-entry-15980'><div class='entry-content-wrapper clearfix'><\/p>\n<\/div><\/div><\/div><!-- close content main div --><\/div><\/div><\/div>\n<style type=\"text\/css\" data-created_by=\"avia_inline_auto\" id=\"style-css-av-9o9nuz-592bd37fc9ed85f16e28c2603f514aea\">\n.avia-section.av-9o9nuz-592bd37fc9ed85f16e28c2603f514aea{\nbackground-repeat:no-repeat;\nbackground-image:url(https:\/\/tisvol.com\/wp-content\/uploads\/2018\/07\/tisvol-como-se-hace-bg.jpg);\nbackground-position:50% 50%;\nbackground-attachment:scroll;\n}\n.avia-section.av-9o9nuz-592bd37fc9ed85f16e28c2603f514aea .av-section-color-overlay{\nopacity:0.9;\nbackground-color:#ffffff;\n}\n<\/style>\n<div id='av_section_4'  class='avia-section av-9o9nuz-592bd37fc9ed85f16e28c2603f514aea main_color avia-section-default avia-no-border-styling  avia-builder-el-10  el_after_av_section  el_before_av_section  gradient-overlay border-top-fillet avia-full-stretch avia-bg-style-scroll av-section-color-overlay-active container_wrap sidebar_right'  data-section-bg-repeat='stretch'><div class=\"av-section-color-overlay-wrap\"><div class=\"av-section-color-overlay\"><\/div><div class='container av-section-cont-open' ><div class='template-page content  av-content-small alpha units'><div class='post-entry post-entry-type-page post-entry-15980'><div class='entry-content-wrapper clearfix'>\n\n<style type=\"text\/css\" data-created_by=\"avia_inline_auto\" id=\"style-css-av-1uwf2z-2cc67e0256f80101e4014eae9c62c7c5\">\n.flex_column.av-1uwf2z-2cc67e0256f80101e4014eae9c62c7c5{\nborder-radius:0px 0px 0px 0px;\npadding:0px 0px 0px 0px;\n}\n<\/style>\n<div  class='flex_column av-1uwf2z-2cc67e0256f80101e4014eae9c62c7c5 av_one_fifth  avia-builder-el-11  el_before_av_three_fifth  avia-builder-el-first  first flex_column_div av-zero-column-padding  '     ><\/div>\n<style type=\"text\/css\" data-created_by=\"avia_inline_auto\" id=\"style-css-av-6tq6cb-898d1a5c296f34510c04e41945908418\">\n.flex_column.av-6tq6cb-898d1a5c296f34510c04e41945908418{\nborder-radius:0px 0px 0px 0px;\npadding:0px 0px 0px 0px;\n}\n<\/style>\n<div  class='flex_column av-6tq6cb-898d1a5c296f34510c04e41945908418 av_three_fifth  avia-builder-el-12  el_after_av_one_fifth  avia-builder-el-last  flex_column_div av-zero-column-padding  '     ><section  class='av_textblock_section av-jk0tw2iq-c9a83e4542c117f1c04fa5974a1634f8 '   itemscope=\"itemscope\" itemtype=\"https:\/\/schema.org\/CreativeWork\" ><div class='avia_textblock'  itemprop=\"text\" ><div class=\"tisvol-diagonal\">\n<div><\/div>\n<\/div>\n<h3 class=\"titular-estandar\" style=\"text-align: center;\">COME SI COSTRUISCE UN TISVOL<\/h3>\n<div class=\"tisvol-diagonal\">\n<div><\/div>\n<\/div>\n<\/div><\/section><br \/>\n<section  class='av_textblock_section av-jk0tw2iq-c9a83e4542c117f1c04fa5974a1634f8 '   itemscope=\"itemscope\" itemtype=\"https:\/\/schema.org\/CreativeWork\" ><div class='avia_textblock'  itemprop=\"text\" ><p style=\"text-align: center;\">Il processo di costruzione di un Tisvol impiega oltre 40 robot come parte del processo di produzione, oltre 4 km di saldatura per unit\u00e0 e pi\u00f9 di 1.000 viti.<\/p>\n<p style=\"text-align: center;\">Un\u2019automatizzazione superiore al 85% del processo di saldatura per tutte le unioni, al fine di ottenere il massimo livello di qualit\u00e0 e una garanzia che il processo manuale non pu\u00f2 supportare nel tempo. Le postazioni di saldatura sono automatizzate con robot a 3 o 5 assi, dotati della pi\u00f9 alta tecnologia in CNC.<\/p>\n<p style=\"text-align: center;\">L\u2019intero montaggio automatizzato nasce dal sogno dei fondatori, dalla visione della direzione e dall\u2019esecuzione di tutto il personale che costituisce Tisvol, e non bisogna dimenticare quel tocco artigianale, il saper fare del nostro personale, il quale possiede molti anni di esperienza, che applica ad ogni veicolo. Sorprenditi scoprendo come si costruisce un Tisvol:<\/p>\n<p style=\"text-align: center;\">[<a style=\"color: #fff; text-decoration: underline;\" href=\"https:\/\/tisvol.com\/it\/come-si-fa\/\">+Info riguardo il sistema di costruzione di Tisvol<\/a>]<\/p>\n<\/div><\/section><\/p><\/div>\n\n<\/div><\/div><\/div><!-- close content main div --><\/div><\/div><\/div>\n<style type=\"text\/css\" data-created_by=\"avia_inline_auto\" id=\"style-css-av-9o9nuz-160e269624ae7b761652ba28b723b710\">\n.avia-section.av-9o9nuz-160e269624ae7b761652ba28b723b710{\nbackground-color:#d8d8d8;\nbackground-image:unset;\n}\n<\/style>\n<div id='av_section_5'  class='avia-section av-9o9nuz-160e269624ae7b761652ba28b723b710 main_color avia-section-large avia-no-border-styling  avia-builder-el-15  el_after_av_section  el_before_av_layout_row  avia-bg-style-scroll container_wrap sidebar_right'  ><div class='container av-section-cont-open' ><div class='template-page content  av-content-small alpha units'><div class='post-entry post-entry-type-page post-entry-15980'><div class='entry-content-wrapper clearfix'>\n<div class='flex_column_table av-57fmi3-092815821eaaee3182dc6f1c6f92c697 sc-av_one_third av-equal-height-column-flextable'>\n<style type=\"text\/css\" data-created_by=\"avia_inline_auto\" id=\"style-css-av-57fmi3-092815821eaaee3182dc6f1c6f92c697\">\n.flex_column.av-57fmi3-092815821eaaee3182dc6f1c6f92c697{\nborder-radius:0px 0px 0px 0px;\npadding:0px 0px 0px 0px;\n}\n<\/style>\n<div  class='flex_column av-57fmi3-092815821eaaee3182dc6f1c6f92c697 av_one_third  avia-builder-el-16  el_before_av_one_third  avia-builder-el-first  first flex_column_table_cell av-equal-height-column av-align-top av-zero-column-padding  '     ><section  class='av_textblock_section av-jk0tw2iq-c9a83e4542c117f1c04fa5974a1634f8 '   itemscope=\"itemscope\" itemtype=\"https:\/\/schema.org\/CreativeWork\" ><div class='avia_textblock'  itemprop=\"text\" ><h3 style=\"text-align: center;\">L\u2019Alluminio di Tisvol<\/h3>\n<p style=\"text-align: center;\">\u00c8 da molto tempo che Tisvol ha adottato l\u2019alluminio come asse portante dei suoi affari. In tutti questi anni, ormai pi\u00f9 di 40, la nostra materia prima \u00e8 diventata la nostra anima e si \u00e8 integrata nel nostro DNA.<\/p>\n<p style=\"text-align: center;\">[<a href=\"https:\/\/tisvol.com\/it\/come-si-fa\/alluminio\/\">+Info riguardo l\u2019alluminio di Tisvol<\/a>]<\/p>\n<\/div><\/section><\/div><div class='av-flex-placeholder'><\/div>\n<style type=\"text\/css\" data-created_by=\"avia_inline_auto\" id=\"style-css-av-3kos8r-355d274a76e6708e3617908638d3f2c0\">\n.flex_column.av-3kos8r-355d274a76e6708e3617908638d3f2c0{\nborder-radius:0px 0px 0px 0px;\npadding:0px 0px 0px 0px;\n}\n<\/style>\n<div  class='flex_column av-3kos8r-355d274a76e6708e3617908638d3f2c0 av_one_third  avia-builder-el-18  el_after_av_one_third  el_before_av_one_third  flex_column_table_cell av-equal-height-column av-align-top av-zero-column-padding  '     ><section  class='av_textblock_section av-jk0tw2iq-c9a83e4542c117f1c04fa5974a1634f8 '   itemscope=\"itemscope\" itemtype=\"https:\/\/schema.org\/CreativeWork\" ><div class='avia_textblock'  itemprop=\"text\" ><h3 style=\"text-align: center;\">Sistemi di potenza di Tisvol<\/h3>\n<p style=\"text-align: center;\">Il sistema elettrico blindato \u00e8 autorizzato al trasporto di merci pericolose; sistema pneumatico a colori, per un\u2019identificazione pi\u00f9 veloce delle avarie; sistema di collegamento dei raccordi idraulici semplici e misti, con finecorsa di sicurezza.<\/p>\n<p style=\"text-align: center;\">[<a href=\"https:\/\/tisvol.com\/it\/come-si-fa\/sistemi-di-potenza-tecnologia\/\">+Info riguardo i sistemi di potenza di Tisvol<\/a>]<\/p>\n<\/div><\/section><\/div><div class='av-flex-placeholder'><\/div>\n<style type=\"text\/css\" data-created_by=\"avia_inline_auto\" id=\"style-css-av-2zilyz-71f7a28451342a07790eec49a1bb3d31\">\n.flex_column.av-2zilyz-71f7a28451342a07790eec49a1bb3d31{\nborder-radius:0px 0px 0px 0px;\npadding:0px 0px 0px 0px;\n}\n<\/style>\n<div  class='flex_column av-2zilyz-71f7a28451342a07790eec49a1bb3d31 av_one_third  avia-builder-el-20  el_after_av_one_third  avia-builder-el-last  flex_column_table_cell av-equal-height-column av-align-top av-zero-column-padding  '     ><section  class='av_textblock_section av-jk0tw2iq-c9a83e4542c117f1c04fa5974a1634f8 '   itemscope=\"itemscope\" itemtype=\"https:\/\/schema.org\/CreativeWork\" ><div class='avia_textblock'  itemprop=\"text\" ><h3 style=\"text-align: center;\">L\u2019importanza della tara per Tisvol<\/h3>\n<p style=\"text-align: center;\">In tutte le gamme, su tutti i nostri veicoli, la tara \u00e8 uno dei principali valori evidenziati dai nostri clienti dopo averli provati. <strong>Scegliere Tisvol significa scegliere un maggior carico utile, una miglior ottimizzazione.<\/strong> La tara \u00e8 la base della redditivit\u00e0 per i nostri clienti e Tisvol ne \u00e8 cosciente, pertanto destiniamo gran parte delle nostre risorse allo sviluppo dei veicoli pi\u00f9 leggeri e con la massima durevolezza.<\/p>\n<\/div><\/section><\/div><\/div><!--close column table wrapper. Autoclose: 1 -->\n\n<\/div><\/div><\/div><!-- close content main div --><\/div><\/div><div id='footer-tisvol'  class='av-layout-grid-container av-toe-3c3ce1844a362f02ca2b0826139e6924 entry-content-wrapper main_color av-flex-cells  avia-builder-el-22  el_after_av_section  avia-builder-el-last  grid-row-not-first  container_wrap sidebar_right'  >\n\n<style type=\"text\/css\" data-created_by=\"avia_inline_auto\" id=\"style-css-av-5y4o-4e8b0635f7b79c945563f54ae9731e44\">\n.flex_cell.av-5y4o-4e8b0635f7b79c945563f54ae9731e44{\nvertical-align:top;\nbackground-color:#eaeaea;\n}\n.responsive #top #wrap_all .flex_cell.av-5y4o-4e8b0635f7b79c945563f54ae9731e44{\npadding:60px 60px 60px 60px !important;\n}\n<\/style>\n<div class='flex_cell av-5y4o-4e8b0635f7b79c945563f54ae9731e44 av-gridrow-cell av_one_half no_margin  avia-builder-el-23  el_before_av_cell_one_half  avia-builder-el-first  content-align-top'  ><div class='flex_cell_inner'><p>\n<style type=\"text\/css\" data-created_by=\"avia_inline_auto\" id=\"style-css-av-3zju-025110f1caabe8e5714204edc172fb50\">\n.flex_column.av-3zju-025110f1caabe8e5714204edc172fb50{\nborder-radius:0px 0px 0px 0px;\npadding:0px 0px 0px 0px;\n}\n<\/style>\n<div  class='flex_column av-3zju-025110f1caabe8e5714204edc172fb50 av_one_fifth  avia-builder-el-24  el_before_av_three_fourth  avia-builder-el-first  light-text-block first flex_column_div av-zero-column-padding  '     ><\/div>\n<style type=\"text\/css\" data-created_by=\"avia_inline_auto\" id=\"style-css-av-3zju-47719717c351c86f25d43ebc9661ae81\">\n.flex_column.av-3zju-47719717c351c86f25d43ebc9661ae81{\nborder-radius:0px 0px 0px 0px;\npadding:0px 0px 0px 0px;\n}\n<\/style>\n<div  class='flex_column av-3zju-47719717c351c86f25d43ebc9661ae81 av_three_fourth  avia-builder-el-25  el_after_av_one_fifth  avia-builder-el-last  flex_column_div av-zero-column-padding  '     ><section  class='av_textblock_section av-jji9rpio-fe64490182def06bfce411204c780e50 '   itemscope=\"itemscope\" itemtype=\"https:\/\/schema.org\/CreativeWork\" ><div class='avia_textblock'  itemprop=\"text\" ><h3 class=\"titular-estandar\"><strong>NE VUOI SAPERE DI PI\u00d9?<\/strong><\/h3>\n<h3 class=\"titular-estandar\"><strong>ISCRIVITI ALLA NOSTRA NEWSLETTER<\/strong> PER RICEVERE OFFERTE SPECIALI, NOTIZIE E NOTIFICHE DI EVENTI.<\/h3>\n<\/div><\/section><br \/>\n<section  class='av_textblock_section av-jji9rpio-fe64490182def06bfce411204c780e50 '   itemscope=\"itemscope\" itemtype=\"https:\/\/schema.org\/CreativeWork\" ><div class='avia_textblock'  itemprop=\"text\" >\n<div class=\"wpcf7 no-js\" id=\"wpcf7-f16519-o1\" lang=\"\" dir=\"ltr\" data-wpcf7-id=\"16519\">\n<div class=\"screen-reader-response\"><p role=\"status\" aria-live=\"polite\" aria-atomic=\"true\"><\/p> <ul><\/ul><\/div>\n<form action=\"\/it\/wp-json\/wp\/v2\/pages\/15980#wpcf7-f16519-o1\" method=\"post\" class=\"wpcf7-form init wpcf7-acceptance-as-validation\" aria-label=\"Modulo di contatto\" novalidate=\"novalidate\" data-status=\"init\">\n<fieldset class=\"hidden-fields-container\"><input type=\"hidden\" name=\"_wpcf7\" value=\"16519\" \/><input type=\"hidden\" name=\"_wpcf7_version\" value=\"6.1.5\" \/><input type=\"hidden\" name=\"_wpcf7_locale\" value=\"\" \/><input type=\"hidden\" name=\"_wpcf7_unit_tag\" value=\"wpcf7-f16519-o1\" \/><input type=\"hidden\" name=\"_wpcf7_container_post\" value=\"0\" \/><input type=\"hidden\" name=\"_wpcf7_posted_data_hash\" value=\"\" \/><input type=\"hidden\" name=\"_wpcf7cf_hidden_group_fields\" value=\"[]\" \/><input type=\"hidden\" name=\"_wpcf7cf_hidden_groups\" value=\"[]\" \/><input type=\"hidden\" name=\"_wpcf7cf_visible_groups\" value=\"[]\" \/><input type=\"hidden\" name=\"_wpcf7cf_repeaters\" value=\"[]\" \/><input type=\"hidden\" name=\"_wpcf7cf_steps\" value=\"{}\" \/><input type=\"hidden\" name=\"_wpcf7cf_options\" value=\"{&quot;form_id&quot;:16519,&quot;conditions&quot;:[],&quot;settings&quot;:{&quot;animation&quot;:&quot;yes&quot;,&quot;animation_intime&quot;:200,&quot;animation_outtime&quot;:200,&quot;conditions_ui&quot;:&quot;normal&quot;,&quot;notice_dismissed&quot;:false,&quot;notice_dismissed_rollback-cf7-5.9.5&quot;:true,&quot;notice_dismissed_rollback-cf7-5.9.7&quot;:true,&quot;notice_dismissed_rollback-cf7-6.0.2&quot;:true}}\" \/><input type=\"hidden\" name=\"_wpcf7dtx_version\" value=\"5.0.5\" \/><input type=\"hidden\" name=\"_wpcf7_recaptcha_response\" value=\"\" \/>\n<\/fieldset>\n<p><span class=\"wpcf7-form-control-wrap\" data-name=\"email-311\"><input size=\"40\" maxlength=\"400\" class=\"wpcf7-form-control wpcf7-email wpcf7-validates-as-required wpcf7-text wpcf7-validates-as-email tisvol-form-email\" id=\"tisvol-form-email\" aria-required=\"true\" aria-invalid=\"false\" placeholder=\"Scrivi la tua e-mail\" value=\"\" type=\"email\" name=\"email-311\" \/><\/span>\n<\/p>\n<p class=\"legal-checks\"><span class=\"wpcf7-form-control-wrap\" data-name=\"acceptance-156\"><span class=\"wpcf7-form-control wpcf7-acceptance\"><span class=\"wpcf7-list-item\"><label><input type=\"checkbox\" name=\"acceptance-156\" value=\"1\" aria-invalid=\"false\" \/><span class=\"wpcf7-list-item-label\">Ho letto e accetto l\u2019<a href=\"https:\/\/tisvol.com\/en\/legal-notice\/\" target=\"_blank\">informativa sulla privacy<\/a> e le condizioni del trattamento dei miei dati personali.<\/span><\/label><\/span><\/span><\/span>\n<\/p>\n<p class=\"legal-checks\"><span class=\"wpcf7-form-control-wrap\" data-name=\"checkbox-370\"><span class=\"wpcf7-form-control wpcf7-checkbox\"><span class=\"wpcf7-list-item first last\"><input type=\"checkbox\" name=\"checkbox-370[]\" value=\"Accetto l\u2019invio di comunicazioni commerciali.\" \/><span class=\"wpcf7-list-item-label\">Accetto l\u2019invio di comunicazioni commerciali.<\/span><\/span><\/span><\/span>\n<\/p>\n<p><input class=\"wpcf7-form-control wpcf7-submit has-spinner tisvol-form-enviar\" id=\"tisvol-form-enviar\" type=\"submit\" value=\"Invia\" \/><br \/>\n<span class=\"wpcf7-form-control-wrap dynamichidden-140\" data-name=\"dynamichidden-140\"><input type=\"hidden\" name=\"dynamichidden-140\" class=\"wpcf7-form-control wpcf7-hidden wpcf7dtx wpcf7dtx-hidden\" aria-invalid=\"false\" value=\"https:\/\/tisvol.com\/it\/wp-json\/wp\/v2\/pages\/15980\"><\/span>\n<\/p>\n<p style=\"margin-top:24px;display: block;clear: both;float: none;\">\n<span class=\"wpcf7-form-control-wrap recaptcha\" data-name=\"recaptcha\"><span data-sitekey=\"6LfQd3EqAAAAAEpm4ONDVuqWN1ekdOu3MG6WPWwS\" class=\"wpcf7-form-control wpcf7-recaptcha g-recaptcha\"><\/span>\r\n<noscript>\r\n\t<div class=\"grecaptcha-noscript\">\r\n\t\t<iframe loading=\"lazy\" src=\"https:\/\/www.google.com\/recaptcha\/api\/fallback?k=6LfQd3EqAAAAAEpm4ONDVuqWN1ekdOu3MG6WPWwS\" frameborder=\"0\" scrolling=\"no\" width=\"310\" height=\"430\">\r\n\t\t<\/iframe>\r\n\t\t<textarea name=\"g-recaptcha-response\" rows=\"3\" cols=\"40\" placeholder=\"reCaptcha Response Here\">\r\n\t\t<\/textarea>\r\n\t<\/div>\r\n<\/noscript>\r\n<\/span>\n<\/p><div class=\"wpcf7-response-output\" aria-hidden=\"true\"><\/div>\n<\/form>\n<\/div>\n\n<\/div><\/section><\/p><\/div><\/p>\n<\/div><\/div>\n<style type=\"text\/css\" data-created_by=\"avia_inline_auto\" id=\"style-css-av-456w-5b275820a298d2d2ff80a6dcc40d0e1d\">\n.flex_cell.av-456w-5b275820a298d2d2ff80a6dcc40d0e1d{\nvertical-align:top;\nbackground-color:#eaeaea;\n}\n.responsive #top #wrap_all .flex_cell.av-456w-5b275820a298d2d2ff80a6dcc40d0e1d{\npadding:60px 60px 60px 60px !important;\n}\n<\/style>\n<div class='flex_cell av-456w-5b275820a298d2d2ff80a6dcc40d0e1d av-gridrow-cell av_one_half no_margin  avia-builder-el-28  el_after_av_cell_one_half  avia-builder-el-last  content-align-top'  ><div class='flex_cell_inner'><p>\n<style type=\"text\/css\" data-created_by=\"avia_inline_auto\" id=\"style-css-av-3zju-f5819245718ac9cde2af1aa2e7651ab6\">\n.flex_column.av-3zju-f5819245718ac9cde2af1aa2e7651ab6{\nborder-radius:0px 0px 0px 0px;\npadding:0px 0px 0px 0px;\n}\n<\/style>\n<div  class='flex_column av-3zju-f5819245718ac9cde2af1aa2e7651ab6 av_three_fourth  avia-builder-el-29  el_before_av_one_fourth  avia-builder-el-first  first flex_column_div av-zero-column-padding  '     ><section  class='av_textblock_section av-jji9rpio-fe64490182def06bfce411204c780e50 '   itemscope=\"itemscope\" itemtype=\"https:\/\/schema.org\/CreativeWork\" ><div class='avia_textblock'  itemprop=\"text\" ><div class=\"new-shortcodes-row\"><\/p>\n<p><div class=\"new-shortcodes-column new-shortcodes-one-third new-first\"><\/p>\n<ul>\n<li><a href=\"\/it\/empresa\/\">Siamo<\/a><\/li>\n<li><a href=\"https:\/\/tisvol.com\/corp\/it\/rete-commerciale\/\">Rete commerciale<\/a><\/li>\n<li><a href=\"\/it\/contatto\/\">Contatto<\/a><\/li>\n<li><a href=\"\/it\/como-se-hace\/\">Come si fa<\/a><\/li>\n<\/ul>\n<p><\/div><br \/>\n<div class=\"new-shortcodes-column new-shortcodes-one-third\"><\/p>\n<ul>\n<li><a href=\"\/it\/basculanti\/\">Basculanti<\/a><\/li>\n<li><a href=\"\/it\/chasis\/\">Telaio<\/a><\/li>\n<li><a href=\"https:\/\/vo.tisvol.com\">Occasione VO<\/a><\/li>\n<li><a href=\"\/it\/donde-estamos\/\">Dove ci troviamo?<\/a><\/li>\n<\/ul>\n<p><\/div><br \/>\n<div class=\"new-shortcodes-column new-shortcodes-one-third new-last\"><\/p>\n<ul>\n<li><a href=\"\/it\/como-se-hace\/compromiso\/\">Impegno<\/a><\/li>\n<li><a href=\"\/it\/como-se-hace\/exclusividad\/\">Esclusivit\u00e0<\/a><\/li>\n<li><a href=\"\/it\/como-se-hace\/calidad-superior\/\">Qualit\u00e0 Superiore<\/a><\/li>\n<\/ul>\n<p><\/div><\/p>\n<p><\/div>\n\n<style type=\"text\/css\" data-created_by=\"avia_inline_auto\" id=\"style-css-av-3riy-7f630cb37a13882ce2e9a4d1a5bb81de\">\n#top .hr.av-3riy-7f630cb37a13882ce2e9a4d1a5bb81de{\nmargin-top:0px;\nmargin-bottom:16px;\n}\n.hr.av-3riy-7f630cb37a13882ce2e9a4d1a5bb81de .hr-inner{\nwidth:100%;\nborder-color:#cccccc;\n}\n<\/style>\n<div  class='hr av-3riy-7f630cb37a13882ce2e9a4d1a5bb81de hr-custom  avia-builder-el-31  avia-builder-el-no-sibling  hr-center hr-icon-no'><span class='hr-inner inner-border-av-border-thin'><span class=\"hr-inner-style\"><\/span><\/span><\/div>\n<p>Av. Progres, 17 Pol. Ind. Campo An\u00edbal<br \/>\n46530, Puzol &#8211; Valencia (Spain)<br \/>\nTel.: +34 961 465 211<br \/>\nMail: <a href=\"mailto:info@tisvol.com\">info@tisvol.com<\/a><\/p>\n<\/div><\/section><\/div>\n<style type=\"text\/css\" data-created_by=\"avia_inline_auto\" id=\"style-css-av-3zju-476eb52bc8e7cda163953059839deac7\">\n.flex_column.av-3zju-476eb52bc8e7cda163953059839deac7{\nborder-radius:0px 0px 0px 0px;\npadding:0px 0px 0px 0px;\n}\n<\/style>\n<div  class='flex_column av-3zju-476eb52bc8e7cda163953059839deac7 av_one_fourth  avia-builder-el-32  el_after_av_three_fourth  avia-builder-el-last  light-text-block flex_column_div av-zero-column-padding  '     ><\/div><\/p>\n<\/div><\/div>\n<\/div>\n","protected":false},"excerpt":{"rendered":"","protected":false},"author":1,"featured_media":0,"parent":0,"menu_order":0,"comment_status":"closed","ping_status":"closed","template":"","meta":{"_acf_changed":false,"footnotes":""},"class_list":["post-15980","page","type-page","status-publish","hentry"],"acf":[],"_links":{"self":[{"href":"https:\/\/tisvol.com\/it\/wp-json\/wp\/v2\/pages\/15980","targetHints":{"allow":["GET"]}}],"collection":[{"href":"https:\/\/tisvol.com\/it\/wp-json\/wp\/v2\/pages"}],"about":[{"href":"https:\/\/tisvol.com\/it\/wp-json\/wp\/v2\/types\/page"}],"author":[{"embeddable":true,"href":"https:\/\/tisvol.com\/it\/wp-json\/wp\/v2\/users\/1"}],"replies":[{"embeddable":true,"href":"https:\/\/tisvol.com\/it\/wp-json\/wp\/v2\/comments?post=15980"}],"version-history":[{"count":0,"href":"https:\/\/tisvol.com\/it\/wp-json\/wp\/v2\/pages\/15980\/revisions"}],"wp:attachment":[{"href":"https:\/\/tisvol.com\/it\/wp-json\/wp\/v2\/media?parent=15980"}],"curies":[{"name":"wp","href":"https:\/\/api.w.org\/{rel}","templated":true}]}}