{"id":15975,"date":"2018-07-31T08:27:21","date_gmt":"2018-07-31T06:27:21","guid":{"rendered":"https:\/\/tisvol.com\/acabados-superficiales\/"},"modified":"2024-12-19T16:04:42","modified_gmt":"2024-12-19T15:04:42","slug":"finiture-superficiali","status":"publish","type":"page","link":"https:\/\/tisvol.com\/it\/finiture-superficiali\/","title":{"rendered":"Finiture superficiali"},"content":{"rendered":"\n<style type=\"text\/css\" data-created_by=\"avia_inline_auto\" id=\"style-css-av-33yw-fe4ace012c6b9c696b8bb8b31f28441a\">\n.avia-section.av-33yw-fe4ace012c6b9c696b8bb8b31f28441a{\nbackground-color:#ffffff;\nbackground-image:unset;\n}\n<\/style>\n<div id='tisvol-tagline'  class='avia-section av-33yw-fe4ace012c6b9c696b8bb8b31f28441a main_color avia-section-default avia-no-border-styling  avia-builder-el-0  el_before_av_section  avia-builder-el-first  avia-bg-style-scroll container_wrap sidebar_right'  ><div class='container av-section-cont-open' ><main  role=\"main\" itemprop=\"mainContentOfPage\"  class='template-page content  av-content-small alpha units'><div class='post-entry post-entry-type-page post-entry-15975'><div class='entry-content-wrapper clearfix'>\n<section  class='av_textblock_section av-jj8pzx7e-f58ee2657ad4a3ea48b2f1ff7d628b0b '   itemscope=\"itemscope\" itemtype=\"https:\/\/schema.org\/CreativeWork\" ><div class='avia_textblock'  itemprop=\"text\" ><h3 style=\"text-align: center;\">Powered by Superior Quality<\/h3>\n<\/div><\/section>\n\n<\/div><\/div><\/main><!-- close content main element --><\/div><\/div>\n<style type=\"text\/css\" data-created_by=\"avia_inline_auto\" id=\"style-css-av-jsei95pk-c178d08238b6dc278e37a7129240780c\">\n.avia-section.av-jsei95pk-c178d08238b6dc278e37a7129240780c{\nbackground-color:#232323;\nbackground-repeat:no-repeat;\nbackground-image:url(https:\/\/tisvol.com\/wp-content\/uploads\/2019\/05\/pintura.jpg), linear-gradient( to right, #232323, #515151 );\nbackground-position:50% 50%;\nbackground-attachment:scroll;\n}\n.avia-section.av-jsei95pk-c178d08238b6dc278e37a7129240780c .av-section-color-overlay{\nopacity:0.5;\nbackground-color:#777777;\n}\n<\/style>\n<div id='av_section_2'  class='avia-section av-jsei95pk-c178d08238b6dc278e37a7129240780c main_color avia-section-large avia-no-border-styling  avia-builder-el-2  el_after_av_section  el_before_av_section  avia-full-stretch avia-bg-style-scroll av-section-color-overlay-active av-minimum-height av-minimum-height-75 av-height-75  container_wrap sidebar_right'  data-section-bg-repeat='stretch' data-av_minimum_height_pc='75' data-av_min_height_opt='75'><div class=\"av-section-color-overlay-wrap\"><div class=\"av-section-color-overlay\"><\/div><div class='container av-section-cont-open' ><div class='template-page content  av-content-small alpha units'><div class='post-entry post-entry-type-page post-entry-15975'><div class='entry-content-wrapper clearfix'>\n\n<style type=\"text\/css\" data-created_by=\"avia_inline_auto\" id=\"style-css-av-4p5m5k-3dbd6fe4d6ef4273dc2cfefe28d50e32\">\n.flex_column.av-4p5m5k-3dbd6fe4d6ef4273dc2cfefe28d50e32{\nborder-radius:0px 0px 0px 0px;\npadding:0px 0px 0px 0px;\n}\n<\/style>\n<div  class='flex_column av-4p5m5k-3dbd6fe4d6ef4273dc2cfefe28d50e32 av_three_fourth  avia-builder-el-3  el_before_av_one_fourth  avia-builder-el-first  animation-element first flex_column_div av-zero-column-padding  '     ><style type=\"text\/css\" data-created_by=\"avia_inline_auto\" id=\"style-css-av-jj8rms6q-0ace5a6ff95aee75cbff9e9923c598c9\">\n#top .av_textblock_section.av-jj8rms6q-0ace5a6ff95aee75cbff9e9923c598c9 .avia_textblock{\nfont-size:20px;\ncolor:#ffffff;\n}\n<\/style>\n<section  class='av_textblock_section av-jj8rms6q-0ace5a6ff95aee75cbff9e9923c598c9 '   itemscope=\"itemscope\" itemtype=\"https:\/\/schema.org\/CreativeWork\" ><div class='avia_textblock av_inherit_color'  itemprop=\"text\" ><h2 class=\"titular-principal\">FINITURE SUPERFICIALI<\/h2>\n<h4><span class=\"gradient-text-white\">Deve funzionare e deve apparire<\/span><\/h4>\n<\/div><\/section><br \/>\n\n<style type=\"text\/css\" data-created_by=\"avia_inline_auto\" id=\"style-css-av-jseinx9j-f1d16525a1dd5ee02b777298b51b00ab\">\n#top .hr.hr-invisible.av-jseinx9j-f1d16525a1dd5ee02b777298b51b00ab{\nheight:30px;\n}\n<\/style>\n<div  class='hr av-jseinx9j-f1d16525a1dd5ee02b777298b51b00ab hr-invisible  avia-builder-el-5  el_after_av_textblock  el_before_av_textblock '><span class='hr-inner '><span class=\"hr-inner-style\"><\/span><\/span><\/div><br \/>\n\n<style type=\"text\/css\" data-created_by=\"avia_inline_auto\" id=\"style-css-av-jk9frtdu-9ae77c773d0c819d7e9a28aa79cfde65\">\n#top .av_textblock_section.av-jk9frtdu-9ae77c773d0c819d7e9a28aa79cfde65 .avia_textblock{\ncolor:#e8e8e8;\n}\n<\/style>\n<section  class='av_textblock_section av-jk9frtdu-9ae77c773d0c819d7e9a28aa79cfde65 '   itemscope=\"itemscope\" itemtype=\"https:\/\/schema.org\/CreativeWork\" ><div class='avia_textblock av_inherit_color'  itemprop=\"text\" ><h3 class=\"gradient-text\" style=\"text-align: left;\">Barra del paraurti anodizzata<\/h3>\n<p>La verniciatura dei paraurti non \u00e8 una buona opzione, giacch\u00e9, in seguito all\u2019uso e agli scarichi, la vernice finisce per rovinarsi.<\/p>\n<p>La rifinitura di serie di tutte le nostre barre dei paraurti consiste in un <strong>trattamento di ossidazione anodica<\/strong>, che migliora la durevolezza dell\u2019alluminio. \u00c8 il trattamento standard dell\u2019alluminio per i componenti marittimi.&#8221;<\/p>\n<h3 class=\"gradient-text\" style=\"text-align: left;\">Finiture<\/h3>\n<p><strong>Disponibile sia la finitura verniciata che quella naturale in alluminio<\/strong>, nonostante le difficolt\u00e0 che comporta.<\/p>\n<\/div><\/section><br \/>\n\n<style type=\"text\/css\" data-created_by=\"avia_inline_auto\" id=\"style-css-av-jjzijvlr-a360d04029b4ce372b0774c95bcefcf5\">\n#top .av_textblock_section.av-jjzijvlr-a360d04029b4ce372b0774c95bcefcf5 .avia_textblock{\ncolor:#e8e8e8;\n}\n<\/style>\n<section  class='av_textblock_section av-jjzijvlr-a360d04029b4ce372b0774c95bcefcf5 '   itemscope=\"itemscope\" itemtype=\"https:\/\/schema.org\/CreativeWork\" ><div class='avia_textblock av_inherit_color'  itemprop=\"text\" ><h3 class=\"gradient-text\" style=\"text-align: left;\">Il processo di verniciatura Tisvol<\/h3>\n<p>Il processo di verniciatura Tisvol garantisce un minimo di 85 micron su tutto il veicolo. Su tutti i veicoli, eseguiamo un test di controllo dei punti di lettura distribuiti su tutta la superficie, mediante il quale verifichiamo se l\u2019applicazione \u00e8 stata perfetta.<\/p>\n<p>Durante il processo di verniciatura, controlliamo aspetti quali:<\/p>\n<ul>\n<li>Un <strong>minimo di 85 mircon<\/strong> su tutta la superficie.<\/li>\n<li>Verniciatura del telaio separatamente dalla cassa e prima di qualsiasi installazione. In questo modo<strong> si preserva il codice colorato.<\/strong><\/li>\n<li><strong>Punti di controllo<\/strong> su tutti i veicoli verniciati.<\/li>\n<li><strong>Verniciatura elettrostatica<\/strong><\/li>\n<li><strong>Asciugatura nel forno.<\/strong><\/li>\n<li><strong>Trattamento superficiale previo<\/strong>, mediante pallinatura o smerigliatura, tramite il quale di apre il poro e si ottiene un risultato perfetto.<\/li>\n<li>Utilizziamo un prodotto innovativo e di alta qualit\u00e0, applicato in pi\u00f9 strati. Il primo strato funge da primer per un&#8217;adesione perfetta, mentre gli strati successivi offrono una finitura estetica con elevata lucentezza e una distensione impeccabile. Il prodotto contiene un&#8217;alta concentrazione di agenti anticorrosivi e vengono effettuati i controlli di qualit\u00e0 necessari per conformarsi alle normative vigenti su vernici e smalti (ISO 2409-2808-2813-4628-12944).<\/li>\n<\/ul>\n<\/div><\/section><br \/>\n\n<style type=\"text\/css\" data-created_by=\"avia_inline_auto\" id=\"style-css-av-jvnju9en-778045358ddb148d0b52a01cfc6267ea\">\n#top .hr.hr-invisible.av-jvnju9en-778045358ddb148d0b52a01cfc6267ea{\nheight:30px;\n}\n<\/style>\n<div  class='hr av-jvnju9en-778045358ddb148d0b52a01cfc6267ea hr-invisible  avia-builder-el-8  el_after_av_textblock  el_before_av_textblock '><span class='hr-inner '><span class=\"hr-inner-style\"><\/span><\/span><\/div><br \/>\n\n<style type=\"text\/css\" data-created_by=\"avia_inline_auto\" id=\"style-css-av-jjzijvlr-666cf31055e7f7bfceb532d629f45ff1\">\n#top .av_textblock_section.av-jjzijvlr-666cf31055e7f7bfceb532d629f45ff1 .avia_textblock{\ncolor:#e8e8e8;\n}\n<\/style>\n<section  class='av_textblock_section av-jjzijvlr-666cf31055e7f7bfceb532d629f45ff1 '   itemscope=\"itemscope\" itemtype=\"https:\/\/schema.org\/CreativeWork\" ><div class='avia_textblock av_inherit_color'  itemprop=\"text\" ><h3 class=\"gradient-text\">Bulloneria <em>Dacromet<\/em><\/h3>\n<p>Diamo una gran importanza alla prevenzione della corrosione. Dotiamo la bulloneria del miglior trattamento, per costruire un\u2019enorme affidabilit\u00e0.<\/p>\n<\/div><\/section><br \/>\n\n<style type=\"text\/css\" data-created_by=\"avia_inline_auto\" id=\"style-css-av-jjzijvlr-666cf31055e7f7bfceb532d629f45ff1\">\n#top .av_textblock_section.av-jjzijvlr-666cf31055e7f7bfceb532d629f45ff1 .avia_textblock{\ncolor:#e8e8e8;\n}\n<\/style>\n<section  class='av_textblock_section av-jjzijvlr-666cf31055e7f7bfceb532d629f45ff1 '   itemscope=\"itemscope\" itemtype=\"https:\/\/schema.org\/CreativeWork\" ><div class='avia_textblock av_inherit_color'  itemprop=\"text\" ><h3 class=\"gradient-text\">Analisi in Camera a nebbia salina<\/h3>\n<p>Verifichiamo la qualit\u00e0 del nostro processo di verniciatura e della bulloneria delle zone di unione fra metalli con diversa coppia galvanica. Eseguiamo analisi annuali della resistenza alla corrosione in camera a nebbia salina (ai sensi della norma <strong>UNE-EN ISO 9227<\/strong>), mediante simulazioni a scala del telaio e delle casse (fino a 1.000 ore). I risultati sono tremendamente soddisfacenti: non appaiono scrostature della vernice (norma <strong>UNE 48258-2-ISO 4628-2:1982<\/strong>) e la superficie verniciata conserva un comportamento eccezionale rispetto alla corrosione (norma <strong>UNE 48258-3-ISO 4628-3:1982<\/strong>).<\/p>\n<\/div><\/section><\/p><\/div>\n<style type=\"text\/css\" data-created_by=\"avia_inline_auto\" id=\"style-css-av-22s720-79292b08e6c340448b51653641dd66d5\">\n.flex_column.av-22s720-79292b08e6c340448b51653641dd66d5{\nborder-radius:0px 0px 0px 0px;\npadding:0px 0px 0px 0px;\n}\n<\/style>\n<div  class='flex_column av-22s720-79292b08e6c340448b51653641dd66d5 av_one_fourth  avia-builder-el-11  el_after_av_three_fourth  avia-builder-el-last  flex_column_div av-zero-column-padding  '     ><\/div><\/div><\/div><\/div><!-- close content main div --><\/div><\/div><\/div>\n<style type=\"text\/css\" data-created_by=\"avia_inline_auto\" id=\"style-css-av-9o9nuz-592bd37fc9ed85f16e28c2603f514aea\">\n.avia-section.av-9o9nuz-592bd37fc9ed85f16e28c2603f514aea{\nbackground-repeat:no-repeat;\nbackground-image:url(https:\/\/tisvol.com\/wp-content\/uploads\/2018\/07\/tisvol-como-se-hace-bg.jpg);\nbackground-position:50% 50%;\nbackground-attachment:scroll;\n}\n.avia-section.av-9o9nuz-592bd37fc9ed85f16e28c2603f514aea .av-section-color-overlay{\nopacity:0.9;\nbackground-color:#ffffff;\n}\n<\/style>\n<div id='av_section_3'  class='avia-section av-9o9nuz-592bd37fc9ed85f16e28c2603f514aea main_color avia-section-default avia-no-border-styling  avia-builder-el-12  el_after_av_section  el_before_av_section  gradient-overlay border-top-fillet avia-full-stretch avia-bg-style-scroll av-section-color-overlay-active container_wrap sidebar_right'  data-section-bg-repeat='stretch'><div class=\"av-section-color-overlay-wrap\"><div class=\"av-section-color-overlay\"><\/div><div class='container av-section-cont-open' ><div class='template-page content  av-content-small alpha units'><div class='post-entry post-entry-type-page post-entry-15975'><div class='entry-content-wrapper clearfix'>\n\n<style type=\"text\/css\" data-created_by=\"avia_inline_auto\" id=\"style-css-av-1uwf2z-2cc67e0256f80101e4014eae9c62c7c5\">\n.flex_column.av-1uwf2z-2cc67e0256f80101e4014eae9c62c7c5{\nborder-radius:0px 0px 0px 0px;\npadding:0px 0px 0px 0px;\n}\n<\/style>\n<div  class='flex_column av-1uwf2z-2cc67e0256f80101e4014eae9c62c7c5 av_one_fifth  avia-builder-el-13  el_before_av_three_fifth  avia-builder-el-first  first flex_column_div av-zero-column-padding  '     ><\/div>\n<style type=\"text\/css\" data-created_by=\"avia_inline_auto\" id=\"style-css-av-6tq6cb-898d1a5c296f34510c04e41945908418\">\n.flex_column.av-6tq6cb-898d1a5c296f34510c04e41945908418{\nborder-radius:0px 0px 0px 0px;\npadding:0px 0px 0px 0px;\n}\n<\/style>\n<div  class='flex_column av-6tq6cb-898d1a5c296f34510c04e41945908418 av_three_fifth  avia-builder-el-14  el_after_av_one_fifth  avia-builder-el-last  flex_column_div av-zero-column-padding  '     ><section  class='av_textblock_section av-jk0tw2iq-c9a83e4542c117f1c04fa5974a1634f8 '   itemscope=\"itemscope\" itemtype=\"https:\/\/schema.org\/CreativeWork\" ><div class='avia_textblock'  itemprop=\"text\" ><div class=\"tisvol-diagonal\">\n<div><\/div>\n<\/div>\n<h3 class=\"titular-estandar\" style=\"text-align: center;\">COME SI COSTRUISCE UN TISVOL<\/h3>\n<div class=\"tisvol-diagonal\">\n<div><\/div>\n<\/div>\n<\/div><\/section><br \/>\n<section  class='av_textblock_section av-jk0tw2iq-c9a83e4542c117f1c04fa5974a1634f8 '   itemscope=\"itemscope\" itemtype=\"https:\/\/schema.org\/CreativeWork\" ><div class='avia_textblock'  itemprop=\"text\" ><p style=\"text-align: center;\">Il processo di costruzione di un Tisvol impiega oltre 40 robot come parte del processo di produzione, oltre 4 km di saldatura per unit\u00e0 e pi\u00f9 di 1.000 viti.<\/p>\n<p style=\"text-align: center;\">Un\u2019automatizzazione superiore al 85% del processo di saldatura per tutte le unioni, al fine di ottenere il massimo livello di qualit\u00e0 e una garanzia che il processo manuale non pu\u00f2 supportare nel tempo. Le postazioni di saldatura sono automatizzate con robot a 3 o 5 assi, dotati della pi\u00f9 alta tecnologia in CNC.<\/p>\n<p style=\"text-align: center;\">L\u2019intero montaggio automatizzato nasce dal sogno dei fondatori, dalla visione della direzione e dall\u2019esecuzione di tutto il personale che costituisce Tisvol, e non bisogna dimenticare quel tocco artigianale, il saper fare del nostro personale, il quale possiede molti anni di esperienza, che applica ad ogni veicolo. Sorprenditi scoprendo come si costruisce un Tisvol:<\/p>\n<p style=\"text-align: center;\">[<a style=\"color: #fff; text-decoration: underline;\" href=\"https:\/\/tisvol.com\/it\/come-si-fa\/\">+Info riguardo il sistema di costruzione di Tisvol<\/a>]<\/p>\n<\/div><\/section><\/p><\/div>\n<\/p>\n<\/div><\/div><\/div><!-- close content main div --><\/div><\/div><\/div>\n<style type=\"text\/css\" data-created_by=\"avia_inline_auto\" id=\"style-css-av-9o9nuz-160e269624ae7b761652ba28b723b710\">\n.avia-section.av-9o9nuz-160e269624ae7b761652ba28b723b710{\nbackground-color:#d8d8d8;\nbackground-image:unset;\n}\n<\/style>\n<div id='av_section_4'  class='avia-section av-9o9nuz-160e269624ae7b761652ba28b723b710 main_color avia-section-large avia-no-border-styling  avia-builder-el-17  el_after_av_section  avia-builder-el-last  avia-bg-style-scroll container_wrap sidebar_right'  ><div class='container av-section-cont-open' ><div class='template-page content  av-content-small alpha units'><div class='post-entry post-entry-type-page post-entry-15975'><div class='entry-content-wrapper clearfix'>\n<div class='flex_column_table av-57fmi3-092815821eaaee3182dc6f1c6f92c697 sc-av_one_third av-equal-height-column-flextable'>\n<style type=\"text\/css\" data-created_by=\"avia_inline_auto\" id=\"style-css-av-57fmi3-092815821eaaee3182dc6f1c6f92c697\">\n.flex_column.av-57fmi3-092815821eaaee3182dc6f1c6f92c697{\nborder-radius:0px 0px 0px 0px;\npadding:0px 0px 0px 0px;\n}\n<\/style>\n<div  class='flex_column av-57fmi3-092815821eaaee3182dc6f1c6f92c697 av_one_third  avia-builder-el-18  el_before_av_one_third  avia-builder-el-first  first flex_column_table_cell av-equal-height-column av-align-top av-zero-column-padding  '     ><section  class='av_textblock_section av-jk0tw2iq-c9a83e4542c117f1c04fa5974a1634f8 '   itemscope=\"itemscope\" itemtype=\"https:\/\/schema.org\/CreativeWork\" ><div class='avia_textblock'  itemprop=\"text\" ><h3 style=\"text-align: center;\">L\u2019Alluminio di Tisvol<\/h3>\n<p style=\"text-align: center;\">\u00c8 da molto tempo che Tisvol ha adottato l\u2019alluminio come asse portante dei suoi affari. In tutti questi anni, ormai pi\u00f9 di 40, la nostra materia prima \u00e8 diventata la nostra anima e si \u00e8 integrata nel nostro DNA.<\/p>\n<p style=\"text-align: center;\">[<a href=\"https:\/\/tisvol.com\/it\/come-si-fa\/alluminio\/\">+Info riguardo l\u2019alluminio di Tisvol<\/a>]<\/p>\n<\/div><\/section><\/div><div class='av-flex-placeholder'><\/div>\n<style type=\"text\/css\" data-created_by=\"avia_inline_auto\" id=\"style-css-av-3kos8r-355d274a76e6708e3617908638d3f2c0\">\n.flex_column.av-3kos8r-355d274a76e6708e3617908638d3f2c0{\nborder-radius:0px 0px 0px 0px;\npadding:0px 0px 0px 0px;\n}\n<\/style>\n<div  class='flex_column av-3kos8r-355d274a76e6708e3617908638d3f2c0 av_one_third  avia-builder-el-20  el_after_av_one_third  el_before_av_one_third  flex_column_table_cell av-equal-height-column av-align-top av-zero-column-padding  '     ><section  class='av_textblock_section av-jk0tw2iq-c9a83e4542c117f1c04fa5974a1634f8 '   itemscope=\"itemscope\" itemtype=\"https:\/\/schema.org\/CreativeWork\" ><div class='avia_textblock'  itemprop=\"text\" ><h3 style=\"text-align: center;\">Sistemi di potenza di Tisvol<\/h3>\n<p style=\"text-align: center;\">Il sistema elettrico blindato \u00e8 autorizzato al trasporto di merci pericolose; sistema pneumatico a colori, per un\u2019identificazione pi\u00f9 veloce delle avarie; sistema di collegamento dei raccordi idraulici semplici e misti, con finecorsa di sicurezza.<\/p>\n<p style=\"text-align: center;\">[<a href=\"https:\/\/tisvol.com\/it\/come-si-fa\/sistemi-di-potenza-tecnologia\/\">+Info riguardo i sistemi di potenza di Tisvol<\/a>]<\/p>\n<\/div><\/section><\/div><div class='av-flex-placeholder'><\/div>\n<style type=\"text\/css\" data-created_by=\"avia_inline_auto\" id=\"style-css-av-2zilyz-71f7a28451342a07790eec49a1bb3d31\">\n.flex_column.av-2zilyz-71f7a28451342a07790eec49a1bb3d31{\nborder-radius:0px 0px 0px 0px;\npadding:0px 0px 0px 0px;\n}\n<\/style>\n<div  class='flex_column av-2zilyz-71f7a28451342a07790eec49a1bb3d31 av_one_third  avia-builder-el-22  el_after_av_one_third  avia-builder-el-last  flex_column_table_cell av-equal-height-column av-align-top av-zero-column-padding  '     ><section  class='av_textblock_section av-jk0tw2iq-c9a83e4542c117f1c04fa5974a1634f8 '   itemscope=\"itemscope\" itemtype=\"https:\/\/schema.org\/CreativeWork\" ><div class='avia_textblock'  itemprop=\"text\" ><h3 style=\"text-align: center;\">L\u2019importanza della tara per Tisvol<\/h3>\n<p style=\"text-align: center;\">In tutte le gamme, su tutti i nostri veicoli, la tara \u00e8 uno dei principali valori evidenziati dai nostri clienti dopo averli provati. <strong>Scegliere Tisvol significa scegliere un maggior carico utile, una miglior ottimizzazione.<\/strong> La tara \u00e8 la base della redditivit\u00e0 per i nostri clienti e Tisvol ne \u00e8 cosciente, pertanto destiniamo gran parte delle nostre risorse allo sviluppo dei veicoli pi\u00f9 leggeri e con la massima durevolezza.<\/p>\n<\/div><\/section><\/div><\/div><!--close column table wrapper. Autoclose: 1 -->\n<\/div><\/div><\/div><!-- close content main div --><\/div><\/div><div id='after_section_4'  class='main_color av_default_container_wrap container_wrap sidebar_right'  ><div class='container av-section-cont-open' ><div class='template-page content  av-content-small alpha units'><div class='post-entry post-entry-type-page post-entry-15975'><div class='entry-content-wrapper clearfix'>\n","protected":false},"excerpt":{"rendered":"","protected":false},"author":1,"featured_media":0,"parent":0,"menu_order":0,"comment_status":"closed","ping_status":"closed","template":"","meta":{"_acf_changed":false,"footnotes":""},"class_list":["post-15975","page","type-page","status-publish","hentry"],"acf":[],"_links":{"self":[{"href":"https:\/\/tisvol.com\/it\/wp-json\/wp\/v2\/pages\/15975","targetHints":{"allow":["GET"]}}],"collection":[{"href":"https:\/\/tisvol.com\/it\/wp-json\/wp\/v2\/pages"}],"about":[{"href":"https:\/\/tisvol.com\/it\/wp-json\/wp\/v2\/types\/page"}],"author":[{"embeddable":true,"href":"https:\/\/tisvol.com\/it\/wp-json\/wp\/v2\/users\/1"}],"replies":[{"embeddable":true,"href":"https:\/\/tisvol.com\/it\/wp-json\/wp\/v2\/comments?post=15975"}],"version-history":[{"count":0,"href":"https:\/\/tisvol.com\/it\/wp-json\/wp\/v2\/pages\/15975\/revisions"}],"wp:attachment":[{"href":"https:\/\/tisvol.com\/it\/wp-json\/wp\/v2\/media?parent=15975"}],"curies":[{"name":"wp","href":"https:\/\/api.w.org\/{rel}","templated":true}]}}