{"id":40194,"date":"2025-02-19T12:19:28","date_gmt":"2025-02-19T11:19:28","guid":{"rendered":"https:\/\/tisvol.com\/support\/"},"modified":"2025-02-21T09:46:45","modified_gmt":"2025-02-21T08:46:45","slug":"support","status":"publish","type":"page","link":"https:\/\/tisvol.com\/hu\/support\/","title":{"rendered":"Support"},"content":{"rendered":"<section  class='av_textblock_section av-av_textblock-2f45ee038b9791cb9e5ddbac29cc3291 '   itemscope=\"itemscope\" itemtype=\"https:\/\/schema.org\/CreativeWork\" ><div class='avia_textblock'  itemprop=\"text\" ><h2>Let\u00f6lt\u00e9sek<\/h2>\n<ul class=\"descargas-soporte\"><li><a href=\"https:\/\/tisvol.com\/wp-content\/uploads\/2025\/02\/garancialis_fedezet_jost_mb_tengelyek.pdf\" download>Garanci\u00e1lis Fedezet JOST MB Tengelyek<\/a><\/li><li><a href=\"https:\/\/tisvol.com\/wp-content\/uploads\/2025\/02\/guidelines_for_operation_and_maintenance_jost-2.pdf\" download>Guidelines for Operation and Maintenance Jost<\/a><\/li><li><a href=\"https:\/\/tisvol.com\/wp-content\/uploads\/2025\/02\/app_saf-4.pdf\" download>APP SAF<\/a><\/li><li><a href=\"https:\/\/tisvol.com\/wp-content\/uploads\/2025\/02\/operating_manual_b9_en_de-3.pdf\" download>Operating Manual B9 EN\/DE<\/a><\/li><li><a href=\"https:\/\/tisvol.com\/wp-content\/uploads\/2025\/02\/operating_manual_bi9_en-3.pdf\" download>Operating Manual BI9 EN<\/a><\/li><li><a href=\"https:\/\/tisvol.com\/wp-content\/uploads\/2025\/02\/operating_manual_intradrum_en-3.pdf\" download>Operating Manual INTRADRUM EN<\/a><\/li><li><a href=\"https:\/\/tisvol.com\/wp-content\/uploads\/2025\/02\/saf_tire_pilot1_en-3.pdf\" download>SAF TIRE PILOT 1 EN<\/a><\/li><li><a href=\"https:\/\/tisvol.com\/wp-content\/uploads\/2025\/02\/saf_holland_period_of_guarantee-8.pdf\" download>SAF-HOLLAND Period of Guarantee<\/a><\/li><li><a href=\"https:\/\/tisvol.com\/wp-content\/uploads\/2025\/02\/warr_integral_guarantee_conditions_en-2.pdf\" download>Warr INTEGRAL Guarantee Conditions EN<\/a><\/li><li><a href=\"https:\/\/tisvol.com\/wp-content\/uploads\/2025\/02\/smartboard_en-1.pdf\" download>SmartBoard EN<\/a><\/li><li><a href=\"https:\/\/tisvol.com\/wp-content\/uploads\/2025\/02\/washing_system_120l.pdf\" download>Washing System 120L<\/a><\/li><li><a href=\"https:\/\/tisvol.com\/wp-content\/uploads\/2025\/02\/karbantartasi_kezikonyv.pdf\" download>Karbantart\u00e1si K\u00e9zik\u00f6nyv<\/a><\/li><li><a href=\"https:\/\/tisvol.com\/wp-content\/uploads\/2025\/02\/zf_driverhandbook_2023_en_final-1.pdf\" download>ZF Driver Handbook 2023 EN<\/a><\/li><\/ul>\n<\/div><\/section>\n<\/div><\/div><\/div><!-- close content main div --><\/div><\/div><div id='footer-tisvol'  class='av-layout-grid-container av-av_layout_row-411df47f43da57ee04496a4bf1d042c7 entry-content-wrapper main_color av-flex-cells  avia-builder-el-1  el_after_av_textblock  avia-builder-el-last  grid-row-not-first  container_wrap sidebar_right'  >\n\n<style type=\"text\/css\" data-created_by=\"avia_inline_auto\" id=\"style-css-av-av_cell_one_half-308610464fbd36606c06897e4d7a6cf1\">\n.flex_cell.av-av_cell_one_half-308610464fbd36606c06897e4d7a6cf1{\nvertical-align:top;\nbackground-color:#eaeaea;\n}\n.responsive #top #wrap_all .flex_cell.av-av_cell_one_half-308610464fbd36606c06897e4d7a6cf1{\npadding:60px 60px 60px 60px !important;\n}\n<\/style>\n<div class='flex_cell av-av_cell_one_half-308610464fbd36606c06897e4d7a6cf1 av-gridrow-cell av_one_half no_margin  avia-builder-el-2  el_before_av_cell_one_half  avia-builder-el-first  content-align-top'  ><div class='flex_cell_inner'><p>\n<style type=\"text\/css\" data-created_by=\"avia_inline_auto\" id=\"style-css-av-av_one_fifth-bc26b829acf92e37349c42870cdec434\">\n.flex_column.av-av_one_fifth-bc26b829acf92e37349c42870cdec434{\nborder-radius:0px 0px 0px 0px;\npadding:0px 0px 0px 0px;\n}\n<\/style>\n<div  class='flex_column av-av_one_fifth-bc26b829acf92e37349c42870cdec434 av_one_fifth  avia-builder-el-3  el_before_av_three_fourth  avia-builder-el-first  light-text-block first flex_column_div av-zero-column-padding  '     ><\/div>\n<style type=\"text\/css\" data-created_by=\"avia_inline_auto\" id=\"style-css-av-av_three_fourth-f8f6c53277887e20ff3b1b33e1635d10\">\n.flex_column.av-av_three_fourth-f8f6c53277887e20ff3b1b33e1635d10{\nborder-radius:0px 0px 0px 0px;\npadding:0px 0px 0px 0px;\n}\n<\/style>\n<div  class='flex_column av-av_three_fourth-f8f6c53277887e20ff3b1b33e1635d10 av_three_fourth  avia-builder-el-4  el_after_av_one_fifth  avia-builder-el-last  flex_column_div av-zero-column-padding  '     ><section  class='av_textblock_section av-av_textblock-1b99157d1448faee5788a6815569fc7f '   itemscope=\"itemscope\" itemtype=\"https:\/\/schema.org\/CreativeWork\" ><div class='avia_textblock'  itemprop=\"text\" ><h3 class=\"titular-estandar\"><strong>SZERETNE T\u00d6BBET MEGTUDNI?<\/strong><\/h3>\n<h3 class=\"titular-estandar\"><strong>A K\u00dcL\u00d6NLEGES AJ\u00c1NLATOKKAL,<\/strong> H\u00cdREKKEL \u00c9S ESEM\u00c9NYEKKEL KAPCSOLATOS TOV\u00c1BBI INFORM\u00c1CI\u00d3\u00c9RT IRATKOZZON FEL H\u00cdRLEVEL\u00dcNKRE.<\/h3>\n<\/div><\/section><br \/>\n<section  class='av_textblock_section av-av_textblock-1b99157d1448faee5788a6815569fc7f '   itemscope=\"itemscope\" itemtype=\"https:\/\/schema.org\/CreativeWork\" ><div class='avia_textblock'  itemprop=\"text\" >\n<div class=\"wpcf7 no-js\" id=\"wpcf7-f15249-o1\" lang=\"\" dir=\"ltr\" data-wpcf7-id=\"15249\">\n<div class=\"screen-reader-response\"><p role=\"status\" aria-live=\"polite\" aria-atomic=\"true\"><\/p> <ul><\/ul><\/div>\n<form action=\"\/hu\/wp-json\/wp\/v2\/pages\/40194#wpcf7-f15249-o1\" method=\"post\" class=\"wpcf7-form init wpcf7-acceptance-as-validation\" aria-label=\"Kapcsolatfelv\u00e9teli \u0171rlap\" novalidate=\"novalidate\" data-status=\"init\">\n<fieldset class=\"hidden-fields-container\"><input type=\"hidden\" name=\"_wpcf7\" value=\"15249\" \/><input type=\"hidden\" name=\"_wpcf7_version\" value=\"6.1.5\" \/><input type=\"hidden\" name=\"_wpcf7_locale\" value=\"\" \/><input type=\"hidden\" name=\"_wpcf7_unit_tag\" value=\"wpcf7-f15249-o1\" \/><input type=\"hidden\" name=\"_wpcf7_container_post\" value=\"0\" \/><input type=\"hidden\" name=\"_wpcf7_posted_data_hash\" value=\"\" \/><input type=\"hidden\" name=\"_wpcf7cf_hidden_group_fields\" value=\"[]\" \/><input type=\"hidden\" name=\"_wpcf7cf_hidden_groups\" value=\"[]\" \/><input type=\"hidden\" name=\"_wpcf7cf_visible_groups\" value=\"[]\" \/><input type=\"hidden\" name=\"_wpcf7cf_repeaters\" value=\"[]\" \/><input type=\"hidden\" name=\"_wpcf7cf_steps\" value=\"{}\" \/><input type=\"hidden\" name=\"_wpcf7cf_options\" value=\"{&quot;form_id&quot;:15249,&quot;conditions&quot;:[],&quot;settings&quot;:{&quot;animation&quot;:&quot;yes&quot;,&quot;animation_intime&quot;:200,&quot;animation_outtime&quot;:200,&quot;conditions_ui&quot;:&quot;normal&quot;,&quot;notice_dismissed&quot;:false,&quot;notice_dismissed_rollback-cf7-5.9.5&quot;:true,&quot;notice_dismissed_rollback-cf7-5.9.7&quot;:true,&quot;notice_dismissed_rollback-cf7-6.0.2&quot;:true}}\" \/><input type=\"hidden\" name=\"_wpcf7dtx_version\" value=\"5.0.5\" \/><input type=\"hidden\" name=\"_wpcf7_recaptcha_response\" value=\"\" \/>\n<\/fieldset>\n<p><span class=\"wpcf7-form-control-wrap\" data-name=\"email-311\"><input size=\"40\" maxlength=\"400\" class=\"wpcf7-form-control wpcf7-email wpcf7-validates-as-required wpcf7-text wpcf7-validates-as-email tisvol-form-email\" id=\"tisvol-form-email\" aria-required=\"true\" aria-invalid=\"false\" placeholder=\"Adja meg az e-mail-c\u00edm\u00e9t\" value=\"\" type=\"email\" name=\"email-311\" \/><\/span>\n<\/p>\n<p class=\"legal-checks\"><span class=\"wpcf7-form-control-wrap\" data-name=\"acceptance-156\"><span class=\"wpcf7-form-control wpcf7-acceptance\"><span class=\"wpcf7-list-item\"><label><input type=\"checkbox\" name=\"acceptance-156\" value=\"1\" aria-invalid=\"false\" \/><span class=\"wpcf7-list-item-label\">Elolvastam \u00e9s elfogadom a <a href=\"https:\/\/tisvol.com\/en\/legal-notice\/\" target=\"_blank\">titoktart\u00e1si ir\u00e1nyelveket<\/a> \u00e9s a szem\u00e9lyes adatok kezel\u00e9s\u00e9re vonatkoz\u00f3 felt\u00e9teleket.<\/span><\/label><\/span><\/span><\/span>\n<\/p>\n<p class=\"legal-checks\"><span class=\"wpcf7-form-control-wrap\" data-name=\"checkbox-370\"><span class=\"wpcf7-form-control wpcf7-checkbox\"><span class=\"wpcf7-list-item first last\"><input type=\"checkbox\" name=\"checkbox-370[]\" value=\"Elfogadom a rekl\u00e1manyagok k\u00fcld\u00e9s\u00e9t.\" \/><span class=\"wpcf7-list-item-label\">Elfogadom a rekl\u00e1manyagok k\u00fcld\u00e9s\u00e9t.<\/span><\/span><\/span><\/span>\n<\/p>\n<p><input class=\"wpcf7-form-control wpcf7-submit has-spinner tisvol-form-enviar\" id=\"tisvol-form-enviar\" type=\"submit\" value=\"K\u00fcldje el a\" \/><br \/>\n<span class=\"wpcf7-form-control-wrap dynamichidden-140\" data-name=\"dynamichidden-140\"><input type=\"hidden\" name=\"dynamichidden-140\" class=\"wpcf7-form-control wpcf7-hidden wpcf7dtx wpcf7dtx-hidden\" aria-invalid=\"false\" value=\"https:\/\/tisvol.com\/hu\/wp-json\/wp\/v2\/pages\/40194\"><\/span>\n<\/p>\n<p style=\"margin-top:24px;display: block;clear: both;float: none;\">\n<span class=\"wpcf7-form-control-wrap recaptcha\" data-name=\"recaptcha\"><span data-sitekey=\"6LfQd3EqAAAAAEpm4ONDVuqWN1ekdOu3MG6WPWwS\" class=\"wpcf7-form-control wpcf7-recaptcha g-recaptcha\"><\/span>\r\n<noscript>\r\n\t<div class=\"grecaptcha-noscript\">\r\n\t\t<iframe loading=\"lazy\" src=\"https:\/\/www.google.com\/recaptcha\/api\/fallback?k=6LfQd3EqAAAAAEpm4ONDVuqWN1ekdOu3MG6WPWwS\" frameborder=\"0\" scrolling=\"no\" width=\"310\" height=\"430\">\r\n\t\t<\/iframe>\r\n\t\t<textarea name=\"g-recaptcha-response\" rows=\"3\" cols=\"40\" placeholder=\"reCaptcha Response Here\">\r\n\t\t<\/textarea>\r\n\t<\/div>\r\n<\/noscript>\r\n<\/span>\n<\/p><div class=\"wpcf7-response-output\" aria-hidden=\"true\"><\/div>\n<\/form>\n<\/div>\n\n<\/div><\/section><\/p><\/div><\/p>\n<\/div><\/div>\n<style type=\"text\/css\" data-created_by=\"avia_inline_auto\" id=\"style-css-av-av_cell_one_half-308610464fbd36606c06897e4d7a6cf1\">\n.flex_cell.av-av_cell_one_half-308610464fbd36606c06897e4d7a6cf1{\nvertical-align:top;\nbackground-color:#eaeaea;\n}\n.responsive #top #wrap_all .flex_cell.av-av_cell_one_half-308610464fbd36606c06897e4d7a6cf1{\npadding:60px 60px 60px 60px !important;\n}\n<\/style>\n<div class='flex_cell av-av_cell_one_half-308610464fbd36606c06897e4d7a6cf1 av-gridrow-cell av_one_half no_margin  avia-builder-el-7  el_after_av_cell_one_half  avia-builder-el-last  content-align-top'  ><div class='flex_cell_inner'><p>\n<style type=\"text\/css\" data-created_by=\"avia_inline_auto\" id=\"style-css-av-av_three_fourth-9d4457416ec422e64d2909d5a98b4a13\">\n.flex_column.av-av_three_fourth-9d4457416ec422e64d2909d5a98b4a13{\nborder-radius:0px 0px 0px 0px;\npadding:0px 0px 0px 0px;\n}\n<\/style>\n<div  class='flex_column av-av_three_fourth-9d4457416ec422e64d2909d5a98b4a13 av_three_fourth  avia-builder-el-8  el_before_av_one_fourth  avia-builder-el-first  first flex_column_div av-zero-column-padding  '     ><section  class='av_textblock_section av-av_textblock-1b99157d1448faee5788a6815569fc7f '   itemscope=\"itemscope\" itemtype=\"https:\/\/schema.org\/CreativeWork\" ><div class='avia_textblock'  itemprop=\"text\" ><div class=\"new-shortcodes-row\"><\/p>\n<p><div class=\"new-shortcodes-column new-shortcodes-one-third new-first\"><\/p>\n<ul>\n<li><a href=\"\/hu\/empresa\/\">V\u00e1llalat<\/a><\/li>\n<li><a href=\"https:\/\/tisvol.com\/corp\/hu\/red-comercial\/\">Kereskedelmi h\u00e1l\u00f3zat<\/a><\/li>\n<li><a href=\"\/hu\/contacto\/\">Kapcsolat<\/a><\/li>\n<li><a href=\"\/hu\/basculantes\/\">Billen\u0151s j\u00e1rm\u0171vek<\/a><\/li>\n<\/ul>\n<p><\/div><br \/>\n<div class=\"new-shortcodes-column new-shortcodes-one-third\"><\/p>\n<ul>\n<li><a href=\"\/hu\/chasis\/\">Alv\u00e1z<\/a><\/li>\n<li><a href=\"https:\/\/vo.tisvol.com\">Haszn\u00e1lt j\u00e1rm\u0171vek<\/a><\/li>\n<li><a href=\"\/hu\/donde-estamos\/\">Hol Vagyunk?<\/a><\/li>\n<li><a href=\"\/hu\/como-se-hace\/\">Hogyan k\u00e9sz\u00fcl?<\/a><\/li>\n<\/ul>\n<p><\/div><br \/>\n<div class=\"new-shortcodes-column new-shortcodes-one-third new-last\"><\/p>\n<ul>\n<li><a href=\"\/hu\/como-se-hace\/compromiso\/\">Elk\u00f6telezetts\u00e9g<\/a><\/li>\n<li><a href=\"\/hu\/como-se-hace\/exclusividad\/\">Kiz\u00e1r\u00f3lagoss\u00e1g <\/a><\/li>\n<li><a href=\"\/hu\/como-se-hace\/calidad-superior\/\">Kiemelked\u0151 min\u0151s\u00e9g<\/a><\/li>\n<\/ul>\n<p><\/div><\/p>\n<p><\/div>\n\n<style type=\"text\/css\" data-created_by=\"avia_inline_auto\" id=\"style-css-av-av_hr-9ed85f3e08d83e2d2e3fb8f058d87b1b\">\n#top .hr.av-av_hr-9ed85f3e08d83e2d2e3fb8f058d87b1b{\nmargin-top:0px;\nmargin-bottom:16px;\n}\n.hr.av-av_hr-9ed85f3e08d83e2d2e3fb8f058d87b1b .hr-inner{\nwidth:100%;\nborder-color:#cccccc;\n}\n<\/style>\n<div  class='hr av-av_hr-9ed85f3e08d83e2d2e3fb8f058d87b1b hr-custom  avia-builder-el-10  avia-builder-el-no-sibling  hr-center hr-icon-no'><span class='hr-inner inner-border-av-border-thin'><span class=\"hr-inner-style\"><\/span><\/span><\/div>\n<p>Av. Progres, 17 Pol. Ind. Campo An\u00edbal<br \/>\n46530, Puzol &#8211; Valencia (Spain)<br \/>\nTel.: +34 961 465 211<br \/>\nMail: <a href=\"mailto:info@tisvol.com\">info@tisvol.com<\/a><\/p>\n<\/div><\/section><\/div>\n<style type=\"text\/css\" data-created_by=\"avia_inline_auto\" id=\"style-css-av-av_one_fourth-a6be2cbfc937c407256f56afd9505e39\">\n.flex_column.av-av_one_fourth-a6be2cbfc937c407256f56afd9505e39{\nborder-radius:0px 0px 0px 0px;\npadding:0px 0px 0px 0px;\n}\n<\/style>\n<div  class='flex_column av-av_one_fourth-a6be2cbfc937c407256f56afd9505e39 av_one_fourth  avia-builder-el-11  el_after_av_three_fourth  avia-builder-el-last  light-text-block flex_column_div av-zero-column-padding  '     ><\/div><\/p>\n<\/div><\/div>\n<\/div>\n","protected":false},"excerpt":{"rendered":"","protected":false},"author":1,"featured_media":0,"parent":0,"menu_order":0,"comment_status":"closed","ping_status":"closed","template":"","meta":{"_acf_changed":false,"footnotes":""},"class_list":["post-40194","page","type-page","status-publish","hentry"],"acf":[],"_links":{"self":[{"href":"https:\/\/tisvol.com\/hu\/wp-json\/wp\/v2\/pages\/40194","targetHints":{"allow":["GET"]}}],"collection":[{"href":"https:\/\/tisvol.com\/hu\/wp-json\/wp\/v2\/pages"}],"about":[{"href":"https:\/\/tisvol.com\/hu\/wp-json\/wp\/v2\/types\/page"}],"author":[{"embeddable":true,"href":"https:\/\/tisvol.com\/hu\/wp-json\/wp\/v2\/users\/1"}],"replies":[{"embeddable":true,"href":"https:\/\/tisvol.com\/hu\/wp-json\/wp\/v2\/comments?post=40194"}],"version-history":[{"count":0,"href":"https:\/\/tisvol.com\/hu\/wp-json\/wp\/v2\/pages\/40194\/revisions"}],"wp:attachment":[{"href":"https:\/\/tisvol.com\/hu\/wp-json\/wp\/v2\/media?parent=40194"}],"curies":[{"name":"wp","href":"https:\/\/api.w.org\/{rel}","templated":true}]}}