{"id":24255,"date":"2021-05-21T13:03:29","date_gmt":"2021-05-21T11:03:29","guid":{"rendered":"https:\/\/tisvol.com\/activacion-de-la-garantia-de-5-anos-tisvol\/"},"modified":"2021-05-28T12:31:23","modified_gmt":"2021-05-28T10:31:23","slug":"activacion-de-la-garantia-de-5-anos-tisvol","status":"publish","type":"page","link":"https:\/\/tisvol.com\/hu\/activacion-de-la-garantia-de-5-anos-tisvol\/","title":{"rendered":"Activaci\u00f3n de la garant\u00eda de 5 a\u00f1os"},"content":{"rendered":"<form action=\"https:\/\/webto.salesforce.com\/servlet\/servlet.WebToLead?encoding=UTF-8\" method=\"POST\" id=\"actgarform\">\n<div><input name=\"oid\" type=\"hidden\" value=\"00D24000000inSF\" \/><\/div>\n<div><input name=\"retURL\" type=\"hidden\" value=\"https:\/\/tisvol.com\/hu\/koszonom-garancia-X5\/\" \/><\/div>\n<p><!--NOTA: Estos campos son elementos de depuraci\u00f3n opcionales. Elimine los comentarios de estas l\u00edneas si desea realizar una prueba en el modo de depuraci\u00f3n.--><br \/>\n<!--<input type=\"hidden\" name=\"debug\" value=1>--><br \/>\n<!--<input type=\"hidden\" name=\"debugEmail\" value=\"soporte@konozca.com\">--><\/p>\n<div class=\"clear\">\n<h3><strong>Az \u00f6t\u00e9ves garancia aktiv\u00e1l\u00e1sa<\/strong><\/h3>\n<\/div>\n<div>\n<p>&nbsp;<\/p>\n<\/div>\n<div class=\"agf_50_col\">\n<p>Alv\u00e1zsz\u00e1m:<input id=\"00N1o00000JfHeA\" name=\"00N1o00000JfHeA\" size=\"20\" type=\"text\" required\/><\/p>\n<\/div>\n<div class=\"agf_50_col\">\n<p><label for=\"email\">Email 1:<\/label><input id=\"email\" maxlength=\"80\" name=\"email\" size=\"20\" type=\"text\" required\/><\/p>\n<\/div>\n<div class=\"agf_50_col\">\n<p>Email 2:<input id=\"00N1o00000JfHac\" maxlength=\"80\" name=\"00N1o00000JfHac\" size=\"20\" type=\"text\" \/><\/p>\n<\/div>\n<div class=\"agf_50_col\">\n<p>Email 3:<input id=\"00N1o00000JfHah\" maxlength=\"80\" name=\"00N1o00000JfHah\" size=\"20\" type=\"text\" \/><\/p>\n<\/div>\n<div class=\"agf_50_col\">\n<p><label for=\"first_name\">N\u00e9v:<br \/>\n<\/label><input id=\"first_name\" maxlength=\"40\" name=\"first_name\" size=\"20\" type=\"text\" required\/><\/p>\n<\/div>\n<div class=\"agf_50_col\">\n<p><label for=\"last_name\">Vezet\u00e9kn\u00e9v:<\/label><input id=\"last_name\" maxlength=\"80\" name=\"last_name\" size=\"20\" type=\"text\" required\/><\/p>\n<\/div>\n<div class=\"agf_50_col\">\n<p><label for=\"company\">C\u00e9g neve:<\/label><input id=\"company\" maxlength=\"40\" name=\"company\" size=\"20\" type=\"text\" required\/><\/p>\n<\/div>\n<div class=\"agf_50_col\">\n<p>A regisztr\u00e1l\u00f3 szem\u00e9ly feladatk\u00f6re:<select id=\"00N1o00000JfHam\" title=\"Rol del registrador\" name=\"00N1o00000JfHam\" required><option value=\"\">&#8211;Nincs&#8211;<\/option><option value=\"Decisor\">D\u00f6nt\u00e9shoz\u00f3<\/option><option value=\"Influenciador\">Influencer<\/option><option value=\"Conductor\">Sof\u0151r<\/option><option value=\"T\u00e9cnico\">Technikus<\/option><option value=\"Administrativo\">Adminisztr\u00e1tor<\/option><\/select><\/p>\n<\/div>\n<div class=\"agf_50_col\">\n<p><label for=\"industry\">Szektor:<\/label><br \/>\n<select id=\"industry\" name=\"industry\" required><option value=\"\">&#8211;Nincs&#8211;<\/option><option value=\"Construcci\u00f3n\">\u00c9p\u00edt\u0151ipar<\/option><option value=\"Carb\u00f3n\">Sz\u00e9nipar<\/option><option value=\"Portuario\">Kik\u00f6t\u0151<\/option><option value=\"Cereal\">Gabonaipar<\/option><option value=\"Residuos\">Hullad\u00e9k<\/option><option value=\"Palets\">Raklapok<\/option><option value=\"Otros\">Egy\u00e9b<\/option><option value=\"Multiple\">T\u00f6bbf\u00e9le<\/option><\/select><\/p>\n<\/div>\n<div class=\"agf_50_col\">\n<p>Jelenlegi billen\u0151s f\u00e9lp\u00f3tkocsik sz\u00e1ma:<input id=\"00N1o00000JfHbQ\" name=\"00N1o00000JfHbQ\" size=\"20\" type=\"text\" required\/><\/p>\n<\/div>\n<div class=\"agf_50_col\">\n<p>Postai c\u00edm:<br \/>\n<input id=\"00N1o00000JfHf8\" maxlength=\"255\" name=\"00N1o00000JfHf8\" size=\"20\" type=\"text\" required\/><\/p>\n<\/div>\n<div class=\"agf_50_col\">\n<p>Tartom\u00e1ny \/ Oszt\u00e1ly:<input id=\"00N1o00000JfHfD\" maxlength=\"255\" name=\"00N1o00000JfHfD\" size=\"20\" type=\"text\" required\/><\/p>\n<\/div>\n<div class=\"agf_50_col\">\n<p>Orsz\u00e1g:<br \/>\n<input id=\"00N1o00000JfHf3\" maxlength=\"255\" name=\"00N1o00000JfHf3\" size=\"20\" type=\"text\" required\/><\/p>\n<\/div>\n<div class=\"agf_50_col\">\n<p>Telefonsz\u00e1m:<input id=\"00N1o00000JfHfI\" maxlength=\"255\" name=\"00N1o00000JfHfI\" size=\"20\" type=\"text\" required\/><\/p>\n<\/div>\n<div class=\"agf_50_col\">\n<p>C\u00e9gjegyz\u00e9ksz\u00e1m:<input id=\"00N1o00000JfHba\" maxlength=\"15\" name=\"00N1o00000JfHba\" size=\"20\" type=\"text\" required\/><\/p>\n<\/div>\n<div class=\"clear\"><\/div>\n<div class=\"clear\">\n<h3>K\u00e9rd\u00e9sek:<\/h3>\n<\/div>\n<div class=\"clear\">\n<p>1. Honn\u00e9t ismeri a Tisvol?<\/p>\n<\/div>\n<div class=\"agf_33_col\">\n<p><select id=\"00N1o00000JfHbp\" title=\"C\u00f3mo conociste Tisvol?\" name=\"00N1o00000JfHbp\" required><option value=\"\">&#8211;Nincs&#8211;<\/option><option value=\"Por medio de otro cliente\">Egy m\u00e1sik \u00fcgyf\u00e9l seg\u00edts\u00e9g\u00e9vel<\/option><option value=\"Vi un vehiculo Tisvol trabajando\/circulandodo\">L\u00e1ttam egy Tisvol j\u00e1rm\u0171vet dolgozni\/keringetni<\/option><option value=\"Por el vendedor\/distribuidor\">\u00c9rt\u00e9kes\u00edt\u0151t\u0151l\/Viszontelad\u00f3t\u00f3l<\/option><option value=\"Publicidad\">Hirdet\u00e9s \u00fatj\u00e1n<\/option><option value=\"Google\">Google<\/option><option value=\"Revistas\">\u00dajs\u00e1gb\u00f3l<\/option><option value=\"Facebook\">Facebook<\/option><option value=\"Linkedin\">Linkedin<\/option><option value=\"Exhibiciones\/Ferias\">Ki\u00e1ll\u00edt\u00e1sokr\u00f3l\/V\u00e1s\u00e1rokr\u00f3l<\/option><\/select><\/p>\n<\/div>\n<div class=\"clear\"><\/div>\n<div class=\"clear\">\n<p>2. Pontozza 1-10-ig az al\u00e1bbi t\u00e9nyez\u0151ket:<\/p>\n<\/div>\n<div class=\"agf_33_col\">\n<p>\u00a0 a. El\u00e9gedett az \u00c9rt\u00e9kes\u00edt\u0151j\u00e9vel\/Viszontelad\u00f3j\u00e1val:<br \/>\n<select id=\"00N1o00000JfHbz\" title=\"Satisfacci\u00f3n con su vendedor\/distrib.\" name=\"00N1o00000JfHbz\" required><option value=\"\">&#8211;Nincs&#8211;<\/option><option value=\"1\">1<\/option><option value=\"2\">2<\/option><option value=\"3\">3<\/option><option value=\"4\">4<\/option><option value=\"5\">5<\/option><option value=\"6\">6<\/option><option value=\"7\">7<\/option><option value=\"8\">8<\/option><option value=\"9\">9<\/option><option value=\"10\">10<\/option><\/select><\/p>\n<\/div>\n<div class=\"agf_33_col\">\n<p>\u00a0 b. El\u00e9gedett a j\u00e1rm\u0171 \u00e1tv\u00e9tel\u00e9vel:<br \/>\n<select id=\"00N1o00000JfHcn\" title=\"Satisfacci\u00f3n con la entrega del veh\u00edculo\" name=\"00N1o00000JfHcn\" required><option value=\"\">&#8211;Nincs&#8211;<\/option><option value=\"1\">1<\/option><option value=\"2\">2<\/option><option value=\"3\">3<\/option><option value=\"4\">4<\/option><option value=\"5\">5<\/option><option value=\"6\">6<\/option><option value=\"7\">7<\/option><option value=\"8\">8<\/option><option value=\"9\">9<\/option><option value=\"10\">10<\/option><\/select><\/p>\n<\/div>\n<div class=\"agf_33_col\">\n<p>\u00a0 c. El\u00e9gedett a j\u00e1rm\u0171 min\u0151s\u00e9g\u00e9vel:<br \/>\n<select id=\"00N1o00000JfHcs\" title=\"Satisfacci\u00f3n con la calidad del veh\u00edculo\" name=\"00N1o00000JfHcs\" required><option value=\"\">&#8211;Nincs&#8211;<\/option><option value=\"1\">1<\/option><option value=\"2\">2<\/option><option value=\"3\">3<\/option><option value=\"4\">4<\/option><option value=\"5\">5<\/option><option value=\"6\">6<\/option><option value=\"7\">7<\/option><option value=\"8\">8<\/option><option value=\"9\">9<\/option><option value=\"10\">10<\/option><\/select><\/p>\n<\/div>\n<div class=\"clear\"><\/div>\n<div class=\"clear\">\n<p>3. 1-10-ig aj\u00e1nlan\u00e1-e egy ismer\u0151s\u00e9nek (NPS):<\/p>\n<\/div>\n<div class=\"agf_33_col\">\n<p><select id=\"00N1o00000JfHd7\" title=\"Del 1 al 10 recomendaci\u00f3n a un amigo\" name=\"00N1o00000JfHd7\" required><option value=\"\">&#8211;Nincs&#8211;<\/option><option value=\"1\">1<\/option><option value=\"2\">2<\/option><option value=\"3\">3<\/option><option value=\"4\">4<\/option><option value=\"5\">5<\/option><option value=\"6\">6<\/option><option value=\"7\">7<\/option><option value=\"8\">8<\/option><option value=\"9\">9<\/option><option value=\"10\">10<\/option><\/select><\/p>\n<\/div>\n<div class=\"clear\"><\/div>\n<div class=\"clear\">\n<p>4. Az al\u00e1bbi t\u00e9nyez\u0151k k\u00f6z\u00fcl melyik befoly\u00e1solta legink\u00e1bb amikor a Tisvolt v\u00e1lasztotta?:<\/p>\n<\/div>\n<div class=\"agf_33_col\">\n<p><select id=\"00N1o00000JfHdv\" title=\"Motivos principales para elegir a Tisvol\" name=\"00N1o00000JfHdv\" required><option value=\"\">&#8211;Nincs&#8211;<\/option><option value=\"i. Unidad de entrega inmediata\">i. Azonnali k\u00e9zbes\u00edt\u00e9s<\/option><option value=\"ii. Posibilidad de personalizaci\u00f3n\">ii. Szem\u00e9lyreszab\u00e1s lehet\u0151s\u00e9ge<\/option><option value=\"iii. Precio ajustado\">iii. El\u00e9rhet\u0151 \u00e1rak<\/option><option value=\"iv. Calidad superior\">iv. Kiv\u00e1l\u00f3 min\u0151s\u00e9g<\/option><option value=\"v. Acabados excelentes\">v. Kit\u0171n\u0151 megjelen\u00e9s<\/option><option value=\"vi. Confianza en la marca\">vi. A m\u00e1rk\u00e1ba vetett bizalom<\/option><option value=\"vii. Confianza en el vendedor\/distribuidor\">vii. A \u00c9rt\u00e9kes\u00edt\u0151\/Viszontelad\u00f3 ir\u00e1nti bizalom<\/option><\/select><\/p>\n<\/div>\n<div class=\"clear\"><\/div>\n<div class=\"clear\">\n<p>5. \u00c9s mit v\u00e1lasztana m\u00e1sodikk\u00e9nt?:<\/p>\n<\/div>\n<div class=\"agf_33_col\">\n<p><select id=\"00N1o00000JfHe5\" title=\"Cual elegir\u00eda en segundo lugar?\" name=\"00N1o00000JfHe5\" required><option value=\"\">&#8211;Nincs&#8211;<\/option><option value=\"i. Unidad de entrega inmediata\">i. Azonnali k\u00e9zbes\u00edt\u00e9s<\/option><option value=\"ii. Posibilidad de personalizaci\u00f3n\">ii. Szem\u00e9lyreszab\u00e1s lehet\u0151s\u00e9ge<\/option><option value=\"iii. Precio ajustado\">iii. El\u00e9rhet\u0151 \u00e1rak<\/option><option value=\"iv. Calidad superior\">iv. Kiv\u00e1l\u00f3 min\u0151s\u00e9g<\/option><option value=\"v. Acabados excelentes\">v. Kit\u0171n\u0151 megjelen\u00e9s<\/option><option value=\"vi. Confianza en la marca\">vi. A m\u00e1rk\u00e1ba vetett bizalom<\/option><option value=\"vii. Confianza en el vendedor\/distribuidor\">vii. A \u00c9rt\u00e9kes\u00edt\u0151\/Viszontelad\u00f3 ir\u00e1nti bizalom<\/option><\/select><\/p>\n<\/div>\n<div class=\"agf_100_col\">\n<p><input name=\"lead_source\" type=\"hidden\" value=\"Web\" \/><br \/>\n<input id=\"00N1o00000JfHfS\" checked=\"checked\" name=\"00N1o00000JfHfS\" type=\"hidden\" value=\"1\" \/><br \/>\n<input name=\"submit\" type=\"submit\" value=\"K\u00fcld\"><\/p>\n<\/div>\n<\/form>\n","protected":false},"excerpt":{"rendered":"<p>Az \u00f6t\u00e9ves garancia aktiv\u00e1l\u00e1sa &nbsp; Alv\u00e1zsz\u00e1m: Email 1: Email 2: Email 3: N\u00e9v: Vezet\u00e9kn\u00e9v: C\u00e9g neve: A regisztr\u00e1l\u00f3 szem\u00e9ly feladatk\u00f6re:&#8211;Nincs&#8211;D\u00f6nt\u00e9shoz\u00f3InfluencerSof\u0151rTechnikusAdminisztr\u00e1tor Szektor: &#8211;Nincs&#8211;\u00c9p\u00edt\u0151iparSz\u00e9niparKik\u00f6t\u0151GabonaiparHullad\u00e9kRaklapokEgy\u00e9bT\u00f6bbf\u00e9le Jelenlegi billen\u0151s f\u00e9lp\u00f3tkocsik sz\u00e1ma: Postai c\u00edm: Tartom\u00e1ny \/ Oszt\u00e1ly: Orsz\u00e1g: Telefonsz\u00e1m: C\u00e9gjegyz\u00e9ksz\u00e1m: K\u00e9rd\u00e9sek: 1. Honn\u00e9t ismeri a Tisvol? &#8211;Nincs&#8211;Egy m\u00e1sik \u00fcgyf\u00e9l seg\u00edts\u00e9g\u00e9velL\u00e1ttam egy Tisvol j\u00e1rm\u0171vet dolgozni\/keringetni\u00c9rt\u00e9kes\u00edt\u0151t\u0151l\/Viszontelad\u00f3t\u00f3lHirdet\u00e9s \u00fatj\u00e1nGoogle\u00dajs\u00e1gb\u00f3lFacebookLinkedinKi\u00e1ll\u00edt\u00e1sokr\u00f3l\/V\u00e1s\u00e1rokr\u00f3l 2. Pontozza 1-10-ig az al\u00e1bbi t\u00e9nyez\u0151ket: [&hellip;]<\/p>\n","protected":false},"author":1,"featured_media":24044,"parent":0,"menu_order":0,"comment_status":"closed","ping_status":"closed","template":"activacion.php","meta":{"_acf_changed":false,"footnotes":""},"class_list":["post-24255","page","type-page","status-publish","has-post-thumbnail","hentry"],"acf":[],"_links":{"self":[{"href":"https:\/\/tisvol.com\/hu\/wp-json\/wp\/v2\/pages\/24255","targetHints":{"allow":["GET"]}}],"collection":[{"href":"https:\/\/tisvol.com\/hu\/wp-json\/wp\/v2\/pages"}],"about":[{"href":"https:\/\/tisvol.com\/hu\/wp-json\/wp\/v2\/types\/page"}],"author":[{"embeddable":true,"href":"https:\/\/tisvol.com\/hu\/wp-json\/wp\/v2\/users\/1"}],"replies":[{"embeddable":true,"href":"https:\/\/tisvol.com\/hu\/wp-json\/wp\/v2\/comments?post=24255"}],"version-history":[{"count":0,"href":"https:\/\/tisvol.com\/hu\/wp-json\/wp\/v2\/pages\/24255\/revisions"}],"wp:featuredmedia":[{"embeddable":true,"href":"https:\/\/tisvol.com\/hu\/wp-json\/wp\/v2\/media\/24044"}],"wp:attachment":[{"href":"https:\/\/tisvol.com\/hu\/wp-json\/wp\/v2\/media?parent=24255"}],"curies":[{"name":"wp","href":"https:\/\/api.w.org\/{rel}","templated":true}]}}