{"id":23559,"date":"2021-05-18T10:00:42","date_gmt":"2021-05-18T08:00:42","guid":{"rendered":"https:\/\/tisvol.com\/tilt-test-tisvol\/"},"modified":"2021-05-19T11:32:20","modified_gmt":"2021-05-19T09:32:20","slug":"tilt-test-tisvol","status":"publish","type":"page","link":"https:\/\/tisvol.com\/hu\/tilt-test-tisvol\/","title":{"rendered":"Tilt Test"},"content":{"rendered":"<h1 style=\"text-align: center;\">Meghajlunk \u00fcgyfeleink biztons\u00e1ga el\u0151tt<\/h1>\n","protected":false},"excerpt":{"rendered":"<p>Meghajlunk \u00fcgyfeleink biztons\u00e1ga el\u0151tt<\/p>\n","protected":false},"author":1,"featured_media":0,"parent":0,"menu_order":0,"comment_status":"closed","ping_status":"closed","template":"tilt_test.php","meta":{"_acf_changed":false,"footnotes":""},"class_list":["post-23559","page","type-page","status-publish","hentry"],"acf":[],"_links":{"self":[{"href":"https:\/\/tisvol.com\/hu\/wp-json\/wp\/v2\/pages\/23559","targetHints":{"allow":["GET"]}}],"collection":[{"href":"https:\/\/tisvol.com\/hu\/wp-json\/wp\/v2\/pages"}],"about":[{"href":"https:\/\/tisvol.com\/hu\/wp-json\/wp\/v2\/types\/page"}],"author":[{"embeddable":true,"href":"https:\/\/tisvol.com\/hu\/wp-json\/wp\/v2\/users\/1"}],"replies":[{"embeddable":true,"href":"https:\/\/tisvol.com\/hu\/wp-json\/wp\/v2\/comments?post=23559"}],"version-history":[{"count":0,"href":"https:\/\/tisvol.com\/hu\/wp-json\/wp\/v2\/pages\/23559\/revisions"}],"wp:attachment":[{"href":"https:\/\/tisvol.com\/hu\/wp-json\/wp\/v2\/media?parent=23559"}],"curies":[{"name":"wp","href":"https:\/\/api.w.org\/{rel}","templated":true}]}}