{"id":15509,"date":"2018-07-24T10:39:10","date_gmt":"2018-07-24T10:39:10","guid":{"rendered":"https:\/\/tisvol.com\/hogyan-keszul\/tecnologia-de-basculacion\/"},"modified":"2019-09-18T15:54:02","modified_gmt":"2019-09-18T15:54:02","slug":"billenos-technologia","status":"publish","type":"page","link":"https:\/\/tisvol.com\/hu\/hogyan-keszul\/billenos-technologia\/","title":{"rendered":"Billen\u0151s technol\u00f3gia"},"content":{"rendered":"\n<style type=\"text\/css\" data-created_by=\"avia_inline_auto\" id=\"style-css-av-33yw-fe4ace012c6b9c696b8bb8b31f28441a\">\n.avia-section.av-33yw-fe4ace012c6b9c696b8bb8b31f28441a{\nbackground-color:#ffffff;\nbackground-image:unset;\n}\n<\/style>\n<div id='tisvol-tagline'  class='avia-section av-33yw-fe4ace012c6b9c696b8bb8b31f28441a main_color avia-section-default avia-no-border-styling  avia-builder-el-0  el_before_av_layout_row  avia-builder-el-first  avia-bg-style-scroll container_wrap sidebar_right'  ><div class='container av-section-cont-open' ><main  role=\"main\" itemprop=\"mainContentOfPage\"  class='template-page content  av-content-small alpha units'><div class='post-entry post-entry-type-page post-entry-15509'><div class='entry-content-wrapper clearfix'>\n<section  class='av_textblock_section av-jj8pzx7e-f58ee2657ad4a3ea48b2f1ff7d628b0b '   itemscope=\"itemscope\" itemtype=\"https:\/\/schema.org\/CreativeWork\" ><div class='avia_textblock'  itemprop=\"text\" ><h3 style=\"text-align: center;\">Powered by Superior Quality<\/h3>\n<\/div><\/section>\n\n<\/div><\/div><\/main><!-- close content main element --><\/div><\/div><div id='single-content-page-header'  class='av-layout-grid-container av-jtitiy8i-cb8224d08fbce2acdbc5f32c5bf0df2e entry-content-wrapper main_color av-flex-cells  avia-builder-el-2  el_after_av_section  el_before_av_section  gradient-half-grey-to-white animation-element grid-row-not-first  container_wrap sidebar_right'  >\n\n<style type=\"text\/css\" data-created_by=\"avia_inline_auto\" id=\"style-css-av-jtitklia-003a38b7a28449caea4e2c8d204017e2\">\n.flex_cell.av-jtitklia-003a38b7a28449caea4e2c8d204017e2{\nvertical-align:middle;\nheight:480px;\nmin-height:480px;\n}\n.responsive #top #wrap_all .flex_cell.av-jtitklia-003a38b7a28449caea4e2c8d204017e2{\npadding:0px 0px 0px 0px !important;\n}\n<\/style>\n<div class='flex_cell av-jtitklia-003a38b7a28449caea4e2c8d204017e2 av-gridrow-cell av_one_half no_margin  avia-builder-el-3  el_before_av_cell_one_half  avia-builder-el-first  content-align-middle av-zero-padding avia-full-contain'  ><div class='flex_cell_inner'><p>\n<style type=\"text\/css\" data-created_by=\"avia_inline_auto\" id=\"style-css-av-jvnpr5es-f5be4f9126da9405d604a68434a92ed0\">\n#top .hr.hr-invisible.av-jvnpr5es-f5be4f9126da9405d604a68434a92ed0{\nheight:30px;\n}\n<\/style>\n<div  class='hr av-jvnpr5es-f5be4f9126da9405d604a68434a92ed0 hr-invisible  avia-builder-el-4  el_before_av_one_full  avia-builder-el-first '><span class='hr-inner '><span class=\"hr-inner-style\"><\/span><\/span><\/div><br \/>\n\n<style type=\"text\/css\" data-created_by=\"avia_inline_auto\" id=\"style-css-av-1y9y0p-659967d3e94ffbd9c96fa4453fc050c6\">\n.flex_column.av-1y9y0p-659967d3e94ffbd9c96fa4453fc050c6{\nborder-radius:0px 0px 0px 0px;\npadding:0px 0px 0px 0px;\n}\n<\/style>\n<div  class='flex_column av-1y9y0p-659967d3e94ffbd9c96fa4453fc050c6 av_one_full  avia-builder-el-5  el_after_av_hr  el_before_av_hr  first flex_column_div av-zero-column-padding  '     ><section  class='av_textblock_section av-jj8rms6q-e378de6f514244f1a118e0085a2fbc7d '   itemscope=\"itemscope\" itemtype=\"https:\/\/schema.org\/CreativeWork\" ><div class='avia_textblock'  itemprop=\"text\" ><div class=\"tisvol-diagonal\">\n<div><\/div>\n<\/div>\n<h2 class=\"titular-principal\" style=\"text-align: center;\">BILLEN\u0150S TECHNOL\u00d3GIA<\/h2>\n<h4 class=\"subtitular-principal\" style=\"text-align: center;\">&#8211; A LEGJOBB \u00c9LM\u00c9NYHEZ A LEGJOBB TECHNOL\u00d3GIA &#8211;<\/h4>\n<div class=\"tisvol-diagonal\">\n<div><\/div>\n<\/div>\n<\/div><\/section><\/div>\n<style type=\"text\/css\" data-created_by=\"avia_inline_auto\" id=\"style-css-av-jvnpr5es-f5be4f9126da9405d604a68434a92ed0\">\n#top .hr.hr-invisible.av-jvnpr5es-f5be4f9126da9405d604a68434a92ed0{\nheight:30px;\n}\n<\/style>\n<div  class='hr av-jvnpr5es-f5be4f9126da9405d604a68434a92ed0 hr-invisible  avia-builder-el-7  el_after_av_one_full  avia-builder-el-last '><span class='hr-inner '><span class=\"hr-inner-style\"><\/span><\/span><\/div><\/p>\n<\/div><\/div>\n<style type=\"text\/css\" data-created_by=\"avia_inline_auto\" id=\"style-css-av-jtitmk5z-df3a7ee46944d34a21805ecfc4b86057\">\n.flex_cell.av-jtitmk5z-df3a7ee46944d34a21805ecfc4b86057{\nvertical-align:middle;\nheight:480px;\nmin-height:480px;\nbackground:url(https:\/\/tisvol.com\/wp-content\/uploads\/2019\/05\/basculacion.jpg) 100% 50% no-repeat scroll ;\n}\n.responsive #top #wrap_all .flex_cell.av-jtitmk5z-df3a7ee46944d34a21805ecfc4b86057{\npadding:0px 0px 0px 0px !important;\n}\n<\/style>\n<div class='flex_cell av-jtitmk5z-df3a7ee46944d34a21805ecfc4b86057 av-gridrow-cell av_one_half no_margin  avia-builder-el-8  el_after_av_cell_one_half  avia-builder-el-last  content-align-middle av-zero-padding avia-full-contain'  ><div class='flex_cell_inner'><\/div><\/div>\n<\/div>\n<div id='av_section_2'  class='avia-section av-jjgvfjza-c5bc987cde34257f1f917bacf71ab137 main_color avia-section-default avia-no-border-styling  avia-builder-el-9  el_after_av_layout_row  el_before_av_section  gradient-grana border-top-fillet avia-bg-style-scroll av-minimum-height av-minimum-height-custom av-height-custom  container_wrap sidebar_right'   data-av_minimum_height_px='420'><div class='container av-section-cont-open' style='height:420px'><div class='template-page content  av-content-small alpha units'><div class='post-entry post-entry-type-page post-entry-15509'><div class='entry-content-wrapper clearfix'>\n\n<style type=\"text\/css\" data-created_by=\"avia_inline_auto\" id=\"style-css-av-5fsy-4f428072adb752bd4df234841250c4e6\">\n.flex_column.av-5fsy-4f428072adb752bd4df234841250c4e6{\nborder-radius:0px 0px 0px 0px;\npadding:0px 0px 0px 0px;\n}\n<\/style>\n<div  class='flex_column av-5fsy-4f428072adb752bd4df234841250c4e6 av_one_fifth  avia-builder-el-10  el_before_av_three_fifth  avia-builder-el-first  first flex_column_div av-zero-column-padding  '     ><\/div>\n<style type=\"text\/css\" data-created_by=\"avia_inline_auto\" id=\"style-css-av-5fsy-f3c4f10f742777c86419bf6e7430934f\">\n.flex_column.av-5fsy-f3c4f10f742777c86419bf6e7430934f{\nborder-radius:0px 0px 0px 0px;\npadding:0px 0px 0px 0px;\n}\n<\/style>\n<div  class='flex_column av-5fsy-f3c4f10f742777c86419bf6e7430934f av_three_fifth  avia-builder-el-11  el_after_av_one_fifth  el_before_av_one_fifth  flex_column_div av-zero-column-padding  '     ><section  class='av_textblock_section av-jj8rms6q-bd76de550ec01b29325c9bd44a0927a3 '   itemscope=\"itemscope\" itemtype=\"https:\/\/schema.org\/CreativeWork\" ><div class='avia_textblock somos-capaces'  itemprop=\"text\" ><p style=\"text-align: center;\">Garant\u00e1ljuk a maxim\u00e1lis biztons\u00e1got<\/p>\n<\/div><\/section><\/div>\n<style type=\"text\/css\" data-created_by=\"avia_inline_auto\" id=\"style-css-av-5fsy-f3c4f10f742777c86419bf6e7430934f\">\n.flex_column.av-5fsy-f3c4f10f742777c86419bf6e7430934f{\nborder-radius:0px 0px 0px 0px;\npadding:0px 0px 0px 0px;\n}\n<\/style>\n<div  class='flex_column av-5fsy-f3c4f10f742777c86419bf6e7430934f av_one_fifth  avia-builder-el-13  el_after_av_three_fifth  avia-builder-el-last  flex_column_div av-zero-column-padding  '     ><\/div>\n\n<\/div><\/div><\/div><!-- close content main div --><\/div><\/div>\n<style type=\"text\/css\" data-created_by=\"avia_inline_auto\" id=\"style-css-av-jrusewh6-3db8473777437d94731f0b831bf02ece\">\n.avia-section.av-jrusewh6-3db8473777437d94731f0b831bf02ece{\nbackground-repeat:no-repeat;\nbackground-image:url(https:\/\/tisvol.com\/wp-content\/uploads\/2019\/03\/tisvol-solid_basculacion-1.jpg);\nbackground-position:100% 50%;\nbackground-attachment:scroll;\n}\n#top .avia-section.av-jrusewh6-3db8473777437d94731f0b831bf02ece .scroll-down-link{\ncolor:#6b6b6b;\n}\n#top .avia-section.av-jrusewh6-3db8473777437d94731f0b831bf02ece .scroll-down-link.avia-svg-icon svg:first-child{\nstroke:#6b6b6b;\nfill:#6b6b6b;\n}\n<\/style>\n<div id='carrocerias-tisvol'  class='avia-section av-jrusewh6-3db8473777437d94731f0b831bf02ece main_color avia-section-large avia-no-shadow  avia-builder-el-14  el_after_av_section  el_before_av_section  animation-element image-from-right border-top-fillet avia-full-contain avia-bg-style-scroll av-minimum-height av-minimum-height-100 av-height-100  container_wrap sidebar_right'  data-section-bg-repeat='contain' data-av_minimum_height_pc='100' data-av_min_height_opt='100'><div class=\"av-section-color-overlay-wrap\"><a href='#next-section' title='' class='scroll-down-link av-custom-scroll-down-color avia-svg-icon avia-font-svg_entypo-fontello' data-av_svg_icon='down-open-mini' data-av_iconset='svg_entypo-fontello'><svg version=\"1.1\" xmlns=\"http:\/\/www.w3.org\/2000\/svg\" width=\"15\" height=\"32\" viewBox=\"0 0 15 32\" preserveAspectRatio=\"xMidYMid meet\" aria-labelledby='av-svg-title-1' aria-describedby='av-svg-desc-1' role=\"graphics-symbol\" aria-hidden=\"true\">\n<title id='av-svg-title-1'>Scroll to next section<\/title>\n<desc id='av-svg-desc-1'>Scroll to next section<\/desc>\n<path d=\"M12.96 12.16q0.704-0.832 1.536 0 0.832 0.704 0 1.536l-6.272 6.144q-0.704 0.704-1.536 0l-6.272-6.144q-0.832-0.832 0-1.536 0.768-0.768 1.6 0l5.44 4.992z\"><\/path>\n<\/svg><\/a><div class='container av-section-cont-open' ><div class='template-page content  av-content-small alpha units'><div class='post-entry post-entry-type-page post-entry-15509'><div class='entry-content-wrapper clearfix'>\n<div class='flex_column_table av-3zju-04915b3049bc889a3b8bd879afbb6a15 sc-av_one_half av-equal-height-column-flextable'>\n<style type=\"text\/css\" data-created_by=\"avia_inline_auto\" id=\"style-css-av-3zju-04915b3049bc889a3b8bd879afbb6a15\">\n.flex_column.av-3zju-04915b3049bc889a3b8bd879afbb6a15{\nborder-radius:0px 0px 0px 0px;\npadding:30px 30px 30px 30px;\nbackground-color:rgba(255,255,255,0.85);\n}\n<\/style>\n<div  class='flex_column av-3zju-04915b3049bc889a3b8bd879afbb6a15 av_one_half  avia-builder-el-15  el_before_av_one_half  avia-builder-el-first  animation-element first no_margin flex_column_table_cell av-equal-height-column av-align-top  '     ><section  class='av_textblock_section av-jjzijvlr-8fd12ab25be9521be479acde33e03210 '   itemscope=\"itemscope\" itemtype=\"https:\/\/schema.org\/CreativeWork\" ><div class='avia_textblock especificaciones appear-from-left'  itemprop=\"text\" ><h4>Felf\u00fcggeszt\u00e9s f\u00fcggetlen \u00e1ramk\u00f6r\u00f6kkel<\/h4>\n<p>A f\u00fcggetlen \u00e1ramk\u00f6r\u00f6s felf\u00fcggeszt\u00e9s az egyetlen olyan szerel\u00e9si m\u00f3dszer, amely a billent\u00e9s pillanat\u00e1ban garant\u00e1lja a maxim\u00e1lis biztons\u00e1got. A billen\u0151s j\u00e1rm\u0171vek szak\u00e9rt\u0151ik\u00e9nt tudjuk, hogy ez a term\u00e9kek tervez\u00e9s\u00e9nek a legjobb m\u00f3dszere.<\/p>\n<h4>A kirakod\u00e1sra \u00e9rv\u00e9nyes, hogy min\u00e9l alacsonyabban t\u00f6rt\u00e9nik, ann\u00e1l biztons\u00e1gosabb<\/h4>\n<p>Ez\u00e9rt m\u00e9rn\u00f6keink elt\u00e1vol\u00edtott\u00e1k a leveg\u0151t a l\u00e9grug\u00f3b\u00f3l \u00e9s l\u00e9trehozt\u00e1k a TSV-t: A s\u00falypont magass\u00e1g\u00e1nak cs\u00f6kkent\u00e9se n\u00f6veli a stabilit\u00e1st \u00e9s maxim\u00e1lisan n\u00f6veli a kirakod\u00e1s biztons\u00e1g\u00e1t.<\/p>\n<h4>Megk\u00f6vetelj\u00fck a biztons\u00e1g garanci\u00e1j\u00e1t<\/h4>\n<p>Ez\u00e9rt kiz\u00e1r\u00f3lag Hyva179 munkahengert haszn\u00e1lunk. Alapfelszerel\u00e9sk\u00e9nt nagyobb \u00e1tm\u00e9r\u0151 minden 9500 mm-n\u00e9l nagyobb Tisvolban.<\/p>\n<h4>Maxim\u00e1lis megb\u00edzhat\u00f3s\u00e1g<\/h4>\n<p>Mivel nincs sz\u00fcks\u00e9g karbantart\u00e1sra, a ken\u0151berendez\u00e9s n\u00e9lk\u00fcli Hyva munkahengertart\u00f3k n\u00f6velik a megb\u00edzhat\u00f3s\u00e1got.<\/p>\n<h4>A v\u00e9g\u00e1ll\u00e1skapcsol\u00f3 rendszer \u00faj kialak\u00edt\u00e1sa<\/h4>\n<p>A legnehezebb munkak\u00f6r\u00fclm\u00e9nyeket figyelembe v\u00e9ve \u00e1ttervezt\u00fck a v\u00e9g\u00e1ll\u00e1skapcsol\u00f3 rendszert \u00e9s n\u00f6velt\u00fck a hat\u00e9konys\u00e1g\u00e1t.<\/p>\n<h4>Nyom\u00e1s<\/h4>\n<p>Az \u00fcgyf\u00e9l kiv\u00e1laszthatja, hogy a munkahenger \u00e9s a hidraulikus berendez\u00e9s k\u00f6zti kapcsolat eloszt\u00f3n kereszt\u00fcl t\u00f6rt\u00e9njen-e vagy k\u00f6zvetlen legyen.<\/p>\n<h4>\u00d6n\u00e1ll\u00f3 billen\u0151s egys\u00e9g<\/h4>\n<p>A billencsbe telep\u00edtett \u00f6n\u00e1ll\u00f3 berendez\u00e9snek k\u00f6sz\u00f6nhet\u0151en maxim\u00e1lisan k\u00f6nny\u0171 lerakod\u00e1s akkor is, ha a hidraulikus berendez\u00e9st nem lehet a vontat\u00f3ba beszerelni.<\/p>\n<\/div><\/section><\/div>\n<style type=\"text\/css\" data-created_by=\"avia_inline_auto\" id=\"style-css-av-3zju-c251d8e853e7b6ccb0b729e92df5784a\">\n.flex_column.av-3zju-c251d8e853e7b6ccb0b729e92df5784a{\nborder-radius:0px 0px 0px 0px;\npadding:30px 30px 30px 30px;\n}\n<\/style>\n<div  class='flex_column av-3zju-c251d8e853e7b6ccb0b729e92df5784a av_one_half  avia-builder-el-17  el_after_av_one_half  avia-builder-el-last  animation-element no_margin flex_column_table_cell av-equal-height-column av-align-top  '     ><\/div><\/div><!--close column table wrapper. Autoclose: 1 --><\/div><\/div><\/div><!-- close content main div --><\/div><\/div><\/div>\n<style type=\"text\/css\" data-created_by=\"avia_inline_auto\" id=\"style-css-av-9o9nuz-be629507dd5d0093597bf5a188afe8ab\">\n.avia-section.av-9o9nuz-be629507dd5d0093597bf5a188afe8ab{\nbackground-repeat:no-repeat;\nbackground-image:url(https:\/\/tisvol.com\/wp-content\/uploads\/2018\/07\/tisvol-como-se-hace-bg.jpg);\nbackground-position:50% 50%;\nbackground-attachment:scroll;\n}\n.avia-section.av-9o9nuz-be629507dd5d0093597bf5a188afe8ab .av-section-color-overlay{\nopacity:0.9;\nbackground-color:#ffffff;\n}\n<\/style>\n<div id='como-se-construye-un-tisvol'  class='avia-section av-9o9nuz-be629507dd5d0093597bf5a188afe8ab main_color avia-section-default avia-no-border-styling  avia-builder-el-18  el_after_av_section  avia-builder-el-last  gradient-overlay avia-full-stretch avia-bg-style-scroll av-section-color-overlay-active container_wrap sidebar_right'  data-section-bg-repeat='stretch'><div class=\"av-section-color-overlay-wrap\"><div class=\"av-section-color-overlay\"><\/div><div class='container av-section-cont-open' ><div class='template-page content  av-content-small alpha units'><div class='post-entry post-entry-type-page post-entry-15509'><div class='entry-content-wrapper clearfix'>\n\n<style type=\"text\/css\" data-created_by=\"avia_inline_auto\" id=\"style-css-av-1uwf2z-2cc67e0256f80101e4014eae9c62c7c5\">\n.flex_column.av-1uwf2z-2cc67e0256f80101e4014eae9c62c7c5{\nborder-radius:0px 0px 0px 0px;\npadding:0px 0px 0px 0px;\n}\n<\/style>\n<div  class='flex_column av-1uwf2z-2cc67e0256f80101e4014eae9c62c7c5 av_one_fifth  avia-builder-el-19  el_before_av_three_fifth  avia-builder-el-first  first flex_column_div av-zero-column-padding  '     ><\/div>\n<style type=\"text\/css\" data-created_by=\"avia_inline_auto\" id=\"style-css-av-6tq6cb-898d1a5c296f34510c04e41945908418\">\n.flex_column.av-6tq6cb-898d1a5c296f34510c04e41945908418{\nborder-radius:0px 0px 0px 0px;\npadding:0px 0px 0px 0px;\n}\n<\/style>\n<div  class='flex_column av-6tq6cb-898d1a5c296f34510c04e41945908418 av_three_fifth  avia-builder-el-20  el_after_av_one_fifth  avia-builder-el-last  flex_column_div av-zero-column-padding  '     ><section  class='av_textblock_section av-jk0tw2iq-c9a83e4542c117f1c04fa5974a1634f8 '   itemscope=\"itemscope\" itemtype=\"https:\/\/schema.org\/CreativeWork\" ><div class='avia_textblock'  itemprop=\"text\" ><div class=\"tisvol-diagonal\">\n<div><\/div>\n<\/div>\n<h3 class=\"titular-estandar\" style=\"text-align: center;\">HOGYAN K\u00c9SZ\u00dcL A TISVOL<\/h3>\n<div class=\"tisvol-diagonal\">\n<div><\/div>\n<\/div>\n<\/div><\/section><br \/>\n<section  class='av_textblock_section av-jk0tw2iq-c9a83e4542c117f1c04fa5974a1634f8 '   itemscope=\"itemscope\" itemtype=\"https:\/\/schema.org\/CreativeWork\" ><div class='avia_textblock'  itemprop=\"text\" ><p style=\"text-align: center;\">A Tisvol el\u0151\u00e1ll\u00edt\u00e1si folyamata t\u00f6bb mint 40 robotot tartalmaz, melyek a gy\u00e1rt\u00e1si folyamat r\u00e9sz\u00e9t k\u00e9pezik. Egys\u00e9genk\u00e9nt t\u00f6bb mint 4 km hegeszt\u00e9s \u00e9s t\u00f6bb mint 1000 csavar ker\u00fcl felhaszn\u00e1l\u00e1sra.<\/p>\n<p style=\"text-align: center;\">A hegeszt\u00e9si folyamat t\u00f6bb mint 85%-a az \u00f6sszes illeszt\u00e9sn\u00e9l automatikus annak \u00e9rdek\u00e9ben, hogy olyan maxim\u00e1lis min\u0151s\u00e9get \u00e9s garanci\u00e1t tudjunk ny\u00fajtani, mely a k\u00e9zi elj\u00e1r\u00e1ssal nem biztos\u00edthat\u00f3 tart\u00f3san. A hegeszt\u0151\u00e1llom\u00e1sok a legmagasabb technol\u00f3gi\u00e1j\u00fa, 3 vagy 5 tengelyes CNC robotokkal vannak automatiz\u00e1lva.<\/p>\n<p style=\"text-align: center;\">Mindez az automatiz\u00e1lt \u00f6sszeszerel\u00e9s az alap\u00edt\u00f3k \u00e1lm\u00e1b\u00f3l, a vezet\u0151s\u00e9g v\u00edzi\u00f3j\u00e1b\u00f3l \u00e9s a Tisvolt alkot\u00f3 emberi csapat munk\u00e1j\u00e1b\u00f3l sz\u00e1rmazik, de nem szabad megfeledkezni a minden egyes j\u00e1rm\u0171 eset\u00e9ben alkalmazott k\u00e9zm\u0171vess\u00e9gr\u0151l, mely a sok \u00e9ves tapasztalattal rendelkez\u0151 szem\u00e9lyzet tud\u00e1s\u00e1b\u00f3l fakad. Fedezze fel, hogyan k\u00e9sz\u00fcl a Tisvol:<\/p>\n<p style=\"text-align: center;\">[<a style=\"color: #fff; text-decoration: underline;\" href=\"https:\/\/tisvol.com\/hu\/como-se-hace\/\">Tov\u00e1bbi inform\u00e1ci\u00f3 a Tisvol gy\u00e1rt\u00e1si rendszer\u00e9r\u0151l<\/a>]<\/p>\n<\/div><\/section><\/p><\/div>\n<\/div><\/div><\/div><!-- close content main div --><\/div><\/div><\/div><div id='after_section_4'  class='main_color av_default_container_wrap container_wrap sidebar_right'  ><div class='container av-section-cont-open' ><div class='template-page content  av-content-small alpha units'><div class='post-entry post-entry-type-page post-entry-15509'><div class='entry-content-wrapper clearfix'><\/p>\n","protected":false},"excerpt":{"rendered":"","protected":false},"author":1,"featured_media":0,"parent":15255,"menu_order":0,"comment_status":"closed","ping_status":"closed","template":"","meta":{"_acf_changed":false,"footnotes":""},"class_list":["post-15509","page","type-page","status-publish","hentry"],"acf":[],"_links":{"self":[{"href":"https:\/\/tisvol.com\/hu\/wp-json\/wp\/v2\/pages\/15509","targetHints":{"allow":["GET"]}}],"collection":[{"href":"https:\/\/tisvol.com\/hu\/wp-json\/wp\/v2\/pages"}],"about":[{"href":"https:\/\/tisvol.com\/hu\/wp-json\/wp\/v2\/types\/page"}],"author":[{"embeddable":true,"href":"https:\/\/tisvol.com\/hu\/wp-json\/wp\/v2\/users\/1"}],"replies":[{"embeddable":true,"href":"https:\/\/tisvol.com\/hu\/wp-json\/wp\/v2\/comments?post=15509"}],"version-history":[{"count":0,"href":"https:\/\/tisvol.com\/hu\/wp-json\/wp\/v2\/pages\/15509\/revisions"}],"up":[{"embeddable":true,"href":"https:\/\/tisvol.com\/hu\/wp-json\/wp\/v2\/pages\/15255"}],"wp:attachment":[{"href":"https:\/\/tisvol.com\/hu\/wp-json\/wp\/v2\/media?parent=15509"}],"curies":[{"name":"wp","href":"https:\/\/api.w.org\/{rel}","templated":true}]}}