{"id":15505,"date":"2018-07-25T08:44:38","date_gmt":"2018-07-25T08:44:38","guid":{"rendered":"https:\/\/tisvol.com\/hogyan-keszul\/sistemas-de-potencia-tecnologia\/"},"modified":"2019-09-18T14:32:32","modified_gmt":"2019-09-18T14:32:32","slug":"teljesitmenyrendszerek","status":"publish","type":"page","link":"https:\/\/tisvol.com\/hu\/hogyan-keszul\/teljesitmenyrendszerek\/","title":{"rendered":"Teljes\u00edtm\u00e9nyrendszerek"},"content":{"rendered":"\n<style type=\"text\/css\" data-created_by=\"avia_inline_auto\" id=\"style-css-av-33yw-fe4ace012c6b9c696b8bb8b31f28441a\">\n.avia-section.av-33yw-fe4ace012c6b9c696b8bb8b31f28441a{\nbackground-color:#ffffff;\nbackground-image:unset;\n}\n<\/style>\n<div id='tisvol-tagline'  class='avia-section av-33yw-fe4ace012c6b9c696b8bb8b31f28441a main_color avia-section-default avia-no-border-styling  avia-builder-el-0  el_before_av_section  avia-builder-el-first  avia-bg-style-scroll container_wrap sidebar_right'  ><div class='container av-section-cont-open' ><main  role=\"main\" itemprop=\"mainContentOfPage\"  class='template-page content  av-content-small alpha units'><div class='post-entry post-entry-type-page post-entry-15505'><div class='entry-content-wrapper clearfix'>\n<section  class='av_textblock_section av-jj8pzx7e-f58ee2657ad4a3ea48b2f1ff7d628b0b '   itemscope=\"itemscope\" itemtype=\"https:\/\/schema.org\/CreativeWork\" ><div class='avia_textblock'  itemprop=\"text\" ><h3 style=\"text-align: center;\">Powered by Superior Quality<\/h3>\n<\/div><\/section>\n\n<\/div><\/div><\/main><!-- close content main element --><\/div><\/div>\n<style type=\"text\/css\" data-created_by=\"avia_inline_auto\" id=\"style-css-av-jsei95pk-4de8cb2051bbb907c9c685e4cba9faee\">\n.avia-section.av-jsei95pk-4de8cb2051bbb907c9c685e4cba9faee{\nbackground-color:#232323;\nbackground-repeat:no-repeat;\nbackground-image:url(https:\/\/tisvol.com\/wp-content\/uploads\/2019\/05\/sistemasdepotencia.jpg), linear-gradient( to right, #232323, #6d6d6d );\nbackground-position:0% 0%;\nbackground-attachment:scroll;\n}\n.avia-section.av-jsei95pk-4de8cb2051bbb907c9c685e4cba9faee .av-section-color-overlay{\nopacity:0.5;\nbackground-color:#777777;\n}\n<\/style>\n<div id='sistemas-de-potencia'  class='avia-section av-jsei95pk-4de8cb2051bbb907c9c685e4cba9faee main_color avia-section-large avia-no-border-styling  avia-builder-el-2  el_after_av_section  el_before_av_section  avia-full-stretch avia-bg-style-scroll av-section-color-overlay-active av-minimum-height av-minimum-height-75 av-height-75  container_wrap sidebar_right'  data-section-bg-repeat='stretch' data-av_minimum_height_pc='75' data-av_min_height_opt='75'><div class=\"av-section-color-overlay-wrap\"><div class=\"av-section-color-overlay\"><\/div><div class='container av-section-cont-open' ><div class='template-page content  av-content-small alpha units'><div class='post-entry post-entry-type-page post-entry-15505'><div class='entry-content-wrapper clearfix'>\n\n<style type=\"text\/css\" data-created_by=\"avia_inline_auto\" id=\"style-css-av-4p5m5k-3dbd6fe4d6ef4273dc2cfefe28d50e32\">\n.flex_column.av-4p5m5k-3dbd6fe4d6ef4273dc2cfefe28d50e32{\nborder-radius:0px 0px 0px 0px;\npadding:0px 0px 0px 0px;\n}\n<\/style>\n<div  class='flex_column av-4p5m5k-3dbd6fe4d6ef4273dc2cfefe28d50e32 av_four_fifth  avia-builder-el-3  el_before_av_one_fifth  avia-builder-el-first  animation-element first flex_column_div av-zero-column-padding  '     ><style type=\"text\/css\" data-created_by=\"avia_inline_auto\" id=\"style-css-av-jj8rms6q-0ace5a6ff95aee75cbff9e9923c598c9\">\n#top .av_textblock_section.av-jj8rms6q-0ace5a6ff95aee75cbff9e9923c598c9 .avia_textblock{\nfont-size:20px;\ncolor:#ffffff;\n}\n<\/style>\n<section  class='av_textblock_section av-jj8rms6q-0ace5a6ff95aee75cbff9e9923c598c9 '   itemscope=\"itemscope\" itemtype=\"https:\/\/schema.org\/CreativeWork\" ><div class='avia_textblock av_inherit_color'  itemprop=\"text\" ><h2 class=\"titular-principal\">TELJES\u00cdTM\u00c9NYRENDSZEREK<\/h2>\n<h4><span class=\"gradient-text-white\">A Tisvol t\u00f6k\u00e9letes kieg\u00e9sz\u00edt\u0151je<\/span><\/h4>\n<\/div><\/section><br \/>\n\n<style type=\"text\/css\" data-created_by=\"avia_inline_auto\" id=\"style-css-av-jseinx9j-f1d16525a1dd5ee02b777298b51b00ab\">\n#top .hr.hr-invisible.av-jseinx9j-f1d16525a1dd5ee02b777298b51b00ab{\nheight:30px;\n}\n<\/style>\n<div  class='hr av-jseinx9j-f1d16525a1dd5ee02b777298b51b00ab hr-invisible  avia-builder-el-5  el_after_av_textblock  el_before_av_textblock '><span class='hr-inner '><span class=\"hr-inner-style\"><\/span><\/span><\/div><br \/>\n\n<style type=\"text\/css\" data-created_by=\"avia_inline_auto\" id=\"style-css-av-jk29c4n6-f38e6b98d07269e92411984733972f48\">\n#top .av_textblock_section.av-jk29c4n6-f38e6b98d07269e92411984733972f48 .avia_textblock{\ncolor:#e8e8e8;\n}\n<\/style>\n<section  class='av_textblock_section av-jk29c4n6-f38e6b98d07269e92411984733972f48 '   itemscope=\"itemscope\" itemtype=\"https:\/\/schema.org\/CreativeWork\" ><div class='avia_textblock av_inherit_color'  itemprop=\"text\" ><h3 class=\"gradient-text\">Elektromos rendszer<\/h3>\n<ul>\n<li><strong>\u00c1rny\u00e9kolt elektromos rendszer:<\/strong> Asp\u00f6ck m\u00e1rk\u00e1j\u00fa elektromos rendszer el\u00fcls\u0151 csatlakoz\u00f3dobozzal, 7-t\u0171s csatlakoz\u00f3val (ISO1185 \/ ISO3731) \u00e9s 1\u00d715 t\u0171vel (ISO72570), IP 67 v\u00edzz\u00e1r\u00e1ssal \u00e9s ADR-j\u00f3v\u00e1hagy\u00e1ssal. Az al\u00e1bbiakb\u00f3l \u00e1ll: az alv\u00e1zra r\u00f6gz\u00edtett el\u00fcls\u0151 \u00e9s oldals\u00f3 LED-es kijelz\u0151k, a 48R.06 szab\u00e1ly szerint; k\u00e9t multifunkci\u00f3s h\u00e1ts\u00f3 l\u00e1mpa EUROPOINT III FULL LED integr\u00e1lt h\u00e1romsz\u00f6ggel; hangjelz\u00e9s az emel\u00e9shez \u00e9s a h\u00e1tramenethez; \u00e9s harmadik LED-es f\u00e9kl\u00e1mpa.<\/li>\n<li><strong>ECAS elektronikus felf\u00fcggeszt\u00e9s:<\/strong> A Wabco ECAS elektronikus felf\u00fcggeszt\u00e9si rendszere. A pneumatikus felf\u00fcggeszt\u00e9s m\u0171k\u00f6dtet\u00e9se az EBS-ben tal\u00e1lhat\u00f3 elektronikus modulb\u00f3l t\u00f6rt\u00e9nik. A rendszer a sebess\u00e9g f\u00fcggv\u00e9ny\u00e9ben szab\u00e1lyozza a felf\u00fcggeszt\u00e9s magass\u00e1g\u00e1t, \u00e9s ez\u00e1ltal \u00fczemanyag-megtakar\u00edt\u00e1st \u00e9r el.<\/li>\n<li><strong>Spotl\u00e1mp\u00e1k a munka megvil\u00e1g\u00edt\u00e1s\u00e1hoz:<\/strong> Egy, kett\u0151 vagy n\u00e9gy, az \u00d6n \u00e1ltal meghat\u00e1rozott helyen, LED-es vil\u00e1g\u00edt\u00e1ssal.<\/li>\n<li><strong>Oldall\u00e1mp\u00e1k:<\/strong> Alapfelszerel\u00e9sk\u00e9nt a karossz\u00e9ri\u00e1ra, \u00e9s opcion\u00e1lisan a karossz\u00e9ria oldal\u00e1ra r\u00f6gz\u00edtve. Seg\u00edtik a mozg\u00e1st nem megfelel\u0151 l\u00e1t\u00e1si k\u00f6r\u00fclm\u00e9nyek eset\u00e9n. Az ir\u00e1nyjelz\u0151 haszn\u00e1latakor villognak, \u00e9s megfelelnek a vil\u00e1g\u00edt\u00e1sr\u00f3l \u00e9s a jelz\u00e9sr\u0151l sz\u00f3l\u00f3 48R.06 szab\u00e1ly k\u00f6vetelm\u00e9nyeinek.<\/li>\n<li><strong>Forg\u00f3l\u00e1mpa a maxim\u00e1lis d\u0151l\u00e9ssz\u00f6g jelz\u00e9s\u00e9re:<\/strong> Vil\u00e1g\u00edt\u00f3 jelz\u00e9st ad, amikor azt \u00e9szleli, hogy t\u00fal nagy a billencs d\u0151l\u00e9si sz\u00f6ge a kirakod\u00e1sn\u00e1l. A Coroa j\u00e1rm\u0171vekn\u00e9l alapfelszerel\u00e9s.<\/li>\n<\/ul>\n<\/div><\/section><br \/>\n\n<style type=\"text\/css\" data-created_by=\"avia_inline_auto\" id=\"style-css-av-jk29c4n6-f38e6b98d07269e92411984733972f48\">\n#top .av_textblock_section.av-jk29c4n6-f38e6b98d07269e92411984733972f48 .avia_textblock{\ncolor:#e8e8e8;\n}\n<\/style>\n<section  class='av_textblock_section av-jk29c4n6-f38e6b98d07269e92411984733972f48 '   itemscope=\"itemscope\" itemtype=\"https:\/\/schema.org\/CreativeWork\" ><div class='avia_textblock av_inherit_color'  itemprop=\"text\" ><h3 class=\"gradient-text\">Pneumatikus rendszer<\/h3>\n<ul>\n<li><strong>A sz\u00ednk\u00f3dok seg\u00edtik a pneumatikus rendszer azonos\u00edt\u00e1s\u00e1t.<\/strong><\/li>\n<li><strong>TSV statikus stabilit\u00e1si rendszer:<\/strong> A kirakod\u00e1sn\u00e1l a rendszer \u00e9szleli, hogy a billencs felemelkedik az alv\u00e1zr\u00f3l \u00e9s leengednek a felf\u00fcggeszt\u00e9s l\u00e9grug\u00f3i. Az egys\u00e9g s\u00falypontja leenged \u00e9s stabilabb helyzetb\u0151l t\u00f6rt\u00e9nik a kirakod\u00e1s.<\/li>\n<li><strong>2S\/2M EBS (elektromos f\u00e9krendszer) f\u00e9kberendez\u00e9s k\u00e9t \u00e9rz\u00e9kel\u0151vel \u00e9s k\u00e9t modul\u00e1torral:<\/strong> A. kateg\u00f3ri\u00e1s, ADR normat\u00edv\u00e1nak megfelel\u0151 \u00e9s RSS t\u00edpus\u00fa dinamikus stabilit\u00e1si rendszerrel felszerelve. A k\u00e9t h\u00e1ts\u00f3 tengelyen parkol\u00f3kamer\u00e1kkal \u00e9s aktu\u00e1torokkal, az els\u0151 tengelyen egyszer\u0171 kamer\u00e1kkal felszerelve. Alapfelszerel\u00e9sk\u00e9nt standard be\u00e9p\u00edtett nyom\u00e1sm\u00e9r\u0151, amely lehet\u0151v\u00e9 teszi a rakom\u00e1ny n\u00e9lk\u00fcli m\u0171szaki vizsg\u00e1ztat\u00e1st. Az oldals\u00f3 m\u0171szerfalon tal\u00e1lhat\u00f3 csatlakoz\u00f3k.<\/li>\n<\/ul>\n<\/div><\/section><br \/>\n\n<style type=\"text\/css\" data-created_by=\"avia_inline_auto\" id=\"style-css-av-jk29c4n6-f38e6b98d07269e92411984733972f48\">\n#top .av_textblock_section.av-jk29c4n6-f38e6b98d07269e92411984733972f48 .avia_textblock{\ncolor:#e8e8e8;\n}\n<\/style>\n<section  class='av_textblock_section av-jk29c4n6-f38e6b98d07269e92411984733972f48 '   itemscope=\"itemscope\" itemtype=\"https:\/\/schema.org\/CreativeWork\" ><div class='avia_textblock av_inherit_color'  itemprop=\"text\" ><h3 class=\"gradient-text\">Hidraulikus rendszer<\/h3>\n<ul>\n<li><strong>A k\u00f6z\u00e9pen \u00e9s magasan elhelyezett hidraulikus aljzatok megk\u00f6nny\u00edtik a csatlakoztat\u00e1st \u00e9s lev\u00e1laszt\u00e1st, \u00e9s megakad\u00e1lyozz\u00e1k a cs\u00f6vek \u00f6sszecsom\u00f3sod\u00e1s\u00e1t.<\/strong><\/li>\n<li><strong>1 vagy 2 t\u00f6ml\u0151:<\/strong> egy t\u00f6ml\u0151vel a csatlakoz\u00e1s k\u00f6zvetlen; kett\u0151vel behelyez\u00fcnk egy eloszt\u00f3t \u00e9s beszerel\u00fcnk egy v\u00e9d\u0151rendszert a munkahenger maxim\u00e1lis d\u0151l\u00e9s\u00e9n\u00e9l. Alkalmazkodunk az \u00d6n ig\u00e9nyeinek legjobban megfelel\u0151 megold\u00e1sokhoz.<\/li>\n<li><strong>Hidraulikus csatlakoz\u00f3k sz\u00e9les v\u00e1laszt\u00e9ka.<\/strong> Alkalmazkodunk a legt\u00f6bb standard csatlakoz\u00f3hoz.<\/li>\n<li><strong>\u00d6n\u00e1ll\u00f3 billen\u0151s egys\u00e9g:<\/strong> Sz\u00fcks\u00e9g eset\u00e9n a henger m\u0171k\u00f6dtet\u00e9s\u00e9re szolg\u00e1l\u00f3 teljes hidraulikus rendszer felszerelhet\u0151 \u00fagy, hogy m\u0171k\u00f6dtethet\u0151 legyen a vontat\u00f3t\u00f3l f\u00fcggetlen\u00fcl. Ez a rendszer az olyan j\u00e1rm\u0171parkokhoz ide\u00e1lis, melyek nem a billen\u0151s j\u00e1rm\u0171vekre szakosodtak \u00e9s ahol magas a vontat\u00f3k rot\u00e1ci\u00f3ja.<\/li>\n<\/ul>\n<h3><\/h3>\n<\/div><\/section><br \/>\n\n<style type=\"text\/css\" data-created_by=\"avia_inline_auto\" id=\"style-css-av-jk29c4n6-f38e6b98d07269e92411984733972f48\">\n#top .av_textblock_section.av-jk29c4n6-f38e6b98d07269e92411984733972f48 .avia_textblock{\ncolor:#e8e8e8;\n}\n<\/style>\n<section  class='av_textblock_section av-jk29c4n6-f38e6b98d07269e92411984733972f48 '   itemscope=\"itemscope\" itemtype=\"https:\/\/schema.org\/CreativeWork\" ><div class='avia_textblock av_inherit_color'  itemprop=\"text\" ><h3 class=\"gradient-text\">Technol\u00f3giai kieg\u00e9sz\u00edt\u0151k<\/h3>\n<ul>\n<li><strong>SAF Tire Pilot automata ker\u00e9kfelf\u00faj\u00f3-rendszer:<\/strong> Megold\u00e1s az optim\u00e1lis ker\u00e9knyom\u00e1s fenttart\u00e1s\u00e1ra \u00e9s ez\u00e1ltal az \u00fczemanyag-megtakar\u00edt\u00e1sra.<\/li>\n<li><em><strong>Smartboard:<\/strong><\/em> Alapfelszerel\u00e9sk\u00e9nt Wabco adatellen\u0151rz\u00e9si rendszer, mely a k\u00f6vetkez\u0151 funkci\u00f3kat k\u00edn\u00e1lja:\n<ul>\n<li>Kilom\u00e9ter-sz\u00e1ml\u00e1l\u00f3<\/li>\n<li>Hibakijelz\u0151<\/li>\n<li>A f\u00e9k- \u00e9s felf\u00fcggeszt\u00e9si rendszer m\u00e9r\u00e9si \u00e9rt\u00e9kei, melyek nagyon hasznosak a hibat\u00f6rt\u00e9net elk\u00e9sz\u00edt\u00e9sekor<\/li>\n<li>Az egyes tengelyek terhel\u00e9s\u00e9nek megjelen\u00edt\u00e9se.<\/li>\n<\/ul>\n<\/li>\n<li><strong>Jav\u00edtsa a <em>Smartboard<\/em> funkci\u00f3it:<\/strong>\n<ul>\n<li>Ker\u00e9knyom\u00e1s ellen\u0151rz\u00e9se. Az OptiFire rendszerrel val\u00f3s id\u0151ben nyomon k\u00f6vethet\u0151 a ker\u00e9knyom\u00e1s.<\/li>\n<li>A rakom\u00e1nyfigyel\u0151 kamer\u00e1k lehet\u0151v\u00e9 teszik a rakod\u00e1s alatt a karossz\u00e9ria belsej\u00e9nek megtekint\u00e9s\u00e9t.<\/li>\n<li>A f\u00e9lp\u00f3tkocsi elektronikus r\u00f6gz\u00edt\u00e9se.<\/li>\n<li>Kop\u00e1sjelz\u0151 a p\u00e1rn\u00e1khoz. Vizu\u00e1lis figyelmeztet\u00e9s jelenik meg a m\u0171szerfalon, amikor ezek \u00e9lettartama a v\u00e9g\u00e9hez k\u00f6zeledik \u00e9s be kell tervezni a m\u0171hely megl\u00e1togat\u00e1s\u00e1t.<\/li>\n<li>Csatlakoztatott j\u00e1rm\u0171vek. Az Optilink vagy iTap haszn\u00e1lat\u00e1val szinkroniz\u00e1lhatja a f\u00e9lp\u00f3tkocsit a t\u00e1blag\u00e9p\u00e9vel vagy okostelefonj\u00e1val, \u00e9s nagy mennyis\u00e9g\u0171 inform\u00e1ci\u00f3t k\u00eds\u00e9rhet figyelemmel.<\/li>\n<\/ul>\n<\/li>\n<li><strong>COLAS szelep.<\/strong> Ez a mechanizmus felel\u0151s a felf\u00fcggeszt\u00e9si magass\u00e1g optim\u00e1lis fokozati szintj\u00e9nek a szab\u00e1lyoz\u00e1s\u00e1\u00e9rt, f\u00fcggetlen\u00fcl a szelep poz\u00edci\u00f3j\u00e1t\u00f3l.<\/li>\n<li><strong>Az elektronika \u00e9s a big data lehet\u0151v\u00e9 teszik a kanyarod\u00e1si sug\u00e1r cs\u00f6kkent\u00e9s\u00e9t.<\/strong> A f\u00e9lp\u00f3tkocsi \u00e9szleli a hosszabb kanyarod\u00e1st \u00e9s tehermentes\u00edti a harmadik tengelyt, \u00edgy a kanyarod\u00e1s kisebb t\u00e9rben t\u00f6rt\u00e9nik. A megold\u00e1st a Wabco Optiturn szolg\u00e1ltatja.<\/li>\n<\/ul>\n<\/div><\/section><\/p><\/div>\n<style type=\"text\/css\" data-created_by=\"avia_inline_auto\" id=\"style-css-av-22s720-79292b08e6c340448b51653641dd66d5\">\n.flex_column.av-22s720-79292b08e6c340448b51653641dd66d5{\nborder-radius:0px 0px 0px 0px;\npadding:0px 0px 0px 0px;\n}\n<\/style>\n<div  class='flex_column av-22s720-79292b08e6c340448b51653641dd66d5 av_one_fifth  avia-builder-el-10  el_after_av_four_fifth  avia-builder-el-last  flex_column_div av-zero-column-padding  '     ><\/div><\/div><\/div><\/div><!-- close content main div --><\/div><\/div><\/div>\n<style type=\"text\/css\" data-created_by=\"avia_inline_auto\" id=\"style-css-av-9o9nuz-be629507dd5d0093597bf5a188afe8ab\">\n.avia-section.av-9o9nuz-be629507dd5d0093597bf5a188afe8ab{\nbackground-repeat:no-repeat;\nbackground-image:url(https:\/\/tisvol.com\/wp-content\/uploads\/2018\/07\/tisvol-como-se-hace-bg.jpg);\nbackground-position:50% 50%;\nbackground-attachment:scroll;\n}\n.avia-section.av-9o9nuz-be629507dd5d0093597bf5a188afe8ab .av-section-color-overlay{\nopacity:0.9;\nbackground-color:#ffffff;\n}\n<\/style>\n<div id='como-se-construye-un-tisvol'  class='avia-section av-9o9nuz-be629507dd5d0093597bf5a188afe8ab main_color avia-section-default avia-no-border-styling  avia-builder-el-11  el_after_av_section  el_before_av_section  gradient-overlay avia-full-stretch avia-bg-style-scroll av-section-color-overlay-active container_wrap sidebar_right'  data-section-bg-repeat='stretch'><div class=\"av-section-color-overlay-wrap\"><div class=\"av-section-color-overlay\"><\/div><div class='container av-section-cont-open' ><div class='template-page content  av-content-small alpha units'><div class='post-entry post-entry-type-page post-entry-15505'><div class='entry-content-wrapper clearfix'>\n\n<style type=\"text\/css\" data-created_by=\"avia_inline_auto\" id=\"style-css-av-1uwf2z-2cc67e0256f80101e4014eae9c62c7c5\">\n.flex_column.av-1uwf2z-2cc67e0256f80101e4014eae9c62c7c5{\nborder-radius:0px 0px 0px 0px;\npadding:0px 0px 0px 0px;\n}\n<\/style>\n<div  class='flex_column av-1uwf2z-2cc67e0256f80101e4014eae9c62c7c5 av_one_fifth  avia-builder-el-12  el_before_av_three_fifth  avia-builder-el-first  first flex_column_div av-zero-column-padding  '     ><\/div>\n<style type=\"text\/css\" data-created_by=\"avia_inline_auto\" id=\"style-css-av-6tq6cb-898d1a5c296f34510c04e41945908418\">\n.flex_column.av-6tq6cb-898d1a5c296f34510c04e41945908418{\nborder-radius:0px 0px 0px 0px;\npadding:0px 0px 0px 0px;\n}\n<\/style>\n<div  class='flex_column av-6tq6cb-898d1a5c296f34510c04e41945908418 av_three_fifth  avia-builder-el-13  el_after_av_one_fifth  avia-builder-el-last  flex_column_div av-zero-column-padding  '     ><section  class='av_textblock_section av-jk0tw2iq-c9a83e4542c117f1c04fa5974a1634f8 '   itemscope=\"itemscope\" itemtype=\"https:\/\/schema.org\/CreativeWork\" ><div class='avia_textblock'  itemprop=\"text\" ><div class=\"tisvol-diagonal\">\n<div><\/div>\n<\/div>\n<h3 class=\"titular-estandar\" style=\"text-align: center;\">HOGYAN K\u00c9SZ\u00dcL A TISVOL<\/h3>\n<div class=\"tisvol-diagonal\">\n<div><\/div>\n<\/div>\n<\/div><\/section><br \/>\n<section  class='av_textblock_section av-jk0tw2iq-c9a83e4542c117f1c04fa5974a1634f8 '   itemscope=\"itemscope\" itemtype=\"https:\/\/schema.org\/CreativeWork\" ><div class='avia_textblock'  itemprop=\"text\" ><p style=\"text-align: center;\">A Tisvol el\u0151\u00e1ll\u00edt\u00e1si folyamata t\u00f6bb mint 40 robotot tartalmaz, melyek a gy\u00e1rt\u00e1si folyamat r\u00e9sz\u00e9t k\u00e9pezik. Egys\u00e9genk\u00e9nt t\u00f6bb mint 4 km hegeszt\u00e9s \u00e9s t\u00f6bb mint 1000 csavar ker\u00fcl felhaszn\u00e1l\u00e1sra.<\/p>\n<p style=\"text-align: center;\">A hegeszt\u00e9si folyamat t\u00f6bb mint 85%-a az \u00f6sszes illeszt\u00e9sn\u00e9l automatikus annak \u00e9rdek\u00e9ben, hogy olyan maxim\u00e1lis min\u0151s\u00e9get \u00e9s garanci\u00e1t tudjunk ny\u00fajtani, mely a k\u00e9zi elj\u00e1r\u00e1ssal nem biztos\u00edthat\u00f3 tart\u00f3san. A hegeszt\u0151\u00e1llom\u00e1sok a legmagasabb technol\u00f3gi\u00e1j\u00fa, 3 vagy 5 tengelyes CNC robotokkal vannak automatiz\u00e1lva.<\/p>\n<p style=\"text-align: center;\">Mindez az automatiz\u00e1lt \u00f6sszeszerel\u00e9s az alap\u00edt\u00f3k \u00e1lm\u00e1b\u00f3l, a vezet\u0151s\u00e9g v\u00edzi\u00f3j\u00e1b\u00f3l \u00e9s a Tisvolt alkot\u00f3 emberi csapat munk\u00e1j\u00e1b\u00f3l sz\u00e1rmazik, de nem szabad megfeledkezni a minden egyes j\u00e1rm\u0171 eset\u00e9ben alkalmazott k\u00e9zm\u0171vess\u00e9gr\u0151l, mely a sok \u00e9ves tapasztalattal rendelkez\u0151 szem\u00e9lyzet tud\u00e1s\u00e1b\u00f3l fakad. Fedezze fel, hogyan k\u00e9sz\u00fcl a Tisvol:<\/p>\n<p style=\"text-align: center;\">[<a style=\"color: #fff; text-decoration: underline;\" href=\"https:\/\/tisvol.com\/hu\/como-se-hace\/\">Tov\u00e1bbi inform\u00e1ci\u00f3 a Tisvol gy\u00e1rt\u00e1si rendszer\u00e9r\u0151l<\/a>]<\/p>\n<\/div><\/section><\/p><\/div>\n<\/p>\n<\/div><\/div><\/div><!-- close content main div --><\/div><\/div><\/div>\n<style type=\"text\/css\" data-created_by=\"avia_inline_auto\" id=\"style-css-av-9o9nuz-160e269624ae7b761652ba28b723b710\">\n.avia-section.av-9o9nuz-160e269624ae7b761652ba28b723b710{\nbackground-color:#d8d8d8;\nbackground-image:unset;\n}\n<\/style>\n<div id='av_section_4'  class='avia-section av-9o9nuz-160e269624ae7b761652ba28b723b710 main_color avia-section-large avia-no-border-styling  avia-builder-el-16  el_after_av_section  avia-builder-el-last  avia-bg-style-scroll container_wrap sidebar_right'  ><div class='container av-section-cont-open' ><div class='template-page content  av-content-small alpha units'><div class='post-entry post-entry-type-page post-entry-15505'><div class='entry-content-wrapper clearfix'>\n<div class='flex_column_table av-57fmi3-092815821eaaee3182dc6f1c6f92c697 sc-av_one_third av-equal-height-column-flextable'>\n<style type=\"text\/css\" data-created_by=\"avia_inline_auto\" id=\"style-css-av-57fmi3-092815821eaaee3182dc6f1c6f92c697\">\n.flex_column.av-57fmi3-092815821eaaee3182dc6f1c6f92c697{\nborder-radius:0px 0px 0px 0px;\npadding:0px 0px 0px 0px;\n}\n<\/style>\n<div  class='flex_column av-57fmi3-092815821eaaee3182dc6f1c6f92c697 av_one_third  avia-builder-el-17  el_before_av_one_third  avia-builder-el-first  first flex_column_table_cell av-equal-height-column av-align-top av-zero-column-padding  '     ><section  class='av_textblock_section av-jk0tw2iq-c9a83e4542c117f1c04fa5974a1634f8 '   itemscope=\"itemscope\" itemtype=\"https:\/\/schema.org\/CreativeWork\" ><div class='avia_textblock'  itemprop=\"text\" ><h3 style=\"text-align: center;\">Az alum\u00ednium haszn\u00e1lata a Tisvoln\u00e1l<\/h3>\n<p style=\"text-align: center;\">A Tisvol m\u00e1r sok \u00e9vvel ezel\u0151tt az alum\u00edniumot helyezte az \u00fczlet k\u00f6z\u00e9ppontj\u00e1ba. Az \u00e9vek sor\u00e1n, melyek sz\u00e1ma meghaladja a 40-et, ez az anyag a v\u00e1llalat lelk\u00e9v\u00e9 v\u00e1lt \u00e9s be\u00e9p\u00fclt a DNS-be.<\/p>\n<p style=\"text-align: center;\"><a href=\"https:\/\/tisvol.com\/hu\/como-se-hace\/aluminio\/\"><strong>Tov\u00e1bbi inform\u00e1ci\u00f3 az alum\u00ednium haszn\u00e1lat\u00e1r\u00f3l a Tisvoln\u00e1l<\/strong><\/a><\/p>\n<\/div><\/section><\/div><div class='av-flex-placeholder'><\/div>\n<style type=\"text\/css\" data-created_by=\"avia_inline_auto\" id=\"style-css-av-3kos8r-355d274a76e6708e3617908638d3f2c0\">\n.flex_column.av-3kos8r-355d274a76e6708e3617908638d3f2c0{\nborder-radius:0px 0px 0px 0px;\npadding:0px 0px 0px 0px;\n}\n<\/style>\n<div  class='flex_column av-3kos8r-355d274a76e6708e3617908638d3f2c0 av_one_third  avia-builder-el-19  el_after_av_one_third  el_before_av_one_third  flex_column_table_cell av-equal-height-column av-align-top av-zero-column-padding  '     ><section  class='av_textblock_section av-jk0tw2iq-c9a83e4542c117f1c04fa5974a1634f8 '   itemscope=\"itemscope\" itemtype=\"https:\/\/schema.org\/CreativeWork\" ><div class='avia_textblock'  itemprop=\"text\" ><h3 style=\"text-align: center;\">A Tisvol \u00e9s a teljes\u00edtm\u00e9nyrendszerek<\/h3>\n<p style=\"text-align: center;\">Az \u00e1rny\u00e9kolt elektromos rendszer enged\u00e9lyezett a vesz\u00e9lyes \u00e1ruk sz\u00e1ll\u00edt\u00e1s\u00e1n\u00e1l; sz\u00ednek szerinti pneumatikus rendszer a hib\u00e1k gyors azonos\u00edt\u00e1s\u00e1hoz; egyszer\u0171 \u00e9s vegyes hidraulikus t\u00f6ml\u0151k csatlakoztat\u00e1sa biztons\u00e1gi v\u00e9g\u00e1ll\u00e1skapcsol\u00f3kkal.<\/p>\n<p style=\"text-align: center;\"><a href=\"https:\/\/tisvol.com\/hu\/como-se-hace\/sistemas-de-potencia\/\"><strong>Tov\u00e1bbi inform\u00e1ci\u00f3 a Tisvol teljes\u00edtm\u00e9nyrendszerekr\u0151l<\/strong><\/a><\/p>\n<\/div><\/section><\/div><div class='av-flex-placeholder'><\/div>\n<style type=\"text\/css\" data-created_by=\"avia_inline_auto\" id=\"style-css-av-2zilyz-71f7a28451342a07790eec49a1bb3d31\">\n.flex_column.av-2zilyz-71f7a28451342a07790eec49a1bb3d31{\nborder-radius:0px 0px 0px 0px;\npadding:0px 0px 0px 0px;\n}\n<\/style>\n<div  class='flex_column av-2zilyz-71f7a28451342a07790eec49a1bb3d31 av_one_third  avia-builder-el-21  el_after_av_one_third  avia-builder-el-last  flex_column_table_cell av-equal-height-column av-align-top av-zero-column-padding  '     ><section  class='av_textblock_section av-jk0tw2iq-c9a83e4542c117f1c04fa5974a1634f8 '   itemscope=\"itemscope\" itemtype=\"https:\/\/schema.org\/CreativeWork\" ><div class='avia_textblock'  itemprop=\"text\" ><h3 style=\"text-align: center;\">A t\u00e1rat\u00f6meg fontoss\u00e1ga a Tisvoln\u00e1l<\/h3>\n<p style=\"text-align: center;\">Minden term\u00e9kcsal\u00e1dn\u00e1l, b\u00e1rmelyik j\u00e1rm\u0171n\u00e9l a t\u00e1rat\u00f6meg az az egyik f\u0151 jellemz\u0151, amit az \u00fcgyfelek a kipr\u00f3b\u00e1l\u00e1s ut\u00e1n kiemelnek. <strong>Ha Tisvolt v\u00e1laszt, akkor a nagyobb hasznos terhet, a jobb kihaszn\u00e1l\u00e1st v\u00e1lasztja.<\/strong> A Tisvoln\u00e1l tiszt\u00e1ban vagyunk azzal, hogy \u00fcgyfeleink sz\u00e1m\u00e1ra a gazdas\u00e1goss\u00e1g alapvet\u0151en a t\u00e1rat\u00f6megt\u0151l f\u00fcgg. Ez\u00e9rt forr\u00e1saink nagy r\u00e9sz\u00e9t a k\u00f6nnyebb \u00e9s hosszabb \u00e9lettartam\u00fa j\u00e1rm\u0171vek fejleszt\u00e9s\u00e9re ford\u00edtjuk.<\/p>\n<\/div><\/section><\/div><\/div><!--close column table wrapper. Autoclose: 1 -->\n<\/div><\/div><\/div><!-- close content main div --><\/div><\/div><div id='after_section_4'  class='main_color av_default_container_wrap container_wrap sidebar_right'  ><div class='container av-section-cont-open' ><div class='template-page content  av-content-small alpha units'><div class='post-entry post-entry-type-page post-entry-15505'><div class='entry-content-wrapper clearfix'>\n","protected":false},"excerpt":{"rendered":"","protected":false},"author":1,"featured_media":0,"parent":15255,"menu_order":0,"comment_status":"closed","ping_status":"closed","template":"","meta":{"_acf_changed":false,"footnotes":""},"class_list":["post-15505","page","type-page","status-publish","hentry"],"acf":[],"_links":{"self":[{"href":"https:\/\/tisvol.com\/hu\/wp-json\/wp\/v2\/pages\/15505","targetHints":{"allow":["GET"]}}],"collection":[{"href":"https:\/\/tisvol.com\/hu\/wp-json\/wp\/v2\/pages"}],"about":[{"href":"https:\/\/tisvol.com\/hu\/wp-json\/wp\/v2\/types\/page"}],"author":[{"embeddable":true,"href":"https:\/\/tisvol.com\/hu\/wp-json\/wp\/v2\/users\/1"}],"replies":[{"embeddable":true,"href":"https:\/\/tisvol.com\/hu\/wp-json\/wp\/v2\/comments?post=15505"}],"version-history":[{"count":0,"href":"https:\/\/tisvol.com\/hu\/wp-json\/wp\/v2\/pages\/15505\/revisions"}],"up":[{"embeddable":true,"href":"https:\/\/tisvol.com\/hu\/wp-json\/wp\/v2\/pages\/15255"}],"wp:attachment":[{"href":"https:\/\/tisvol.com\/hu\/wp-json\/wp\/v2\/media?parent=15505"}],"curies":[{"name":"wp","href":"https:\/\/api.w.org\/{rel}","templated":true}]}}