{"id":15498,"date":"2018-07-24T11:20:15","date_gmt":"2018-07-24T11:20:15","guid":{"rendered":"https:\/\/tisvol.com\/hogyan-keszul\/toldos\/"},"modified":"2019-09-18T16:31:23","modified_gmt":"2019-09-18T16:31:23","slug":"ponyvak","status":"publish","type":"page","link":"https:\/\/tisvol.com\/hu\/hogyan-keszul\/ponyvak\/","title":{"rendered":"Ponyv\u00e1k"},"content":{"rendered":"\n<style type=\"text\/css\" data-created_by=\"avia_inline_auto\" id=\"style-css-av-33yw-fe4ace012c6b9c696b8bb8b31f28441a\">\n.avia-section.av-33yw-fe4ace012c6b9c696b8bb8b31f28441a{\nbackground-color:#ffffff;\nbackground-image:unset;\n}\n<\/style>\n<div id='tisvol-tagline'  class='avia-section av-33yw-fe4ace012c6b9c696b8bb8b31f28441a main_color avia-section-default avia-no-border-styling  avia-builder-el-0  el_before_av_section  avia-builder-el-first  avia-bg-style-scroll container_wrap sidebar_right'  ><div class='container av-section-cont-open' ><main  role=\"main\" itemprop=\"mainContentOfPage\"  class='template-page content  av-content-small alpha units'><div class='post-entry post-entry-type-page post-entry-15498'><div class='entry-content-wrapper clearfix'>\n<section  class='av_textblock_section av-jj8pzx7e-f58ee2657ad4a3ea48b2f1ff7d628b0b '   itemscope=\"itemscope\" itemtype=\"https:\/\/schema.org\/CreativeWork\" ><div class='avia_textblock'  itemprop=\"text\" ><h3 style=\"text-align: center;\">Powered by Superior Quality<\/h3>\n<\/div><\/section>\n\n<\/div><\/div><\/main><!-- close content main element --><\/div><\/div>\n<style type=\"text\/css\" data-created_by=\"avia_inline_auto\" id=\"style-css-av-jk9emjj7-c3dbc32a4ec48edce41697a1df9af8f4\">\n.avia-section.av-jk9emjj7-c3dbc32a4ec48edce41697a1df9af8f4 .av-parallax .av-parallax-inner{\nbackground-repeat:no-repeat;\nbackground-image:url(https:\/\/tisvol.com\/wp-content\/uploads\/2019\/04\/tisvol-todos-modelos-toldos-toldo-lateral-845x321.jpg);\nbackground-position:0% 100%;\nbackground-attachment:scroll;\n}\n.avia-section.av-jk9emjj7-c3dbc32a4ec48edce41697a1df9af8f4 .av-section-color-overlay{\nopacity:0.8;\nbackground-color:#ffffff;\n}\n<\/style>\n<div id='av_section_2'  class='avia-section av-jk9emjj7-c3dbc32a4ec48edce41697a1df9af8f4 main_color avia-section-default avia-no-border-styling  avia-builder-el-2  el_after_av_section  el_before_av_submenu  avia-full-stretch av-parallax-section avia-bg-style-parallax av-section-color-overlay-active av-minimum-height av-minimum-height-50 av-height-50  container_wrap sidebar_right'  data-section-bg-repeat='stretch' data-av_minimum_height_pc='50' data-av_min_height_opt='50'><div class='av-parallax' data-avia-parallax-ratio='0.3' ><div class='av-parallax-inner main_color avia-full-stretch'><\/div><\/div><div class=\"av-section-color-overlay-wrap\"><div class=\"av-section-color-overlay\"><\/div><div class='container av-section-cont-open' ><div class='template-page content  av-content-small alpha units'><div class='post-entry post-entry-type-page post-entry-15498'><div class='entry-content-wrapper clearfix'>\n\n<style type=\"text\/css\" data-created_by=\"avia_inline_auto\" id=\"style-css-av-5cairq-5c4bc2e2f93aa7a83ffd4195aba6fe00\">\n.flex_column.av-5cairq-5c4bc2e2f93aa7a83ffd4195aba6fe00{\nborder-radius:0px 0px 0px 0px;\npadding:0px 0px 0px 0px;\n}\n<\/style>\n<div  class='flex_column av-5cairq-5c4bc2e2f93aa7a83ffd4195aba6fe00 av_one_fifth  avia-builder-el-3  el_before_av_three_fifth  avia-builder-el-first  first flex_column_div av-zero-column-padding  '     ><\/div>\n<style type=\"text\/css\" data-created_by=\"avia_inline_auto\" id=\"style-css-av-40q792-7b8752d607bbb1a35e471a29f504dc9a\">\n.flex_column.av-40q792-7b8752d607bbb1a35e471a29f504dc9a{\nborder-radius:0px 0px 0px 0px;\npadding:0px 0px 0px 0px;\n}\n<\/style>\n<div  class='flex_column av-40q792-7b8752d607bbb1a35e471a29f504dc9a av_three_fifth  avia-builder-el-4  el_after_av_one_fifth  el_before_av_one_fifth  flex_column_div av-zero-column-padding  '     ><p>\n<style type=\"text\/css\" data-created_by=\"avia_inline_auto\" id=\"style-css-av-jvqqexfp-8cf2d2970c10eefadc965ac9ecd2fa41\">\n#top .hr.hr-invisible.av-jvqqexfp-8cf2d2970c10eefadc965ac9ecd2fa41{\nheight:20px;\n}\n<\/style>\n<div  class='hr av-jvqqexfp-8cf2d2970c10eefadc965ac9ecd2fa41 hr-invisible  avia-builder-el-5  el_before_av_textblock  avia-builder-el-first '><span class='hr-inner '><span class=\"hr-inner-style\"><\/span><\/span><\/div><br \/>\n<section  class='av_textblock_section av-jj8rms6q-e378de6f514244f1a118e0085a2fbc7d '   itemscope=\"itemscope\" itemtype=\"https:\/\/schema.org\/CreativeWork\" ><div class='avia_textblock'  itemprop=\"text\" ><div class=\"tisvol-diagonal\">\n<div><\/div>\n<\/div>\n<h2 class=\"titular-principal\" style=\"text-align: center;\">PONYV\u00c1K<\/h2>\n<h4 class=\"subtitular-principal\" style=\"text-align: center;\">&#8211; EGYSZER\u0170, HAT\u00c9KONY \u00c9S K\u00c9NYELMES &#8211;<\/h4>\n<div class=\"tisvol-diagonal\">\n<div><\/div>\n<\/div>\n<\/div><\/section><br \/>\n<section  class='av_textblock_section av-jjzlyynb-e3785d5aaa6fd657b9c100742fe4434a '   itemscope=\"itemscope\" itemtype=\"https:\/\/schema.org\/CreativeWork\" ><div class='avia_textblock racional'  itemprop=\"text\" ><p style=\"text-align: center;\"><strong>SEC ponyv\u00e1z\u00e1si rendszer.<\/strong> A ponyv\u00e1z\u00e1si rendszer feladata annak megakad\u00e1lyoz\u00e1sa, hogy a rakom\u00e1ny mozg\u00e1s k\u00f6zben kiessen, valamint hogy az es\u0151 \u00e9s m\u00e1s k\u00fcls\u0151 elemek ne jussanak be a bels\u0151 t\u00e9rbe.<\/p>\n<\/div><\/section><br \/>\n\n<style type=\"text\/css\" data-created_by=\"avia_inline_auto\" id=\"style-css-av-jvqqexfp-8cf2d2970c10eefadc965ac9ecd2fa41\">\n#top .hr.hr-invisible.av-jvqqexfp-8cf2d2970c10eefadc965ac9ecd2fa41{\nheight:20px;\n}\n<\/style>\n<div  class='hr av-jvqqexfp-8cf2d2970c10eefadc965ac9ecd2fa41 hr-invisible  avia-builder-el-8  el_after_av_textblock  avia-builder-el-last '><span class='hr-inner '><span class=\"hr-inner-style\"><\/span><\/span><\/div><\/p><\/div>\n<style type=\"text\/css\" data-created_by=\"avia_inline_auto\" id=\"style-css-av-2rt1nq-4b7fea8242c591f992245cd491cbd4c2\">\n.flex_column.av-2rt1nq-4b7fea8242c591f992245cd491cbd4c2{\nborder-radius:0px 0px 0px 0px;\npadding:0px 0px 0px 0px;\n}\n<\/style>\n<div  class='flex_column av-2rt1nq-4b7fea8242c591f992245cd491cbd4c2 av_one_fifth  avia-builder-el-9  el_after_av_three_fifth  avia-builder-el-last  flex_column_div av-zero-column-padding  '     ><\/div>\n\n<\/div><\/div><\/div><!-- close content main div --><\/div><\/div><\/div><div id='sub_menu1'  class='av-submenu-container av-jqz6x91q-d7622458eff02305cba2ea0313b5a133 socket_color  avia-builder-el-10  el_after_av_section  el_before_av_layout_row  submenu-not-first container_wrap sidebar_right' style='z-index:301' ><div class='container av-menu-mobile-disabled av-submenu-pos-center'><ul id='av-custom-submenu-1' class='av-subnav-menu' role='menu'>\n<li class='menu-item av-av_submenu_item-87d98461c2c32d3eca5087636b3cb144 menu-item-top-level menu-item-top-level-1' role='menuitem'><a href='#toldo-lateral'  ><span class='avia-bullet'><\/span><span class='avia-menu-text'>OLDALPONYVA<\/span><\/a><\/li>\n<li class='menu-item av-av_submenu_item-dcada72fa9db43b9f1f111b06ba6d650 menu-item-top-level menu-item-top-level-2' role='menuitem'><a href='#toldo-corredero'  ><span class='avia-bullet'><\/span><span class='avia-menu-text'>CS\u00daSZ\u00d3PONYVA<\/span><\/a><\/li>\n<\/ul><\/div><\/div>\n<div id='toldo-lateral'  class='av-layout-grid-container av-4n5lmz-a7d6b68a4c48df02b2904888bad2089f entry-content-wrapper main_color av-flex-cells  avia-builder-el-11  el_after_av_submenu  el_before_av_section  seccion-contenido-scroll animation-element gradient-half-grey-to-white av-cell-min-height av-cell-min-height-100 grid-row-not-first  container_wrap sidebar_right'   data-av_minimum_height_pc='100'>\n\n<style type=\"text\/css\" data-created_by=\"avia_inline_auto\" id=\"style-css-av-1wakmz-a7fe5bae80146f3ac283d2350f74d575\">\n.flex_cell.av-1wakmz-a7fe5bae80146f3ac283d2350f74d575{\nvertical-align:middle;\n}\n.responsive #top #wrap_all .flex_cell.av-1wakmz-a7fe5bae80146f3ac283d2350f74d575{\npadding:5% 5% 5% 5% !important;\n}\n<\/style>\n<div class='flex_cell av-1wakmz-a7fe5bae80146f3ac283d2350f74d575 av-gridrow-cell av_one_half no_margin  avia-builder-el-12  el_before_av_cell_one_half  avia-builder-el-first  content-align-middle'  ><div class='flex_cell_inner'><p><div class='flex_column_table av-3zju-f12cf4130a268532328db84d02cf75e5 sc-av_one_fifth av-equal-height-column-flextable'>\n<style type=\"text\/css\" data-created_by=\"avia_inline_auto\" id=\"style-css-av-3zju-f12cf4130a268532328db84d02cf75e5\">\n.flex_column.av-3zju-f12cf4130a268532328db84d02cf75e5{\nborder-radius:0px 0px 0px 0px;\npadding:0px 0px 0px 0px;\n}\n<\/style>\n<div  class='flex_column av-3zju-f12cf4130a268532328db84d02cf75e5 av_one_fifth  avia-builder-el-13  el_before_av_two_third  avia-builder-el-first  first flex_column_table_cell av-equal-height-column av-align-middle av-zero-column-padding  '     ><\/div><div class='av-flex-placeholder'><\/div>\n<style type=\"text\/css\" data-created_by=\"avia_inline_auto\" id=\"style-css-av-3zju-ed6f1b654e511f384579d3d83d412348\">\n.flex_column.av-3zju-ed6f1b654e511f384579d3d83d412348{\nborder-radius:0px 0px 0px 0px;\npadding:0px 0px 0px 0px;\n}\n<\/style>\n<div  class='flex_column av-3zju-ed6f1b654e511f384579d3d83d412348 av_two_third  avia-builder-el-14  el_after_av_one_fifth  avia-builder-el-last  animation-element flex_column_table_cell av-equal-height-column av-align-middle av-zero-column-padding  '     ><section  class='av_textblock_section av-jjzijvlr-0b9390b2bd9d81c8e8d52aa83f8ff28c '   itemscope=\"itemscope\" itemtype=\"https:\/\/schema.org\/CreativeWork\" ><div class='avia_textblock especificaciones appear-from-bottom-left'  itemprop=\"text\" ><h3>OLDALPONYVA<\/h3>\n<p><strong>A legjobb megold\u00e1s a rakom\u00e1ny v\u00e9delm\u00e9re<\/strong><\/p>\n<p>Az oldalponyva az els\u0151dleges ponyv\u00e1z\u00e1si megold\u00e1s a nagy t\u00e9rfogat\u00fa j\u00e1rm\u0171vek eset\u00e9ben. Ez a rendszer biztos\u00edtja a legjobb v\u00e9delmet olyan k\u00fcls\u0151 elemekkel szemben, mint a v\u00edz vagy a leveg\u0151. Egyszer\u0171 m\u0171k\u00f6d\u00e9se lehet\u0151v\u00e9 teszi, hogy a ponyv\u00e1t a kiemelked\u0151 rakom\u00e1ny form\u00e1j\u00e1ra igaz\u00edtsuk.<\/p>\n<ul>\n<li><strong>A v\u00e1szon vastags\u00e1ga:<\/strong> a standard Tisvol v\u00e1szon meg van er\u0151s\u00edtve. Az alapfelszerel\u00e9s vastags\u00e1ga 900g\/m2. Ez a magas \u00e9rt\u00e9k ellen\u00e1ll\u00f3v\u00e1 teszi az extr\u00e9m \u00e9ghajlati viszonyokkal \u00e9s az intenz\u00edv haszn\u00e1lattal szemben. Tov\u00e1bb\u00e1 meger\u0151s\u00edt\u00e9sekkel rendelkezik a legnagyobb elhaszn\u00e1l\u00f3d\u00e1snak kitett vagy a j\u00e1rm\u0171 m\u00e1s r\u00e9szeivel \u00e9rintkez\u0151 ter\u00fcleteken.<\/li>\n<li><strong>T\u0171z\u00e1ll\u00f3 v\u00e1szon:<\/strong> Az ADR normat\u00edv\u00e1nak val\u00f3 megfelel\u00e9s t\u00f6bbek k\u00f6z\u00f6tt a ponyv\u00e1z\u00e1shoz haszn\u00e1lt v\u00e1szon t\u0171z\u00e1ll\u00f3s\u00e1g\u00e1t\u00f3l f\u00fcgg. Ez egy v\u00e1laszthat\u00f3 kieg\u00e9sz\u00edt\u0151 a Tisvol katal\u00f3gusban.<\/li>\n<li><strong>\u00c1ttetsz\u0151 k\u00f6z\u00e9pr\u00e9sz az oldalra ny\u00edl\u00f3 ponyv\u00e1kn\u00e1l:<\/strong> Egy 1000 mm-es feh\u00e9r s\u00e1v a v\u00e1szon k\u00f6zep\u00e9n lehet\u0151v\u00e9 teszi, hogy sz\u00fcks\u00e9g eset\u00e9n megn\u00e9zze a billencs belsej\u00e9t a ki\u00f6nt\u0151ny\u00edl\u00e1sn\u00e1l.<\/li>\n<li><strong>Csap\u00e1gypersely a ponyvatart\u00f3 \u00edvhez \u00e9s fesz\u00edt\u0151 k\u00e1bel:<\/strong> Alapfelszerel\u00e9s minden oldalra ny\u00edl\u00f3 ponyv\u00e1n\u00e1l. A csap\u00e1gyh\u00e1z k\u00e9t alapvet\u0151 jellemz\u0151vel rendelkezik: \u00f6nt\u00f6ttvasb\u00f3l k\u00e9sz\u00fclt \u00e9s optim\u00e1lis kialak\u00edt\u00e1sa mindig lehet\u0151v\u00e9 teszi a fesz\u00edt\u0151 k\u00e1belek behelyez\u00e9s\u00e9t.<\/li>\n<li><strong>Ponyvatart\u00f3 \u00edvek t\u00edpusai:<\/strong> Minden Tisvol ponyvatart\u00f3 \u00edv galvaniz\u00e1lt ac\u00e9lb\u00f3l k\u00e9sz\u00fcl. A k\u00f6vetkez\u0151 \u00f6t modellel rendelkez\u00fcnk:\n<ol>\n<li>Standard modell: 30&#215;50 mm-es hajl\u00edtott ponyvatart\u00f3 \u00edv Kiterjeszthet\u0151, vill\u00e1sz\u00e1rral (\u00fan. katal\u00e1n z\u00e1r)<\/li>\n<li>2. opci\u00f3 modell: 30&#215;50 mm-es hajl\u00edtott ponyvatart\u00f3 \u00edv Kiterjeszthet\u0151, vill\u00e1sz\u00e1r (\u00fan. katal\u00e1n z\u00e1r) n\u00e9lk\u00fcl<\/li>\n<li>3. opci\u00f3 modell: 30&#215;50 mm-es hajl\u00edtott ponyvatart\u00f3 \u00edv Ez az \u00edv r\u00f6gz\u00edtett.<\/li>\n<li>Modell a cs\u00f6kkentett profil\u00fa panelhez: Hajl\u00edtott ponyvatart\u00f3 \u00edv, mely k\u00f6r\u00fclveszi a profilt. Kiterjeszthet\u0151, vill\u00e1sz\u00e1rral (\u00fan. katal\u00e1n z\u00e1r)<\/li>\n<li>K\u00fcl\u00f6nleges modell: A fels\u0151 profilba be\u00e1gyazott hajl\u00edtott ponyvatart\u00f3 \u00edv&#8221;<\/li>\n<\/ol>\n<\/li>\n<li><strong>Ponyva\u00fctk\u00f6z\u0151 t\u00edpusai:<\/strong> Az \u00faj forg\u00f3 \u00e9s felhajthat\u00f3 ponyva\u00fctk\u00f6z\u0151 bevezet\u00e9s\u00e9vel a k\u00f6vetkez\u0151 \u00fctk\u00f6z\u0151k \u00e1llnak rendelkez\u00e9sre:\n<ol>\n<li>N\u00ba 1: Egyenes<\/li>\n<li>N\u00ba 5: Standard s\u00fcllyesztett<\/li>\n<li>A standard s\u00fcllyesztett ponyva\u00fctk\u00f6z\u0151 az alapfelszerel\u00e9s.<br \/>\nForg\u00f3 \u00e9s felhajthat\u00f3 \u00fctk\u00f6z\u0151<br \/>\nEz az \u00fctk\u00f6z\u0151t\u00edpus a Coroa modell alapfelszerel\u00e9se.<br \/>\nM\u00e1sr\u00e9szt a ponyva felemel\u00e9sekor \u00e9s az \u00edvek elt\u00e1vol\u00edt\u00e1sakor funkcion\u00e1lis okokb\u00f3l k\u00f6telez\u0151, hogy a j\u00e1rm\u0171vek ezt a t\u00edpus\u00fa \u00fctk\u00f6z\u0151t haszn\u00e1lj\u00e1k, ha a paneles j\u00e1rm\u0171h\u00f6z a cs\u00f6kkentett fels\u0151 profilt (sz\u00e9less\u00e9g 48 mm) vagy a fels\u0151 keresztr\u00fadba s\u00fcllyesztett \u00edveket v\u00e1lasztjuk.<\/li>\n<\/ol>\n<\/li>\n<li><strong>Cs\u00fasz\u00f3 \u00fctk\u00f6z\u0151 az oldalra ny\u00edl\u00f3 ponyva p\u00e1ntjaiban:<\/strong> A nagy sebess\u00e9ggel val\u00f3 halad\u00e1s eset\u00e9n minim\u00e1lisra cs\u00f6kkenti a v\u00e1szon vibr\u00e1l\u00e1s\u00e1t, n\u00f6velve ez\u00e1ltal a ponyva hasznos \u00e9lettartam\u00e1t.<\/li>\n<li><strong>A v\u00e1szon bels\u0151 cs\u00f6vei \u00e9s szalagjai:<\/strong> Standard kivitel cs\u00f6vekkel, de ha a nagy terjedelemn\u00e9l a rakom\u00e1ny t\u00falny\u00falik azoldalfal szintj\u00e9n, a cs\u00f6vek helyett a szalagok haszn\u00e1lat\u00e1t javasoljuk h\u00e1tfalt\u00f3l az ajt\u00f3ig. Ezen megold\u00e1s tov\u00e1bbi el\u0151nye, hogy az elh\u00faz\u00e1sn\u00e1l kevesebb helyet foglal.<\/li>\n<\/ul>\n<\/div><\/section><\/div><\/div><!--close column table wrapper. Autoclose: 1 --><\/p>\n<\/div><\/div>\n<style type=\"text\/css\" data-created_by=\"avia_inline_auto\" id=\"style-css-av-jlm2pqbk-6543bc6a7fd935f5ee75bb4e07aeb4ae\">\n.flex_cell.av-jlm2pqbk-6543bc6a7fd935f5ee75bb4e07aeb4ae{\nvertical-align:top;\nbackground:url(https:\/\/tisvol.com\/wp-content\/uploads\/2019\/04\/tisvol-todos-modelos-toldos-toldo-al-lateral-1.jpg) 50% 100% no-repeat scroll ;\n}\n.responsive #top #wrap_all .flex_cell.av-jlm2pqbk-6543bc6a7fd935f5ee75bb4e07aeb4ae{\npadding:30px 30px 30px 30px !important;\n}\n<\/style>\n<div class='flex_cell av-jlm2pqbk-6543bc6a7fd935f5ee75bb4e07aeb4ae av-gridrow-cell av_one_half no_margin  avia-builder-el-16  el_after_av_cell_one_half  avia-builder-el-last  appear-from-right content-align-top avia-full-stretch'  ><div class='flex_cell_inner'><\/div><\/div>\n<\/div>\n\n<style type=\"text\/css\" data-created_by=\"avia_inline_auto\" id=\"style-css-av-jtztr2z2-946c65ead092474a1f500d20d0952874\">\n.avia-section.av-jtztr2z2-946c65ead092474a1f500d20d0952874 .av-parallax .av-parallax-inner{\nbackground-repeat:no-repeat;\nbackground-image:url(https:\/\/tisvol.com\/wp-content\/uploads\/2019\/04\/tisvol-todos-modelos-toldos-toldo-al-lateral-2.jpg);\nbackground-position:50% 50%;\nbackground-attachment:scroll;\n}\n<\/style>\n<div id='av_section_3'  class='avia-section av-jtztr2z2-946c65ead092474a1f500d20d0952874 main_color avia-section-default avia-no-border-styling  avia-builder-el-17  el_after_av_layout_row  el_before_av_layout_row  avia-full-stretch av-parallax-section avia-bg-style-parallax av-minimum-height av-minimum-height-custom av-height-custom  container_wrap sidebar_right'  data-section-bg-repeat='stretch' data-av_minimum_height_px='420'><div class='av-parallax' data-avia-parallax-ratio='0.3' ><div class='av-parallax-inner main_color avia-full-stretch'><\/div><\/div><div class='container av-section-cont-open' style='height:420px'><div class='template-page content  av-content-small alpha units'><div class='post-entry post-entry-type-page post-entry-15498'><div class='entry-content-wrapper clearfix'>\n<\/div><\/div><\/div><!-- close content main div --><\/div><\/div><div id='toldo-corredero'  class='av-layout-grid-container av-jki7ho5e-93930c02f8e421f4855889cc99f9e620 entry-content-wrapper main_color av-flex-cells  avia-builder-el-18  el_after_av_section  el_before_av_section  seccion-contenido-scroll gradient-half-white-to-grey animation-element av-cell-min-height av-cell-min-height-100 grid-row-not-first  container_wrap sidebar_right'   data-av_minimum_height_pc='100'>\n\n<style type=\"text\/css\" data-created_by=\"avia_inline_auto\" id=\"style-css-av-2tgmqz-ddd2065bf4a5b3202237111831834de0\">\n.flex_cell.av-2tgmqz-ddd2065bf4a5b3202237111831834de0{\nvertical-align:middle;\nbackground:url(https:\/\/tisvol.com\/wp-content\/uploads\/2019\/04\/tisvol-todos-modelos-toldos-toldo-guias-2.jpg) 50% 100% no-repeat scroll ;\n}\n.responsive #top #wrap_all .flex_cell.av-2tgmqz-ddd2065bf4a5b3202237111831834de0{\npadding:5% 5% 5% 5% !important;\n}\n<\/style>\n<div class='flex_cell av-2tgmqz-ddd2065bf4a5b3202237111831834de0 av-gridrow-cell av_one_half no_margin  avia-builder-el-19  el_before_av_cell_one_half  avia-builder-el-first  appear-from-left content-align-middle avia-full-stretch'  ><div class='flex_cell_inner'><\/div><\/div>\n<style type=\"text\/css\" data-created_by=\"avia_inline_auto\" id=\"style-css-av-319erv-ad734d3b6618450f50f6b903e6b8b831\">\n.flex_cell.av-319erv-ad734d3b6618450f50f6b903e6b8b831{\nvertical-align:middle;\n}\n.responsive #top #wrap_all .flex_cell.av-319erv-ad734d3b6618450f50f6b903e6b8b831{\npadding:5% 5% 5% 5% !important;\n}\n<\/style>\n<div class='flex_cell av-319erv-ad734d3b6618450f50f6b903e6b8b831 av-gridrow-cell av_one_half no_margin  avia-builder-el-20  el_after_av_cell_one_half  avia-builder-el-last  content-align-middle'  ><div class='flex_cell_inner'><p>\n<style type=\"text\/css\" data-created_by=\"avia_inline_auto\" id=\"style-css-av-3zju-145d3415bf1af0d4ace47e43151cd95a\">\n.flex_column.av-3zju-145d3415bf1af0d4ace47e43151cd95a{\nborder-radius:0px 0px 0px 0px;\npadding:0px 0px 0px 0px;\n}\n<\/style>\n<div  class='flex_column av-3zju-145d3415bf1af0d4ace47e43151cd95a av_four_fifth  avia-builder-el-21  el_before_av_one_fifth  avia-builder-el-first  animation-element first flex_column_div av-zero-column-padding  '     ><section  class='av_textblock_section av-jjzijvlr-ee8beee1f925de83bae751ed1fa0b06e '   itemscope=\"itemscope\" itemtype=\"https:\/\/schema.org\/CreativeWork\" ><div class='avia_textblock especificaciones appear-from-right'  itemprop=\"text\" ><h3>CS\u00daSZ\u00d3PONYVA<\/h3>\n<p><strong>A legbiztons\u00e1gosabb megold\u00e1s<\/strong><\/p>\n<p>Ez az a ponyv\u00e1z\u00e1si megold\u00e1s, ahol a felhaszn\u00e1l\u00f3nak nem kell a magasban dolgoznia. Ez a legbiztons\u00e1gosabb megold\u00e1s, mind k\u00e9zi, mind pedig elektromos v\u00e1ltozatban.<\/p>\n<ul>\n<li><strong>A v\u00e1szon vastags\u00e1ga:<\/strong> A v\u00e1szon ellen\u00e1ll\u00e1s\u00e1n\u00e1l alapvet\u0151 t\u00e9nyez\u0151 a vastags\u00e1g \u00e9s a rugalmass\u00e1g. A t\u00falzott merevs\u00e9g a f\u00e1radts\u00e1g miatt reped\u00e9seket okoz, a nagyon alacsony s\u0171r\u0171s\u00e9g pedig cs\u00f6kkenti az id\u0151j\u00e1r\u00e1ssal, leveg\u0151vel \u00e9s v\u00edzzel szembeni ellen\u00e1ll\u00e1s\u00e1t. Ez\u00e9rt a Tisvol \u00f6sszet\u00e9tel\u00e9ben az optim\u00e1lis s\u0171r\u0171s\u00e9get alkalmazzuk: 640 g\/m2<\/li>\n<li><strong>T\u0171z\u00e1ll\u00f3 v\u00e1szon:<\/strong> Az ADR normat\u00edv\u00e1nak val\u00f3 megfelel\u00e9s ett\u0151l a t\u00e9nyez\u0151t\u0151l f\u00fcgg. Teh\u00e1t rendelkez\u00e9sre \u00e1ll a Tisvol katal\u00f3gus\u00e1ban.<\/li>\n<li><strong>A Tisvol cs\u00fasz\u00f3ponyv\u00e1k \u00edvelts\u00e9ge:<\/strong> 400 mm-es magass\u00e1g a sarok\u00edvekn\u00e9l \u00e9s 480 mm-es magass\u00e1g a barakk legmagasabb pontj\u00e1n, az \u00edvek k\u00f6zep\u00e9n. Az \u00edgy keletkezett lejt\u00e9s er\u0151s es\u0151 eset\u00e9n megakad\u00e1lyozza a v\u00edzt\u00f3cs\u00e1k kialakul\u00e1s\u00e1t.<\/li>\n<li><strong>H\u00e1tfal kialak\u00edt\u00e1sa cs\u00fasz\u00f3ponyva eset\u00e9n:<\/strong> A ponyv\u00e1t egy m\u00e1sik j\u00e1rm\u0171re szeretn\u00e9 felszerelni. A tervez\u00e9si f\u00e1zist\u00f3l kezd\u0151d\u0151en figyelembe vessz\u00fck az \u00f6sszes alkatr\u00e9szt, melyeket a j\u00f6v\u0151ben a h\u00e1tfalhoz szeretn\u00e9nek igaz\u00edtani \u00e9s ez\u00e1ltal lehet\u0151v\u00e9 tessz\u00fck a b\u00e1rmilyen ponyv\u00e1hoz val\u00f3 alkalmazkod\u00e1st.<\/li>\n<li><strong>A Tisvol cs\u00fasz\u00f3ponyv\u00e1k h\u00e1ts\u00f3 f\u00fcgg\u00f6ny\u00e9nek elh\u00faz\u00e1sa:<\/strong> V\u00e1laszthat\u00f3 k\u00e9zi, f\u00e9lautomata (automata elh\u00faz\u00e1s \u00e9s k\u00e9zi beh\u00faz\u00e1s) vagy teljesen automata.<\/li>\n<li><strong>A Tisvol cs\u00fasz\u00f3ponyva minden \u00edve inox alap\u00fa.<\/strong> Maxim\u00e1lis v\u00e9delem a rozsd\u00e1sod\u00e1s megel\u0151z\u00e9s\u00e9re, mely k\u00f6zvetlen hat\u00e1ssal van a ponyv\u00e1k s\u00ednen val\u00f3 mozg\u00e1s\u00e1ra.<\/li>\n<li><strong>A Tisvol cs\u00fasz\u00f3ponyva utols\u00f3 \u00edv\u00e9ben l\u00e9v\u0151 h\u00e1rmas t\u00e1rcs\u00e1val ell\u00e1tott alap:<\/strong> Nagyobb stabilit\u00e1s a s\u00ednen val\u00f3 cs\u00fasz\u00e1skor.<\/li>\n<li><strong>Bimet\u00e1l s\u00ednek:<\/strong> A ponyva akad\u00e1lymentesen cs\u00faszik. Az alum\u00ednium k\u00fcls\u0151 profil \u00fagy van kialak\u00edtva, hogy ne ker\u00fclj\u00f6n szennyez\u0151d\u00e9s a s\u00ednre \u00e9s a k\u00f6z\u00e9ps\u0151 ac\u00e9lkialak\u00edt\u00e1s biztos\u00edtja a t\u00e1rcs\u00e1k t\u00f6k\u00e9letes cs\u00fasz\u00e1s\u00e1t.<\/li>\n<li>A cs\u0151 lehet\u0151v\u00e9 teszi a Tisvol elektromosmotor-k\u00e1bel\u00e9nek vezet\u00e9s\u00e9t: S\u00ednk\u00e9nt szolg\u00e1l \u00e9s v\u00e9delmet ny\u00fajt a k\u00e1beleknek \u00e9s maxim\u00e1lis megb\u00edzhat\u00f3s\u00e1got biztos\u00edt.<\/li>\n<li><strong>Cs\u00fasz\u00f3ponyv\u00e1k bels\u0151 szalaggal:<\/strong> Ez az \u00fajdons\u00e1g biztos\u00edtja a v\u00e1szon kifel\u00e9 t\u00f6rt\u00e9n\u0151 megfelel\u0151 kih\u00faz\u00e1s\u00e1t \u00e9s a gy\u0171r\u0151s\u00e9dek elker\u00fcl\u00e9se \u00e1ltal n\u00f6veli az \u00e9lettartam\u00e1t.<\/li>\n<li><strong>A k\u00e9zi cs\u00fasz\u00f3ponyv\u00e1k m\u0171k\u00f6dtet\u00e9se:<\/strong> A dupla reduktor sokkal k\u00e9nyelmesebb\u00e9 teszi a m\u0171k\u00f6dtet\u00e9st \u00e9s biztos\u00edtja, hogy a v\u00e1szon mindig feszes legyen. Azonban a l\u00e1nc is rendelkez\u00e9sre \u00e1ll, ha ink\u00e1bb ezt v\u00e1lasztan\u00e1.<\/li>\n<li><strong>H\u00e1tfal-l\u00e9tra:<\/strong> Biztos\u00edtja a cs\u00fasz\u00f3ponyv\u00e1hoz val\u00f3 egyszer\u0171 hozz\u00e1f\u00e9r\u00e9st. Javasolt a l\u00e9tra beszerel\u00e9se a h\u00e1tfalra. K\u00e9tf\u00e9le verzi\u00f3 l\u00e9tezik: felhajthat\u00f3 vagy r\u00f6gz\u00edtett.<\/li>\n<li>Az alum\u00edniumb\u00f3l k\u00e9sz\u00fclt billen\u0151s j\u00e1rm\u0171vek gy\u00e1rt\u00f3jak\u00e9nt rendelkez\u00fcnk az olasz gy\u00e1rt\u00f3, Cramora minden ponyv\u00e1z\u00e1si megold\u00e1s\u00e1val.<\/li>\n<\/ul>\n<\/div><\/section><\/div>\n<style type=\"text\/css\" data-created_by=\"avia_inline_auto\" id=\"style-css-av-3zju-2af8bf1333612825808cfcefd4e392d9\">\n.flex_column.av-3zju-2af8bf1333612825808cfcefd4e392d9{\nborder-radius:0px 0px 0px 0px;\npadding:0px 0px 0px 0px;\n}\n<\/style>\n<div  class='flex_column av-3zju-2af8bf1333612825808cfcefd4e392d9 av_one_fifth  avia-builder-el-23  el_after_av_four_fifth  avia-builder-el-last  animation-element flex_column_div av-zero-column-padding  '     ><\/div><\/p>\n<\/div><\/div>\n<\/div>\n\n<style type=\"text\/css\" data-created_by=\"avia_inline_auto\" id=\"style-css-av-jtztr2z2-f5f574ce004fe7656ba7493ddfdad1f2\">\n.avia-section.av-jtztr2z2-f5f574ce004fe7656ba7493ddfdad1f2 .av-parallax .av-parallax-inner{\nbackground-repeat:no-repeat;\nbackground-image:url(https:\/\/tisvol.com\/wp-content\/uploads\/2019\/04\/tisvol-todos-modelos-toldos-toldo-guias-1.jpg);\nbackground-position:50% 50%;\nbackground-attachment:scroll;\n}\n<\/style>\n<div id='av_section_4'  class='avia-section av-jtztr2z2-f5f574ce004fe7656ba7493ddfdad1f2 main_color avia-section-default avia-no-border-styling  avia-builder-el-24  el_after_av_layout_row  avia-builder-el-last  avia-full-stretch av-parallax-section avia-bg-style-parallax av-minimum-height av-minimum-height-custom av-height-custom  container_wrap sidebar_right'  data-section-bg-repeat='stretch' data-av_minimum_height_px='420'><div class='av-parallax' data-avia-parallax-ratio='0.3' ><div class='av-parallax-inner main_color avia-full-stretch'><\/div><\/div><div class='container av-section-cont-open' style='height:420px'><div class='template-page content  av-content-small alpha units'><div class='post-entry post-entry-type-page post-entry-15498'><div class='entry-content-wrapper clearfix'><\/div><\/div><\/div><!-- close content main div --><\/div><\/div><div id='after_section_4'  class='main_color av_default_container_wrap container_wrap sidebar_right'  ><div class='container av-section-cont-open' ><div class='template-page content  av-content-small alpha units'><div class='post-entry post-entry-type-page post-entry-15498'><div class='entry-content-wrapper clearfix'>\n","protected":false},"excerpt":{"rendered":"","protected":false},"author":1,"featured_media":0,"parent":15255,"menu_order":0,"comment_status":"closed","ping_status":"closed","template":"","meta":{"_acf_changed":false,"footnotes":""},"class_list":["post-15498","page","type-page","status-publish","hentry"],"acf":[],"_links":{"self":[{"href":"https:\/\/tisvol.com\/hu\/wp-json\/wp\/v2\/pages\/15498","targetHints":{"allow":["GET"]}}],"collection":[{"href":"https:\/\/tisvol.com\/hu\/wp-json\/wp\/v2\/pages"}],"about":[{"href":"https:\/\/tisvol.com\/hu\/wp-json\/wp\/v2\/types\/page"}],"author":[{"embeddable":true,"href":"https:\/\/tisvol.com\/hu\/wp-json\/wp\/v2\/users\/1"}],"replies":[{"embeddable":true,"href":"https:\/\/tisvol.com\/hu\/wp-json\/wp\/v2\/comments?post=15498"}],"version-history":[{"count":0,"href":"https:\/\/tisvol.com\/hu\/wp-json\/wp\/v2\/pages\/15498\/revisions"}],"up":[{"embeddable":true,"href":"https:\/\/tisvol.com\/hu\/wp-json\/wp\/v2\/pages\/15255"}],"wp:attachment":[{"href":"https:\/\/tisvol.com\/hu\/wp-json\/wp\/v2\/media?parent=15498"}],"curies":[{"name":"wp","href":"https:\/\/api.w.org\/{rel}","templated":true}]}}