{"id":15360,"date":"2018-07-24T11:27:50","date_gmt":"2018-07-24T11:27:50","guid":{"rendered":"https:\/\/tisvol.com\/hogyan-keszul\/aluminio\/"},"modified":"2019-09-17T09:15:03","modified_gmt":"2019-09-17T09:15:03","slug":"aluminium","status":"publish","type":"page","link":"https:\/\/tisvol.com\/hu\/hogyan-keszul\/aluminium\/","title":{"rendered":"Alum\u00ednium"},"content":{"rendered":"\n<style type=\"text\/css\" data-created_by=\"avia_inline_auto\" id=\"style-css-av-33yw-fe4ace012c6b9c696b8bb8b31f28441a\">\n.avia-section.av-33yw-fe4ace012c6b9c696b8bb8b31f28441a{\nbackground-color:#ffffff;\nbackground-image:unset;\n}\n<\/style>\n<div id='tisvol-tagline'  class='avia-section av-33yw-fe4ace012c6b9c696b8bb8b31f28441a main_color avia-section-default avia-no-border-styling  avia-builder-el-0  el_before_av_section  avia-builder-el-first  avia-bg-style-scroll container_wrap sidebar_right'  ><div class='container av-section-cont-open' ><main  role=\"main\" itemprop=\"mainContentOfPage\"  class='template-page content  av-content-small alpha units'><div class='post-entry post-entry-type-page post-entry-15360'><div class='entry-content-wrapper clearfix'>\n<section  class='av_textblock_section av-jj8pzx7e-f58ee2657ad4a3ea48b2f1ff7d628b0b '   itemscope=\"itemscope\" itemtype=\"https:\/\/schema.org\/CreativeWork\" ><div class='avia_textblock'  itemprop=\"text\" ><h3 style=\"text-align: center;\">Powered by Superior Quality<\/h3>\n<\/div><\/section>\n\n<\/div><\/div><\/main><!-- close content main element --><\/div><\/div>\n<style type=\"text\/css\" data-created_by=\"avia_inline_auto\" id=\"style-css-av-jsei95pk-16453e14d02669cd74440f030554466c\">\n.avia-section.av-jsei95pk-16453e14d02669cd74440f030554466c{\nbackground-color:rgba(0,0,0,0.76);\nbackground-image:url(https:\/\/tisvol.com\/wp-content\/uploads\/2019\/05\/FONDO-ALU-1.jpg);\nbackground-repeat:no-repeat;\nbackground-position:50% 50%;\nbackground-attachment:scroll;\n}\n.avia-section.av-jsei95pk-16453e14d02669cd74440f030554466c .av-section-color-overlay{\nopacity:0.5;\nbackground-color:#777777;\n}\n<\/style>\n<div id='av_section_2'  class='avia-section av-jsei95pk-16453e14d02669cd74440f030554466c main_color avia-section-large avia-no-border-styling  avia-builder-el-2  el_after_av_section  el_before_av_section  avia-full-stretch avia-bg-style-scroll av-section-color-overlay-active av-minimum-height av-minimum-height-75 av-height-75  container_wrap sidebar_right'  data-section-bg-repeat='stretch' data-av_minimum_height_pc='75' data-av_min_height_opt='75'><div class=\"av-section-color-overlay-wrap\"><div class=\"av-section-color-overlay\"><\/div><div class='container av-section-cont-open' ><div class='template-page content  av-content-small alpha units'><div class='post-entry post-entry-type-page post-entry-15360'><div class='entry-content-wrapper clearfix'>\n\n<style type=\"text\/css\" data-created_by=\"avia_inline_auto\" id=\"style-css-av-4p5m5k-3dbd6fe4d6ef4273dc2cfefe28d50e32\">\n.flex_column.av-4p5m5k-3dbd6fe4d6ef4273dc2cfefe28d50e32{\nborder-radius:0px 0px 0px 0px;\npadding:0px 0px 0px 0px;\n}\n<\/style>\n<div  class='flex_column av-4p5m5k-3dbd6fe4d6ef4273dc2cfefe28d50e32 av_three_fourth  avia-builder-el-3  el_before_av_one_fourth  avia-builder-el-first  animation-element first flex_column_div av-zero-column-padding  '     ><style type=\"text\/css\" data-created_by=\"avia_inline_auto\" id=\"style-css-av-jj8rms6q-0ace5a6ff95aee75cbff9e9923c598c9\">\n#top .av_textblock_section.av-jj8rms6q-0ace5a6ff95aee75cbff9e9923c598c9 .avia_textblock{\nfont-size:20px;\ncolor:#ffffff;\n}\n<\/style>\n<section  class='av_textblock_section av-jj8rms6q-0ace5a6ff95aee75cbff9e9923c598c9 '   itemscope=\"itemscope\" itemtype=\"https:\/\/schema.org\/CreativeWork\" ><div class='avia_textblock av_inherit_color'  itemprop=\"text\" ><h2 class=\"titular-principal\">ALUM\u00cdNIUM<\/h2>\n<h4><span class=\"gradient-text-white\">A Tisvol l\u00e9nyegi eleme<\/span><\/h4>\n<\/div><\/section><br \/>\n\n<style type=\"text\/css\" data-created_by=\"avia_inline_auto\" id=\"style-css-av-jseinx9j-f1d16525a1dd5ee02b777298b51b00ab\">\n#top .hr.hr-invisible.av-jseinx9j-f1d16525a1dd5ee02b777298b51b00ab{\nheight:30px;\n}\n<\/style>\n<div  class='hr av-jseinx9j-f1d16525a1dd5ee02b777298b51b00ab hr-invisible  avia-builder-el-5  el_after_av_textblock  el_before_av_textblock '><span class='hr-inner '><span class=\"hr-inner-style\"><\/span><\/span><\/div><br \/>\n\n<style type=\"text\/css\" data-created_by=\"avia_inline_auto\" id=\"style-css-av-jjzijvlr-c7fa8bfb5aca74b19a8db2535c7d7034\">\n#top .av_textblock_section.av-jjzijvlr-c7fa8bfb5aca74b19a8db2535c7d7034 .avia_textblock{\ncolor:#e8e8e8;\n}\n<\/style>\n<section  class='av_textblock_section av-jjzijvlr-c7fa8bfb5aca74b19a8db2535c7d7034 '   itemscope=\"itemscope\" itemtype=\"https:\/\/schema.org\/CreativeWork\" ><div class='avia_textblock especificaciones appear-from-bottom av_inherit_color'  itemprop=\"text\" ><h3 class=\"gradient-text\">22%-kal kem\u00e9nyebb alum\u00ednium<\/h3>\n<p>A Tisvol billen\u0151s j\u00e1rm\u0171vek gy\u00e1rt\u00e1s\u00e1n\u00e1l mindig a piacon el\u00e9rhet\u0151 legjobb min\u0151s\u00e9g\u0171 anyagot haszn\u00e1ljuk.<\/p>\n<h3 class=\"gradient-text\">Minden egyes alum\u00ednium-besz\u00e1ll\u00edtm\u00e1nynak ellen\u0151rizz\u00fck a kem\u00e9nys\u00e9g\u00e9t<\/h3>\n<p>Meg kell gy\u0151z\u0151dn\u00fcnk arr\u00f3l, hogy megfeleljen az optim\u00e1lis kem\u00e9nys\u00e9g min\u0151s\u00e9g\u00e9nek.<\/p>\n<h3 class=\"gradient-text\">A nyomonk\u00f6vethet\u0151s\u00e9g \u00e9s a dokument\u00e1ci\u00f3s folyamat<\/h3>\n<p>A Tisvoln\u00e1l tiszt\u00e1ban vagyunk azzal, hogy a j\u00e1rm\u0171gy\u00e1rt\u00e1s t\u00f6bbet jelent a j\u00e1rm\u0171 legy\u00e1rt\u00e1s\u00e1n\u00e1l. Ez\u00e9rt minden anyag nyomonk\u00f6vethet\u0151s\u00e9ge kiemelt fontoss\u00e1g\u00fa sz\u00e1munkra: annak ismerete, hogy az egyes egys\u00e9gek milyen anyagokb\u00f3l, mely szem\u00e9lyek \u00e9s robotok \u00e1ltal k\u00e9sz\u00fcltek, biztons\u00e1got jelent arra, hogy k\u00e9pesek vagyunk el\u0151revet\u00edteni a korrekci\u00f3s int\u00e9zked\u00e9seket. Az \u00faj megb\u00edz\u00e1s j\u00f3v\u00e1hagy\u00e1s\u00e1t\u00f3l a j\u00e1rm\u0171 \u00e1tad\u00e1s\u00e1ig a Tisvolban minden egyes l\u00e9p\u00e9st dokument\u00e1lunk, ez\u00e1ltal t\u00e1mogatva az \u00f6sszes \u00e9rintett folyamatot.<\/p>\n<h3 class=\"gradient-text\">Hegeszt\u00e9s n\u00e9lk\u00fcl<\/h3>\n<p>A 11\u00a0500 mm-n\u00e9l kisebb m\u00e9retek eset\u00e9ben a padozat egyetlenegy darabb\u00f3l \u00e1ll.<\/p>\n<h3 class=\"gradient-text\">Billen\u0151s j\u00e1rm\u0171veink a legjobb nyersanyagokat tartalmazz\u00e1k<\/h3>\n<p>Mind a lemezekn\u00e9l, mind pedig a t\u00e1rcs\u00e1kn\u00e1l garant\u00e1ljuk a legjobb alum\u00edniumot. Costellium, Hydro, Alcoa &#8230; A Tisvol \u00e1ltal haszn\u00e1lt minden anyag tan\u00fas\u00edtv\u00e1nnyal rendelkezik, \u00e9s \u00e9rt\u00e9kei mindig magasabbak, mint a szabv\u00e1nyban el\u0151\u00edrtak. A strat\u00e9giai besz\u00e1ll\u00edt\u00f3k kiv\u00e1laszt\u00e1sa l\u00e9tfontoss\u00e1g\u00fa, mivel a siker egy r\u00e9sze rajtuk m\u00falik. Ez\u00e9rt az \u00e1ltalunk k\u00e9pviselt \u00e9rt\u00e9kek alapj\u00e1n v\u00e1lasztjuk ki \u0151ket: megb\u00edzhat\u00f3s\u00e1g, min\u0151s\u00e9g, tart\u00f3ss\u00e1g, tapasztalat, nemzetk\u00f6zi lefedetts\u00e9g \u00e9s preszt\u00edzs.<\/p>\n<\/div><\/section><\/p><\/div>\n<style type=\"text\/css\" data-created_by=\"avia_inline_auto\" id=\"style-css-av-22s720-79292b08e6c340448b51653641dd66d5\">\n.flex_column.av-22s720-79292b08e6c340448b51653641dd66d5{\nborder-radius:0px 0px 0px 0px;\npadding:0px 0px 0px 0px;\n}\n<\/style>\n<div  class='flex_column av-22s720-79292b08e6c340448b51653641dd66d5 av_one_fourth  avia-builder-el-7  el_after_av_three_fourth  avia-builder-el-last  flex_column_div av-zero-column-padding  '     ><\/div><\/div><\/div><\/div><!-- close content main div --><\/div><\/div><\/div>\n<style type=\"text\/css\" data-created_by=\"avia_inline_auto\" id=\"style-css-av-9o9nuz-be629507dd5d0093597bf5a188afe8ab\">\n.avia-section.av-9o9nuz-be629507dd5d0093597bf5a188afe8ab{\nbackground-repeat:no-repeat;\nbackground-image:url(https:\/\/tisvol.com\/wp-content\/uploads\/2018\/07\/tisvol-como-se-hace-bg.jpg);\nbackground-position:50% 50%;\nbackground-attachment:scroll;\n}\n.avia-section.av-9o9nuz-be629507dd5d0093597bf5a188afe8ab .av-section-color-overlay{\nopacity:0.9;\nbackground-color:#ffffff;\n}\n<\/style>\n<div id='como-se-construye-un-tisvol'  class='avia-section av-9o9nuz-be629507dd5d0093597bf5a188afe8ab main_color avia-section-default avia-no-border-styling  avia-builder-el-8  el_after_av_section  avia-builder-el-last  gradient-overlay avia-full-stretch avia-bg-style-scroll av-section-color-overlay-active container_wrap sidebar_right'  data-section-bg-repeat='stretch'><div class=\"av-section-color-overlay-wrap\"><div class=\"av-section-color-overlay\"><\/div><div class='container av-section-cont-open' ><div class='template-page content  av-content-small alpha units'><div class='post-entry post-entry-type-page post-entry-15360'><div class='entry-content-wrapper clearfix'>\n\n<style type=\"text\/css\" data-created_by=\"avia_inline_auto\" id=\"style-css-av-1uwf2z-2cc67e0256f80101e4014eae9c62c7c5\">\n.flex_column.av-1uwf2z-2cc67e0256f80101e4014eae9c62c7c5{\nborder-radius:0px 0px 0px 0px;\npadding:0px 0px 0px 0px;\n}\n<\/style>\n<div  class='flex_column av-1uwf2z-2cc67e0256f80101e4014eae9c62c7c5 av_one_fifth  avia-builder-el-9  el_before_av_three_fifth  avia-builder-el-first  first flex_column_div av-zero-column-padding  '     ><\/div>\n<style type=\"text\/css\" data-created_by=\"avia_inline_auto\" id=\"style-css-av-6tq6cb-898d1a5c296f34510c04e41945908418\">\n.flex_column.av-6tq6cb-898d1a5c296f34510c04e41945908418{\nborder-radius:0px 0px 0px 0px;\npadding:0px 0px 0px 0px;\n}\n<\/style>\n<div  class='flex_column av-6tq6cb-898d1a5c296f34510c04e41945908418 av_three_fifth  avia-builder-el-10  el_after_av_one_fifth  avia-builder-el-last  flex_column_div av-zero-column-padding  '     ><section  class='av_textblock_section av-jk0tw2iq-c9a83e4542c117f1c04fa5974a1634f8 '   itemscope=\"itemscope\" itemtype=\"https:\/\/schema.org\/CreativeWork\" ><div class='avia_textblock'  itemprop=\"text\" ><div class=\"tisvol-diagonal\">\n<div><\/div>\n<\/div>\n<h3 class=\"titular-estandar\" style=\"text-align: center;\">HOGYAN K\u00c9SZ\u00dcL A TISVOL<\/h3>\n<div class=\"tisvol-diagonal\">\n<div><\/div>\n<\/div>\n<\/div><\/section><br \/>\n<section  class='av_textblock_section av-jk0tw2iq-c9a83e4542c117f1c04fa5974a1634f8 '   itemscope=\"itemscope\" itemtype=\"https:\/\/schema.org\/CreativeWork\" ><div class='avia_textblock'  itemprop=\"text\" ><p style=\"text-align: center;\">A Tisvol el\u0151\u00e1ll\u00edt\u00e1si folyamata t\u00f6bb mint 40 robotot tartalmaz, melyek a gy\u00e1rt\u00e1si folyamat r\u00e9sz\u00e9t k\u00e9pezik. Egys\u00e9genk\u00e9nt t\u00f6bb mint 4 km hegeszt\u00e9s \u00e9s t\u00f6bb mint 1000 csavar ker\u00fcl felhaszn\u00e1l\u00e1sra.<\/p>\n<p style=\"text-align: center;\">A hegeszt\u00e9si folyamat t\u00f6bb mint 85%-a az \u00f6sszes illeszt\u00e9sn\u00e9l automatikus annak \u00e9rdek\u00e9ben, hogy olyan maxim\u00e1lis min\u0151s\u00e9get \u00e9s garanci\u00e1t tudjunk ny\u00fajtani, mely a k\u00e9zi elj\u00e1r\u00e1ssal nem biztos\u00edthat\u00f3 tart\u00f3san. A hegeszt\u0151\u00e1llom\u00e1sok a legmagasabb technol\u00f3gi\u00e1j\u00fa, 3 vagy 5 tengelyes CNC robotokkal vannak automatiz\u00e1lva.<\/p>\n<p style=\"text-align: center;\">Mindez az automatiz\u00e1lt \u00f6sszeszerel\u00e9s az alap\u00edt\u00f3k \u00e1lm\u00e1b\u00f3l, a vezet\u0151s\u00e9g v\u00edzi\u00f3j\u00e1b\u00f3l \u00e9s a Tisvolt alkot\u00f3 emberi csapat munk\u00e1j\u00e1b\u00f3l sz\u00e1rmazik, de nem szabad megfeledkezni a minden egyes j\u00e1rm\u0171 eset\u00e9ben alkalmazott k\u00e9zm\u0171vess\u00e9gr\u0151l, mely a sok \u00e9ves tapasztalattal rendelkez\u0151 szem\u00e9lyzet tud\u00e1s\u00e1b\u00f3l fakad. Fedezze fel, hogyan k\u00e9sz\u00fcl a Tisvol:<\/p>\n<p style=\"text-align: center;\">[<a style=\"color: #fff; text-decoration: underline;\" href=\"https:\/\/tisvol.com\/hu\/como-se-hace\/\">Tov\u00e1bbi inform\u00e1ci\u00f3 a Tisvol gy\u00e1rt\u00e1si rendszer\u00e9r\u0151l<\/a>]<\/p>\n<\/div><\/section><\/p><\/div>\n<\/div><\/div><\/div><!-- close content main div --><\/div><\/div><\/div><div id='after_section_3'  class='main_color av_default_container_wrap container_wrap sidebar_right'  ><div class='container av-section-cont-open' ><div class='template-page content  av-content-small alpha units'><div class='post-entry post-entry-type-page post-entry-15360'><div class='entry-content-wrapper clearfix'><\/p>\n","protected":false},"excerpt":{"rendered":"","protected":false},"author":1,"featured_media":0,"parent":15255,"menu_order":0,"comment_status":"closed","ping_status":"closed","template":"","meta":{"_acf_changed":false,"footnotes":""},"class_list":["post-15360","page","type-page","status-publish","hentry"],"acf":[],"_links":{"self":[{"href":"https:\/\/tisvol.com\/hu\/wp-json\/wp\/v2\/pages\/15360","targetHints":{"allow":["GET"]}}],"collection":[{"href":"https:\/\/tisvol.com\/hu\/wp-json\/wp\/v2\/pages"}],"about":[{"href":"https:\/\/tisvol.com\/hu\/wp-json\/wp\/v2\/types\/page"}],"author":[{"embeddable":true,"href":"https:\/\/tisvol.com\/hu\/wp-json\/wp\/v2\/users\/1"}],"replies":[{"embeddable":true,"href":"https:\/\/tisvol.com\/hu\/wp-json\/wp\/v2\/comments?post=15360"}],"version-history":[{"count":0,"href":"https:\/\/tisvol.com\/hu\/wp-json\/wp\/v2\/pages\/15360\/revisions"}],"up":[{"embeddable":true,"href":"https:\/\/tisvol.com\/hu\/wp-json\/wp\/v2\/pages\/15255"}],"wp:attachment":[{"href":"https:\/\/tisvol.com\/hu\/wp-json\/wp\/v2\/media?parent=15360"}],"curies":[{"name":"wp","href":"https:\/\/api.w.org\/{rel}","templated":true}]}}