{"id":15060,"date":"2018-07-25T10:02:24","date_gmt":"2018-07-25T08:02:24","guid":{"rendered":"https:\/\/tisvol.com\/multiplica-x-5\/"},"modified":"2026-01-22T12:22:22","modified_gmt":"2026-01-22T11:22:22","slug":"szorozza-meg-5-tel","status":"publish","type":"page","link":"https:\/\/tisvol.com\/hu\/szorozza-meg-5-tel\/","title":{"rendered":"SZOROZZA MEG 5-tel"},"content":{"rendered":"\n<style type=\"text\/css\" data-created_by=\"avia_inline_auto\" id=\"style-css-av-33yw-fe4ace012c6b9c696b8bb8b31f28441a\">\n.avia-section.av-33yw-fe4ace012c6b9c696b8bb8b31f28441a{\nbackground-color:#ffffff;\nbackground-image:unset;\n}\n<\/style>\n<div id='tisvol-tagline'  class='avia-section av-33yw-fe4ace012c6b9c696b8bb8b31f28441a main_color avia-section-default avia-no-border-styling  avia-builder-el-0  el_before_av_section  avia-builder-el-first  avia-bg-style-scroll container_wrap sidebar_right'  ><div class='container av-section-cont-open' ><main  role=\"main\" itemprop=\"mainContentOfPage\"  class='template-page content  av-content-small alpha units'><div class='post-entry post-entry-type-page post-entry-15060'><div class='entry-content-wrapper clearfix'>\n<section  class='av_textblock_section av-jj8pzx7e-f58ee2657ad4a3ea48b2f1ff7d628b0b '   itemscope=\"itemscope\" itemtype=\"https:\/\/schema.org\/CreativeWork\" ><div class='avia_textblock'  itemprop=\"text\" ><h3 style=\"text-align: center;\">Powered by Superior Quality<\/h3>\n<\/div><\/section>\n\n<\/div><\/div><\/main><!-- close content main element --><\/div><\/div><div id='multiplica-x-5'  class='avia-section av-72mlwa-ee0df76b88ba889975b68b365c618dae main_color avia-section-default avia-no-border-styling  avia-builder-el-2  el_after_av_section  el_before_av_video  gradient-half-white-to-grey animation-element avia-bg-style-scroll container_wrap sidebar_right'  ><div class='container av-section-cont-open' ><div class='template-page content  av-content-small alpha units'><div class='post-entry post-entry-type-page post-entry-15060'><div class='entry-content-wrapper clearfix'>\n<section  class='av_textblock_section av-jj8rms6q-e378de6f514244f1a118e0085a2fbc7d '   itemscope=\"itemscope\" itemtype=\"https:\/\/schema.org\/CreativeWork\" ><div class='avia_textblock'  itemprop=\"text\" ><div class=\"tisvol-diagonal\">\n<div><\/div>\n<\/div>\n<h2 class=\"titular-principal\" style=\"text-align: center;\">SZOROZZA MEG 5-tel<\/h2>\n<h4 class=\"subtitular-principal\" style=\"text-align: center;\">&#8211; EL TUDJA K\u00c9PZELNI, HOGY MINDEN J\u00d3T 5-TEL MEGSZOROZ? &#8211;<\/h4>\n<div class=\"tisvol-diagonal\">\n<div><\/div>\n<\/div>\n<\/div><\/section>\n<\/div><\/div><\/div><!-- close content main div --><\/div><\/div><div id='after_section_2'  class='main_color av_default_container_wrap container_wrap sidebar_right'  ><div class='container av-section-cont-open' ><div class='template-page content  av-content-small alpha units'><div class='post-entry post-entry-type-page post-entry-15060'><div class='entry-content-wrapper clearfix'>\n<div  class='avia-video av-av_video-ca7ed80e5ffeaeffa89531c4ff1fda77 avia-video-16-9 av-no-preview-image avia-video-load-always av-lazyload-immediate av-lazyload-video-embed'  itemprop=\"video\" itemtype=\"https:\/\/schema.org\/VideoObject\"  data-original_url='https:\/\/www.youtube.com\/watch?v=F4LnRPuM9J8'><script type='text\/html' class='av-video-tmpl'><div class='avia-iframe-wrap'><iframe loading=\"lazy\" title=\"MULTIPLICA X5 - TISVOL\" width=\"1500\" height=\"844\" src=\"https:\/\/www.youtube.com\/embed\/F4LnRPuM9J8?feature=oembed&autoplay=0&loop=0&controls=1&mute=0\" frameborder=\"0\" allow=\"accelerometer; autoplay; clipboard-write; encrypted-media; gyroscope; picture-in-picture; web-share\" referrerpolicy=\"strict-origin-when-cross-origin\" allowfullscreen><\/iframe><\/div><\/script><div class='av-click-to-play-overlay'><div class=\"avia_playpause_icon\"><\/div><\/div><\/div>\n<\/div><\/div><\/div><!-- close content main div --><\/div><\/div>\n<style type=\"text\/css\" data-created_by=\"avia_inline_auto\" id=\"style-css-av-jk0ym8s8-a63619e53f11d2963bdabfdfa7e44347\">\n.avia-section.av-jk0ym8s8-a63619e53f11d2963bdabfdfa7e44347{\nbackground-repeat:no-repeat;\nbackground-image:url(https:\/\/tisvol.com\/wp-content\/uploads\/2018\/07\/remolque.jpg);\nbackground-position:50% 50%;\nbackground-attachment:scroll;\n}\n<\/style>\n<div id='multiplica-xcinco'  class='avia-section av-jk0ym8s8-a63619e53f11d2963bdabfdfa7e44347 main_color avia-section-large avia-no-border-styling  avia-builder-el-5  el_after_av_video  avia-builder-el-last  avia-full-stretch avia-bg-style-scroll container_wrap sidebar_right'  data-section-bg-repeat='stretch'><div class='container av-section-cont-open' ><div class='template-page content  av-content-small alpha units'><div class='post-entry post-entry-type-page post-entry-15060'><div class='entry-content-wrapper clearfix'>\n\n<style type=\"text\/css\" data-created_by=\"avia_inline_auto\" id=\"style-css-av-5rsv62-2bb2f1444b809fbab6ba8a002a3513b8\">\n.flex_column.av-5rsv62-2bb2f1444b809fbab6ba8a002a3513b8{\nborder-radius:0px 0px 0px 0px;\npadding:0px 0px 0px 0px;\n}\n<\/style>\n<div  class='flex_column av-5rsv62-2bb2f1444b809fbab6ba8a002a3513b8 av_one_fourth  avia-builder-el-6  el_before_av_one_half  avia-builder-el-first  first flex_column_div av-zero-column-padding  '     ><\/div>\n<style type=\"text\/css\" data-created_by=\"avia_inline_auto\" id=\"style-css-av-3j8pay-9f805f201f9b2da03561c3a168aada8b\">\n.flex_column.av-3j8pay-9f805f201f9b2da03561c3a168aada8b{\nborder-radius:0px 0px 0px 0px;\npadding:0px 0px 0px 0px;\n}\n<\/style>\n<div  class='flex_column av-3j8pay-9f805f201f9b2da03561c3a168aada8b av_one_half  avia-builder-el-7  el_after_av_one_fourth  el_before_av_one_fourth  flex_column_div av-zero-column-padding  '     ><section  class='av_textblock_section av-jk0yl9ws-8934957031862679dce3df64191e5e06 '   itemscope=\"itemscope\" itemtype=\"https:\/\/schema.org\/CreativeWork\" ><div class='avia_textblock light-text-block'  itemprop=\"text\" ><h3 style=\"text-align: center;\">A Tisvol j\u00e1rm\u0171vek <strong>5 \u00e9ves garanci\u00e1val<\/strong> rendelkeznek.<\/h3>\n<p><img decoding=\"async\" class=\"size-medium wp-image-7278 aligncenter\" src=\"https:\/\/tisvol.com\/wp-content\/uploads\/2018\/07\/Tisvol-X5logo-white-300x171.png\" alt=\"\" width=\"300\" height=\"171\" srcset=\"https:\/\/tisvol.com\/wp-content\/uploads\/2018\/07\/Tisvol-X5logo-white-300x171.png 300w, https:\/\/tisvol.com\/wp-content\/uploads\/2018\/07\/Tisvol-X5logo-white-705x401.png 705w, https:\/\/tisvol.com\/wp-content\/uploads\/2018\/07\/Tisvol-X5logo-white-450x256.png 450w, https:\/\/tisvol.com\/wp-content\/uploads\/2018\/07\/Tisvol-X5logo-white.png 751w\" sizes=\"(max-width: 300px) 100vw, 300px\" \/><\/p>\n<h3 style=\"text-align: center;\"><span style=\"color: #e0e0e0;\">MEGB\u00cdZHAT\u00d3S\u00c1G<\/span><\/h3>\n<h3 class=\"landing-texto-interior\" style=\"text-align: center;\">Az 5 \u00e9ves garancia csak \u00fagy biztos\u00edthat\u00f3 a Tisvol valamennyi billen\u0151s szerkezet\u00e9re, hogy teljesen biztosak vagyunk j\u00e1rm\u0171veink megb\u00edzhat\u00f3s\u00e1g\u00e1ban.<\/h3>\n<h3 class=\"landing-texto-interior\" style=\"text-align: center;\">Kiz\u00e1r\u00f3lag a maxim\u00e1lis bizalom tudat\u00e1ban adhat\u00f3 ilyen sz\u00e9les garancia*.<\/h3>\n<p class=\"landing-legal\" style=\"text-align: center;\">*5 \u00e9v garancia az alv\u00e1z \u00e9s akarossz\u00e9ria szerkezet\u00e9re ut\u00e1n v\u00e1s\u00e1rolt Tisvol.<br \/>\nOlvassa el a felt\u00e9teleket a Garanci\u00e1lis \u00fatmutat\u00f3ban.<\/p>\n<\/div><\/section><\/div>\n<style type=\"text\/css\" data-created_by=\"avia_inline_auto\" id=\"style-css-av-2dunbu-e76f35ce9840275d949a1c13719acf8f\">\n.flex_column.av-2dunbu-e76f35ce9840275d949a1c13719acf8f{\nborder-radius:0px 0px 0px 0px;\npadding:0px 0px 0px 0px;\n}\n<\/style>\n<div  class='flex_column av-2dunbu-e76f35ce9840275d949a1c13719acf8f av_one_fourth  avia-builder-el-9  el_after_av_one_half  avia-builder-el-last  flex_column_div av-zero-column-padding  '     ><\/div>\n<\/div><\/div><\/div><!-- close content main div --><\/div><\/div><div id='after_section_3'  class='main_color av_default_container_wrap container_wrap sidebar_right'  ><div class='container av-section-cont-open' ><div class='template-page content  av-content-small alpha units'><div class='post-entry post-entry-type-page post-entry-15060'><div class='entry-content-wrapper clearfix'>\n","protected":false},"excerpt":{"rendered":"","protected":false},"author":1,"featured_media":0,"parent":0,"menu_order":0,"comment_status":"closed","ping_status":"closed","template":"","meta":{"_acf_changed":false,"footnotes":""},"class_list":["post-15060","page","type-page","status-publish","hentry"],"acf":[],"_links":{"self":[{"href":"https:\/\/tisvol.com\/hu\/wp-json\/wp\/v2\/pages\/15060","targetHints":{"allow":["GET"]}}],"collection":[{"href":"https:\/\/tisvol.com\/hu\/wp-json\/wp\/v2\/pages"}],"about":[{"href":"https:\/\/tisvol.com\/hu\/wp-json\/wp\/v2\/types\/page"}],"author":[{"embeddable":true,"href":"https:\/\/tisvol.com\/hu\/wp-json\/wp\/v2\/users\/1"}],"replies":[{"embeddable":true,"href":"https:\/\/tisvol.com\/hu\/wp-json\/wp\/v2\/comments?post=15060"}],"version-history":[{"count":1,"href":"https:\/\/tisvol.com\/hu\/wp-json\/wp\/v2\/pages\/15060\/revisions"}],"predecessor-version":[{"id":42609,"href":"https:\/\/tisvol.com\/hu\/wp-json\/wp\/v2\/pages\/15060\/revisions\/42609"}],"wp:attachment":[{"href":"https:\/\/tisvol.com\/hu\/wp-json\/wp\/v2\/media?parent=15060"}],"curies":[{"name":"wp","href":"https:\/\/api.w.org\/{rel}","templated":true}]}}