{"id":15058,"date":"2018-07-26T08:35:14","date_gmt":"2018-07-26T08:35:14","guid":{"rendered":"https:\/\/tisvol.com\/exclusividad\/"},"modified":"2019-09-17T11:59:56","modified_gmt":"2019-09-17T11:59:56","slug":"kizarolagossag","status":"publish","type":"page","link":"https:\/\/tisvol.com\/hu\/hogyan-keszul\/kizarolagossag\/","title":{"rendered":"Kiz\u00e1r\u00f3lagoss\u00e1g"},"content":{"rendered":"\n<style type=\"text\/css\" data-created_by=\"avia_inline_auto\" id=\"style-css-av-33yw-fe4ace012c6b9c696b8bb8b31f28441a\">\n.avia-section.av-33yw-fe4ace012c6b9c696b8bb8b31f28441a{\nbackground-color:#ffffff;\nbackground-image:unset;\n}\n<\/style>\n<div id='tisvol-tagline'  class='avia-section av-33yw-fe4ace012c6b9c696b8bb8b31f28441a main_color avia-section-default avia-no-border-styling  avia-builder-el-0  el_before_av_section  avia-builder-el-first  avia-bg-style-scroll container_wrap sidebar_right'  ><div class='container av-section-cont-open' ><main  role=\"main\" itemprop=\"mainContentOfPage\"  class='template-page content  av-content-small alpha units'><div class='post-entry post-entry-type-page post-entry-15058'><div class='entry-content-wrapper clearfix'>\n<section  class='av_textblock_section av-jj8pzx7e-f58ee2657ad4a3ea48b2f1ff7d628b0b '   itemscope=\"itemscope\" itemtype=\"https:\/\/schema.org\/CreativeWork\" ><div class='avia_textblock'  itemprop=\"text\" ><h3 style=\"text-align: center;\">Powered by Superior Quality<\/h3>\n<\/div><\/section>\n\n<\/div><\/div><\/main><!-- close content main element --><\/div><\/div>\n<style type=\"text\/css\" data-created_by=\"avia_inline_auto\" id=\"style-css-av-jjtt0w9i-923c8563fa211c8c13fec4480dd34108\">\n.avia-section.av-jjtt0w9i-923c8563fa211c8c13fec4480dd34108 .av-parallax .av-parallax-inner{\nbackground-repeat:no-repeat;\nbackground-image:url(https:\/\/tisvol.com\/wp-content\/uploads\/2019\/05\/dise\u00f1o.jpg);\nbackground-position:50% 0%;\nbackground-attachment:scroll;\n}\n.avia-section.av-jjtt0w9i-923c8563fa211c8c13fec4480dd34108 .av-section-color-overlay{\nopacity:0.7;\nbackground-color:#ffffff;\n}\n<\/style>\n<div id='av_section_2'  class='avia-section av-jjtt0w9i-923c8563fa211c8c13fec4480dd34108 main_color avia-section-default avia-no-border-styling  avia-builder-el-2  el_after_av_section  el_before_av_section  animation-element avia-full-stretch av-parallax-section avia-bg-style-parallax av-section-color-overlay-active av-minimum-height av-minimum-height-50 av-height-50  container_wrap sidebar_right'  data-section-bg-repeat='stretch' data-av_minimum_height_pc='50' data-av_min_height_opt='50'><div class='av-parallax' data-avia-parallax-ratio='0.3' ><div class='av-parallax-inner main_color avia-full-stretch'><\/div><\/div><div class=\"av-section-color-overlay-wrap\"><div class=\"av-section-color-overlay\"><\/div><div class='container av-section-cont-open' ><div class='template-page content  av-content-small alpha units'><div class='post-entry post-entry-type-page post-entry-15058'><div class='entry-content-wrapper clearfix'>\n\n<style type=\"text\/css\" data-created_by=\"avia_inline_auto\" id=\"style-css-av-6dptzv-7dfefcbb0a815d82fab84ae68ec74643\">\n.flex_column.av-6dptzv-7dfefcbb0a815d82fab84ae68ec74643{\nborder-radius:0px 0px 0px 0px;\npadding:0px 0px 0px 0px;\n}\n<\/style>\n<div  class='flex_column av-6dptzv-7dfefcbb0a815d82fab84ae68ec74643 av_one_fourth  avia-builder-el-3  el_before_av_one_half  avia-builder-el-first  first flex_column_div av-zero-column-padding  '     ><\/div>\n<style type=\"text\/css\" data-created_by=\"avia_inline_auto\" id=\"style-css-av-3ji4uz-74a3275799a6b3767de99ee31caf72a2\">\n.flex_column.av-3ji4uz-74a3275799a6b3767de99ee31caf72a2{\nborder-radius:0px 0px 0px 0px;\npadding:0px 0px 0px 0px;\n}\n<\/style>\n<div  class='flex_column av-3ji4uz-74a3275799a6b3767de99ee31caf72a2 av_one_half  avia-builder-el-4  el_after_av_one_fourth  el_before_av_one_fourth  flex_column_div av-zero-column-padding  '     ><section  class='av_textblock_section av-jj8rms6q-e378de6f514244f1a118e0085a2fbc7d '   itemscope=\"itemscope\" itemtype=\"https:\/\/schema.org\/CreativeWork\" ><div class='avia_textblock'  itemprop=\"text\" ><div class=\"tisvol-diagonal\">\n<div><\/div>\n<\/div>\n<h2 class=\"titular-principal\" style=\"text-align: center;\">KIZ\u00c1R\u00d3LAGOSS\u00c1G<\/h2>\n<h4 class=\"subtitular-principal\" style=\"text-align: center;\">&#8211; MI \u00cdGY TESZ\u00dcNK K\u00dcL\u00d6NBS\u00c9GET &#8211;<\/h4>\n<div class=\"tisvol-diagonal\">\n<div><\/div>\n<\/div>\n<\/div><\/section><br \/>\n<section  class='av_textblock_section av-jk2a2ljs-4eac413447efd74cd923542fbc3ef9fe '   itemscope=\"itemscope\" itemtype=\"https:\/\/schema.org\/CreativeWork\" ><div class='avia_textblock'  itemprop=\"text\" ><p style=\"text-align: center;\"><span style=\"font-weight: 400;\">Tudjuk, hogy a megb\u00edzhat\u00f3s\u00e1g, a k\u00f6nny\u0171s\u00e9g \u00e9s a gazdas\u00e1goss\u00e1g kulcsfontoss\u00e1g\u00fa t\u00e9nyez\u0151k azok sz\u00e1m\u00e1ra, akik megv\u00e1s\u00e1rolj\u00e1k billen\u0151s j\u00e1rm\u0171veinket. Ez\u00e9rt \u00fagy gy\u00e1rtottuk \u0151ket, hogy \u00fczembiztosak legyenek, maxim\u00e1lisan cs\u00f6kkentett\u00fck az \u00f6ns\u00falyt \u00e9s lehet\u0151v\u00e9 tett\u00fck a maxim\u00e1lis kihaszn\u00e1lts\u00e1got minden \u00fat sor\u00e1n.<\/span><\/p>\n<\/div><\/section><\/p><\/div>\n<style type=\"text\/css\" data-created_by=\"avia_inline_auto\" id=\"style-css-av-38697v-7afed35e48f3212abe71b0b6d2d78051\">\n.flex_column.av-38697v-7afed35e48f3212abe71b0b6d2d78051{\nborder-radius:0px 0px 0px 0px;\npadding:0px 0px 0px 0px;\n}\n<\/style>\n<div  class='flex_column av-38697v-7afed35e48f3212abe71b0b6d2d78051 av_one_fourth  avia-builder-el-7  el_after_av_one_half  avia-builder-el-last  flex_column_div av-zero-column-padding  '     ><\/div>\n\n<\/div><\/div><\/div><!-- close content main div --><\/div><\/div><\/div><div id='renovandonos'  class='avia-section av-jjgvfjza-d7029a59e2af802d8b04a24c6923a36a main_color avia-section-default avia-no-border-styling  avia-builder-el-8  el_after_av_section  el_before_av_submenu  gradient-grana border-top-fillet avia-bg-style-scroll av-minimum-height av-minimum-height-custom av-height-custom  container_wrap sidebar_right'   data-av_minimum_height_px='420'><div class='container av-section-cont-open' style='height:420px'><div class='template-page content  av-content-small alpha units'><div class='post-entry post-entry-type-page post-entry-15058'><div class='entry-content-wrapper clearfix'>\n\n<style type=\"text\/css\" data-created_by=\"avia_inline_auto\" id=\"style-css-av-5fsy-4f428072adb752bd4df234841250c4e6\">\n.flex_column.av-5fsy-4f428072adb752bd4df234841250c4e6{\nborder-radius:0px 0px 0px 0px;\npadding:0px 0px 0px 0px;\n}\n<\/style>\n<div  class='flex_column av-5fsy-4f428072adb752bd4df234841250c4e6 av_one_full  avia-builder-el-9  avia-builder-el-no-sibling  first flex_column_div av-zero-column-padding  '     ><section  class='av_textblock_section av-jj8rms6q-bd76de550ec01b29325c9bd44a0927a3 '   itemscope=\"itemscope\" itemtype=\"https:\/\/schema.org\/CreativeWork\" ><div class='avia_textblock somos-capaces'  itemprop=\"text\" ><p style=\"text-align: center;\">Csak maxim\u00e1lis min\u0151s\u00e9get k\u00edn\u00e1lunk<\/p>\n<\/div><\/section><\/div><\/div><\/div><\/div><!-- close content main div --><\/div><\/div><div id='sub_menu1'  class='av-submenu-container av-jqz6x91q-d7622458eff02305cba2ea0313b5a133 socket_color  avia-builder-el-11  el_after_av_section  el_before_av_section  submenu-not-first container_wrap sidebar_right' style='z-index:301' ><div class='container av-menu-mobile-disabled av-submenu-pos-center'><ul id='av-custom-submenu-1' class='av-subnav-menu' role='menu'>\n<li class='menu-item av-av_submenu_item-a85baf312e477501052ab7932959e629 menu-item-top-level menu-item-top-level-1' role='menuitem'><a href='#entrega'  ><span class='avia-bullet'><\/span><span class='avia-menu-text'>SZEM\u00c9LYES \u00c1TAD\u00c1S<\/span><\/a><\/li>\n<li class='menu-item av-av_submenu_item-98a429592cabaa8842337010d6fcbf72 menu-item-top-level menu-item-top-level-2' role='menuitem'><a href='#rentabilidad'  ><span class='avia-bullet'><\/span><span class='avia-menu-text'>A J\u00c1RM\u0170VEK GAZDAS\u00c1GOSS\u00c1GA<\/span><\/a><\/li>\n<\/ul><\/div><\/div><\/p>\n<div id='entrega'  class='avia-section av-5n1ed8-b9aab9c05beeb92bfbb2e0ce81fde6c9 main_color avia-section-default avia-no-border-styling  avia-builder-el-12  el_after_av_submenu  el_before_av_section  gradient-half-grey-to-white animation-element avia-bg-style-scroll container_wrap sidebar_right'  ><div class='container av-section-cont-open' ><div class='template-page content  av-content-small alpha units'><div class='post-entry post-entry-type-page post-entry-15058'><div class='entry-content-wrapper clearfix'>\n\n<style type=\"text\/css\" data-created_by=\"avia_inline_auto\" id=\"style-css-av-3ngo0s-d4d3ecade494bb31e0cf95ff0cbfbcb8\">\n.flex_column.av-3ngo0s-d4d3ecade494bb31e0cf95ff0cbfbcb8{\nborder-radius:0px 0px 0px 0px;\npadding:0px 0px 0px 0px;\n}\n<\/style>\n<div  class='flex_column av-3ngo0s-d4d3ecade494bb31e0cf95ff0cbfbcb8 av_one_fifth  avia-builder-el-13  el_before_av_three_fifth  avia-builder-el-first  first flex_column_div av-zero-column-padding  '     ><\/div>\n<style type=\"text\/css\" data-created_by=\"avia_inline_auto\" id=\"style-css-av-204e5o-7ccdd0d5b429fb843522f13a3101a4f9\">\n.flex_column.av-204e5o-7ccdd0d5b429fb843522f13a3101a4f9{\nborder-radius:0px 0px 0px 0px;\npadding:0px 0px 0px 0px;\n}\n<\/style>\n<div  class='flex_column av-204e5o-7ccdd0d5b429fb843522f13a3101a4f9 av_three_fifth  avia-builder-el-14  el_after_av_one_fifth  el_before_av_one_fifth  flex_column_div av-zero-column-padding  '     ><section  class='av_textblock_section av-jj8rms6q-e378de6f514244f1a118e0085a2fbc7d '   itemscope=\"itemscope\" itemtype=\"https:\/\/schema.org\/CreativeWork\" ><div class='avia_textblock'  itemprop=\"text\" ><div class=\"tisvol-diagonal\">\n<div><\/div>\n<\/div>\n<h2 class=\"titular-principal\" style=\"text-align: center;\">SZEM\u00c9LYES \u00c1TAD\u00c1S<\/h2>\n<h4 class=\"subtitular-principal\" style=\"text-align: center;\">&#8211; MUNK\u00c1RA K\u00c9SZ J\u00c1RM\u0170VEK &#8211;<\/h4>\n<div class=\"tisvol-diagonal\">\n<div><\/div>\n<\/div>\n<\/div><\/section><br \/>\n\n<style type=\"text\/css\" data-created_by=\"avia_inline_auto\" id=\"style-css-av-jk2a4832-c25b0ddef510354a7412e1cd9f41e8ba\">\n#top .hr.hr-invisible.av-jk2a4832-c25b0ddef510354a7412e1cd9f41e8ba{\nheight:30px;\n}\n<\/style>\n<div  class='hr av-jk2a4832-c25b0ddef510354a7412e1cd9f41e8ba hr-invisible  avia-builder-el-16  el_after_av_textblock  el_before_av_textblock '><span class='hr-inner '><span class=\"hr-inner-style\"><\/span><\/span><\/div><br \/>\n<section  class='av_textblock_section av-jk2a2ljs-5c0ae2f2e2a6ecc82f76207dc105127b '   itemscope=\"itemscope\" itemtype=\"https:\/\/schema.org\/CreativeWork\" ><div class='avia_textblock racional'  itemprop=\"text\" ><p style=\"text-align: center;\">A Tisvoln\u00e1l egy j\u00e1rm\u0171 akkor sz\u00e1m\u00edt k\u00e9sznek, <strong>amikor l\u00e9tes\u00edtm\u00e9ny\u00fcnkben szem\u00e9lyesen \u00e1tad\u00e1sra ker\u00fcl az \u00fcgyf\u00e9lnek.<\/strong><\/p>\n<\/div><\/section><br \/>\n<section  class='av_textblock_section av-jk2a2ljs-4eac413447efd74cd923542fbc3ef9fe '   itemscope=\"itemscope\" itemtype=\"https:\/\/schema.org\/CreativeWork\" ><div class='avia_textblock'  itemprop=\"text\" ><p style=\"text-align: center;\">Az \u00e1tad\u00e1s\u00e9rt felel\u0151s szem\u00e9lyzet elv\u00e9gzi az \u00faj j\u00e1rm\u0171vek szintez\u00e9s\u00e9t, billent\u00e9s\u00e9t \u00e9s a vontat\u00f3hoz val\u00f3 alkalmazkod\u00e1s\u00e1t annak \u00e9rdek\u00e9ben, hogy minden megfelel\u0151en m\u0171k\u00f6dj\u00f6n. Ez\u00e1ltal biztos\u00edtjuk, hogy amikor a j\u00e1rm\u0171 kigurul a kapun, teljes kapacit\u00e1ssal tudjon m\u0171k\u00f6dni. Elmagyar\u00e1zzuk az \u00fcgyf\u00e9lnek a billencs jellemz\u0151it, kit\u00e9rve a m\u0171k\u00f6d\u00e9ssel kapcsolatos lehets\u00e9ges k\u00e9ts\u00e9gekre. V\u00e9g\u00fcl \u00e1tadjuk a karbantart\u00e1si \u00fatmutat\u00f3t, dokument\u00e1ci\u00f3t \u00e9s a sz\u00fcks\u00e9ges tan\u00fas\u00edtv\u00e1nyokat.<\/p>\n<\/div><\/section><\/p><\/div>\n<style type=\"text\/css\" data-created_by=\"avia_inline_auto\" id=\"style-css-av-3ngo0s-c9d5b2ae7ab2a01cc4e04ecda23dd78e\">\n.flex_column.av-3ngo0s-c9d5b2ae7ab2a01cc4e04ecda23dd78e{\nborder-radius:0px 0px 0px 0px;\npadding:0px 0px 0px 0px;\n}\n<\/style>\n<div  class='flex_column av-3ngo0s-c9d5b2ae7ab2a01cc4e04ecda23dd78e av_one_fifth  avia-builder-el-19  el_after_av_three_fifth  avia-builder-el-last  flex_column_div av-zero-column-padding  '     ><\/div><\/div><\/div><\/div><!-- close content main div --><\/div><\/div>\n<style type=\"text\/css\" data-created_by=\"avia_inline_auto\" id=\"style-css-av-5n1ed8-a9e831acf32b030034ba50b9f2a10ec0\">\n.avia-section.av-5n1ed8-a9e831acf32b030034ba50b9f2a10ec0{\nbackground-repeat:no-repeat;\nbackground-image:url(https:\/\/tisvol.com\/wp-content\/uploads\/2019\/05\/rentabilidad.jpg);\nbackground-position:100% 50%;\nbackground-attachment:scroll;\n}\n.avia-section.av-5n1ed8-a9e831acf32b030034ba50b9f2a10ec0 .av-section-color-overlay{\nopacity:0.9;\nbackground-color:#ffffff;\n}\n<\/style>\n<div id='rentabilidad'  class='avia-section av-5n1ed8-a9e831acf32b030034ba50b9f2a10ec0 main_color avia-section-default avia-no-border-styling  avia-builder-el-20  el_after_av_section  el_before_av_section  border-top-fillet animation-element avia-full-stretch avia-bg-style-scroll av-section-color-overlay-active container_wrap sidebar_right'  data-section-bg-repeat='stretch'><div class=\"av-section-color-overlay-wrap\"><div class=\"av-section-color-overlay\"><\/div><div class='container av-section-cont-open' ><div class='template-page content  av-content-small alpha units'><div class='post-entry post-entry-type-page post-entry-15058'><div class='entry-content-wrapper clearfix'>\n\n<style type=\"text\/css\" data-created_by=\"avia_inline_auto\" id=\"style-css-av-3ngo0s-d4d3ecade494bb31e0cf95ff0cbfbcb8\">\n.flex_column.av-3ngo0s-d4d3ecade494bb31e0cf95ff0cbfbcb8{\nborder-radius:0px 0px 0px 0px;\npadding:0px 0px 0px 0px;\n}\n<\/style>\n<div  class='flex_column av-3ngo0s-d4d3ecade494bb31e0cf95ff0cbfbcb8 av_one_fifth  avia-builder-el-21  el_before_av_three_fifth  avia-builder-el-first  first flex_column_div av-zero-column-padding  '     ><\/div>\n<style type=\"text\/css\" data-created_by=\"avia_inline_auto\" id=\"style-css-av-204e5o-7ccdd0d5b429fb843522f13a3101a4f9\">\n.flex_column.av-204e5o-7ccdd0d5b429fb843522f13a3101a4f9{\nborder-radius:0px 0px 0px 0px;\npadding:0px 0px 0px 0px;\n}\n<\/style>\n<div  class='flex_column av-204e5o-7ccdd0d5b429fb843522f13a3101a4f9 av_three_fifth  avia-builder-el-22  el_after_av_one_fifth  el_before_av_one_fifth  flex_column_div av-zero-column-padding  '     ><section  class='av_textblock_section av-jj8rms6q-e378de6f514244f1a118e0085a2fbc7d '   itemscope=\"itemscope\" itemtype=\"https:\/\/schema.org\/CreativeWork\" ><div class='avia_textblock'  itemprop=\"text\" ><div class=\"tisvol-diagonal\">\n<div><\/div>\n<\/div>\n<h2 class=\"titular-principal\" style=\"text-align: center;\">A J\u00c1RM\u0170VEK GAZDAS\u00c1GOSS\u00c1GA<\/h2>\n<h4 class=\"subtitular-principal\" style=\"text-align: center;\">&#8211; A PIAC LEGK\u00d6NNYEBB J\u00c1RM\u0170VE BIZTOS\u00cdTJA A GAZDAS\u00c1GOSS\u00c1GOT &#8211;<\/h4>\n<div class=\"tisvol-diagonal\">\n<div><\/div>\n<\/div>\n<\/div><\/section><br \/>\n\n<style type=\"text\/css\" data-created_by=\"avia_inline_auto\" id=\"style-css-av-jk2a4832-c25b0ddef510354a7412e1cd9f41e8ba\">\n#top .hr.hr-invisible.av-jk2a4832-c25b0ddef510354a7412e1cd9f41e8ba{\nheight:30px;\n}\n<\/style>\n<div  class='hr av-jk2a4832-c25b0ddef510354a7412e1cd9f41e8ba hr-invisible  avia-builder-el-24  el_after_av_textblock  el_before_av_textblock '><span class='hr-inner '><span class=\"hr-inner-style\"><\/span><\/span><\/div><br \/>\n<section  class='av_textblock_section av-jk2a2ljs-4eac413447efd74cd923542fbc3ef9fe '   itemscope=\"itemscope\" itemtype=\"https:\/\/schema.org\/CreativeWork\" ><div class='avia_textblock'  itemprop=\"text\" ><ul>\n<li><strong>A Tisvol a piacon a legk\u00f6nnyebb m\u00e1rka,<\/strong> \u00edgy az egyes utak rakom\u00e1ny\u00e1nak optimaliz\u00e1l\u00e1s\u00e1val jav\u00edtja a sz\u00e1ll\u00edt\u00e1s hat\u00e9konys\u00e1g\u00e1t.<\/li>\n<li><strong>250 kg-val cs\u00f6kkentett\u00fck az \u00f6ns\u00falyt, naponk\u00e9nt 2 \u00fat \u00e9s havonta 22 nap \u00fczem.<\/strong> Ezekb\u0151l az adatokb\u00f3l kiindulva a sz\u00e1ll\u00edtott rakom\u00e1ny 11.000 kg-mal n\u00f6vekszik. \u00c9s mindez azonos er\u0151forr\u00e1sok felhaszn\u00e1l\u00e1s\u00e1val.<\/li>\n<li><strong>J\u00e1rm\u0171veinkkel nem lesz meghib\u00e1sod\u00e1sb\u00f3l sz\u00e1rmaz\u00f3 \u00e1rbev\u00e9tel-kies\u00e9s.<\/strong> Egy 2012-ben v\u00e9gzett tanulm\u00e1ny alapj\u00e1n, melyben k\u00fcl\u00f6nb\u00f6z\u0151 m\u00e1rk\u00e1k elt\u00e9r\u0151 \u00e9vekben gy\u00e1rtott haszn\u00e1lt j\u00e1rm\u0171veit elemezt\u00e9k, objekt\u00edvan kijelenthetj\u00fck a k\u00f6vetkez\u0151t:\n<ul>\n<li>A Tisvol a legmegb\u00edzhat\u00f3bb \u00e9s leggazdas\u00e1gosabb m\u00e1rka. A vizsg\u00e1lt Tisvol j\u00e1rm\u0171veknek nem kellett szerkezeti okok vagy a gy\u00e1rt\u00e1si hib\u00e1k miatt a m\u0171helyben \u00e1llniuk.<\/li>\n<li>A tanulm\u00e1nyban ellen\u0151rizhet\u0151, hogy a t\u00f6bbi m\u00e1rk\u00e1nak t\u00f6bb szerkezeti probl\u00e9m\u00e1ja van, mint a Tisvol j\u00e1rm\u0171veinek. Ezek k\u00f6z\u00fcl n\u00e9h\u00e1ny annyira komoly, hogy hossz\u00fa id\u0151n kereszt\u00fcl \u00e1ll\u00e1sra k\u00e9nyszer\u00edtette \u0151ket.<\/li>\n<li>Az egy \u00e9vtizedet \u00e1tfog\u00f3 vizsg\u00e1latunk szerint a gy\u00e1rt\u00e1si hiba miatt jelentkez\u0151 \u00e1tlagos \u00e1ll\u00e1sid\u0151 a t\u00f6bbi m\u00e1rka j\u00e1rm\u0171vein\u00e9l 4-6 nappal t\u00f6bb, mint a Tisvoln\u00e1l.<\/li>\n<li>\u00dcgyfeleink k\u00f6z\u00fcl sokan mag\u00e1nv\u00e1llalkoz\u00f3k \u00e9s az elv\u00e9gzett munka alapj\u00e1n sz\u00e1ml\u00e1znak, hasonl\u00f3an n\u00e9h\u00e1ny v\u00e1llalathoz, akik ugyancsak a Tisvol \u00fcgyfelei. Egy napi le\u00e1ll\u00e1s nagy vesztes\u00e9geket jelenthet sz\u00e1mukra, valamint azt a kock\u00e1zatot, hogy valaki nemcsak azon a napon, hanem \u00f6r\u00f6kre elveszi a munk\u00e1jukat.<\/li>\n<li>A f\u00e9lp\u00f3tkocsi alapvet\u0151 tulajdons\u00e1ga a megb\u00edzhat\u00f3s\u00e1g. Ez egy olyan eszk\u00f6z, melynek j\u00f6vedelmet kell termelnie, \u00e9s ehhez mindig &#8211; nem csak az \u00e1tad\u00e1skor &#8211; a legjobb \u00e1llapotban kell lennie.<\/li>\n<li>Az elv\u00e9gzett tanulm\u00e1ny szerint, amelyben a haszn\u00e1lt j\u00e1rm\u0171vek \u00e9rt\u00e9kes\u00edt\u00e9s\u00e9t m\u00e9rt\u00fck, arra a k\u00f6vetkeztet\u00e9sre jutottunk, hogy a haszn\u00e1lt Tisvol f\u00e9lp\u00f3tkocsik \u00e1tlagosan 18% -kal gyorsabban ker\u00fclnek \u00e9rt\u00e9kes\u00edt\u00e9sre, mint m\u00e1s m\u00e1rk\u00e1k. Ezenk\u00edv\u00fcl a Tisvol viszontelad\u00e1sa 16% -kal magasabb, mint m\u00e1s, azonos jellemz\u0151kkel rendelkez\u0151 j\u00e1rm\u0171vekn\u00e9l. Ily m\u00f3don ha Tisvolt v\u00e1s\u00e1rol, a viszontelad\u00e1si \u00e1r magasabb lesz.<\/li>\n<\/ul>\n<\/li>\n<\/ul>\n<\/div><\/section><\/p><\/div>\n<style type=\"text\/css\" data-created_by=\"avia_inline_auto\" id=\"style-css-av-3ngo0s-c9d5b2ae7ab2a01cc4e04ecda23dd78e\">\n.flex_column.av-3ngo0s-c9d5b2ae7ab2a01cc4e04ecda23dd78e{\nborder-radius:0px 0px 0px 0px;\npadding:0px 0px 0px 0px;\n}\n<\/style>\n<div  class='flex_column av-3ngo0s-c9d5b2ae7ab2a01cc4e04ecda23dd78e av_one_fifth  avia-builder-el-26  el_after_av_three_fifth  avia-builder-el-last  flex_column_div av-zero-column-padding  '     ><\/div><\/div><\/div><\/div><!-- close content main div --><\/div><\/div><\/div>\n<style type=\"text\/css\" data-created_by=\"avia_inline_auto\" id=\"style-css-av-9o9nuz-be629507dd5d0093597bf5a188afe8ab\">\n.avia-section.av-9o9nuz-be629507dd5d0093597bf5a188afe8ab{\nbackground-repeat:no-repeat;\nbackground-image:url(https:\/\/tisvol.com\/wp-content\/uploads\/2018\/07\/tisvol-como-se-hace-bg.jpg);\nbackground-position:50% 50%;\nbackground-attachment:scroll;\n}\n.avia-section.av-9o9nuz-be629507dd5d0093597bf5a188afe8ab .av-section-color-overlay{\nopacity:0.9;\nbackground-color:#ffffff;\n}\n<\/style>\n<div id='como-se-construye-un-tisvol'  class='avia-section av-9o9nuz-be629507dd5d0093597bf5a188afe8ab main_color avia-section-default avia-no-border-styling  avia-builder-el-27  el_after_av_section  avia-builder-el-last  gradient-overlay avia-full-stretch avia-bg-style-scroll av-section-color-overlay-active container_wrap sidebar_right'  data-section-bg-repeat='stretch'><div class=\"av-section-color-overlay-wrap\"><div class=\"av-section-color-overlay\"><\/div><div class='container av-section-cont-open' ><div class='template-page content  av-content-small alpha units'><div class='post-entry post-entry-type-page post-entry-15058'><div class='entry-content-wrapper clearfix'>\n\n<style type=\"text\/css\" data-created_by=\"avia_inline_auto\" id=\"style-css-av-1uwf2z-2cc67e0256f80101e4014eae9c62c7c5\">\n.flex_column.av-1uwf2z-2cc67e0256f80101e4014eae9c62c7c5{\nborder-radius:0px 0px 0px 0px;\npadding:0px 0px 0px 0px;\n}\n<\/style>\n<div  class='flex_column av-1uwf2z-2cc67e0256f80101e4014eae9c62c7c5 av_one_fifth  avia-builder-el-28  el_before_av_three_fifth  avia-builder-el-first  first flex_column_div av-zero-column-padding  '     ><\/div>\n<style type=\"text\/css\" data-created_by=\"avia_inline_auto\" id=\"style-css-av-6tq6cb-898d1a5c296f34510c04e41945908418\">\n.flex_column.av-6tq6cb-898d1a5c296f34510c04e41945908418{\nborder-radius:0px 0px 0px 0px;\npadding:0px 0px 0px 0px;\n}\n<\/style>\n<div  class='flex_column av-6tq6cb-898d1a5c296f34510c04e41945908418 av_three_fifth  avia-builder-el-29  el_after_av_one_fifth  avia-builder-el-last  flex_column_div av-zero-column-padding  '     ><section  class='av_textblock_section av-jk0tw2iq-c9a83e4542c117f1c04fa5974a1634f8 '   itemscope=\"itemscope\" itemtype=\"https:\/\/schema.org\/CreativeWork\" ><div class='avia_textblock'  itemprop=\"text\" ><div class=\"tisvol-diagonal\">\n<div><\/div>\n<\/div>\n<h3 class=\"titular-estandar\" style=\"text-align: center;\">HOGYAN K\u00c9SZ\u00dcL A TISVOL<\/h3>\n<div class=\"tisvol-diagonal\">\n<div><\/div>\n<\/div>\n<\/div><\/section><br \/>\n<section  class='av_textblock_section av-jk0tw2iq-c9a83e4542c117f1c04fa5974a1634f8 '   itemscope=\"itemscope\" itemtype=\"https:\/\/schema.org\/CreativeWork\" ><div class='avia_textblock'  itemprop=\"text\" ><p style=\"text-align: center;\">A Tisvol el\u0151\u00e1ll\u00edt\u00e1si folyamata t\u00f6bb mint 40 robotot tartalmaz, melyek a gy\u00e1rt\u00e1si folyamat r\u00e9sz\u00e9t k\u00e9pezik. Egys\u00e9genk\u00e9nt t\u00f6bb mint 4 km hegeszt\u00e9s \u00e9s t\u00f6bb mint 1000 csavar ker\u00fcl felhaszn\u00e1l\u00e1sra.<\/p>\n<p style=\"text-align: center;\">A hegeszt\u00e9si folyamat t\u00f6bb mint 85%-a az \u00f6sszes illeszt\u00e9sn\u00e9l automatikus annak \u00e9rdek\u00e9ben, hogy olyan maxim\u00e1lis min\u0151s\u00e9get \u00e9s garanci\u00e1t tudjunk ny\u00fajtani, mely a k\u00e9zi elj\u00e1r\u00e1ssal nem biztos\u00edthat\u00f3 tart\u00f3san. A hegeszt\u0151\u00e1llom\u00e1sok a legmagasabb technol\u00f3gi\u00e1j\u00fa, 3 vagy 5 tengelyes CNC robotokkal vannak automatiz\u00e1lva.<\/p>\n<p style=\"text-align: center;\">Mindez az automatiz\u00e1lt \u00f6sszeszerel\u00e9s az alap\u00edt\u00f3k \u00e1lm\u00e1b\u00f3l, a vezet\u0151s\u00e9g v\u00edzi\u00f3j\u00e1b\u00f3l \u00e9s a Tisvolt alkot\u00f3 emberi csapat munk\u00e1j\u00e1b\u00f3l sz\u00e1rmazik, de nem szabad megfeledkezni a minden egyes j\u00e1rm\u0171 eset\u00e9ben alkalmazott k\u00e9zm\u0171vess\u00e9gr\u0151l, mely a sok \u00e9ves tapasztalattal rendelkez\u0151 szem\u00e9lyzet tud\u00e1s\u00e1b\u00f3l fakad. Fedezze fel, hogyan k\u00e9sz\u00fcl a Tisvol:<\/p>\n<p style=\"text-align: center;\">[<a style=\"color: #fff; text-decoration: underline;\" href=\"https:\/\/tisvol.com\/hu\/como-se-hace\/\">Tov\u00e1bbi inform\u00e1ci\u00f3 a Tisvol gy\u00e1rt\u00e1si rendszer\u00e9r\u0151l<\/a>]<\/p>\n<\/div><\/section><\/p><\/div>\n<\/div><\/div><\/div><!-- close content main div --><\/div><\/div><\/div><div id='after_section_6'  class='main_color av_default_container_wrap container_wrap sidebar_right'  ><div class='container av-section-cont-open' ><div class='template-page content  av-content-small alpha units'><div class='post-entry post-entry-type-page post-entry-15058'><div class='entry-content-wrapper clearfix'><\/p>\n","protected":false},"excerpt":{"rendered":"","protected":false},"author":1,"featured_media":0,"parent":15255,"menu_order":0,"comment_status":"closed","ping_status":"closed","template":"","meta":{"_acf_changed":false,"footnotes":""},"class_list":["post-15058","page","type-page","status-publish","hentry"],"acf":[],"_links":{"self":[{"href":"https:\/\/tisvol.com\/hu\/wp-json\/wp\/v2\/pages\/15058","targetHints":{"allow":["GET"]}}],"collection":[{"href":"https:\/\/tisvol.com\/hu\/wp-json\/wp\/v2\/pages"}],"about":[{"href":"https:\/\/tisvol.com\/hu\/wp-json\/wp\/v2\/types\/page"}],"author":[{"embeddable":true,"href":"https:\/\/tisvol.com\/hu\/wp-json\/wp\/v2\/users\/1"}],"replies":[{"embeddable":true,"href":"https:\/\/tisvol.com\/hu\/wp-json\/wp\/v2\/comments?post=15058"}],"version-history":[{"count":0,"href":"https:\/\/tisvol.com\/hu\/wp-json\/wp\/v2\/pages\/15058\/revisions"}],"up":[{"embeddable":true,"href":"https:\/\/tisvol.com\/hu\/wp-json\/wp\/v2\/pages\/15255"}],"wp:attachment":[{"href":"https:\/\/tisvol.com\/hu\/wp-json\/wp\/v2\/media?parent=15058"}],"curies":[{"name":"wp","href":"https:\/\/api.w.org\/{rel}","templated":true}]}}