{"id":15051,"date":"2018-07-31T08:27:21","date_gmt":"2018-07-31T06:27:21","guid":{"rendered":"https:\/\/tisvol.com\/acabados-superficiales\/"},"modified":"2024-12-19T16:03:21","modified_gmt":"2024-12-19T15:03:21","slug":"feluleti-kezelesek","status":"publish","type":"page","link":"https:\/\/tisvol.com\/hu\/feluleti-kezelesek\/","title":{"rendered":"Fel\u00fcleti Kezel\u00e9sek"},"content":{"rendered":"\n<style type=\"text\/css\" data-created_by=\"avia_inline_auto\" id=\"style-css-av-33yw-fe4ace012c6b9c696b8bb8b31f28441a\">\n.avia-section.av-33yw-fe4ace012c6b9c696b8bb8b31f28441a{\nbackground-color:#ffffff;\nbackground-image:unset;\n}\n<\/style>\n<div id='tisvol-tagline'  class='avia-section av-33yw-fe4ace012c6b9c696b8bb8b31f28441a main_color avia-section-default avia-no-border-styling  avia-builder-el-0  el_before_av_section  avia-builder-el-first  avia-bg-style-scroll container_wrap sidebar_right'  ><div class='container av-section-cont-open' ><main  role=\"main\" itemprop=\"mainContentOfPage\"  class='template-page content  av-content-small alpha units'><div class='post-entry post-entry-type-page post-entry-15051'><div class='entry-content-wrapper clearfix'>\n<section  class='av_textblock_section av-jj8pzx7e-f58ee2657ad4a3ea48b2f1ff7d628b0b '   itemscope=\"itemscope\" itemtype=\"https:\/\/schema.org\/CreativeWork\" ><div class='avia_textblock'  itemprop=\"text\" ><h3 style=\"text-align: center;\">Powered by Superior Quality<\/h3>\n<\/div><\/section>\n\n<\/div><\/div><\/main><!-- close content main element --><\/div><\/div>\n<style type=\"text\/css\" data-created_by=\"avia_inline_auto\" id=\"style-css-av-jsei95pk-c178d08238b6dc278e37a7129240780c\">\n.avia-section.av-jsei95pk-c178d08238b6dc278e37a7129240780c{\nbackground-color:#232323;\nbackground-repeat:no-repeat;\nbackground-image:url(https:\/\/tisvol.com\/wp-content\/uploads\/2019\/05\/pintura.jpg), linear-gradient( to right, #232323, #515151 );\nbackground-position:50% 50%;\nbackground-attachment:scroll;\n}\n.avia-section.av-jsei95pk-c178d08238b6dc278e37a7129240780c .av-section-color-overlay{\nopacity:0.5;\nbackground-color:#777777;\n}\n<\/style>\n<div id='av_section_2'  class='avia-section av-jsei95pk-c178d08238b6dc278e37a7129240780c main_color avia-section-large avia-no-border-styling  avia-builder-el-2  el_after_av_section  el_before_av_section  avia-full-stretch avia-bg-style-scroll av-section-color-overlay-active av-minimum-height av-minimum-height-75 av-height-75  container_wrap sidebar_right'  data-section-bg-repeat='stretch' data-av_minimum_height_pc='75' data-av_min_height_opt='75'><div class=\"av-section-color-overlay-wrap\"><div class=\"av-section-color-overlay\"><\/div><div class='container av-section-cont-open' ><div class='template-page content  av-content-small alpha units'><div class='post-entry post-entry-type-page post-entry-15051'><div class='entry-content-wrapper clearfix'>\n\n<style type=\"text\/css\" data-created_by=\"avia_inline_auto\" id=\"style-css-av-4p5m5k-3dbd6fe4d6ef4273dc2cfefe28d50e32\">\n.flex_column.av-4p5m5k-3dbd6fe4d6ef4273dc2cfefe28d50e32{\nborder-radius:0px 0px 0px 0px;\npadding:0px 0px 0px 0px;\n}\n<\/style>\n<div  class='flex_column av-4p5m5k-3dbd6fe4d6ef4273dc2cfefe28d50e32 av_three_fourth  avia-builder-el-3  el_before_av_one_fourth  avia-builder-el-first  animation-element first flex_column_div av-zero-column-padding  '     ><style type=\"text\/css\" data-created_by=\"avia_inline_auto\" id=\"style-css-av-jj8rms6q-0ace5a6ff95aee75cbff9e9923c598c9\">\n#top .av_textblock_section.av-jj8rms6q-0ace5a6ff95aee75cbff9e9923c598c9 .avia_textblock{\nfont-size:20px;\ncolor:#ffffff;\n}\n<\/style>\n<section  class='av_textblock_section av-jj8rms6q-0ace5a6ff95aee75cbff9e9923c598c9 '   itemscope=\"itemscope\" itemtype=\"https:\/\/schema.org\/CreativeWork\" ><div class='avia_textblock av_inherit_color'  itemprop=\"text\" ><h2 class=\"titular-principal\">FEL\u00dcLETI KEZEL\u00c9SEK<\/h2>\n<h4><span class=\"gradient-text-white\">M\u0171k\u00f6dj\u00f6n \u00e9s j\u00f3l n\u00e9zzen ki<\/span><\/h4>\n<\/div><\/section><br \/>\n\n<style type=\"text\/css\" data-created_by=\"avia_inline_auto\" id=\"style-css-av-jseinx9j-f1d16525a1dd5ee02b777298b51b00ab\">\n#top .hr.hr-invisible.av-jseinx9j-f1d16525a1dd5ee02b777298b51b00ab{\nheight:30px;\n}\n<\/style>\n<div  class='hr av-jseinx9j-f1d16525a1dd5ee02b777298b51b00ab hr-invisible  avia-builder-el-5  el_after_av_textblock  el_before_av_textblock '><span class='hr-inner '><span class=\"hr-inner-style\"><\/span><\/span><\/div><br \/>\n\n<style type=\"text\/css\" data-created_by=\"avia_inline_auto\" id=\"style-css-av-jk9frtdu-9ae77c773d0c819d7e9a28aa79cfde65\">\n#top .av_textblock_section.av-jk9frtdu-9ae77c773d0c819d7e9a28aa79cfde65 .avia_textblock{\ncolor:#e8e8e8;\n}\n<\/style>\n<section  class='av_textblock_section av-jk9frtdu-9ae77c773d0c819d7e9a28aa79cfde65 '   itemscope=\"itemscope\" itemtype=\"https:\/\/schema.org\/CreativeWork\" ><div class='avia_textblock av_inherit_color'  itemprop=\"text\" ><h3 class=\"gradient-text\" style=\"text-align: left;\">Elox\u00e1lt l\u00f6kh\u00e1r\u00edt\u00f3 r\u00fad<\/h3>\n<p><strong>A f\u00e9nyez\u00e9s alkalmaz\u00e1sa a l\u00f6kh\u00e1r\u00edt\u00f3 eset\u00e9ben nem a legjobb megold\u00e1s<\/strong>, mivel a haszn\u00e1lat \u00e9s kirakod\u00e1s k\u00f6vetkezt\u00e9ben a fest\u00e9k fokozatosan lepattog.<\/p>\n<p>Alapfelszerel\u00e9sk\u00e9nt minden l\u00f6kh\u00e1r\u00edt\u00f3 r\u00fad egy elox\u00e1lt kezel\u00e9st tartalmaz, mely jav\u00edtja az alum\u00ednium \u00e9lettartam\u00e1t. Ez azonos a tengeri alkatr\u00e9szekn\u00e9l alkalmazott standard kezel\u00e9ssel.<\/p>\n<h3 class=\"gradient-text\" style=\"text-align: left;\">Fel\u00fcletkezel\u00e9sek<\/h3>\n<p><strong>Rendelkez\u00e9sre \u00e1ll mind a fest\u00e9k-<\/strong>, mind pedig a term\u00e9szetes alum\u00edniumbevonat, annak ellen\u00e9re, hogy ennek el\u0151\u00e1ll\u00edt\u00e1sa neh\u00e9zs\u00e9gekbe \u00fctk\u00f6zik.<\/p>\n<\/div><\/section><br \/>\n\n<style type=\"text\/css\" data-created_by=\"avia_inline_auto\" id=\"style-css-av-jjzijvlr-a360d04029b4ce372b0774c95bcefcf5\">\n#top .av_textblock_section.av-jjzijvlr-a360d04029b4ce372b0774c95bcefcf5 .avia_textblock{\ncolor:#e8e8e8;\n}\n<\/style>\n<section  class='av_textblock_section av-jjzijvlr-a360d04029b4ce372b0774c95bcefcf5 '   itemscope=\"itemscope\" itemtype=\"https:\/\/schema.org\/CreativeWork\" ><div class='avia_textblock av_inherit_color'  itemprop=\"text\" ><h3 class=\"gradient-text\" style=\"text-align: left;\">El proceso de pintura Tisvol<\/h3>\n<p style=\"text-align: left;\"><strong>A Tisvol f\u00e9nyez\u00e9si folyamata<\/strong>. A Tisvol f\u00e9nyez\u00e9si folyamata a j\u00e1rm\u0171 minden r\u00e9sz\u00e9n garant\u00e1lja a minimum 85 mikront. Minden j\u00e1rm\u0171n\u00e9l elv\u00e9gz\u00fcnk egy tesztet, mellyel az eg\u00e9sz fel\u00fcleten ellen\u0151rizz\u00fck az alkalmaz\u00e1s t\u00f6k\u00e9letess\u00e9g\u00e9t.<\/p>\n<p style=\"text-align: left;\">A f\u00e9nyez\u00e9si folyamat sor\u00e1n a k\u00f6vetkez\u0151 szempontokat vessz\u00fck figyelembe:<\/p>\n<ul>\n<li>Az eg\u00e9sz fel\u00fcleten minimum 85 mikron.<\/li>\n<li>Az alv\u00e1z fest\u00e9se a billencst\u0151l elv\u00e1lasztva \u00e9s b\u00e1rmely \u00f6sszeszerel\u00e9st megel\u0151z\u0151en t\u00f6rt\u00e9nik. Ez\u00e1ltal meg\u0151rz\u00e9sre ker\u00fcl a sz\u00ednk\u00f3d.<\/li>\n<li>Ellen\u0151rz\u00e9si pontok minden f\u00e9nyezett j\u00e1rm\u0171n\u00e9l.<\/li>\n<li>Elektrosztatikus f\u00e9nyez\u00e9s<\/li>\n<li>Sz\u00e1r\u00edt\u00e1s kemenc\u00e9ben.<\/li>\n<li>A fuvat\u00e1st vagy csiszol\u00e1st megel\u0151z\u0151 fel\u00fcleti kezel\u00e9s kinyitja a p\u00f3rusokat \u00e9s ez\u00e1ltal t\u00f6k\u00e9letes eredm\u00e9nyt kapunk.<\/li>\n<li>Egy innovat\u00edv, magas min\u0151s\u00e9g\u0171 term\u00e9ket haszn\u00e1lunk, amelyet t\u00f6bb r\u00e9tegben visz\u00fcnk fel. Az els\u0151 r\u00e9teg alapoz\u00f3k\u00e9nt m\u0171k\u00f6dik, t\u00f6k\u00e9letes tapad\u00e1st biztos\u00edtva, m\u00edg a t\u00f6bbi r\u00e9teg eszt\u00e9tikus befejez\u00e9st ny\u00fajt, magas f\u00e9ny\u0171 \u00e9s hib\u00e1tlan simas\u00e1g\u00fa fel\u00fclettel. A term\u00e9k magas koncentr\u00e1ci\u00f3ban tartalmaz korr\u00f3zi\u00f3g\u00e1tl\u00f3 anyagokat, \u00e9s az el\u0151\u00edrt min\u0151s\u00e9g-ellen\u0151rz\u00e9seket elv\u00e9gezz\u00fck, hogy megfelelj\u00fcnk a fest\u00e9kekre \u00e9s lakkokra vonatkoz\u00f3 hat\u00e1lyos szabv\u00e1nyoknak (ISO 2409-2808-2813-4628-12944)<\/li>\n<\/ul>\n<\/div><\/section><br \/>\n\n<style type=\"text\/css\" data-created_by=\"avia_inline_auto\" id=\"style-css-av-jvnju9en-778045358ddb148d0b52a01cfc6267ea\">\n#top .hr.hr-invisible.av-jvnju9en-778045358ddb148d0b52a01cfc6267ea{\nheight:30px;\n}\n<\/style>\n<div  class='hr av-jvnju9en-778045358ddb148d0b52a01cfc6267ea hr-invisible  avia-builder-el-8  el_after_av_textblock  el_before_av_textblock '><span class='hr-inner '><span class=\"hr-inner-style\"><\/span><\/span><\/div><br \/>\n\n<style type=\"text\/css\" data-created_by=\"avia_inline_auto\" id=\"style-css-av-jjzijvlr-666cf31055e7f7bfceb532d629f45ff1\">\n#top .av_textblock_section.av-jjzijvlr-666cf31055e7f7bfceb532d629f45ff1 .avia_textblock{\ncolor:#e8e8e8;\n}\n<\/style>\n<section  class='av_textblock_section av-jjzijvlr-666cf31055e7f7bfceb532d629f45ff1 '   itemscope=\"itemscope\" itemtype=\"https:\/\/schema.org\/CreativeWork\" ><div class='avia_textblock av_inherit_color'  itemprop=\"text\" ><h3 class=\"gradient-text\">Dacromet<strong> <em>csavarok<\/em><\/strong><\/h3>\n<p>Komolyan vessz\u00fck a rozsd\u00e1sod\u00e1s megel\u0151z\u00e9s\u00e9t. A nagy megb\u00edzhat\u00f3s\u00e1g \u00e9rdek\u00e9ben a legjobb kezel\u00e9st alkalmazzuk a csavarokn\u00e1l.<\/p>\n<\/div><\/section><br \/>\n\n<style type=\"text\/css\" data-created_by=\"avia_inline_auto\" id=\"style-css-av-jjzijvlr-666cf31055e7f7bfceb532d629f45ff1\">\n#top .av_textblock_section.av-jjzijvlr-666cf31055e7f7bfceb532d629f45ff1 .avia_textblock{\ncolor:#e8e8e8;\n}\n<\/style>\n<section  class='av_textblock_section av-jjzijvlr-666cf31055e7f7bfceb532d629f45ff1 '   itemscope=\"itemscope\" itemtype=\"https:\/\/schema.org\/CreativeWork\" ><div class='avia_textblock av_inherit_color'  itemprop=\"text\" ><h3 class=\"gradient-text\">Elemz\u00e9s s\u00f3permet-kamr\u00e1ban<\/h3>\n<p>A k\u00fcl\u00f6nb\u00f6z\u0151 galvanikus f\u00e9mek tal\u00e1lkoz\u00e1si ter\u00fclet\u00e9n ellen\u0151rizz\u00fck a fest\u00e9si folyamat \u00e9s a csavarok min\u0151s\u00e9g\u00e9t. A s\u00f3permet-kamr\u00e1ban \u00e9vente elv\u00e9gezz\u00fck a korr\u00f3zi\u00f3\u00e1ll\u00f3s\u00e1gi tesztet (az <strong>UNE-EN ISO 9227<\/strong> normat\u00edv\u00e1nak megfelel\u0151en) az alv\u00e1z \u00e9s a billencs ar\u00e1nyos szimul\u00e1ci\u00f3ival (ak\u00e1r 1000 \u00f3ra). Az eredm\u00e9nyek rendk\u00edv\u00fcl kiel\u00e9g\u00edt\u0151ek: nincsenek fest\u00e9klev\u00e1l\u00e1sok (<strong>UNE 48258-2-ISO 4628-2: 1982<\/strong> szabv\u00e1ny), \u00e9s a festett fel\u00fclet kiv\u00e9teles viselked\u00e9st tan\u00fas\u00edt a korr\u00f3zi\u00f3val szemben (<strong>UNE 48258-3-ISO 4628-3: 1982<\/strong>).<\/p>\n<\/div><\/section><\/p><\/div>\n<style type=\"text\/css\" data-created_by=\"avia_inline_auto\" id=\"style-css-av-22s720-79292b08e6c340448b51653641dd66d5\">\n.flex_column.av-22s720-79292b08e6c340448b51653641dd66d5{\nborder-radius:0px 0px 0px 0px;\npadding:0px 0px 0px 0px;\n}\n<\/style>\n<div  class='flex_column av-22s720-79292b08e6c340448b51653641dd66d5 av_one_fourth  avia-builder-el-11  el_after_av_three_fourth  avia-builder-el-last  flex_column_div av-zero-column-padding  '     ><\/div><\/div><\/div><\/div><!-- close content main div --><\/div><\/div><\/div>\n<style type=\"text\/css\" data-created_by=\"avia_inline_auto\" id=\"style-css-av-9o9nuz-be629507dd5d0093597bf5a188afe8ab\">\n.avia-section.av-9o9nuz-be629507dd5d0093597bf5a188afe8ab{\nbackground-repeat:no-repeat;\nbackground-image:url(https:\/\/tisvol.com\/wp-content\/uploads\/2018\/07\/tisvol-como-se-hace-bg.jpg);\nbackground-position:50% 50%;\nbackground-attachment:scroll;\n}\n.avia-section.av-9o9nuz-be629507dd5d0093597bf5a188afe8ab .av-section-color-overlay{\nopacity:0.9;\nbackground-color:#ffffff;\n}\n<\/style>\n<div id='como-se-construye-un-tisvol'  class='avia-section av-9o9nuz-be629507dd5d0093597bf5a188afe8ab main_color avia-section-default avia-no-border-styling  avia-builder-el-12  el_after_av_section  el_before_av_section  gradient-overlay avia-full-stretch avia-bg-style-scroll av-section-color-overlay-active container_wrap sidebar_right'  data-section-bg-repeat='stretch'><div class=\"av-section-color-overlay-wrap\"><div class=\"av-section-color-overlay\"><\/div><div class='container av-section-cont-open' ><div class='template-page content  av-content-small alpha units'><div class='post-entry post-entry-type-page post-entry-15051'><div class='entry-content-wrapper clearfix'>\n\n<style type=\"text\/css\" data-created_by=\"avia_inline_auto\" id=\"style-css-av-1uwf2z-2cc67e0256f80101e4014eae9c62c7c5\">\n.flex_column.av-1uwf2z-2cc67e0256f80101e4014eae9c62c7c5{\nborder-radius:0px 0px 0px 0px;\npadding:0px 0px 0px 0px;\n}\n<\/style>\n<div  class='flex_column av-1uwf2z-2cc67e0256f80101e4014eae9c62c7c5 av_one_fifth  avia-builder-el-13  el_before_av_three_fifth  avia-builder-el-first  first flex_column_div av-zero-column-padding  '     ><\/div>\n<style type=\"text\/css\" data-created_by=\"avia_inline_auto\" id=\"style-css-av-6tq6cb-898d1a5c296f34510c04e41945908418\">\n.flex_column.av-6tq6cb-898d1a5c296f34510c04e41945908418{\nborder-radius:0px 0px 0px 0px;\npadding:0px 0px 0px 0px;\n}\n<\/style>\n<div  class='flex_column av-6tq6cb-898d1a5c296f34510c04e41945908418 av_three_fifth  avia-builder-el-14  el_after_av_one_fifth  avia-builder-el-last  flex_column_div av-zero-column-padding  '     ><section  class='av_textblock_section av-jk0tw2iq-c9a83e4542c117f1c04fa5974a1634f8 '   itemscope=\"itemscope\" itemtype=\"https:\/\/schema.org\/CreativeWork\" ><div class='avia_textblock'  itemprop=\"text\" ><div class=\"tisvol-diagonal\">\n<div><\/div>\n<\/div>\n<h3 class=\"titular-estandar\" style=\"text-align: center;\">HOGYAN K\u00c9SZ\u00dcL A TISVOL<\/h3>\n<div class=\"tisvol-diagonal\">\n<div><\/div>\n<\/div>\n<\/div><\/section><br \/>\n<section  class='av_textblock_section av-jk0tw2iq-c9a83e4542c117f1c04fa5974a1634f8 '   itemscope=\"itemscope\" itemtype=\"https:\/\/schema.org\/CreativeWork\" ><div class='avia_textblock'  itemprop=\"text\" ><p style=\"text-align: center;\">A Tisvol el\u0151\u00e1ll\u00edt\u00e1si folyamata t\u00f6bb mint 40 robotot tartalmaz, melyek a gy\u00e1rt\u00e1si folyamat r\u00e9sz\u00e9t k\u00e9pezik. Egys\u00e9genk\u00e9nt t\u00f6bb mint 4 km hegeszt\u00e9s \u00e9s t\u00f6bb mint 1000 csavar ker\u00fcl felhaszn\u00e1l\u00e1sra.<\/p>\n<p style=\"text-align: center;\">A hegeszt\u00e9si folyamat t\u00f6bb mint 85%-a az \u00f6sszes illeszt\u00e9sn\u00e9l automatikus annak \u00e9rdek\u00e9ben, hogy olyan maxim\u00e1lis min\u0151s\u00e9get \u00e9s garanci\u00e1t tudjunk ny\u00fajtani, mely a k\u00e9zi elj\u00e1r\u00e1ssal nem biztos\u00edthat\u00f3 tart\u00f3san. A hegeszt\u0151\u00e1llom\u00e1sok a legmagasabb technol\u00f3gi\u00e1j\u00fa, 3 vagy 5 tengelyes CNC robotokkal vannak automatiz\u00e1lva.<\/p>\n<p style=\"text-align: center;\">Mindez az automatiz\u00e1lt \u00f6sszeszerel\u00e9s az alap\u00edt\u00f3k \u00e1lm\u00e1b\u00f3l, a vezet\u0151s\u00e9g v\u00edzi\u00f3j\u00e1b\u00f3l \u00e9s a Tisvolt alkot\u00f3 emberi csapat munk\u00e1j\u00e1b\u00f3l sz\u00e1rmazik, de nem szabad megfeledkezni a minden egyes j\u00e1rm\u0171 eset\u00e9ben alkalmazott k\u00e9zm\u0171vess\u00e9gr\u0151l, mely a sok \u00e9ves tapasztalattal rendelkez\u0151 szem\u00e9lyzet tud\u00e1s\u00e1b\u00f3l fakad. Fedezze fel, hogyan k\u00e9sz\u00fcl a Tisvol:<\/p>\n<p style=\"text-align: center;\">[<a style=\"color: #fff; text-decoration: underline;\" href=\"https:\/\/tisvol.com\/hu\/como-se-hace\/\">Tov\u00e1bbi inform\u00e1ci\u00f3 a Tisvol gy\u00e1rt\u00e1si rendszer\u00e9r\u0151l<\/a>]<\/p>\n<\/div><\/section><\/p><\/div>\n<\/p>\n<\/div><\/div><\/div><!-- close content main div --><\/div><\/div><\/div>\n<style type=\"text\/css\" data-created_by=\"avia_inline_auto\" id=\"style-css-av-9o9nuz-160e269624ae7b761652ba28b723b710\">\n.avia-section.av-9o9nuz-160e269624ae7b761652ba28b723b710{\nbackground-color:#d8d8d8;\nbackground-image:unset;\n}\n<\/style>\n<div id='av_section_4'  class='avia-section av-9o9nuz-160e269624ae7b761652ba28b723b710 main_color avia-section-large avia-no-border-styling  avia-builder-el-17  el_after_av_section  avia-builder-el-last  avia-bg-style-scroll container_wrap sidebar_right'  ><div class='container av-section-cont-open' ><div class='template-page content  av-content-small alpha units'><div class='post-entry post-entry-type-page post-entry-15051'><div class='entry-content-wrapper clearfix'>\n<div class='flex_column_table av-57fmi3-092815821eaaee3182dc6f1c6f92c697 sc-av_one_third av-equal-height-column-flextable'>\n<style type=\"text\/css\" data-created_by=\"avia_inline_auto\" id=\"style-css-av-57fmi3-092815821eaaee3182dc6f1c6f92c697\">\n.flex_column.av-57fmi3-092815821eaaee3182dc6f1c6f92c697{\nborder-radius:0px 0px 0px 0px;\npadding:0px 0px 0px 0px;\n}\n<\/style>\n<div  class='flex_column av-57fmi3-092815821eaaee3182dc6f1c6f92c697 av_one_third  avia-builder-el-18  el_before_av_one_third  avia-builder-el-first  first flex_column_table_cell av-equal-height-column av-align-top av-zero-column-padding  '     ><section  class='av_textblock_section av-jk0tw2iq-c9a83e4542c117f1c04fa5974a1634f8 '   itemscope=\"itemscope\" itemtype=\"https:\/\/schema.org\/CreativeWork\" ><div class='avia_textblock'  itemprop=\"text\" ><h3 style=\"text-align: center;\">Az alum\u00ednium haszn\u00e1lata a Tisvoln\u00e1l<\/h3>\n<p style=\"text-align: center;\">A Tisvol m\u00e1r sok \u00e9vvel ezel\u0151tt az alum\u00edniumot helyezte az \u00fczlet k\u00f6z\u00e9ppontj\u00e1ba. Az \u00e9vek sor\u00e1n, melyek sz\u00e1ma meghaladja a 40-et, ez az anyag a v\u00e1llalat lelk\u00e9v\u00e9 v\u00e1lt \u00e9s be\u00e9p\u00fclt a DNS-be.<\/p>\n<p style=\"text-align: center;\"><a href=\"https:\/\/tisvol.com\/hu\/como-se-hace\/aluminio\/\"><strong>Tov\u00e1bbi inform\u00e1ci\u00f3 az alum\u00ednium haszn\u00e1lat\u00e1r\u00f3l a Tisvoln\u00e1l<\/strong><\/a><\/p>\n<\/div><\/section><\/div><div class='av-flex-placeholder'><\/div>\n<style type=\"text\/css\" data-created_by=\"avia_inline_auto\" id=\"style-css-av-3kos8r-355d274a76e6708e3617908638d3f2c0\">\n.flex_column.av-3kos8r-355d274a76e6708e3617908638d3f2c0{\nborder-radius:0px 0px 0px 0px;\npadding:0px 0px 0px 0px;\n}\n<\/style>\n<div  class='flex_column av-3kos8r-355d274a76e6708e3617908638d3f2c0 av_one_third  avia-builder-el-20  el_after_av_one_third  el_before_av_one_third  flex_column_table_cell av-equal-height-column av-align-top av-zero-column-padding  '     ><section  class='av_textblock_section av-jk0tw2iq-c9a83e4542c117f1c04fa5974a1634f8 '   itemscope=\"itemscope\" itemtype=\"https:\/\/schema.org\/CreativeWork\" ><div class='avia_textblock'  itemprop=\"text\" ><h3 style=\"text-align: center;\">A Tisvol \u00e9s a teljes\u00edtm\u00e9nyrendszerek<\/h3>\n<p style=\"text-align: center;\">Az \u00e1rny\u00e9kolt elektromos rendszer enged\u00e9lyezett a vesz\u00e9lyes \u00e1ruk sz\u00e1ll\u00edt\u00e1s\u00e1n\u00e1l; sz\u00ednek szerinti pneumatikus rendszer a hib\u00e1k gyors azonos\u00edt\u00e1s\u00e1hoz; egyszer\u0171 \u00e9s vegyes hidraulikus t\u00f6ml\u0151k csatlakoztat\u00e1sa biztons\u00e1gi v\u00e9g\u00e1ll\u00e1skapcsol\u00f3kkal.<\/p>\n<p style=\"text-align: center;\"><a href=\"https:\/\/tisvol.com\/hu\/como-se-hace\/sistemas-de-potencia\/\"><strong>Tov\u00e1bbi inform\u00e1ci\u00f3 a Tisvol teljes\u00edtm\u00e9nyrendszerekr\u0151l<\/strong><\/a><\/p>\n<\/div><\/section><\/div><div class='av-flex-placeholder'><\/div>\n<style type=\"text\/css\" data-created_by=\"avia_inline_auto\" id=\"style-css-av-2zilyz-71f7a28451342a07790eec49a1bb3d31\">\n.flex_column.av-2zilyz-71f7a28451342a07790eec49a1bb3d31{\nborder-radius:0px 0px 0px 0px;\npadding:0px 0px 0px 0px;\n}\n<\/style>\n<div  class='flex_column av-2zilyz-71f7a28451342a07790eec49a1bb3d31 av_one_third  avia-builder-el-22  el_after_av_one_third  avia-builder-el-last  flex_column_table_cell av-equal-height-column av-align-top av-zero-column-padding  '     ><section  class='av_textblock_section av-jk0tw2iq-c9a83e4542c117f1c04fa5974a1634f8 '   itemscope=\"itemscope\" itemtype=\"https:\/\/schema.org\/CreativeWork\" ><div class='avia_textblock'  itemprop=\"text\" ><h3 style=\"text-align: center;\">A t\u00e1rat\u00f6meg fontoss\u00e1ga a Tisvoln\u00e1l<\/h3>\n<p style=\"text-align: center;\">Minden term\u00e9kcsal\u00e1dn\u00e1l, b\u00e1rmelyik j\u00e1rm\u0171n\u00e9l a t\u00e1rat\u00f6meg az az egyik f\u0151 jellemz\u0151, amit az \u00fcgyfelek a kipr\u00f3b\u00e1l\u00e1s ut\u00e1n kiemelnek. <strong>Ha Tisvolt v\u00e1laszt, akkor a nagyobb hasznos terhet, a jobb kihaszn\u00e1l\u00e1st v\u00e1lasztja.<\/strong> A Tisvoln\u00e1l tiszt\u00e1ban vagyunk azzal, hogy \u00fcgyfeleink sz\u00e1m\u00e1ra a gazdas\u00e1goss\u00e1g alapvet\u0151en a t\u00e1rat\u00f6megt\u0151l f\u00fcgg. Ez\u00e9rt forr\u00e1saink nagy r\u00e9sz\u00e9t a k\u00f6nnyebb \u00e9s hosszabb \u00e9lettartam\u00fa j\u00e1rm\u0171vek fejleszt\u00e9s\u00e9re ford\u00edtjuk.<\/p>\n<\/div><\/section><\/div><\/div><!--close column table wrapper. Autoclose: 1 -->\n<\/div><\/div><\/div><!-- close content main div --><\/div><\/div><div id='after_section_4'  class='main_color av_default_container_wrap container_wrap sidebar_right'  ><div class='container av-section-cont-open' ><div class='template-page content  av-content-small alpha units'><div class='post-entry post-entry-type-page post-entry-15051'><div class='entry-content-wrapper clearfix'>\n","protected":false},"excerpt":{"rendered":"","protected":false},"author":1,"featured_media":0,"parent":0,"menu_order":0,"comment_status":"closed","ping_status":"closed","template":"","meta":{"_acf_changed":false,"footnotes":""},"class_list":["post-15051","page","type-page","status-publish","hentry"],"acf":[],"_links":{"self":[{"href":"https:\/\/tisvol.com\/hu\/wp-json\/wp\/v2\/pages\/15051","targetHints":{"allow":["GET"]}}],"collection":[{"href":"https:\/\/tisvol.com\/hu\/wp-json\/wp\/v2\/pages"}],"about":[{"href":"https:\/\/tisvol.com\/hu\/wp-json\/wp\/v2\/types\/page"}],"author":[{"embeddable":true,"href":"https:\/\/tisvol.com\/hu\/wp-json\/wp\/v2\/users\/1"}],"replies":[{"embeddable":true,"href":"https:\/\/tisvol.com\/hu\/wp-json\/wp\/v2\/comments?post=15051"}],"version-history":[{"count":0,"href":"https:\/\/tisvol.com\/hu\/wp-json\/wp\/v2\/pages\/15051\/revisions"}],"wp:attachment":[{"href":"https:\/\/tisvol.com\/hu\/wp-json\/wp\/v2\/media?parent=15051"}],"curies":[{"name":"wp","href":"https:\/\/api.w.org\/{rel}","templated":true}]}}