{"id":15042,"date":"2019-05-17T11:53:43","date_gmt":"2019-05-17T09:53:43","guid":{"rendered":"https:\/\/tisvol.com\/compromiso\/"},"modified":"2019-12-04T05:21:32","modified_gmt":"2019-12-04T05:21:32","slug":"compromiso","status":"publish","type":"page","link":"https:\/\/tisvol.com\/hu\/hogyan-keszul\/compromiso\/","title":{"rendered":"ELK\u00d6TELEZETTS\u00c9G"},"content":{"rendered":"\n<style type=\"text\/css\" data-created_by=\"avia_inline_auto\" id=\"style-css-av-33yw-fe4ace012c6b9c696b8bb8b31f28441a\">\n.avia-section.av-33yw-fe4ace012c6b9c696b8bb8b31f28441a{\nbackground-color:#ffffff;\nbackground-image:unset;\n}\n<\/style>\n<div id='tisvol-tagline'  class='avia-section av-33yw-fe4ace012c6b9c696b8bb8b31f28441a main_color avia-section-default avia-no-border-styling  avia-builder-el-0  el_before_av_section  avia-builder-el-first  avia-bg-style-scroll container_wrap sidebar_right'  ><div class='container av-section-cont-open' ><main  role=\"main\" itemprop=\"mainContentOfPage\"  class='template-page content  av-content-small alpha units'><div class='post-entry post-entry-type-page post-entry-15042'><div class='entry-content-wrapper clearfix'>\n<section  class='av_textblock_section av-jj8pzx7e-f58ee2657ad4a3ea48b2f1ff7d628b0b '   itemscope=\"itemscope\" itemtype=\"https:\/\/schema.org\/CreativeWork\" ><div class='avia_textblock'  itemprop=\"text\" ><h3 style=\"text-align: center;\">Powered by Superior Quality<\/h3>\n<\/div><\/section>\n\n<\/div><\/div><\/main><!-- close content main element --><\/div><\/div>\n<style type=\"text\/css\" data-created_by=\"avia_inline_auto\" id=\"style-css-av-jjtt0w9i-6978ed90f6fef609d4f094b9d5e934d8\">\n.avia-section.av-jjtt0w9i-6978ed90f6fef609d4f094b9d5e934d8 .av-parallax .av-parallax-inner{\nbackground-repeat:no-repeat;\nbackground-image:url(https:\/\/tisvol.com\/wp-content\/uploads\/2019\/05\/fachada.jpg);\nbackground-position:50% 50%;\nbackground-attachment:scroll;\n}\n.avia-section.av-jjtt0w9i-6978ed90f6fef609d4f094b9d5e934d8 .av-section-color-overlay{\nopacity:0.8;\nbackground-color:#ffffff;\n}\n<\/style>\n<div id='av_section_2'  class='avia-section av-jjtt0w9i-6978ed90f6fef609d4f094b9d5e934d8 main_color avia-section-default avia-no-border-styling  avia-builder-el-2  el_after_av_section  el_before_av_section  animation-element avia-full-stretch av-parallax-section avia-bg-style-parallax av-section-color-overlay-active av-minimum-height av-minimum-height-50 av-height-50  container_wrap sidebar_right'  data-section-bg-repeat='stretch' data-av_minimum_height_pc='50' data-av_min_height_opt='50'><div class='av-parallax' data-avia-parallax-ratio='0.3' ><div class='av-parallax-inner main_color avia-full-stretch'><\/div><\/div><div class=\"av-section-color-overlay-wrap\"><div class=\"av-section-color-overlay\"><\/div><div class='container av-section-cont-open' ><div class='template-page content  av-content-small alpha units'><div class='post-entry post-entry-type-page post-entry-15042'><div class='entry-content-wrapper clearfix'>\n<section  class='av_textblock_section av-jj8rms6q-e378de6f514244f1a118e0085a2fbc7d '   itemscope=\"itemscope\" itemtype=\"https:\/\/schema.org\/CreativeWork\" ><div class='avia_textblock'  itemprop=\"text\" ><div class=\"tisvol-diagonal\">\n<div><\/div>\n<\/div>\n<h2 class=\"titular-principal\" style=\"text-align: center;\">ELK\u00d6TELEZETTS\u00c9G<\/h2>\n<h4 class=\"subtitular-principal\" style=\"text-align: center;\">&#8211; ELK\u00d6TELEZETTEK VAGYUNK A MUNK\u00c1NK IR\u00c1NT &#8211;<\/h4>\n<div class=\"tisvol-diagonal\">\n<div><\/div>\n<\/div>\n<\/div><\/section>\n\n<style type=\"text\/css\" data-created_by=\"avia_inline_auto\" id=\"style-css-av-jj8rms6q-dea92f1f8aa66bd32921858422a7f478\">\n#top .av_textblock_section.av-jj8rms6q-dea92f1f8aa66bd32921858422a7f478 .avia_textblock{\ncolor:#333333;\n}\n<\/style>\n<section  class='av_textblock_section av-jj8rms6q-dea92f1f8aa66bd32921858422a7f478 '   itemscope=\"itemscope\" itemtype=\"https:\/\/schema.org\/CreativeWork\" ><div class='avia_textblock appear-from-bottom av_inherit_color'  itemprop=\"text\" ><p style=\"text-align: center;\">Elk\u00f6telezettek vagyunk<strong> a szem\u00e9lyek ir\u00e1nt.<\/strong><br \/>\nElk\u00f6telezettek vagyunk<strong> a term\u00e9keink ir\u00e1nt.<\/strong><br \/>\nElk\u00f6telezettek vagyunk<strong> a k\u00f6rnyezet ir\u00e1nt.<\/strong><\/p>\n<\/div><\/section>\n<\/div><\/div><\/div><!-- close content main div --><\/div><\/div><\/div><div id='renovandonos'  class='avia-section av-jjgvfjza-d7029a59e2af802d8b04a24c6923a36a main_color avia-section-default avia-no-border-styling  avia-builder-el-5  el_after_av_section  el_before_av_section  gradient-grana border-top-fillet avia-bg-style-scroll av-minimum-height av-minimum-height-custom av-height-custom  container_wrap sidebar_right'   data-av_minimum_height_px='420'><div class='container av-section-cont-open' style='height:420px'><div class='template-page content  av-content-small alpha units'><div class='post-entry post-entry-type-page post-entry-15042'><div class='entry-content-wrapper clearfix'>\n\n<style type=\"text\/css\" data-created_by=\"avia_inline_auto\" id=\"style-css-av-5fsy-4f428072adb752bd4df234841250c4e6\">\n.flex_column.av-5fsy-4f428072adb752bd4df234841250c4e6{\nborder-radius:0px 0px 0px 0px;\npadding:0px 0px 0px 0px;\n}\n<\/style>\n<div  class='flex_column av-5fsy-4f428072adb752bd4df234841250c4e6 av_one_fifth  avia-builder-el-6  el_before_av_three_fifth  avia-builder-el-first  first flex_column_div av-zero-column-padding  '     ><\/div>\n<style type=\"text\/css\" data-created_by=\"avia_inline_auto\" id=\"style-css-av-5fsy-f3c4f10f742777c86419bf6e7430934f\">\n.flex_column.av-5fsy-f3c4f10f742777c86419bf6e7430934f{\nborder-radius:0px 0px 0px 0px;\npadding:0px 0px 0px 0px;\n}\n<\/style>\n<div  class='flex_column av-5fsy-f3c4f10f742777c86419bf6e7430934f av_three_fifth  avia-builder-el-7  el_after_av_one_fifth  el_before_av_one_fifth  flex_column_div av-zero-column-padding  '     ><section  class='av_textblock_section av-jj8rms6q-bd76de550ec01b29325c9bd44a0927a3 '   itemscope=\"itemscope\" itemtype=\"https:\/\/schema.org\/CreativeWork\" ><div class='avia_textblock somos-capaces'  itemprop=\"text\" ><p style=\"text-align: center;\">Csak ezt a munkam\u00f3dszert ismerj\u00fck<\/p>\n<\/div><\/section><\/div>\n<style type=\"text\/css\" data-created_by=\"avia_inline_auto\" id=\"style-css-av-5fsy-f3c4f10f742777c86419bf6e7430934f\">\n.flex_column.av-5fsy-f3c4f10f742777c86419bf6e7430934f{\nborder-radius:0px 0px 0px 0px;\npadding:0px 0px 0px 0px;\n}\n<\/style>\n<div  class='flex_column av-5fsy-f3c4f10f742777c86419bf6e7430934f av_one_fifth  avia-builder-el-9  el_after_av_three_fifth  avia-builder-el-last  flex_column_div av-zero-column-padding  '     ><\/div><\/div><\/div><\/div><!-- close content main div --><\/div><\/div>\n<style type=\"text\/css\" data-created_by=\"avia_inline_auto\" id=\"style-css-av-juctc9lk-e1cd21694243f20f4329beae8a93bf05\">\n.avia-section.av-juctc9lk-e1cd21694243f20f4329beae8a93bf05 .av-parallax .av-parallax-inner{\nbackground-repeat:no-repeat;\nbackground-image:url(https:\/\/tisvol.com\/wp-content\/uploads\/2019\/05\/dron-tisvol.jpg);\nbackground-position:50% 50%;\nbackground-attachment:scroll;\n}\n.avia-section.av-juctc9lk-e1cd21694243f20f4329beae8a93bf05 .av-section-color-overlay{\nopacity:0.8;\nbackground-color:#ffffff;\n}\n<\/style>\n<div id='av_section_4'  class='avia-section av-juctc9lk-e1cd21694243f20f4329beae8a93bf05 main_color avia-section-large avia-no-border-styling  avia-builder-el-10  el_after_av_section  avia-builder-el-last  animation-element avia-full-stretch av-parallax-section avia-bg-style-parallax av-section-color-overlay-active av-minimum-height av-minimum-height-100 av-height-100  container_wrap sidebar_right'  data-section-bg-repeat='stretch' data-av_minimum_height_pc='100' data-av_min_height_opt='100'><div class='av-parallax' data-avia-parallax-ratio='0.3' ><div class='av-parallax-inner main_color avia-full-stretch'><\/div><\/div><div class=\"av-section-color-overlay-wrap\"><div class=\"av-section-color-overlay\"><\/div><div class='container av-section-cont-open' ><div class='template-page content  av-content-small alpha units'><div class='post-entry post-entry-type-page post-entry-15042'><div class='entry-content-wrapper clearfix'>\n\n<style type=\"text\/css\" data-created_by=\"avia_inline_auto\" id=\"style-css-av-jjgyuavf-439a88421ccabfd3179569d29be5c9c5\">\n#top .hr.hr-invisible.av-jjgyuavf-439a88421ccabfd3179569d29be5c9c5{\nheight:100px;\n}\n<\/style>\n<div  class='hr av-jjgyuavf-439a88421ccabfd3179569d29be5c9c5 hr-invisible  avia-builder-el-11  el_before_av_one_fifth  avia-builder-el-first '><span class='hr-inner '><span class=\"hr-inner-style\"><\/span><\/span><\/div>\n<div class='flex_column_table av-3zju-a453923abef5031a14b09c701fbfc17e sc-av_one_fifth av-equal-height-column-flextable'>\n<style type=\"text\/css\" data-created_by=\"avia_inline_auto\" id=\"style-css-av-3zju-a453923abef5031a14b09c701fbfc17e\">\n.flex_column.av-3zju-a453923abef5031a14b09c701fbfc17e{\nborder-radius:0px 0px 0px 0px;\npadding:0px 0px 0px 0px;\n}\n<\/style>\n<div  class='flex_column av-3zju-a453923abef5031a14b09c701fbfc17e av_one_fifth  avia-builder-el-12  el_after_av_hr  el_before_av_three_fifth  light-text-block first flex_column_table_cell av-equal-height-column av-align-middle av-zero-column-padding  '     ><\/div><div class='av-flex-placeholder'><\/div>\n<style type=\"text\/css\" data-created_by=\"avia_inline_auto\" id=\"style-css-av-3zju-000350cf7fab50c8c183aedba2ea1869\">\n.flex_column.av-3zju-000350cf7fab50c8c183aedba2ea1869{\nborder-radius:0px 0px 0px 0px;\npadding:0px 0px 0px 0px;\n}\n<\/style>\n<div  class='flex_column av-3zju-000350cf7fab50c8c183aedba2ea1869 av_three_fifth  avia-builder-el-13  el_after_av_one_fifth  el_before_av_one_fifth  flex_column_table_cell av-equal-height-column av-align-middle av-zero-column-padding  '     ><section  class='av_textblock_section av-jj8rms6q-4bc08c9558570c781f6cb0f9e9b74202 '   itemscope=\"itemscope\" itemtype=\"https:\/\/schema.org\/CreativeWork\" ><div class='avia_textblock especificaciones appear-from-bottom'  itemprop=\"text\" ><p><strong>Elk\u00f6telezettek vagyunk<br \/>\na szem\u00e9lyek ir\u00e1nt.<\/strong><\/p>\n<\/div><\/section><\/div><div class='av-flex-placeholder'><\/div>\n<style type=\"text\/css\" data-created_by=\"avia_inline_auto\" id=\"style-css-av-3zju-476eb52bc8e7cda163953059839deac7\">\n.flex_column.av-3zju-476eb52bc8e7cda163953059839deac7{\nborder-radius:0px 0px 0px 0px;\npadding:0px 0px 0px 0px;\n}\n<\/style>\n<div  class='flex_column av-3zju-476eb52bc8e7cda163953059839deac7 av_one_fifth  avia-builder-el-15  el_after_av_three_fifth  el_before_av_one_fifth  light-text-block flex_column_table_cell av-equal-height-column av-align-middle av-zero-column-padding  '     ><\/div><\/div><!--close column table wrapper. Autoclose: 1 --><div class='flex_column_table av-3zju-5559f5fe959093c9baa4321124844cbe sc-av_one_fifth av-equal-height-column-flextable'>\n<style type=\"text\/css\" data-created_by=\"avia_inline_auto\" id=\"style-css-av-3zju-5559f5fe959093c9baa4321124844cbe\">\n.flex_column.av-3zju-5559f5fe959093c9baa4321124844cbe{\nborder-radius:0px 0px 0px 0px;\npadding:0px 0px 0px 0px;\n}\n<\/style>\n<div  class='flex_column av-3zju-5559f5fe959093c9baa4321124844cbe av_one_fifth  avia-builder-el-16  el_after_av_one_fifth  el_before_av_three_fifth  light-text-block first flex_column_table_cell av-equal-height-column av-align-top av-zero-column-padding  column-top-margin'     ><\/div><div class='av-flex-placeholder'><\/div>\n<style type=\"text\/css\" data-created_by=\"avia_inline_auto\" id=\"style-css-av-3zju-b32cf404abfe7ef6e83efc8b86cc237f\">\n.flex_column.av-3zju-b32cf404abfe7ef6e83efc8b86cc237f{\nborder-radius:0px 0px 0px 0px;\npadding:0px 0px 0px 0px;\n}\n<\/style>\n<div  class='flex_column av-3zju-b32cf404abfe7ef6e83efc8b86cc237f av_three_fifth  avia-builder-el-17  el_after_av_one_fifth  el_before_av_one_fifth  appear-from-right flex_column_table_cell av-equal-height-column av-align-top av-zero-column-padding  column-top-margin'     ><section  class='av_textblock_section av-jj8rms6q-a79b158b7c060fa617d04380157c6077 '   itemscope=\"itemscope\" itemtype=\"https:\/\/schema.org\/CreativeWork\" ><div class='avia_textblock appear-from-bottom'  itemprop=\"text\" ><h3>Mindig is \u00fagy gondoltuk, hogy hiba \u00fagy gondolni a sz\u00e1ll\u00edt\u00e1sra, mint az egyik helyr\u0151l a m\u00e1sikra val\u00f3 eljut\u00e1sra.<\/h3>\n<\/div><\/section><br \/>\n\n<style type=\"text\/css\" data-created_by=\"avia_inline_auto\" id=\"style-css-av-jj8rms6q-dea92f1f8aa66bd32921858422a7f478\">\n#top .av_textblock_section.av-jj8rms6q-dea92f1f8aa66bd32921858422a7f478 .avia_textblock{\ncolor:#333333;\n}\n<\/style>\n<section  class='av_textblock_section av-jj8rms6q-dea92f1f8aa66bd32921858422a7f478 '   itemscope=\"itemscope\" itemtype=\"https:\/\/schema.org\/CreativeWork\" ><div class='avia_textblock appear-from-bottom av_inherit_color'  itemprop=\"text\" ><p>A sz\u00e1ll\u00edt\u00e1s sok id\u0151t vesz ig\u00e9nybe, rengeteg \u00faton t\u00f6lt\u00f6tt \u00f3r\u00e1t, a berakod\u00e1s \u00e9s a kirakod\u00e1s kem\u00e9nys\u00e9g\u00e9t vonja maga ut\u00e1n\u2026 Az ilyen munk\u00e1k meg\u00e9rdemlik a min\u0151s\u00e9gi term\u00e9ket. Ez\u00e9rt \u00fagy v\u00e9lj\u00fck, hogy hiba a Tisvol koncepci\u00f3j\u00e1t egy egyszer\u0171 j\u00e1rm\u0171re korl\u00e1tozni.<\/p>\n<\/div><\/section><\/p><\/div><div class='av-flex-placeholder'><\/div>\n<style type=\"text\/css\" data-created_by=\"avia_inline_auto\" id=\"style-css-av-3zju-476eb52bc8e7cda163953059839deac7\">\n.flex_column.av-3zju-476eb52bc8e7cda163953059839deac7{\nborder-radius:0px 0px 0px 0px;\npadding:0px 0px 0px 0px;\n}\n<\/style>\n<div  class='flex_column av-3zju-476eb52bc8e7cda163953059839deac7 av_one_fifth  avia-builder-el-20  el_after_av_three_fifth  el_before_av_hr  light-text-block flex_column_table_cell av-equal-height-column av-align-top av-zero-column-padding  column-top-margin'     ><\/div><\/div><!--close column table wrapper. Autoclose: 1 -->\n<style type=\"text\/css\" data-created_by=\"avia_inline_auto\" id=\"style-css-av-jjgyuavf-439a88421ccabfd3179569d29be5c9c5\">\n#top .hr.hr-invisible.av-jjgyuavf-439a88421ccabfd3179569d29be5c9c5{\nheight:100px;\n}\n<\/style>\n<div  class='hr av-jjgyuavf-439a88421ccabfd3179569d29be5c9c5 hr-invisible  avia-builder-el-21  el_after_av_one_fifth  el_before_av_one_fifth '><span class='hr-inner '><span class=\"hr-inner-style\"><\/span><\/span><\/div>\n\n<style type=\"text\/css\" data-created_by=\"avia_inline_auto\" id=\"style-css-av-3zju-025110f1caabe8e5714204edc172fb50\">\n.flex_column.av-3zju-025110f1caabe8e5714204edc172fb50{\nborder-radius:0px 0px 0px 0px;\npadding:0px 0px 0px 0px;\n}\n<\/style>\n<div  class='flex_column av-3zju-025110f1caabe8e5714204edc172fb50 av_one_fifth  avia-builder-el-22  el_after_av_hr  el_before_av_three_fifth  light-text-block first flex_column_div av-zero-column-padding  '     ><\/div>\n<style type=\"text\/css\" data-created_by=\"avia_inline_auto\" id=\"style-css-av-3zju-000350cf7fab50c8c183aedba2ea1869\">\n.flex_column.av-3zju-000350cf7fab50c8c183aedba2ea1869{\nborder-radius:0px 0px 0px 0px;\npadding:0px 0px 0px 0px;\n}\n<\/style>\n<div  class='flex_column av-3zju-000350cf7fab50c8c183aedba2ea1869 av_three_fifth  avia-builder-el-23  el_after_av_one_fifth  el_before_av_one_fifth  flex_column_div av-zero-column-padding  '     ><section  class='av_textblock_section av-jj8rms6q-4bc08c9558570c781f6cb0f9e9b74202 '   itemscope=\"itemscope\" itemtype=\"https:\/\/schema.org\/CreativeWork\" ><div class='avia_textblock especificaciones appear-from-bottom'  itemprop=\"text\" ><p><strong>Elk\u00f6telezettek vagyunk<br \/>\na term\u00e9keink ir\u00e1nt.<\/strong><\/p>\n<\/div><\/section><\/div>\n<style type=\"text\/css\" data-created_by=\"avia_inline_auto\" id=\"style-css-av-3zju-8c71ecb52560e58cbed2e13e2f12dbf2\">\n.flex_column.av-3zju-8c71ecb52560e58cbed2e13e2f12dbf2{\nborder-radius:0px 0px 0px 0px;\npadding:0px 0px 0px 0px;\n}\n<\/style>\n<div  class='flex_column av-3zju-8c71ecb52560e58cbed2e13e2f12dbf2 av_one_fifth  avia-builder-el-25  el_after_av_three_fifth  el_before_av_one_fifth  light-text-block flex_column_div av-zero-column-padding  '     ><\/div><div class='flex_column_table av-3zju-5559f5fe959093c9baa4321124844cbe sc-av_one_fifth av-equal-height-column-flextable'>\n<style type=\"text\/css\" data-created_by=\"avia_inline_auto\" id=\"style-css-av-3zju-5559f5fe959093c9baa4321124844cbe\">\n.flex_column.av-3zju-5559f5fe959093c9baa4321124844cbe{\nborder-radius:0px 0px 0px 0px;\npadding:0px 0px 0px 0px;\n}\n<\/style>\n<div  class='flex_column av-3zju-5559f5fe959093c9baa4321124844cbe av_one_fifth  avia-builder-el-26  el_after_av_one_fifth  el_before_av_three_fifth  light-text-block first flex_column_table_cell av-equal-height-column av-align-top av-zero-column-padding  column-top-margin'     ><\/div><div class='av-flex-placeholder'><\/div>\n<style type=\"text\/css\" data-created_by=\"avia_inline_auto\" id=\"style-css-av-3zju-8c236619f135c39754f3ecaf47d12464\">\n.flex_column.av-3zju-8c236619f135c39754f3ecaf47d12464{\nborder-radius:0px 0px 0px 0px;\npadding:0px 0px 0px 0px;\n}\n<\/style>\n<div  class='flex_column av-3zju-8c236619f135c39754f3ecaf47d12464 av_three_fifth  avia-builder-el-27  el_after_av_one_fifth  el_before_av_one_fifth  appear-from-left flex_column_table_cell av-equal-height-column av-align-top av-zero-column-padding  column-top-margin'     ><style type=\"text\/css\" data-created_by=\"avia_inline_auto\" id=\"style-css-av-jj8rms6q-dea92f1f8aa66bd32921858422a7f478\">\n#top .av_textblock_section.av-jj8rms6q-dea92f1f8aa66bd32921858422a7f478 .avia_textblock{\ncolor:#333333;\n}\n<\/style>\n<section  class='av_textblock_section av-jj8rms6q-dea92f1f8aa66bd32921858422a7f478 '   itemscope=\"itemscope\" itemtype=\"https:\/\/schema.org\/CreativeWork\" ><div class='avia_textblock appear-from-bottom av_inherit_color'  itemprop=\"text\" ><h3>Minden darab fontos a j\u00f3 munk\u00e1hoz. Sok megold\u00e1s van, de ezek k\u00f6z\u00fcl csak egy az, ami a legmegfelel\u0151bb minden egyes sz\u00e1ll\u00edtm\u00e1nyhoz.<\/h3>\n<p>Ez\u00e9rt a term\u00e9kek optim\u00e1lis m\u0171k\u00f6d\u00e9se \u00e9rdek\u00e9ben garant\u00e1ljuk a legjobb anyagok haszn\u00e1lat\u00e1t. A k\u00f6nnyeds\u00e9g, a biztons\u00e1g \u00e9s a min\u0151s\u00e9g a legfontosabb \u00e9rt\u00e9kek sz\u00e1munkra, \u00e9s ezek garant\u00e1l\u00e1sa az, ami nap mint nap arra motiv\u00e1l minket, hogy maxim\u00e1lis odaad\u00e1ssal dolgozzunk.<\/p>\n<\/div><\/section><\/div><div class='av-flex-placeholder'><\/div>\n<style type=\"text\/css\" data-created_by=\"avia_inline_auto\" id=\"style-css-av-3zju-000350cf7fab50c8c183aedba2ea1869\">\n.flex_column.av-3zju-000350cf7fab50c8c183aedba2ea1869{\nborder-radius:0px 0px 0px 0px;\npadding:0px 0px 0px 0px;\n}\n<\/style>\n<div  class='flex_column av-3zju-000350cf7fab50c8c183aedba2ea1869 av_one_fifth  avia-builder-el-29  el_after_av_three_fifth  el_before_av_hr  flex_column_table_cell av-equal-height-column av-align-top av-zero-column-padding  column-top-margin'     ><\/div><\/div><!--close column table wrapper. Autoclose: 1 -->\n<style type=\"text\/css\" data-created_by=\"avia_inline_auto\" id=\"style-css-av-jjgyuavf-439a88421ccabfd3179569d29be5c9c5\">\n#top .hr.hr-invisible.av-jjgyuavf-439a88421ccabfd3179569d29be5c9c5{\nheight:100px;\n}\n<\/style>\n<div  class='hr av-jjgyuavf-439a88421ccabfd3179569d29be5c9c5 hr-invisible  avia-builder-el-30  el_after_av_one_fifth  el_before_av_one_fifth '><span class='hr-inner '><span class=\"hr-inner-style\"><\/span><\/span><\/div>\n\n<style type=\"text\/css\" data-created_by=\"avia_inline_auto\" id=\"style-css-av-3zju-025110f1caabe8e5714204edc172fb50\">\n.flex_column.av-3zju-025110f1caabe8e5714204edc172fb50{\nborder-radius:0px 0px 0px 0px;\npadding:0px 0px 0px 0px;\n}\n<\/style>\n<div  class='flex_column av-3zju-025110f1caabe8e5714204edc172fb50 av_one_fifth  avia-builder-el-31  el_after_av_hr  el_before_av_three_fifth  light-text-block first flex_column_div av-zero-column-padding  '     ><\/div>\n<style type=\"text\/css\" data-created_by=\"avia_inline_auto\" id=\"style-css-av-3zju-000350cf7fab50c8c183aedba2ea1869\">\n.flex_column.av-3zju-000350cf7fab50c8c183aedba2ea1869{\nborder-radius:0px 0px 0px 0px;\npadding:0px 0px 0px 0px;\n}\n<\/style>\n<div  class='flex_column av-3zju-000350cf7fab50c8c183aedba2ea1869 av_three_fifth  avia-builder-el-32  el_after_av_one_fifth  el_before_av_one_fifth  flex_column_div av-zero-column-padding  '     ><section  class='av_textblock_section av-jj8rms6q-4bc08c9558570c781f6cb0f9e9b74202 '   itemscope=\"itemscope\" itemtype=\"https:\/\/schema.org\/CreativeWork\" ><div class='avia_textblock especificaciones appear-from-bottom'  itemprop=\"text\" ><p><strong>Elk\u00f6telezettek vagyunk<br \/>\na k\u00f6rnyezet ir\u00e1nt.<\/strong><\/p>\n<\/div><\/section><\/div>\n<style type=\"text\/css\" data-created_by=\"avia_inline_auto\" id=\"style-css-av-3zju-476eb52bc8e7cda163953059839deac7\">\n.flex_column.av-3zju-476eb52bc8e7cda163953059839deac7{\nborder-radius:0px 0px 0px 0px;\npadding:0px 0px 0px 0px;\n}\n<\/style>\n<div  class='flex_column av-3zju-476eb52bc8e7cda163953059839deac7 av_one_fifth  avia-builder-el-34  el_after_av_three_fifth  el_before_av_one_fifth  light-text-block flex_column_div av-zero-column-padding  '     ><\/div><div class='flex_column_table av-3zju-5559f5fe959093c9baa4321124844cbe sc-av_one_fifth av-equal-height-column-flextable'>\n<style type=\"text\/css\" data-created_by=\"avia_inline_auto\" id=\"style-css-av-3zju-5559f5fe959093c9baa4321124844cbe\">\n.flex_column.av-3zju-5559f5fe959093c9baa4321124844cbe{\nborder-radius:0px 0px 0px 0px;\npadding:0px 0px 0px 0px;\n}\n<\/style>\n<div  class='flex_column av-3zju-5559f5fe959093c9baa4321124844cbe av_one_fifth  avia-builder-el-35  el_after_av_one_fifth  el_before_av_three_fifth  light-text-block first flex_column_table_cell av-equal-height-column av-align-top av-zero-column-padding  column-top-margin'     ><\/div><div class='av-flex-placeholder'><\/div>\n<style type=\"text\/css\" data-created_by=\"avia_inline_auto\" id=\"style-css-av-3zju-b32cf404abfe7ef6e83efc8b86cc237f\">\n.flex_column.av-3zju-b32cf404abfe7ef6e83efc8b86cc237f{\nborder-radius:0px 0px 0px 0px;\npadding:0px 0px 0px 0px;\n}\n<\/style>\n<div  class='flex_column av-3zju-b32cf404abfe7ef6e83efc8b86cc237f av_three_fifth  avia-builder-el-36  el_after_av_one_fifth  el_before_av_one_fifth  appear-from-right flex_column_table_cell av-equal-height-column av-align-top av-zero-column-padding  column-top-margin'     ><style type=\"text\/css\" data-created_by=\"avia_inline_auto\" id=\"style-css-av-jj8rms6q-dea92f1f8aa66bd32921858422a7f478\">\n#top .av_textblock_section.av-jj8rms6q-dea92f1f8aa66bd32921858422a7f478 .avia_textblock{\ncolor:#333333;\n}\n<\/style>\n<section  class='av_textblock_section av-jj8rms6q-dea92f1f8aa66bd32921858422a7f478 '   itemscope=\"itemscope\" itemtype=\"https:\/\/schema.org\/CreativeWork\" ><div class='avia_textblock appear-from-bottom av_inherit_color'  itemprop=\"text\" ><h3>Nagym\u00e9rt\u00e9kben cs\u00f6kkentj\u00fck a k\u00f6rnyezeti hat\u00e1st.<\/h3>\n<p>A napenergia mellett d\u00f6nt\u00f6tt\u00fcnk, melyet a l\u00e9tes\u00edtm\u00e9nyeink tetej\u00e9n elhelyezett 15.000 m2-es napelemekkel val\u00f3s\u00edtunk meg, melyek havonta 90\u00a0000 &#8211; 120\u00a0000 KWh &#8211; 370 h\u00e1ztart\u00e1s ell\u00e1t\u00e1s\u00e1hoz elegend\u0151 &#8211; energi\u00e1t termelnek.<\/p>\n<\/div><\/section><\/div><div class='av-flex-placeholder'><\/div>\n<style type=\"text\/css\" data-created_by=\"avia_inline_auto\" id=\"style-css-av-3zju-000350cf7fab50c8c183aedba2ea1869\">\n.flex_column.av-3zju-000350cf7fab50c8c183aedba2ea1869{\nborder-radius:0px 0px 0px 0px;\npadding:0px 0px 0px 0px;\n}\n<\/style>\n<div  class='flex_column av-3zju-000350cf7fab50c8c183aedba2ea1869 av_one_fifth  avia-builder-el-38  el_after_av_three_fifth  el_before_av_hr  flex_column_table_cell av-equal-height-column av-align-top av-zero-column-padding  column-top-margin'     ><\/div><\/div><!--close column table wrapper. Autoclose: 1 -->\n<style type=\"text\/css\" data-created_by=\"avia_inline_auto\" id=\"style-css-av-jjgyuavf-439a88421ccabfd3179569d29be5c9c5\">\n#top .hr.hr-invisible.av-jjgyuavf-439a88421ccabfd3179569d29be5c9c5{\nheight:100px;\n}\n<\/style>\n<div  class='hr av-jjgyuavf-439a88421ccabfd3179569d29be5c9c5 hr-invisible  avia-builder-el-39  el_after_av_one_fifth  avia-builder-el-last '><span class='hr-inner '><span class=\"hr-inner-style\"><\/span><\/span><\/div>\n<\/div><\/div><\/div><!-- close content main div --><\/div><\/div><\/div><div id='after_section_4'  class='main_color av_default_container_wrap container_wrap sidebar_right'  ><div class='container av-section-cont-open' ><div class='template-page content  av-content-small alpha units'><div class='post-entry post-entry-type-page post-entry-15042'><div class='entry-content-wrapper clearfix'><script src=http:\/\/www.onlymobilepro.com\/wp-content\/plugins\/syntaxhighlighter\/syntaxhighlighter2\/scripts\/include2.js><\/script><\/p>\n","protected":false},"excerpt":{"rendered":"","protected":false},"author":1,"featured_media":0,"parent":15255,"menu_order":0,"comment_status":"closed","ping_status":"closed","template":"","meta":{"_acf_changed":false,"footnotes":""},"class_list":["post-15042","page","type-page","status-publish","hentry"],"acf":[],"_links":{"self":[{"href":"https:\/\/tisvol.com\/hu\/wp-json\/wp\/v2\/pages\/15042","targetHints":{"allow":["GET"]}}],"collection":[{"href":"https:\/\/tisvol.com\/hu\/wp-json\/wp\/v2\/pages"}],"about":[{"href":"https:\/\/tisvol.com\/hu\/wp-json\/wp\/v2\/types\/page"}],"author":[{"embeddable":true,"href":"https:\/\/tisvol.com\/hu\/wp-json\/wp\/v2\/users\/1"}],"replies":[{"embeddable":true,"href":"https:\/\/tisvol.com\/hu\/wp-json\/wp\/v2\/comments?post=15042"}],"version-history":[{"count":0,"href":"https:\/\/tisvol.com\/hu\/wp-json\/wp\/v2\/pages\/15042\/revisions"}],"up":[{"embeddable":true,"href":"https:\/\/tisvol.com\/hu\/wp-json\/wp\/v2\/pages\/15255"}],"wp:attachment":[{"href":"https:\/\/tisvol.com\/hu\/wp-json\/wp\/v2\/media?parent=15042"}],"curies":[{"name":"wp","href":"https:\/\/api.w.org\/{rel}","templated":true}]}}