{"id":37596,"date":"2024-01-22T11:02:37","date_gmt":"2024-01-22T10:02:37","guid":{"rendered":"https:\/\/tisvol.com\/encuesta\/"},"modified":"2024-06-19T18:13:14","modified_gmt":"2024-06-19T16:13:14","slug":"enquete","status":"publish","type":"page","link":"https:\/\/tisvol.com\/fr\/enquete\/","title":{"rendered":"Enqu\u00eate"},"content":{"rendered":"<div class=\"t-encuesta-hero\">\n<div class=\"t-encuesta-hero-content\"><img decoding=\"async\" class=\"t-encuesta-hero-logo\" src=\"https:\/\/tisvol.com\/wp-content\/uploads\/2022\/05\/logo-tisvol.png\" alt=\"Tisvol Logo\" width=\"181\" \/><\/div>\n<\/div>\n<div class=\"t-encuesta-container\">\n<div class=\"t-encuesta-text\">\n<h3>Votre satisfaction est tr\u00e8s importante<\/h3>\n<p class=\"t-encuesta-intro\">Chez Tisvol, nous travaillons chaque jour pour vous offrir des semi-remorques basculantes de qualit\u00e9 sup\u00e9rieure. Nous voulons \u00eatre votre meilleur partenaire de travail et, pour cela, votre satisfaction est tr\u00e8s importante. C&rsquo;est pourquoi nous aimerions que vous r\u00e9pondiez \u00e0 ces quelques questions br\u00e8ves. Cela nous aidera \u00e0 savoir si nous avons atteint notre objectif et \u00e0 nous am\u00e9liorer \u00e0 l&rsquo;avenir. On commence?<\/p>\n<\/div>\n<div class=\"t-encuesta-form-container\">\n<form class=\"t-encuesta-form\" action=\"https:\/\/docs.google.com\/forms\/u\/0\/d\/e\/1FAIpQLSfZ7S0gf0Z8wMdMRQN9YSXx_X5xqcRigDKsjA14fK0S841T4g\/formResponse\">\n<div class=\"gf-tisvol-begins\">\n<p class=\"gf-tisvol gf-textblock\"><label>Nom et pr\u00e9nom<\/label><br \/>\n<input name=\"entry.279325859\" required=\"\" type=\"text\" \/><\/p>\n<p class=\"gf-tisvol gf-textblock\"><label>Email*<\/label><br \/>\n<input name=\"entry.1880033964\" required=\"\" type=\"email\" \/><\/p>\n<p class=\"gf-tisvol gf-textblock\"><label>Sur une \u00e9chelle de 1 \u00e0 10, comment \u00e9valueriez-vous votre exp\u00e9rience avec Tisvol ?<\/label><br \/>\n<select name=\"entry.1509839557\"><option class=\"gf-selecciona\" disabled=\"disabled\" selected=\"selected\" value=\"\">S\u00e9lectionner<\/option><option value=\"10\">10<\/option><option value=\"9\">9<\/option><option value=\"8\">8<\/option><option value=\"7\">7<\/option><option value=\"6\">6<\/option><option value=\"5\">5<\/option><option value=\"4\">4<\/option><option value=\"3\">3<\/option><option value=\"2\">2<\/option><option value=\"1\">1<\/option><\/select><\/p>\n<p class=\"gf-tisvol gf-textblock\"><label>Sur une \u00e9chelle de 1 \u00e0 10, quelle est la probabilit\u00e9 que vous fassiez des achats futurs avec Tisvol ?<\/label><br \/>\n<select name=\"entry.1789807026\"><option class=\"gf-selecciona\" disabled=\"disabled\" selected=\"selected\" value=\"\">S\u00e9lectionner<\/option><option value=\"10\">10<\/option><option value=\"9\">9<\/option><option value=\"8\">8<\/option><option value=\"7\">7<\/option><option value=\"6\">6<\/option><option value=\"5\">5<\/option><option value=\"4\">4<\/option><option value=\"3\">3<\/option><option value=\"2\">2<\/option><option value=\"1\">1<\/option><\/select><\/p>\n<p class=\"gf-tisvol gf-tisvol-comentarios\"><label>Y a-t-il des aspects sp\u00e9cifiques du v\u00e9hicule ou du processus d&rsquo;achat que vous pensez que nous pourrions am\u00e9liorer ?<\/label><br \/>\n<textarea name=\"entry.1354064373\" rows=\"4\" placeholder=\"Ecrivez votre r\u00e9ponse\"><\/textarea><\/p>\n<p class=\"gf-tisvol gf-tisvol-comentarios\"><label>Y a-t-il quelque chose en particulier qui pourrait influencer votre d\u00e9cision de choisir ou non Tisvol \u00e0 l&rsquo;avenir ?<\/label><br \/>\n<textarea name=\"entry.2069011290\" rows=\"4\" placeholder=\"Ecrivez votre r\u00e9ponse\"><\/textarea><\/p>\n<\/div>\n<div class=\"gf-tisvol-ending\">\n<p class=\"gf-tisvol\"><input id=\"privacidad\" required=\"\" type=\"checkbox\" \/> J&rsquo;ai lu et j&rsquo;accepte la <a style=\"text-decoration: underline;\" href=\"https:\/\/tisvol.com\/fr\/privacidad\/\">politique de confidentialit\u00e9<\/a> de Tisvol<\/p>\n<p class=\"gf-tisvol\"><input id=\"botonEnviar\" type=\"submit\" value=\"Envoyer\" \/><\/p>\n<\/div>\n<\/form>\n<\/div>\n<\/div>\n<div class=\"t-encuesta-coda\">\n<div class=\"t-encuesta-coda-content\">#hazlosuperior<\/div>\n<\/div>\n","protected":false},"excerpt":{"rendered":"<p>Votre satisfaction est tr\u00e8s importante Chez Tisvol, nous travaillons chaque jour pour vous offrir des semi-remorques basculantes de qualit\u00e9 sup\u00e9rieure. Nous voulons \u00eatre votre meilleur partenaire de travail et, pour cela, votre satisfaction est tr\u00e8s importante. C&rsquo;est pourquoi nous aimerions que vous r\u00e9pondiez \u00e0 ces quelques questions br\u00e8ves. Cela nous aidera \u00e0 savoir si nous [&hellip;]<\/p>\n","protected":false},"author":1,"featured_media":0,"parent":0,"menu_order":0,"comment_status":"closed","ping_status":"closed","template":"","meta":{"_acf_changed":false,"footnotes":""},"class_list":["post-37596","page","type-page","status-publish","hentry"],"acf":[],"_links":{"self":[{"href":"https:\/\/tisvol.com\/fr\/wp-json\/wp\/v2\/pages\/37596","targetHints":{"allow":["GET"]}}],"collection":[{"href":"https:\/\/tisvol.com\/fr\/wp-json\/wp\/v2\/pages"}],"about":[{"href":"https:\/\/tisvol.com\/fr\/wp-json\/wp\/v2\/types\/page"}],"author":[{"embeddable":true,"href":"https:\/\/tisvol.com\/fr\/wp-json\/wp\/v2\/users\/1"}],"replies":[{"embeddable":true,"href":"https:\/\/tisvol.com\/fr\/wp-json\/wp\/v2\/comments?post=37596"}],"version-history":[{"count":0,"href":"https:\/\/tisvol.com\/fr\/wp-json\/wp\/v2\/pages\/37596\/revisions"}],"wp:attachment":[{"href":"https:\/\/tisvol.com\/fr\/wp-json\/wp\/v2\/media?parent=37596"}],"curies":[{"name":"wp","href":"https:\/\/api.w.org\/{rel}","templated":true}]}}