{"id":24253,"date":"2021-05-21T13:03:29","date_gmt":"2021-05-21T11:03:29","guid":{"rendered":"https:\/\/tisvol.com\/activacion-de-la-garantia-de-5-anos-tisvol\/"},"modified":"2021-05-28T12:27:26","modified_gmt":"2021-05-28T10:27:26","slug":"activation-de-la-garantie-de-5-ans","status":"publish","type":"page","link":"https:\/\/tisvol.com\/fr\/activation-de-la-garantie-de-5-ans\/","title":{"rendered":"Activation de la garantie de 5 ans"},"content":{"rendered":"<form action=\"https:\/\/webto.salesforce.com\/servlet\/servlet.WebToLead?encoding=UTF-8\" method=\"POST\" id=\"actgarform\">\n<div><input name=\"oid\" type=\"hidden\" value=\"00D24000000inSF\" \/><\/div>\n<div><input name=\"retURL\" type=\"hidden\" value=\"https:\/\/tisvol.com\/fr\/merci-garantie-x5\/\" \/><\/div>\n<p><!--NOTA: Estos campos son elementos de depuraci\u00f3n opcionales. Elimine los comentarios de estas l\u00edneas si desea realizar una prueba en el modo de depuraci\u00f3n.--><br \/>\n<!--<input type=\"hidden\" name=\"debug\" value=1>--><br \/>\n<!--<input type=\"hidden\" name=\"debugEmail\" value=\"soporte@konozca.com\">--><\/p>\n<div class=\"clear\">\n<h3><strong>Activation de la garantie de 5 ans<\/strong><\/h3>\n<\/div>\n<div>\n<p>&nbsp;<\/p>\n<\/div>\n<div class=\"agf_50_col\">\n<p>N\u00b0 de ch\u00e2ssis:<input id=\"00N1o00000JfHeA\" name=\"00N1o00000JfHeA\" size=\"20\" type=\"text\" required\/><\/p>\n<\/div>\n<div class=\"agf_50_col\">\n<p><label for=\"email\">Email 1:<\/label><input id=\"email\" maxlength=\"80\" name=\"email\" size=\"20\" type=\"text\" required\/><\/p>\n<\/div>\n<div class=\"agf_50_col\">\n<p>Email 2:<input id=\"00N1o00000JfHac\" maxlength=\"80\" name=\"00N1o00000JfHac\" size=\"20\" type=\"text\" \/><\/p>\n<\/div>\n<div class=\"agf_50_col\">\n<p>Email 3:<input id=\"00N1o00000JfHah\" maxlength=\"80\" name=\"00N1o00000JfHah\" size=\"20\" type=\"text\" \/><\/p>\n<\/div>\n<div class=\"agf_50_col\">\n<p><label for=\"first_name\">Pr\u00e9nom:<\/label><input id=\"first_name\" maxlength=\"40\" name=\"first_name\" size=\"20\" type=\"text\" required\/><\/p>\n<\/div>\n<div class=\"agf_50_col\">\n<p><label for=\"last_name\">Noms de famille:<\/label><input id=\"last_name\" maxlength=\"80\" name=\"last_name\" size=\"20\" type=\"text\" required\/><\/p>\n<\/div>\n<div class=\"agf_50_col\">\n<p><label for=\"company\">Nom d&rsquo;entreprise:<\/label><input id=\"company\" maxlength=\"40\" name=\"company\" size=\"20\" type=\"text\" required\/><\/p>\n<\/div>\n<div class=\"agf_50_col\">\n<p>R\u00f4le de l&rsquo;enregistreur:<select id=\"00N1o00000JfHam\" title=\"Rol del registrador\" name=\"00N1o00000JfHam\" required><option value=\"\">&#8211;Aucun&#8211;<\/option><option value=\"Decisor\">D\u00e9cideur<\/option><option value=\"Influenciador\">Influenceur<\/option><option value=\"Conductor\">Conducteur<\/option><option value=\"T\u00e9cnico\">Technicien<\/option><option value=\"Administrativo\">Administratif<\/option><\/select><\/p>\n<\/div>\n<div class=\"agf_50_col\">\n<p><label for=\"industry\">Secteur:<\/label><br \/>\n<select id=\"industry\" name=\"industry\" required><option value=\"\">&#8211;Aucun&#8211;<\/option><option value=\"Construcci\u00f3n\">Construction<\/option><option value=\"Carb\u00f3n\">Charbon<\/option><option value=\"Portuario\">Portuaire<\/option><option value=\"Cereal\">C\u00e9r\u00e9ale<\/option><option value=\"Residuos\">R\u00e9sidus<\/option><option value=\"Palets\">Palettes<\/option><option value=\"Otros\">Autres<\/option><option value=\"Multiple\">Multiple<\/option><\/select><\/p>\n<\/div>\n<div class=\"agf_50_col\">\n<p>Nombre de semiremorques basculants actuels:<input id=\"00N1o00000JfHbQ\" name=\"00N1o00000JfHbQ\" size=\"20\" type=\"text\" required\/><\/p>\n<\/div>\n<div class=\"agf_50_col\">\n<p>Adresse postale:<input id=\"00N1o00000JfHf8\" maxlength=\"255\" name=\"00N1o00000JfHf8\" size=\"20\" type=\"text\" required\/><\/p>\n<\/div>\n<div class=\"agf_50_col\">\n<p>Province \/ D\u00e9partement:<input id=\"00N1o00000JfHfD\" maxlength=\"255\" name=\"00N1o00000JfHfD\" size=\"20\" type=\"text\" required\/><\/p>\n<\/div>\n<div class=\"agf_50_col\">\n<p>Pays:<br \/>\n<input id=\"00N1o00000JfHf3\" maxlength=\"255\" name=\"00N1o00000JfHf3\" size=\"20\" type=\"text\" required\/><\/p>\n<\/div>\n<div class=\"agf_50_col\">\n<p>N\u00b0 de t\u00e9l\u00e9phone:<input id=\"00N1o00000JfHfI\" maxlength=\"255\" name=\"00N1o00000JfHfI\" size=\"20\" type=\"text\" required\/><\/p>\n<\/div>\n<div class=\"agf_50_col\">\n<p>CIF\/NIF:<input id=\"00N1o00000JfHba\" maxlength=\"15\" name=\"00N1o00000JfHba\" size=\"20\" type=\"text\" required\/><\/p>\n<\/div>\n<div class=\"clear\"><\/div>\n<div class=\"clear\">\n<h3>Questions:<\/h3>\n<\/div>\n<div class=\"clear\">\n<p>1.Comment avez-vous connue Tisvol?<\/p>\n<\/div>\n<div class=\"agf_33_col\">\n<p><select id=\"00N1o00000JfHbp\" title=\"C\u00f3mo conociste Tisvol?\" name=\"00N1o00000JfHbp\" required><option value=\"\">&#8211;Aucun&#8211;<\/option><option value=\"Por medio de otro cliente\">Par un autre client<\/option><option value=\"Vi un vehiculo Tisvol trabajando\/circulandodo\">J&rsquo;ai vu un v\u00e9hicule Tisvol travailler\/circuler<\/option><option value=\"Por el vendedor\/distribuidor\">Par le vendeur \/ Distributeur<\/option><option value=\"Publicidad\">Publicit\u00e9<\/option><option value=\"Google\">Google<\/option><option value=\"Revistas\">Revues<\/option><option value=\"Facebook\">Facebook<\/option><option value=\"Linkedin\">Linkedin<\/option><option value=\"Exhibiciones\/Ferias\">Expositions \/ Foires<\/option><\/select><\/p>\n<\/div>\n<div class=\"clear\"><\/div>\n<div class=\"clear\">\n<p>2. Notez de 1 \u00e0 10 les aspects suivants:<\/p>\n<\/div>\n<div class=\"agf_33_col\">\n<p>\u00a0 a. Satisfaction avec son vendeur\/distributeur:<br \/>\n<select id=\"00N1o00000JfHbz\" title=\"Satisfacci\u00f3n con su vendedor\/distrib.\" name=\"00N1o00000JfHbz\" required><option value=\"\">&#8211;Aucun&#8211;<\/option><option value=\"1\">1<\/option><option value=\"2\">2<\/option><option value=\"3\">3<\/option><option value=\"4\">4<\/option><option value=\"5\">5<\/option><option value=\"6\">6<\/option><option value=\"7\">7<\/option><option value=\"8\">8<\/option><option value=\"9\">9<\/option><option value=\"10\">10<\/option><\/select><\/p>\n<\/div>\n<div class=\"agf_33_col\">\n<p>\u00a0 b. Satisfaction avec la remise du v\u00e9hicule:<br \/>\n<select id=\"00N1o00000JfHcn\" title=\"Satisfacci\u00f3n con la entrega del veh\u00edculo\" name=\"00N1o00000JfHcn\" required><option value=\"\">&#8211;Aucun&#8211;<\/option><option value=\"1\">1<\/option><option value=\"2\">2<\/option><option value=\"3\">3<\/option><option value=\"4\">4<\/option><option value=\"5\">5<\/option><option value=\"6\">6<\/option><option value=\"7\">7<\/option><option value=\"8\">8<\/option><option value=\"9\">9<\/option><option value=\"10\">10<\/option><\/select><\/p>\n<\/div>\n<div class=\"agf_33_col\">\n<p>\u00a0 c. Satisfaction avec la qualit\u00e9 du v\u00e9hicule:<br \/>\n<select id=\"00N1o00000JfHcs\" title=\"Satisfacci\u00f3n con la calidad del veh\u00edculo\" name=\"00N1o00000JfHcs\" required><option value=\"\">&#8211;Aucun&#8211;<\/option><option value=\"1\">1<\/option><option value=\"2\">2<\/option><option value=\"3\">3<\/option><option value=\"4\">4<\/option><option value=\"5\">5<\/option><option value=\"6\">6<\/option><option value=\"7\">7<\/option><option value=\"8\">8<\/option><option value=\"9\">9<\/option><option value=\"10\">10<\/option><\/select><\/p>\n<\/div>\n<div class=\"clear\"><\/div>\n<div class=\"clear\">\n<p>3. De 1 \u00e0 10 recommandation \u00e0 un ami (NPS):<\/p>\n<\/div>\n<div class=\"agf_33_col\">\n<p><select id=\"00N1o00000JfHd7\" title=\"Del 1 al 10 recomendaci\u00f3n a un amigo\" name=\"00N1o00000JfHd7\" required><option value=\"\">&#8211;Aucun&#8211;<\/option><option value=\"1\">1<\/option><option value=\"2\">2<\/option><option value=\"3\">3<\/option><option value=\"4\">4<\/option><option value=\"5\">5<\/option><option value=\"6\">6<\/option><option value=\"7\">7<\/option><option value=\"8\">8<\/option><option value=\"9\">9<\/option><option value=\"10\">10<\/option><\/select><\/p>\n<\/div>\n<div class=\"clear\"><\/div>\n<div class=\"clear\">\n<p style=\"max-width: 90%;\">4. Parmi les raisons suivantes laquelle a \u00e9t\u00e9 la principale pour choisir Tisvol:<\/p>\n<\/div>\n<div class=\"agf_33_col\">\n<p><select id=\"00N1o00000JfHdv\" title=\"Motivos principales para elegir a Tisvol\" name=\"00N1o00000JfHdv\" required><option value=\"\">&#8211;Aucun&#8211;<\/option><option value=\"i. Unidad de entrega inmediata\">i. Unit\u00e9 de livraison imm\u00e9diate<\/option><option value=\"ii. Posibilidad de personalizaci\u00f3n\">ii. Possibilit\u00e9 de personnalisation<\/option><option value=\"iii. Precio ajustado\">iii. Prix ajust\u00e9<\/option><option value=\"iv. Calidad superior\">iv. Qualit\u00e9 sup\u00e9rieure<\/option><option value=\"v. Acabados excelentes\">v. Excellentes finitions<\/option><option value=\"vi. Confianza en la marca\">vi. Confiance dans la marque<\/option><option value=\"vii. Confianza en el vendedor\/distribuidor\">vii. Confiance dans le vendeur\/distributeur<\/option><\/select><\/p>\n<\/div>\n<div class=\"clear\"><\/div>\n<div class=\"clear\">\n<p>5. Et laquelle choisiriez-vous en second lieu?:<\/p>\n<\/div>\n<div class=\"agf_33_col\">\n<p><select id=\"00N1o00000JfHe5\" title=\"Cual elegir\u00eda en segundo lugar?\" name=\"00N1o00000JfHe5\" required><option value=\"\">&#8211;Aucun&#8211;<\/option><option value=\"i. Unidad de entrega inmediata\">i. Unit\u00e9 de livraison imm\u00e9diate<\/option><option value=\"ii. Posibilidad de personalizaci\u00f3n\">ii. Possibilit\u00e9 de personnalisation<\/option><option value=\"iii. Precio ajustado\">iii. Prix ajust\u00e9<\/option><option value=\"iv. Calidad superior\">iv. Qualit\u00e9 sup\u00e9rieure<\/option><option value=\"v. Acabados excelentes\">v. Excellentes finitions<\/option><option value=\"vi. Confianza en la marca\">vi. Confiance dans la marque<\/option><option value=\"vii. Confianza en el vendedor\/distribuidor\">vii. Confiance dans le vendeur\/distributeur<\/option><\/select><\/p>\n<\/div>\n<div class=\"agf_100_col\">\n<p><input name=\"lead_source\" type=\"hidden\" value=\"Web\" \/><br \/>\n<input id=\"00N1o00000JfHfS\" checked=\"checked\" name=\"00N1o00000JfHfS\" type=\"hidden\" value=\"1\" \/><br \/>\n<input name=\"submit\" type=\"submit\" value=\"Envoyer\"><\/p>\n<\/div>\n<\/form>\n","protected":false},"excerpt":{"rendered":"<p>Activation de la garantie de 5 ans &nbsp; N\u00b0 de ch\u00e2ssis: Email 1: Email 2: Email 3: Pr\u00e9nom: Noms de famille: Nom d&rsquo;entreprise: R\u00f4le de l&rsquo;enregistreur:&#8211;Aucun&#8211;D\u00e9cideurInfluenceurConducteurTechnicienAdministratif Secteur: &#8211;Aucun&#8211;ConstructionCharbonPortuaireC\u00e9r\u00e9aleR\u00e9sidusPalettesAutresMultiple Nombre de semiremorques basculants actuels: Adresse postale: Province \/ D\u00e9partement: Pays: N\u00b0 de t\u00e9l\u00e9phone: CIF\/NIF: Questions: 1.Comment avez-vous connue Tisvol? &#8211;Aucun&#8211;Par un autre clientJ&rsquo;ai vu un v\u00e9hicule [&hellip;]<\/p>\n","protected":false},"author":1,"featured_media":24042,"parent":0,"menu_order":0,"comment_status":"closed","ping_status":"closed","template":"activacion.php","meta":{"_acf_changed":false,"footnotes":""},"class_list":["post-24253","page","type-page","status-publish","has-post-thumbnail","hentry"],"acf":[],"_links":{"self":[{"href":"https:\/\/tisvol.com\/fr\/wp-json\/wp\/v2\/pages\/24253","targetHints":{"allow":["GET"]}}],"collection":[{"href":"https:\/\/tisvol.com\/fr\/wp-json\/wp\/v2\/pages"}],"about":[{"href":"https:\/\/tisvol.com\/fr\/wp-json\/wp\/v2\/types\/page"}],"author":[{"embeddable":true,"href":"https:\/\/tisvol.com\/fr\/wp-json\/wp\/v2\/users\/1"}],"replies":[{"embeddable":true,"href":"https:\/\/tisvol.com\/fr\/wp-json\/wp\/v2\/comments?post=24253"}],"version-history":[{"count":0,"href":"https:\/\/tisvol.com\/fr\/wp-json\/wp\/v2\/pages\/24253\/revisions"}],"wp:featuredmedia":[{"embeddable":true,"href":"https:\/\/tisvol.com\/fr\/wp-json\/wp\/v2\/media\/24042"}],"wp:attachment":[{"href":"https:\/\/tisvol.com\/fr\/wp-json\/wp\/v2\/media?parent=24253"}],"curies":[{"name":"wp","href":"https:\/\/api.w.org\/{rel}","templated":true}]}}