{"id":14256,"date":"2018-07-05T14:09:08","date_gmt":"2018-07-05T14:09:08","guid":{"rendered":"https:\/\/tisvol.com\/privacidad\/"},"modified":"2021-02-22T13:11:22","modified_gmt":"2021-02-22T12:11:22","slug":"privacidad","status":"publish","type":"page","link":"https:\/\/tisvol.com\/fr\/privacidad\/","title":{"rendered":"Termes l\u00e9gaux"},"content":{"rendered":"<h1> Mentions l\u00e9gales <\/h1>\n<h2> Informations sur la protection des donn\u00e9es <\/h2>\n<p>Conform\u00e9ment au R\u00c8GLEMENT (UE) 2016\/679 DU PARLEMENT EUROP\u00c9EN ET DU CONSEIL du 27 avril 2016, nous traitons dans cette soci\u00e9t\u00e9 les informations que vous nous fournissez afin de fournir le service demand\u00e9. Les donn\u00e9es fournies seront conserv\u00e9es aussi longtemps que la relation commerciale est maintenue ou pendant les ann\u00e9es n\u00e9cessaires pour se conformer aux obligations l\u00e9gales. Les donn\u00e9es ne seront pas transf\u00e9r\u00e9es \u00e0 des tiers sauf dans les cas o\u00f9 il existe une obligation l\u00e9gale. Vous avez le droit d&rsquo;obtenir la confirmation que Remolques y Volquetes traite vos donn\u00e9es personnelles et, par cons\u00e9quent, vous avez le droit d&rsquo;acc\u00e9der \u00e0 vos donn\u00e9es personnelles, de rectifier des donn\u00e9es inexactes ou de demander leur suppression lorsque les donn\u00e9es ne sont plus n\u00e9cessaires.<\/p>\n<h3> <strong> <u> 1.- Qui est responsable du traitement de vos donn\u00e9es? <\/u> <\/strong> <\/h3>\n<p>Le responsable du traitement de vos donn\u00e9es est Remolques y Volquetes, S.L. Pour contacter le responsable du traitement, vous devez vous rendre \u00e0 l&rsquo;adresse suivante en exprimant de mani\u00e8re claire et concise vos objectifs concernant le traitement de vos donn\u00e9es personnelles:<\/p>\n<p><strong>Avenida del Progr\u00e9s, 17<br \/>\nPol\u00edgono industrial Campo An\u00edbal<br \/>\n46530 Puzol<br \/>\nCIF: B46439386<\/strong><\/p>\n<p>Si vous le souhaitez, vous pouvez \u00e9galement contacter par email ou par t\u00e9l\u00e9phone.<\/p>\n<p>T\u00e9l\u00e9phone: 961465211<br \/>\nCourriel: <a href=\"mailto:tisvol@tisvol.com\"> tisvol@tisvol.com <\/a><\/p>\n<h3> <u> 2.- Dans quel but traitons-nous vos donn\u00e9es personnelles? <\/u> <\/h3>\n<p>Lorsque vous visitez notre site Web, nos serveurs stockent uniquement les donn\u00e9es relatives \u00e0 votre adresse IP, au site Web \u00e0 partir duquel vous nous visitez, aux pages consult\u00e9es sur notre site Web, aux informations sur le navigateur Internet et le syst\u00e8me d&rsquo;exploitation utilis\u00e9, ainsi que la date et la dur\u00e9e. de votre visite par d\u00e9faut.<\/p>\n<p>Remolques y Volquetes, S.L. utilise les donn\u00e9es obtenues, exclusivement, pour administrer techniquement son site Web et \u00e9valuer son utilisation. Nous utilisons ces donn\u00e9es d&rsquo;acc\u00e8s pour am\u00e9liorer continuellement, augmenter l&rsquo;attractivit\u00e9 et la convivialit\u00e9 de notre site Web et de son contenu, et pour identifier d&rsquo;\u00e9ventuels probl\u00e8mes techniques li\u00e9s \u00e0 notre pr\u00e9sence sur Internet.<\/p>\n<p>Les autres donn\u00e9es personnelles ne sont enregistr\u00e9es que dans le cadre d&rsquo;une inscription, d&rsquo;une enqu\u00eate ou de la soumission d&rsquo;une demande. Ces donn\u00e9es seront conserv\u00e9es pendant la dur\u00e9e de la relation commerciale ou pendant les ann\u00e9es n\u00e9cessaires au respect des obligations l\u00e9gales. Ceux qui sont directement li\u00e9s \u00e0 l&rsquo;ex\u00e9cution contractuelle de la garantie, seront maintenus jusqu&rsquo;\u00e0 ce que leur suppression soit demand\u00e9e par l&rsquo;int\u00e9ress\u00e9 ou, \u00e0 d\u00e9faut, jusqu&rsquo;\u00e0 ce qu&rsquo;ils cessent d&rsquo;\u00eatre d&rsquo;int\u00e9r\u00eat pour la soci\u00e9t\u00e9 et puissent \u00eatre utilis\u00e9s pour la gestion de leur propre garantie ou pour la prospection commerciale.<\/p>\n<p>Les donn\u00e9es collect\u00e9es seront utilis\u00e9es exclusivement aux fins sp\u00e9cifi\u00e9es et ne seront pas trait\u00e9es ult\u00e9rieurement d&rsquo;une mani\u00e8re incompatible avec lesdites finalit\u00e9s. Si le traitement des donn\u00e9es personnelles est destin\u00e9 \u00e0 une finalit\u00e9 autre que celle pour laquelle elles ont \u00e9t\u00e9 collect\u00e9es \u00e0 la source, la partie int\u00e9ress\u00e9e recevra, avant ce traitement ult\u00e9rieur, des informations sur cette autre finalit\u00e9 et toute autre information suppl\u00e9mentaire jug\u00e9e pertinente.<\/p>\n<h3> <u> 3.- Quelle est la l\u00e9gitimit\u00e9 du traitement de vos donn\u00e9es? <\/u> <\/h3>\n<p>La base l\u00e9gale du traitement de vos donn\u00e9es est l&rsquo;ex\u00e9cution du contrat de garantie sous r\u00e9serve de l&rsquo;achat du v\u00e9hicule. La collecte des donn\u00e9es \u00e0 caract\u00e8re personnel est effectu\u00e9e dans un but essentiellement contractuel, car il s&rsquo;agit d&rsquo;une condition essentielle pour que l&rsquo;extension de la garantie prenne pleinement effet. Comme indiqu\u00e9 dans la section pr\u00e9c\u00e9dente, les donn\u00e9es obtenues peuvent \u00eatre utilis\u00e9es pour g\u00e9rer la garantie elle-m\u00eame ou pour la prospection commerciale.<\/p>\n<h3> <u> 4.- A quels destinataires vos donn\u00e9es seront-elles communiqu\u00e9es? <\/u> <\/h3>\n<p>Les donn\u00e9es peuvent \u00eatre communiqu\u00e9es \u00e0 d&rsquo;autres soci\u00e9t\u00e9s du groupe Tisvol. En dehors de ces cas, le transfert des donn\u00e9es collect\u00e9es \u00e0 des tiers n&rsquo;est pas pr\u00e9vu, sauf obligation l\u00e9gale. En aucun cas, vos donn\u00e9es personnelles ne seront transf\u00e9r\u00e9es \u00e0 des tiers sans votre consentement expr\u00e8s.<\/p>\n<h3> <u> 5.- Quels sont vos droits sur les donn\u00e9es que vous nous avez fournies? <\/u> <\/h3>\n<p>Toute personne a le droit de savoir si l&rsquo;une des soci\u00e9t\u00e9s du groupe Tisvol traite des donn\u00e9es personnelles la concernant. Si tel est le cas, vous aurez le droit d&rsquo;en demander l&rsquo;acc\u00e8s, ainsi que de demander leur rectification ou annulation lorsque les donn\u00e9es ne sont plus n\u00e9cessaires aux fins pour lesquelles elles ont \u00e9t\u00e9 collect\u00e9es.<\/p>\n<p>Dans certaines circonstances et pour des raisons li\u00e9es \u00e0 leur situation particuli\u00e8re, les parties int\u00e9ress\u00e9es peuvent s&rsquo;opposer au traitement de leurs donn\u00e9es et le groupe Tisvol cessera de traiter les donn\u00e9es sauf pour des raisons l\u00e9gitimes imp\u00e9rieuses ou l&rsquo;exercice ou la d\u00e9fense d&rsquo;\u00e9ventuelles r\u00e9clamations.<\/p>\n<h3> Informations sur les droits de propri\u00e9t\u00e9 intellectuelle <\/h3>\n<p>Nous vous informons que le site www.tisvol.com a pour objectif de faciliter la connaissance de la soci\u00e9t\u00e9, ainsi que des produits et services qu&rsquo;elle propose.<\/p>\n<p>La structure, la conception et la forme de pr\u00e9sentation des \u00e9l\u00e9ments (graphiques, images, fichiers logotypes, combinaisons de couleurs et tout \u00e9l\u00e9ment susceptible de protection) sont prot\u00e9g\u00e9s par les droits de propri\u00e9t\u00e9 intellectuelle, propri\u00e9t\u00e9 de TISVOL S.L.<\/p>\n<p>La reproduction, la transformation, la distribution, la communication publique, la mise \u00e0 disposition des utilisateurs et, de mani\u00e8re g\u00e9n\u00e9rale, toute autre forme d&rsquo;exploitation, partielle ou totale, des \u00e9l\u00e9ments vis\u00e9s \u00e0 la section pr\u00e9c\u00e9dente sont interdites.<\/p>\n<p>Les signes distinctifs (marques, noms commerciaux) sont prot\u00e9g\u00e9s par les droits de propri\u00e9t\u00e9 industrielle, l&rsquo;utilisation ou la manipulation de l&rsquo;un de ceux-ci \u00e9tant interdite, sauf autorisation expresse et \u00e9crite de TISVOL S.L.<\/p>\n","protected":false},"excerpt":{"rendered":"<p>Mentions l\u00e9gales Informations sur la protection des donn\u00e9es Conform\u00e9ment au R\u00c8GLEMENT (UE) 2016\/679 DU PARLEMENT EUROP\u00c9EN ET DU CONSEIL du 27 avril 2016, nous traitons dans cette soci\u00e9t\u00e9 les informations que vous nous fournissez afin de fournir le service demand\u00e9. Les donn\u00e9es fournies seront conserv\u00e9es aussi longtemps que la relation commerciale est maintenue ou pendant [&hellip;]<\/p>\n","protected":false},"author":1,"featured_media":0,"parent":0,"menu_order":0,"comment_status":"closed","ping_status":"closed","template":"","meta":{"_acf_changed":false,"footnotes":""},"class_list":["post-14256","page","type-page","status-publish","hentry"],"acf":[],"_links":{"self":[{"href":"https:\/\/tisvol.com\/fr\/wp-json\/wp\/v2\/pages\/14256","targetHints":{"allow":["GET"]}}],"collection":[{"href":"https:\/\/tisvol.com\/fr\/wp-json\/wp\/v2\/pages"}],"about":[{"href":"https:\/\/tisvol.com\/fr\/wp-json\/wp\/v2\/types\/page"}],"author":[{"embeddable":true,"href":"https:\/\/tisvol.com\/fr\/wp-json\/wp\/v2\/users\/1"}],"replies":[{"embeddable":true,"href":"https:\/\/tisvol.com\/fr\/wp-json\/wp\/v2\/comments?post=14256"}],"version-history":[{"count":0,"href":"https:\/\/tisvol.com\/fr\/wp-json\/wp\/v2\/pages\/14256\/revisions"}],"wp:attachment":[{"href":"https:\/\/tisvol.com\/fr\/wp-json\/wp\/v2\/media?parent=14256"}],"curies":[{"name":"wp","href":"https:\/\/api.w.org\/{rel}","templated":true}]}}