{"id":14247,"date":"2018-07-24T09:37:31","date_gmt":"2018-07-24T09:37:31","guid":{"rendered":"https:\/\/tisvol.com\/piso-movil\/"},"modified":"2019-09-09T09:01:47","modified_gmt":"2019-09-09T09:01:47","slug":"plancher-mobile","status":"publish","type":"page","link":"https:\/\/tisvol.com\/fr\/bennes-basculantes\/plancher-mobile\/","title":{"rendered":"Plancher Mobile"},"content":{"rendered":"\n<style type=\"text\/css\" data-created_by=\"avia_inline_auto\" id=\"style-css-av-33yw-fe4ace012c6b9c696b8bb8b31f28441a\">\n.avia-section.av-33yw-fe4ace012c6b9c696b8bb8b31f28441a{\nbackground-color:#ffffff;\nbackground-image:unset;\n}\n<\/style>\n<div id='tisvol-tagline'  class='avia-section av-33yw-fe4ace012c6b9c696b8bb8b31f28441a main_color avia-section-default avia-no-border-styling  avia-builder-el-0  el_before_av_hr  avia-builder-el-first  avia-bg-style-scroll container_wrap sidebar_right'  ><div class='container av-section-cont-open' ><main  role=\"main\" itemprop=\"mainContentOfPage\"  class='template-page content  av-content-small alpha units'><div class='post-entry post-entry-type-page post-entry-14247'><div class='entry-content-wrapper clearfix'>\n<section  class='av_textblock_section av-jj8pzx7e-f58ee2657ad4a3ea48b2f1ff7d628b0b '   itemscope=\"itemscope\" itemtype=\"https:\/\/schema.org\/CreativeWork\" ><div class='avia_textblock'  itemprop=\"text\" ><h3 style=\"text-align: center;\">Powered by Superior Quality<\/h3>\n<\/div><\/section>\n<\/div><\/div><\/main><!-- close content main element --><\/div><\/div><div id='after_section_1'  class='main_color av_default_container_wrap container_wrap sidebar_right'  ><div class='container av-section-cont-open' ><div class='template-page content  av-content-small alpha units'><div class='post-entry post-entry-type-page post-entry-14247'><div class='entry-content-wrapper clearfix'>\n\n<style type=\"text\/css\" data-created_by=\"avia_inline_auto\" id=\"style-css-av-jvnl7dh4-0f7374c0562294c7a06e96c2ef6600ec\">\n#top .hr.av-jvnl7dh4-0f7374c0562294c7a06e96c2ef6600ec{\nmargin-top:20px;\nmargin-bottom:20px;\n}\n.hr.av-jvnl7dh4-0f7374c0562294c7a06e96c2ef6600ec .hr-inner{\nwidth:30px;\nborder-color:#333333;\n}\n<\/style>\n<div  class='hr av-jvnl7dh4-0f7374c0562294c7a06e96c2ef6600ec hr-custom  avia-builder-el-2  el_after_av_section  el_before_av_textblock  avia-builder-el-first  hr-center hr-icon-no'><span class='hr-inner inner-border-av-border-thin'><span class=\"hr-inner-style\"><\/span><\/span><\/div>\n<section  class='av_textblock_section av-jj8rms6q-e378de6f514244f1a118e0085a2fbc7d '   itemscope=\"itemscope\" itemtype=\"https:\/\/schema.org\/CreativeWork\" ><div class='avia_textblock'  itemprop=\"text\" ><h2 class=\"titular-principal\" style=\"text-align: center;\">PLANCHER MOBILE<\/h2>\n<h4 class=\"subtitular-principal\" style=\"text-align: center;\">&#8211; GRANDE QUALIT\u00c9, PETITE TARE &#8211;<\/h4>\n<\/div><\/section>\n\n<style type=\"text\/css\" data-created_by=\"avia_inline_auto\" id=\"style-css-av-jvnl7dh4-0f7374c0562294c7a06e96c2ef6600ec\">\n#top .hr.av-jvnl7dh4-0f7374c0562294c7a06e96c2ef6600ec{\nmargin-top:20px;\nmargin-bottom:20px;\n}\n.hr.av-jvnl7dh4-0f7374c0562294c7a06e96c2ef6600ec .hr-inner{\nwidth:30px;\nborder-color:#333333;\n}\n<\/style>\n<div  class='hr av-jvnl7dh4-0f7374c0562294c7a06e96c2ef6600ec hr-custom  avia-builder-el-4  el_after_av_textblock  el_before_av_layout_row  avia-builder-el-last  hr-center hr-icon-no'><span class='hr-inner inner-border-av-border-thin'><span class=\"hr-inner-style\"><\/span><\/span><\/div>\n<\/div><\/div><\/div><!-- close content main div --><\/div><\/div><div id='av-layout-grid-1'  class='av-layout-grid-container av-jjgxnozc-066928479271e5e645bab6dd8f26b31c entry-content-wrapper main_color av-flex-cells  avia-builder-el-5  el_after_av_hr  el_before_av_section  border-top-fillet animation-element grid-row-not-first  container_wrap sidebar_right'  >\n\n<style type=\"text\/css\" data-created_by=\"avia_inline_auto\" id=\"style-css-av-5250-13d7ec9fdd22579e3c24a1767ec125a4\">\n.flex_cell.av-5250-13d7ec9fdd22579e3c24a1767ec125a4{\nvertical-align:top;\nheight:100px;\nmin-height:100px;\n}\n.responsive #top #wrap_all .flex_cell.av-5250-13d7ec9fdd22579e3c24a1767ec125a4{\npadding:60px 5% 0 5% !important;\n}\n<\/style>\n<div class='flex_cell av-5250-13d7ec9fdd22579e3c24a1767ec125a4 av-gridrow-cell av_one_full no_margin  avia-builder-el-6  avia-builder-el-no-sibling  content-align-top'  ><div class='flex_cell_inner'><p>\n<style type=\"text\/css\" data-created_by=\"avia_inline_auto\" id=\"style-css-av-3zju-025110f1caabe8e5714204edc172fb50\">\n.flex_column.av-3zju-025110f1caabe8e5714204edc172fb50{\nborder-radius:0px 0px 0px 0px;\npadding:0px 0px 0px 0px;\n}\n<\/style>\n<div  class='flex_column av-3zju-025110f1caabe8e5714204edc172fb50 av_one_fifth  avia-builder-el-7  el_before_av_three_fifth  avia-builder-el-first  light-text-block first flex_column_div av-zero-column-padding  '     ><\/div>\n<style type=\"text\/css\" data-created_by=\"avia_inline_auto\" id=\"style-css-av-3zju-47719717c351c86f25d43ebc9661ae81\">\n.flex_column.av-3zju-47719717c351c86f25d43ebc9661ae81{\nborder-radius:0px 0px 0px 0px;\npadding:0px 0px 0px 0px;\n}\n<\/style>\n<div  class='flex_column av-3zju-47719717c351c86f25d43ebc9661ae81 av_three_fifth  avia-builder-el-8  el_after_av_one_fifth  el_before_av_one_fifth  flex_column_div av-zero-column-padding  '     ><style type=\"text\/css\" data-created_by=\"avia_inline_auto\" id=\"style-css-av-jj8rms6q-fd04e173e1443efffb362b74e755903f\">\n#top .av_textblock_section.av-jj8rms6q-fd04e173e1443efffb362b74e755903f .avia_textblock{\nfont-size:15px;\n}\n<\/style>\n<section  class='av_textblock_section av-jj8rms6q-fd04e173e1443efffb362b74e755903f '   itemscope=\"itemscope\" itemtype=\"https:\/\/schema.org\/CreativeWork\" ><div class='avia_textblock'  itemprop=\"text\" ><p style=\"text-align: center;\">Nous travaillons sur ce sujet actuellement, veuillez nous excuser..<\/p>\n<\/div><\/section><br \/>\n\n<style type=\"text\/css\" data-created_by=\"avia_inline_auto\" id=\"style-css-av-jjgyuavf-439a88421ccabfd3179569d29be5c9c5\">\n#top .hr.hr-invisible.av-jjgyuavf-439a88421ccabfd3179569d29be5c9c5{\nheight:100px;\n}\n<\/style>\n<div  class='hr av-jjgyuavf-439a88421ccabfd3179569d29be5c9c5 hr-invisible  avia-builder-el-10  el_after_av_textblock  avia-builder-el-last '><span class='hr-inner '><span class=\"hr-inner-style\"><\/span><\/span><\/div><\/p><\/div>\n<style type=\"text\/css\" data-created_by=\"avia_inline_auto\" id=\"style-css-av-3zju-476eb52bc8e7cda163953059839deac7\">\n.flex_column.av-3zju-476eb52bc8e7cda163953059839deac7{\nborder-radius:0px 0px 0px 0px;\npadding:0px 0px 0px 0px;\n}\n<\/style>\n<div  class='flex_column av-3zju-476eb52bc8e7cda163953059839deac7 av_one_fifth  avia-builder-el-11  el_after_av_three_fifth  avia-builder-el-last  light-text-block flex_column_div av-zero-column-padding  '     ><\/div><\/p>\n<\/div><\/div><\/div>\n<style type=\"text\/css\" data-created_by=\"avia_inline_auto\" id=\"style-css-av-9o9nuz-592bd37fc9ed85f16e28c2603f514aea\">\n.avia-section.av-9o9nuz-592bd37fc9ed85f16e28c2603f514aea{\nbackground-repeat:no-repeat;\nbackground-image:url(https:\/\/tisvol.com\/wp-content\/uploads\/2018\/07\/tisvol-como-se-hace-bg.jpg);\nbackground-position:50% 50%;\nbackground-attachment:scroll;\n}\n.avia-section.av-9o9nuz-592bd37fc9ed85f16e28c2603f514aea .av-section-color-overlay{\nopacity:0.9;\nbackground-color:#ffffff;\n}\n<\/style>\n<div id='av_section_2'  class='avia-section av-9o9nuz-592bd37fc9ed85f16e28c2603f514aea main_color avia-section-default avia-no-border-styling  avia-builder-el-12  el_after_av_layout_row  el_before_av_section  gradient-overlay border-top-fillet avia-full-stretch avia-bg-style-scroll av-section-color-overlay-active container_wrap sidebar_right'  data-section-bg-repeat='stretch'><div class=\"av-section-color-overlay-wrap\"><div class=\"av-section-color-overlay\"><\/div><div class='container av-section-cont-open' ><div class='template-page content  av-content-small alpha units'><div class='post-entry post-entry-type-page post-entry-14247'><div class='entry-content-wrapper clearfix'>\n\n<style type=\"text\/css\" data-created_by=\"avia_inline_auto\" id=\"style-css-av-1uwf2z-2cc67e0256f80101e4014eae9c62c7c5\">\n.flex_column.av-1uwf2z-2cc67e0256f80101e4014eae9c62c7c5{\nborder-radius:0px 0px 0px 0px;\npadding:0px 0px 0px 0px;\n}\n<\/style>\n<div  class='flex_column av-1uwf2z-2cc67e0256f80101e4014eae9c62c7c5 av_one_fifth  avia-builder-el-13  el_before_av_three_fifth  avia-builder-el-first  first flex_column_div av-zero-column-padding  '     ><\/div>\n<style type=\"text\/css\" data-created_by=\"avia_inline_auto\" id=\"style-css-av-6tq6cb-898d1a5c296f34510c04e41945908418\">\n.flex_column.av-6tq6cb-898d1a5c296f34510c04e41945908418{\nborder-radius:0px 0px 0px 0px;\npadding:0px 0px 0px 0px;\n}\n<\/style>\n<div  class='flex_column av-6tq6cb-898d1a5c296f34510c04e41945908418 av_three_fifth  avia-builder-el-14  el_after_av_one_fifth  avia-builder-el-last  flex_column_div av-zero-column-padding  '     ><section  class='av_textblock_section av-jk0tw2iq-c9a83e4542c117f1c04fa5974a1634f8 '   itemscope=\"itemscope\" itemtype=\"https:\/\/schema.org\/CreativeWork\" ><div class='avia_textblock'  itemprop=\"text\" ><div class=\"tisvol-diagonal\">\n<div><\/div>\n<\/div>\n<h3 class=\"titular-estandar\" style=\"text-align: center;\">LA CONSTRUCTION D\u2019UNE TISVOL<\/h3>\n<div class=\"tisvol-diagonal\">\n<div><\/div>\n<\/div>\n<\/div><\/section><br \/>\n<section  class='av_textblock_section av-jk0tw2iq-c9a83e4542c117f1c04fa5974a1634f8 '   itemscope=\"itemscope\" itemtype=\"https:\/\/schema.org\/CreativeWork\" ><div class='avia_textblock'  itemprop=\"text\" ><p style=\"text-align: center;\">Le processus de construction d&rsquo;une Tisvol comprend plus de 40 robots qui font partie du processus de production, plus de 4\u00a0km de soudage par unit\u00e9 et plus de 1.000 visses.<\/p>\n<p style=\"text-align: center;\">Une automatisation qui d\u00e9passe 85\u00a0% du processus de soudage dans toutes ses unions afin d\u2019obtenir un niveau de qualit\u00e9 maximal et une garantie que le processus manuel ne peut maintenir \u00e0 long terme. Les stations de soudage sont automatis\u00e9es avec des robots \u00e0 3 ou \u00e0 5 essieux munis de la plus haute technologie en CNC.<\/p>\n<p style=\"text-align: center;\">Tout ce montage automatis\u00e9 provient du r\u00eave des fondateurs, de la vision de la direction et de l&rsquo;ex\u00e9cution de toute l\u2019\u00e9quipe humaine qui compose Tisvol, car il ne faut pas oublier cette touche d\u2019artisanat, le savoir-faire de notre personnel, fort de nombreuses ann\u00e9es d\u2019exp\u00e9rience, appliqu\u00e9 sur chaque v\u00e9hicule. Soyez surpris en apprenant comment l\u2019on construit une Tisvol:<\/p>\n<p style=\"text-align: center;\">[<a style=\"color: #fff; text-decoration: underline;\" href=\"https:\/\/tisvol.com\/fr\/como-se-hace\/\">+ de renseignements sur le syst\u00e8me de construction chez Tisvol<\/a>]<\/p>\n<\/div><\/section><\/p><\/div>\n<\/p>\n<\/div><\/div><\/div><!-- close content main div --><\/div><\/div><\/div>\n<style type=\"text\/css\" data-created_by=\"avia_inline_auto\" id=\"style-css-av-9o9nuz-160e269624ae7b761652ba28b723b710\">\n.avia-section.av-9o9nuz-160e269624ae7b761652ba28b723b710{\nbackground-color:#d8d8d8;\nbackground-image:unset;\n}\n<\/style>\n<div id='av_section_3'  class='avia-section av-9o9nuz-160e269624ae7b761652ba28b723b710 main_color avia-section-large avia-no-border-styling  avia-builder-el-17  el_after_av_section  avia-builder-el-last  avia-bg-style-scroll container_wrap sidebar_right'  ><div class='container av-section-cont-open' ><div class='template-page content  av-content-small alpha units'><div class='post-entry post-entry-type-page post-entry-14247'><div class='entry-content-wrapper clearfix'>\n<div class='flex_column_table av-57fmi3-092815821eaaee3182dc6f1c6f92c697 sc-av_one_third av-equal-height-column-flextable'>\n<style type=\"text\/css\" data-created_by=\"avia_inline_auto\" id=\"style-css-av-57fmi3-092815821eaaee3182dc6f1c6f92c697\">\n.flex_column.av-57fmi3-092815821eaaee3182dc6f1c6f92c697{\nborder-radius:0px 0px 0px 0px;\npadding:0px 0px 0px 0px;\n}\n<\/style>\n<div  class='flex_column av-57fmi3-092815821eaaee3182dc6f1c6f92c697 av_one_third  avia-builder-el-18  el_before_av_one_third  avia-builder-el-first  first flex_column_table_cell av-equal-height-column av-align-top av-zero-column-padding  '     ><section  class='av_textblock_section av-jk0tw2iq-c9a83e4542c117f1c04fa5974a1634f8 '   itemscope=\"itemscope\" itemtype=\"https:\/\/schema.org\/CreativeWork\" ><div class='avia_textblock'  itemprop=\"text\" ><h3 style=\"text-align: center;\">L\u2019aluminium chez Tisvol<\/h3>\n<p style=\"text-align: center;\">Il y a longtemps que Tisvol a adopt\u00e9 l\u2019aluminium en tant que noyau de son entreprise. Durant toutes ces ann\u00e9es, plus de 40, notre mati\u00e8re premi\u00e8re est devenue notre \u00e2me et s\u2019est int\u00e9gr\u00e9e dans notre ADN.<\/p>\n<p style=\"text-align: center;\">[<a href=\"https:\/\/tisvol.com\/fr\/como-se-hace\/aluminio\/\">+ de renseignements sur l\u2019aluminium chez Tisvol<\/a>]<\/p>\n<\/div><\/section><\/div><div class='av-flex-placeholder'><\/div>\n<style type=\"text\/css\" data-created_by=\"avia_inline_auto\" id=\"style-css-av-3kos8r-355d274a76e6708e3617908638d3f2c0\">\n.flex_column.av-3kos8r-355d274a76e6708e3617908638d3f2c0{\nborder-radius:0px 0px 0px 0px;\npadding:0px 0px 0px 0px;\n}\n<\/style>\n<div  class='flex_column av-3kos8r-355d274a76e6708e3617908638d3f2c0 av_one_third  avia-builder-el-20  el_after_av_one_third  el_before_av_one_third  flex_column_table_cell av-equal-height-column av-align-top av-zero-column-padding  '     ><section  class='av_textblock_section av-jk0tw2iq-c9a83e4542c117f1c04fa5974a1634f8 '   itemscope=\"itemscope\" itemtype=\"https:\/\/schema.org\/CreativeWork\" ><div class='avia_textblock'  itemprop=\"text\" ><h3 style=\"text-align: center;\">Syst\u00e8mes de puissance chez Tisvol<\/h3>\n<p style=\"text-align: center;\">Le syst\u00e8me \u00e9lectrique blind\u00e9 est autoris\u00e9 pour le transport de marchandises dangereuses\u00a0; syst\u00e8me pneumatique de couleurs pour une identification rapide des pannes\u00a0; syst\u00e8mes de connexion des flexibles hydrauliques simple et mixte avec fin de course de s\u00e9curit\u00e9.<\/p>\n<p style=\"text-align: center;\">[<a href=\"https:\/\/tisvol.com\/fr\/como-se-hace\/sistemas-de-potencia\/\">+ de renseignements sur les syst\u00e8mes de puissance Tisvol<\/a>]<\/p>\n<\/div><\/section><\/div><div class='av-flex-placeholder'><\/div>\n<style type=\"text\/css\" data-created_by=\"avia_inline_auto\" id=\"style-css-av-2zilyz-71f7a28451342a07790eec49a1bb3d31\">\n.flex_column.av-2zilyz-71f7a28451342a07790eec49a1bb3d31{\nborder-radius:0px 0px 0px 0px;\npadding:0px 0px 0px 0px;\n}\n<\/style>\n<div  class='flex_column av-2zilyz-71f7a28451342a07790eec49a1bb3d31 av_one_third  avia-builder-el-22  el_after_av_one_third  avia-builder-el-last  flex_column_table_cell av-equal-height-column av-align-top av-zero-column-padding  '     ><section  class='av_textblock_section av-jk0tw2iq-c9a83e4542c117f1c04fa5974a1634f8 '   itemscope=\"itemscope\" itemtype=\"https:\/\/schema.org\/CreativeWork\" ><div class='avia_textblock'  itemprop=\"text\" ><h3 style=\"text-align: center;\">L\u2019importance de la tare chez Tisvol<\/h3>\n<p style=\"text-align: center;\">Dans toutes les gammes et dans tous nos v\u00e9hicules, la tare est est l&rsquo;une des valeurs principales sur lesquels nos clients mettent l&rsquo;accent apr\u00e8s l&rsquo;essai. <strong>Choisir Tisvol veut dire choisir une plus grande charge utile, une meilleure optimisation.<\/strong> La tare est la base de la rentabilit\u00e9 pour nos clients, et nous en sommes conscients chez Tisvol, c\u2019est pour cela que nous consacrons une grande partie de nos ressources au d\u00e9veloppement des v\u00e9hicules les plus l\u00e9gers et avec une durabilit\u00e9 maximale.<\/p>\n<\/div><\/section><\/div><\/div><!--close column table wrapper. Autoclose: 1 -->\n<\/div><\/div><\/div><!-- close content main div --><\/div><\/div><div id='after_section_3'  class='main_color av_default_container_wrap container_wrap sidebar_right'  ><div class='container av-section-cont-open' ><div class='template-page content  av-content-small alpha units'><div class='post-entry post-entry-type-page post-entry-14247'><div class='entry-content-wrapper clearfix'>\n","protected":false},"excerpt":{"rendered":"","protected":false},"author":1,"featured_media":0,"parent":14252,"menu_order":0,"comment_status":"closed","ping_status":"closed","template":"","meta":{"_acf_changed":false,"footnotes":""},"class_list":["post-14247","page","type-page","status-publish","hentry"],"acf":[],"_links":{"self":[{"href":"https:\/\/tisvol.com\/fr\/wp-json\/wp\/v2\/pages\/14247","targetHints":{"allow":["GET"]}}],"collection":[{"href":"https:\/\/tisvol.com\/fr\/wp-json\/wp\/v2\/pages"}],"about":[{"href":"https:\/\/tisvol.com\/fr\/wp-json\/wp\/v2\/types\/page"}],"author":[{"embeddable":true,"href":"https:\/\/tisvol.com\/fr\/wp-json\/wp\/v2\/users\/1"}],"replies":[{"embeddable":true,"href":"https:\/\/tisvol.com\/fr\/wp-json\/wp\/v2\/comments?post=14247"}],"version-history":[{"count":0,"href":"https:\/\/tisvol.com\/fr\/wp-json\/wp\/v2\/pages\/14247\/revisions"}],"up":[{"embeddable":true,"href":"https:\/\/tisvol.com\/fr\/wp-json\/wp\/v2\/pages\/14252"}],"wp:attachment":[{"href":"https:\/\/tisvol.com\/fr\/wp-json\/wp\/v2\/media?parent=14247"}],"curies":[{"name":"wp","href":"https:\/\/api.w.org\/{rel}","templated":true}]}}