{"id":14231,"date":"2018-07-24T11:20:15","date_gmt":"2018-07-24T11:20:15","guid":{"rendered":"https:\/\/tisvol.com\/toldos\/"},"modified":"2019-09-09T11:26:39","modified_gmt":"2019-09-09T11:26:39","slug":"baches","status":"publish","type":"page","link":"https:\/\/tisvol.com\/fr\/comment\/baches\/","title":{"rendered":"B\u00c2CHES"},"content":{"rendered":"\n<style type=\"text\/css\" data-created_by=\"avia_inline_auto\" id=\"style-css-av-33yw-fe4ace012c6b9c696b8bb8b31f28441a\">\n.avia-section.av-33yw-fe4ace012c6b9c696b8bb8b31f28441a{\nbackground-color:#ffffff;\nbackground-image:unset;\n}\n<\/style>\n<div id='tisvol-tagline'  class='avia-section av-33yw-fe4ace012c6b9c696b8bb8b31f28441a main_color avia-section-default avia-no-border-styling  avia-builder-el-0  el_before_av_section  avia-builder-el-first  avia-bg-style-scroll container_wrap sidebar_right'  ><div class='container av-section-cont-open' ><main  role=\"main\" itemprop=\"mainContentOfPage\"  class='template-page content  av-content-small alpha units'><div class='post-entry post-entry-type-page post-entry-14231'><div class='entry-content-wrapper clearfix'>\n<section  class='av_textblock_section av-jj8pzx7e-f58ee2657ad4a3ea48b2f1ff7d628b0b '   itemscope=\"itemscope\" itemtype=\"https:\/\/schema.org\/CreativeWork\" ><div class='avia_textblock'  itemprop=\"text\" ><h3 style=\"text-align: center;\">Powered by Superior Quality<\/h3>\n<\/div><\/section>\n\n<\/div><\/div><\/main><!-- close content main element --><\/div><\/div>\n<style type=\"text\/css\" data-created_by=\"avia_inline_auto\" id=\"style-css-av-jk9emjj7-c3dbc32a4ec48edce41697a1df9af8f4\">\n.avia-section.av-jk9emjj7-c3dbc32a4ec48edce41697a1df9af8f4 .av-parallax .av-parallax-inner{\nbackground-repeat:no-repeat;\nbackground-image:url(https:\/\/tisvol.com\/wp-content\/uploads\/2019\/04\/tisvol-todos-modelos-toldos-toldo-lateral-845x321.jpg);\nbackground-position:0% 100%;\nbackground-attachment:scroll;\n}\n.avia-section.av-jk9emjj7-c3dbc32a4ec48edce41697a1df9af8f4 .av-section-color-overlay{\nopacity:0.8;\nbackground-color:#ffffff;\n}\n<\/style>\n<div id='av_section_2'  class='avia-section av-jk9emjj7-c3dbc32a4ec48edce41697a1df9af8f4 main_color avia-section-default avia-no-border-styling  avia-builder-el-2  el_after_av_section  el_before_av_submenu  avia-full-stretch av-parallax-section avia-bg-style-parallax av-section-color-overlay-active av-minimum-height av-minimum-height-50 av-height-50  container_wrap sidebar_right'  data-section-bg-repeat='stretch' data-av_minimum_height_pc='50' data-av_min_height_opt='50'><div class='av-parallax' data-avia-parallax-ratio='0.3' ><div class='av-parallax-inner main_color avia-full-stretch'><\/div><\/div><div class=\"av-section-color-overlay-wrap\"><div class=\"av-section-color-overlay\"><\/div><div class='container av-section-cont-open' ><div class='template-page content  av-content-small alpha units'><div class='post-entry post-entry-type-page post-entry-14231'><div class='entry-content-wrapper clearfix'>\n\n<style type=\"text\/css\" data-created_by=\"avia_inline_auto\" id=\"style-css-av-5cairq-5c4bc2e2f93aa7a83ffd4195aba6fe00\">\n.flex_column.av-5cairq-5c4bc2e2f93aa7a83ffd4195aba6fe00{\nborder-radius:0px 0px 0px 0px;\npadding:0px 0px 0px 0px;\n}\n<\/style>\n<div  class='flex_column av-5cairq-5c4bc2e2f93aa7a83ffd4195aba6fe00 av_one_fifth  avia-builder-el-3  el_before_av_three_fifth  avia-builder-el-first  first flex_column_div av-zero-column-padding  '     ><\/div>\n<style type=\"text\/css\" data-created_by=\"avia_inline_auto\" id=\"style-css-av-40q792-7b8752d607bbb1a35e471a29f504dc9a\">\n.flex_column.av-40q792-7b8752d607bbb1a35e471a29f504dc9a{\nborder-radius:0px 0px 0px 0px;\npadding:0px 0px 0px 0px;\n}\n<\/style>\n<div  class='flex_column av-40q792-7b8752d607bbb1a35e471a29f504dc9a av_three_fifth  avia-builder-el-4  el_after_av_one_fifth  el_before_av_one_fifth  flex_column_div av-zero-column-padding  '     ><p>\n<style type=\"text\/css\" data-created_by=\"avia_inline_auto\" id=\"style-css-av-jvqqexfp-8cf2d2970c10eefadc965ac9ecd2fa41\">\n#top .hr.hr-invisible.av-jvqqexfp-8cf2d2970c10eefadc965ac9ecd2fa41{\nheight:20px;\n}\n<\/style>\n<div  class='hr av-jvqqexfp-8cf2d2970c10eefadc965ac9ecd2fa41 hr-invisible  avia-builder-el-5  el_before_av_textblock  avia-builder-el-first '><span class='hr-inner '><span class=\"hr-inner-style\"><\/span><\/span><\/div><br \/>\n<section  class='av_textblock_section av-jj8rms6q-e378de6f514244f1a118e0085a2fbc7d '   itemscope=\"itemscope\" itemtype=\"https:\/\/schema.org\/CreativeWork\" ><div class='avia_textblock'  itemprop=\"text\" ><div class=\"tisvol-diagonal\">\n<div><\/div>\n<\/div>\n<h2 class=\"titular-principal\" style=\"text-align: center;\">B\u00c2CHES<\/h2>\n<h4 class=\"subtitular-principal\" style=\"text-align: center;\">&#8211; SIMPLE, EFFICACE ET CONFORTABLE &#8211;<\/h4>\n<div class=\"tisvol-diagonal\">\n<div><\/div>\n<\/div>\n<\/div><\/section><br \/>\n<section  class='av_textblock_section av-jjzlyynb-e3785d5aaa6fd657b9c100742fe4434a '   itemscope=\"itemscope\" itemtype=\"https:\/\/schema.org\/CreativeWork\" ><div class='avia_textblock racional'  itemprop=\"text\" ><p style=\"text-align: center;\"><strong>Syst\u00e8me de couverture SEC:<\/strong> Le syst\u00e8me de couverture est charg\u00e9 d\u2019emp\u00eacher la sortie de la charge lorsque l&rsquo;unit\u00e9 se d\u00e9place, et aussi d\u2019emp\u00eacher que la pluie et autres agents externes n\u2019entrent \u00e0 l&rsquo;int\u00e9rieur<\/p>\n<\/div><\/section><br \/>\n\n<style type=\"text\/css\" data-created_by=\"avia_inline_auto\" id=\"style-css-av-jvqqexfp-8cf2d2970c10eefadc965ac9ecd2fa41\">\n#top .hr.hr-invisible.av-jvqqexfp-8cf2d2970c10eefadc965ac9ecd2fa41{\nheight:20px;\n}\n<\/style>\n<div  class='hr av-jvqqexfp-8cf2d2970c10eefadc965ac9ecd2fa41 hr-invisible  avia-builder-el-8  el_after_av_textblock  avia-builder-el-last '><span class='hr-inner '><span class=\"hr-inner-style\"><\/span><\/span><\/div><\/p><\/div>\n<style type=\"text\/css\" data-created_by=\"avia_inline_auto\" id=\"style-css-av-2rt1nq-4b7fea8242c591f992245cd491cbd4c2\">\n.flex_column.av-2rt1nq-4b7fea8242c591f992245cd491cbd4c2{\nborder-radius:0px 0px 0px 0px;\npadding:0px 0px 0px 0px;\n}\n<\/style>\n<div  class='flex_column av-2rt1nq-4b7fea8242c591f992245cd491cbd4c2 av_one_fifth  avia-builder-el-9  el_after_av_three_fifth  avia-builder-el-last  flex_column_div av-zero-column-padding  '     ><\/div>\n\n<\/div><\/div><\/div><!-- close content main div --><\/div><\/div><\/div><div id='sub_menu1'  class='av-submenu-container av-jqz6x91q-d7622458eff02305cba2ea0313b5a133 socket_color  avia-builder-el-10  el_after_av_section  el_before_av_layout_row  submenu-not-first container_wrap sidebar_right' style='z-index:301' ><div class='container av-menu-mobile-disabled av-submenu-pos-center'><ul id='av-custom-submenu-1' class='av-subnav-menu' role='menu'>\n<li class='menu-item av-av_submenu_item-7ff69caade82caa769759af1e84a7ed7 menu-item-top-level menu-item-top-level-1' role='menuitem'><a href='#toldo-lateral'  ><span class='avia-bullet'><\/span><span class='avia-menu-text'>B\u00c2CHE LAT\u00c9RALE<\/span><\/a><\/li>\n<li class='menu-item av-av_submenu_item-86777e8f1d94986811db588cd5f0b882 menu-item-top-level menu-item-top-level-2' role='menuitem'><a href='#toldo-corredero'  ><span class='avia-bullet'><\/span><span class='avia-menu-text'>B\u00c2CHE \u00c0 GUIDES<\/span><\/a><\/li>\n<\/ul><\/div><\/div>\n<div id='toldo-lateral'  class='av-layout-grid-container av-4n5lmz-a7d6b68a4c48df02b2904888bad2089f entry-content-wrapper main_color av-flex-cells  avia-builder-el-11  el_after_av_submenu  el_before_av_section  seccion-contenido-scroll animation-element gradient-half-grey-to-white av-cell-min-height av-cell-min-height-100 grid-row-not-first  container_wrap sidebar_right'   data-av_minimum_height_pc='100'>\n\n<style type=\"text\/css\" data-created_by=\"avia_inline_auto\" id=\"style-css-av-1wakmz-a7fe5bae80146f3ac283d2350f74d575\">\n.flex_cell.av-1wakmz-a7fe5bae80146f3ac283d2350f74d575{\nvertical-align:middle;\n}\n.responsive #top #wrap_all .flex_cell.av-1wakmz-a7fe5bae80146f3ac283d2350f74d575{\npadding:5% 5% 5% 5% !important;\n}\n<\/style>\n<div class='flex_cell av-1wakmz-a7fe5bae80146f3ac283d2350f74d575 av-gridrow-cell av_one_half no_margin  avia-builder-el-12  el_before_av_cell_one_half  avia-builder-el-first  content-align-middle'  ><div class='flex_cell_inner'><p><div class='flex_column_table av-3zju-f12cf4130a268532328db84d02cf75e5 sc-av_one_fifth av-equal-height-column-flextable'>\n<style type=\"text\/css\" data-created_by=\"avia_inline_auto\" id=\"style-css-av-3zju-f12cf4130a268532328db84d02cf75e5\">\n.flex_column.av-3zju-f12cf4130a268532328db84d02cf75e5{\nborder-radius:0px 0px 0px 0px;\npadding:0px 0px 0px 0px;\n}\n<\/style>\n<div  class='flex_column av-3zju-f12cf4130a268532328db84d02cf75e5 av_one_fifth  avia-builder-el-13  el_before_av_two_third  avia-builder-el-first  first flex_column_table_cell av-equal-height-column av-align-middle av-zero-column-padding  '     ><\/div><div class='av-flex-placeholder'><\/div>\n<style type=\"text\/css\" data-created_by=\"avia_inline_auto\" id=\"style-css-av-3zju-ed6f1b654e511f384579d3d83d412348\">\n.flex_column.av-3zju-ed6f1b654e511f384579d3d83d412348{\nborder-radius:0px 0px 0px 0px;\npadding:0px 0px 0px 0px;\n}\n<\/style>\n<div  class='flex_column av-3zju-ed6f1b654e511f384579d3d83d412348 av_two_third  avia-builder-el-14  el_after_av_one_fifth  avia-builder-el-last  animation-element flex_column_table_cell av-equal-height-column av-align-middle av-zero-column-padding  '     ><section  class='av_textblock_section av-jjzijvlr-0b9390b2bd9d81c8e8d52aa83f8ff28c '   itemscope=\"itemscope\" itemtype=\"https:\/\/schema.org\/CreativeWork\" ><div class='avia_textblock especificaciones appear-from-bottom-left'  itemprop=\"text\" ><h3>B\u00c2CHE LAT\u00c9RALE<\/h3>\n<p><strong>La meilleure protection de la charge<\/strong><\/p>\n<p>Le syst\u00e8me de couverture au moyen d&rsquo;une b\u00e2che sur le c\u00f4t\u00e9 est le syst\u00e8me principale dans les v\u00e9hicules \u00e0 volume sup\u00e9rieur. Ce syst\u00e8me obtient les meilleurs r\u00e9sultats de protection de la charge face aux \u00e9l\u00e9ments externes tels que l&rsquo;eau ou l&rsquo;air. Son fonctionnement simple permet d\u2019adapter la toile \u00e0 des charges combl\u00e9es en s\u2019adaptant au contour.<\/p>\n<ul>\n<li><strong>Densit\u00e9 de la toile:<\/strong> la toile standard de Tisvol est renforc\u00e9e. Sa densit\u00e9 de s\u00e9rie est de 900\u00a0g\/m2. Cette valeur si haute la rend plus r\u00e9sistante \u00e0 des climats extr\u00eames et \u00e0 l\u2019usage intensif. Elle poss\u00e8de \u00e9galement des renforts sur les zones \u00e0 plus grande usure ou sur les zones qui travaillent en contact avec d\u2019autres pi\u00e8ces du v\u00e9hicule.<\/li>\n<li><strong>Toile ignifuge:<\/strong> Satisfaire l\u2019ADR d\u00e9pend, entre autres, du fait que la toile de couverture soit ignifuge. Il s\u2019agit de l&rsquo;une des options disponibles sur le catalogue de Tisvol.<\/li>\n<li><strong>Translucide central sur des toiles \u00e0 ouverture lat\u00e9rale:<\/strong> Une frange blanche translucide de 1.000\u00a0mm sur la partie centrale de la toile permet de voir l&rsquo;int\u00e9rieur de la benne depuis les trappes si n\u00e9cessaire.<\/li>\n<li><strong>Douille pour arceau et c\u00e2ble tenseur:<\/strong> De s\u00e9rie sur toutes les b\u00e2ches \u00e0 ouverture lat\u00e9rale. Il s&rsquo;agit d&rsquo;une douille avec deux caract\u00e9ristiques cl\u00e9\u00a0: il est fabriqu\u00e9 en fonte et sa conception optimale lui permet de placer toujours les c\u00e2bles tenseurs.<\/li>\n<li><strong>Types d&rsquo;arceau:<\/strong> Tous les arceaux Tisvol sont fabriqu\u00e9s en acier galvanis\u00e9. Voici les cinq mod\u00e8les dont nous disposons:\n<ol>\n<li>Mod\u00e8le standard: Arceau courb\u00e9 de 30 x 50\u00a0mm. Extensible avec fermeture \u00e0 levier.<\/li>\n<li>Mod\u00e8le option 2: Arceau courb\u00e9 de 30 x 50\u00a0mm. Extensible sans fermeture \u00e0 levier.<\/li>\n<li>Mod\u00e8le option 3: Arceau courb\u00e9 de 30 x 50\u00a0mm. Cet arceau est fixe.<\/li>\n<li>Mod\u00e8le pour l\u2019\u00e9paisseur r\u00e9duite du panneau: Arceau courb\u00e9 qui entoure le profil. Extensible avec fermeture \u00e0 levier.<\/li>\n<li>Mod\u00e8le sp\u00e9cial: Arceau courb\u00e9 int\u00e9gr\u00e9 sur le profil sup\u00e9rieur<\/li>\n<\/ol>\n<\/li>\n<li><strong>Types de butoirs de la b\u00e2che:<\/strong> Avec l&rsquo;incorporation du nouveau butoir de b\u00e2che rotatif et rabattable, la liste des butoirs disponibles est la suivante:\n<ol>\n<li>N\u00ba 1: Droit<\/li>\n<li>N\u00ba 5\u00a0: Coud\u00e9 standard.<br \/>\nLe coud\u00e9 standard est le butoir de b\u00e2che plac\u00e9 de s\u00e9rie.<\/li>\n<li>Butoir rotatif et rabattable<br \/>\nCe type de butoir sera plac\u00e9 de s\u00e9rie sur le mod\u00e8le Coroa.<br \/>\nIl sera d\u2019autre part obligatoire, pour des raisons fonctionnelles lors du repli de la toile et lorsque l\u2019on d\u00e9plie les arceaux, que les v\u00e9hicules aient ce butoir lorsque nous choisirons le profil sup\u00e9rieur r\u00e9duit (largeur 48\u00a0mm) pour des v\u00e9hicules \u00e0 panneaux, ou lorsque nous choisirons des arceaux int\u00e9gr\u00e9s dans le cadre sup\u00e9rieur.<\/li>\n<\/ol>\n<\/li>\n<li><strong>Cale avec guide sur les rubans de la b\u00e2che \u00e0 ouverture lat\u00e9rale:<\/strong> Minimise la vibration de la toile lorsque l\u2019on circule \u00e0 haute vitesse, augmentant sa vie utile.<\/li>\n<li><strong>Tuyaux et rubans int\u00e9rieurs de la toile:<\/strong> Finition standard avec des tuyaux\u00a0; si vous avez besoin de combler lors de charges volumineuses, nous vous proposons de remplacer les tuyaux par des rubans depuis la face avant jusqu\u2019\u00e0 la porte. Cette solution, de plus, occupe moins de place lorsque l\u2019on replie la b\u00e2che.<\/li>\n<\/ul>\n<\/div><\/section><\/div><\/div><!--close column table wrapper. Autoclose: 1 --><\/p>\n<\/div><\/div>\n<style type=\"text\/css\" data-created_by=\"avia_inline_auto\" id=\"style-css-av-jlm2pqbk-6543bc6a7fd935f5ee75bb4e07aeb4ae\">\n.flex_cell.av-jlm2pqbk-6543bc6a7fd935f5ee75bb4e07aeb4ae{\nvertical-align:top;\nbackground:url(https:\/\/tisvol.com\/wp-content\/uploads\/2019\/04\/tisvol-todos-modelos-toldos-toldo-al-lateral-1.jpg) 50% 100% no-repeat scroll ;\n}\n.responsive #top #wrap_all .flex_cell.av-jlm2pqbk-6543bc6a7fd935f5ee75bb4e07aeb4ae{\npadding:30px 30px 30px 30px !important;\n}\n<\/style>\n<div class='flex_cell av-jlm2pqbk-6543bc6a7fd935f5ee75bb4e07aeb4ae av-gridrow-cell av_one_half no_margin  avia-builder-el-16  el_after_av_cell_one_half  avia-builder-el-last  appear-from-right content-align-top avia-full-stretch'  ><div class='flex_cell_inner'><\/div><\/div><\/div>\n<style type=\"text\/css\" data-created_by=\"avia_inline_auto\" id=\"style-css-av-jtztr2z2-946c65ead092474a1f500d20d0952874\">\n.avia-section.av-jtztr2z2-946c65ead092474a1f500d20d0952874 .av-parallax .av-parallax-inner{\nbackground-repeat:no-repeat;\nbackground-image:url(https:\/\/tisvol.com\/wp-content\/uploads\/2019\/04\/tisvol-todos-modelos-toldos-toldo-al-lateral-2.jpg);\nbackground-position:50% 50%;\nbackground-attachment:scroll;\n}\n<\/style>\n<div id='av_section_3'  class='avia-section av-jtztr2z2-946c65ead092474a1f500d20d0952874 main_color avia-section-default avia-no-border-styling  avia-builder-el-17  el_after_av_layout_row  el_before_av_layout_row  avia-full-stretch av-parallax-section avia-bg-style-parallax av-minimum-height av-minimum-height-custom av-height-custom  container_wrap sidebar_right'  data-section-bg-repeat='stretch' data-av_minimum_height_px='420'><div class='av-parallax' data-avia-parallax-ratio='0.3' ><div class='av-parallax-inner main_color avia-full-stretch'><\/div><\/div><div class='container av-section-cont-open' style='height:420px'><div class='template-page content  av-content-small alpha units'><div class='post-entry post-entry-type-page post-entry-14231'><div class='entry-content-wrapper clearfix'><\/p>\n<\/div><\/div><\/div><!-- close content main div --><\/div><\/div><div id='toldo-corredero'  class='av-layout-grid-container av-jki7ho5e-93930c02f8e421f4855889cc99f9e620 entry-content-wrapper main_color av-flex-cells  avia-builder-el-18  el_after_av_section  el_before_av_section  seccion-contenido-scroll gradient-half-white-to-grey animation-element av-cell-min-height av-cell-min-height-100 grid-row-not-first  container_wrap sidebar_right'   data-av_minimum_height_pc='100'>\n\n<style type=\"text\/css\" data-created_by=\"avia_inline_auto\" id=\"style-css-av-2tgmqz-ddd2065bf4a5b3202237111831834de0\">\n.flex_cell.av-2tgmqz-ddd2065bf4a5b3202237111831834de0{\nvertical-align:middle;\nbackground:url(https:\/\/tisvol.com\/wp-content\/uploads\/2019\/04\/tisvol-todos-modelos-toldos-toldo-guias-2.jpg) 50% 100% no-repeat scroll ;\n}\n.responsive #top #wrap_all .flex_cell.av-2tgmqz-ddd2065bf4a5b3202237111831834de0{\npadding:5% 5% 5% 5% !important;\n}\n<\/style>\n<div class='flex_cell av-2tgmqz-ddd2065bf4a5b3202237111831834de0 av-gridrow-cell av_one_half no_margin  avia-builder-el-19  el_before_av_cell_one_half  avia-builder-el-first  appear-from-left content-align-middle avia-full-stretch'  ><div class='flex_cell_inner'><\/div><\/div>\n<style type=\"text\/css\" data-created_by=\"avia_inline_auto\" id=\"style-css-av-319erv-ad734d3b6618450f50f6b903e6b8b831\">\n.flex_cell.av-319erv-ad734d3b6618450f50f6b903e6b8b831{\nvertical-align:middle;\n}\n.responsive #top #wrap_all .flex_cell.av-319erv-ad734d3b6618450f50f6b903e6b8b831{\npadding:5% 5% 5% 5% !important;\n}\n<\/style>\n<div class='flex_cell av-319erv-ad734d3b6618450f50f6b903e6b8b831 av-gridrow-cell av_one_half no_margin  avia-builder-el-20  el_after_av_cell_one_half  avia-builder-el-last  content-align-middle'  ><div class='flex_cell_inner'><p>\n<style type=\"text\/css\" data-created_by=\"avia_inline_auto\" id=\"style-css-av-3zju-145d3415bf1af0d4ace47e43151cd95a\">\n.flex_column.av-3zju-145d3415bf1af0d4ace47e43151cd95a{\nborder-radius:0px 0px 0px 0px;\npadding:0px 0px 0px 0px;\n}\n<\/style>\n<div  class='flex_column av-3zju-145d3415bf1af0d4ace47e43151cd95a av_four_fifth  avia-builder-el-21  el_before_av_one_fifth  avia-builder-el-first  animation-element first flex_column_div av-zero-column-padding  '     ><section  class='av_textblock_section av-jjzijvlr-ee8beee1f925de83bae751ed1fa0b06e '   itemscope=\"itemscope\" itemtype=\"https:\/\/schema.org\/CreativeWork\" ><div class='avia_textblock especificaciones appear-from-right'  itemprop=\"text\" ><h3>B\u00c2CHE \u00c0 GUIDES<\/h3>\n<p><strong>L\u2019option la plus s\u00fbre<\/strong><\/p>\n<p>Il s\u2019agit de la solution de couverture lorsque l&rsquo;utilisateur n\u2019effectue pas de travaux en hauteur. Il s\u2019agit de l\u2019option la plus s\u00fbre dans sa version manuelle comme dans la version \u00e9lectrique.<\/p>\n<ul>\n<li><strong> Densit\u00e9 de la toile:<\/strong> La densit\u00e9 et la souplesse sont des aspects fondamentaux quant \u00e0 la r\u00e9sistance de la toile. Une rigidit\u00e9 excessive entra\u00eenerait des fissures par fatigue, une densit\u00e9 tr\u00e8s basse r\u00e9duirait la r\u00e9sistance au climat, \u00e0 l\u2019ai et \u00e0 l&rsquo;eau. C&rsquo;est pour cela que, chez Tisvol, nous appliquons \u00e0 notre compos\u00e9 la densit\u00e9 optimale\u00a0: 640\u00a0g\/m2.<\/li>\n<li><strong>Toile ignifuge<\/strong>: Le respect de l\u2019ADR d\u00e9pend de cette caract\u00e9ristique. C&rsquo;est pour cela qu\u2019elle est disponible sur le catalogue de Tisvol.<br \/>\nSyst\u00e8me d\u2019arceaux sur les b\u00e2ches coulissantes Tisvol: Il est de 400\u00a0mm au coin de l\u2019arceau et de 480\u00a0mm au point le plus haut au centre de l\u2019arceau\u00a0; cette inclinaison am\u00e9liore la r\u00e9ponse face \u00e0 des pluies extr\u00eames, \u00e9vitant ainsi la formation de poches d\u2019eau.<\/li>\n<li><strong>Pr\u00e9paration de la face avant pour une b\u00e2che coulissante:<\/strong> Vous souhaitez monter la b\u00e2che. Depuis la conception, l\u2019on r\u00e9fl\u00e9chit \u00e0 tous les futurs composants qui seront r\u00e9gl\u00e9s sur la face avant, nous obtenons ainsi l\u2019adaptabilit\u00e9 \u00e0 toutes les b\u00e2ches.<\/li>\n<li><strong>Repli du rideau arri\u00e8re sur les b\u00e2ches coulissantes Tisvol:<\/strong> Vous pouvez choisir entre manuel, semiautomatique (repli automatiquement et extension manuelle) ou totalement automatique.<\/li>\n<li><strong>Inox sur toutes les bases de l\u2019arceau de la b\u00e2che coulissante Tisvol:<\/strong> La plus haute protection face \u00e0 la corrosion qui affecte directement le mouvement de la b\u00e2che sur les guides.<br \/>\nBase avec triple r\u00e9a sur le dernier arceau de la b\u00e2che coulissante Tisvol\u00a0: Obtenez une plus grande stabilit\u00e9 dans son parcours sur le guide.<\/li>\n<li><strong>Guides bim\u00e9talliques:<\/strong> La b\u00e2che glisse comme la soie. Un profil\u00e9 ext\u00e9rieur en aluminium con\u00e7u pour qu\u2019aucun mat\u00e9riel ne se d\u00e9pose sur le guide, avec un c\u0153ur en acier afin que les r\u00e9as glissent correctement.<\/li>\n<li>Tuyau qui permet le guidage du c\u00e2ble du moteur \u00e9lectrique de la b\u00e2che Tisvol\u00a0: Sert de guide et de protection au c\u00e2blage et maximise la fiabilit\u00e9.<\/li>\n<li><strong>Feuillard int\u00e9rieur de la b\u00e2che \u00e0 guides:<\/strong> Nous garantissons avec cette nouveaut\u00e9 le repli correct vers l&rsquo;ext\u00e9rieur de la toile et nous augmentons sa durabilit\u00e9 en \u00e9vitant qu\u2019elle se coince.<\/li>\n<li><strong>Actionnement de la b\u00e2che \u00e0 guides manuelle:<\/strong> Gr\u00e2ce au double r\u00e9ducteur, l\u2019actionnement est beaucoup plus confortable pour vous et vous assure que la toile est toujours tendue. Cependant, la cha\u00eene est \u00e9galement disponible si vous la pr\u00e9f\u00e9rez.<\/li>\n<li><strong>\u00c9chelle sur la face avant:<\/strong> Un acc\u00e8s facile au m\u00e9canisme de la b\u00e2che coulissante. Il est conseill\u00e9 d\u2019installer une \u00e9chelle sur la face avant. Il existe deux versions\u00a0: rabattable ou fixe.<\/li>\n<li><strong>En tant que fabricant leader des bennes basculantes en aluminium<\/strong>, nous disposons de toutes les solutions de couverture du fabricant italien Cramaro.<\/li>\n<\/ul>\n<\/div><\/section><\/div>\n<style type=\"text\/css\" data-created_by=\"avia_inline_auto\" id=\"style-css-av-3zju-2af8bf1333612825808cfcefd4e392d9\">\n.flex_column.av-3zju-2af8bf1333612825808cfcefd4e392d9{\nborder-radius:0px 0px 0px 0px;\npadding:0px 0px 0px 0px;\n}\n<\/style>\n<div  class='flex_column av-3zju-2af8bf1333612825808cfcefd4e392d9 av_one_fifth  avia-builder-el-23  el_after_av_four_fifth  avia-builder-el-last  animation-element flex_column_div av-zero-column-padding  '     ><\/div><\/p>\n<\/div><\/div><\/div>\n<style type=\"text\/css\" data-created_by=\"avia_inline_auto\" id=\"style-css-av-jtztr2z2-f5f574ce004fe7656ba7493ddfdad1f2\">\n.avia-section.av-jtztr2z2-f5f574ce004fe7656ba7493ddfdad1f2 .av-parallax .av-parallax-inner{\nbackground-repeat:no-repeat;\nbackground-image:url(https:\/\/tisvol.com\/wp-content\/uploads\/2019\/04\/tisvol-todos-modelos-toldos-toldo-guias-1.jpg);\nbackground-position:50% 50%;\nbackground-attachment:scroll;\n}\n<\/style>\n<div id='av_section_4'  class='avia-section av-jtztr2z2-f5f574ce004fe7656ba7493ddfdad1f2 main_color avia-section-default avia-no-border-styling  avia-builder-el-24  el_after_av_layout_row  avia-builder-el-last  avia-full-stretch av-parallax-section avia-bg-style-parallax av-minimum-height av-minimum-height-custom av-height-custom  container_wrap sidebar_right'  data-section-bg-repeat='stretch' data-av_minimum_height_px='420'><div class='av-parallax' data-avia-parallax-ratio='0.3' ><div class='av-parallax-inner main_color avia-full-stretch'><\/div><\/div><div class='container av-section-cont-open' style='height:420px'><div class='template-page content  av-content-small alpha units'><div class='post-entry post-entry-type-page post-entry-14231'><div class='entry-content-wrapper clearfix'><\/div><\/div><\/div><!-- close content main div --><\/div><\/div><div id='after_section_4'  class='main_color av_default_container_wrap container_wrap sidebar_right'  ><div class='container av-section-cont-open' ><div class='template-page content  av-content-small alpha units'><div class='post-entry post-entry-type-page post-entry-14231'><div class='entry-content-wrapper clearfix'><\/p>\n","protected":false},"excerpt":{"rendered":"","protected":false},"author":1,"featured_media":0,"parent":14245,"menu_order":0,"comment_status":"closed","ping_status":"closed","template":"","meta":{"_acf_changed":false,"footnotes":""},"class_list":["post-14231","page","type-page","status-publish","hentry"],"acf":[],"_links":{"self":[{"href":"https:\/\/tisvol.com\/fr\/wp-json\/wp\/v2\/pages\/14231","targetHints":{"allow":["GET"]}}],"collection":[{"href":"https:\/\/tisvol.com\/fr\/wp-json\/wp\/v2\/pages"}],"about":[{"href":"https:\/\/tisvol.com\/fr\/wp-json\/wp\/v2\/types\/page"}],"author":[{"embeddable":true,"href":"https:\/\/tisvol.com\/fr\/wp-json\/wp\/v2\/users\/1"}],"replies":[{"embeddable":true,"href":"https:\/\/tisvol.com\/fr\/wp-json\/wp\/v2\/comments?post=14231"}],"version-history":[{"count":0,"href":"https:\/\/tisvol.com\/fr\/wp-json\/wp\/v2\/pages\/14231\/revisions"}],"up":[{"embeddable":true,"href":"https:\/\/tisvol.com\/fr\/wp-json\/wp\/v2\/pages\/14245"}],"wp:attachment":[{"href":"https:\/\/tisvol.com\/fr\/wp-json\/wp\/v2\/media?parent=14231"}],"curies":[{"name":"wp","href":"https:\/\/api.w.org\/{rel}","templated":true}]}}