{"id":14227,"date":"2018-07-24T11:27:50","date_gmt":"2018-07-24T11:27:50","guid":{"rendered":"https:\/\/tisvol.com\/aluminio\/"},"modified":"2019-09-09T10:38:27","modified_gmt":"2019-09-09T10:38:27","slug":"aluminum","status":"publish","type":"page","link":"https:\/\/tisvol.com\/fr\/comment\/aluminum\/","title":{"rendered":"Aluminum"},"content":{"rendered":"\n<style type=\"text\/css\" data-created_by=\"avia_inline_auto\" id=\"style-css-av-33yw-fe4ace012c6b9c696b8bb8b31f28441a\">\n.avia-section.av-33yw-fe4ace012c6b9c696b8bb8b31f28441a{\nbackground-color:#ffffff;\nbackground-image:unset;\n}\n<\/style>\n<div id='tisvol-tagline'  class='avia-section av-33yw-fe4ace012c6b9c696b8bb8b31f28441a main_color avia-section-default avia-no-border-styling  avia-builder-el-0  el_before_av_section  avia-builder-el-first  avia-bg-style-scroll container_wrap sidebar_right'  ><div class='container av-section-cont-open' ><main  role=\"main\" itemprop=\"mainContentOfPage\"  class='template-page content  av-content-small alpha units'><div class='post-entry post-entry-type-page post-entry-14227'><div class='entry-content-wrapper clearfix'>\n<section  class='av_textblock_section av-jj8pzx7e-f58ee2657ad4a3ea48b2f1ff7d628b0b '   itemscope=\"itemscope\" itemtype=\"https:\/\/schema.org\/CreativeWork\" ><div class='avia_textblock'  itemprop=\"text\" ><h3 style=\"text-align: center;\">Powered by Superior Quality<\/h3>\n<\/div><\/section>\n\n<\/div><\/div><\/main><!-- close content main element --><\/div><\/div>\n<style type=\"text\/css\" data-created_by=\"avia_inline_auto\" id=\"style-css-av-jsei95pk-16453e14d02669cd74440f030554466c\">\n.avia-section.av-jsei95pk-16453e14d02669cd74440f030554466c{\nbackground-color:rgba(0,0,0,0.76);\nbackground-image:url(https:\/\/tisvol.com\/wp-content\/uploads\/2019\/05\/FONDO-ALU-1.jpg);\nbackground-repeat:no-repeat;\nbackground-position:50% 50%;\nbackground-attachment:scroll;\n}\n.avia-section.av-jsei95pk-16453e14d02669cd74440f030554466c .av-section-color-overlay{\nopacity:0.5;\nbackground-color:#777777;\n}\n<\/style>\n<div id='av_section_2'  class='avia-section av-jsei95pk-16453e14d02669cd74440f030554466c main_color avia-section-large avia-no-border-styling  avia-builder-el-2  el_after_av_section  el_before_av_section  avia-full-stretch avia-bg-style-scroll av-section-color-overlay-active av-minimum-height av-minimum-height-75 av-height-75  container_wrap sidebar_right'  data-section-bg-repeat='stretch' data-av_minimum_height_pc='75' data-av_min_height_opt='75'><div class=\"av-section-color-overlay-wrap\"><div class=\"av-section-color-overlay\"><\/div><div class='container av-section-cont-open' ><div class='template-page content  av-content-small alpha units'><div class='post-entry post-entry-type-page post-entry-14227'><div class='entry-content-wrapper clearfix'>\n\n<style type=\"text\/css\" data-created_by=\"avia_inline_auto\" id=\"style-css-av-4p5m5k-3dbd6fe4d6ef4273dc2cfefe28d50e32\">\n.flex_column.av-4p5m5k-3dbd6fe4d6ef4273dc2cfefe28d50e32{\nborder-radius:0px 0px 0px 0px;\npadding:0px 0px 0px 0px;\n}\n<\/style>\n<div  class='flex_column av-4p5m5k-3dbd6fe4d6ef4273dc2cfefe28d50e32 av_three_fourth  avia-builder-el-3  el_before_av_one_fourth  avia-builder-el-first  animation-element first flex_column_div av-zero-column-padding  '     ><style type=\"text\/css\" data-created_by=\"avia_inline_auto\" id=\"style-css-av-jj8rms6q-0ace5a6ff95aee75cbff9e9923c598c9\">\n#top .av_textblock_section.av-jj8rms6q-0ace5a6ff95aee75cbff9e9923c598c9 .avia_textblock{\nfont-size:20px;\ncolor:#ffffff;\n}\n<\/style>\n<section  class='av_textblock_section av-jj8rms6q-0ace5a6ff95aee75cbff9e9923c598c9 '   itemscope=\"itemscope\" itemtype=\"https:\/\/schema.org\/CreativeWork\" ><div class='avia_textblock av_inherit_color'  itemprop=\"text\" ><h2 class=\"titular-principal\">ALUMINIUM<\/h2>\n<h4><span class=\"gradient-text-white\">Une partie de notre essence<\/span><\/h4>\n<\/div><\/section><br \/>\n\n<style type=\"text\/css\" data-created_by=\"avia_inline_auto\" id=\"style-css-av-jseinx9j-f1d16525a1dd5ee02b777298b51b00ab\">\n#top .hr.hr-invisible.av-jseinx9j-f1d16525a1dd5ee02b777298b51b00ab{\nheight:30px;\n}\n<\/style>\n<div  class='hr av-jseinx9j-f1d16525a1dd5ee02b777298b51b00ab hr-invisible  avia-builder-el-5  el_after_av_textblock  el_before_av_textblock '><span class='hr-inner '><span class=\"hr-inner-style\"><\/span><\/span><\/div><br \/>\n\n<style type=\"text\/css\" data-created_by=\"avia_inline_auto\" id=\"style-css-av-jjzijvlr-c7fa8bfb5aca74b19a8db2535c7d7034\">\n#top .av_textblock_section.av-jjzijvlr-c7fa8bfb5aca74b19a8db2535c7d7034 .avia_textblock{\ncolor:#e8e8e8;\n}\n<\/style>\n<section  class='av_textblock_section av-jjzijvlr-c7fa8bfb5aca74b19a8db2535c7d7034 '   itemscope=\"itemscope\" itemtype=\"https:\/\/schema.org\/CreativeWork\" ><div class='avia_textblock especificaciones appear-from-bottom av_inherit_color'  itemprop=\"text\" ><h3 class=\"gradient-text\">Aluminium 22\u00a0% plus dur<\/h3>\n<p>Le mat\u00e9riau utilis\u00e9 dans la fabrication des bennes basculantes Tisvol est toujours celui ayant la plus haute qualit\u00e9 du march\u00e9.<\/p>\n<h3 class=\"gradient-text\">V\u00e9rification de duret\u00e9 de toutes les livraisons de mat\u00e9riel en aluminium<\/h3>\n<p>Nous devons nous assurer que ce mat\u00e9riel poss\u00e8de des qualit\u00e9s de duret\u00e9 optimales.<\/p>\n<h3 class=\"gradient-text\">La tra\u00e7abilit\u00e9 et le processus documentaire<\/h3>\n<p>\u00catre un fabricant de v\u00e9hicules implique bien d\u2019autres choses \u00e0 part leur production, et nous en sommes tr\u00e8s conscients chez Tisvol. C&rsquo;est pour cela que la tra\u00e7abilit\u00e9 de tous les mat\u00e9riaux est fondamental pour nous\u00a0: nous devons savoir quels mat\u00e9riaux, quelles personnes et quels robots ont construit chaque unit\u00e9 afin d\u2019\u00eatre s\u00fbrs de pouvoir anticiper toute action correctrice. Depuis l\u2019approbation d\u2019une nouvelle commande jusqu\u2019\u00e0 la livraison du v\u00e9hicule, nous documentons chaque pas chez Tisvol, afin d\u2019avoir un registre de tous les processus impliqu\u00e9s.<\/p>\n<h3 class=\"gradient-text\">Sans soudures<\/h3>\n<p>Les t\u00f4les du plancher sont en une pi\u00e8ce pour des mesures inf\u00e9rieures \u00e0 11.500\u00a0mm.<\/p>\n<h3 class=\"gradient-text\">Les meilleures mati\u00e8res premi\u00e8res sur nos bennes basculantes<\/h3>\n<p>Nous garantissons l&rsquo;utilisation du meilleur aluminium sur la t\u00f4le comme sur les jantes. Costellium, Hydro, Alcoa\u2026 Tous les mat\u00e9riaux employ\u00e9s par Tisvol sont certifi\u00e9s et poss\u00e8de toujours des valeurs sup\u00e9rieures \u00e0 celles exig\u00e9es par la norme. Le choix de fournisseurs strat\u00e9giques est essentiel car une partie du succ\u00e8s d\u00e9pend d\u2019eux. Nous les choisissons donc en fonction de nos propres valeurs\u00a0: fiabilit\u00e9, qualit\u00e9, durabilit\u00e9, exp\u00e9rience, couverture internationale et prestige.<\/p>\n<\/div><\/section><\/p><\/div>\n<style type=\"text\/css\" data-created_by=\"avia_inline_auto\" id=\"style-css-av-22s720-79292b08e6c340448b51653641dd66d5\">\n.flex_column.av-22s720-79292b08e6c340448b51653641dd66d5{\nborder-radius:0px 0px 0px 0px;\npadding:0px 0px 0px 0px;\n}\n<\/style>\n<div  class='flex_column av-22s720-79292b08e6c340448b51653641dd66d5 av_one_fourth  avia-builder-el-7  el_after_av_three_fourth  avia-builder-el-last  flex_column_div av-zero-column-padding  '     ><\/div><\/div><\/div><\/div><!-- close content main div --><\/div><\/div><\/div>\n<style type=\"text\/css\" data-created_by=\"avia_inline_auto\" id=\"style-css-av-9o9nuz-592bd37fc9ed85f16e28c2603f514aea\">\n.avia-section.av-9o9nuz-592bd37fc9ed85f16e28c2603f514aea{\nbackground-repeat:no-repeat;\nbackground-image:url(https:\/\/tisvol.com\/wp-content\/uploads\/2018\/07\/tisvol-como-se-hace-bg.jpg);\nbackground-position:50% 50%;\nbackground-attachment:scroll;\n}\n.avia-section.av-9o9nuz-592bd37fc9ed85f16e28c2603f514aea .av-section-color-overlay{\nopacity:0.9;\nbackground-color:#ffffff;\n}\n<\/style>\n<div id='av_section_3'  class='avia-section av-9o9nuz-592bd37fc9ed85f16e28c2603f514aea main_color avia-section-default avia-no-border-styling  avia-builder-el-8  el_after_av_section  avia-builder-el-last  gradient-overlay border-top-fillet avia-full-stretch avia-bg-style-scroll av-section-color-overlay-active container_wrap sidebar_right'  data-section-bg-repeat='stretch'><div class=\"av-section-color-overlay-wrap\"><div class=\"av-section-color-overlay\"><\/div><div class='container av-section-cont-open' ><div class='template-page content  av-content-small alpha units'><div class='post-entry post-entry-type-page post-entry-14227'><div class='entry-content-wrapper clearfix'>\n\n<style type=\"text\/css\" data-created_by=\"avia_inline_auto\" id=\"style-css-av-1uwf2z-2cc67e0256f80101e4014eae9c62c7c5\">\n.flex_column.av-1uwf2z-2cc67e0256f80101e4014eae9c62c7c5{\nborder-radius:0px 0px 0px 0px;\npadding:0px 0px 0px 0px;\n}\n<\/style>\n<div  class='flex_column av-1uwf2z-2cc67e0256f80101e4014eae9c62c7c5 av_one_fifth  avia-builder-el-9  el_before_av_three_fifth  avia-builder-el-first  first flex_column_div av-zero-column-padding  '     ><\/div>\n<style type=\"text\/css\" data-created_by=\"avia_inline_auto\" id=\"style-css-av-6tq6cb-898d1a5c296f34510c04e41945908418\">\n.flex_column.av-6tq6cb-898d1a5c296f34510c04e41945908418{\nborder-radius:0px 0px 0px 0px;\npadding:0px 0px 0px 0px;\n}\n<\/style>\n<div  class='flex_column av-6tq6cb-898d1a5c296f34510c04e41945908418 av_three_fifth  avia-builder-el-10  el_after_av_one_fifth  avia-builder-el-last  flex_column_div av-zero-column-padding  '     ><section  class='av_textblock_section av-jk0tw2iq-c9a83e4542c117f1c04fa5974a1634f8 '   itemscope=\"itemscope\" itemtype=\"https:\/\/schema.org\/CreativeWork\" ><div class='avia_textblock'  itemprop=\"text\" ><div class=\"tisvol-diagonal\">\n<div><\/div>\n<\/div>\n<h3 class=\"titular-estandar\" style=\"text-align: center;\">LA CONSTRUCTION D\u2019UNE TISVOL<\/h3>\n<div class=\"tisvol-diagonal\">\n<div><\/div>\n<\/div>\n<\/div><\/section><br \/>\n<section  class='av_textblock_section av-jk0tw2iq-c9a83e4542c117f1c04fa5974a1634f8 '   itemscope=\"itemscope\" itemtype=\"https:\/\/schema.org\/CreativeWork\" ><div class='avia_textblock'  itemprop=\"text\" ><p style=\"text-align: center;\">Le processus de construction d&rsquo;une Tisvol comprend plus de 40 robots qui font partie du processus de production, plus de 4\u00a0km de soudage par unit\u00e9 et plus de 1.000 visses.<\/p>\n<p style=\"text-align: center;\">Une automatisation qui d\u00e9passe 85\u00a0% du processus de soudage dans toutes ses unions afin d\u2019obtenir un niveau de qualit\u00e9 maximal et une garantie que le processus manuel ne peut maintenir \u00e0 long terme. Les stations de soudage sont automatis\u00e9es avec des robots \u00e0 3 ou \u00e0 5 essieux munis de la plus haute technologie en CNC.<\/p>\n<p style=\"text-align: center;\">Tout ce montage automatis\u00e9 provient du r\u00eave des fondateurs, de la vision de la direction et de l&rsquo;ex\u00e9cution de toute l\u2019\u00e9quipe humaine qui compose Tisvol, car il ne faut pas oublier cette touche d\u2019artisanat, le savoir-faire de notre personnel, fort de nombreuses ann\u00e9es d\u2019exp\u00e9rience, appliqu\u00e9 sur chaque v\u00e9hicule. Soyez surpris en apprenant comment l\u2019on construit une Tisvol:<\/p>\n<p style=\"text-align: center;\">[<a style=\"color: #fff; text-decoration: underline;\" href=\"https:\/\/tisvol.com\/fr\/como-se-hace\/\">+ de renseignements sur le syst\u00e8me de construction chez Tisvol<\/a>]<\/p>\n<\/div><\/section><\/p><\/div>\n<\/div><\/div><\/div><!-- close content main div --><\/div><\/div><\/div><div id='after_section_3'  class='main_color av_default_container_wrap container_wrap sidebar_right'  ><div class='container av-section-cont-open' ><div class='template-page content  av-content-small alpha units'><div class='post-entry post-entry-type-page post-entry-14227'><div class='entry-content-wrapper clearfix'><\/p>\n","protected":false},"excerpt":{"rendered":"","protected":false},"author":1,"featured_media":0,"parent":14245,"menu_order":0,"comment_status":"closed","ping_status":"closed","template":"","meta":{"_acf_changed":false,"footnotes":""},"class_list":["post-14227","page","type-page","status-publish","hentry"],"acf":[],"_links":{"self":[{"href":"https:\/\/tisvol.com\/fr\/wp-json\/wp\/v2\/pages\/14227","targetHints":{"allow":["GET"]}}],"collection":[{"href":"https:\/\/tisvol.com\/fr\/wp-json\/wp\/v2\/pages"}],"about":[{"href":"https:\/\/tisvol.com\/fr\/wp-json\/wp\/v2\/types\/page"}],"author":[{"embeddable":true,"href":"https:\/\/tisvol.com\/fr\/wp-json\/wp\/v2\/users\/1"}],"replies":[{"embeddable":true,"href":"https:\/\/tisvol.com\/fr\/wp-json\/wp\/v2\/comments?post=14227"}],"version-history":[{"count":0,"href":"https:\/\/tisvol.com\/fr\/wp-json\/wp\/v2\/pages\/14227\/revisions"}],"up":[{"embeddable":true,"href":"https:\/\/tisvol.com\/fr\/wp-json\/wp\/v2\/pages\/14245"}],"wp:attachment":[{"href":"https:\/\/tisvol.com\/fr\/wp-json\/wp\/v2\/media?parent=14227"}],"curies":[{"name":"wp","href":"https:\/\/api.w.org\/{rel}","templated":true}]}}