{"id":14224,"date":"2018-07-25T08:44:38","date_gmt":"2018-07-25T08:44:38","guid":{"rendered":"https:\/\/tisvol.com\/sistemas-de-potencia-tecnologia\/"},"modified":"2019-09-09T10:55:41","modified_gmt":"2019-09-09T10:55:41","slug":"systemes-de-puissance","status":"publish","type":"page","link":"https:\/\/tisvol.com\/fr\/comment\/systemes-de-puissance\/","title":{"rendered":"Syst\u00e8mes de puissance"},"content":{"rendered":"\n<style type=\"text\/css\" data-created_by=\"avia_inline_auto\" id=\"style-css-av-33yw-fe4ace012c6b9c696b8bb8b31f28441a\">\n.avia-section.av-33yw-fe4ace012c6b9c696b8bb8b31f28441a{\nbackground-color:#ffffff;\nbackground-image:unset;\n}\n<\/style>\n<div id='tisvol-tagline'  class='avia-section av-33yw-fe4ace012c6b9c696b8bb8b31f28441a main_color avia-section-default avia-no-border-styling  avia-builder-el-0  el_before_av_section  avia-builder-el-first  avia-bg-style-scroll container_wrap sidebar_right'  ><div class='container av-section-cont-open' ><main  role=\"main\" itemprop=\"mainContentOfPage\"  class='template-page content  av-content-small alpha units'><div class='post-entry post-entry-type-page post-entry-14224'><div class='entry-content-wrapper clearfix'>\n<section  class='av_textblock_section av-jj8pzx7e-f58ee2657ad4a3ea48b2f1ff7d628b0b '   itemscope=\"itemscope\" itemtype=\"https:\/\/schema.org\/CreativeWork\" ><div class='avia_textblock'  itemprop=\"text\" ><h3 style=\"text-align: center;\">Powered by Superior Quality<\/h3>\n<\/div><\/section>\n\n<\/div><\/div><\/main><!-- close content main element --><\/div><\/div>\n<style type=\"text\/css\" data-created_by=\"avia_inline_auto\" id=\"style-css-av-jsei95pk-4de8cb2051bbb907c9c685e4cba9faee\">\n.avia-section.av-jsei95pk-4de8cb2051bbb907c9c685e4cba9faee{\nbackground-color:#232323;\nbackground-repeat:no-repeat;\nbackground-image:url(https:\/\/tisvol.com\/wp-content\/uploads\/2019\/05\/sistemasdepotencia.jpg), linear-gradient( to right, #232323, #6d6d6d );\nbackground-position:0% 0%;\nbackground-attachment:scroll;\n}\n.avia-section.av-jsei95pk-4de8cb2051bbb907c9c685e4cba9faee .av-section-color-overlay{\nopacity:0.5;\nbackground-color:#777777;\n}\n<\/style>\n<div id='sistemas-de-potencia'  class='avia-section av-jsei95pk-4de8cb2051bbb907c9c685e4cba9faee main_color avia-section-large avia-no-border-styling  avia-builder-el-2  el_after_av_section  el_before_av_section  avia-full-stretch avia-bg-style-scroll av-section-color-overlay-active av-minimum-height av-minimum-height-75 av-height-75  container_wrap sidebar_right'  data-section-bg-repeat='stretch' data-av_minimum_height_pc='75' data-av_min_height_opt='75'><div class=\"av-section-color-overlay-wrap\"><div class=\"av-section-color-overlay\"><\/div><div class='container av-section-cont-open' ><div class='template-page content  av-content-small alpha units'><div class='post-entry post-entry-type-page post-entry-14224'><div class='entry-content-wrapper clearfix'>\n\n<style type=\"text\/css\" data-created_by=\"avia_inline_auto\" id=\"style-css-av-4p5m5k-3dbd6fe4d6ef4273dc2cfefe28d50e32\">\n.flex_column.av-4p5m5k-3dbd6fe4d6ef4273dc2cfefe28d50e32{\nborder-radius:0px 0px 0px 0px;\npadding:0px 0px 0px 0px;\n}\n<\/style>\n<div  class='flex_column av-4p5m5k-3dbd6fe4d6ef4273dc2cfefe28d50e32 av_four_fifth  avia-builder-el-3  el_before_av_one_fifth  avia-builder-el-first  animation-element first flex_column_div av-zero-column-padding  '     ><style type=\"text\/css\" data-created_by=\"avia_inline_auto\" id=\"style-css-av-jj8rms6q-0ace5a6ff95aee75cbff9e9923c598c9\">\n#top .av_textblock_section.av-jj8rms6q-0ace5a6ff95aee75cbff9e9923c598c9 .avia_textblock{\nfont-size:20px;\ncolor:#ffffff;\n}\n<\/style>\n<section  class='av_textblock_section av-jj8rms6q-0ace5a6ff95aee75cbff9e9923c598c9 '   itemscope=\"itemscope\" itemtype=\"https:\/\/schema.org\/CreativeWork\" ><div class='avia_textblock av_inherit_color'  itemprop=\"text\" ><h2 class=\"titular-principal\">SYST\u00c8MES DE PUISSANCE<\/h2>\n<h4><span class=\"gradient-text-white\">Le compl\u00e9ment parfait pour votre Tisvol<\/span><\/h4>\n<\/div><\/section><br \/>\n\n<style type=\"text\/css\" data-created_by=\"avia_inline_auto\" id=\"style-css-av-jseinx9j-f1d16525a1dd5ee02b777298b51b00ab\">\n#top .hr.hr-invisible.av-jseinx9j-f1d16525a1dd5ee02b777298b51b00ab{\nheight:30px;\n}\n<\/style>\n<div  class='hr av-jseinx9j-f1d16525a1dd5ee02b777298b51b00ab hr-invisible  avia-builder-el-5  el_after_av_textblock  el_before_av_textblock '><span class='hr-inner '><span class=\"hr-inner-style\"><\/span><\/span><\/div><br \/>\n\n<style type=\"text\/css\" data-created_by=\"avia_inline_auto\" id=\"style-css-av-jk29c4n6-f38e6b98d07269e92411984733972f48\">\n#top .av_textblock_section.av-jk29c4n6-f38e6b98d07269e92411984733972f48 .avia_textblock{\ncolor:#e8e8e8;\n}\n<\/style>\n<section  class='av_textblock_section av-jk29c4n6-f38e6b98d07269e92411984733972f48 '   itemscope=\"itemscope\" itemtype=\"https:\/\/schema.org\/CreativeWork\" ><div class='avia_textblock av_inherit_color'  itemprop=\"text\" ><h3 class=\"gradient-text\">Syst\u00e8me \u00e9lectrique<\/h3>\n<ul>\n<li><strong>Syst\u00e8me \u00e9lectrique blind\u00e9:<\/strong> Syst\u00e8me \u00e9lectrique marque Asp\u00f6ck avec bo\u00eetier de connexions avant, avec attelage au moyen de deux prises de sept broches (ISO1185 \/ ISO3731) et 1&#215;15 broches (ISO72570), \u00e9tanch\u00e9it\u00e9 IP 67 et homologu\u00e9 pour ADR. Compos\u00e9 de\u00a0: t\u00e9moins LED lat\u00e9raux et avant fix\u00e9s sur le ch\u00e2ssis, avec intermittence conform\u00e9ment au r\u00e8glement 48R.06\u00a0; deux t\u00e9moins arri\u00e8re multifonction avec triangle int\u00e9gr\u00e9 EUROPOINT III FULL LED\u00a0; signal acoustique d\u2019\u00e9l\u00e9vation et de march\u00e9 arri\u00e8re\u00a0; et troisi\u00e8me lumi\u00e8re de frein LED.<\/li>\n<li><strong>Suspension \u00e9lectronique ECAS:<\/strong> Syst\u00e8me de suspension \u00e9lectronique ECAS de Wabco. La gestion de la suspension pneumatique est faite depuis un module \u00e9lectronique situ\u00e9 dans l\u2019EBS. Le syst\u00e8me r\u00e8gle la hauteur de la suspension en fonction de la vitesse faisant ainsi une \u00e9conomie en carburant.<\/li>\n<li><strong>Projecteurs d\u2019\u00e9clairage de travail:<\/strong> Un, deux ou quatre \u00e0 l\u2019emplacement de votre choix, avec \u00e9clairage LED.<\/li>\n<li><strong>Lumi\u00e8res lat\u00e9rales:<\/strong> Fix\u00e9s de s\u00e9rie sur la carrosserie et, en option, sur le c\u00f4t\u00e9 de la carrosserie. Aident \u00e0 man\u0153uvrer les jours de faible visibilit\u00e9. Elles clignotent lorsque l\u2019on actionne l\u2019intermittent et satisfont les exigences du r\u00e8glement 48R.06 sur l\u2019\u00e9clairage et la signalisation.<\/li>\n<li><strong>Lumi\u00e8re rotative d\u2019avertissement d\u2019inclinaison maximale:<\/strong> Activ\u00e9e en tant que signal lumineux lorsqu\u2019elle d\u00e9tecte que la benne basculante est trop inclin\u00e9e pour amorcer une d\u00e9charge. De s\u00e9rie en Coroa.<\/li>\n<\/ul>\n<\/div><\/section><br \/>\n\n<style type=\"text\/css\" data-created_by=\"avia_inline_auto\" id=\"style-css-av-jk29c4n6-f38e6b98d07269e92411984733972f48\">\n#top .av_textblock_section.av-jk29c4n6-f38e6b98d07269e92411984733972f48 .avia_textblock{\ncolor:#e8e8e8;\n}\n<\/style>\n<section  class='av_textblock_section av-jk29c4n6-f38e6b98d07269e92411984733972f48 '   itemscope=\"itemscope\" itemtype=\"https:\/\/schema.org\/CreativeWork\" ><div class='avia_textblock av_inherit_color'  itemprop=\"text\" ><h3 class=\"gradient-text\">Syst\u00e8me pneumatique<\/h3>\n<ul>\n<li><strong>Code de couleurs<\/strong> du syst\u00e8me pneumatique facile \u00e0 identifier.<\/li>\n<li><strong>Syst\u00e8me de stabilit\u00e9 statique TSV:<\/strong> Durant la d\u00e9charge, le syst\u00e8me d\u00e9tecte que la caisse se s\u00e9pare du ch\u00e2ssis et les ressorts pneumatiques de la suspension se d\u00e9gonflent. Le centre de gravit\u00e9 de l\u2019ensemble descend et vous pouvez effectuer la d\u00e9charge depuis des supports plus stables.<\/li>\n<li><strong>\u00c9quipement de freinage EBS (Electronic Brake System) 2S\/2M avec deux capteurs et deux modulateurs:<\/strong> Cat\u00e9gorie A conforme \u00e0 la r\u00e9glementation ADR et avec syst\u00e8me de stabilit\u00e9 dynamique de type RSS install\u00e9. Muni de chambres et d\u2019actionneurs avec fonction parking sur les deux essieux arri\u00e8re et des chambres simples sur le premier essieu. Une prise de pression install\u00e9 de s\u00e9rie qui permet de passer l&rsquo;inspection technique sans charge. Raccord de connexion situ\u00e9 sur le tableau de commandes lat\u00e9ral.<\/li>\n<\/ul>\n<\/div><\/section><br \/>\n\n<style type=\"text\/css\" data-created_by=\"avia_inline_auto\" id=\"style-css-av-jk29c4n6-f38e6b98d07269e92411984733972f48\">\n#top .av_textblock_section.av-jk29c4n6-f38e6b98d07269e92411984733972f48 .avia_textblock{\ncolor:#e8e8e8;\n}\n<\/style>\n<section  class='av_textblock_section av-jk29c4n6-f38e6b98d07269e92411984733972f48 '   itemscope=\"itemscope\" itemtype=\"https:\/\/schema.org\/CreativeWork\" ><div class='avia_textblock av_inherit_color'  itemprop=\"text\" ><h3 class=\"gradient-text\">Syst\u00e8me hydraulique<\/h3>\n<ul>\n<li><strong> Les prises hydrauliques centr\u00e9es et sur\u00e9lev\u00e9es<\/strong> rendent la connexion et la d\u00e9connexion plus facile, \u00e9vitant ainsi les n\u0153uds entre tuyaux.<\/li>\n<li><strong>1 ou 2 flexibles:<\/strong> avec un flexible, la connexion est directe\u00a0; avec deux, nous intercalons un distributeur et nous montons un syst\u00e8me de protection du v\u00e9rin dans son inclinaison maximale. Nous nous adaptons \u00e0 la solution que r\u00e9sout le mieux vos besoins.<\/li>\n<li><strong>Une grande vari\u00e9t\u00e9 de raccords hydrauliques:<\/strong> Nous nous adaptons \u00e0 la plupart des connexions standard.<\/li>\n<li><strong>\u00c9quipement autonome basculant:<\/strong> Nous pouvons installer si n\u00e9cessaire tout le syst\u00e8me hydraulique afin de pouvoir actionner le v\u00e9rin ind\u00e9pendamment du tracteur. Ce syst\u00e8me est id\u00e9ale pour des flottes non sp\u00e9cialis\u00e9es dans les bennes basculantes o\u00f9 les tracteurs sont chang\u00e9s souvent.<\/li>\n<\/ul>\n<\/div><\/section><br \/>\n\n<style type=\"text\/css\" data-created_by=\"avia_inline_auto\" id=\"style-css-av-jk29c4n6-f38e6b98d07269e92411984733972f48\">\n#top .av_textblock_section.av-jk29c4n6-f38e6b98d07269e92411984733972f48 .avia_textblock{\ncolor:#e8e8e8;\n}\n<\/style>\n<section  class='av_textblock_section av-jk29c4n6-f38e6b98d07269e92411984733972f48 '   itemscope=\"itemscope\" itemtype=\"https:\/\/schema.org\/CreativeWork\" ><div class='avia_textblock av_inherit_color'  itemprop=\"text\" ><h3 class=\"gradient-text\">Accessoires technologiques<\/h3>\n<ul>\n<li><strong> Syst\u00e8me d\u2019autogonflage SAF Tire Pilot:<\/strong> La fa\u00e7on de maintenir la pression optimale dans tous les pneus et de faire des \u00e9conomies en carburant.<\/li>\n<li><strong>Smartboard:<\/strong> Il s\u2019agit d\u2019un syst\u00e8me de contr\u00f4le de donn\u00e9es de Wabco qui offre de s\u00e9rie les fonctions suivantes\u00a0:\n<ul>\n<li>Compteur kilom\u00e9trique.<\/li>\n<li>Avertissement et visualisation des pannes.<\/li>\n<li>Valeurs de mesure du syst\u00e8me de freinage et de suspension, tr\u00e8s utiles lorsque l\u2019on \u00e9labore l\u2019historique des pannes<\/li>\n<li>Visualisation de la charge que supporte chaque essieu.<\/li>\n<\/ul>\n<\/li>\n<li><strong>Am\u00e9liorez les prestations du Smartboard:<\/strong>\n<ul>\n<li>Contr\u00f4le de la pression des pneus. Le syst\u00e8me OptiTire vous permettra de faire un suivi de la pression de vos pneus en temps r\u00e9el.<\/li>\n<li>Cam\u00e9ras de vision de la charge qui permettent de visualiser l\u2019int\u00e9rieur de la carrosserie durant la charge.<\/li>\n<li>Immobilisation \u00e9lectronique de la semiremorque.<\/li>\n<li>Indicateur d\u2019usure des plaquettes. Vous recevrez l\u2019alerte visuelle sur le <em>smartboard<\/em> vous indiquant que leur vie arrive \u00e0 sa fin et vous pourrez programmer une visite au garage.<\/li>\n<li>V\u00e9hicules connect\u00e9s. Au moyen d\u2019Optilink ou d\u2019iTap, vous pouvez synchroniser les semiremorques avec votre tablette ou smartphone et faire un suivi d\u2019une grande quantit\u00e9 d&rsquo;informations.\u00a0\u00bb<\/li>\n<\/ul>\n<\/li>\n<li><strong>Vanne COLAS.<\/strong> Ce m\u00e9canisme est charg\u00e9 de r\u00e9gler sur la position de marche optimale la hauteur de la suspension ind\u00e9pendamment de la position sur laquelle la vanne a \u00e9t\u00e9 laiss\u00e9e.<\/li>\n<li><strong>L\u2019\u00e9lectronique et le <em>big data<\/em> nous offrent la possibilit\u00e9 de r\u00e9duire le rayon de braquage.<\/strong> La semiremorque d\u00e9tecte si l\u2019on effectue un braquage prolong\u00e9 et lib\u00e8re le troisi\u00e8me essieu de la charge, le braquage est donc effectu\u00e9 en moins d\u2019espace. Cette solution est fournie par l\u2019Optiturn de Wabco.<\/li>\n<\/ul>\n<\/div><\/section><\/p><\/div>\n<style type=\"text\/css\" data-created_by=\"avia_inline_auto\" id=\"style-css-av-22s720-79292b08e6c340448b51653641dd66d5\">\n.flex_column.av-22s720-79292b08e6c340448b51653641dd66d5{\nborder-radius:0px 0px 0px 0px;\npadding:0px 0px 0px 0px;\n}\n<\/style>\n<div  class='flex_column av-22s720-79292b08e6c340448b51653641dd66d5 av_one_fifth  avia-builder-el-10  el_after_av_four_fifth  avia-builder-el-last  flex_column_div av-zero-column-padding  '     ><\/div><\/div><\/div><\/div><!-- close content main div --><\/div><\/div><\/div>\n<style type=\"text\/css\" data-created_by=\"avia_inline_auto\" id=\"style-css-av-9o9nuz-592bd37fc9ed85f16e28c2603f514aea\">\n.avia-section.av-9o9nuz-592bd37fc9ed85f16e28c2603f514aea{\nbackground-repeat:no-repeat;\nbackground-image:url(https:\/\/tisvol.com\/wp-content\/uploads\/2018\/07\/tisvol-como-se-hace-bg.jpg);\nbackground-position:50% 50%;\nbackground-attachment:scroll;\n}\n.avia-section.av-9o9nuz-592bd37fc9ed85f16e28c2603f514aea .av-section-color-overlay{\nopacity:0.9;\nbackground-color:#ffffff;\n}\n<\/style>\n<div id='av_section_3'  class='avia-section av-9o9nuz-592bd37fc9ed85f16e28c2603f514aea main_color avia-section-default avia-no-border-styling  avia-builder-el-11  el_after_av_section  el_before_av_section  gradient-overlay border-top-fillet avia-full-stretch avia-bg-style-scroll av-section-color-overlay-active container_wrap sidebar_right'  data-section-bg-repeat='stretch'><div class=\"av-section-color-overlay-wrap\"><div class=\"av-section-color-overlay\"><\/div><div class='container av-section-cont-open' ><div class='template-page content  av-content-small alpha units'><div class='post-entry post-entry-type-page post-entry-14224'><div class='entry-content-wrapper clearfix'>\n\n<style type=\"text\/css\" data-created_by=\"avia_inline_auto\" id=\"style-css-av-1uwf2z-2cc67e0256f80101e4014eae9c62c7c5\">\n.flex_column.av-1uwf2z-2cc67e0256f80101e4014eae9c62c7c5{\nborder-radius:0px 0px 0px 0px;\npadding:0px 0px 0px 0px;\n}\n<\/style>\n<div  class='flex_column av-1uwf2z-2cc67e0256f80101e4014eae9c62c7c5 av_one_fifth  avia-builder-el-12  el_before_av_three_fifth  avia-builder-el-first  first flex_column_div av-zero-column-padding  '     ><\/div>\n<style type=\"text\/css\" data-created_by=\"avia_inline_auto\" id=\"style-css-av-6tq6cb-898d1a5c296f34510c04e41945908418\">\n.flex_column.av-6tq6cb-898d1a5c296f34510c04e41945908418{\nborder-radius:0px 0px 0px 0px;\npadding:0px 0px 0px 0px;\n}\n<\/style>\n<div  class='flex_column av-6tq6cb-898d1a5c296f34510c04e41945908418 av_three_fifth  avia-builder-el-13  el_after_av_one_fifth  avia-builder-el-last  flex_column_div av-zero-column-padding  '     ><section  class='av_textblock_section av-jk0tw2iq-c9a83e4542c117f1c04fa5974a1634f8 '   itemscope=\"itemscope\" itemtype=\"https:\/\/schema.org\/CreativeWork\" ><div class='avia_textblock'  itemprop=\"text\" ><div class=\"tisvol-diagonal\">\n<div><\/div>\n<\/div>\n<h3 class=\"titular-estandar\" style=\"text-align: center;\">LA CONSTRUCTION D\u2019UNE TISVOL<\/h3>\n<div class=\"tisvol-diagonal\">\n<div><\/div>\n<\/div>\n<\/div><\/section><br \/>\n<section  class='av_textblock_section av-jk0tw2iq-c9a83e4542c117f1c04fa5974a1634f8 '   itemscope=\"itemscope\" itemtype=\"https:\/\/schema.org\/CreativeWork\" ><div class='avia_textblock'  itemprop=\"text\" ><p style=\"text-align: center;\">Le processus de construction d&rsquo;une Tisvol comprend plus de 40 robots qui font partie du processus de production, plus de 4\u00a0km de soudage par unit\u00e9 et plus de 1.000 visses.<\/p>\n<p style=\"text-align: center;\">Une automatisation qui d\u00e9passe 85\u00a0% du processus de soudage dans toutes ses unions afin d\u2019obtenir un niveau de qualit\u00e9 maximal et une garantie que le processus manuel ne peut maintenir \u00e0 long terme. Les stations de soudage sont automatis\u00e9es avec des robots \u00e0 3 ou \u00e0 5 essieux munis de la plus haute technologie en CNC.<\/p>\n<p style=\"text-align: center;\">Tout ce montage automatis\u00e9 provient du r\u00eave des fondateurs, de la vision de la direction et de l&rsquo;ex\u00e9cution de toute l\u2019\u00e9quipe humaine qui compose Tisvol, car il ne faut pas oublier cette touche d\u2019artisanat, le savoir-faire de notre personnel, fort de nombreuses ann\u00e9es d\u2019exp\u00e9rience, appliqu\u00e9 sur chaque v\u00e9hicule. Soyez surpris en apprenant comment l\u2019on construit une Tisvol:<\/p>\n<p style=\"text-align: center;\">[<a style=\"color: #fff; text-decoration: underline;\" href=\"https:\/\/tisvol.com\/fr\/como-se-hace\/\">+ de renseignements sur le syst\u00e8me de construction chez Tisvol<\/a>]<\/p>\n<\/div><\/section><\/p><\/div>\n<\/p>\n<\/div><\/div><\/div><!-- close content main div --><\/div><\/div><\/div>\n<style type=\"text\/css\" data-created_by=\"avia_inline_auto\" id=\"style-css-av-9o9nuz-160e269624ae7b761652ba28b723b710\">\n.avia-section.av-9o9nuz-160e269624ae7b761652ba28b723b710{\nbackground-color:#d8d8d8;\nbackground-image:unset;\n}\n<\/style>\n<div id='av_section_4'  class='avia-section av-9o9nuz-160e269624ae7b761652ba28b723b710 main_color avia-section-large avia-no-border-styling  avia-builder-el-16  el_after_av_section  avia-builder-el-last  avia-bg-style-scroll container_wrap sidebar_right'  ><div class='container av-section-cont-open' ><div class='template-page content  av-content-small alpha units'><div class='post-entry post-entry-type-page post-entry-14224'><div class='entry-content-wrapper clearfix'>\n<div class='flex_column_table av-57fmi3-092815821eaaee3182dc6f1c6f92c697 sc-av_one_third av-equal-height-column-flextable'>\n<style type=\"text\/css\" data-created_by=\"avia_inline_auto\" id=\"style-css-av-57fmi3-092815821eaaee3182dc6f1c6f92c697\">\n.flex_column.av-57fmi3-092815821eaaee3182dc6f1c6f92c697{\nborder-radius:0px 0px 0px 0px;\npadding:0px 0px 0px 0px;\n}\n<\/style>\n<div  class='flex_column av-57fmi3-092815821eaaee3182dc6f1c6f92c697 av_one_third  avia-builder-el-17  el_before_av_one_third  avia-builder-el-first  first flex_column_table_cell av-equal-height-column av-align-top av-zero-column-padding  '     ><section  class='av_textblock_section av-jk0tw2iq-c9a83e4542c117f1c04fa5974a1634f8 '   itemscope=\"itemscope\" itemtype=\"https:\/\/schema.org\/CreativeWork\" ><div class='avia_textblock'  itemprop=\"text\" ><h3 style=\"text-align: center;\">L\u2019aluminium chez Tisvol<\/h3>\n<p style=\"text-align: center;\">Il y a longtemps que Tisvol a adopt\u00e9 l\u2019aluminium en tant que noyau de son entreprise. Durant toutes ces ann\u00e9es, plus de 40, notre mati\u00e8re premi\u00e8re est devenue notre \u00e2me et s\u2019est int\u00e9gr\u00e9e dans notre ADN.<\/p>\n<p style=\"text-align: center;\">[<a href=\"https:\/\/tisvol.com\/fr\/como-se-hace\/aluminio\/\">+ de renseignements sur l\u2019aluminium chez Tisvol<\/a>]<\/p>\n<\/div><\/section><\/div><div class='av-flex-placeholder'><\/div>\n<style type=\"text\/css\" data-created_by=\"avia_inline_auto\" id=\"style-css-av-3kos8r-355d274a76e6708e3617908638d3f2c0\">\n.flex_column.av-3kos8r-355d274a76e6708e3617908638d3f2c0{\nborder-radius:0px 0px 0px 0px;\npadding:0px 0px 0px 0px;\n}\n<\/style>\n<div  class='flex_column av-3kos8r-355d274a76e6708e3617908638d3f2c0 av_one_third  avia-builder-el-19  el_after_av_one_third  el_before_av_one_third  flex_column_table_cell av-equal-height-column av-align-top av-zero-column-padding  '     ><section  class='av_textblock_section av-jk0tw2iq-c9a83e4542c117f1c04fa5974a1634f8 '   itemscope=\"itemscope\" itemtype=\"https:\/\/schema.org\/CreativeWork\" ><div class='avia_textblock'  itemprop=\"text\" ><h3 style=\"text-align: center;\">Syst\u00e8mes de puissance chez Tisvol<\/h3>\n<p style=\"text-align: center;\">Le syst\u00e8me \u00e9lectrique blind\u00e9 est autoris\u00e9 pour le transport de marchandises dangereuses\u00a0; syst\u00e8me pneumatique de couleurs pour une identification rapide des pannes\u00a0; syst\u00e8mes de connexion des flexibles hydrauliques simple et mixte avec fin de course de s\u00e9curit\u00e9.<\/p>\n<p style=\"text-align: center;\">[<a href=\"https:\/\/tisvol.com\/fr\/como-se-hace\/sistemas-de-potencia\/\">+ de renseignements sur les syst\u00e8mes de puissance Tisvol<\/a>]<\/p>\n<\/div><\/section><\/div><div class='av-flex-placeholder'><\/div>\n<style type=\"text\/css\" data-created_by=\"avia_inline_auto\" id=\"style-css-av-2zilyz-71f7a28451342a07790eec49a1bb3d31\">\n.flex_column.av-2zilyz-71f7a28451342a07790eec49a1bb3d31{\nborder-radius:0px 0px 0px 0px;\npadding:0px 0px 0px 0px;\n}\n<\/style>\n<div  class='flex_column av-2zilyz-71f7a28451342a07790eec49a1bb3d31 av_one_third  avia-builder-el-21  el_after_av_one_third  avia-builder-el-last  flex_column_table_cell av-equal-height-column av-align-top av-zero-column-padding  '     ><section  class='av_textblock_section av-jk0tw2iq-c9a83e4542c117f1c04fa5974a1634f8 '   itemscope=\"itemscope\" itemtype=\"https:\/\/schema.org\/CreativeWork\" ><div class='avia_textblock'  itemprop=\"text\" ><h3 style=\"text-align: center;\">L\u2019importance de la tare chez Tisvol<\/h3>\n<p style=\"text-align: center;\">Dans toutes les gammes et dans tous nos v\u00e9hicules, la tare est est l&rsquo;une des valeurs principales sur lesquels nos clients mettent l&rsquo;accent apr\u00e8s l&rsquo;essai. <strong>Choisir Tisvol veut dire choisir une plus grande charge utile, une meilleure optimisation.<\/strong> La tare est la base de la rentabilit\u00e9 pour nos clients, et nous en sommes conscients chez Tisvol, c\u2019est pour cela que nous consacrons une grande partie de nos ressources au d\u00e9veloppement des v\u00e9hicules les plus l\u00e9gers et avec une durabilit\u00e9 maximale.<\/p>\n<\/div><\/section><\/div><\/div><!--close column table wrapper. Autoclose: 1 -->\n<\/div><\/div><\/div><!-- close content main div --><\/div><\/div><div id='after_section_4'  class='main_color av_default_container_wrap container_wrap sidebar_right'  ><div class='container av-section-cont-open' ><div class='template-page content  av-content-small alpha units'><div class='post-entry post-entry-type-page post-entry-14224'><div class='entry-content-wrapper clearfix'>\n","protected":false},"excerpt":{"rendered":"","protected":false},"author":1,"featured_media":0,"parent":14245,"menu_order":0,"comment_status":"closed","ping_status":"closed","template":"","meta":{"_acf_changed":false,"footnotes":""},"class_list":["post-14224","page","type-page","status-publish","hentry"],"acf":[],"_links":{"self":[{"href":"https:\/\/tisvol.com\/fr\/wp-json\/wp\/v2\/pages\/14224","targetHints":{"allow":["GET"]}}],"collection":[{"href":"https:\/\/tisvol.com\/fr\/wp-json\/wp\/v2\/pages"}],"about":[{"href":"https:\/\/tisvol.com\/fr\/wp-json\/wp\/v2\/types\/page"}],"author":[{"embeddable":true,"href":"https:\/\/tisvol.com\/fr\/wp-json\/wp\/v2\/users\/1"}],"replies":[{"embeddable":true,"href":"https:\/\/tisvol.com\/fr\/wp-json\/wp\/v2\/comments?post=14224"}],"version-history":[{"count":0,"href":"https:\/\/tisvol.com\/fr\/wp-json\/wp\/v2\/pages\/14224\/revisions"}],"up":[{"embeddable":true,"href":"https:\/\/tisvol.com\/fr\/wp-json\/wp\/v2\/pages\/14245"}],"wp:attachment":[{"href":"https:\/\/tisvol.com\/fr\/wp-json\/wp\/v2\/media?parent=14224"}],"curies":[{"name":"wp","href":"https:\/\/api.w.org\/{rel}","templated":true}]}}