{"id":14204,"date":"2018-07-31T08:27:21","date_gmt":"2018-07-31T06:27:21","guid":{"rendered":"https:\/\/tisvol.com\/acabados-superficiales\/"},"modified":"2024-12-19T15:59:41","modified_gmt":"2024-12-19T14:59:41","slug":"finitions-de-surface","status":"publish","type":"page","link":"https:\/\/tisvol.com\/fr\/finitions-de-surface\/","title":{"rendered":"Finitions de surface"},"content":{"rendered":"\n<style type=\"text\/css\" data-created_by=\"avia_inline_auto\" id=\"style-css-av-33yw-fe4ace012c6b9c696b8bb8b31f28441a\">\n.avia-section.av-33yw-fe4ace012c6b9c696b8bb8b31f28441a{\nbackground-color:#ffffff;\nbackground-image:unset;\n}\n<\/style>\n<div id='tisvol-tagline'  class='avia-section av-33yw-fe4ace012c6b9c696b8bb8b31f28441a main_color avia-section-default avia-no-border-styling  avia-builder-el-0  el_before_av_section  avia-builder-el-first  avia-bg-style-scroll container_wrap sidebar_right'  ><div class='container av-section-cont-open' ><main  role=\"main\" itemprop=\"mainContentOfPage\"  class='template-page content  av-content-small alpha units'><div class='post-entry post-entry-type-page post-entry-14204'><div class='entry-content-wrapper clearfix'>\n<section  class='av_textblock_section av-jj8pzx7e-f58ee2657ad4a3ea48b2f1ff7d628b0b '   itemscope=\"itemscope\" itemtype=\"https:\/\/schema.org\/CreativeWork\" ><div class='avia_textblock'  itemprop=\"text\" ><h3 style=\"text-align: center;\">Powered by Superior Quality<\/h3>\n<\/div><\/section>\n\n<\/div><\/div><\/main><!-- close content main element --><\/div><\/div>\n<style type=\"text\/css\" data-created_by=\"avia_inline_auto\" id=\"style-css-av-jsei95pk-c178d08238b6dc278e37a7129240780c\">\n.avia-section.av-jsei95pk-c178d08238b6dc278e37a7129240780c{\nbackground-color:#232323;\nbackground-repeat:no-repeat;\nbackground-image:url(https:\/\/tisvol.com\/wp-content\/uploads\/2019\/05\/pintura.jpg), linear-gradient( to right, #232323, #515151 );\nbackground-position:50% 50%;\nbackground-attachment:scroll;\n}\n.avia-section.av-jsei95pk-c178d08238b6dc278e37a7129240780c .av-section-color-overlay{\nopacity:0.5;\nbackground-color:#777777;\n}\n<\/style>\n<div id='av_section_2'  class='avia-section av-jsei95pk-c178d08238b6dc278e37a7129240780c main_color avia-section-large avia-no-border-styling  avia-builder-el-2  el_after_av_section  el_before_av_section  avia-full-stretch avia-bg-style-scroll av-section-color-overlay-active av-minimum-height av-minimum-height-75 av-height-75  container_wrap sidebar_right'  data-section-bg-repeat='stretch' data-av_minimum_height_pc='75' data-av_min_height_opt='75'><div class=\"av-section-color-overlay-wrap\"><div class=\"av-section-color-overlay\"><\/div><div class='container av-section-cont-open' ><div class='template-page content  av-content-small alpha units'><div class='post-entry post-entry-type-page post-entry-14204'><div class='entry-content-wrapper clearfix'>\n\n<style type=\"text\/css\" data-created_by=\"avia_inline_auto\" id=\"style-css-av-4p5m5k-3dbd6fe4d6ef4273dc2cfefe28d50e32\">\n.flex_column.av-4p5m5k-3dbd6fe4d6ef4273dc2cfefe28d50e32{\nborder-radius:0px 0px 0px 0px;\npadding:0px 0px 0px 0px;\n}\n<\/style>\n<div  class='flex_column av-4p5m5k-3dbd6fe4d6ef4273dc2cfefe28d50e32 av_three_fourth  avia-builder-el-3  el_before_av_one_fourth  avia-builder-el-first  animation-element first flex_column_div av-zero-column-padding  '     ><style type=\"text\/css\" data-created_by=\"avia_inline_auto\" id=\"style-css-av-jj8rms6q-0ace5a6ff95aee75cbff9e9923c598c9\">\n#top .av_textblock_section.av-jj8rms6q-0ace5a6ff95aee75cbff9e9923c598c9 .avia_textblock{\nfont-size:20px;\ncolor:#ffffff;\n}\n<\/style>\n<section  class='av_textblock_section av-jj8rms6q-0ace5a6ff95aee75cbff9e9923c598c9 '   itemscope=\"itemscope\" itemtype=\"https:\/\/schema.org\/CreativeWork\" ><div class='avia_textblock av_inherit_color'  itemprop=\"text\" ><h2 class=\"titular-principal\">FINITIONS DE SURFACE<\/h2>\n<h4><span class=\"gradient-text-white\">Fonctionnalit\u00e9 et esth\u00e9tique<\/span><\/h4>\n<\/div><\/section><br \/>\n\n<style type=\"text\/css\" data-created_by=\"avia_inline_auto\" id=\"style-css-av-jseinx9j-f1d16525a1dd5ee02b777298b51b00ab\">\n#top .hr.hr-invisible.av-jseinx9j-f1d16525a1dd5ee02b777298b51b00ab{\nheight:30px;\n}\n<\/style>\n<div  class='hr av-jseinx9j-f1d16525a1dd5ee02b777298b51b00ab hr-invisible  avia-builder-el-5  el_after_av_textblock  el_before_av_textblock '><span class='hr-inner '><span class=\"hr-inner-style\"><\/span><\/span><\/div><br \/>\n\n<style type=\"text\/css\" data-created_by=\"avia_inline_auto\" id=\"style-css-av-jk9frtdu-9ae77c773d0c819d7e9a28aa79cfde65\">\n#top .av_textblock_section.av-jk9frtdu-9ae77c773d0c819d7e9a28aa79cfde65 .avia_textblock{\ncolor:#e8e8e8;\n}\n<\/style>\n<section  class='av_textblock_section av-jk9frtdu-9ae77c773d0c819d7e9a28aa79cfde65 '   itemscope=\"itemscope\" itemtype=\"https:\/\/schema.org\/CreativeWork\" ><div class='avia_textblock av_inherit_color'  itemprop=\"text\" ><h3 class=\"gradient-text\" style=\"text-align: left;\">Barre du pare-choc anodis\u00e9e<\/h3>\n<p style=\"text-align: left;\">La peinture sur les pare-chocs n\u2019est pas une bonne option, car l&rsquo;usure et les d\u00e9charges font en sorte que la peinture finisse par sauter.<\/p>\n<p style=\"text-align: left;\">La finition de s\u00e9rie sur toutes nos barres de pare-choc consiste en un traitement d\u2019anodisation qui am\u00e9liore la durabilit\u00e9 de l&rsquo;aluminium. Il s\u2019agit du traitement standard de l\u2019aluminium sur des composants maritimes.<\/p>\n<h3 class=\"gradient-text\" style=\"text-align: left;\">Finitions<\/h3>\n<p style=\"text-align: left;\"><strong>Aussi bien la finition \u00e0 base de peinture que la finition naturelle de l&rsquo;aluminium sont disponibles<\/strong>, malgr\u00e9 la difficult\u00e9 de son obtention.<\/p>\n<\/div><\/section><br \/>\n\n<style type=\"text\/css\" data-created_by=\"avia_inline_auto\" id=\"style-css-av-jjzijvlr-a360d04029b4ce372b0774c95bcefcf5\">\n#top .av_textblock_section.av-jjzijvlr-a360d04029b4ce372b0774c95bcefcf5 .avia_textblock{\ncolor:#e8e8e8;\n}\n<\/style>\n<section  class='av_textblock_section av-jjzijvlr-a360d04029b4ce372b0774c95bcefcf5 '   itemscope=\"itemscope\" itemtype=\"https:\/\/schema.org\/CreativeWork\" ><div class='avia_textblock av_inherit_color'  itemprop=\"text\" ><h3 class=\"gradient-text\" style=\"text-align: left;\">Le proc\u00e9d\u00e9 de peinture Tisvol<\/h3>\n<p style=\"text-align: left;\"><strong>Le proc\u00e9d\u00e9 de peinture Tisvol garantit un minimum de 85 microns sur tout le v\u00e9hicule<\/strong>. Nous menons \u00e0 bien sur tous les v\u00e9hicules un essai de contr\u00f4le au moyen de points de lecture distribu\u00e9s sur toute la surface, qui nous permet de v\u00e9rifier que l\u2019application a \u00e9t\u00e9 parfaite.<\/p>\n<p style=\"text-align: left;\">Lors du proc\u00e9d\u00e9 de peinture, nous consid\u00e9rons les \u00e9l\u00e9ments suivants:<\/p>\n<ul>\n<li>Un minimum de <strong>85 microns<\/strong> sur toute la surface.<\/li>\n<li>Peinture du ch\u00e2ssis ind\u00e9pendamment de la caisse et avant toute installation. <strong>L\u2019on pr\u00e9serve ainsi le code de couleurs.<\/strong><\/li>\n<li>Des points de contr\u00f4le sur tous les v\u00e9hicules peints.<\/li>\n<li><strong>Peinture \u00e9lectrostatique.<\/strong><\/li>\n<li>S\u00e9chage <strong>au four.<\/strong><\/li>\n<li>Traitement superficiel pr\u00e9alable de sablage ou de pon\u00e7age permettant d\u2019ouvrir les pores et d\u2019obtenir un r\u00e9sultat parfait.<\/li>\n<li>\n<div class=\"flex-shrink-0 flex flex-col relative items-end\">\n<div>\n<div class=\"pt-0\">\n<div class=\"gizmo-bot-avatar flex h-8 w-8 items-center justify-center overflow-hidden rounded-full\">\n<div class=\"relative p-1 rounded-sm flex items-center justify-center bg-token-main-surface-primary text-token-text-primary h-8 w-8\">Nous utilisons un produit innovant et de haute qualit\u00e9, appliqu\u00e9 en plusieurs couches. La premi\u00e8re couche agit comme une primaire pour une adh\u00e9rence parfaite, tandis que les couches suivantes servent de finition esth\u00e9tique avec un brillant \u00e9lev\u00e9 et un nivellement impeccable. Le produit contient une haute concentration d&rsquo;agents anticorrosion, et les contr\u00f4les de qualit\u00e9 n\u00e9cessaires sont effectu\u00e9s pour se conformer \u00e0 la r\u00e9glementation en vigueur sur les peintures et vernis (ISO 2409-2808-2813-4628-12944).<\/div>\n<\/div>\n<\/div>\n<\/div>\n<\/div>\n<div class=\"group\/conversation-turn relative flex w-full min-w-0 flex-col agent-turn\">\n<div class=\"flex-col gap-1 md:gap-3\">\n<div class=\"flex max-w-full flex-col flex-grow\">\n<div class=\"min-h-8 text-message flex w-full flex-col items-end gap-2 whitespace-normal break-words text-start &#091;.text-message+&amp;&#093;:mt-5\" dir=\"auto\" data-message-author-role=\"assistant\" data-message-id=\"420379b7-08dd-4de8-b2eb-5a969b54d19c\" data-message-model-slug=\"gpt-4o\">\n<div class=\"flex w-full flex-col gap-1 empty:hidden first:pt-&#091;3px&#093;\">\n<div class=\"markdown prose w-full break-words dark:prose-invert dark\"><\/div>\n<\/div>\n<\/div>\n<\/div>\n<\/div>\n<\/div>\n<\/li>\n<\/ul>\n<\/div><\/section><br \/>\n\n<style type=\"text\/css\" data-created_by=\"avia_inline_auto\" id=\"style-css-av-jvnju9en-778045358ddb148d0b52a01cfc6267ea\">\n#top .hr.hr-invisible.av-jvnju9en-778045358ddb148d0b52a01cfc6267ea{\nheight:30px;\n}\n<\/style>\n<div  class='hr av-jvnju9en-778045358ddb148d0b52a01cfc6267ea hr-invisible  avia-builder-el-8  el_after_av_textblock  el_before_av_textblock '><span class='hr-inner '><span class=\"hr-inner-style\"><\/span><\/span><\/div><br \/>\n\n<style type=\"text\/css\" data-created_by=\"avia_inline_auto\" id=\"style-css-av-jjzijvlr-666cf31055e7f7bfceb532d629f45ff1\">\n#top .av_textblock_section.av-jjzijvlr-666cf31055e7f7bfceb532d629f45ff1 .avia_textblock{\ncolor:#e8e8e8;\n}\n<\/style>\n<section  class='av_textblock_section av-jjzijvlr-666cf31055e7f7bfceb532d629f45ff1 '   itemscope=\"itemscope\" itemtype=\"https:\/\/schema.org\/CreativeWork\" ><div class='avia_textblock av_inherit_color'  itemprop=\"text\" ><h3 class=\"gradient-text\">Visserie <em>dacromet<\/em><\/h3>\n<p>Nous prenons tr\u00e8s au s\u00e9rieux la pr\u00e9vention de la corrosion. Nous faisons le meilleur traitement de la visserie afin d\u2019obtenir une fiabilit\u00e9 \u00e9norme.<\/p>\n<\/div><\/section><br \/>\n\n<style type=\"text\/css\" data-created_by=\"avia_inline_auto\" id=\"style-css-av-jjzijvlr-666cf31055e7f7bfceb532d629f45ff1\">\n#top .av_textblock_section.av-jjzijvlr-666cf31055e7f7bfceb532d629f45ff1 .avia_textblock{\ncolor:#e8e8e8;\n}\n<\/style>\n<section  class='av_textblock_section av-jjzijvlr-666cf31055e7f7bfceb532d629f45ff1 '   itemscope=\"itemscope\" itemtype=\"https:\/\/schema.org\/CreativeWork\" ><div class='avia_textblock av_inherit_color'  itemprop=\"text\" ><h3 class=\"gradient-text\">Analyse en chambre \u00e0 brouillard salin<\/h3>\n<p>Nous v\u00e9rifions la qualit\u00e9 de notre proc\u00e9d\u00e9 de peinture et de visserie des zones d&rsquo;union entre m\u00e9taux \u00e0 diff\u00e9rent couple galvanique. Nous menons \u00e0 bien des essais annuels de r\u00e9sistance \u00e0 la corrosion dans une chambre \u00e0 brouillard salin (selon la norme <strong>UNE-EN ISO 9227<\/strong>), avec des simulations \u00e0 \u00e9chelle des ch\u00e2ssis et des caisses (jusqu\u2019\u00e0 1.000 heures). Les r\u00e9sultats sont extr\u00eamement satisfaisants\u00a0: la peinture n&rsquo;est pas \u00e9corc\u00e9e (norme <strong>UNE-ISO 48258-2-ISO 4628-2:1982<\/strong>) et maintient un comportement exceptionnel face \u00e0 la corrosion sur la surface peinte (norme <strong>UNE 48258-3-ISO 4628-3:1982<\/strong>).<\/p>\n<\/div><\/section><\/p><\/div>\n<style type=\"text\/css\" data-created_by=\"avia_inline_auto\" id=\"style-css-av-22s720-79292b08e6c340448b51653641dd66d5\">\n.flex_column.av-22s720-79292b08e6c340448b51653641dd66d5{\nborder-radius:0px 0px 0px 0px;\npadding:0px 0px 0px 0px;\n}\n<\/style>\n<div  class='flex_column av-22s720-79292b08e6c340448b51653641dd66d5 av_one_fourth  avia-builder-el-11  el_after_av_three_fourth  avia-builder-el-last  flex_column_div av-zero-column-padding  '     ><\/div><\/div><\/div><\/div><!-- close content main div --><\/div><\/div><\/div>\n<style type=\"text\/css\" data-created_by=\"avia_inline_auto\" id=\"style-css-av-9o9nuz-592bd37fc9ed85f16e28c2603f514aea\">\n.avia-section.av-9o9nuz-592bd37fc9ed85f16e28c2603f514aea{\nbackground-repeat:no-repeat;\nbackground-image:url(https:\/\/tisvol.com\/wp-content\/uploads\/2018\/07\/tisvol-como-se-hace-bg.jpg);\nbackground-position:50% 50%;\nbackground-attachment:scroll;\n}\n.avia-section.av-9o9nuz-592bd37fc9ed85f16e28c2603f514aea .av-section-color-overlay{\nopacity:0.9;\nbackground-color:#ffffff;\n}\n<\/style>\n<div id='av_section_3'  class='avia-section av-9o9nuz-592bd37fc9ed85f16e28c2603f514aea main_color avia-section-default avia-no-border-styling  avia-builder-el-12  el_after_av_section  el_before_av_section  gradient-overlay border-top-fillet avia-full-stretch avia-bg-style-scroll av-section-color-overlay-active container_wrap sidebar_right'  data-section-bg-repeat='stretch'><div class=\"av-section-color-overlay-wrap\"><div class=\"av-section-color-overlay\"><\/div><div class='container av-section-cont-open' ><div class='template-page content  av-content-small alpha units'><div class='post-entry post-entry-type-page post-entry-14204'><div class='entry-content-wrapper clearfix'>\n\n<style type=\"text\/css\" data-created_by=\"avia_inline_auto\" id=\"style-css-av-1uwf2z-2cc67e0256f80101e4014eae9c62c7c5\">\n.flex_column.av-1uwf2z-2cc67e0256f80101e4014eae9c62c7c5{\nborder-radius:0px 0px 0px 0px;\npadding:0px 0px 0px 0px;\n}\n<\/style>\n<div  class='flex_column av-1uwf2z-2cc67e0256f80101e4014eae9c62c7c5 av_one_fifth  avia-builder-el-13  el_before_av_three_fifth  avia-builder-el-first  first flex_column_div av-zero-column-padding  '     ><\/div>\n<style type=\"text\/css\" data-created_by=\"avia_inline_auto\" id=\"style-css-av-6tq6cb-898d1a5c296f34510c04e41945908418\">\n.flex_column.av-6tq6cb-898d1a5c296f34510c04e41945908418{\nborder-radius:0px 0px 0px 0px;\npadding:0px 0px 0px 0px;\n}\n<\/style>\n<div  class='flex_column av-6tq6cb-898d1a5c296f34510c04e41945908418 av_three_fifth  avia-builder-el-14  el_after_av_one_fifth  avia-builder-el-last  flex_column_div av-zero-column-padding  '     ><section  class='av_textblock_section av-jk0tw2iq-c9a83e4542c117f1c04fa5974a1634f8 '   itemscope=\"itemscope\" itemtype=\"https:\/\/schema.org\/CreativeWork\" ><div class='avia_textblock'  itemprop=\"text\" ><div class=\"tisvol-diagonal\">\n<div><\/div>\n<\/div>\n<h3 class=\"titular-estandar\" style=\"text-align: center;\">LA CONSTRUCTION D\u2019UNE TISVOL<\/h3>\n<div class=\"tisvol-diagonal\">\n<div><\/div>\n<\/div>\n<\/div><\/section><br \/>\n<section  class='av_textblock_section av-jk0tw2iq-c9a83e4542c117f1c04fa5974a1634f8 '   itemscope=\"itemscope\" itemtype=\"https:\/\/schema.org\/CreativeWork\" ><div class='avia_textblock'  itemprop=\"text\" ><p style=\"text-align: center;\">Le processus de construction d&rsquo;une Tisvol comprend plus de 40 robots qui font partie du processus de production, plus de 4\u00a0km de soudage par unit\u00e9 et plus de 1.000 visses.<\/p>\n<p style=\"text-align: center;\">Une automatisation qui d\u00e9passe 85\u00a0% du processus de soudage dans toutes ses unions afin d\u2019obtenir un niveau de qualit\u00e9 maximal et une garantie que le processus manuel ne peut maintenir \u00e0 long terme. Les stations de soudage sont automatis\u00e9es avec des robots \u00e0 3 ou \u00e0 5 essieux munis de la plus haute technologie en CNC.<\/p>\n<p style=\"text-align: center;\">Tout ce montage automatis\u00e9 provient du r\u00eave des fondateurs, de la vision de la direction et de l&rsquo;ex\u00e9cution de toute l\u2019\u00e9quipe humaine qui compose Tisvol, car il ne faut pas oublier cette touche d\u2019artisanat, le savoir-faire de notre personnel, fort de nombreuses ann\u00e9es d\u2019exp\u00e9rience, appliqu\u00e9 sur chaque v\u00e9hicule. Soyez surpris en apprenant comment l\u2019on construit une Tisvol:<\/p>\n<p style=\"text-align: center;\">[<a style=\"color: #fff; text-decoration: underline;\" href=\"https:\/\/tisvol.com\/fr\/como-se-hace\/\">+ de renseignements sur le syst\u00e8me de construction chez Tisvol<\/a>]<\/p>\n<\/div><\/section><\/p><\/div>\n<\/p>\n<\/div><\/div><\/div><!-- close content main div --><\/div><\/div><\/div>\n<style type=\"text\/css\" data-created_by=\"avia_inline_auto\" id=\"style-css-av-9o9nuz-160e269624ae7b761652ba28b723b710\">\n.avia-section.av-9o9nuz-160e269624ae7b761652ba28b723b710{\nbackground-color:#d8d8d8;\nbackground-image:unset;\n}\n<\/style>\n<div id='av_section_4'  class='avia-section av-9o9nuz-160e269624ae7b761652ba28b723b710 main_color avia-section-large avia-no-border-styling  avia-builder-el-17  el_after_av_section  avia-builder-el-last  avia-bg-style-scroll container_wrap sidebar_right'  ><div class='container av-section-cont-open' ><div class='template-page content  av-content-small alpha units'><div class='post-entry post-entry-type-page post-entry-14204'><div class='entry-content-wrapper clearfix'>\n<div class='flex_column_table av-57fmi3-092815821eaaee3182dc6f1c6f92c697 sc-av_one_third av-equal-height-column-flextable'>\n<style type=\"text\/css\" data-created_by=\"avia_inline_auto\" id=\"style-css-av-57fmi3-092815821eaaee3182dc6f1c6f92c697\">\n.flex_column.av-57fmi3-092815821eaaee3182dc6f1c6f92c697{\nborder-radius:0px 0px 0px 0px;\npadding:0px 0px 0px 0px;\n}\n<\/style>\n<div  class='flex_column av-57fmi3-092815821eaaee3182dc6f1c6f92c697 av_one_third  avia-builder-el-18  el_before_av_one_third  avia-builder-el-first  first flex_column_table_cell av-equal-height-column av-align-top av-zero-column-padding  '     ><section  class='av_textblock_section av-jk0tw2iq-c9a83e4542c117f1c04fa5974a1634f8 '   itemscope=\"itemscope\" itemtype=\"https:\/\/schema.org\/CreativeWork\" ><div class='avia_textblock'  itemprop=\"text\" ><h3 style=\"text-align: center;\">L\u2019aluminium chez Tisvol<\/h3>\n<p style=\"text-align: center;\">Il y a longtemps que Tisvol a adopt\u00e9 l\u2019aluminium en tant que noyau de son entreprise. Durant toutes ces ann\u00e9es, plus de 40, notre mati\u00e8re premi\u00e8re est devenue notre \u00e2me et s\u2019est int\u00e9gr\u00e9e dans notre ADN.<\/p>\n<p style=\"text-align: center;\">[<a href=\"https:\/\/tisvol.com\/fr\/como-se-hace\/aluminio\/\">+ de renseignements sur l\u2019aluminium chez Tisvol<\/a>]<\/p>\n<\/div><\/section><\/div><div class='av-flex-placeholder'><\/div>\n<style type=\"text\/css\" data-created_by=\"avia_inline_auto\" id=\"style-css-av-3kos8r-355d274a76e6708e3617908638d3f2c0\">\n.flex_column.av-3kos8r-355d274a76e6708e3617908638d3f2c0{\nborder-radius:0px 0px 0px 0px;\npadding:0px 0px 0px 0px;\n}\n<\/style>\n<div  class='flex_column av-3kos8r-355d274a76e6708e3617908638d3f2c0 av_one_third  avia-builder-el-20  el_after_av_one_third  el_before_av_one_third  flex_column_table_cell av-equal-height-column av-align-top av-zero-column-padding  '     ><section  class='av_textblock_section av-jk0tw2iq-c9a83e4542c117f1c04fa5974a1634f8 '   itemscope=\"itemscope\" itemtype=\"https:\/\/schema.org\/CreativeWork\" ><div class='avia_textblock'  itemprop=\"text\" ><h3 style=\"text-align: center;\">Syst\u00e8mes de puissance chez Tisvol<\/h3>\n<p style=\"text-align: center;\">Le syst\u00e8me \u00e9lectrique blind\u00e9 est autoris\u00e9 pour le transport de marchandises dangereuses\u00a0; syst\u00e8me pneumatique de couleurs pour une identification rapide des pannes\u00a0; syst\u00e8mes de connexion des flexibles hydrauliques simple et mixte avec fin de course de s\u00e9curit\u00e9.<\/p>\n<p style=\"text-align: center;\">[<a href=\"https:\/\/tisvol.com\/fr\/como-se-hace\/sistemas-de-potencia\/\">+ de renseignements sur les syst\u00e8mes de puissance Tisvol<\/a>]<\/p>\n<\/div><\/section><\/div><div class='av-flex-placeholder'><\/div>\n<style type=\"text\/css\" data-created_by=\"avia_inline_auto\" id=\"style-css-av-2zilyz-71f7a28451342a07790eec49a1bb3d31\">\n.flex_column.av-2zilyz-71f7a28451342a07790eec49a1bb3d31{\nborder-radius:0px 0px 0px 0px;\npadding:0px 0px 0px 0px;\n}\n<\/style>\n<div  class='flex_column av-2zilyz-71f7a28451342a07790eec49a1bb3d31 av_one_third  avia-builder-el-22  el_after_av_one_third  avia-builder-el-last  flex_column_table_cell av-equal-height-column av-align-top av-zero-column-padding  '     ><section  class='av_textblock_section av-jk0tw2iq-c9a83e4542c117f1c04fa5974a1634f8 '   itemscope=\"itemscope\" itemtype=\"https:\/\/schema.org\/CreativeWork\" ><div class='avia_textblock'  itemprop=\"text\" ><h3 style=\"text-align: center;\">L\u2019importance de la tare chez Tisvol<\/h3>\n<p style=\"text-align: center;\">Dans toutes les gammes et dans tous nos v\u00e9hicules, la tare est est l&rsquo;une des valeurs principales sur lesquels nos clients mettent l&rsquo;accent apr\u00e8s l&rsquo;essai. <strong>Choisir Tisvol veut dire choisir une plus grande charge utile, une meilleure optimisation.<\/strong> La tare est la base de la rentabilit\u00e9 pour nos clients, et nous en sommes conscients chez Tisvol, c\u2019est pour cela que nous consacrons une grande partie de nos ressources au d\u00e9veloppement des v\u00e9hicules les plus l\u00e9gers et avec une durabilit\u00e9 maximale.<\/p>\n<\/div><\/section><\/div><\/div><!--close column table wrapper. Autoclose: 1 -->\n<\/div><\/div><\/div><!-- close content main div --><\/div><\/div><div id='after_section_4'  class='main_color av_default_container_wrap container_wrap sidebar_right'  ><div class='container av-section-cont-open' ><div class='template-page content  av-content-small alpha units'><div class='post-entry post-entry-type-page post-entry-14204'><div class='entry-content-wrapper clearfix'>\n","protected":false},"excerpt":{"rendered":"","protected":false},"author":1,"featured_media":0,"parent":0,"menu_order":0,"comment_status":"closed","ping_status":"closed","template":"","meta":{"_acf_changed":false,"footnotes":""},"class_list":["post-14204","page","type-page","status-publish","hentry"],"acf":[],"_links":{"self":[{"href":"https:\/\/tisvol.com\/fr\/wp-json\/wp\/v2\/pages\/14204","targetHints":{"allow":["GET"]}}],"collection":[{"href":"https:\/\/tisvol.com\/fr\/wp-json\/wp\/v2\/pages"}],"about":[{"href":"https:\/\/tisvol.com\/fr\/wp-json\/wp\/v2\/types\/page"}],"author":[{"embeddable":true,"href":"https:\/\/tisvol.com\/fr\/wp-json\/wp\/v2\/users\/1"}],"replies":[{"embeddable":true,"href":"https:\/\/tisvol.com\/fr\/wp-json\/wp\/v2\/comments?post=14204"}],"version-history":[{"count":0,"href":"https:\/\/tisvol.com\/fr\/wp-json\/wp\/v2\/pages\/14204\/revisions"}],"wp:attachment":[{"href":"https:\/\/tisvol.com\/fr\/wp-json\/wp\/v2\/media?parent=14204"}],"curies":[{"name":"wp","href":"https:\/\/api.w.org\/{rel}","templated":true}]}}