{"id":24252,"date":"2021-05-21T13:03:29","date_gmt":"2021-05-21T11:03:29","guid":{"rendered":"https:\/\/tisvol.com\/activacion-de-la-garantia-de-5-anos-tisvol\/"},"modified":"2021-05-28T12:28:50","modified_gmt":"2021-05-28T10:28:50","slug":"activation-of-the-5-year-guarantee","status":"publish","type":"page","link":"https:\/\/tisvol.com\/en\/activation-of-the-5-year-guarantee\/","title":{"rendered":"Activation of the 5 year guarantee"},"content":{"rendered":"<form action=\"https:\/\/webto.salesforce.com\/servlet\/servlet.WebToLead?encoding=UTF-8\" method=\"POST\" id=\"actgarform\">\n<div><input name=\"oid\" type=\"hidden\" value=\"00D24000000inSF\" \/><\/div>\n<div><input name=\"retURL\" type=\"hidden\" value=\"https:\/\/tisvol.com\/en\/thank-you-5-year-warranty\/\" \/><\/div>\n<p><!--NOTA: Estos campos son elementos de depuraci\u00f3n opcionales. Elimine los comentarios de estas l\u00edneas si desea realizar una prueba en el modo de depuraci\u00f3n.--><br \/>\n<!--<input type=\"hidden\" name=\"debug\" value=1>--><br \/>\n<!--<input type=\"hidden\" name=\"debugEmail\" value=\"soporte@konozca.com\">--><\/p>\n<div class=\"clear\">\n<h3><strong>Activation of the 5 year guarantee<\/strong><\/h3>\n<\/div>\n<div>\n<p>&nbsp;<\/p>\n<\/div>\n<div class=\"agf_50_col\">\n<p>Chassis No.:<input id=\"00N1o00000JfHeA\" name=\"00N1o00000JfHeA\" size=\"20\" type=\"text\" required\/><\/p>\n<\/div>\n<div class=\"agf_50_col\">\n<p><label for=\"email\">Email 1:<\/label> <input id=\"email\" maxlength=\"80\" name=\"email\" size=\"20\" type=\"text\" required\/><\/p>\n<\/div>\n<div class=\"agf_50_col\">\n<p><label for=\"email2\">Email 2:<\/label> <input id=\"00N1o00000JfHac\" maxlength=\"80\" name=\"00N1o00000JfHac\" size=\"20\" type=\"text\" \/><\/p>\n<\/div>\n<div class=\"agf_50_col\">\n<p><label for=\"email3\">Email 3:<\/label> <input id=\"00N1o00000JfHah\" maxlength=\"80\" name=\"00N1o00000JfHah\" size=\"20\" type=\"text\" \/><\/p>\n<\/div>\n<div class=\"agf_50_col\">\n<p><label for=\"first_name\">Name:<br \/><\/label><input id=\"first_name\" maxlength=\"40\" name=\"first_name\" size=\"20\" type=\"text\" required\/><\/p>\n<\/div>\n<div class=\"agf_50_col\">\n<p><label for=\"last_name\">Surname(s):<\/label> <input id=\"last_name\" maxlength=\"80\" name=\"last_name\" size=\"20\" type=\"text\" required\/><\/p>\n<\/div>\n<div class=\"agf_50_col\">\n<p><label for=\"company\">Company name:<\/label> <input id=\"company\" maxlength=\"40\" name=\"company\" size=\"20\" type=\"text\" required\/><\/p>\n<\/div>\n<div class=\"agf_50_col\">\n<p>Role of the registrar:<select id=\"00N1o00000JfHam\" title=\"Rol del registrador\" name=\"00N1o00000JfHam\" required><option value=\"\">&#8211;None&#8211;<\/option><option value=\"Decisor\">Decision-maker<\/option><option value=\"Influenciador\">Influencer<\/option><option value=\"Conductor\">Driver<\/option><option value=\"T\u00e9cnico\">Technician<\/option><option value=\"Administrativo\">Administrative officer<\/option><\/select><\/p>\n<\/div>\n<div class=\"agf_50_col\">\n<p><label for=\"industry\">Sector:<\/label><br \/>\n<select id=\"industry\" name=\"industry\" required><option value=\"\">&#8211;None&#8211;<\/option><option value=\"Construction\">Construction<\/option><option value=\"Carb\u00f3n\">Cole<\/option><option value=\"Portuario\">Port services<\/option><option value=\"Cereal\">Ceral<\/option><option value=\"Residuos\">Waste<\/option><option value=\"Palets\">Pallets<\/option><option value=\"Otros\">Others<\/option><option value=\"Multiple\">Multiple<\/option><\/select><\/p>\n<\/div>\n<div class=\"agf_50_col\">\n<p>Current number of tipper semitrailers:<input id=\"00N1o00000JfHbQ\" name=\"00N1o00000JfHbQ\" size=\"20\" type=\"text\" required\/><\/p>\n<\/div>\n<div class=\"agf_50_col\">\n<p>Postal Address:<input id=\"00N1o00000JfHf8\" maxlength=\"255\" name=\"00N1o00000JfHf8\" size=\"20\" type=\"text\" required\/><\/p>\n<\/div>\n<div class=\"agf_50_col\">\n<p>Province \/ Department:<input id=\"00N1o00000JfHfD\" maxlength=\"255\" name=\"00N1o00000JfHfD\" size=\"20\" type=\"text\" required\/><\/p>\n<\/div>\n<div class=\"agf_50_col\">\n<p>Country:<br \/>\n<input id=\"00N1o00000JfHf3\" maxlength=\"255\" name=\"00N1o00000JfHf3\" size=\"20\" type=\"text\" required\/><\/p>\n<\/div>\n<div class=\"agf_50_col\">\n<p>Telephone no.:<input id=\"00N1o00000JfHfI\" maxlength=\"255\" name=\"00N1o00000JfHfI\" size=\"20\" type=\"text\" required\/><\/p>\n<\/div>\n<div class=\"agf_50_col\">\n<p>VAT \/ ID no.:<input id=\"00N1o00000JfHba\" maxlength=\"15\" name=\"00N1o00000JfHba\" size=\"20\" type=\"text\" required\/><\/p>\n<\/div>\n<div class=\"clear\"><\/div>\n<div class=\"clear\">\n<h3>Questions:<\/h3>\n<\/div>\n<div class=\"clear\">\n<p>1. How did you find out about Tisvol?<\/p>\n<\/div>\n<div class=\"agf_33_col\">\n<p><select id=\"00N1o00000JfHbp\" title=\"C\u00f3mo conociste Tisvol?\" name=\"00N1o00000JfHbp\" required><option value=\"\">&#8211;None&#8211;<\/option><option value=\"Por medio de otro cliente\">By means of another client<\/option><option value=\"Vi un vehiculo Tisvol trabajando\/circulandodo\">I saw a Tisvol vehicle working\/circulating<\/option><option value=\"Por el vendedor\/distribuidor\">Through the seller \/ distributor<\/option><option value=\"Publicidad\">Advertising<\/option><option value=\"Google\">Google<\/option><option value=\"Revistas\">Magazines<\/option><option value=\"Facebook\">Facebook<\/option><option value=\"Linkedin\">Linkedin<\/option><option value=\"Exhibiciones\/Ferias\">Exhibitions \/ Fairs<\/option><\/select><\/p>\n<\/div>\n<div class=\"clear\"><\/div>\n<div class=\"clear\">\n<p>2. Rate the following aspects from 1 to 10:<\/p>\n<\/div>\n<div class=\"agf_33_col\">\n<p>\u00a0 a. Satisfaction with your vendor \/ distributor:<br \/>\n<select id=\"00N1o00000JfHbz\" title=\"Satisfacci\u00f3n con su vendedor\/distrib.\" name=\"00N1o00000JfHbz\" required><option value=\"\">&#8211;None&#8211;<\/option><option value=\"1\">1<\/option><option value=\"2\">2<\/option><option value=\"3\">3<\/option><option value=\"4\">4<\/option><option value=\"5\">5<\/option><option value=\"6\">6<\/option><option value=\"7\">7<\/option><option value=\"8\">8<\/option><option value=\"9\">9<\/option><option value=\"10\">10<\/option><\/select><\/p>\n<\/div>\n<div class=\"agf_33_col\">\n<p>\u00a0 b. Satisfaction with the delivery of the vehicle:<br \/>\n<select id=\"00N1o00000JfHcn\" title=\"Satisfacci\u00f3n con la entrega del veh\u00edculo\" name=\"00N1o00000JfHcn\" required><option value=\"\">&#8211;None&#8211;<\/option><option value=\"1\">1<\/option><option value=\"2\">2<\/option><option value=\"3\">3<\/option><option value=\"4\">4<\/option><option value=\"5\">5<\/option><option value=\"6\">6<\/option><option value=\"7\">7<\/option><option value=\"8\">8<\/option><option value=\"9\">9<\/option><option value=\"10\">10<\/option><\/select><\/p>\n<\/div>\n<div class=\"agf_33_col\">\n<p>\u00a0 c. Satisfaction with the quality of the vehicle:<br \/>\n<select id=\"00N1o00000JfHcs\" title=\"Satisfacci\u00f3n con la calidad del veh\u00edculo\" name=\"00N1o00000JfHcs\" required><option value=\"\">&#8211;None&#8211;<\/option><option value=\"1\">1<\/option><option value=\"2\">2<\/option><option value=\"3\">3<\/option><option value=\"4\">4<\/option><option value=\"5\">5<\/option><option value=\"6\">6<\/option><option value=\"7\">7<\/option><option value=\"8\">8<\/option><option value=\"9\">9<\/option><option value=\"10\">10<\/option><\/select><\/p>\n<\/div>\n<div class=\"clear\"><\/div>\n<div class=\"clear\">\n<p>3. From 1 to 10 for recommendation to a friend (NPS):<\/p>\n<\/div>\n<div class=\"agf_33_col\">\n<p><select id=\"00N1o00000JfHd7\" title=\"Del 1 al 10 recomendaci\u00f3n a un amigo\" name=\"00N1o00000JfHd7\" required><option value=\"\">&#8211;None&#8211;<\/option><option value=\"1\">1<\/option><option value=\"2\">2<\/option><option value=\"3\">3<\/option><option value=\"4\">4<\/option><option value=\"5\">5<\/option><option value=\"6\">6<\/option><option value=\"7\">7<\/option><option value=\"8\">8<\/option><option value=\"9\">9<\/option><option value=\"10\">10<\/option><\/select><\/p>\n<\/div>\n<div class=\"clear\"><\/div>\n<div class=\"clear\">\n<p style=\"max-width: 90%;\">4. Which of the following is your main reason for choosing Tisvol:<\/p>\n<\/div>\n<div class=\"agf_33_col\">\n<p><select id=\"00N1o00000JfHdv\" title=\"Motivos principales para elegir a Tisvol\" name=\"00N1o00000JfHdv\" required><option value=\"\">&#8211;None&#8211;<\/option><option value=\"i. Unidad de entrega inmediata\">i. Immediate delivery unit<\/option><option value=\"ii. Posibilidad de personalizaci\u00f3n\">ii. Possibility of customisation<\/option><option value=\"iii. Precio ajustado\">iii. Accurate price<\/option><option value=\"iv. Calidad superior\">iv. Superior quality<\/option><option value=\"v. Acabados excelentes\">v. Excellent finishes<\/option><option value=\"vi. Confianza en la marca\">vi. Trust in the brand<\/option><option value=\"vii. Confianza en el vendedor\/distribuidor\">vii. Trust in the seller \/ distributor<\/option><\/select><\/p>\n<\/div>\n<div class=\"clear\"><\/div>\n<div class=\"clear\">\n<p>5. And which one would you choose second?:<\/p>\n<\/div>\n<div class=\"agf_33_col\">\n<p><select id=\"00N1o00000JfHe5\" title=\"Cual elegir\u00eda en segundo lugar?\" name=\"00N1o00000JfHe5\" required><option value=\"\">&#8211;None&#8211;<\/option><option value=\"i. Unidad de entrega inmediata\">i. Immediate delivery unit<\/option><option value=\"ii. Posibilidad de personalizaci\u00f3n\">ii. Possibility of customisation<\/option><option value=\"iii. Precio ajustado\">iii. Accurate price<\/option><option value=\"iv. Calidad superior\">iv. Superior quality<\/option><option value=\"v. Acabados excelentes\">v. Excellent finishes<\/option><option value=\"vi. Confianza en la marca\">vi. Trust in the brand<\/option><option value=\"vii. Confianza en el vendedor\/distribuidor\">vii. Trust in the seller \/ distributor<\/option><\/select><\/p>\n<\/div>\n<div class=\"agf_100_col\">\n<p><input name=\"lead_source\" type=\"hidden\" value=\"Web\" \/><br \/>\n<input id=\"00N1o00000JfHfS\" checked=\"checked\" name=\"00N1o00000JfHfS\" type=\"hidden\" value=\"1\" \/><br \/>\n<input name=\"submit\" type=\"submit\" value=\"Submit\"><\/p>\n<\/div>\n<\/form>\n","protected":false},"excerpt":{"rendered":"<p>Activation of the 5 year guarantee &nbsp; Chassis No.: Email 1: Email 2: Email 3: Name: Surname(s): Company name: Role of the registrar:&#8211;None&#8211;Decision-makerInfluencerDriverTechnicianAdministrative officer Sector: &#8211;None&#8211;ConstructionColePort servicesCeralWastePalletsOthersMultiple Current number of tipper semitrailers: Postal Address: Province \/ Department: Country: Telephone no.: VAT \/ ID no.: Questions: 1. How did you find out about Tisvol? &#8211;None&#8211;By means [&hellip;]<\/p>\n","protected":false},"author":1,"featured_media":24041,"parent":0,"menu_order":0,"comment_status":"closed","ping_status":"closed","template":"activacion.php","meta":{"_acf_changed":false,"footnotes":""},"class_list":["post-24252","page","type-page","status-publish","has-post-thumbnail","hentry"],"acf":[],"_links":{"self":[{"href":"https:\/\/tisvol.com\/en\/wp-json\/wp\/v2\/pages\/24252","targetHints":{"allow":["GET"]}}],"collection":[{"href":"https:\/\/tisvol.com\/en\/wp-json\/wp\/v2\/pages"}],"about":[{"href":"https:\/\/tisvol.com\/en\/wp-json\/wp\/v2\/types\/page"}],"author":[{"embeddable":true,"href":"https:\/\/tisvol.com\/en\/wp-json\/wp\/v2\/users\/1"}],"replies":[{"embeddable":true,"href":"https:\/\/tisvol.com\/en\/wp-json\/wp\/v2\/comments?post=24252"}],"version-history":[{"count":0,"href":"https:\/\/tisvol.com\/en\/wp-json\/wp\/v2\/pages\/24252\/revisions"}],"wp:featuredmedia":[{"embeddable":true,"href":"https:\/\/tisvol.com\/en\/wp-json\/wp\/v2\/media\/24041"}],"wp:attachment":[{"href":"https:\/\/tisvol.com\/en\/wp-json\/wp\/v2\/media?parent=24252"}],"curies":[{"name":"wp","href":"https:\/\/api.w.org\/{rel}","templated":true}]}}