{"id":11944,"date":"2018-07-05T14:09:08","date_gmt":"2018-07-05T14:09:08","guid":{"rendered":"https:\/\/tisvol.com\/privacidad\/"},"modified":"2021-12-30T10:24:51","modified_gmt":"2021-12-30T09:24:51","slug":"rechtsbestimmungen","status":"publish","type":"page","link":"https:\/\/tisvol.com\/de\/rechtsbestimmungen\/","title":{"rendered":"Rechtsbestimmungen"},"content":{"rendered":"<h1>Rechtsbestimmungen<\/h1>\n<h2>Information Zum Datenschutz<\/h2>\n<p>Gem\u00e4\u00df der VERORDNUNG (EU) 2016\/679 DES EUROP\u00c4ISCHEN PARLAMENTES UND DES RATES vom 27. April 2016 verarbeitet dieses Unternehmen die uns zur Verf\u00fcgung gestellten Informationen zu dem Zweck, die angeforderte Leistung zu erbringen. Die bereitgestellten Daten werden w\u00e4hrend des Bestehens der Gesch\u00e4ftsbeziehung oder w\u00e4hrend der erforderlichen Jahre zur Erf\u00fcllung der gesetzlichen Verpflichtungen aufbewahrt. Die Daten werden nicht an Dritte weitergegeben, sofern keine gesetzliche Verpflichtung dazu besteht. Sie haben das Recht, eine Best\u00e4tigung zu erhalten, ob Ihre personenbezogenen Daten bei Remolques y Volquetes verarbeitet werden und folglich das Recht auf Zugriff auf Ihre personenbezogenen Daten, auf Berichtigung inkorrekte Daten und, wenn die Daten nicht mehr ben\u00f6tigt werden, der L\u00f6schung haben.<\/p>\n<h3>1. Wer ist der f\u00fcr die Verarbeitung Ihrer Daten Verantwortliche?<\/h3>\n<p>Der f\u00fcr die Verarbeitung Ihrer Daten Verantwortliche lautet Remolques y Volquetes S.L. Um den f\u00fcr die Verarbeitung Verantwortlichen zu kontaktieren, m\u00fcssen Sie sich an folgende Adresse wenden und klar und eindeutig angeben, welche Ziele Sie hinsichtlich der Verarbeitung Ihrer personenbezogenen Daten verfolgen.<\/p>\n<p>&#8222;Avenida del Progr\u00e9s, 17<br \/>\nPol\u00edgono industrial Campo An\u00edbal<br \/>\n46530 Puzol<\/p>\n<p>CIF: B46439386&#8220;<br \/>\nWenn Sie w\u00fcnschen, k\u00f6nnen Sie uns auch per E-Mail oder telefonisch kontaktieren.<br \/>\nTel\u00e9fono: 961465211<br \/>\nEmail:\u00a0<a href=\"mailto:tisvol@tisvol.com\">tisvol@tisvol.com<\/a><\/p>\n<h3>2. Zu welchem Zweck verarbeiten wir Ihre personenbezogenen Daten?<\/h3>\n<p>Wenn Sie unsere Webseite besuchen, speichern unsere Server lediglich Daten hinsichtlich Ihrer IP-Adresse, die Webseite, \u00fcber die Sie uns besuchen, die auf unserer Webseite besuchten Seiten, Informationen zu Ihrem Webbrowser und Betriebssystem sowie das Datum und die Dauer des Besuchs.<\/p>\n<p>Remolques y Volquetes, S.L. Verwendet die erhaltenen Daten ausschlie\u00dflich, um seine Webseite technisch zu verwalten und die Nutzung der Webseite zu analysieren. Wir verwenden diese Zugriffsdaten, um unsere Webseite st\u00e4ndig zu verbessern, ihr Erscheinungsbild und die Nutzung zu verbessern und um m\u00f6gliche technische Probleme im Zusammenhang mit unserer Internetpr\u00e4senz zu erkennen.<\/p>\n<p>Sonstige Daten werden nur im Rahmen einer Registrierung, einer Umfrage oder beim Senden einer Anfrage gespeichert. Diese Daten werden w\u00e4hrend des Bestehens der Gesch\u00e4ftsbeziehung oder w\u00e4hrend der zur Erf\u00fcllung der gesetzlichen Vorschriften erforderlichen Jahre aufbewahrt. Die Daten, die im direkten Zusammenhang mit der vertraglichen Garantieausf\u00fchrung verkn\u00fcpft sind, werden solange aufbewahrt, bis vom Betroffenen deren L\u00f6schung verlangt wird, bzw. bis sie f\u00fcr das Unternehmen nicht mehr von Interesse sind, und sie k\u00f6nnen zur Abwicklung der eigentlichen Garantie oder zum Senden von Werbung verwendet werden.<br \/>\nDie erhobenen Daten werden ausschlie\u00dflich f\u00fcr die angegebenen Zwecke verwendet und werden sp\u00e4ter in keiner Weise verwendet, die mit diesen Zwecken nicht kompatibel sind. Sollte die Verarbeitung von personenbezogenen Daten zu einem anderen Zweck verwendet werden, als der, f\u00fcr den sie urspr\u00fcnglich erhoben wurden, wird der Betroffene vor Beginn dieser Verarbeitung \u00fcber den neuen Zweck und sonstigen zus\u00e4tzlichen zweckm\u00e4\u00dfigen Informationen in Kenntnis gesetzt.<\/p>\n<h3>3. Was ist die Legitimierung f\u00fcr die Verarbeitung Ihrer Daten?<\/h3>\n<p>Die gesetzliche Grundlage f\u00fcr die Verarbeitung Ihrer Daten ist die Aus\u00fcbung der vertraglichen Garantie, bedingt durch den Fahrzeugkauf. Die Erhebung von personenbezogenen Daten erfolgt grunds\u00e4tzlich zu vertraglichen Zwecken, da dies eine unverzichtbare Voraussetzung ist, damit die Garantieverl\u00e4ngerung uneingeschr\u00e4nkt wirksam wird. Wie im vorherigen Absatz angegeben, k\u00f6nnen die erhobenen Daten verwendet werden, um die eigentliche Garantie abzuwickeln oder Werbung zu senden.<\/p>\n<h3>4. An welche Empf\u00e4nger werden Ihre Daten kommuniziert?<\/h3>\n<p>Die Daten k\u00f6nnen an andere Unternehmen von Tisvol Group kommuniziert werden.<br \/>\nDar\u00fcber hinaus ist keine Weitergabe der erhobenen Daten an Dritte vorgesehen, es sei denn, es besteht eine gesetzliche Verpflichtung dazu. Ihre personenbezogenen Daten werden ohne Ihre ausdr\u00fcckliche Genehmigung in keinem Fall an Dritte weitergegeben.<\/p>\n<h3>5. Wie lauten Ihre Rechte hinsichtlich der uns bereitgestellten Daten.<\/h3>\n<p>Jede Person hat das Recht zu erfahren, ob ein Unternehmen der Tisvol Group Sie betreffende Daten verarbeitet. In diesem Fall haben Sie Recht auf Zugang zu denselben sowie deren Berichtigung bzw. L\u00f6schung zu verlangen, wenn die Daten nicht mehr f\u00fcr die Zwecke, f\u00fcr die sie erhoben wurden, erforderlich sind.<\/p>\n<p>In bestimmten Situationen und aus Gr\u00fcnden im Zusammenhang mit Ihren pers\u00f6nlichen Umst\u00e4nden k\u00f6nnen sich die Betroffenen der Verarbeitung ihrer Daten widersetzen und Tisvol Group wird dann die Verarbeitung der Daten einstellen, sofern keine triftigen gesetzlichen Gr\u00fcnde vorliegen bzw. oder bei einer Verteidigung im Reklamationsfall.<\/p>\n<h3>Information bez\u00fcglich der Urheberrechte<\/h3>\n<p>Wir informieren Sie, dass das Ziel der Webseite www.tisvol.com lautet, Informationen \u00fcber das Unternehmen sowie \u00fcber die von dem Unternehmen angebotenen Produkte und Leistungen bereitzustellen.<br \/>\nStruktur, Design und Darstellungsweise der Elemente (Grafiken, Abbildungen, Dateien mit Logos, Farbkombinationen und sonstige zu sch\u00fctzende Elemente) sind urheberrechtlich zugunsten von TISVOL S.L. gesch\u00fctzt.<br \/>\nDie Wiedergabe, Transformation, Verteilung, \u00f6ffentliche Kommunikation, Beistellung an die Benutzer und allgemein jegliche sonstige Form der teilweisen oder vollst\u00e4ndigen Nutzung der im vorherigen Absatz angegebenen Elemente ist verboten.<\/p>\n<p>Die Unterscheidungsmerkmale (Marken, Handelsnamen) sind durch gewerbliche Schutzrechte gesch\u00fctzt, sodass die Verwendung oder Manipulierung derselben verboten ist, sofern keine ausdr\u00fcckliche schriftliche Genehmigung von TISVOL S.L. vorliegt.<\/p>\n","protected":false},"excerpt":{"rendered":"<p>Rechtsbestimmungen Information Zum Datenschutz Gem\u00e4\u00df der VERORDNUNG (EU) 2016\/679 DES EUROP\u00c4ISCHEN PARLAMENTES UND DES RATES vom 27. April 2016 verarbeitet dieses Unternehmen die uns zur Verf\u00fcgung gestellten Informationen zu dem Zweck, die angeforderte Leistung zu erbringen. Die bereitgestellten Daten werden w\u00e4hrend des Bestehens der Gesch\u00e4ftsbeziehung oder w\u00e4hrend der erforderlichen Jahre zur Erf\u00fcllung der gesetzlichen Verpflichtungen [&hellip;]<\/p>\n","protected":false},"author":1,"featured_media":0,"parent":0,"menu_order":0,"comment_status":"closed","ping_status":"closed","template":"","meta":{"_acf_changed":false,"footnotes":""},"class_list":["post-11944","page","type-page","status-publish","hentry"],"acf":[],"_links":{"self":[{"href":"https:\/\/tisvol.com\/de\/wp-json\/wp\/v2\/pages\/11944","targetHints":{"allow":["GET"]}}],"collection":[{"href":"https:\/\/tisvol.com\/de\/wp-json\/wp\/v2\/pages"}],"about":[{"href":"https:\/\/tisvol.com\/de\/wp-json\/wp\/v2\/types\/page"}],"author":[{"embeddable":true,"href":"https:\/\/tisvol.com\/de\/wp-json\/wp\/v2\/users\/1"}],"replies":[{"embeddable":true,"href":"https:\/\/tisvol.com\/de\/wp-json\/wp\/v2\/comments?post=11944"}],"version-history":[{"count":0,"href":"https:\/\/tisvol.com\/de\/wp-json\/wp\/v2\/pages\/11944\/revisions"}],"wp:attachment":[{"href":"https:\/\/tisvol.com\/de\/wp-json\/wp\/v2\/media?parent=11944"}],"curies":[{"name":"wp","href":"https:\/\/api.w.org\/{rel}","templated":true}]}}