{"id":11895,"date":"2018-07-24T10:39:10","date_gmt":"2018-07-24T10:39:10","guid":{"rendered":"https:\/\/tisvol.com\/wie-geht-das\/tecnologia-de-basculacion\/"},"modified":"2019-07-16T08:39:00","modified_gmt":"2019-07-16T08:39:00","slug":"kipptechnologie","status":"publish","type":"page","link":"https:\/\/tisvol.com\/de\/wie-geht-das\/kipptechnologie\/","title":{"rendered":"Kipptechnologie"},"content":{"rendered":"\n<style type=\"text\/css\" data-created_by=\"avia_inline_auto\" id=\"style-css-av-33yw-fe4ace012c6b9c696b8bb8b31f28441a\">\n.avia-section.av-33yw-fe4ace012c6b9c696b8bb8b31f28441a{\nbackground-color:#ffffff;\nbackground-image:unset;\n}\n<\/style>\n<div id='tisvol-tagline'  class='avia-section av-33yw-fe4ace012c6b9c696b8bb8b31f28441a main_color avia-section-default avia-no-border-styling  avia-builder-el-0  el_before_av_layout_row  avia-builder-el-first  avia-bg-style-scroll container_wrap sidebar_right'  ><div class='container av-section-cont-open' ><main  role=\"main\" itemprop=\"mainContentOfPage\"  class='template-page content  av-content-small alpha units'><div class='post-entry post-entry-type-page post-entry-11895'><div class='entry-content-wrapper clearfix'>\n<section  class='av_textblock_section av-jj8pzx7e-f58ee2657ad4a3ea48b2f1ff7d628b0b '   itemscope=\"itemscope\" itemtype=\"https:\/\/schema.org\/CreativeWork\" ><div class='avia_textblock'  itemprop=\"text\" ><h3 style=\"text-align: center;\">Powered by Superior Quality<\/h3>\n<\/div><\/section>\n\n<\/div><\/div><\/main><!-- close content main element --><\/div><\/div><div id='single-content-page-header'  class='av-layout-grid-container av-jtitiy8i-cb8224d08fbce2acdbc5f32c5bf0df2e entry-content-wrapper main_color av-flex-cells  avia-builder-el-2  el_after_av_section  el_before_av_section  gradient-half-grey-to-white animation-element grid-row-not-first  container_wrap sidebar_right'  >\n\n<style type=\"text\/css\" data-created_by=\"avia_inline_auto\" id=\"style-css-av-jtitklia-003a38b7a28449caea4e2c8d204017e2\">\n.flex_cell.av-jtitklia-003a38b7a28449caea4e2c8d204017e2{\nvertical-align:middle;\nheight:480px;\nmin-height:480px;\n}\n.responsive #top #wrap_all .flex_cell.av-jtitklia-003a38b7a28449caea4e2c8d204017e2{\npadding:0px 0px 0px 0px !important;\n}\n<\/style>\n<div class='flex_cell av-jtitklia-003a38b7a28449caea4e2c8d204017e2 av-gridrow-cell av_one_half no_margin  avia-builder-el-3  el_before_av_cell_one_half  avia-builder-el-first  content-align-middle av-zero-padding avia-full-contain'  ><div class='flex_cell_inner'><p>\n<style type=\"text\/css\" data-created_by=\"avia_inline_auto\" id=\"style-css-av-jvnpr5es-f5be4f9126da9405d604a68434a92ed0\">\n#top .hr.hr-invisible.av-jvnpr5es-f5be4f9126da9405d604a68434a92ed0{\nheight:30px;\n}\n<\/style>\n<div  class='hr av-jvnpr5es-f5be4f9126da9405d604a68434a92ed0 hr-invisible  avia-builder-el-4  el_before_av_one_full  avia-builder-el-first '><span class='hr-inner '><span class=\"hr-inner-style\"><\/span><\/span><\/div><br \/>\n\n<style type=\"text\/css\" data-created_by=\"avia_inline_auto\" id=\"style-css-av-1y9y0p-659967d3e94ffbd9c96fa4453fc050c6\">\n.flex_column.av-1y9y0p-659967d3e94ffbd9c96fa4453fc050c6{\nborder-radius:0px 0px 0px 0px;\npadding:0px 0px 0px 0px;\n}\n<\/style>\n<div  class='flex_column av-1y9y0p-659967d3e94ffbd9c96fa4453fc050c6 av_one_full  avia-builder-el-5  el_after_av_hr  el_before_av_hr  first flex_column_div av-zero-column-padding  '     ><section  class='av_textblock_section av-jj8rms6q-e378de6f514244f1a118e0085a2fbc7d '   itemscope=\"itemscope\" itemtype=\"https:\/\/schema.org\/CreativeWork\" ><div class='avia_textblock'  itemprop=\"text\" ><div class=\"tisvol-diagonal\">\n<div><\/div>\n<\/div>\n<h2 class=\"titular-principal\" style=\"text-align: center;\">KIPPTECHNOLOGIE<\/h2>\n<h4 class=\"subtitular-principal\" style=\"text-align: center;\">&#8211; DIE BESTE TECHNOLOGIE F\u00dcR EIN GROSSARTIGES ERLEBNIS &#8211;<\/h4>\n<div class=\"tisvol-diagonal\">\n<div><\/div>\n<\/div>\n<\/div><\/section><\/div>\n<style type=\"text\/css\" data-created_by=\"avia_inline_auto\" id=\"style-css-av-jvnpr5es-f5be4f9126da9405d604a68434a92ed0\">\n#top .hr.hr-invisible.av-jvnpr5es-f5be4f9126da9405d604a68434a92ed0{\nheight:30px;\n}\n<\/style>\n<div  class='hr av-jvnpr5es-f5be4f9126da9405d604a68434a92ed0 hr-invisible  avia-builder-el-7  el_after_av_one_full  avia-builder-el-last '><span class='hr-inner '><span class=\"hr-inner-style\"><\/span><\/span><\/div><\/p>\n<\/div><\/div>\n<style type=\"text\/css\" data-created_by=\"avia_inline_auto\" id=\"style-css-av-jtitmk5z-df3a7ee46944d34a21805ecfc4b86057\">\n.flex_cell.av-jtitmk5z-df3a7ee46944d34a21805ecfc4b86057{\nvertical-align:middle;\nheight:480px;\nmin-height:480px;\nbackground:url(https:\/\/tisvol.com\/wp-content\/uploads\/2019\/05\/basculacion.jpg) 100% 50% no-repeat scroll ;\n}\n.responsive #top #wrap_all .flex_cell.av-jtitmk5z-df3a7ee46944d34a21805ecfc4b86057{\npadding:0px 0px 0px 0px !important;\n}\n<\/style>\n<div class='flex_cell av-jtitmk5z-df3a7ee46944d34a21805ecfc4b86057 av-gridrow-cell av_one_half no_margin  avia-builder-el-8  el_after_av_cell_one_half  avia-builder-el-last  content-align-middle av-zero-padding avia-full-contain'  ><div class='flex_cell_inner'><\/div><\/div><\/div><div id='av_section_2'  class='avia-section av-jjgvfjza-c5bc987cde34257f1f917bacf71ab137 main_color avia-section-default avia-no-border-styling  avia-builder-el-9  el_after_av_layout_row  el_before_av_section  gradient-grana border-top-fillet avia-bg-style-scroll av-minimum-height av-minimum-height-custom av-height-custom  container_wrap sidebar_right'   data-av_minimum_height_px='420'><div class='container av-section-cont-open' style='height:420px'><div class='template-page content  av-content-small alpha units'><div class='post-entry post-entry-type-page post-entry-11895'><div class='entry-content-wrapper clearfix'>\n\n<style type=\"text\/css\" data-created_by=\"avia_inline_auto\" id=\"style-css-av-5fsy-4f428072adb752bd4df234841250c4e6\">\n.flex_column.av-5fsy-4f428072adb752bd4df234841250c4e6{\nborder-radius:0px 0px 0px 0px;\npadding:0px 0px 0px 0px;\n}\n<\/style>\n<div  class='flex_column av-5fsy-4f428072adb752bd4df234841250c4e6 av_one_fifth  avia-builder-el-10  el_before_av_three_fifth  avia-builder-el-first  first flex_column_div av-zero-column-padding  '     ><\/div>\n<style type=\"text\/css\" data-created_by=\"avia_inline_auto\" id=\"style-css-av-5fsy-f3c4f10f742777c86419bf6e7430934f\">\n.flex_column.av-5fsy-f3c4f10f742777c86419bf6e7430934f{\nborder-radius:0px 0px 0px 0px;\npadding:0px 0px 0px 0px;\n}\n<\/style>\n<div  class='flex_column av-5fsy-f3c4f10f742777c86419bf6e7430934f av_three_fifth  avia-builder-el-11  el_after_av_one_fifth  el_before_av_one_fifth  flex_column_div av-zero-column-padding  '     ><section  class='av_textblock_section av-jj8rms6q-bd76de550ec01b29325c9bd44a0927a3 '   itemscope=\"itemscope\" itemtype=\"https:\/\/schema.org\/CreativeWork\" ><div class='avia_textblock somos-capaces'  itemprop=\"text\" ><p style=\"text-align: center;\">Wir garantieren<br \/>\ndie h\u00f6chste Sicherheit<\/p>\n<\/div><\/section><\/div>\n<style type=\"text\/css\" data-created_by=\"avia_inline_auto\" id=\"style-css-av-5fsy-f3c4f10f742777c86419bf6e7430934f\">\n.flex_column.av-5fsy-f3c4f10f742777c86419bf6e7430934f{\nborder-radius:0px 0px 0px 0px;\npadding:0px 0px 0px 0px;\n}\n<\/style>\n<div  class='flex_column av-5fsy-f3c4f10f742777c86419bf6e7430934f av_one_fifth  avia-builder-el-13  el_after_av_three_fifth  avia-builder-el-last  flex_column_div av-zero-column-padding  '     ><\/div>\n<\/p>\n<\/div><\/div><\/div><!-- close content main div --><\/div><\/div>\n<style type=\"text\/css\" data-created_by=\"avia_inline_auto\" id=\"style-css-av-jrusewh6-3db8473777437d94731f0b831bf02ece\">\n.avia-section.av-jrusewh6-3db8473777437d94731f0b831bf02ece{\nbackground-repeat:no-repeat;\nbackground-image:url(https:\/\/tisvol.com\/wp-content\/uploads\/2019\/03\/tisvol-solid_basculacion-1.jpg);\nbackground-position:100% 50%;\nbackground-attachment:scroll;\n}\n#top .avia-section.av-jrusewh6-3db8473777437d94731f0b831bf02ece .scroll-down-link{\ncolor:#6b6b6b;\n}\n#top .avia-section.av-jrusewh6-3db8473777437d94731f0b831bf02ece .scroll-down-link.avia-svg-icon svg:first-child{\nstroke:#6b6b6b;\nfill:#6b6b6b;\n}\n<\/style>\n<div id='carrocerias-tisvol'  class='avia-section av-jrusewh6-3db8473777437d94731f0b831bf02ece main_color avia-section-large avia-no-shadow  avia-builder-el-14  el_after_av_section  el_before_av_section  animation-element image-from-right border-top-fillet avia-full-contain avia-bg-style-scroll av-minimum-height av-minimum-height-100 av-height-100  container_wrap sidebar_right'  data-section-bg-repeat='contain' data-av_minimum_height_pc='100' data-av_min_height_opt='100'><div class=\"av-section-color-overlay-wrap\"><a href='#next-section' title='' class='scroll-down-link av-custom-scroll-down-color avia-svg-icon avia-font-svg_entypo-fontello' data-av_svg_icon='down-open-mini' data-av_iconset='svg_entypo-fontello'><svg version=\"1.1\" xmlns=\"http:\/\/www.w3.org\/2000\/svg\" width=\"15\" height=\"32\" viewBox=\"0 0 15 32\" preserveAspectRatio=\"xMidYMid meet\" aria-labelledby='av-svg-title-1' aria-describedby='av-svg-desc-1' role=\"graphics-symbol\" aria-hidden=\"true\">\n<title id='av-svg-title-1'>Scroll to next section<\/title>\n<desc id='av-svg-desc-1'>Scroll to next section<\/desc>\n<path d=\"M12.96 12.16q0.704-0.832 1.536 0 0.832 0.704 0 1.536l-6.272 6.144q-0.704 0.704-1.536 0l-6.272-6.144q-0.832-0.832 0-1.536 0.768-0.768 1.6 0l5.44 4.992z\"><\/path>\n<\/svg><\/a><div class='container av-section-cont-open' ><div class='template-page content  av-content-small alpha units'><div class='post-entry post-entry-type-page post-entry-11895'><div class='entry-content-wrapper clearfix'>\n<div class='flex_column_table av-3zju-04915b3049bc889a3b8bd879afbb6a15 sc-av_one_half av-equal-height-column-flextable'>\n<style type=\"text\/css\" data-created_by=\"avia_inline_auto\" id=\"style-css-av-3zju-04915b3049bc889a3b8bd879afbb6a15\">\n.flex_column.av-3zju-04915b3049bc889a3b8bd879afbb6a15{\nborder-radius:0px 0px 0px 0px;\npadding:30px 30px 30px 30px;\nbackground-color:rgba(255,255,255,0.85);\n}\n<\/style>\n<div  class='flex_column av-3zju-04915b3049bc889a3b8bd879afbb6a15 av_one_half  avia-builder-el-15  el_before_av_one_half  avia-builder-el-first  animation-element first no_margin flex_column_table_cell av-equal-height-column av-align-top  '     ><section  class='av_textblock_section av-jjzijvlr-8fd12ab25be9521be479acde33e03210 '   itemscope=\"itemscope\" itemtype=\"https:\/\/schema.org\/CreativeWork\" ><div class='avia_textblock especificaciones appear-from-left'  itemprop=\"text\" ><h4>Federung mit unabh\u00e4ngigen Kreisl\u00e4ufen<\/h4>\n<p>Nur die Montage einer Federung mit unabh\u00e4ngigen Kreisl\u00e4ufen garantiert die h\u00f6chste Sicherheit beim Kippen.<br \/>\nAls Experten f\u00fcr Kipper wissen wir, dass dies die beste Weise ist, unsere Produkte zu entwickeln.<\/p>\n<h4>W\u00e4hrend der Entladung, je tiefer, desto besser<\/h4>\n<p>Daher kamen unsere Ingenieure auf die Idee, die Luft aus den Federb\u00e4lgen abzulassen, und schufen TSV: Durch die Herabsetzung des Schwerpunkts nimmt die Stabilit\u00e4t zu und wird die Sicherheit bei der Entladung maximiert.<\/p>\n<h4>Wir stellen uns selbst den Anspruch, die Sicherheit zu gew\u00e4hrleisten<\/h4>\n<p>Daher verwenden wir ausschlie\u00dflich den Zylinder Hyva179. Serienm\u00e4\u00dfig mit gr\u00f6\u00dferem Durchmesser bei allen Tisvol-Fahrzeugen \u00fcber 9.500 mm L\u00e4nge.<\/p>\n<h4>Maximale Zuverl\u00e4ssigkeit<\/h4>\n<p>Da keine Wartung erforderlich ist, erh\u00f6hen unsere Hyva-Zylinderhalterungen ohne Schmiernippel die Zuverl\u00e4ssigkeit.<\/p>\n<\/div><\/section><br \/>\n<section  class='av_textblock_section av-jjzijvlr-b59bf68f7a15f993915c422c36374652 '   itemscope=\"itemscope\" itemtype=\"https:\/\/schema.org\/CreativeWork\" ><div class='avia_textblock especificaciones appear-from-bottom'  itemprop=\"text\" ><h4>Neue Konstruktion des Endschaltersystems<\/h4>\n<p>Die anspruchsvollsten Arbeitsbedingungen vor Augen haben wir unser Endschaltersystem neu konstruiert und seine Effektivit\u00e4t erh\u00f6ht.<\/p>\n<h4>Druck<\/h4>\n<p>Mithilfe eines Verteilers oder direkt vom Zylinder zum Hydrauliksystem, der Kunde entscheidet.<\/p>\n<h4>Unabh\u00e4ngiges Kippger\u00e4t<\/h4>\n<p>Sie k\u00f6nnen ganz einfach entladen, wenn das Hydraulikaggregat nicht am der Zugmaschine montiert ist, dank des unabh\u00e4ngigen, am Kipper installierten Kippger\u00e4ts.<\/p>\n<\/div><\/section><\/p><\/div>\n<style type=\"text\/css\" data-created_by=\"avia_inline_auto\" id=\"style-css-av-3zju-c251d8e853e7b6ccb0b729e92df5784a\">\n.flex_column.av-3zju-c251d8e853e7b6ccb0b729e92df5784a{\nborder-radius:0px 0px 0px 0px;\npadding:30px 30px 30px 30px;\n}\n<\/style>\n<div  class='flex_column av-3zju-c251d8e853e7b6ccb0b729e92df5784a av_one_half  avia-builder-el-18  el_after_av_one_half  avia-builder-el-last  animation-element no_margin flex_column_table_cell av-equal-height-column av-align-top  '     ><\/div><\/div><!--close column table wrapper. Autoclose: 1 -->\n\n<\/div><\/div><\/div><!-- close content main div --><\/div><\/div><\/div>\n<style type=\"text\/css\" data-created_by=\"avia_inline_auto\" id=\"style-css-av-9o9nuz-592bd37fc9ed85f16e28c2603f514aea\">\n.avia-section.av-9o9nuz-592bd37fc9ed85f16e28c2603f514aea{\nbackground-repeat:no-repeat;\nbackground-image:url(https:\/\/tisvol.com\/wp-content\/uploads\/2018\/07\/tisvol-como-se-hace-bg.jpg);\nbackground-position:50% 50%;\nbackground-attachment:scroll;\n}\n.avia-section.av-9o9nuz-592bd37fc9ed85f16e28c2603f514aea .av-section-color-overlay{\nopacity:0.9;\nbackground-color:#ffffff;\n}\n<\/style>\n<div id='av_section_4'  class='avia-section av-9o9nuz-592bd37fc9ed85f16e28c2603f514aea main_color avia-section-default avia-no-border-styling  avia-builder-el-19  el_after_av_section  avia-builder-el-last  gradient-overlay border-top-fillet avia-full-stretch avia-bg-style-scroll av-section-color-overlay-active container_wrap sidebar_right'  data-section-bg-repeat='stretch'><div class=\"av-section-color-overlay-wrap\"><div class=\"av-section-color-overlay\"><\/div><div class='container av-section-cont-open' ><div class='template-page content  av-content-small alpha units'><div class='post-entry post-entry-type-page post-entry-11895'><div class='entry-content-wrapper clearfix'>\n\n<style type=\"text\/css\" data-created_by=\"avia_inline_auto\" id=\"style-css-av-1uwf2z-2cc67e0256f80101e4014eae9c62c7c5\">\n.flex_column.av-1uwf2z-2cc67e0256f80101e4014eae9c62c7c5{\nborder-radius:0px 0px 0px 0px;\npadding:0px 0px 0px 0px;\n}\n<\/style>\n<div  class='flex_column av-1uwf2z-2cc67e0256f80101e4014eae9c62c7c5 av_one_fifth  avia-builder-el-20  el_before_av_three_fifth  avia-builder-el-first  first flex_column_div av-zero-column-padding  '     ><\/div>\n<style type=\"text\/css\" data-created_by=\"avia_inline_auto\" id=\"style-css-av-6tq6cb-898d1a5c296f34510c04e41945908418\">\n.flex_column.av-6tq6cb-898d1a5c296f34510c04e41945908418{\nborder-radius:0px 0px 0px 0px;\npadding:0px 0px 0px 0px;\n}\n<\/style>\n<div  class='flex_column av-6tq6cb-898d1a5c296f34510c04e41945908418 av_three_fifth  avia-builder-el-21  el_after_av_one_fifth  avia-builder-el-last  flex_column_div av-zero-column-padding  '     ><section  class='av_textblock_section av-jk0tw2iq-c9a83e4542c117f1c04fa5974a1634f8 '   itemscope=\"itemscope\" itemtype=\"https:\/\/schema.org\/CreativeWork\" ><div class='avia_textblock'  itemprop=\"text\" ><div class=\"tisvol-diagonal\">\n<div><\/div>\n<\/div>\n<h3 class=\"titular-estandar\" style=\"text-align: center;\">WIE ENTSTEHT EIN TISVOL<\/h3>\n<div class=\"tisvol-diagonal\">\n<div><\/div>\n<\/div>\n<\/div><\/section><br \/>\n<section  class='av_textblock_section av-jk0tw2iq-c9a83e4542c117f1c04fa5974a1634f8 '   itemscope=\"itemscope\" itemtype=\"https:\/\/schema.org\/CreativeWork\" ><div class='avia_textblock'  itemprop=\"text\" ><p style=\"text-align: center;\">Im Herstellungsprozess eines Tisvol sind \u00fcber 40 Roboter \u00fcber 4 km Schwei\u00dfn\u00e4hte pro Fahrzeug und \u00fcber 1.000 Schrauben im Produktionsprozess integriert.<\/p>\n<p style=\"text-align: center;\">Der Automatisierungsgrad des Schwei\u00dfverfahrens betr\u00e4gt \u00fcber 85 % in allen Verbindungen, um ein maximales Qualit\u00e4tsniveau und eine Garantie zu erzielen, die mithilfe eines manuelle Verfahrens auf Dauer nicht m\u00f6glich sind. Die Schwei\u00dfstationen sind mit 3- und 5-Achsen-Roboter mit modernster CNC-Technologie automatisiert.<\/p>\n<p style=\"text-align: center;\">Diese automatisierte Montage entspringt der Vision der Gr\u00fcnder, der Vision der Leitung und Ausf\u00fchrung des gesamten Personals von Tisvol. Denn jedes Fahrzeug enth\u00e4lt diesen handwerklichen Touch, das Savoir Faire unseres Personals mit langj\u00e4hriger Erfahrung. Lassen Sie sich \u00fcberraschen, wie ein Tisvol hergestellt wird:<\/p>\n<p style=\"text-align: center;\">[<a style=\"color: #fff; text-decoration: underline;\" href=\"https:\/\/tisvol.com\/de\/wie-geht-das\/\">+Info \u00fcber das Produktionssystem von Tisvol<\/a>]<\/p>\n<\/div><\/section><\/p><\/div>\n<\/div><\/div><\/div><!-- close content main div --><\/div><\/div><\/div><div id='after_section_4'  class='main_color av_default_container_wrap container_wrap sidebar_right'  ><div class='container av-section-cont-open' ><div class='template-page content  av-content-small alpha units'><div class='post-entry post-entry-type-page post-entry-11895'><div class='entry-content-wrapper clearfix'>\n","protected":false},"excerpt":{"rendered":"","protected":false},"author":1,"featured_media":0,"parent":11811,"menu_order":0,"comment_status":"closed","ping_status":"closed","template":"","meta":{"_acf_changed":false,"footnotes":""},"class_list":["post-11895","page","type-page","status-publish","hentry"],"acf":[],"_links":{"self":[{"href":"https:\/\/tisvol.com\/de\/wp-json\/wp\/v2\/pages\/11895","targetHints":{"allow":["GET"]}}],"collection":[{"href":"https:\/\/tisvol.com\/de\/wp-json\/wp\/v2\/pages"}],"about":[{"href":"https:\/\/tisvol.com\/de\/wp-json\/wp\/v2\/types\/page"}],"author":[{"embeddable":true,"href":"https:\/\/tisvol.com\/de\/wp-json\/wp\/v2\/users\/1"}],"replies":[{"embeddable":true,"href":"https:\/\/tisvol.com\/de\/wp-json\/wp\/v2\/comments?post=11895"}],"version-history":[{"count":0,"href":"https:\/\/tisvol.com\/de\/wp-json\/wp\/v2\/pages\/11895\/revisions"}],"up":[{"embeddable":true,"href":"https:\/\/tisvol.com\/de\/wp-json\/wp\/v2\/pages\/11811"}],"wp:attachment":[{"href":"https:\/\/tisvol.com\/de\/wp-json\/wp\/v2\/media?parent=11895"}],"curies":[{"name":"wp","href":"https:\/\/api.w.org\/{rel}","templated":true}]}}