{"id":11883,"date":"2018-07-25T08:44:38","date_gmt":"2018-07-25T08:44:38","guid":{"rendered":"https:\/\/tisvol.com\/wie-geht-das\/sistemas-de-potencia-tecnologia\/"},"modified":"2019-07-16T14:48:12","modified_gmt":"2019-07-16T14:48:12","slug":"kraftuebertragungssysteme","status":"publish","type":"page","link":"https:\/\/tisvol.com\/de\/wie-geht-das\/kraftuebertragungssysteme\/","title":{"rendered":"Kraftuebertragungssysteme"},"content":{"rendered":"\n<style type=\"text\/css\" data-created_by=\"avia_inline_auto\" id=\"style-css-av-33yw-fe4ace012c6b9c696b8bb8b31f28441a\">\n.avia-section.av-33yw-fe4ace012c6b9c696b8bb8b31f28441a{\nbackground-color:#ffffff;\nbackground-image:unset;\n}\n<\/style>\n<div id='tisvol-tagline'  class='avia-section av-33yw-fe4ace012c6b9c696b8bb8b31f28441a main_color avia-section-default avia-no-border-styling  avia-builder-el-0  el_before_av_section  avia-builder-el-first  avia-bg-style-scroll container_wrap sidebar_right'  ><div class='container av-section-cont-open' ><main  role=\"main\" itemprop=\"mainContentOfPage\"  class='template-page content  av-content-small alpha units'><div class='post-entry post-entry-type-page post-entry-11883'><div class='entry-content-wrapper clearfix'>\n<section  class='av_textblock_section av-jj8pzx7e-f58ee2657ad4a3ea48b2f1ff7d628b0b '   itemscope=\"itemscope\" itemtype=\"https:\/\/schema.org\/CreativeWork\" ><div class='avia_textblock'  itemprop=\"text\" ><h3 style=\"text-align: center;\">Powered by Superior Quality<\/h3>\n<\/div><\/section>\n\n<\/div><\/div><\/main><!-- close content main element --><\/div><\/div>\n<style type=\"text\/css\" data-created_by=\"avia_inline_auto\" id=\"style-css-av-jsei95pk-4de8cb2051bbb907c9c685e4cba9faee\">\n.avia-section.av-jsei95pk-4de8cb2051bbb907c9c685e4cba9faee{\nbackground-color:#232323;\nbackground-repeat:no-repeat;\nbackground-image:url(https:\/\/tisvol.com\/wp-content\/uploads\/2019\/05\/sistemasdepotencia.jpg), linear-gradient( to right, #232323, #6d6d6d );\nbackground-position:0% 0%;\nbackground-attachment:scroll;\n}\n.avia-section.av-jsei95pk-4de8cb2051bbb907c9c685e4cba9faee .av-section-color-overlay{\nopacity:0.5;\nbackground-color:#777777;\n}\n<\/style>\n<div id='sistemas-de-potencia'  class='avia-section av-jsei95pk-4de8cb2051bbb907c9c685e4cba9faee main_color avia-section-large avia-no-border-styling  avia-builder-el-2  el_after_av_section  el_before_av_section  avia-full-stretch avia-bg-style-scroll av-section-color-overlay-active av-minimum-height av-minimum-height-75 av-height-75  container_wrap sidebar_right'  data-section-bg-repeat='stretch' data-av_minimum_height_pc='75' data-av_min_height_opt='75'><div class=\"av-section-color-overlay-wrap\"><div class=\"av-section-color-overlay\"><\/div><div class='container av-section-cont-open' ><div class='template-page content  av-content-small alpha units'><div class='post-entry post-entry-type-page post-entry-11883'><div class='entry-content-wrapper clearfix'>\n\n<style type=\"text\/css\" data-created_by=\"avia_inline_auto\" id=\"style-css-av-4p5m5k-3dbd6fe4d6ef4273dc2cfefe28d50e32\">\n.flex_column.av-4p5m5k-3dbd6fe4d6ef4273dc2cfefe28d50e32{\nborder-radius:0px 0px 0px 0px;\npadding:0px 0px 0px 0px;\n}\n<\/style>\n<div  class='flex_column av-4p5m5k-3dbd6fe4d6ef4273dc2cfefe28d50e32 av_four_fifth  avia-builder-el-3  el_before_av_one_fifth  avia-builder-el-first  animation-element first flex_column_div av-zero-column-padding  '     ><style type=\"text\/css\" data-created_by=\"avia_inline_auto\" id=\"style-css-av-jj8rms6q-0ace5a6ff95aee75cbff9e9923c598c9\">\n#top .av_textblock_section.av-jj8rms6q-0ace5a6ff95aee75cbff9e9923c598c9 .avia_textblock{\nfont-size:20px;\ncolor:#ffffff;\n}\n<\/style>\n<section  class='av_textblock_section av-jj8rms6q-0ace5a6ff95aee75cbff9e9923c598c9 '   itemscope=\"itemscope\" itemtype=\"https:\/\/schema.org\/CreativeWork\" ><div class='avia_textblock av_inherit_color'  itemprop=\"text\" ><h2 class=\"titular-principal\">KRAFT\u00dcBERTRAGUNGSSYSTEME<\/h2>\n<h4><span class=\"gradient-text-white\">Die perfekte Erg\u00e4nzung f\u00fcr Ihren Tisvol<\/span><\/h4>\n<\/div><\/section><br \/>\n\n<style type=\"text\/css\" data-created_by=\"avia_inline_auto\" id=\"style-css-av-jseinx9j-f1d16525a1dd5ee02b777298b51b00ab\">\n#top .hr.hr-invisible.av-jseinx9j-f1d16525a1dd5ee02b777298b51b00ab{\nheight:30px;\n}\n<\/style>\n<div  class='hr av-jseinx9j-f1d16525a1dd5ee02b777298b51b00ab hr-invisible  avia-builder-el-5  el_after_av_textblock  el_before_av_textblock '><span class='hr-inner '><span class=\"hr-inner-style\"><\/span><\/span><\/div><br \/>\n\n<style type=\"text\/css\" data-created_by=\"avia_inline_auto\" id=\"style-css-av-jk29c4n6-f38e6b98d07269e92411984733972f48\">\n#top .av_textblock_section.av-jk29c4n6-f38e6b98d07269e92411984733972f48 .avia_textblock{\ncolor:#e8e8e8;\n}\n<\/style>\n<section  class='av_textblock_section av-jk29c4n6-f38e6b98d07269e92411984733972f48 '   itemscope=\"itemscope\" itemtype=\"https:\/\/schema.org\/CreativeWork\" ><div class='avia_textblock av_inherit_color'  itemprop=\"text\" ><h3 class=\"gradient-text\">Elektroanlage<\/h3>\n<ul>\n<li><strong>Abgeschirmte Elektroanlage:<\/strong> Elektroanlage Marke Asp\u00f6ck mit vorderem Anschlusskasten, mit zwei siebenpoligen Steckvorrichtung (ISO 1185\/ISO 3731) und 1\u00d715 Pole (ISO 72570), Schutzart IP 67 und mit ADR-Zulassung. Bestehend aus: seitliche und vordere am Fahrgestell befestigte LED-Positionsleuchten mit Blinkfunktion gem\u00e4\u00df Vorschrift 48R.06; zwei hintere Multifunktionsleuchten mit integriertem Dreieck EUROPOINT III FULL LED; akustisches Signal beim Heben und R\u00fcckw\u00e4rtsfahren; drittes LED-Bremslicht.<\/li>\n<li><strong>Elektronische Federung ECAS:<\/strong> Elektronische Federung ECAS von Wabco. Die Steuerung der Druckluftfederung erfolgt anhand eines elektronischen Steuerger\u00e4ts des EBS. Das System reguliert die H\u00f6he der Federung in Abh\u00e4ngigkeit der Geschwindigkeit, um Kraftstoff zu sparen.<\/li>\n<li><strong>Arbeitsscheinwerfer:<\/strong> Ein, zwei oder drei, nach Wunsch angeordnet, mit LED-Lampen.<\/li>\n<li><strong>Seitenleuchten:<\/strong> Serienm\u00e4\u00dfig an der Karosserie befestigt und optional seitlich an der Karosserie. Sie helfen beim Man\u00f6vrieren an Tagen mit schlechter Sicht. Sie blinken bei der Bet\u00e4tigung des Blinkers und erf\u00fcllen die Anforderungen der Vorschrift 48R.06 \u00fcber Beleuchtung und Signalisierung.<\/li>\n<li><strong>Drehwarnleuchte bei maximaler Neigung:<\/strong> Wird als Leuchtsignal aktiviert, wenn festgestellt wird, dass die Neigung des Kippers zum Entladen zu gro\u00df ist. Bei Coroa serienm\u00e4\u00dfig.<\/li>\n<\/ul>\n<\/div><\/section><br \/>\n\n<style type=\"text\/css\" data-created_by=\"avia_inline_auto\" id=\"style-css-av-jk29c4n6-f38e6b98d07269e92411984733972f48\">\n#top .av_textblock_section.av-jk29c4n6-f38e6b98d07269e92411984733972f48 .avia_textblock{\ncolor:#e8e8e8;\n}\n<\/style>\n<section  class='av_textblock_section av-jk29c4n6-f38e6b98d07269e92411984733972f48 '   itemscope=\"itemscope\" itemtype=\"https:\/\/schema.org\/CreativeWork\" ><div class='avia_textblock av_inherit_color'  itemprop=\"text\" ><h3 class=\"gradient-text\">Pneumatikanlage<\/h3>\n<ul>\n<li><strong>Leicht identifizierbare Farbcodes<\/strong> an der Pneumatikanlage.<\/li>\n<li><strong>Statisches Stabilit\u00e4tssystem TSV:<\/strong> W\u00e4hrend der Entlastung erkennt das System, dass der Kasten sich vom Fahrgestell abhebt, und die Federb\u00e4lge werden entl\u00fcftet. Der Schwerpunkt des Fahrzeugs sinkt, sodass die Entladung stabiler erfolgt.<\/li>\n<li><strong>EBS-Bremssystem (Electronic Brake System) 2S\/2M zwei Sensoren und zwei Modulatoren:<\/strong> Kategorie A gem\u00e4\u00df ADR-Vorschriften und mit installierter dynamische Stabilit\u00e4tskontrolle Typ RSS. Mit Kammern und Antrieben mit Parkfunktion an den beiden hinteren Achsen und mit Einfachkammern an der ersten Achse ausger\u00fcstet. Ein serienm\u00e4\u00dfig installierter Druckanschluss, um die T\u00dcV-Untersuchung ohne Last durchf\u00fchren zu k\u00f6nnen. Anschluss an der seitlichen Bedientafel.<\/li>\n<\/ul>\n<\/div><\/section><br \/>\n\n<style type=\"text\/css\" data-created_by=\"avia_inline_auto\" id=\"style-css-av-jk29c4n6-f38e6b98d07269e92411984733972f48\">\n#top .av_textblock_section.av-jk29c4n6-f38e6b98d07269e92411984733972f48 .avia_textblock{\ncolor:#e8e8e8;\n}\n<\/style>\n<section  class='av_textblock_section av-jk29c4n6-f38e6b98d07269e92411984733972f48 '   itemscope=\"itemscope\" itemtype=\"https:\/\/schema.org\/CreativeWork\" ><div class='avia_textblock av_inherit_color'  itemprop=\"text\" ><h3 class=\"gradient-text\">Hydraulikanlage<\/h3>\n<ul>\n<li><strong>Die zentrierten und h\u00f6her angeordneten<\/strong> Hydraulikanschl\u00fcsse erleichtern das Ein- und Abstecken und verhindern, dass sich die Schl\u00e4uche verheddern.<\/li>\n<li><strong>1 oder 2 Schl\u00e4uche:<\/strong> Mit einem Schlauch ist der Anschluss direkt, bei zwei Schl\u00e4uchen wird ein Verteiler zwischengeschaltet und eine Schutzvorrichtung f\u00fcr den Zylinder bei maximaler Neigung montiert. Wir passen uns an die L\u00f6sung an, die Ihre Anforderungen am besten erf\u00fcllt.<\/li>\n<li><strong>Gro\u00dfe Vielfalt an hydraulischen Anschl\u00fcssen:<\/strong> Wir passen uns an die meisten Standardanschl\u00fcsse an.<\/li>\n<li><strong>Unabh\u00e4ngiges Kippger\u00e4t:<\/strong> Bei Bedarf k\u00f6nnen wir die gesamte Hydraulikanlage montieren, um den Zylinder unabh\u00e4ngig von der Zugmaschine zu bet\u00e4tigen. Diese Anlage ist ideal f\u00fcr nicht spezialisierte Kipper-Flotten mit hoher Zugmaschinenfluktuation.<\/li>\n<\/ul>\n<\/div><\/section><br \/>\n\n<style type=\"text\/css\" data-created_by=\"avia_inline_auto\" id=\"style-css-av-jk29c4n6-f38e6b98d07269e92411984733972f48\">\n#top .av_textblock_section.av-jk29c4n6-f38e6b98d07269e92411984733972f48 .avia_textblock{\ncolor:#e8e8e8;\n}\n<\/style>\n<section  class='av_textblock_section av-jk29c4n6-f38e6b98d07269e92411984733972f48 '   itemscope=\"itemscope\" itemtype=\"https:\/\/schema.org\/CreativeWork\" ><div class='avia_textblock av_inherit_color'  itemprop=\"text\" ><h3 class=\"gradient-text\">Technologisches Zubeh\u00f6r<\/h3>\n<ul>\n<li><strong>Automatisches Reifenf\u00fcllsystem SAF Tire Pilot:<\/strong> Die Form, um den optimalen Druck in allen Reifen aufrechtzuerhalten und so Kraftstoff zu sparen.<\/li>\n<li><strong>Smartboard:<\/strong> Dies ist ein Datenkontrollsystem von Wabco, das serienm\u00e4\u00dfig folgende Funktionen bietet:\n<ul>\n<li>Kilometerz\u00e4hler.<\/li>\n<li>Fehlermeldung und -anzeige.<\/li>\n<li>Messwerte der Bremsanlage und Federung, sehr n\u00fctzlich bei der Erstellung von Fehlerhistorien<\/li>\n<li>Anzeige der Last an jeder Achse.<\/li>\n<\/ul>\n<\/li>\n<li><strong>Verbessert die Leistung von Smartboard:<\/strong><\/li>\n<li style=\"list-style-type: none;\">\n<ul>\n<li>Reifendruckkontrolle. Mit dem System OptiTire k\u00f6nnen Sie den Druck Ihrer Reifen in Echtzeit zu \u00fcberwachen.<\/li>\n<li>Laderaumkameras zur Visualisierung des Inneren der Karosserie w\u00e4hrend der Beladung.<\/li>\n<li>Elektronische Wegfahrsperre des Sattelaufliegers.<\/li>\n<li>Verschlei\u00dfanzeige Bremsbel\u00e4ge. Sie erhalten auf dem Smartboard die visuelle Warnung, dass die Lebensdauer der Bel\u00e4ge fast erreicht ist, um den Werkstattbesuch zu planen.<\/li>\n<li>Vernetzte Fahrzeuge. Mithilfe von Optilink oder iTap k\u00f6nnen Sie die Sattelauflieger mit Ihrem Tablet oder Smartphone synchronisieren und vielz\u00e4hlige Informationen \u00fcberwachen.<\/li>\n<\/ul>\n<\/li>\n<\/ul>\n<ul>\n<li><strong>COLAS-Ventile.<\/strong> Dieser Mechanismus k\u00fcmmert sich um die Regulierung der optimalen Fahrposition der Federh\u00f6he, unabh\u00e4ngig von der eingestellten Ventilposition.<\/li>\n<li><strong>Die Elektronik und Big Data erm\u00f6glichen es, den Wendekreis zu verringern.<\/strong> Der Sattelauflieger erkennt, wenn Sie einen langen Wendevorgang durchf\u00fchren und entlastet die dritte Achse, damit die Wendung mit einem kleineren Radius m\u00f6glich ist. Eine von OptiTurn von Wabco beigetragene L\u00f6sung.<\/li>\n<\/ul>\n<\/div><\/section><\/p><\/div>\n<style type=\"text\/css\" data-created_by=\"avia_inline_auto\" id=\"style-css-av-22s720-79292b08e6c340448b51653641dd66d5\">\n.flex_column.av-22s720-79292b08e6c340448b51653641dd66d5{\nborder-radius:0px 0px 0px 0px;\npadding:0px 0px 0px 0px;\n}\n<\/style>\n<div  class='flex_column av-22s720-79292b08e6c340448b51653641dd66d5 av_one_fifth  avia-builder-el-10  el_after_av_four_fifth  avia-builder-el-last  flex_column_div av-zero-column-padding  '     ><\/div><\/div><\/div><\/div><!-- close content main div --><\/div><\/div><\/div>\n<style type=\"text\/css\" data-created_by=\"avia_inline_auto\" id=\"style-css-av-9o9nuz-592bd37fc9ed85f16e28c2603f514aea\">\n.avia-section.av-9o9nuz-592bd37fc9ed85f16e28c2603f514aea{\nbackground-repeat:no-repeat;\nbackground-image:url(https:\/\/tisvol.com\/wp-content\/uploads\/2018\/07\/tisvol-como-se-hace-bg.jpg);\nbackground-position:50% 50%;\nbackground-attachment:scroll;\n}\n.avia-section.av-9o9nuz-592bd37fc9ed85f16e28c2603f514aea .av-section-color-overlay{\nopacity:0.9;\nbackground-color:#ffffff;\n}\n<\/style>\n<div id='av_section_3'  class='avia-section av-9o9nuz-592bd37fc9ed85f16e28c2603f514aea main_color avia-section-default avia-no-border-styling  avia-builder-el-11  el_after_av_section  el_before_av_section  gradient-overlay border-top-fillet avia-full-stretch avia-bg-style-scroll av-section-color-overlay-active container_wrap sidebar_right'  data-section-bg-repeat='stretch'><div class=\"av-section-color-overlay-wrap\"><div class=\"av-section-color-overlay\"><\/div><div class='container av-section-cont-open' ><div class='template-page content  av-content-small alpha units'><div class='post-entry post-entry-type-page post-entry-11883'><div class='entry-content-wrapper clearfix'>\n\n<style type=\"text\/css\" data-created_by=\"avia_inline_auto\" id=\"style-css-av-1uwf2z-2cc67e0256f80101e4014eae9c62c7c5\">\n.flex_column.av-1uwf2z-2cc67e0256f80101e4014eae9c62c7c5{\nborder-radius:0px 0px 0px 0px;\npadding:0px 0px 0px 0px;\n}\n<\/style>\n<div  class='flex_column av-1uwf2z-2cc67e0256f80101e4014eae9c62c7c5 av_one_fifth  avia-builder-el-12  el_before_av_three_fifth  avia-builder-el-first  first flex_column_div av-zero-column-padding  '     ><\/div>\n<style type=\"text\/css\" data-created_by=\"avia_inline_auto\" id=\"style-css-av-6tq6cb-898d1a5c296f34510c04e41945908418\">\n.flex_column.av-6tq6cb-898d1a5c296f34510c04e41945908418{\nborder-radius:0px 0px 0px 0px;\npadding:0px 0px 0px 0px;\n}\n<\/style>\n<div  class='flex_column av-6tq6cb-898d1a5c296f34510c04e41945908418 av_three_fifth  avia-builder-el-13  el_after_av_one_fifth  avia-builder-el-last  flex_column_div av-zero-column-padding  '     ><section  class='av_textblock_section av-jk0tw2iq-c9a83e4542c117f1c04fa5974a1634f8 '   itemscope=\"itemscope\" itemtype=\"https:\/\/schema.org\/CreativeWork\" ><div class='avia_textblock'  itemprop=\"text\" ><div class=\"tisvol-diagonal\">\n<div><\/div>\n<\/div>\n<h3 class=\"titular-estandar\" style=\"text-align: center;\">WIE ENTSTEHT EIN TISVOL<\/h3>\n<div class=\"tisvol-diagonal\">\n<div><\/div>\n<\/div>\n<\/div><\/section><br \/>\n<section  class='av_textblock_section av-jk0tw2iq-c9a83e4542c117f1c04fa5974a1634f8 '   itemscope=\"itemscope\" itemtype=\"https:\/\/schema.org\/CreativeWork\" ><div class='avia_textblock'  itemprop=\"text\" ><p style=\"text-align: center;\">Im Herstellungsprozess eines Tisvol sind \u00fcber 40 Roboter \u00fcber 4 km Schwei\u00dfn\u00e4hte pro Fahrzeug und \u00fcber 1.000 Schrauben im Produktionsprozess integriert.<\/p>\n<p style=\"text-align: center;\">Der Automatisierungsgrad des Schwei\u00dfverfahrens betr\u00e4gt \u00fcber 85 % in allen Verbindungen, um ein maximales Qualit\u00e4tsniveau und eine Garantie zu erzielen, die mithilfe eines manuelle Verfahrens auf Dauer nicht m\u00f6glich sind. Die Schwei\u00dfstationen sind mit 3- und 5-Achsen-Roboter mit modernster CNC-Technologie automatisiert.<\/p>\n<p style=\"text-align: center;\">Diese automatisierte Montage entspringt der Vision der Gr\u00fcnder, der Vision der Leitung und Ausf\u00fchrung des gesamten Personals von Tisvol. Denn jedes Fahrzeug enth\u00e4lt diesen handwerklichen Touch, das Savoir Faire unseres Personals mit langj\u00e4hriger Erfahrung. Lassen Sie sich \u00fcberraschen, wie ein Tisvol hergestellt wird:<\/p>\n<p style=\"text-align: center;\">[<a style=\"color: #fff; text-decoration: underline;\" href=\"https:\/\/tisvol.com\/de\/wie-geht-das\/\">+Info \u00fcber das Produktionssystem von Tisvol<\/a>]<\/p>\n<\/div><\/section><\/p><\/div>\n<\/p>\n<\/div><\/div><\/div><!-- close content main div --><\/div><\/div><\/div>\n<style type=\"text\/css\" data-created_by=\"avia_inline_auto\" id=\"style-css-av-9o9nuz-160e269624ae7b761652ba28b723b710\">\n.avia-section.av-9o9nuz-160e269624ae7b761652ba28b723b710{\nbackground-color:#d8d8d8;\nbackground-image:unset;\n}\n<\/style>\n<div id='av_section_4'  class='avia-section av-9o9nuz-160e269624ae7b761652ba28b723b710 main_color avia-section-large avia-no-border-styling  avia-builder-el-16  el_after_av_section  avia-builder-el-last  avia-bg-style-scroll container_wrap sidebar_right'  ><div class='container av-section-cont-open' ><div class='template-page content  av-content-small alpha units'><div class='post-entry post-entry-type-page post-entry-11883'><div class='entry-content-wrapper clearfix'>\n<div class='flex_column_table av-57fmi3-092815821eaaee3182dc6f1c6f92c697 sc-av_one_third av-equal-height-column-flextable'>\n<style type=\"text\/css\" data-created_by=\"avia_inline_auto\" id=\"style-css-av-57fmi3-092815821eaaee3182dc6f1c6f92c697\">\n.flex_column.av-57fmi3-092815821eaaee3182dc6f1c6f92c697{\nborder-radius:0px 0px 0px 0px;\npadding:0px 0px 0px 0px;\n}\n<\/style>\n<div  class='flex_column av-57fmi3-092815821eaaee3182dc6f1c6f92c697 av_one_third  avia-builder-el-17  el_before_av_one_third  avia-builder-el-first  first flex_column_table_cell av-equal-height-column av-align-top av-zero-column-padding  '     ><section  class='av_textblock_section av-jk0tw2iq-c9a83e4542c117f1c04fa5974a1634f8 '   itemscope=\"itemscope\" itemtype=\"https:\/\/schema.org\/CreativeWork\" ><div class='avia_textblock'  itemprop=\"text\" ><h3 style=\"text-align: center;\">Das Aluminium bei Tisvol<\/h3>\n<p style=\"text-align: center;\">Tisvol hat das Aluminium vor langer Zeit in den Mittelpunkt seiner Gesch\u00e4ftst\u00e4tigkeit gestellt. In all diesen Jahren, mittlerweile \u00fcber 40, ist unserer Rohstoff zu unser Seele geworden und hat sich unsere DNA integriert.<\/p>\n<p style=\"text-align: center;\">[<a href=\"https:\/\/tisvol.com\/de\/wie-geht-das\/aluminio\/\">+Info \u00fcber Aluminium bei Tisvol<\/a>]<\/p>\n<\/div><\/section><\/div><div class='av-flex-placeholder'><\/div>\n<style type=\"text\/css\" data-created_by=\"avia_inline_auto\" id=\"style-css-av-3kos8r-355d274a76e6708e3617908638d3f2c0\">\n.flex_column.av-3kos8r-355d274a76e6708e3617908638d3f2c0{\nborder-radius:0px 0px 0px 0px;\npadding:0px 0px 0px 0px;\n}\n<\/style>\n<div  class='flex_column av-3kos8r-355d274a76e6708e3617908638d3f2c0 av_one_third  avia-builder-el-19  el_after_av_one_third  el_before_av_one_third  flex_column_table_cell av-equal-height-column av-align-top av-zero-column-padding  '     ><section  class='av_textblock_section av-jk0tw2iq-c9a83e4542c117f1c04fa5974a1634f8 '   itemscope=\"itemscope\" itemtype=\"https:\/\/schema.org\/CreativeWork\" ><div class='avia_textblock'  itemprop=\"text\" ><h3 style=\"text-align: center;\">Kraft\u00fcbertragungssysteme bei Tisvol<\/h3>\n<p style=\"text-align: center;\">Die abgeschirmte elektrische Anlage ist f\u00fcr den Gefahrguttransport zugelassen. Druckluftanlage mit Farbcode zur schnellen Auffindung von St\u00f6rungen, einfache und kombinierte Verbindungssysteme von hydraulischen Schlauchleitungen mit Sicherheitsendschalter.<\/p>\n<p style=\"text-align: center;\">[<a href=\"https:\/\/tisvol.com\/de\/como-se-hace\/sistemas-de-potencia\/\">+Info \u00fcber Kraft\u00fcbertragungssysteme von Tisvol<\/a>]<\/p>\n<\/div><\/section><\/div><div class='av-flex-placeholder'><\/div>\n<style type=\"text\/css\" data-created_by=\"avia_inline_auto\" id=\"style-css-av-2zilyz-71f7a28451342a07790eec49a1bb3d31\">\n.flex_column.av-2zilyz-71f7a28451342a07790eec49a1bb3d31{\nborder-radius:0px 0px 0px 0px;\npadding:0px 0px 0px 0px;\n}\n<\/style>\n<div  class='flex_column av-2zilyz-71f7a28451342a07790eec49a1bb3d31 av_one_third  avia-builder-el-21  el_after_av_one_third  avia-builder-el-last  flex_column_table_cell av-equal-height-column av-align-top av-zero-column-padding  '     ><section  class='av_textblock_section av-jk0tw2iq-c9a83e4542c117f1c04fa5974a1634f8 '   itemscope=\"itemscope\" itemtype=\"https:\/\/schema.org\/CreativeWork\" ><div class='avia_textblock'  itemprop=\"text\" ><h3 style=\"text-align: center;\">Die Bedeutung des Leergewichts bei Tisvol<\/h3>\n<p style=\"text-align: center;\">Bei allen Modellen aller unserer Fahrzeuge ist das Leergewicht einer der Hauptwerte, die unsere Kunden hervorheben, nachdem Sie unsere Fahrzeuge probiert haben. <strong>Einen Tisvol w\u00e4hlen bedeutet, mehr Nutzlast und h\u00f6here Optimierung w\u00e4hlen<\/strong>. Das Leergewicht ist der Grundpfeiler der Wirtschaftlichkeit unserer Kunden und bei Tisvol sind wir uns dar\u00fcber bewusst. Daher wenden wir einen Gro\u00dfteil unserer Ressourcen f\u00fcr die Entwicklung leichterer Fahrzeuge mit maximaler Haltbarkeit auf.<\/p>\n<\/div><\/section><\/div><\/div><!--close column table wrapper. Autoclose: 1 -->\n<\/div><\/div><\/div><!-- close content main div --><\/div><\/div><div id='after_section_4'  class='main_color av_default_container_wrap container_wrap sidebar_right'  ><div class='container av-section-cont-open' ><div class='template-page content  av-content-small alpha units'><div class='post-entry post-entry-type-page post-entry-11883'><div class='entry-content-wrapper clearfix'>\n","protected":false},"excerpt":{"rendered":"","protected":false},"author":1,"featured_media":0,"parent":11811,"menu_order":0,"comment_status":"closed","ping_status":"closed","template":"","meta":{"_acf_changed":false,"footnotes":""},"class_list":["post-11883","page","type-page","status-publish","hentry"],"acf":[],"_links":{"self":[{"href":"https:\/\/tisvol.com\/de\/wp-json\/wp\/v2\/pages\/11883","targetHints":{"allow":["GET"]}}],"collection":[{"href":"https:\/\/tisvol.com\/de\/wp-json\/wp\/v2\/pages"}],"about":[{"href":"https:\/\/tisvol.com\/de\/wp-json\/wp\/v2\/types\/page"}],"author":[{"embeddable":true,"href":"https:\/\/tisvol.com\/de\/wp-json\/wp\/v2\/users\/1"}],"replies":[{"embeddable":true,"href":"https:\/\/tisvol.com\/de\/wp-json\/wp\/v2\/comments?post=11883"}],"version-history":[{"count":0,"href":"https:\/\/tisvol.com\/de\/wp-json\/wp\/v2\/pages\/11883\/revisions"}],"up":[{"embeddable":true,"href":"https:\/\/tisvol.com\/de\/wp-json\/wp\/v2\/pages\/11811"}],"wp:attachment":[{"href":"https:\/\/tisvol.com\/de\/wp-json\/wp\/v2\/media?parent=11883"}],"curies":[{"name":"wp","href":"https:\/\/api.w.org\/{rel}","templated":true}]}}