{"id":11863,"date":"2018-07-26T08:35:14","date_gmt":"2018-07-26T08:35:14","guid":{"rendered":"https:\/\/tisvol.com\/wie-geht-das\/exclusividad\/"},"modified":"2019-07-16T14:16:16","modified_gmt":"2019-07-16T14:16:16","slug":"exklusivitaet","status":"publish","type":"page","link":"https:\/\/tisvol.com\/de\/wie-geht-das\/exklusivitaet\/","title":{"rendered":"Exklusivit\u00e4t"},"content":{"rendered":"\n<style type=\"text\/css\" data-created_by=\"avia_inline_auto\" id=\"style-css-av-33yw-fe4ace012c6b9c696b8bb8b31f28441a\">\n.avia-section.av-33yw-fe4ace012c6b9c696b8bb8b31f28441a{\nbackground-color:#ffffff;\nbackground-image:unset;\n}\n<\/style>\n<div id='tisvol-tagline'  class='avia-section av-33yw-fe4ace012c6b9c696b8bb8b31f28441a main_color avia-section-default avia-no-border-styling  avia-builder-el-0  el_before_av_section  avia-builder-el-first  avia-bg-style-scroll container_wrap sidebar_right'  ><div class='container av-section-cont-open' ><main  role=\"main\" itemprop=\"mainContentOfPage\"  class='template-page content  av-content-small alpha units'><div class='post-entry post-entry-type-page post-entry-11863'><div class='entry-content-wrapper clearfix'>\n<section  class='av_textblock_section av-jj8pzx7e-f58ee2657ad4a3ea48b2f1ff7d628b0b '   itemscope=\"itemscope\" itemtype=\"https:\/\/schema.org\/CreativeWork\" ><div class='avia_textblock'  itemprop=\"text\" ><h3 style=\"text-align: center;\">Powered by Superior Quality<\/h3>\n<\/div><\/section>\n\n<\/div><\/div><\/main><!-- close content main element --><\/div><\/div>\n<style type=\"text\/css\" data-created_by=\"avia_inline_auto\" id=\"style-css-av-jjtt0w9i-923c8563fa211c8c13fec4480dd34108\">\n.avia-section.av-jjtt0w9i-923c8563fa211c8c13fec4480dd34108 .av-parallax .av-parallax-inner{\nbackground-repeat:no-repeat;\nbackground-image:url(https:\/\/tisvol.com\/wp-content\/uploads\/2019\/05\/dise\u00f1o.jpg);\nbackground-position:50% 0%;\nbackground-attachment:scroll;\n}\n.avia-section.av-jjtt0w9i-923c8563fa211c8c13fec4480dd34108 .av-section-color-overlay{\nopacity:0.7;\nbackground-color:#ffffff;\n}\n<\/style>\n<div id='av_section_2'  class='avia-section av-jjtt0w9i-923c8563fa211c8c13fec4480dd34108 main_color avia-section-default avia-no-border-styling  avia-builder-el-2  el_after_av_section  el_before_av_section  animation-element avia-full-stretch av-parallax-section avia-bg-style-parallax av-section-color-overlay-active av-minimum-height av-minimum-height-50 av-height-50  container_wrap sidebar_right'  data-section-bg-repeat='stretch' data-av_minimum_height_pc='50' data-av_min_height_opt='50'><div class='av-parallax' data-avia-parallax-ratio='0.3' ><div class='av-parallax-inner main_color avia-full-stretch'><\/div><\/div><div class=\"av-section-color-overlay-wrap\"><div class=\"av-section-color-overlay\"><\/div><div class='container av-section-cont-open' ><div class='template-page content  av-content-small alpha units'><div class='post-entry post-entry-type-page post-entry-11863'><div class='entry-content-wrapper clearfix'>\n\n<style type=\"text\/css\" data-created_by=\"avia_inline_auto\" id=\"style-css-av-6dptzv-7dfefcbb0a815d82fab84ae68ec74643\">\n.flex_column.av-6dptzv-7dfefcbb0a815d82fab84ae68ec74643{\nborder-radius:0px 0px 0px 0px;\npadding:0px 0px 0px 0px;\n}\n<\/style>\n<div  class='flex_column av-6dptzv-7dfefcbb0a815d82fab84ae68ec74643 av_one_fourth  avia-builder-el-3  el_before_av_one_half  avia-builder-el-first  first flex_column_div av-zero-column-padding  '     ><\/div>\n<style type=\"text\/css\" data-created_by=\"avia_inline_auto\" id=\"style-css-av-3ji4uz-74a3275799a6b3767de99ee31caf72a2\">\n.flex_column.av-3ji4uz-74a3275799a6b3767de99ee31caf72a2{\nborder-radius:0px 0px 0px 0px;\npadding:0px 0px 0px 0px;\n}\n<\/style>\n<div  class='flex_column av-3ji4uz-74a3275799a6b3767de99ee31caf72a2 av_one_half  avia-builder-el-4  el_after_av_one_fourth  el_before_av_one_fourth  flex_column_div av-zero-column-padding  '     ><section  class='av_textblock_section av-jj8rms6q-e378de6f514244f1a118e0085a2fbc7d '   itemscope=\"itemscope\" itemtype=\"https:\/\/schema.org\/CreativeWork\" ><div class='avia_textblock'  itemprop=\"text\" ><div class=\"tisvol-diagonal\">\n<div><\/div>\n<\/div>\n<h2 class=\"titular-principal\" style=\"text-align: center;\">EXKLUSIVIT\u00c4T<\/h2>\n<h4 class=\"subtitular-principal\" style=\"text-align: center;\">&#8211; SO DIFFERENZIEREN WIR UNS &#8211;<\/h4>\n<div class=\"tisvol-diagonal\">\n<div><\/div>\n<\/div>\n<\/div><\/section><br \/>\n<section  class='av_textblock_section av-jk2a2ljs-4eac413447efd74cd923542fbc3ef9fe '   itemscope=\"itemscope\" itemtype=\"https:\/\/schema.org\/CreativeWork\" ><div class='avia_textblock'  itemprop=\"text\" ><p style=\"text-align: center;\"><span style=\"font-weight: 400;\">Wir wissen, dass Zuverl\u00e4ssigkeit, Leichtigkeit und Wirtschaftlichkeit f\u00fcr die K\u00e4ufer unserer Kipper Schl\u00fcsselkonzepte sind, daher wollten wir sie ausfallsicher machen, das Leergewicht maximal reduzieren und bei jeder Fahrt die besten Ergebnisse erzielen.<\/span><\/p>\n<\/div><\/section><\/p><\/div>\n<style type=\"text\/css\" data-created_by=\"avia_inline_auto\" id=\"style-css-av-38697v-7afed35e48f3212abe71b0b6d2d78051\">\n.flex_column.av-38697v-7afed35e48f3212abe71b0b6d2d78051{\nborder-radius:0px 0px 0px 0px;\npadding:0px 0px 0px 0px;\n}\n<\/style>\n<div  class='flex_column av-38697v-7afed35e48f3212abe71b0b6d2d78051 av_one_fourth  avia-builder-el-7  el_after_av_one_half  avia-builder-el-last  flex_column_div av-zero-column-padding  '     ><\/div>\n\n<\/div><\/div><\/div><!-- close content main div --><\/div><\/div><\/div><div id='renovandonos'  class='avia-section av-jjgvfjza-d7029a59e2af802d8b04a24c6923a36a main_color avia-section-default avia-no-border-styling  avia-builder-el-8  el_after_av_section  el_before_av_submenu  gradient-grana border-top-fillet avia-bg-style-scroll av-minimum-height av-minimum-height-custom av-height-custom  container_wrap sidebar_right'   data-av_minimum_height_px='420'><div class='container av-section-cont-open' style='height:420px'><div class='template-page content  av-content-small alpha units'><div class='post-entry post-entry-type-page post-entry-11863'><div class='entry-content-wrapper clearfix'>\n\n<style type=\"text\/css\" data-created_by=\"avia_inline_auto\" id=\"style-css-av-5fsy-4f428072adb752bd4df234841250c4e6\">\n.flex_column.av-5fsy-4f428072adb752bd4df234841250c4e6{\nborder-radius:0px 0px 0px 0px;\npadding:0px 0px 0px 0px;\n}\n<\/style>\n<div  class='flex_column av-5fsy-4f428072adb752bd4df234841250c4e6 av_one_full  avia-builder-el-9  avia-builder-el-no-sibling  first flex_column_div av-zero-column-padding  '     ><section  class='av_textblock_section av-jj8rms6q-bd76de550ec01b29325c9bd44a0927a3 '   itemscope=\"itemscope\" itemtype=\"https:\/\/schema.org\/CreativeWork\" ><div class='avia_textblock somos-capaces'  itemprop=\"text\" ><p style=\"text-align: center;\">Wir fertigen<br \/>\nnur beste Qualit\u00e4t<\/p>\n<\/div><\/section><\/div>\n\n<\/div><\/div><\/div><!-- close content main div --><\/div><\/div><div id='sub_menu1'  class='av-submenu-container av-jqz6x91q-d7622458eff02305cba2ea0313b5a133 socket_color  avia-builder-el-11  el_after_av_section  el_before_av_section  submenu-not-first container_wrap sidebar_right' style='z-index:301' ><div class='container av-menu-mobile-disabled av-submenu-pos-center'><ul id='av-custom-submenu-1' class='av-subnav-menu' role='menu'>\n<li class='menu-item av-av_submenu_item-dd828a2f38efe6c7af718bdec3559f83 menu-item-top-level menu-item-top-level-1' role='menuitem'><a href='#entrega'  ><span class='avia-bullet'><\/span><span class='avia-menu-text'>PERS\u00d6NLICHE AUSLIEFERUNG<\/span><\/a><\/li>\n<li class='menu-item av-av_submenu_item-a5e8015490218c15d7411ff07e2cf35e menu-item-top-level menu-item-top-level-2' role='menuitem'><a href='#rentabilidad'  ><span class='avia-bullet'><\/span><span class='avia-menu-text'>WIRTSCHAFTLICHKEIT DER FAHRZEUGE<\/span><\/a><\/li>\n<\/ul><\/div><\/div>\n<div id='entrega'  class='avia-section av-5n1ed8-b9aab9c05beeb92bfbb2e0ce81fde6c9 main_color avia-section-default avia-no-border-styling  avia-builder-el-12  el_after_av_submenu  el_before_av_section  gradient-half-grey-to-white animation-element avia-bg-style-scroll container_wrap sidebar_right'  ><div class='container av-section-cont-open' ><div class='template-page content  av-content-small alpha units'><div class='post-entry post-entry-type-page post-entry-11863'><div class='entry-content-wrapper clearfix'>\n\n<style type=\"text\/css\" data-created_by=\"avia_inline_auto\" id=\"style-css-av-3ngo0s-d4d3ecade494bb31e0cf95ff0cbfbcb8\">\n.flex_column.av-3ngo0s-d4d3ecade494bb31e0cf95ff0cbfbcb8{\nborder-radius:0px 0px 0px 0px;\npadding:0px 0px 0px 0px;\n}\n<\/style>\n<div  class='flex_column av-3ngo0s-d4d3ecade494bb31e0cf95ff0cbfbcb8 av_one_fifth  avia-builder-el-13  el_before_av_three_fifth  avia-builder-el-first  first flex_column_div av-zero-column-padding  '     ><\/div>\n<style type=\"text\/css\" data-created_by=\"avia_inline_auto\" id=\"style-css-av-204e5o-7ccdd0d5b429fb843522f13a3101a4f9\">\n.flex_column.av-204e5o-7ccdd0d5b429fb843522f13a3101a4f9{\nborder-radius:0px 0px 0px 0px;\npadding:0px 0px 0px 0px;\n}\n<\/style>\n<div  class='flex_column av-204e5o-7ccdd0d5b429fb843522f13a3101a4f9 av_three_fifth  avia-builder-el-14  el_after_av_one_fifth  el_before_av_one_fifth  flex_column_div av-zero-column-padding  '     ><section  class='av_textblock_section av-jj8rms6q-e378de6f514244f1a118e0085a2fbc7d '   itemscope=\"itemscope\" itemtype=\"https:\/\/schema.org\/CreativeWork\" ><div class='avia_textblock'  itemprop=\"text\" ><div class=\"tisvol-diagonal\">\n<div><\/div>\n<\/div>\n<h2 class=\"titular-principal\" style=\"text-align: center;\">PERS\u00d6NLICHE AUSLIEFERUNG<\/h2>\n<h4 class=\"subtitular-principal\" style=\"text-align: center;\">&#8211; EINSATZBEREITE FAHRZEUGE &#8211;<\/h4>\n<div class=\"tisvol-diagonal\">\n<div><\/div>\n<\/div>\n<\/div><\/section><br \/>\n\n<style type=\"text\/css\" data-created_by=\"avia_inline_auto\" id=\"style-css-av-jk2a4832-c25b0ddef510354a7412e1cd9f41e8ba\">\n#top .hr.hr-invisible.av-jk2a4832-c25b0ddef510354a7412e1cd9f41e8ba{\nheight:30px;\n}\n<\/style>\n<div  class='hr av-jk2a4832-c25b0ddef510354a7412e1cd9f41e8ba hr-invisible  avia-builder-el-16  el_after_av_textblock  el_before_av_textblock '><span class='hr-inner '><span class=\"hr-inner-style\"><\/span><\/span><\/div><br \/>\n<section  class='av_textblock_section av-jk2a2ljs-5c0ae2f2e2a6ecc82f76207dc105127b '   itemscope=\"itemscope\" itemtype=\"https:\/\/schema.org\/CreativeWork\" ><div class='avia_textblock racional'  itemprop=\"text\" ><p style=\"text-align: center;\">Bei Tisvol wird ein Fahrzeug als fertiggestellt betrachtet, wenn wir es dem Kunden <strong>in unseren Einrichtungen individuell angepasst \u00fcbergeben.<\/strong><\/p>\n<\/div><\/section><br \/>\n<section  class='av_textblock_section av-jk2a2ljs-4eac413447efd74cd923542fbc3ef9fe '   itemscope=\"itemscope\" itemtype=\"https:\/\/schema.org\/CreativeWork\" ><div class='avia_textblock'  itemprop=\"text\" ><p style=\"text-align: center;\">Unsere Verantwortlichen f\u00fcr die Auslieferung \u00fcberpr\u00fcfen die Nivellierung, das Kippen und wie sich Ihr neues Fahrzeug an die Zugmaschine anpasst, damit alles korrekt funktioniert. So stellen wir sicher, dass das Fahrzeug voll einsatzf\u00e4hig ist, wenn das Fahrzeug durch das Tor f\u00e4hrt. Wir erkl\u00e4ren dem Kunden die Eigenschaften seines Kippers und beantworten alle m\u00f6glichen Fragen zu seiner Funktion. Schlie\u00dflich h\u00e4ndigen wir die Wartungsanleitung, die Dokumentation und die erforderlichen Zertifizierungen aus.<\/p>\n<\/div><\/section><\/p><\/div>\n<style type=\"text\/css\" data-created_by=\"avia_inline_auto\" id=\"style-css-av-3ngo0s-c9d5b2ae7ab2a01cc4e04ecda23dd78e\">\n.flex_column.av-3ngo0s-c9d5b2ae7ab2a01cc4e04ecda23dd78e{\nborder-radius:0px 0px 0px 0px;\npadding:0px 0px 0px 0px;\n}\n<\/style>\n<div  class='flex_column av-3ngo0s-c9d5b2ae7ab2a01cc4e04ecda23dd78e av_one_fifth  avia-builder-el-19  el_after_av_three_fifth  avia-builder-el-last  flex_column_div av-zero-column-padding  '     ><\/div>\n\n<\/div><\/div><\/div><!-- close content main div --><\/div><\/div>\n<style type=\"text\/css\" data-created_by=\"avia_inline_auto\" id=\"style-css-av-5n1ed8-a9e831acf32b030034ba50b9f2a10ec0\">\n.avia-section.av-5n1ed8-a9e831acf32b030034ba50b9f2a10ec0{\nbackground-repeat:no-repeat;\nbackground-image:url(https:\/\/tisvol.com\/wp-content\/uploads\/2019\/05\/rentabilidad.jpg);\nbackground-position:100% 50%;\nbackground-attachment:scroll;\n}\n.avia-section.av-5n1ed8-a9e831acf32b030034ba50b9f2a10ec0 .av-section-color-overlay{\nopacity:0.9;\nbackground-color:#ffffff;\n}\n<\/style>\n<div id='rentabilidad'  class='avia-section av-5n1ed8-a9e831acf32b030034ba50b9f2a10ec0 main_color avia-section-default avia-no-border-styling  avia-builder-el-20  el_after_av_section  el_before_av_section  border-top-fillet animation-element avia-full-stretch avia-bg-style-scroll av-section-color-overlay-active container_wrap sidebar_right'  data-section-bg-repeat='stretch'><div class=\"av-section-color-overlay-wrap\"><div class=\"av-section-color-overlay\"><\/div><div class='container av-section-cont-open' ><div class='template-page content  av-content-small alpha units'><div class='post-entry post-entry-type-page post-entry-11863'><div class='entry-content-wrapper clearfix'>\n\n<style type=\"text\/css\" data-created_by=\"avia_inline_auto\" id=\"style-css-av-3ngo0s-d4d3ecade494bb31e0cf95ff0cbfbcb8\">\n.flex_column.av-3ngo0s-d4d3ecade494bb31e0cf95ff0cbfbcb8{\nborder-radius:0px 0px 0px 0px;\npadding:0px 0px 0px 0px;\n}\n<\/style>\n<div  class='flex_column av-3ngo0s-d4d3ecade494bb31e0cf95ff0cbfbcb8 av_one_fifth  avia-builder-el-21  el_before_av_three_fifth  avia-builder-el-first  first flex_column_div av-zero-column-padding  '     ><\/div>\n<style type=\"text\/css\" data-created_by=\"avia_inline_auto\" id=\"style-css-av-204e5o-7ccdd0d5b429fb843522f13a3101a4f9\">\n.flex_column.av-204e5o-7ccdd0d5b429fb843522f13a3101a4f9{\nborder-radius:0px 0px 0px 0px;\npadding:0px 0px 0px 0px;\n}\n<\/style>\n<div  class='flex_column av-204e5o-7ccdd0d5b429fb843522f13a3101a4f9 av_three_fifth  avia-builder-el-22  el_after_av_one_fifth  el_before_av_one_fifth  flex_column_div av-zero-column-padding  '     ><section  class='av_textblock_section av-jj8rms6q-e378de6f514244f1a118e0085a2fbc7d '   itemscope=\"itemscope\" itemtype=\"https:\/\/schema.org\/CreativeWork\" ><div class='avia_textblock'  itemprop=\"text\" ><div class=\"tisvol-diagonal\">\n<div><\/div>\n<\/div>\n<h2 class=\"titular-principal\" style=\"text-align: center;\">WIRTSCHAFTLICHKEIT DER FAHRZEUGE<\/h2>\n<h4 class=\"subtitular-principal\" style=\"text-align: center;\">&#8211; SICHERGESTELLTE WIRTSCHAFTLICHKEIT VON DER LEICHTESTEN MARKE AUF DEM MARKT &#8211;<\/h4>\n<div class=\"tisvol-diagonal\">\n<div><\/div>\n<\/div>\n<\/div><\/section><br \/>\n\n<style type=\"text\/css\" data-created_by=\"avia_inline_auto\" id=\"style-css-av-jk2a4832-c25b0ddef510354a7412e1cd9f41e8ba\">\n#top .hr.hr-invisible.av-jk2a4832-c25b0ddef510354a7412e1cd9f41e8ba{\nheight:30px;\n}\n<\/style>\n<div  class='hr av-jk2a4832-c25b0ddef510354a7412e1cd9f41e8ba hr-invisible  avia-builder-el-24  el_after_av_textblock  el_before_av_textblock '><span class='hr-inner '><span class=\"hr-inner-style\"><\/span><\/span><\/div><br \/>\n<section  class='av_textblock_section av-jk2a2ljs-4eac413447efd74cd923542fbc3ef9fe '   itemscope=\"itemscope\" itemtype=\"https:\/\/schema.org\/CreativeWork\" ><div class='avia_textblock'  itemprop=\"text\" ><ul>\n<li><strong>Tisvol ist die leichteste Marke auf dem Markt<\/strong>, daher wird bei jedem Transport durch die Optimierung der Ladung die Effizienz verbessert.<\/li>\n<li><strong>Eine Ersparnis von 250 kg im Leergewicht<\/strong>, 2 Transporte t\u00e4glich und 22 Arbeitstage im Monat. Hiervon ausgehend erh\u00f6ht sich die transportierbare Last um 11.000 kg. Und alle mit denselben Mitteln.<\/li>\n<li><strong>Unsere Fahrzeuge vermeiden Umsatzausf\u00e4lle wegen Defekte.<\/strong> Eine 2012 durchgef\u00fchrte Studie, bei der Fahrzeuge verschiedener Marken und Baujahre analysiert wurden, konnten wir objektiv Folgendes feststellen.\n<ul>\n<li><strong>Tisvol ist die zuverl\u00e4ssigste Marke mit dem h\u00f6chsten Wirtschaftlichkeitsindex<\/strong>. An den analysierten Fahrzeugen von Tisvol traten keine Struktur- oder Herstellungsdefekte auf.<\/li>\n<li>Aus der Studie l\u00e4sst sich entnehmen, dass die anderen Fahrzeuge mehr strukturelle Probleme aufweisen als unsere, einige davon schwerwiegend mit langen Stillstandszeiten.<\/li>\n<li>Unserer Studie zufolge, bei der wir einen Zeitraum von 10 Jahren betrachtet haben, betrug die mittlere Stillstandzeit wegen Herstellungsfehler bei anderen Marken 4 bis 6 Tage mehr als bei den Tisvol-Fahrzeugen. ragsbezogen berechnen, wie auch einige der Unternehmen, die ebenfalls Kunden von Tisvol sind<\/li>\n<li>Viele unserer Kunden sind Selbstst\u00e4ndige, die auftnden von Tisvol sind. <strong>Ein Stillstandstag kann gro\u00dfe Verluste bedeuten und mit der Gefahr einhergehen<\/strong>, dass sie die Arbeit an andere Wettbewerber verlieren, nicht nur an diesem Tag, sondern f\u00fcr immer.<\/li>\n<li><strong>Ein Schl\u00fcsselattribut eines Sattelaufliegers ist die Zuverl\u00e4ssigkeit.<\/strong> Es muss das Werkzeug sein, das Ihre Arbeit wirtschaftlich macht, daher muss es sich stets im besten Zustand befinden, nicht nur auf der ersten Fahrt.<\/li>\n<li>Der durchgef\u00fchrten Studie zufolge, bei der Verkauf von Gebrauchtfahrzeugen gemessen wurde, konnte festgestellt werden, dass die gebrauchten Sattelauflieger von Tisvol durchschnittlich 18 % schneller als die anderer Anbieter verkauft wurden. Au\u00dferdem liegt der Wiederverkaufspreis eines Tisvol 16 % \u00fcber dem Wert anderer Fahrzeuge mit den gleichen Eigenschaften. <strong>Folglich ist der Wiederkaufspreis h\u00f6her, wenn Sie einen Tisvol kaufen.<\/strong><\/li>\n<\/ul>\n<\/li>\n<\/ul>\n<\/div><\/section><\/p><\/div>\n<style type=\"text\/css\" data-created_by=\"avia_inline_auto\" id=\"style-css-av-3ngo0s-c9d5b2ae7ab2a01cc4e04ecda23dd78e\">\n.flex_column.av-3ngo0s-c9d5b2ae7ab2a01cc4e04ecda23dd78e{\nborder-radius:0px 0px 0px 0px;\npadding:0px 0px 0px 0px;\n}\n<\/style>\n<div  class='flex_column av-3ngo0s-c9d5b2ae7ab2a01cc4e04ecda23dd78e av_one_fifth  avia-builder-el-26  el_after_av_three_fifth  avia-builder-el-last  flex_column_div av-zero-column-padding  '     ><\/div><\/div><\/div><\/div><!-- close content main div --><\/div><\/div><\/div>\n<style type=\"text\/css\" data-created_by=\"avia_inline_auto\" id=\"style-css-av-9o9nuz-592bd37fc9ed85f16e28c2603f514aea\">\n.avia-section.av-9o9nuz-592bd37fc9ed85f16e28c2603f514aea{\nbackground-repeat:no-repeat;\nbackground-image:url(https:\/\/tisvol.com\/wp-content\/uploads\/2018\/07\/tisvol-como-se-hace-bg.jpg);\nbackground-position:50% 50%;\nbackground-attachment:scroll;\n}\n.avia-section.av-9o9nuz-592bd37fc9ed85f16e28c2603f514aea .av-section-color-overlay{\nopacity:0.9;\nbackground-color:#ffffff;\n}\n<\/style>\n<div id='av_section_6'  class='avia-section av-9o9nuz-592bd37fc9ed85f16e28c2603f514aea main_color avia-section-default avia-no-border-styling  avia-builder-el-27  el_after_av_section  avia-builder-el-last  gradient-overlay border-top-fillet avia-full-stretch avia-bg-style-scroll av-section-color-overlay-active container_wrap sidebar_right'  data-section-bg-repeat='stretch'><div class=\"av-section-color-overlay-wrap\"><div class=\"av-section-color-overlay\"><\/div><div class='container av-section-cont-open' ><div class='template-page content  av-content-small alpha units'><div class='post-entry post-entry-type-page post-entry-11863'><div class='entry-content-wrapper clearfix'>\n\n<style type=\"text\/css\" data-created_by=\"avia_inline_auto\" id=\"style-css-av-1uwf2z-2cc67e0256f80101e4014eae9c62c7c5\">\n.flex_column.av-1uwf2z-2cc67e0256f80101e4014eae9c62c7c5{\nborder-radius:0px 0px 0px 0px;\npadding:0px 0px 0px 0px;\n}\n<\/style>\n<div  class='flex_column av-1uwf2z-2cc67e0256f80101e4014eae9c62c7c5 av_one_fifth  avia-builder-el-28  el_before_av_three_fifth  avia-builder-el-first  first flex_column_div av-zero-column-padding  '     ><\/div>\n<style type=\"text\/css\" data-created_by=\"avia_inline_auto\" id=\"style-css-av-6tq6cb-898d1a5c296f34510c04e41945908418\">\n.flex_column.av-6tq6cb-898d1a5c296f34510c04e41945908418{\nborder-radius:0px 0px 0px 0px;\npadding:0px 0px 0px 0px;\n}\n<\/style>\n<div  class='flex_column av-6tq6cb-898d1a5c296f34510c04e41945908418 av_three_fifth  avia-builder-el-29  el_after_av_one_fifth  avia-builder-el-last  flex_column_div av-zero-column-padding  '     ><section  class='av_textblock_section av-jk0tw2iq-c9a83e4542c117f1c04fa5974a1634f8 '   itemscope=\"itemscope\" itemtype=\"https:\/\/schema.org\/CreativeWork\" ><div class='avia_textblock'  itemprop=\"text\" ><div class=\"tisvol-diagonal\">\n<div><\/div>\n<\/div>\n<h3 class=\"titular-estandar\" style=\"text-align: center;\">WIE ENTSTEHT EIN TISVOL<\/h3>\n<div class=\"tisvol-diagonal\">\n<div><\/div>\n<\/div>\n<\/div><\/section><br \/>\n<section  class='av_textblock_section av-jk0tw2iq-c9a83e4542c117f1c04fa5974a1634f8 '   itemscope=\"itemscope\" itemtype=\"https:\/\/schema.org\/CreativeWork\" ><div class='avia_textblock'  itemprop=\"text\" ><p style=\"text-align: center;\">Im Herstellungsprozess eines Tisvol sind \u00fcber 40 Roboter \u00fcber 4 km Schwei\u00dfn\u00e4hte pro Fahrzeug und \u00fcber 1.000 Schrauben im Produktionsprozess integriert.<\/p>\n<p style=\"text-align: center;\">Der Automatisierungsgrad des Schwei\u00dfverfahrens betr\u00e4gt \u00fcber 85 % in allen Verbindungen, um ein maximales Qualit\u00e4tsniveau und eine Garantie zu erzielen, die mithilfe eines manuelle Verfahrens auf Dauer nicht m\u00f6glich sind. Die Schwei\u00dfstationen sind mit 3- und 5-Achsen-Roboter mit modernster CNC-Technologie automatisiert.<\/p>\n<p style=\"text-align: center;\">Diese automatisierte Montage entspringt der Vision der Gr\u00fcnder, der Vision der Leitung und Ausf\u00fchrung des gesamten Personals von Tisvol. Denn jedes Fahrzeug enth\u00e4lt diesen handwerklichen Touch, das Savoir Faire unseres Personals mit langj\u00e4hriger Erfahrung. Lassen Sie sich \u00fcberraschen, wie ein Tisvol hergestellt wird:<\/p>\n<p style=\"text-align: center;\">[<a style=\"color: #fff; text-decoration: underline;\" href=\"https:\/\/tisvol.com\/de\/wie-geht-das\/\">+Info \u00fcber das Produktionssystem von Tisvol<\/a>]<\/p>\n<\/div><\/section><\/p><\/div>\n<\/div><\/div><\/div><!-- close content main div --><\/div><\/div><\/div><div id='after_section_6'  class='main_color av_default_container_wrap container_wrap sidebar_right'  ><div class='container av-section-cont-open' ><div class='template-page content  av-content-small alpha units'><div class='post-entry post-entry-type-page post-entry-11863'><div class='entry-content-wrapper clearfix'><\/p>\n","protected":false},"excerpt":{"rendered":"","protected":false},"author":1,"featured_media":0,"parent":11811,"menu_order":0,"comment_status":"closed","ping_status":"closed","template":"","meta":{"_acf_changed":false,"footnotes":""},"class_list":["post-11863","page","type-page","status-publish","hentry"],"acf":[],"_links":{"self":[{"href":"https:\/\/tisvol.com\/de\/wp-json\/wp\/v2\/pages\/11863","targetHints":{"allow":["GET"]}}],"collection":[{"href":"https:\/\/tisvol.com\/de\/wp-json\/wp\/v2\/pages"}],"about":[{"href":"https:\/\/tisvol.com\/de\/wp-json\/wp\/v2\/types\/page"}],"author":[{"embeddable":true,"href":"https:\/\/tisvol.com\/de\/wp-json\/wp\/v2\/users\/1"}],"replies":[{"embeddable":true,"href":"https:\/\/tisvol.com\/de\/wp-json\/wp\/v2\/comments?post=11863"}],"version-history":[{"count":0,"href":"https:\/\/tisvol.com\/de\/wp-json\/wp\/v2\/pages\/11863\/revisions"}],"up":[{"embeddable":true,"href":"https:\/\/tisvol.com\/de\/wp-json\/wp\/v2\/pages\/11811"}],"wp:attachment":[{"href":"https:\/\/tisvol.com\/de\/wp-json\/wp\/v2\/media?parent=11863"}],"curies":[{"name":"wp","href":"https:\/\/api.w.org\/{rel}","templated":true}]}}