{"id":11821,"date":"2018-07-24T11:27:23","date_gmt":"2018-07-24T11:27:23","guid":{"rendered":"https:\/\/tisvol.com\/wie-geht-das\/calidad-superior\/"},"modified":"2019-07-16T11:16:16","modified_gmt":"2019-07-16T11:16:16","slug":"ausgezeichnete-qualitaet","status":"publish","type":"page","link":"https:\/\/tisvol.com\/de\/wie-geht-das\/ausgezeichnete-qualitaet\/","title":{"rendered":"Ausgezeichnete Qualit\u00e4t"},"content":{"rendered":"\n<style type=\"text\/css\" data-created_by=\"avia_inline_auto\" id=\"style-css-av-33yw-fe4ace012c6b9c696b8bb8b31f28441a\">\n.avia-section.av-33yw-fe4ace012c6b9c696b8bb8b31f28441a{\nbackground-color:#ffffff;\nbackground-image:unset;\n}\n<\/style>\n<div id='tisvol-tagline'  class='avia-section av-33yw-fe4ace012c6b9c696b8bb8b31f28441a main_color avia-section-default avia-no-border-styling  avia-builder-el-0  el_before_av_section  avia-builder-el-first  avia-bg-style-scroll container_wrap sidebar_right'  ><div class='container av-section-cont-open' ><main  role=\"main\" itemprop=\"mainContentOfPage\"  class='template-page content  av-content-small alpha units'><div class='post-entry post-entry-type-page post-entry-11821'><div class='entry-content-wrapper clearfix'>\n<section  class='av_textblock_section av-jj8pzx7e-f58ee2657ad4a3ea48b2f1ff7d628b0b '   itemscope=\"itemscope\" itemtype=\"https:\/\/schema.org\/CreativeWork\" ><div class='avia_textblock'  itemprop=\"text\" ><h3 style=\"text-align: center;\">Powered by Superior Quality<\/h3>\n<\/div><\/section>\n\n<\/div><\/div><\/main><!-- close content main element --><\/div><\/div><div id='renovandonos'  class='avia-section av-jjgvfjza-d7029a59e2af802d8b04a24c6923a36a main_color avia-section-default avia-no-border-styling  avia-builder-el-2  el_after_av_section  el_before_av_submenu  gradient-grana border-top-fillet avia-bg-style-scroll av-minimum-height av-minimum-height-custom av-height-custom  container_wrap sidebar_right'   data-av_minimum_height_px='420'><div class='container av-section-cont-open' style='height:420px'><div class='template-page content  av-content-small alpha units'><div class='post-entry post-entry-type-page post-entry-11821'><div class='entry-content-wrapper clearfix'>\n\n<style type=\"text\/css\" data-created_by=\"avia_inline_auto\" id=\"style-css-av-5fsy-4f428072adb752bd4df234841250c4e6\">\n.flex_column.av-5fsy-4f428072adb752bd4df234841250c4e6{\nborder-radius:0px 0px 0px 0px;\npadding:0px 0px 0px 0px;\n}\n<\/style>\n<div  class='flex_column av-5fsy-4f428072adb752bd4df234841250c4e6 av_one_fifth  avia-builder-el-3  el_before_av_three_fifth  avia-builder-el-first  first flex_column_div av-zero-column-padding  '     ><\/div>\n<style type=\"text\/css\" data-created_by=\"avia_inline_auto\" id=\"style-css-av-5fsy-f3c4f10f742777c86419bf6e7430934f\">\n.flex_column.av-5fsy-f3c4f10f742777c86419bf6e7430934f{\nborder-radius:0px 0px 0px 0px;\npadding:0px 0px 0px 0px;\n}\n<\/style>\n<div  class='flex_column av-5fsy-f3c4f10f742777c86419bf6e7430934f av_three_fifth  avia-builder-el-4  el_after_av_one_fifth  el_before_av_one_fifth  flex_column_div av-zero-column-padding  '     ><section  class='av_textblock_section av-jj8rms6q-bd76de550ec01b29325c9bd44a0927a3 '   itemscope=\"itemscope\" itemtype=\"https:\/\/schema.org\/CreativeWork\" ><div class='avia_textblock somos-capaces'  itemprop=\"text\" ><p style=\"text-align: center;\">Wir fertigen<br \/>\nnur beste Qualit\u00e4t<\/p>\n<\/div><\/section><\/div>\n<style type=\"text\/css\" data-created_by=\"avia_inline_auto\" id=\"style-css-av-5fsy-f3c4f10f742777c86419bf6e7430934f\">\n.flex_column.av-5fsy-f3c4f10f742777c86419bf6e7430934f{\nborder-radius:0px 0px 0px 0px;\npadding:0px 0px 0px 0px;\n}\n<\/style>\n<div  class='flex_column av-5fsy-f3c4f10f742777c86419bf6e7430934f av_one_fifth  avia-builder-el-6  el_after_av_three_fifth  avia-builder-el-last  flex_column_div av-zero-column-padding  '     ><\/div>\n\n<\/div><\/div><\/div><!-- close content main div --><\/div><\/div><div id='sub_menu1'  class='av-submenu-container av-jqz6x91q-d7622458eff02305cba2ea0313b5a133 socket_color  avia-builder-el-7  el_after_av_section  el_before_av_layout_row  submenu-not-first container_wrap sidebar_right' style='z-index:301' ><div class='container av-menu-mobile-disabled av-submenu-pos-center'><ul id='av-custom-submenu-1' class='av-subnav-menu' role='menu'>\n<li class='menu-item av-av_submenu_item-e9b866b5710f7aea83884ccf745f517b menu-item-top-level menu-item-top-level-1' role='menuitem'><a href='#calidad'  ><span class='avia-bullet'><\/span><span class='avia-menu-text'>QUALIT\u00c4TSKONTROLLE<\/span><\/a><\/li>\n<li class='menu-item av-av_submenu_item-1cae0a16b1a922d7e6d11945589a757f menu-item-top-level menu-item-top-level-2' role='menuitem'><a href='#seguridad'  ><span class='avia-bullet'><\/span><span class='avia-menu-text'>SICHERHEIT<\/span><\/a><\/li>\n<li class='menu-item av-av_submenu_item-ba07424e32490bd0b2e00dfa2b4291c8 menu-item-top-level menu-item-top-level-3' role='menuitem'><a href='#certificados'  ><span class='avia-bullet'><\/span><span class='avia-menu-text'>OFFIZIELLE ZERTIFIZIERUNGEN<\/span><\/a><\/li>\n<\/ul><\/div><\/div>\n<div id='calidad'  class='av-layout-grid-container av-jqz6ck3d-2524b752947f442e8b5adf9527edbbdf entry-content-wrapper main_color av-flex-cells  avia-builder-el-8  el_after_av_submenu  el_before_av_layout_row  av-cell-min-height av-cell-min-height-75 grid-row-not-first  container_wrap sidebar_right'   data-av_minimum_height_pc='75'>\n\n<style type=\"text\/css\" data-created_by=\"avia_inline_auto\" id=\"style-css-av-jqz6bste-531d8a0c6335ff39d09839ebab47b6fa\">\n.flex_cell.av-jqz6bste-531d8a0c6335ff39d09839ebab47b6fa{\nvertical-align:middle;\n}\n.responsive #top #wrap_all .flex_cell.av-jqz6bste-531d8a0c6335ff39d09839ebab47b6fa{\npadding:5% 10% 5% 10% !important;\n}\n<\/style>\n<div class='flex_cell av-jqz6bste-531d8a0c6335ff39d09839ebab47b6fa av-gridrow-cell av_one_half no_margin  avia-builder-el-9  el_before_av_cell_one_half  avia-builder-el-first  tisvol-tagline gradient-half-grey-to-white content-align-middle avia-full-contain'  ><div class='flex_cell_inner'><div class='flex_column_table av-204e5o-62ece2bab4d4c10234440ac7a833fa6e sc-av_one_full av-equal-height-column-flextable'>\n<style type=\"text\/css\" data-created_by=\"avia_inline_auto\" id=\"style-css-av-204e5o-62ece2bab4d4c10234440ac7a833fa6e\">\n.flex_column.av-204e5o-62ece2bab4d4c10234440ac7a833fa6e{\nborder-radius:0px 0px 0px 0px;\npadding:0px 0px 0px 0px;\n}\n<\/style>\n<div  class='flex_column av-204e5o-62ece2bab4d4c10234440ac7a833fa6e av_one_full  avia-builder-el-10  avia-builder-el-no-sibling  animation-element first flex_column_table_cell av-equal-height-column av-align-middle av-zero-column-padding  '     ><section  class='av_textblock_section av-jj8rms6q-e378de6f514244f1a118e0085a2fbc7d '   itemscope=\"itemscope\" itemtype=\"https:\/\/schema.org\/CreativeWork\" ><div class='avia_textblock'  itemprop=\"text\" ><div class=\"tisvol-diagonal\">\n<div><\/div>\n<\/div>\n<h2 class=\"titular-principal\" style=\"text-align: center;\">QUALIT\u00c4TSKONTROLLE<\/h2>\n<h4 class=\"subtitular-principal\" style=\"text-align: center;\">&#8211; GARANTIERTE ENDG\u00dcLTIGE QUALIT\u00c4TSKONTROLLE AN 52 PUNKTEN &#8211;<\/h4>\n<div class=\"tisvol-diagonal\">\n<div><\/div>\n<\/div>\n<\/div><\/section><br \/>\n\n<style type=\"text\/css\" data-created_by=\"avia_inline_auto\" id=\"style-css-av-jk2a4832-c25b0ddef510354a7412e1cd9f41e8ba\">\n#top .hr.hr-invisible.av-jk2a4832-c25b0ddef510354a7412e1cd9f41e8ba{\nheight:30px;\n}\n<\/style>\n<div  class='hr av-jk2a4832-c25b0ddef510354a7412e1cd9f41e8ba hr-invisible  avia-builder-el-12  el_after_av_textblock  el_before_av_textblock '><span class='hr-inner '><span class=\"hr-inner-style\"><\/span><\/span><\/div><br \/>\n<section  class='av_textblock_section av-jk2a2ljs-4eac413447efd74cd923542fbc3ef9fe '   itemscope=\"itemscope\" itemtype=\"https:\/\/schema.org\/CreativeWork\" ><div class='avia_textblock'  itemprop=\"text\" ><p style=\"text-align: center;\"><strong>Vor der Auslieferung unterziehen unsere Ingenieure jedes Fahrzeug einer strengen Qualit\u00e4tspr\u00fcfung<\/strong>.<\/p>\n<\/div><\/section><br \/>\n<section  class='av_textblock_section av-jk2a2ljs-4eac413447efd74cd923542fbc3ef9fe '   itemscope=\"itemscope\" itemtype=\"https:\/\/schema.org\/CreativeWork\" ><div class='avia_textblock'  itemprop=\"text\" ><p style=\"text-align: center;\">Sie \u00fcberpr\u00fcfen den Fertigungsauftrag, die allgemeinen Eigenschaften, eingesetzte Materialien und Komponenten. Anschlie\u00dfend werden die Gelenkpunkte geschmiert, die korrekte Funktion der Klappe, des Verdecks, des Sto\u00dff\u00e4ngers und der Kippfunktion gepr\u00fcft. Die Druckluftanlage wird auf undichte Stellen gepr\u00fcft und abschlie\u00dfend erfolgt eine Sichtpr\u00fcfung aller Schwei\u00dfverbindungen.<\/p>\n<p style=\"text-align: center;\"><strong>Alles muss sich im perfekten Zustand befinden!<\/strong><\/p>\n<\/div><\/section><\/p><\/div><\/div><!--close column table wrapper. Autoclose: 1 -->\n<\/div><\/div>\n<style type=\"text\/css\" data-created_by=\"avia_inline_auto\" id=\"style-css-av-jqz6bste-8b9408e6ef0c806cb1444679c46003ff\">\n.flex_cell.av-jqz6bste-8b9408e6ef0c806cb1444679c46003ff{\nvertical-align:middle;\nbackground:url(https:\/\/tisvol.com\/wp-content\/uploads\/2019\/05\/control-calidad.jpg) 50% 50% no-repeat scroll ;\n}\n.responsive #top #wrap_all .flex_cell.av-jqz6bste-8b9408e6ef0c806cb1444679c46003ff{\npadding:10% 5% 10% 5% !important;\n}\n<\/style>\n<div class='flex_cell av-jqz6bste-8b9408e6ef0c806cb1444679c46003ff av-gridrow-cell av_one_half no_margin  avia-builder-el-15  el_after_av_cell_one_half  avia-builder-el-last  content-align-middle avia-full-stretch'  ><div class='flex_cell_inner'><\/div><\/div>\n<\/div>\n<div id='seguridad'  class='av-layout-grid-container av-jqz6ck3d-51176747f62a01d0253ccbe5d4f26940 entry-content-wrapper main_color av-flex-cells  avia-builder-el-16  el_after_av_layout_row  el_before_av_section  av-cell-min-height av-cell-min-height-75 grid-row-not-first  container_wrap sidebar_right'   data-av_minimum_height_pc='75'>\n\n<style type=\"text\/css\" data-created_by=\"avia_inline_auto\" id=\"style-css-av-jqz6bste-d8c02384cb5f2ddcee2022c68e88e9cb\">\n.flex_cell.av-jqz6bste-d8c02384cb5f2ddcee2022c68e88e9cb{\nvertical-align:middle;\nbackground:url(https:\/\/tisvol.com\/wp-content\/uploads\/2019\/05\/seguridad.jpg) 50% 50% no-repeat scroll ;\n}\n.responsive #top #wrap_all .flex_cell.av-jqz6bste-d8c02384cb5f2ddcee2022c68e88e9cb{\npadding:5% 10% 5% 10% !important;\n}\n<\/style>\n<div class='flex_cell av-jqz6bste-d8c02384cb5f2ddcee2022c68e88e9cb av-gridrow-cell av_one_half no_margin  avia-builder-el-17  el_before_av_cell_one_half  avia-builder-el-first  content-align-middle avia-full-stretch'  ><div class='flex_cell_inner'><\/div><\/div>\n<style type=\"text\/css\" data-created_by=\"avia_inline_auto\" id=\"style-css-av-jqz6bste-52e9b26234c835204a53d7b2145aace2\">\n.flex_cell.av-jqz6bste-52e9b26234c835204a53d7b2145aace2{\nvertical-align:middle;\n}\n.responsive #top #wrap_all .flex_cell.av-jqz6bste-52e9b26234c835204a53d7b2145aace2{\npadding:5% 10% 5% 10% !important;\n}\n<\/style>\n<div class='flex_cell av-jqz6bste-52e9b26234c835204a53d7b2145aace2 av-gridrow-cell av_one_half no_margin  avia-builder-el-18  el_after_av_cell_one_half  avia-builder-el-last  tisvol-tagline gradient-half-white-to-grey content-align-middle avia-full-contain'  ><div class='flex_cell_inner'>\n<style type=\"text\/css\" data-created_by=\"avia_inline_auto\" id=\"style-css-av-204e5o-7a6fbaf0f034d23b85a395cfae7b50e2\">\n.flex_column.av-204e5o-7a6fbaf0f034d23b85a395cfae7b50e2{\nborder-radius:0px 0px 0px 0px;\npadding:0px 0px 0px 0px;\n}\n<\/style>\n<div  class='flex_column av-204e5o-7a6fbaf0f034d23b85a395cfae7b50e2 av_one_full  avia-builder-el-19  avia-builder-el-no-sibling  animation-element first flex_column_div av-zero-column-padding  '     ><section  class='av_textblock_section av-jj8rms6q-e378de6f514244f1a118e0085a2fbc7d '   itemscope=\"itemscope\" itemtype=\"https:\/\/schema.org\/CreativeWork\" ><div class='avia_textblock'  itemprop=\"text\" ><div class=\"tisvol-diagonal\">\n<div><\/div>\n<\/div>\n<h2 class=\"titular-principal\" style=\"text-align: center;\">SICHERHEIT<\/h2>\n<h4 class=\"subtitular-principal\" style=\"text-align: center;\">&#8211; BEIM FAHREN, BEIM BELADEN UND BEIM ENTLADEN &#8211;<\/h4>\n<div class=\"tisvol-diagonal\">\n<div><\/div>\n<\/div>\n<\/div><\/section><br \/>\n\n<style type=\"text\/css\" data-created_by=\"avia_inline_auto\" id=\"style-css-av-jk2a4832-c25b0ddef510354a7412e1cd9f41e8ba\">\n#top .hr.hr-invisible.av-jk2a4832-c25b0ddef510354a7412e1cd9f41e8ba{\nheight:30px;\n}\n<\/style>\n<div  class='hr av-jk2a4832-c25b0ddef510354a7412e1cd9f41e8ba hr-invisible  avia-builder-el-21  el_after_av_textblock  el_before_av_textblock '><span class='hr-inner '><span class=\"hr-inner-style\"><\/span><\/span><\/div><br \/>\n<section  class='av_textblock_section av-jk2a2ljs-5c0ae2f2e2a6ecc82f76207dc105127b '   itemscope=\"itemscope\" itemtype=\"https:\/\/schema.org\/CreativeWork\" ><div class='avia_textblock racional'  itemprop=\"text\" ><p style=\"text-align: center;\"><strong>Weil die Sicherheit einer der St\u00fctzen von Tisvol ist.<\/strong><\/p>\n<\/div><\/section><br \/>\n<section  class='av_textblock_section av-jk2a2ljs-4eac413447efd74cd923542fbc3ef9fe '   itemscope=\"itemscope\" itemtype=\"https:\/\/schema.org\/CreativeWork\" ><div class='avia_textblock'  itemprop=\"text\" ><p style=\"text-align: center;\"><strong>Alles hat einen Grund<\/strong> und die Sicherheit ist einer von ihnen.<\/p>\n<p style=\"text-align: center;\">Die Breite von 1.400 mm garantiert eine hohe Stabilit\u00e4t. So sind unsere Fahrzeuge weniger empfindlich gegen\u00fcber Bewegungen der Ladung w\u00e4hrend der Fahrt und beim Kippen, was beide Vorg\u00e4nge komfortabler und sicherer macht.<\/p>\n<\/div><\/section><\/p><\/div>\n<\/div><\/div><\/div><div id='certificados'  class='avia-section av-2948zl-72c0b6f8b823b5885148becd83c88d7c main_color avia-section-large avia-no-border-styling  avia-builder-el-24  el_after_av_layout_row  avia-builder-el-last  avia-bg-style-scroll av-minimum-height av-minimum-height-75 av-height-75  container_wrap sidebar_right'   data-av_minimum_height_pc='75' data-av_min_height_opt='75'><div class='container av-section-cont-open' ><div class='template-page content  av-content-small alpha units'><div class='post-entry post-entry-type-page post-entry-11821'><div class='entry-content-wrapper clearfix'>\n\n<style type=\"text\/css\" data-created_by=\"avia_inline_auto\" id=\"style-css-av-3ngo0s-d4d3ecade494bb31e0cf95ff0cbfbcb8\">\n.flex_column.av-3ngo0s-d4d3ecade494bb31e0cf95ff0cbfbcb8{\nborder-radius:0px 0px 0px 0px;\npadding:0px 0px 0px 0px;\n}\n<\/style>\n<div  class='flex_column av-3ngo0s-d4d3ecade494bb31e0cf95ff0cbfbcb8 av_one_fifth  avia-builder-el-25  el_before_av_three_fifth  avia-builder-el-first  first flex_column_div av-zero-column-padding  '     ><\/div>\n<style type=\"text\/css\" data-created_by=\"avia_inline_auto\" id=\"style-css-av-204e5o-b46930294d2d19f29b813ef7e1e2400b\">\n.flex_column.av-204e5o-b46930294d2d19f29b813ef7e1e2400b{\nborder-radius:0px 0px 0px 0px;\npadding:0px 0px 0px 0px;\n}\n<\/style>\n<div  class='flex_column av-204e5o-b46930294d2d19f29b813ef7e1e2400b av_three_fifth  avia-builder-el-26  el_after_av_one_fifth  el_before_av_one_fifth  animation-element flex_column_div av-zero-column-padding  '     ><section  class='av_textblock_section av-jj8rms6q-e378de6f514244f1a118e0085a2fbc7d '   itemscope=\"itemscope\" itemtype=\"https:\/\/schema.org\/CreativeWork\" ><div class='avia_textblock'  itemprop=\"text\" ><div class=\"tisvol-diagonal\">\n<div><\/div>\n<\/div>\n<h2 class=\"titular-principal\" style=\"text-align: center;\">OFFIZIELLE ZERTIFIZIERUNGEN<\/h2>\n<h4 class=\"subtitular-principal\" style=\"text-align: center;\">&#8211; QUALIT\u00c4T MIT GARANTIEN &#8211;<\/h4>\n<div class=\"tisvol-diagonal\">\n<div><\/div>\n<\/div>\n<\/div><\/section><\/div>\n<style type=\"text\/css\" data-created_by=\"avia_inline_auto\" id=\"style-css-av-3ngo0s-c9d5b2ae7ab2a01cc4e04ecda23dd78e\">\n.flex_column.av-3ngo0s-c9d5b2ae7ab2a01cc4e04ecda23dd78e{\nborder-radius:0px 0px 0px 0px;\npadding:0px 0px 0px 0px;\n}\n<\/style>\n<div  class='flex_column av-3ngo0s-c9d5b2ae7ab2a01cc4e04ecda23dd78e av_one_fifth  avia-builder-el-28  el_after_av_three_fifth  el_before_av_one_half  flex_column_div av-zero-column-padding  '     ><\/div>\n<style type=\"text\/css\" data-created_by=\"avia_inline_auto\" id=\"style-css-av-3ngo0s-d4d3ecade494bb31e0cf95ff0cbfbcb8\">\n.flex_column.av-3ngo0s-d4d3ecade494bb31e0cf95ff0cbfbcb8{\nborder-radius:0px 0px 0px 0px;\npadding:0px 0px 0px 0px;\n}\n<\/style>\n<div  class='flex_column av-3ngo0s-d4d3ecade494bb31e0cf95ff0cbfbcb8 av_one_half  avia-builder-el-29  el_after_av_one_fifth  el_before_av_one_half  first flex_column_div av-zero-column-padding  column-top-margin'     ><section  class='av_textblock_section av-2otvro-333a45e6a85e7d585781e8340e3e16b1 '   itemscope=\"itemscope\" itemtype=\"https:\/\/schema.org\/CreativeWork\" ><div class='avia_textblock'  itemprop=\"text\" ><h3>G\u00fctesiegel<\/h3>\n<p>Alle Fahrzeuge sind gem\u00e4\u00df den europ\u00e4ischen Vorschriften konzipiert und konstruiert und erf\u00fcllen die Bestimmungen der Richtlinien der Europ\u00e4ischen Gemeinschaft. Europ\u00e4ische CE-Zulassung (das europ\u00e4ische Zulassungsverfahren ist das einzige, bei dem eine st\u00e4ndige Kontrolle der Konformit\u00e4t in der Produktion gew\u00e4hrleistet ist).<\/p>\n\n<style type=\"text\/css\" data-created_by=\"avia_inline_auto\" id=\"style-css-av-2ia3zl-8257b09c067293e2f88227d5661299d1\">\n#top .hr.hr-invisible.av-2ia3zl-8257b09c067293e2f88227d5661299d1{\nheight:20px;\n}\n<\/style>\n<div  class='hr av-2ia3zl-8257b09c067293e2f88227d5661299d1 hr-invisible  avia-builder-el-31  avia-builder-el-no-sibling '><span class='hr-inner '><span class=\"hr-inner-style\"><\/span><\/span><\/div>\n<p><img decoding=\"async\" class=\"alignnone wp-image-10924\" src=\"https:\/\/tisvol.com\/wp-content\/uploads\/2019\/05\/marcadoce.png\" alt=\"\" width=\"71\" height=\"50\" srcset=\"https:\/\/tisvol.com\/wp-content\/uploads\/2019\/05\/marcadoce.png 450w, https:\/\/tisvol.com\/wp-content\/uploads\/2019\/05\/marcadoce-300x211.png 300w, https:\/\/tisvol.com\/wp-content\/uploads\/2019\/05\/marcadoce-260x185.png 260w\" sizes=\"(max-width: 71px) 100vw, 71px\" \/><\/p>\n<\/div><\/section><\/div>\n<style type=\"text\/css\" data-created_by=\"avia_inline_auto\" id=\"style-css-av-3ngo0s-c9d5b2ae7ab2a01cc4e04ecda23dd78e\">\n.flex_column.av-3ngo0s-c9d5b2ae7ab2a01cc4e04ecda23dd78e{\nborder-radius:0px 0px 0px 0px;\npadding:0px 0px 0px 0px;\n}\n<\/style>\n<div  class='flex_column av-3ngo0s-c9d5b2ae7ab2a01cc4e04ecda23dd78e av_one_half  avia-builder-el-32  el_after_av_one_half  avia-builder-el-last  flex_column_div av-zero-column-padding  column-top-margin'     ><section  class='av_textblock_section av-2otvro-333a45e6a85e7d585781e8340e3e16b1 '   itemscope=\"itemscope\" itemtype=\"https:\/\/schema.org\/CreativeWork\" ><div class='avia_textblock'  itemprop=\"text\" ><h3>UCA-Zertifizierung (Unidad de Certificaci\u00f3n del Autom\u00f3vil, Fahrzeugzertifizerungsstelle)<\/h3>\n<p>Die Stiftung zur F\u00f6rderung der industriellen Innovation ist der vom Ministerium f\u00fcr Industrie, Energie und Tourismus designierte Technische Dienst zur Durchf\u00fchrung von Erstbewertungen, Produktionskonformit\u00e4t und st\u00e4ndige \u00dcberpr\u00fcfung der Zulassung von industriellen Fahrzeugen.<\/p>\n\n<style type=\"text\/css\" data-created_by=\"avia_inline_auto\" id=\"style-css-av-2ia3zl-8257b09c067293e2f88227d5661299d1\">\n#top .hr.hr-invisible.av-2ia3zl-8257b09c067293e2f88227d5661299d1{\nheight:20px;\n}\n<\/style>\n<div  class='hr av-2ia3zl-8257b09c067293e2f88227d5661299d1 hr-invisible  avia-builder-el-34  avia-builder-el-no-sibling '><span class='hr-inner '><span class=\"hr-inner-style\"><\/span><\/span><\/div>\n<p><a href=\"http:\/\/www.ucanet.es\/\"><img decoding=\"async\" class=\"alignnone wp-image-10921\" src=\"https:\/\/tisvol.com\/wp-content\/uploads\/2019\/05\/uca.jpg\" alt=\"\" width=\"102\" height=\"60\" \/><\/a><\/p>\n<\/div><\/section><\/div><\/div><\/div><\/div><!-- close content main div --><\/div><\/div><div id='after_section_3'  class='main_color av_default_container_wrap container_wrap sidebar_right'  ><div class='container av-section-cont-open' ><div class='template-page content  av-content-small alpha units'><div class='post-entry post-entry-type-page post-entry-11821'><div class='entry-content-wrapper clearfix'><\/p>\n","protected":false},"excerpt":{"rendered":"","protected":false},"author":1,"featured_media":0,"parent":11811,"menu_order":0,"comment_status":"closed","ping_status":"closed","template":"","meta":{"_acf_changed":false,"footnotes":""},"class_list":["post-11821","page","type-page","status-publish","hentry"],"acf":[],"_links":{"self":[{"href":"https:\/\/tisvol.com\/de\/wp-json\/wp\/v2\/pages\/11821","targetHints":{"allow":["GET"]}}],"collection":[{"href":"https:\/\/tisvol.com\/de\/wp-json\/wp\/v2\/pages"}],"about":[{"href":"https:\/\/tisvol.com\/de\/wp-json\/wp\/v2\/types\/page"}],"author":[{"embeddable":true,"href":"https:\/\/tisvol.com\/de\/wp-json\/wp\/v2\/users\/1"}],"replies":[{"embeddable":true,"href":"https:\/\/tisvol.com\/de\/wp-json\/wp\/v2\/comments?post=11821"}],"version-history":[{"count":0,"href":"https:\/\/tisvol.com\/de\/wp-json\/wp\/v2\/pages\/11821\/revisions"}],"up":[{"embeddable":true,"href":"https:\/\/tisvol.com\/de\/wp-json\/wp\/v2\/pages\/11811"}],"wp:attachment":[{"href":"https:\/\/tisvol.com\/de\/wp-json\/wp\/v2\/media?parent=11821"}],"curies":[{"name":"wp","href":"https:\/\/api.w.org\/{rel}","templated":true}]}}