{"id":11816,"date":"2018-07-24T11:27:50","date_gmt":"2018-07-24T11:27:50","guid":{"rendered":"https:\/\/tisvol.com\/wie-geht-das\/aluminio\/"},"modified":"2019-09-19T11:46:16","modified_gmt":"2019-09-19T11:46:16","slug":"aluminium","status":"publish","type":"page","link":"https:\/\/tisvol.com\/de\/wie-geht-das\/aluminium\/","title":{"rendered":"Aluminium"},"content":{"rendered":"\n<style type=\"text\/css\" data-created_by=\"avia_inline_auto\" id=\"style-css-av-33yw-fe4ace012c6b9c696b8bb8b31f28441a\">\n.avia-section.av-33yw-fe4ace012c6b9c696b8bb8b31f28441a{\nbackground-color:#ffffff;\nbackground-image:unset;\n}\n<\/style>\n<div id='tisvol-tagline'  class='avia-section av-33yw-fe4ace012c6b9c696b8bb8b31f28441a main_color avia-section-default avia-no-border-styling  avia-builder-el-0  el_before_av_section  avia-builder-el-first  avia-bg-style-scroll container_wrap sidebar_right'  ><div class='container av-section-cont-open' ><main  role=\"main\" itemprop=\"mainContentOfPage\"  class='template-page content  av-content-small alpha units'><div class='post-entry post-entry-type-page post-entry-11816'><div class='entry-content-wrapper clearfix'>\n<section  class='av_textblock_section av-jj8pzx7e-f58ee2657ad4a3ea48b2f1ff7d628b0b '   itemscope=\"itemscope\" itemtype=\"https:\/\/schema.org\/CreativeWork\" ><div class='avia_textblock'  itemprop=\"text\" ><h3 style=\"text-align: center;\">Powered by Superior Quality<\/h3>\n<\/div><\/section>\n\n<\/div><\/div><\/main><!-- close content main element --><\/div><\/div>\n<style type=\"text\/css\" data-created_by=\"avia_inline_auto\" id=\"style-css-av-jsei95pk-16453e14d02669cd74440f030554466c\">\n.avia-section.av-jsei95pk-16453e14d02669cd74440f030554466c{\nbackground-color:rgba(0,0,0,0.76);\nbackground-image:url(https:\/\/tisvol.com\/wp-content\/uploads\/2019\/05\/FONDO-ALU-1.jpg);\nbackground-repeat:no-repeat;\nbackground-position:50% 50%;\nbackground-attachment:scroll;\n}\n.avia-section.av-jsei95pk-16453e14d02669cd74440f030554466c .av-section-color-overlay{\nopacity:0.5;\nbackground-color:#777777;\n}\n<\/style>\n<div id='av_section_2'  class='avia-section av-jsei95pk-16453e14d02669cd74440f030554466c main_color avia-section-large avia-no-border-styling  avia-builder-el-2  el_after_av_section  el_before_av_section  avia-full-stretch avia-bg-style-scroll av-section-color-overlay-active av-minimum-height av-minimum-height-75 av-height-75  container_wrap sidebar_right'  data-section-bg-repeat='stretch' data-av_minimum_height_pc='75' data-av_min_height_opt='75'><div class=\"av-section-color-overlay-wrap\"><div class=\"av-section-color-overlay\"><\/div><div class='container av-section-cont-open' ><div class='template-page content  av-content-small alpha units'><div class='post-entry post-entry-type-page post-entry-11816'><div class='entry-content-wrapper clearfix'>\n\n<style type=\"text\/css\" data-created_by=\"avia_inline_auto\" id=\"style-css-av-4p5m5k-3dbd6fe4d6ef4273dc2cfefe28d50e32\">\n.flex_column.av-4p5m5k-3dbd6fe4d6ef4273dc2cfefe28d50e32{\nborder-radius:0px 0px 0px 0px;\npadding:0px 0px 0px 0px;\n}\n<\/style>\n<div  class='flex_column av-4p5m5k-3dbd6fe4d6ef4273dc2cfefe28d50e32 av_three_fourth  avia-builder-el-3  el_before_av_one_fourth  avia-builder-el-first  animation-element first flex_column_div av-zero-column-padding  '     ><style type=\"text\/css\" data-created_by=\"avia_inline_auto\" id=\"style-css-av-jj8rms6q-0ace5a6ff95aee75cbff9e9923c598c9\">\n#top .av_textblock_section.av-jj8rms6q-0ace5a6ff95aee75cbff9e9923c598c9 .avia_textblock{\nfont-size:20px;\ncolor:#ffffff;\n}\n<\/style>\n<section  class='av_textblock_section av-jj8rms6q-0ace5a6ff95aee75cbff9e9923c598c9 '   itemscope=\"itemscope\" itemtype=\"https:\/\/schema.org\/CreativeWork\" ><div class='avia_textblock av_inherit_color'  itemprop=\"text\" ><h2 class=\"titular-principal\">ALUMINIUM<\/h2>\n<h4><span class=\"gradient-text-white\">Teil unseres Wesens<\/span><\/h4>\n<\/div><\/section><br \/>\n\n<style type=\"text\/css\" data-created_by=\"avia_inline_auto\" id=\"style-css-av-jseinx9j-f1d16525a1dd5ee02b777298b51b00ab\">\n#top .hr.hr-invisible.av-jseinx9j-f1d16525a1dd5ee02b777298b51b00ab{\nheight:30px;\n}\n<\/style>\n<div  class='hr av-jseinx9j-f1d16525a1dd5ee02b777298b51b00ab hr-invisible  avia-builder-el-5  el_after_av_textblock  el_before_av_textblock '><span class='hr-inner '><span class=\"hr-inner-style\"><\/span><\/span><\/div><br \/>\n\n<style type=\"text\/css\" data-created_by=\"avia_inline_auto\" id=\"style-css-av-jjzijvlr-c7fa8bfb5aca74b19a8db2535c7d7034\">\n#top .av_textblock_section.av-jjzijvlr-c7fa8bfb5aca74b19a8db2535c7d7034 .avia_textblock{\ncolor:#e8e8e8;\n}\n<\/style>\n<section  class='av_textblock_section av-jjzijvlr-c7fa8bfb5aca74b19a8db2535c7d7034 '   itemscope=\"itemscope\" itemtype=\"https:\/\/schema.org\/CreativeWork\" ><div class='avia_textblock especificaciones appear-from-bottom av_inherit_color'  itemprop=\"text\" ><h3 class=\"gradient-text\">22 % h\u00e4rteres Aluminium<\/h3>\n<p>Das bei der Herstellung der Kipper von Tisvol hergestellte Material ist stets das hochwertigste, das auf dem Markt verf\u00fcgbar ist.<\/p>\n<h3 class=\"gradient-text\">H\u00e4rtepr\u00fcfungen aller Aluminiumlieferungen<\/h3>\n<p>Wir m\u00fcssen sichergehen, dass die optimalen H\u00e4rteeigenschaften gegeben sind.<\/p>\n<h3 class=\"gradient-text\">R\u00fcckverfolgbarkeit und Dokumentationsprozess<\/h3>\n<p>Hersteller von Fahrzeugen sein ist viel mehr als sie zu produzieren, und dar\u00fcber sind wir uns bei Tisvol absolut im Klaren. Daher ist die R\u00fcckverfolgung der Materialien ma\u00dfgeblich f\u00fcr uns: die Kenntnis, mit welchen Materialien, Personen und Robotern jedes einzelne Fahrzeug gebaut wurde, gibt uns die Sicherheit, Korrekturma\u00dfnahmen schnellstm\u00f6glich definieren zu k\u00f6nnen. Vom Zeitpunkt eines neuen Auftrags bis zur Auslieferung des Fahrzeugs werden bei Tisvol alle Schritte dokumentiert, so unterst\u00fctzen wir alle beteiligten Prozesse.<\/p>\n<h3 class=\"gradient-text\">Ohne Schwei\u00dfungen<\/h3>\n<p>Bodenbleche aus einem St\u00fcck bei Abmessungen bis 11.500 mm L\u00e4nge.<\/p>\n<h3 class=\"gradient-text\">Beste Rohmaterialien bei unseren Kippern.<\/h3>\n<p>Wir garantieren das beste Aluminium sowohl beim Blech als auch bei den R\u00e4dern. Costellium, Hydro, Alcoa \u2026 Alle von Tisvol eingesetzten Materialien sind zertifiziert und verf\u00fcgen grunds\u00e4tzlich \u00fcber h\u00f6here Werte als in der Norm vorgeschrieben. Die Auswahl der strategischen Zulieferer ist unverzichtbar, da der Erfolg zum Teil auch von Ihnen abh\u00e4ngt. Daher w\u00e4hlen wir Sie in Abh\u00e4ngigkeit unserer eigenen Werte aus: Zuverl\u00e4ssigkeit, Qualit\u00e4t, Haltbarkeit, Erfahrung, internationale Pr\u00e4senz und Ansehen.<\/p>\n<\/div><\/section><\/p><\/div>\n<style type=\"text\/css\" data-created_by=\"avia_inline_auto\" id=\"style-css-av-22s720-79292b08e6c340448b51653641dd66d5\">\n.flex_column.av-22s720-79292b08e6c340448b51653641dd66d5{\nborder-radius:0px 0px 0px 0px;\npadding:0px 0px 0px 0px;\n}\n<\/style>\n<div  class='flex_column av-22s720-79292b08e6c340448b51653641dd66d5 av_one_fourth  avia-builder-el-7  el_after_av_three_fourth  avia-builder-el-last  flex_column_div av-zero-column-padding  '     ><\/div>\n\n<\/div><\/div><\/div><!-- close content main div --><\/div><\/div><\/div>\n<style type=\"text\/css\" data-created_by=\"avia_inline_auto\" id=\"style-css-av-9o9nuz-592bd37fc9ed85f16e28c2603f514aea\">\n.avia-section.av-9o9nuz-592bd37fc9ed85f16e28c2603f514aea{\nbackground-repeat:no-repeat;\nbackground-image:url(https:\/\/tisvol.com\/wp-content\/uploads\/2018\/07\/tisvol-como-se-hace-bg.jpg);\nbackground-position:50% 50%;\nbackground-attachment:scroll;\n}\n.avia-section.av-9o9nuz-592bd37fc9ed85f16e28c2603f514aea .av-section-color-overlay{\nopacity:0.9;\nbackground-color:#ffffff;\n}\n<\/style>\n<div id='av_section_3'  class='avia-section av-9o9nuz-592bd37fc9ed85f16e28c2603f514aea main_color avia-section-default avia-no-border-styling  avia-builder-el-8  el_after_av_section  el_before_av_layout_row  gradient-overlay border-top-fillet avia-full-stretch avia-bg-style-scroll av-section-color-overlay-active container_wrap sidebar_right'  data-section-bg-repeat='stretch'><div class=\"av-section-color-overlay-wrap\"><div class=\"av-section-color-overlay\"><\/div><div class='container av-section-cont-open' ><div class='template-page content  av-content-small alpha units'><div class='post-entry post-entry-type-page post-entry-11816'><div class='entry-content-wrapper clearfix'>\n\n<style type=\"text\/css\" data-created_by=\"avia_inline_auto\" id=\"style-css-av-1uwf2z-2cc67e0256f80101e4014eae9c62c7c5\">\n.flex_column.av-1uwf2z-2cc67e0256f80101e4014eae9c62c7c5{\nborder-radius:0px 0px 0px 0px;\npadding:0px 0px 0px 0px;\n}\n<\/style>\n<div  class='flex_column av-1uwf2z-2cc67e0256f80101e4014eae9c62c7c5 av_one_fifth  avia-builder-el-9  el_before_av_three_fifth  avia-builder-el-first  first flex_column_div av-zero-column-padding  '     ><\/div>\n<style type=\"text\/css\" data-created_by=\"avia_inline_auto\" id=\"style-css-av-6tq6cb-898d1a5c296f34510c04e41945908418\">\n.flex_column.av-6tq6cb-898d1a5c296f34510c04e41945908418{\nborder-radius:0px 0px 0px 0px;\npadding:0px 0px 0px 0px;\n}\n<\/style>\n<div  class='flex_column av-6tq6cb-898d1a5c296f34510c04e41945908418 av_three_fifth  avia-builder-el-10  el_after_av_one_fifth  avia-builder-el-last  flex_column_div av-zero-column-padding  '     ><section  class='av_textblock_section av-jk0tw2iq-c9a83e4542c117f1c04fa5974a1634f8 '   itemscope=\"itemscope\" itemtype=\"https:\/\/schema.org\/CreativeWork\" ><div class='avia_textblock'  itemprop=\"text\" ><div class=\"tisvol-diagonal\">\n<div><\/div>\n<\/div>\n<h3 class=\"titular-estandar\" style=\"text-align: center;\">WIE ENTSTEHT EIN TISVOL<\/h3>\n<div class=\"tisvol-diagonal\">\n<div><\/div>\n<\/div>\n<\/div><\/section><br \/>\n<section  class='av_textblock_section av-jk0tw2iq-c9a83e4542c117f1c04fa5974a1634f8 '   itemscope=\"itemscope\" itemtype=\"https:\/\/schema.org\/CreativeWork\" ><div class='avia_textblock'  itemprop=\"text\" ><p style=\"text-align: center;\">Im Herstellungsprozess eines Tisvol sind \u00fcber 40 Roboter \u00fcber 4 km Schwei\u00dfn\u00e4hte pro Fahrzeug und \u00fcber 1.000 Schrauben im Produktionsprozess integriert.<\/p>\n<p style=\"text-align: center;\">Der Automatisierungsgrad des Schwei\u00dfverfahrens betr\u00e4gt \u00fcber 85 % in allen Verbindungen, um ein maximales Qualit\u00e4tsniveau und eine Garantie zu erzielen, die mithilfe eines manuelle Verfahrens auf Dauer nicht m\u00f6glich sind. Die Schwei\u00dfstationen sind mit 3- und 5-Achsen-Roboter mit modernster CNC-Technologie automatisiert.<\/p>\n<p style=\"text-align: center;\">Diese automatisierte Montage entspringt der Vision der Gr\u00fcnder, der Vision der Leitung und Ausf\u00fchrung des gesamten Personals von Tisvol. Denn jedes Fahrzeug enth\u00e4lt diesen handwerklichen Touch, das Savoir Faire unseres Personals mit langj\u00e4hriger Erfahrung. Lassen Sie sich \u00fcberraschen, wie ein Tisvol hergestellt wird:<\/p>\n<p style=\"text-align: center;\">[<a style=\"color: #fff; text-decoration: underline;\" href=\"https:\/\/tisvol.com\/de\/wie-geht-das\/\">+Info \u00fcber das Produktionssystem von Tisvol<\/a>]<\/p>\n<\/div><\/section><\/p><\/div>\n\n<\/div><\/div><\/div><!-- close content main div --><\/div><\/div><\/div><div id='footer-tisvol'  class='av-layout-grid-container av-toe-3c3ce1844a362f02ca2b0826139e6924 entry-content-wrapper main_color av-flex-cells  avia-builder-el-13  el_after_av_section  avia-builder-el-last  grid-row-not-first  container_wrap sidebar_right'  >\n\n<style type=\"text\/css\" data-created_by=\"avia_inline_auto\" id=\"style-css-av-5y4o-4e8b0635f7b79c945563f54ae9731e44\">\n.flex_cell.av-5y4o-4e8b0635f7b79c945563f54ae9731e44{\nvertical-align:top;\nbackground-color:#eaeaea;\n}\n.responsive #top #wrap_all .flex_cell.av-5y4o-4e8b0635f7b79c945563f54ae9731e44{\npadding:60px 60px 60px 60px !important;\n}\n<\/style>\n<div class='flex_cell av-5y4o-4e8b0635f7b79c945563f54ae9731e44 av-gridrow-cell av_one_half no_margin  avia-builder-el-14  el_before_av_cell_one_half  avia-builder-el-first  content-align-top'  ><div class='flex_cell_inner'><p>\n<style type=\"text\/css\" data-created_by=\"avia_inline_auto\" id=\"style-css-av-3zju-025110f1caabe8e5714204edc172fb50\">\n.flex_column.av-3zju-025110f1caabe8e5714204edc172fb50{\nborder-radius:0px 0px 0px 0px;\npadding:0px 0px 0px 0px;\n}\n<\/style>\n<div  class='flex_column av-3zju-025110f1caabe8e5714204edc172fb50 av_one_fifth  avia-builder-el-15  el_before_av_three_fourth  avia-builder-el-first  light-text-block first flex_column_div av-zero-column-padding  '     ><\/div>\n<style type=\"text\/css\" data-created_by=\"avia_inline_auto\" id=\"style-css-av-3zju-47719717c351c86f25d43ebc9661ae81\">\n.flex_column.av-3zju-47719717c351c86f25d43ebc9661ae81{\nborder-radius:0px 0px 0px 0px;\npadding:0px 0px 0px 0px;\n}\n<\/style>\n<div  class='flex_column av-3zju-47719717c351c86f25d43ebc9661ae81 av_three_fourth  avia-builder-el-16  el_after_av_one_fifth  avia-builder-el-last  flex_column_div av-zero-column-padding  '     ><section  class='av_textblock_section av-jji9rpio-fe64490182def06bfce411204c780e50 '   itemscope=\"itemscope\" itemtype=\"https:\/\/schema.org\/CreativeWork\" ><div class='avia_textblock'  itemprop=\"text\" ><h3 class=\"titular-estandar\"><strong>M\u00d6CHTEN SIE MEHR ERFAHREN?<\/strong><\/h3>\n<h3 class=\"titular-estandar\"><strong>ABONNIEREN SIE UNSEREN NEWSLETTER<\/strong>, UM SONDERANGEBOTE, NACHRICHTEN UND BENACHRICHTIGUNGEN \u00dcBER VERANSTALTUNGEN ZU ERHALTEN<\/h3>\n<\/div><\/section><br \/>\n<section  class='av_textblock_section av-jji9rpio-fe64490182def06bfce411204c780e50 '   itemscope=\"itemscope\" itemtype=\"https:\/\/schema.org\/CreativeWork\" ><div class='avia_textblock'  itemprop=\"text\" >\n<div class=\"wpcf7 no-js\" id=\"wpcf7-f12144-o1\" lang=\"\" dir=\"ltr\" data-wpcf7-id=\"12144\">\n<div class=\"screen-reader-response\"><p role=\"status\" aria-live=\"polite\" aria-atomic=\"true\"><\/p> <ul><\/ul><\/div>\n<form action=\"\/de\/wp-json\/wp\/v2\/pages\/11816#wpcf7-f12144-o1\" method=\"post\" class=\"wpcf7-form init news-contact-form wpcf7-acceptance-as-validation\" aria-label=\"Kontaktformular\" novalidate=\"novalidate\" data-status=\"init\">\n<fieldset class=\"hidden-fields-container\"><input type=\"hidden\" name=\"_wpcf7\" value=\"12144\" \/><input type=\"hidden\" name=\"_wpcf7_version\" value=\"6.1.5\" \/><input type=\"hidden\" name=\"_wpcf7_locale\" value=\"\" \/><input type=\"hidden\" name=\"_wpcf7_unit_tag\" value=\"wpcf7-f12144-o1\" \/><input type=\"hidden\" name=\"_wpcf7_container_post\" value=\"0\" \/><input type=\"hidden\" name=\"_wpcf7_posted_data_hash\" value=\"\" \/><input type=\"hidden\" name=\"_wpcf7cf_hidden_group_fields\" value=\"[]\" \/><input type=\"hidden\" name=\"_wpcf7cf_hidden_groups\" value=\"[]\" \/><input type=\"hidden\" name=\"_wpcf7cf_visible_groups\" value=\"[]\" \/><input type=\"hidden\" name=\"_wpcf7cf_repeaters\" value=\"[]\" \/><input type=\"hidden\" name=\"_wpcf7cf_steps\" value=\"{}\" \/><input type=\"hidden\" name=\"_wpcf7cf_options\" value=\"{&quot;form_id&quot;:12144,&quot;conditions&quot;:[],&quot;settings&quot;:{&quot;animation&quot;:&quot;yes&quot;,&quot;animation_intime&quot;:200,&quot;animation_outtime&quot;:200,&quot;conditions_ui&quot;:&quot;normal&quot;,&quot;notice_dismissed&quot;:false,&quot;notice_dismissed_rollback-cf7-5.9.5&quot;:true,&quot;notice_dismissed_rollback-cf7-5.9.7&quot;:true,&quot;notice_dismissed_rollback-cf7-6.0.2&quot;:true}}\" \/><input type=\"hidden\" name=\"_wpcf7dtx_version\" value=\"5.0.5\" \/><input type=\"hidden\" name=\"_wpcf7_recaptcha_response\" value=\"\" \/>\n<\/fieldset>\n<p><span class=\"wpcf7-form-control-wrap\" data-name=\"email-311\"><input size=\"40\" maxlength=\"400\" class=\"wpcf7-form-control wpcf7-email wpcf7-validates-as-required wpcf7-text wpcf7-validates-as-email tisvol-form-email\" id=\"tisvol-form-email\" aria-required=\"true\" aria-invalid=\"false\" placeholder=\"Geben Sie Ihre E-Mail ein.\" value=\"\" type=\"email\" name=\"email-311\" \/><\/span>\n<\/p>\n<p class=\"legal-checks\"><span class=\"wpcf7-form-control-wrap\" data-name=\"acceptance-156\"><span class=\"wpcf7-form-control wpcf7-acceptance\"><span class=\"wpcf7-list-item\"><label><input type=\"checkbox\" name=\"acceptance-156\" value=\"1\" aria-invalid=\"false\" \/><span class=\"wpcf7-list-item-label\">Ich habe die <a href=\"https:\/\/tisvol.com\/de\/rechtsbestimmungen\/\" target=\"_blank\">Datenschutzerkl\u00e4rung sowie die Bedingungen<\/a> zur Verarbeitung meiner personenbezogenen Daten gelesen und akzeptiere sie.<\/span><\/label><\/span><\/span><\/span>\n<\/p>\n<p class=\"legal-checks\"><span class=\"wpcf7-form-control-wrap\" data-name=\"checkbox-370\"><span class=\"wpcf7-form-control wpcf7-checkbox\"><span class=\"wpcf7-list-item first last\"><input type=\"checkbox\" name=\"checkbox-370[]\" value=\"Ich akzeptiere, dass mir kommerzielle Mitteilungen gesendet werden.\" \/><span class=\"wpcf7-list-item-label\">Ich akzeptiere, dass mir kommerzielle Mitteilungen gesendet werden.<\/span><\/span><\/span><\/span>\n<\/p>\n<p><input class=\"wpcf7-form-control wpcf7-submit has-spinner tisvol-form-enviar\" id=\"tisvol-form-enviar\" type=\"submit\" value=\"Senden Sie\" \/><br \/>\n<span class=\"wpcf7-form-control-wrap dynamichidden-140\" data-name=\"dynamichidden-140\"><input type=\"hidden\" name=\"dynamichidden-140\" class=\"wpcf7-form-control wpcf7-hidden wpcf7dtx wpcf7dtx-hidden\" aria-invalid=\"false\" value=\"https:\/\/tisvol.com\/de\/wp-json\/wp\/v2\/pages\/11816\"><\/span>\n<\/p>\n<p style=\"margin-top:24px;display: block;clear: both;float: none;\">\n<span class=\"wpcf7-form-control-wrap recaptcha\" data-name=\"recaptcha\"><span data-sitekey=\"6LfQd3EqAAAAAEpm4ONDVuqWN1ekdOu3MG6WPWwS\" class=\"wpcf7-form-control wpcf7-recaptcha g-recaptcha\"><\/span>\r\n<noscript>\r\n\t<div class=\"grecaptcha-noscript\">\r\n\t\t<iframe loading=\"lazy\" src=\"https:\/\/www.google.com\/recaptcha\/api\/fallback?k=6LfQd3EqAAAAAEpm4ONDVuqWN1ekdOu3MG6WPWwS\" frameborder=\"0\" scrolling=\"no\" width=\"310\" height=\"430\">\r\n\t\t<\/iframe>\r\n\t\t<textarea name=\"g-recaptcha-response\" rows=\"3\" cols=\"40\" placeholder=\"reCaptcha Response Here\">\r\n\t\t<\/textarea>\r\n\t<\/div>\r\n<\/noscript>\r\n<\/span>\n<\/p><div class=\"wpcf7-response-output\" aria-hidden=\"true\"><\/div>\n<\/form>\n<\/div>\n\n<\/div><\/section><\/p><\/div><\/p>\n<\/div><\/div>\n<style type=\"text\/css\" data-created_by=\"avia_inline_auto\" id=\"style-css-av-456w-5b275820a298d2d2ff80a6dcc40d0e1d\">\n.flex_cell.av-456w-5b275820a298d2d2ff80a6dcc40d0e1d{\nvertical-align:top;\nbackground-color:#eaeaea;\n}\n.responsive #top #wrap_all .flex_cell.av-456w-5b275820a298d2d2ff80a6dcc40d0e1d{\npadding:60px 60px 60px 60px !important;\n}\n<\/style>\n<div class='flex_cell av-456w-5b275820a298d2d2ff80a6dcc40d0e1d av-gridrow-cell av_one_half no_margin  avia-builder-el-19  el_after_av_cell_one_half  avia-builder-el-last  content-align-top'  ><div class='flex_cell_inner'><p>\n<style type=\"text\/css\" data-created_by=\"avia_inline_auto\" id=\"style-css-av-3zju-f5819245718ac9cde2af1aa2e7651ab6\">\n.flex_column.av-3zju-f5819245718ac9cde2af1aa2e7651ab6{\nborder-radius:0px 0px 0px 0px;\npadding:0px 0px 0px 0px;\n}\n<\/style>\n<div  class='flex_column av-3zju-f5819245718ac9cde2af1aa2e7651ab6 av_three_fourth  avia-builder-el-20  el_before_av_one_fourth  avia-builder-el-first  first flex_column_div av-zero-column-padding  '     ><section  class='av_textblock_section av-jji9rpio-fe64490182def06bfce411204c780e50 '   itemscope=\"itemscope\" itemtype=\"https:\/\/schema.org\/CreativeWork\" ><div class='avia_textblock'  itemprop=\"text\" ><div class=\"new-shortcodes-row\"><\/p>\n<p><div class=\"new-shortcodes-column new-shortcodes-one-third new-first\"><\/p>\n<ul>\n<li><a href=\"\/de\/empresa\/\">\u00dcber uns<\/a><\/li>\n<li><a href=\"\/corp\/de\/red-comercial\/\">H\u00e4ndlernetz<\/a><\/li>\n<li><a href=\"\/de\/piso-movil\/\">Beweglicher Boden<\/a><\/li>\n<li><a href=\"\/de\/contacto\/\">Kontakt<\/a><\/li>\n<\/ul>\n<p><\/div><br \/>\n<div class=\"new-shortcodes-column new-shortcodes-one-third\"><\/p>\n<ul>\n<li><a href=\"\/de\/kipper\/\">Kipper<\/a><\/li>\n<li><a href=\"\/de\/fahrgestell\/\">Fahrgestell<\/a><\/li>\n<li><a href=\"https:\/\/vo.tisvol.com\">Gebrauchtfahrzeuge VO<\/a><\/li>\n<li><a href=\"\/de\/donde-estamos\/\">Wo finden Sie uns?<\/a><\/li>\n<\/ul>\n<p><\/div><br \/>\n<div class=\"new-shortcodes-column new-shortcodes-one-third new-last\"><\/p>\n<ul>\n<li><a href=\"\/de\/como-se-hace\/\">Wie geht das?<\/a><\/li>\n<li><a href=\"\/de\/como-se-hace\/compromiso\/\">Engagement<\/a><\/li>\n<li><a href=\"\/de\/como-se-hace\/exclusividad\/\">Exklusivit\u00e4t<\/a><\/li>\n<li><a href=\"\/de\/como-se-hace\/calidad-superior\/\">Ausgezeichnete Qualit\u00e4t<\/a><\/li>\n<\/ul>\n<p><\/div><\/p>\n<p><\/div>\n\n<style type=\"text\/css\" data-created_by=\"avia_inline_auto\" id=\"style-css-av-3riy-7f630cb37a13882ce2e9a4d1a5bb81de\">\n#top .hr.av-3riy-7f630cb37a13882ce2e9a4d1a5bb81de{\nmargin-top:0px;\nmargin-bottom:16px;\n}\n.hr.av-3riy-7f630cb37a13882ce2e9a4d1a5bb81de .hr-inner{\nwidth:100%;\nborder-color:#cccccc;\n}\n<\/style>\n<div  class='hr av-3riy-7f630cb37a13882ce2e9a4d1a5bb81de hr-custom  avia-builder-el-22  avia-builder-el-no-sibling  hr-center hr-icon-no'><span class='hr-inner inner-border-av-border-thin'><span class=\"hr-inner-style\"><\/span><\/span><\/div>\n<p>Av. Progres, 17 Pol. Ind. Campo An\u00edbal<br \/>\n46530, Puzol &#8211; Valencia (Spain)<br \/>\nTel.: +34 961 465 211<br \/>\nMail: <a href=\"mailto:info@tisvol.com\">info@tisvol.com<\/a><\/p>\n<\/div><\/section><\/div>\n<style type=\"text\/css\" data-created_by=\"avia_inline_auto\" id=\"style-css-av-3zju-476eb52bc8e7cda163953059839deac7\">\n.flex_column.av-3zju-476eb52bc8e7cda163953059839deac7{\nborder-radius:0px 0px 0px 0px;\npadding:0px 0px 0px 0px;\n}\n<\/style>\n<div  class='flex_column av-3zju-476eb52bc8e7cda163953059839deac7 av_one_fourth  avia-builder-el-23  el_after_av_three_fourth  avia-builder-el-last  light-text-block flex_column_div av-zero-column-padding  '     ><\/div><\/p>\n<\/div><\/div>\n<\/div>\n","protected":false},"excerpt":{"rendered":"","protected":false},"author":1,"featured_media":0,"parent":11811,"menu_order":0,"comment_status":"closed","ping_status":"closed","template":"","meta":{"_acf_changed":false,"footnotes":""},"class_list":["post-11816","page","type-page","status-publish","hentry"],"acf":[],"_links":{"self":[{"href":"https:\/\/tisvol.com\/de\/wp-json\/wp\/v2\/pages\/11816","targetHints":{"allow":["GET"]}}],"collection":[{"href":"https:\/\/tisvol.com\/de\/wp-json\/wp\/v2\/pages"}],"about":[{"href":"https:\/\/tisvol.com\/de\/wp-json\/wp\/v2\/types\/page"}],"author":[{"embeddable":true,"href":"https:\/\/tisvol.com\/de\/wp-json\/wp\/v2\/users\/1"}],"replies":[{"embeddable":true,"href":"https:\/\/tisvol.com\/de\/wp-json\/wp\/v2\/comments?post=11816"}],"version-history":[{"count":0,"href":"https:\/\/tisvol.com\/de\/wp-json\/wp\/v2\/pages\/11816\/revisions"}],"up":[{"embeddable":true,"href":"https:\/\/tisvol.com\/de\/wp-json\/wp\/v2\/pages\/11811"}],"wp:attachment":[{"href":"https:\/\/tisvol.com\/de\/wp-json\/wp\/v2\/media?parent=11816"}],"curies":[{"name":"wp","href":"https:\/\/api.w.org\/{rel}","templated":true}]}}